{"id":80003,"date":"2016-04-29T13:04:55","date_gmt":"2016-04-29T11:04:55","guid":{"rendered":"https:\/\/www.bagnoitalia.com\/product\/quadratischer-aufblasbarer-whirlpool-180x180-grau-bestway-lay-z-6-funktionen-8-hydromassage-dusen"},"modified":"2024-05-16T16:55:46","modified_gmt":"2024-05-16T14:55:46","slug":"quadratischer-aufblasbarer-whirlpool-180x180-grau-bestway-lay-z-6-funktionen-8-hydromassage-dusen","status":"publish","type":"product","link":"https:\/\/www.bagnoitalia.com\/de\/produkt\/quadratischer-aufblasbarer-whirlpool-180x180-grau-bestway-lay-z-6-funktionen-8-hydromassage-dusen.html","title":{"rendered":"Quadratischer aufblasbarer Whirlpool 180&#215;180 Grau Bestway Lay-Z 6 Funktionen 8 Hydromassage-D\u00fcsen"},"content":{"rendered":"<p style=\"margin-bottom: 0cm;\"> <span style=\"text-decoration: underline; font-size: 12pt;\"><strong>HYDROMASSAGE MINIPOOL 180&#215;180 F\u00dcR 4\/6 PERSONEN<\/strong><\/span> <\/p>\n<ul>\n<li style=\"margin-bottom: 0cm;\"> <span style=\"font-size: 10pt;\">Die aufblasbaren Poolw\u00e4nde bestehen haupts\u00e4chlich aus TriTech, einem Material, das maximale Haltbarkeit und au\u00dfergew\u00f6hnlichen Komfort garantiert<\/span> <\/li>\n<li style=\"margin-bottom: 0cm;\"> <span style=\"font-size: 10pt;\">Das ClearSoft Lay-Z-SPA-System garantiert Umweltsicherheit und ausreichende Wasserqualit\u00e4t des Minipools<\/span> <\/li>\n<li style=\"margin-bottom: 0cm;\"> <span style=\"font-size: 10pt;\">Schnelles und automatisches Heizsystem (bis zu einer H\u00f6chsttemperatur von 40 \u00b0 C) mit zeitgesteuertem Start und Stopp<\/span> <\/li>\n<li style=\"margin-bottom: 0cm;\"> <span style=\"font-size: 10pt;\">Weicher Boden und Schwimmbad mit einem praktischen Schnellentleerungssystem in wenigen Sekunden<\/span> <\/li>\n<li style=\"margin-bottom: 0cm;\"> <span style=\"font-size: 10pt;\">Kunstleder\u00fcberzug mit doppeltem Sicherungsclip und integriertem Innenrohr f\u00fcr vollst\u00e4ndige Isolierung.<\/span> <\/li>\n<li style=\"margin-bottom: 0cm;\"> <span style=\"font-size: 10pt;\">Die 6-Funktionspumpe wird von einem integrierten Differentialschalter mit einem Nennfehlerstrom von nicht mehr als 10 mA angetrieben<\/span> <\/li>\n<li style=\"margin-bottom: 0cm;\"> <span style=\"font-size: 10pt;\">Digitalpumpe mit Bedienfeld in modernem Design<\/span> <\/li>\n<li style=\"margin-bottom: 0cm;\"> <span style=\"font-size: 10pt;\">Energieeinsparung<\/span> <\/li>\n<li style=\"margin-bottom: 0cm;\"> <span style=\"font-size: 10pt;\">Integrierte Wasserfiltration<\/span> <\/li>\n<li style=\"margin-bottom: 0cm;\"> <span style=\"font-size: 10pt;\">Digitales Bedienfeld<\/span> <\/li>\n<li style=\"margin-bottom: 0cm;\"> <span style=\"font-size: 10pt;\">Schnelle und einfache Installation<\/span> <\/li>\n<li style=\"margin-bottom: 0cm;\"> <span style=\"font-size: 10pt;\">Kann sowohl im Freien als auch im Innenbereich verwendet werden<\/span> <\/li>\n<\/ul>\n<p><span style=\"font-size: 10pt;\"><\/span><\/p>\n<p> <strong><span style=\"font-size: 12pt;\"><a href=\"kit-trattamento-dellacqua-per-minipiscine.html\">Klicken Sie hier,<\/a> um auch das Wasseraufbereitungsset zu erhalten<\/span><\/strong> <\/p>\n<\/p>\n<p style=\"margin-bottom: 0cm;\"> <span style=\"text-decoration: underline; font-size: 12pt;\"><strong>Besondere Merkmale:<\/strong><\/span> <\/p>\n<ul style=\"list-style-type: square;\">\n<li style=\"margin-bottom: 0cm;\"> <span style=\"font-size: 10pt;\">Abmessungen: 180x180xH71 cm<\/span> <\/li>\n<li style=\"margin-bottom: 0cm;\"> <span style=\"font-size: 10pt;\">Fassungsverm\u00f6gen: 795 Liter<\/span> <\/li>\n<li style=\"margin-bottom: 0cm;\"> <span style=\"font-size: 10pt;\">Art der Blasenmassage \/ Jet-Massage<\/span> <\/li>\n<li style=\"margin-bottom: 0cm;\"> <span style=\"font-size: 10pt;\">Lay-Z SPA Air Jet dynamisches Hydromassagesystem &#8211; Hydro Jet- und Dampfmassagesystem<\/span> <\/li>\n<li style=\"margin-bottom: 0cm;\"> <span style=\"font-size: 10pt;\">Wasserfilterung<\/span> <\/li>\n<li style=\"margin-bottom: 0cm;\"> <span style=\"font-size: 10pt;\">Schnelles Aufheizen<\/span> <\/li>\n<li style=\"margin-bottom: 0cm;\"> <span style=\"font-size: 10pt;\">Volt. 220-240 50 Hz &#8211; 2060 Watt bei 20 \u00b0<\/span> <\/li>\n<li style=\"margin-bottom: 0cm;\"> <span style=\"font-size: 10pt;\">Fassungsverm\u00f6gen 795 Liter <br \/><\/span> <\/li>\n<li style=\"margin-bottom: 0cm;\"> <span style=\"font-size: 10pt;\">Wasserdurchfluss 1.325 Liter \/ h ca.<\/span> <\/li>\n<li style=\"margin-bottom: 0cm;\"> <span style=\"font-size: 10pt;\">Maximale Temperatur 40 \u00b0 C<\/span> <\/li>\n<li style=\"margin-bottom: 0cm;\"> <span style=\"font-size: 10pt;\">CE-Zertifizierung<\/span> <\/li>\n<\/ul>\n","protected":false},"excerpt":{"rendered":"<p>Aufblasbarer, rechteckiger, 180 cm grauer Whirlpool mit 6 Funktionen und 8 Hydromassage-D\u00fcsen<\/p>\n","protected":false},"featured_media":30862,"comment_status":"open","ping_status":"closed","template":"","meta":[],"product_brand":[9880],"product_cat":[15],"product_tag":[],"class_list":{"0":"post-80003","1":"product","2":"type-product","3":"status-publish","4":"has-post-thumbnail","6":"product_brand-vari-produttori-de","7":"product_cat-senza-categoria","9":"first","10":"outofstock","11":"taxable","12":"shipping-taxable","13":"purchasable","14":"product-type-simple"},"exclude_global_add_ons":[],"addons":[],"yoast_head":"<!-- This site is optimized with the Yoast SEO plugin v26.7 - https:\/\/yoast.com\/wordpress\/plugins\/seo\/ -->\n<title>Quadratischer aufblasbarer Whirlpool 180x180 Grau Bestway Lay-Z 6 Funktionen 8 Hydromassage-D\u00fcsen<\/title>\n<meta name=\"description\" content=\"Aufblasbarer, rechteckiger, 180 cm grauer Whirlpool mit 6 Funktionen und 8 Hydromassage-D\u00fcsen\" \/>\n<meta name=\"robots\" content=\"index, follow, max-snippet:-1, max-image-preview:large, max-video-preview:-1\" \/>\n<link rel=\"canonical\" href=\"https:\/\/www.bagnoitalia.com\/de\/produkt\/quadratischer-aufblasbarer-whirlpool-180x180-grau-bestway-lay-z-6-funktionen-8-hydromassage-dusen.html\" \/>\n<meta property=\"og:locale\" content=\"de_DE\" \/>\n<meta property=\"og:type\" content=\"article\" \/>\n<meta property=\"og:title\" content=\"Quadratischer aufblasbarer Whirlpool 180x180 Grau Bestway Lay-Z 6 Funktionen 8 Hydromassage-D\u00fcsen\" \/>\n<meta property=\"og:description\" content=\"Aufblasbarer, rechteckiger, 180 cm grauer Whirlpool mit 6 Funktionen und 8 Hydromassage-D\u00fcsen\" \/>\n<meta property=\"og:url\" content=\"https:\/\/www.bagnoitalia.com\/de\/produkt\/quadratischer-aufblasbarer-whirlpool-180x180-grau-bestway-lay-z-6-funktionen-8-hydromassage-dusen.html\" \/>\n<meta property=\"og:site_name\" content=\"Bagno Italia\" \/>\n<meta property=\"article:modified_time\" content=\"2024-05-16T14:55:46+00:00\" \/>\n<meta property=\"og:image\" content=\"https:\/\/img.bagnoitalia.com\/wp-content\/uploads\/virtuemart\/product\/Square-inflatable-hot-tub-180x180-grey-1_1540993393_711.jpg\" \/>\n\t<meta property=\"og:image:width\" content=\"800\" \/>\n\t<meta property=\"og:image:height\" content=\"800\" \/>\n\t<meta property=\"og:image:type\" content=\"image\/jpeg\" \/>\n<meta name=\"twitter:card\" content=\"summary_large_image\" \/>\n<meta name=\"twitter:label1\" content=\"Gesch\u00e4tzte Lesezeit\" \/>\n\t<meta name=\"twitter:data1\" content=\"1\u00a0Minute\" \/>\n<script type=\"application\/ld+json\" class=\"yoast-schema-graph\">{\"@context\":\"https:\/\/schema.org\",\"@graph\":[{\"@type\":\"WebPage\",\"@id\":\"https:\/\/www.bagnoitalia.com\/de\/produkt\/quadratischer-aufblasbarer-whirlpool-180x180-grau-bestway-lay-z-6-funktionen-8-hydromassage-dusen.html\",\"url\":\"https:\/\/www.bagnoitalia.com\/de\/produkt\/quadratischer-aufblasbarer-whirlpool-180x180-grau-bestway-lay-z-6-funktionen-8-hydromassage-dusen.html\",\"name\":\"Quadratischer aufblasbarer Whirlpool 180x180 Grau Bestway Lay-Z 6 Funktionen 8 Hydromassage-D\u00fcsen\",\"isPartOf\":{\"@id\":\"https:\/\/www.bagnoitalia.com\/de#website\"},\"primaryImageOfPage\":{\"@id\":\"https:\/\/www.bagnoitalia.com\/de\/produkt\/quadratischer-aufblasbarer-whirlpool-180x180-grau-bestway-lay-z-6-funktionen-8-hydromassage-dusen.html#primaryimage\"},\"image\":{\"@id\":\"https:\/\/www.bagnoitalia.com\/de\/produkt\/quadratischer-aufblasbarer-whirlpool-180x180-grau-bestway-lay-z-6-funktionen-8-hydromassage-dusen.html#primaryimage\"},\"thumbnailUrl\":\"https:\/\/img.bagnoitalia.com\/wp-content\/uploads\/virtuemart\/product\/Square-inflatable-hot-tub-180x180-grey-1_1540993393_711.jpg\",\"datePublished\":\"2016-04-29T11:04:55+00:00\",\"dateModified\":\"2024-05-16T14:55:46+00:00\",\"description\":\"Aufblasbarer, rechteckiger, 180 cm grauer Whirlpool mit 6 Funktionen und 8 Hydromassage-D\u00fcsen\",\"breadcrumb\":{\"@id\":\"https:\/\/www.bagnoitalia.com\/de\/produkt\/quadratischer-aufblasbarer-whirlpool-180x180-grau-bestway-lay-z-6-funktionen-8-hydromassage-dusen.html#breadcrumb\"},\"inLanguage\":\"de\",\"potentialAction\":[{\"@type\":\"ReadAction\",\"target\":[\"https:\/\/www.bagnoitalia.com\/de\/produkt\/quadratischer-aufblasbarer-whirlpool-180x180-grau-bestway-lay-z-6-funktionen-8-hydromassage-dusen.html\"]}]},{\"@type\":\"ImageObject\",\"inLanguage\":\"de\",\"@id\":\"https:\/\/www.bagnoitalia.com\/de\/produkt\/quadratischer-aufblasbarer-whirlpool-180x180-grau-bestway-lay-z-6-funktionen-8-hydromassage-dusen.html#primaryimage\",\"url\":\"https:\/\/img.bagnoitalia.com\/wp-content\/uploads\/virtuemart\/product\/Square-inflatable-hot-tub-180x180-grey-1_1540993393_711.jpg\",\"contentUrl\":\"https:\/\/img.bagnoitalia.com\/wp-content\/uploads\/virtuemart\/product\/Square-inflatable-hot-tub-180x180-grey-1_1540993393_711.jpg\",\"width\":800,\"height\":800},{\"@type\":\"BreadcrumbList\",\"@id\":\"https:\/\/www.bagnoitalia.com\/de\/produkt\/quadratischer-aufblasbarer-whirlpool-180x180-grau-bestway-lay-z-6-funktionen-8-hydromassage-dusen.html#breadcrumb\",\"itemListElement\":[{\"@type\":\"ListItem\",\"position\":1,\"name\":\"Home\",\"item\":\"https:\/\/www.bagnoitalia.com\/de\"},{\"@type\":\"ListItem\",\"position\":2,\"name\":\"Produkte\",\"item\":\"https:\/\/www.bagnoitalia.com\/de\/shop\"},{\"@type\":\"ListItem\",\"position\":3,\"name\":\"Quadratischer aufblasbarer Whirlpool 180&#215;180 Grau Bestway Lay-Z 6 Funktionen 8 Hydromassage-D\u00fcsen\"}]},{\"@type\":\"WebSite\",\"@id\":\"https:\/\/www.bagnoitalia.com\/de#website\",\"url\":\"https:\/\/www.bagnoitalia.com\/de\",\"name\":\"Bagno Italia\",\"description\":\"\",\"publisher\":{\"@id\":\"https:\/\/www.bagnoitalia.com\/de#organization\"},\"potentialAction\":[{\"@type\":\"SearchAction\",\"target\":{\"@type\":\"EntryPoint\",\"urlTemplate\":\"https:\/\/www.bagnoitalia.com\/de?s={search_term_string}\"},\"query-input\":{\"@type\":\"PropertyValueSpecification\",\"valueRequired\":true,\"valueName\":\"search_term_string\"}}],\"inLanguage\":\"de\"},{\"@type\":\"Organization\",\"@id\":\"https:\/\/www.bagnoitalia.com\/de#organization\",\"name\":\"Bagno Italia\",\"url\":\"https:\/\/www.bagnoitalia.com\/de\",\"logo\":{\"@type\":\"ImageObject\",\"inLanguage\":\"de\",\"@id\":\"https:\/\/www.bagnoitalia.com\/de#\/schema\/logo\/image\/\",\"url\":\"https:\/\/img.bagnoitalia.com\/wp-content\/uploads\/logo-bagnoitalia.webp\",\"contentUrl\":\"https:\/\/img.bagnoitalia.com\/wp-content\/uploads\/logo-bagnoitalia.webp\",\"width\":400,\"height\":70,\"caption\":\"Bagno Italia\"},\"image\":{\"@id\":\"https:\/\/www.bagnoitalia.com\/de#\/schema\/logo\/image\/\"}}]}<\/script>\n<!-- \/ Yoast SEO plugin. -->","yoast_head_json":{"title":"Quadratischer aufblasbarer Whirlpool 180x180 Grau Bestway Lay-Z 6 Funktionen 8 Hydromassage-D\u00fcsen","description":"Aufblasbarer, rechteckiger, 180 cm grauer Whirlpool mit 6 Funktionen und 8 Hydromassage-D\u00fcsen","robots":{"index":"index","follow":"follow","max-snippet":"max-snippet:-1","max-image-preview":"max-image-preview:large","max-video-preview":"max-video-preview:-1"},"canonical":"https:\/\/www.bagnoitalia.com\/de\/produkt\/quadratischer-aufblasbarer-whirlpool-180x180-grau-bestway-lay-z-6-funktionen-8-hydromassage-dusen.html","og_locale":"de_DE","og_type":"article","og_title":"Quadratischer aufblasbarer Whirlpool 180x180 Grau Bestway Lay-Z 6 Funktionen 8 Hydromassage-D\u00fcsen","og_description":"Aufblasbarer, rechteckiger, 180 cm grauer Whirlpool mit 6 Funktionen und 8 Hydromassage-D\u00fcsen","og_url":"https:\/\/www.bagnoitalia.com\/de\/produkt\/quadratischer-aufblasbarer-whirlpool-180x180-grau-bestway-lay-z-6-funktionen-8-hydromassage-dusen.html","og_site_name":"Bagno Italia","article_modified_time":"2024-05-16T14:55:46+00:00","og_image":[{"width":800,"height":800,"url":"https:\/\/img.bagnoitalia.com\/wp-content\/uploads\/virtuemart\/product\/Square-inflatable-hot-tub-180x180-grey-1_1540993393_711.jpg","type":"image\/jpeg"}],"twitter_card":"summary_large_image","twitter_misc":{"Gesch\u00e4tzte Lesezeit":"1\u00a0Minute"},"schema":{"@context":"https:\/\/schema.org","@graph":[{"@type":"WebPage","@id":"https:\/\/www.bagnoitalia.com\/de\/produkt\/quadratischer-aufblasbarer-whirlpool-180x180-grau-bestway-lay-z-6-funktionen-8-hydromassage-dusen.html","url":"https:\/\/www.bagnoitalia.com\/de\/produkt\/quadratischer-aufblasbarer-whirlpool-180x180-grau-bestway-lay-z-6-funktionen-8-hydromassage-dusen.html","name":"Quadratischer aufblasbarer Whirlpool 180x180 Grau Bestway Lay-Z 6 Funktionen 8 Hydromassage-D\u00fcsen","isPartOf":{"@id":"https:\/\/www.bagnoitalia.com\/de#website"},"primaryImageOfPage":{"@id":"https:\/\/www.bagnoitalia.com\/de\/produkt\/quadratischer-aufblasbarer-whirlpool-180x180-grau-bestway-lay-z-6-funktionen-8-hydromassage-dusen.html#primaryimage"},"image":{"@id":"https:\/\/www.bagnoitalia.com\/de\/produkt\/quadratischer-aufblasbarer-whirlpool-180x180-grau-bestway-lay-z-6-funktionen-8-hydromassage-dusen.html#primaryimage"},"thumbnailUrl":"https:\/\/img.bagnoitalia.com\/wp-content\/uploads\/virtuemart\/product\/Square-inflatable-hot-tub-180x180-grey-1_1540993393_711.jpg","datePublished":"2016-04-29T11:04:55+00:00","dateModified":"2024-05-16T14:55:46+00:00","description":"Aufblasbarer, rechteckiger, 180 cm grauer Whirlpool mit 6 Funktionen und 8 Hydromassage-D\u00fcsen","breadcrumb":{"@id":"https:\/\/www.bagnoitalia.com\/de\/produkt\/quadratischer-aufblasbarer-whirlpool-180x180-grau-bestway-lay-z-6-funktionen-8-hydromassage-dusen.html#breadcrumb"},"inLanguage":"de","potentialAction":[{"@type":"ReadAction","target":["https:\/\/www.bagnoitalia.com\/de\/produkt\/quadratischer-aufblasbarer-whirlpool-180x180-grau-bestway-lay-z-6-funktionen-8-hydromassage-dusen.html"]}]},{"@type":"ImageObject","inLanguage":"de","@id":"https:\/\/www.bagnoitalia.com\/de\/produkt\/quadratischer-aufblasbarer-whirlpool-180x180-grau-bestway-lay-z-6-funktionen-8-hydromassage-dusen.html#primaryimage","url":"https:\/\/img.bagnoitalia.com\/wp-content\/uploads\/virtuemart\/product\/Square-inflatable-hot-tub-180x180-grey-1_1540993393_711.jpg","contentUrl":"https:\/\/img.bagnoitalia.com\/wp-content\/uploads\/virtuemart\/product\/Square-inflatable-hot-tub-180x180-grey-1_1540993393_711.jpg","width":800,"height":800},{"@type":"BreadcrumbList","@id":"https:\/\/www.bagnoitalia.com\/de\/produkt\/quadratischer-aufblasbarer-whirlpool-180x180-grau-bestway-lay-z-6-funktionen-8-hydromassage-dusen.html#breadcrumb","itemListElement":[{"@type":"ListItem","position":1,"name":"Home","item":"https:\/\/www.bagnoitalia.com\/de"},{"@type":"ListItem","position":2,"name":"Produkte","item":"https:\/\/www.bagnoitalia.com\/de\/shop"},{"@type":"ListItem","position":3,"name":"Quadratischer aufblasbarer Whirlpool 180&#215;180 Grau Bestway Lay-Z 6 Funktionen 8 Hydromassage-D\u00fcsen"}]},{"@type":"WebSite","@id":"https:\/\/www.bagnoitalia.com\/de#website","url":"https:\/\/www.bagnoitalia.com\/de","name":"Bagno Italia","description":"","publisher":{"@id":"https:\/\/www.bagnoitalia.com\/de#organization"},"potentialAction":[{"@type":"SearchAction","target":{"@type":"EntryPoint","urlTemplate":"https:\/\/www.bagnoitalia.com\/de?s={search_term_string}"},"query-input":{"@type":"PropertyValueSpecification","valueRequired":true,"valueName":"search_term_string"}}],"inLanguage":"de"},{"@type":"Organization","@id":"https:\/\/www.bagnoitalia.com\/de#organization","name":"Bagno Italia","url":"https:\/\/www.bagnoitalia.com\/de","logo":{"@type":"ImageObject","inLanguage":"de","@id":"https:\/\/www.bagnoitalia.com\/de#\/schema\/logo\/image\/","url":"https:\/\/img.bagnoitalia.com\/wp-content\/uploads\/logo-bagnoitalia.webp","contentUrl":"https:\/\/img.bagnoitalia.com\/wp-content\/uploads\/logo-bagnoitalia.webp","width":400,"height":70,"caption":"Bagno Italia"},"image":{"@id":"https:\/\/www.bagnoitalia.com\/de#\/schema\/logo\/image\/"}}]}},"_links":{"self":[{"href":"https:\/\/www.bagnoitalia.com\/de\/wp-json\/wp\/v2\/product\/80003","targetHints":{"allow":["GET"]}}],"collection":[{"href":"https:\/\/www.bagnoitalia.com\/de\/wp-json\/wp\/v2\/product"}],"about":[{"href":"https:\/\/www.bagnoitalia.com\/de\/wp-json\/wp\/v2\/types\/product"}],"replies":[{"embeddable":true,"href":"https:\/\/www.bagnoitalia.com\/de\/wp-json\/wp\/v2\/comments?post=80003"}],"version-history":[{"count":0,"href":"https:\/\/www.bagnoitalia.com\/de\/wp-json\/wp\/v2\/product\/80003\/revisions"}],"wp:featuredmedia":[{"embeddable":true,"href":"https:\/\/www.bagnoitalia.com\/de\/wp-json\/wp\/v2\/media\/30862"}],"wp:attachment":[{"href":"https:\/\/www.bagnoitalia.com\/de\/wp-json\/wp\/v2\/media?parent=80003"}],"wp:term":[{"taxonomy":"product_brand","embeddable":true,"href":"https:\/\/www.bagnoitalia.com\/de\/wp-json\/wp\/v2\/product_brand?post=80003"},{"taxonomy":"product_cat","embeddable":true,"href":"https:\/\/www.bagnoitalia.com\/de\/wp-json\/wp\/v2\/product_cat?post=80003"},{"taxonomy":"product_tag","embeddable":true,"href":"https:\/\/www.bagnoitalia.com\/de\/wp-json\/wp\/v2\/product_tag?post=80003"}],"curies":[{"name":"wp","href":"https:\/\/api.w.org\/{rel}","templated":true}]}}