{"id":79979,"date":"2016-04-18T09:29:50","date_gmt":"2016-04-18T07:29:50","guid":{"rendered":"https:\/\/www.bagnoitalia.com\/product\/gartenmobel-liegestuhl-robin-schwarz-weises-rattan-mit-kissen"},"modified":"2025-07-30T16:46:05","modified_gmt":"2025-07-30T14:46:05","slug":"gartenmobel-liegestuhl-robin-schwarz-weises-rattan-mit-kissen","status":"publish","type":"product","link":"https:\/\/www.bagnoitalia.com\/de\/produkt\/gartenmobel-liegestuhl-robin-schwarz-weises-rattan-mit-kissen.html","title":{"rendered":"Robin Liege aus schwarzem oder wei\u00dfem Rattan, mit Kissen"},"content":{"rendered":"<h1 class=\"western\" style=\"margin-top: 0cm; margin-bottom: 0cm;\"><strong><span style=\"text-decoration: underline; font-size: 14pt;\">Robin Au\u00dfeneinrichtung aus Liegestuhl und Tisch in schwarz oder wei\u00df.<\/span><\/strong><\/h1>\n<h1><\/h1>\n<h1 class=\"western\" style=\"margin-top: 0cm; margin-bottom: 0cm;\"><span style=\"font-size: 12pt;\"><strong><span style=\"font-weight: normal;\">Liegestuhl: 196x71x45cm<\/span><\/strong><\/span><\/h1>\n<h1 class=\"western\" style=\"margin-top: 0cm; margin-bottom: 0cm;\"><span style=\"font-size: 12pt;\"><strong><span style=\"font-weight: normal;\">Couchtisch: 50x50cm<\/span><\/strong><\/span><\/h1>\n<h1 class=\"western\" style=\"margin-top: 0cm; margin-bottom: 0cm;\"><\/h1>\n<p style=\"margin-bottom: 0cm;\"><strong><span style=\"text-decoration: underline; font-size: 14pt;\">EIGENSCHAFTEN:<\/span><\/strong><\/p>\n<ul>\n<li style=\"margin-bottom: 0cm;\"><span style=\"font-size: medium;\">ganzj\u00e4hrig nutzbar, ad wetterresistent<\/span><\/li>\n<li style=\"margin-bottom: 0cm;\"><span style=\"font-size: 12pt;\"><strong><span style=\"font-weight: normal;\">Leicht zu waschen<\/span><\/strong><\/span><\/li>\n<li style=\"margin-bottom: 0cm;\"><span style=\"font-size: 12pt;\"><strong><span style=\"font-weight: normal;\">Moderne Liege<\/span><\/strong><\/span><\/li>\n<li style=\"margin-bottom: 0cm;\"><span style=\"font-size: 12pt;\"><strong><span style=\"font-weight: normal;\">Resistent gegen Salzwasser<\/span><\/strong><\/span><\/li>\n<li style=\"margin-bottom: 0cm;\"><span style=\"font-size: 12pt;\"><strong><span style=\"font-weight: normal;\">Schutz vor UV-Strahlen und Verf\u00e4rbung<\/span><\/strong><\/span><\/li>\n<li style=\"margin-bottom: 0cm;\"><span style=\"font-size: 12pt;\"><strong><span style=\"font-weight: normal;\">Rahmen aus eloxiertem Aluminium mit \u00f6kologischer Rattanflechtwerk<\/span><\/strong><\/span><\/li>\n<\/ul>\n<p>&nbsp;<\/p>\n<p><span style=\"text-decoration: underline; font-size: 14pt;\"><strong>Robin schwarzer Liegestuhl mit wei\u00dfem Kissen<\/strong><\/span><\/p>\n<p><img fetchpriority=\"high\" decoding=\"async\" id=\"fancybox-img\" class=\" size-full wp-image-30602\" src=\"https:\/\/img.bagnoitalia.com\/wp-content\/uploads\/virtuemart\/product\/sdr_12d32e1.jpg\" alt=\"sdr_12d32e (4) .jpg_product\" width=\"393\" height=\"261\" srcset=\"https:\/\/img.bagnoitalia.com\/wp-content\/uploads\/virtuemart\/product\/sdr_12d32e1.jpg 709w, https:\/\/img.bagnoitalia.com\/wp-content\/uploads\/virtuemart\/product\/sdr_12d32e1-441x294.jpg 441w, https:\/\/img.bagnoitalia.com\/wp-content\/uploads\/virtuemart\/product\/sdr_12d32e1-600x399.jpg 600w, https:\/\/img.bagnoitalia.com\/wp-content\/uploads\/virtuemart\/product\/sdr_12d32e1-150x100.jpg 150w\" sizes=\"(max-width: 393px) 100vw, 393px\" \/><\/p>\n<p>&nbsp;<\/p>\n<p>___________________________________________________________________________<\/p>\n<p>&nbsp;<\/p>\n<p><span style=\"text-decoration: underline; font-size: 14pt;\"><strong>Robin wei\u00dfer Liegestuhl mit rotem Kissen<\/strong><\/span><\/p>\n<p><img decoding=\"async\" id=\"fancybox-img\" class=\" size-full wp-image-30606\" src=\"https:\/\/img.bagnoitalia.com\/wp-content\/uploads\/virtuemart\/product\/sdr_12d32e6.jpg\" alt=\"sdr_12d32e (4) .jpg_product\" width=\"403\" height=\"267\" srcset=\"https:\/\/img.bagnoitalia.com\/wp-content\/uploads\/virtuemart\/product\/sdr_12d32e6.jpg 709w, https:\/\/img.bagnoitalia.com\/wp-content\/uploads\/virtuemart\/product\/sdr_12d32e6-600x399.jpg 600w, https:\/\/img.bagnoitalia.com\/wp-content\/uploads\/virtuemart\/product\/sdr_12d32e6-150x100.jpg 150w\" sizes=\"(max-width: 403px) 100vw, 403px\" \/><\/p>\n","protected":false},"excerpt":{"rendered":"<p>M\u00f6beleinrichtung Robin bestehend aus einem Liegestuhl und einem Tisch. In schwarzem oder wei\u00dfem Rattan erh\u00e4ltlich. Kissen ist im Preis inbegriffen.<\/p>\n","protected":false},"featured_media":30574,"comment_status":"open","ping_status":"closed","template":"","meta":[],"product_brand":[9925],"product_cat":[10013,9784],"product_tag":[],"class_list":{"0":"post-79979","1":"product","2":"type-product","3":"status-publish","4":"has-post-thumbnail","6":"product_brand-predator-arredo-casa-de","7":"product_cat-outdoor-sofas-de","8":"product_cat-gartenmobel","10":"first","11":"instock","12":"sale","13":"taxable","14":"shipping-taxable","15":"purchasable","16":"product-type-simple"},"exclude_global_add_ons":false,"addons":[{"name":"Farbe","type":"multiple_choice","position":0,"required":true,"title_format":"heading","default":"","description_enable":false,"description":"","placeholder_enable":false,"placeholder":"","display":"select","restrictions_type":"any_text","adjust_price":false,"price":"","price_type":"flat_fee","restrictions":false,"min":"0","max":"0","options":[{"label":"Schwarz","price":"","price_type":"quantity_based","image":0,"visibility":true},{"label":"(Nicht verf\u00fcgbar) Weiss","price":"","price_type":"quantity_based","image":0,"visibility":true}],"id":1718724280}],"yoast_head":"<!-- This site is optimized with the Yoast SEO plugin v26.7 - https:\/\/yoast.com\/wordpress\/plugins\/seo\/ -->\n<title>Gartenm\u00f6bel Liegestuhl Robin schwarz wei\u00dfes Rattan mit Kissen<\/title>\n<meta name=\"description\" content=\"Au\u00dfenm\u00f6bel bestehend aus Liegest\u00fchlen und Robin-Modelltisch in schwarz und wei\u00df aus Rattan mit Kissen im Preis enthalten\" \/>\n<meta name=\"robots\" content=\"index, follow, max-snippet:-1, max-image-preview:large, max-video-preview:-1\" \/>\n<link rel=\"canonical\" href=\"https:\/\/www.bagnoitalia.com\/de\/produkt\/gartenmobel-liegestuhl-robin-schwarz-weises-rattan-mit-kissen.html\" \/>\n<meta property=\"og:locale\" content=\"de_DE\" \/>\n<meta property=\"og:type\" content=\"article\" \/>\n<meta property=\"og:title\" content=\"Gartenm\u00f6bel Liegestuhl Robin schwarz wei\u00dfes Rattan mit Kissen\" \/>\n<meta property=\"og:description\" content=\"Au\u00dfenm\u00f6bel bestehend aus Liegest\u00fchlen und Robin-Modelltisch in schwarz und wei\u00df aus Rattan mit Kissen im Preis enthalten\" \/>\n<meta property=\"og:url\" content=\"https:\/\/www.bagnoitalia.com\/de\/produkt\/gartenmobel-liegestuhl-robin-schwarz-weises-rattan-mit-kissen.html\" \/>\n<meta property=\"og:site_name\" content=\"Bagno Italia\" \/>\n<meta property=\"article:modified_time\" content=\"2025-07-30T14:46:05+00:00\" \/>\n<meta property=\"og:image\" content=\"https:\/\/img.bagnoitalia.com\/wp-content\/uploads\/virtuemart\/product\/Rattan-outdoor-furnishing-Robin-model-deckchair-pillow-small-table-black-or-white-1_1541167094_593.jpg\" \/>\n\t<meta property=\"og:image:width\" content=\"200\" \/>\n\t<meta property=\"og:image:height\" content=\"200\" \/>\n\t<meta property=\"og:image:type\" content=\"image\/jpeg\" \/>\n<meta name=\"twitter:card\" content=\"summary_large_image\" \/>\n<meta name=\"twitter:label1\" content=\"Gesch\u00e4tzte Lesezeit\" \/>\n\t<meta name=\"twitter:data1\" content=\"1\u00a0Minute\" \/>\n<script type=\"application\/ld+json\" class=\"yoast-schema-graph\">{\"@context\":\"https:\/\/schema.org\",\"@graph\":[{\"@type\":\"WebPage\",\"@id\":\"https:\/\/www.bagnoitalia.com\/de\/produkt\/gartenmobel-liegestuhl-robin-schwarz-weises-rattan-mit-kissen.html\",\"url\":\"https:\/\/www.bagnoitalia.com\/de\/produkt\/gartenmobel-liegestuhl-robin-schwarz-weises-rattan-mit-kissen.html\",\"name\":\"Gartenm\u00f6bel Liegestuhl Robin schwarz wei\u00dfes Rattan mit Kissen\",\"isPartOf\":{\"@id\":\"https:\/\/www.bagnoitalia.com\/de#website\"},\"primaryImageOfPage\":{\"@id\":\"https:\/\/www.bagnoitalia.com\/de\/produkt\/gartenmobel-liegestuhl-robin-schwarz-weises-rattan-mit-kissen.html#primaryimage\"},\"image\":{\"@id\":\"https:\/\/www.bagnoitalia.com\/de\/produkt\/gartenmobel-liegestuhl-robin-schwarz-weises-rattan-mit-kissen.html#primaryimage\"},\"thumbnailUrl\":\"https:\/\/img.bagnoitalia.com\/wp-content\/uploads\/virtuemart\/product\/Rattan-outdoor-furnishing-Robin-model-deckchair-pillow-small-table-black-or-white-1_1541167094_593.jpg\",\"datePublished\":\"2016-04-18T07:29:50+00:00\",\"dateModified\":\"2025-07-30T14:46:05+00:00\",\"description\":\"Au\u00dfenm\u00f6bel bestehend aus Liegest\u00fchlen und Robin-Modelltisch in schwarz und wei\u00df aus Rattan mit Kissen im Preis enthalten\",\"breadcrumb\":{\"@id\":\"https:\/\/www.bagnoitalia.com\/de\/produkt\/gartenmobel-liegestuhl-robin-schwarz-weises-rattan-mit-kissen.html#breadcrumb\"},\"inLanguage\":\"de\",\"potentialAction\":[{\"@type\":\"ReadAction\",\"target\":[\"https:\/\/www.bagnoitalia.com\/de\/produkt\/gartenmobel-liegestuhl-robin-schwarz-weises-rattan-mit-kissen.html\"]}]},{\"@type\":\"ImageObject\",\"inLanguage\":\"de\",\"@id\":\"https:\/\/www.bagnoitalia.com\/de\/produkt\/gartenmobel-liegestuhl-robin-schwarz-weises-rattan-mit-kissen.html#primaryimage\",\"url\":\"https:\/\/img.bagnoitalia.com\/wp-content\/uploads\/virtuemart\/product\/Rattan-outdoor-furnishing-Robin-model-deckchair-pillow-small-table-black-or-white-1_1541167094_593.jpg\",\"contentUrl\":\"https:\/\/img.bagnoitalia.com\/wp-content\/uploads\/virtuemart\/product\/Rattan-outdoor-furnishing-Robin-model-deckchair-pillow-small-table-black-or-white-1_1541167094_593.jpg\",\"width\":200,\"height\":200},{\"@type\":\"BreadcrumbList\",\"@id\":\"https:\/\/www.bagnoitalia.com\/de\/produkt\/gartenmobel-liegestuhl-robin-schwarz-weises-rattan-mit-kissen.html#breadcrumb\",\"itemListElement\":[{\"@type\":\"ListItem\",\"position\":1,\"name\":\"Home\",\"item\":\"https:\/\/www.bagnoitalia.com\/de\"},{\"@type\":\"ListItem\",\"position\":2,\"name\":\"Produkte\",\"item\":\"https:\/\/www.bagnoitalia.com\/de\/shop\"},{\"@type\":\"ListItem\",\"position\":3,\"name\":\"Robin Liege aus schwarzem oder wei\u00dfem Rattan, mit Kissen\"}]},{\"@type\":\"WebSite\",\"@id\":\"https:\/\/www.bagnoitalia.com\/de#website\",\"url\":\"https:\/\/www.bagnoitalia.com\/de\",\"name\":\"Bagno Italia\",\"description\":\"\",\"publisher\":{\"@id\":\"https:\/\/www.bagnoitalia.com\/de#organization\"},\"potentialAction\":[{\"@type\":\"SearchAction\",\"target\":{\"@type\":\"EntryPoint\",\"urlTemplate\":\"https:\/\/www.bagnoitalia.com\/de?s={search_term_string}\"},\"query-input\":{\"@type\":\"PropertyValueSpecification\",\"valueRequired\":true,\"valueName\":\"search_term_string\"}}],\"inLanguage\":\"de\"},{\"@type\":\"Organization\",\"@id\":\"https:\/\/www.bagnoitalia.com\/de#organization\",\"name\":\"Bagno Italia\",\"url\":\"https:\/\/www.bagnoitalia.com\/de\",\"logo\":{\"@type\":\"ImageObject\",\"inLanguage\":\"de\",\"@id\":\"https:\/\/www.bagnoitalia.com\/de#\/schema\/logo\/image\/\",\"url\":\"https:\/\/img.bagnoitalia.com\/wp-content\/uploads\/logo-bagnoitalia.webp\",\"contentUrl\":\"https:\/\/img.bagnoitalia.com\/wp-content\/uploads\/logo-bagnoitalia.webp\",\"width\":400,\"height\":70,\"caption\":\"Bagno Italia\"},\"image\":{\"@id\":\"https:\/\/www.bagnoitalia.com\/de#\/schema\/logo\/image\/\"}}]}<\/script>\n<!-- \/ Yoast SEO plugin. -->","yoast_head_json":{"title":"Gartenm\u00f6bel Liegestuhl Robin schwarz wei\u00dfes Rattan mit Kissen","description":"Au\u00dfenm\u00f6bel bestehend aus Liegest\u00fchlen und Robin-Modelltisch in schwarz und wei\u00df aus Rattan mit Kissen im Preis enthalten","robots":{"index":"index","follow":"follow","max-snippet":"max-snippet:-1","max-image-preview":"max-image-preview:large","max-video-preview":"max-video-preview:-1"},"canonical":"https:\/\/www.bagnoitalia.com\/de\/produkt\/gartenmobel-liegestuhl-robin-schwarz-weises-rattan-mit-kissen.html","og_locale":"de_DE","og_type":"article","og_title":"Gartenm\u00f6bel Liegestuhl Robin schwarz wei\u00dfes Rattan mit Kissen","og_description":"Au\u00dfenm\u00f6bel bestehend aus Liegest\u00fchlen und Robin-Modelltisch in schwarz und wei\u00df aus Rattan mit Kissen im Preis enthalten","og_url":"https:\/\/www.bagnoitalia.com\/de\/produkt\/gartenmobel-liegestuhl-robin-schwarz-weises-rattan-mit-kissen.html","og_site_name":"Bagno Italia","article_modified_time":"2025-07-30T14:46:05+00:00","og_image":[{"width":200,"height":200,"url":"https:\/\/img.bagnoitalia.com\/wp-content\/uploads\/virtuemart\/product\/Rattan-outdoor-furnishing-Robin-model-deckchair-pillow-small-table-black-or-white-1_1541167094_593.jpg","type":"image\/jpeg"}],"twitter_card":"summary_large_image","twitter_misc":{"Gesch\u00e4tzte Lesezeit":"1\u00a0Minute"},"schema":{"@context":"https:\/\/schema.org","@graph":[{"@type":"WebPage","@id":"https:\/\/www.bagnoitalia.com\/de\/produkt\/gartenmobel-liegestuhl-robin-schwarz-weises-rattan-mit-kissen.html","url":"https:\/\/www.bagnoitalia.com\/de\/produkt\/gartenmobel-liegestuhl-robin-schwarz-weises-rattan-mit-kissen.html","name":"Gartenm\u00f6bel Liegestuhl Robin schwarz wei\u00dfes Rattan mit Kissen","isPartOf":{"@id":"https:\/\/www.bagnoitalia.com\/de#website"},"primaryImageOfPage":{"@id":"https:\/\/www.bagnoitalia.com\/de\/produkt\/gartenmobel-liegestuhl-robin-schwarz-weises-rattan-mit-kissen.html#primaryimage"},"image":{"@id":"https:\/\/www.bagnoitalia.com\/de\/produkt\/gartenmobel-liegestuhl-robin-schwarz-weises-rattan-mit-kissen.html#primaryimage"},"thumbnailUrl":"https:\/\/img.bagnoitalia.com\/wp-content\/uploads\/virtuemart\/product\/Rattan-outdoor-furnishing-Robin-model-deckchair-pillow-small-table-black-or-white-1_1541167094_593.jpg","datePublished":"2016-04-18T07:29:50+00:00","dateModified":"2025-07-30T14:46:05+00:00","description":"Au\u00dfenm\u00f6bel bestehend aus Liegest\u00fchlen und Robin-Modelltisch in schwarz und wei\u00df aus Rattan mit Kissen im Preis enthalten","breadcrumb":{"@id":"https:\/\/www.bagnoitalia.com\/de\/produkt\/gartenmobel-liegestuhl-robin-schwarz-weises-rattan-mit-kissen.html#breadcrumb"},"inLanguage":"de","potentialAction":[{"@type":"ReadAction","target":["https:\/\/www.bagnoitalia.com\/de\/produkt\/gartenmobel-liegestuhl-robin-schwarz-weises-rattan-mit-kissen.html"]}]},{"@type":"ImageObject","inLanguage":"de","@id":"https:\/\/www.bagnoitalia.com\/de\/produkt\/gartenmobel-liegestuhl-robin-schwarz-weises-rattan-mit-kissen.html#primaryimage","url":"https:\/\/img.bagnoitalia.com\/wp-content\/uploads\/virtuemart\/product\/Rattan-outdoor-furnishing-Robin-model-deckchair-pillow-small-table-black-or-white-1_1541167094_593.jpg","contentUrl":"https:\/\/img.bagnoitalia.com\/wp-content\/uploads\/virtuemart\/product\/Rattan-outdoor-furnishing-Robin-model-deckchair-pillow-small-table-black-or-white-1_1541167094_593.jpg","width":200,"height":200},{"@type":"BreadcrumbList","@id":"https:\/\/www.bagnoitalia.com\/de\/produkt\/gartenmobel-liegestuhl-robin-schwarz-weises-rattan-mit-kissen.html#breadcrumb","itemListElement":[{"@type":"ListItem","position":1,"name":"Home","item":"https:\/\/www.bagnoitalia.com\/de"},{"@type":"ListItem","position":2,"name":"Produkte","item":"https:\/\/www.bagnoitalia.com\/de\/shop"},{"@type":"ListItem","position":3,"name":"Robin Liege aus schwarzem oder wei\u00dfem Rattan, mit Kissen"}]},{"@type":"WebSite","@id":"https:\/\/www.bagnoitalia.com\/de#website","url":"https:\/\/www.bagnoitalia.com\/de","name":"Bagno Italia","description":"","publisher":{"@id":"https:\/\/www.bagnoitalia.com\/de#organization"},"potentialAction":[{"@type":"SearchAction","target":{"@type":"EntryPoint","urlTemplate":"https:\/\/www.bagnoitalia.com\/de?s={search_term_string}"},"query-input":{"@type":"PropertyValueSpecification","valueRequired":true,"valueName":"search_term_string"}}],"inLanguage":"de"},{"@type":"Organization","@id":"https:\/\/www.bagnoitalia.com\/de#organization","name":"Bagno Italia","url":"https:\/\/www.bagnoitalia.com\/de","logo":{"@type":"ImageObject","inLanguage":"de","@id":"https:\/\/www.bagnoitalia.com\/de#\/schema\/logo\/image\/","url":"https:\/\/img.bagnoitalia.com\/wp-content\/uploads\/logo-bagnoitalia.webp","contentUrl":"https:\/\/img.bagnoitalia.com\/wp-content\/uploads\/logo-bagnoitalia.webp","width":400,"height":70,"caption":"Bagno Italia"},"image":{"@id":"https:\/\/www.bagnoitalia.com\/de#\/schema\/logo\/image\/"}}]}},"_links":{"self":[{"href":"https:\/\/www.bagnoitalia.com\/de\/wp-json\/wp\/v2\/product\/79979","targetHints":{"allow":["GET"]}}],"collection":[{"href":"https:\/\/www.bagnoitalia.com\/de\/wp-json\/wp\/v2\/product"}],"about":[{"href":"https:\/\/www.bagnoitalia.com\/de\/wp-json\/wp\/v2\/types\/product"}],"replies":[{"embeddable":true,"href":"https:\/\/www.bagnoitalia.com\/de\/wp-json\/wp\/v2\/comments?post=79979"}],"version-history":[{"count":1,"href":"https:\/\/www.bagnoitalia.com\/de\/wp-json\/wp\/v2\/product\/79979\/revisions"}],"predecessor-version":[{"id":90683,"href":"https:\/\/www.bagnoitalia.com\/de\/wp-json\/wp\/v2\/product\/79979\/revisions\/90683"}],"wp:featuredmedia":[{"embeddable":true,"href":"https:\/\/www.bagnoitalia.com\/de\/wp-json\/wp\/v2\/media\/30574"}],"wp:attachment":[{"href":"https:\/\/www.bagnoitalia.com\/de\/wp-json\/wp\/v2\/media?parent=79979"}],"wp:term":[{"taxonomy":"product_brand","embeddable":true,"href":"https:\/\/www.bagnoitalia.com\/de\/wp-json\/wp\/v2\/product_brand?post=79979"},{"taxonomy":"product_cat","embeddable":true,"href":"https:\/\/www.bagnoitalia.com\/de\/wp-json\/wp\/v2\/product_cat?post=79979"},{"taxonomy":"product_tag","embeddable":true,"href":"https:\/\/www.bagnoitalia.com\/de\/wp-json\/wp\/v2\/product_tag?post=79979"}],"curies":[{"name":"wp","href":"https:\/\/api.w.org\/{rel}","templated":true}]}}