{"id":79955,"date":"2016-04-14T07:45:14","date_gmt":"2016-04-14T05:45:14","guid":{"rendered":"https:\/\/www.bagnoitalia.com\/product\/badmobel-milos-aufgehangt-100-cm-weis-schwarz-glanzend-waschbecken-aus-keramik"},"modified":"2025-11-27T14:17:11","modified_gmt":"2025-11-27T13:17:11","slug":"badmobel-milos-aufgehangt-100-cm-weis-schwarz-glanzend-waschbecken-aus-keramik","status":"publish","type":"product","link":"https:\/\/www.bagnoitalia.com\/de\/produkt\/badmobel-milos-aufgehangt-100-cm-weis-schwarz-glanzend-waschbecken-aus-keramik.html","title":{"rendered":"Milos Wand-Badezimmerschrank, 100 cm, wei\u00df oder graphit, Keramikwaschbecken"},"content":{"rendered":"<p><strong><span dir=\"auto\">Milos 100 cm wandh\u00e4ngender Badezimmerschrank mit Keramikwaschbecken<\/span><\/strong><\/p>\n<p><span dir=\"auto\">MILOS wird Sie \u00fcberraschen: Die Intarsien an der Vorderseite machen es zu einem eleganten und einzigartigen Badm\u00f6belst\u00fcck \u2013 raffiniert und markant zugleich. Der Waschtischunterschrank aus MDF misst 100 x 55 x 46 cm und verf\u00fcgt \u00fcber drei T\u00fcren mit Soft-Close-Metallschienen. Das Waschbecken ist wahlweise aus Keramik oder Glas gefertigt, einem Material, das die Sch\u00f6nheit und \u00c4sthetik des Schranks unterstreicht. Der Schrank ist in Hochglanzwei\u00df oder Mattgraphit erh\u00e4ltlich. \u00dcber das seitliche Men\u00fc k\u00f6nnen Sie ihn mit einem oder zwei 35 x 140 x 20 cm gro\u00dfen Einzels\u00e4ulen im gleichen Stil sowie einem 75 x 100 cm gro\u00dfen ovalen LED-Spiegel mit Touch-Bedienung kombinieren.<\/span><\/p>\n<p>&nbsp;<\/p>\n<p><strong><span dir=\"auto\">Im Preis enthalten sind:<\/span><\/strong><\/p>\n<p><span dir=\"auto\">Nr. 1 Waschbeckenunterschrank 100 x H 55 x H 46 cm<\/span><\/p>\n<p><span dir=\"auto\">Nr. 1 Keramiksp\u00fcle (im Men\u00fc oben k\u00f6nnen Sie die Kristallsp\u00fcle ausw\u00e4hlen)<\/span><\/p>\n<p>&nbsp;<\/p>\n<p><span dir=\"auto\">Aus dem Men\u00fc kann\u00a0<\/span><span dir=\"auto\">der ovale LED-Spiegel 75&#215;100 mit Touch-Schalter und aufwendiger Gestaltung<\/span><span dir=\"auto\">\u00a0sowie die Einzels\u00e4ule in Kombination mit dem 35xH140x20 cm gro\u00dfen Schrank ausgew\u00e4hlt werden, wie auf dem Foto unten dargestellt (das Foto zeigt zwei Einzels\u00e4ulen, die zu einer Doppels\u00e4ule verbunden sind):<\/span><\/p>\n<p><img fetchpriority=\"high\" decoding=\"async\" class=\" size-full wp-image-51883\" src=\"https:\/\/img.bagnoitalia.it\/wp-content\/uploads\/col_mia_123123.jpg\" sizes=\"(max-width: 386px) 100vw, 386px\" srcset=\"https:\/\/translate.google.com\/website?sl=it&amp;tl=fr&amp;hl=it&amp;client=webapp&amp;u=https:\/\/img.bagnoitalia.it\/wp-content\/uploads\/col_mia_123123.jpg 566w,https:\/\/translate.google.com\/website?sl=it&amp;tl=fr&amp;hl=it&amp;client=webapp&amp;u=https:\/\/img.bagnoitalia.it\/wp-content\/uploads\/col_mia_123123-441x441.jpg 441w,https:\/\/translate.google.com\/website?sl=it&amp;tl=fr&amp;hl=it&amp;client=webapp&amp;u=https:\/\/img.bagnoitalia.it\/wp-content\/uploads\/col_mia_123123-100x100.jpg 100w,https:\/\/translate.google.com\/website?sl=it&amp;tl=fr&amp;hl=it&amp;client=webapp&amp;u=https:\/\/img.bagnoitalia.it\/wp-content\/uploads\/col_mia_123123-150x150.jpg 150w\" alt=\"\" width=\"386\" height=\"386\" \/><\/p>\n<p><span dir=\"auto\">In der Kategorie \u201eModernes Zubeh\u00f6r\u201c k\u00f6nnen passende Wandschr\u00e4nke erworben werden.<\/span><\/p>\n<p>&nbsp;<\/p>\n<p><strong><span dir=\"auto\">Materialien:<\/span><\/strong><\/p>\n<ul>\n<li><span dir=\"auto\">MDF-Holzkonstruktion<\/span><\/li>\n<li><span dir=\"auto\">Metallf\u00fchrungen mit Soft-Close-Funktion<\/span><\/li>\n<li><span dir=\"auto\">Keramikwaschbecken<\/span><\/li>\n<li><span dir=\"auto\">Farben: gl\u00e4nzend wei\u00df, matt graphit<\/span><\/li>\n<\/ul>\n","protected":false},"excerpt":{"rendered":"<div class=\"woocommerce-product-details__short-description\">\n<p><span dir=\"auto\"><span class=\"VIpgJd-yAWNEb-VIpgJd-fmcmS-sn54Q\" dir=\"auto\">Milos wandh\u00e4ngender Badezimmerm\u00f6bel-Unterschrank, 100 cm, erh\u00e4ltlich in Hochglanzwei\u00df und Mattgraphit, mit Keramikwaschbecken<\/span><\/span><\/p>\n<\/div>\n<div class=\"woocommerce-product-rating\">\n<div class=\"star-rating\" role=\"img\" aria-label=\"Bewertung: 5,00 von 5 Sternen\"><\/div>\n<\/div>\n","protected":false},"featured_media":115064,"comment_status":"open","ping_status":"closed","template":"","meta":[],"product_brand":[9898],"product_cat":[9720],"product_tag":[],"class_list":{"0":"post-79955","1":"product","2":"type-product","3":"status-publish","4":"has-post-thumbnail","6":"product_brand-baden-haus-de","7":"product_cat-badmobel-von-71-bis-100-cm-moderne-mobel","9":"first","10":"instock","11":"sale","12":"taxable","13":"shipping-taxable","14":"purchasable","15":"product-type-simple"},"exclude_global_add_ons":false,"addons":[{"name":"Farbe","type":"multiple_choice","position":0,"required":true,"title_format":"heading","default":"","description_enable":false,"description":"","placeholder_enable":false,"placeholder":"","display":"select","restrictions_type":"any_text","adjust_price":false,"price":"","price_type":"flat_fee","restrictions":false,"min":"0","max":"0","options":[{"label":"Wei\u00df gl\u00e4nzend","price":"","price_type":"quantity_based","image":0,"visibility":true},{"label":"Mattgraphit","price":"","price_type":"quantity_based","image":0,"visibility":true}],"id":1717430881},{"name":"Waschbecken","type":"multiple_choice","position":1,"required":true,"title_format":"heading","default":"","description_enable":false,"description":"","placeholder_enable":false,"placeholder":"","display":"select","restrictions_type":"any_text","adjust_price":false,"price":"","price_type":"flat_fee","restrictions":false,"min":"0","max":"0","options":[{"label":"Keramikwaschbecken","price":"","price_type":"quantity_based","image":0,"visibility":true},{"label":"Kristallwaschbecken","price":"84","price_type":"quantity_based","image":0,"visibility":true}],"id":1717430882},{"name":"Spalte","type":"multiple_choice","position":2,"required":true,"title_format":"heading","default":"","description_enable":false,"description":"","placeholder_enable":false,"placeholder":"","display":"select","restrictions_type":"any_text","adjust_price":false,"price":"","price_type":"flat_fee","restrictions":false,"min":"0","max":"0","options":[{"label":"KEINE Spalte","price":"","price_type":"quantity_based","image":0,"visibility":true},{"label":"eine Spalte 35x20xH140 cm","price":"189","price_type":"quantity_based","image":0,"visibility":true},{"label":"zwei Spalten 35x20xH140 cm","price":"378","price_type":"quantity_based","image":0,"visibility":true}],"id":1717430883},{"name":"Spiegel","type":"multiple_choice","position":3,"required":true,"title_format":"heading","default":"","description_enable":false,"description":"","placeholder_enable":false,"placeholder":"","display":"select","restrictions_type":"any_text","adjust_price":false,"price":"","price_type":"flat_fee","restrictions":false,"min":"0","max":"0","options":[{"label":"kein Spiegel","price":"","price_type":"quantity_based","image":0,"visibility":true},{"label":"75x100cm ovaler LED-Spiegel, mit Touch-Schalter und dekoriertem Rand","price":"210","price_type":"quantity_based","image":0,"visibility":true}],"id":1717430884}],"yoast_head":"<!-- This site is optimized with the Yoast SEO plugin v26.7 - https:\/\/yoast.com\/wordpress\/plugins\/seo\/ -->\n<title>Badm\u00f6bel-Set milos aufgeh\u00e4ngt 100 cm wei\u00df schwarz gl\u00e4nzend keramik waschbecken<\/title>\n<meta name=\"description\" content=\"100 cm Wand-Badm\u00f6bel in wei\u00df und schwarz gl\u00e4nzend mit Keramiksp\u00fcle\" \/>\n<meta name=\"robots\" content=\"index, follow, max-snippet:-1, max-image-preview:large, max-video-preview:-1\" \/>\n<link rel=\"canonical\" href=\"https:\/\/www.bagnoitalia.com\/de\/produkt\/badmobel-milos-aufgehangt-100-cm-weis-schwarz-glanzend-waschbecken-aus-keramik.html\" \/>\n<meta property=\"og:locale\" content=\"de_DE\" \/>\n<meta property=\"og:type\" content=\"article\" \/>\n<meta property=\"og:title\" content=\"Badm\u00f6bel-Set milos aufgeh\u00e4ngt 100 cm wei\u00df schwarz gl\u00e4nzend keramik waschbecken\" \/>\n<meta property=\"og:description\" content=\"100 cm Wand-Badm\u00f6bel in wei\u00df und schwarz gl\u00e4nzend mit Keramiksp\u00fcle\" \/>\n<meta property=\"og:url\" content=\"https:\/\/www.bagnoitalia.com\/de\/produkt\/badmobel-milos-aufgehangt-100-cm-weis-schwarz-glanzend-waschbecken-aus-keramik.html\" \/>\n<meta property=\"og:site_name\" content=\"Bagno Italia\" \/>\n<meta property=\"article:modified_time\" content=\"2025-11-27T13:17:11+00:00\" \/>\n<meta property=\"og:image\" content=\"https:\/\/img.bagnoitalia.com\/wp-content\/uploads\/mobile-bagno-moderno-sospesp-100-grafite-bianco.jpg\" \/>\n\t<meta property=\"og:image:width\" content=\"1000\" \/>\n\t<meta property=\"og:image:height\" content=\"1000\" \/>\n\t<meta property=\"og:image:type\" content=\"image\/jpeg\" \/>\n<meta name=\"twitter:card\" content=\"summary_large_image\" \/>\n<meta name=\"twitter:label1\" content=\"Gesch\u00e4tzte Lesezeit\" \/>\n\t<meta name=\"twitter:data1\" content=\"2\u00a0Minuten\" \/>\n<script type=\"application\/ld+json\" class=\"yoast-schema-graph\">{\"@context\":\"https:\/\/schema.org\",\"@graph\":[{\"@type\":\"WebPage\",\"@id\":\"https:\/\/www.bagnoitalia.com\/de\/produkt\/badmobel-milos-aufgehangt-100-cm-weis-schwarz-glanzend-waschbecken-aus-keramik.html\",\"url\":\"https:\/\/www.bagnoitalia.com\/de\/produkt\/badmobel-milos-aufgehangt-100-cm-weis-schwarz-glanzend-waschbecken-aus-keramik.html\",\"name\":\"Badm\u00f6bel-Set milos aufgeh\u00e4ngt 100 cm wei\u00df schwarz gl\u00e4nzend keramik waschbecken\",\"isPartOf\":{\"@id\":\"https:\/\/www.bagnoitalia.com\/de#website\"},\"primaryImageOfPage\":{\"@id\":\"https:\/\/www.bagnoitalia.com\/de\/produkt\/badmobel-milos-aufgehangt-100-cm-weis-schwarz-glanzend-waschbecken-aus-keramik.html#primaryimage\"},\"image\":{\"@id\":\"https:\/\/www.bagnoitalia.com\/de\/produkt\/badmobel-milos-aufgehangt-100-cm-weis-schwarz-glanzend-waschbecken-aus-keramik.html#primaryimage\"},\"thumbnailUrl\":\"https:\/\/img.bagnoitalia.com\/wp-content\/uploads\/mobile-bagno-moderno-sospesp-100-grafite-bianco.jpg\",\"datePublished\":\"2016-04-14T05:45:14+00:00\",\"dateModified\":\"2025-11-27T13:17:11+00:00\",\"description\":\"100 cm Wand-Badm\u00f6bel in wei\u00df und schwarz gl\u00e4nzend mit Keramiksp\u00fcle\",\"breadcrumb\":{\"@id\":\"https:\/\/www.bagnoitalia.com\/de\/produkt\/badmobel-milos-aufgehangt-100-cm-weis-schwarz-glanzend-waschbecken-aus-keramik.html#breadcrumb\"},\"inLanguage\":\"de\",\"potentialAction\":[{\"@type\":\"ReadAction\",\"target\":[\"https:\/\/www.bagnoitalia.com\/de\/produkt\/badmobel-milos-aufgehangt-100-cm-weis-schwarz-glanzend-waschbecken-aus-keramik.html\"]}]},{\"@type\":\"ImageObject\",\"inLanguage\":\"de\",\"@id\":\"https:\/\/www.bagnoitalia.com\/de\/produkt\/badmobel-milos-aufgehangt-100-cm-weis-schwarz-glanzend-waschbecken-aus-keramik.html#primaryimage\",\"url\":\"https:\/\/img.bagnoitalia.com\/wp-content\/uploads\/mobile-bagno-moderno-sospesp-100-grafite-bianco.jpg\",\"contentUrl\":\"https:\/\/img.bagnoitalia.com\/wp-content\/uploads\/mobile-bagno-moderno-sospesp-100-grafite-bianco.jpg\",\"width\":1000,\"height\":1000},{\"@type\":\"BreadcrumbList\",\"@id\":\"https:\/\/www.bagnoitalia.com\/de\/produkt\/badmobel-milos-aufgehangt-100-cm-weis-schwarz-glanzend-waschbecken-aus-keramik.html#breadcrumb\",\"itemListElement\":[{\"@type\":\"ListItem\",\"position\":1,\"name\":\"Home\",\"item\":\"https:\/\/www.bagnoitalia.com\/de\"},{\"@type\":\"ListItem\",\"position\":2,\"name\":\"Produkte\",\"item\":\"https:\/\/www.bagnoitalia.com\/de\/shop\"},{\"@type\":\"ListItem\",\"position\":3,\"name\":\"Milos Wand-Badezimmerschrank, 100 cm, wei\u00df oder graphit, Keramikwaschbecken\"}]},{\"@type\":\"WebSite\",\"@id\":\"https:\/\/www.bagnoitalia.com\/de#website\",\"url\":\"https:\/\/www.bagnoitalia.com\/de\",\"name\":\"Bagno Italia\",\"description\":\"\",\"publisher\":{\"@id\":\"https:\/\/www.bagnoitalia.com\/de#organization\"},\"potentialAction\":[{\"@type\":\"SearchAction\",\"target\":{\"@type\":\"EntryPoint\",\"urlTemplate\":\"https:\/\/www.bagnoitalia.com\/de?s={search_term_string}\"},\"query-input\":{\"@type\":\"PropertyValueSpecification\",\"valueRequired\":true,\"valueName\":\"search_term_string\"}}],\"inLanguage\":\"de\"},{\"@type\":\"Organization\",\"@id\":\"https:\/\/www.bagnoitalia.com\/de#organization\",\"name\":\"Bagno Italia\",\"url\":\"https:\/\/www.bagnoitalia.com\/de\",\"logo\":{\"@type\":\"ImageObject\",\"inLanguage\":\"de\",\"@id\":\"https:\/\/www.bagnoitalia.com\/de#\/schema\/logo\/image\/\",\"url\":\"https:\/\/img.bagnoitalia.com\/wp-content\/uploads\/logo-bagnoitalia.webp\",\"contentUrl\":\"https:\/\/img.bagnoitalia.com\/wp-content\/uploads\/logo-bagnoitalia.webp\",\"width\":400,\"height\":70,\"caption\":\"Bagno Italia\"},\"image\":{\"@id\":\"https:\/\/www.bagnoitalia.com\/de#\/schema\/logo\/image\/\"}}]}<\/script>\n<!-- \/ Yoast SEO plugin. -->","yoast_head_json":{"title":"Badm\u00f6bel-Set milos aufgeh\u00e4ngt 100 cm wei\u00df schwarz gl\u00e4nzend keramik waschbecken","description":"100 cm Wand-Badm\u00f6bel in wei\u00df und schwarz gl\u00e4nzend mit Keramiksp\u00fcle","robots":{"index":"index","follow":"follow","max-snippet":"max-snippet:-1","max-image-preview":"max-image-preview:large","max-video-preview":"max-video-preview:-1"},"canonical":"https:\/\/www.bagnoitalia.com\/de\/produkt\/badmobel-milos-aufgehangt-100-cm-weis-schwarz-glanzend-waschbecken-aus-keramik.html","og_locale":"de_DE","og_type":"article","og_title":"Badm\u00f6bel-Set milos aufgeh\u00e4ngt 100 cm wei\u00df schwarz gl\u00e4nzend keramik waschbecken","og_description":"100 cm Wand-Badm\u00f6bel in wei\u00df und schwarz gl\u00e4nzend mit Keramiksp\u00fcle","og_url":"https:\/\/www.bagnoitalia.com\/de\/produkt\/badmobel-milos-aufgehangt-100-cm-weis-schwarz-glanzend-waschbecken-aus-keramik.html","og_site_name":"Bagno Italia","article_modified_time":"2025-11-27T13:17:11+00:00","og_image":[{"width":1000,"height":1000,"url":"https:\/\/img.bagnoitalia.com\/wp-content\/uploads\/mobile-bagno-moderno-sospesp-100-grafite-bianco.jpg","type":"image\/jpeg"}],"twitter_card":"summary_large_image","twitter_misc":{"Gesch\u00e4tzte Lesezeit":"2\u00a0Minuten"},"schema":{"@context":"https:\/\/schema.org","@graph":[{"@type":"WebPage","@id":"https:\/\/www.bagnoitalia.com\/de\/produkt\/badmobel-milos-aufgehangt-100-cm-weis-schwarz-glanzend-waschbecken-aus-keramik.html","url":"https:\/\/www.bagnoitalia.com\/de\/produkt\/badmobel-milos-aufgehangt-100-cm-weis-schwarz-glanzend-waschbecken-aus-keramik.html","name":"Badm\u00f6bel-Set milos aufgeh\u00e4ngt 100 cm wei\u00df schwarz gl\u00e4nzend keramik waschbecken","isPartOf":{"@id":"https:\/\/www.bagnoitalia.com\/de#website"},"primaryImageOfPage":{"@id":"https:\/\/www.bagnoitalia.com\/de\/produkt\/badmobel-milos-aufgehangt-100-cm-weis-schwarz-glanzend-waschbecken-aus-keramik.html#primaryimage"},"image":{"@id":"https:\/\/www.bagnoitalia.com\/de\/produkt\/badmobel-milos-aufgehangt-100-cm-weis-schwarz-glanzend-waschbecken-aus-keramik.html#primaryimage"},"thumbnailUrl":"https:\/\/img.bagnoitalia.com\/wp-content\/uploads\/mobile-bagno-moderno-sospesp-100-grafite-bianco.jpg","datePublished":"2016-04-14T05:45:14+00:00","dateModified":"2025-11-27T13:17:11+00:00","description":"100 cm Wand-Badm\u00f6bel in wei\u00df und schwarz gl\u00e4nzend mit Keramiksp\u00fcle","breadcrumb":{"@id":"https:\/\/www.bagnoitalia.com\/de\/produkt\/badmobel-milos-aufgehangt-100-cm-weis-schwarz-glanzend-waschbecken-aus-keramik.html#breadcrumb"},"inLanguage":"de","potentialAction":[{"@type":"ReadAction","target":["https:\/\/www.bagnoitalia.com\/de\/produkt\/badmobel-milos-aufgehangt-100-cm-weis-schwarz-glanzend-waschbecken-aus-keramik.html"]}]},{"@type":"ImageObject","inLanguage":"de","@id":"https:\/\/www.bagnoitalia.com\/de\/produkt\/badmobel-milos-aufgehangt-100-cm-weis-schwarz-glanzend-waschbecken-aus-keramik.html#primaryimage","url":"https:\/\/img.bagnoitalia.com\/wp-content\/uploads\/mobile-bagno-moderno-sospesp-100-grafite-bianco.jpg","contentUrl":"https:\/\/img.bagnoitalia.com\/wp-content\/uploads\/mobile-bagno-moderno-sospesp-100-grafite-bianco.jpg","width":1000,"height":1000},{"@type":"BreadcrumbList","@id":"https:\/\/www.bagnoitalia.com\/de\/produkt\/badmobel-milos-aufgehangt-100-cm-weis-schwarz-glanzend-waschbecken-aus-keramik.html#breadcrumb","itemListElement":[{"@type":"ListItem","position":1,"name":"Home","item":"https:\/\/www.bagnoitalia.com\/de"},{"@type":"ListItem","position":2,"name":"Produkte","item":"https:\/\/www.bagnoitalia.com\/de\/shop"},{"@type":"ListItem","position":3,"name":"Milos Wand-Badezimmerschrank, 100 cm, wei\u00df oder graphit, Keramikwaschbecken"}]},{"@type":"WebSite","@id":"https:\/\/www.bagnoitalia.com\/de#website","url":"https:\/\/www.bagnoitalia.com\/de","name":"Bagno Italia","description":"","publisher":{"@id":"https:\/\/www.bagnoitalia.com\/de#organization"},"potentialAction":[{"@type":"SearchAction","target":{"@type":"EntryPoint","urlTemplate":"https:\/\/www.bagnoitalia.com\/de?s={search_term_string}"},"query-input":{"@type":"PropertyValueSpecification","valueRequired":true,"valueName":"search_term_string"}}],"inLanguage":"de"},{"@type":"Organization","@id":"https:\/\/www.bagnoitalia.com\/de#organization","name":"Bagno Italia","url":"https:\/\/www.bagnoitalia.com\/de","logo":{"@type":"ImageObject","inLanguage":"de","@id":"https:\/\/www.bagnoitalia.com\/de#\/schema\/logo\/image\/","url":"https:\/\/img.bagnoitalia.com\/wp-content\/uploads\/logo-bagnoitalia.webp","contentUrl":"https:\/\/img.bagnoitalia.com\/wp-content\/uploads\/logo-bagnoitalia.webp","width":400,"height":70,"caption":"Bagno Italia"},"image":{"@id":"https:\/\/www.bagnoitalia.com\/de#\/schema\/logo\/image\/"}}]}},"_links":{"self":[{"href":"https:\/\/www.bagnoitalia.com\/de\/wp-json\/wp\/v2\/product\/79955","targetHints":{"allow":["GET"]}}],"collection":[{"href":"https:\/\/www.bagnoitalia.com\/de\/wp-json\/wp\/v2\/product"}],"about":[{"href":"https:\/\/www.bagnoitalia.com\/de\/wp-json\/wp\/v2\/types\/product"}],"replies":[{"embeddable":true,"href":"https:\/\/www.bagnoitalia.com\/de\/wp-json\/wp\/v2\/comments?post=79955"}],"version-history":[{"count":3,"href":"https:\/\/www.bagnoitalia.com\/de\/wp-json\/wp\/v2\/product\/79955\/revisions"}],"predecessor-version":[{"id":115077,"href":"https:\/\/www.bagnoitalia.com\/de\/wp-json\/wp\/v2\/product\/79955\/revisions\/115077"}],"wp:featuredmedia":[{"embeddable":true,"href":"https:\/\/www.bagnoitalia.com\/de\/wp-json\/wp\/v2\/media\/115064"}],"wp:attachment":[{"href":"https:\/\/www.bagnoitalia.com\/de\/wp-json\/wp\/v2\/media?parent=79955"}],"wp:term":[{"taxonomy":"product_brand","embeddable":true,"href":"https:\/\/www.bagnoitalia.com\/de\/wp-json\/wp\/v2\/product_brand?post=79955"},{"taxonomy":"product_cat","embeddable":true,"href":"https:\/\/www.bagnoitalia.com\/de\/wp-json\/wp\/v2\/product_cat?post=79955"},{"taxonomy":"product_tag","embeddable":true,"href":"https:\/\/www.bagnoitalia.com\/de\/wp-json\/wp\/v2\/product_tag?post=79955"}],"curies":[{"name":"wp","href":"https:\/\/api.w.org\/{rel}","templated":true}]}}