{"id":79807,"date":"2016-03-08T10:27:29","date_gmt":"2016-03-08T09:27:29","guid":{"rendered":"https:\/\/www.bagnoitalia.com\/product\/omega-80x35-oder-100x35-ultraflaches-badmobel-aus-weiser-oder-taupe-grauer-keramik"},"modified":"2026-03-12T20:33:24","modified_gmt":"2026-03-12T19:33:24","slug":"omega-80x35-oder-100x35-ultraflaches-badmobel-aus-weiser-oder-taupe-grauer-keramik","status":"publish","type":"product","link":"https:\/\/www.bagnoitalia.com\/de\/produkt\/omega-80x35-oder-100x35-ultraflaches-badmobel-aus-weiser-oder-taupe-grauer-keramik.html","title":{"rendered":"Omega Badschrank, 80&#215;35 oder 100x35cm, platzsparend, in gl\u00e4nzendem wei\u00df oder maulwurfsgrau, Keramikwaschbecken"},"content":{"rendered":"<p><img fetchpriority=\"high\" decoding=\"async\" class=\" size-full wp-image-8414\" src=\"https:\/\/img.bagnoitalia.com\/wp-content\/uploads\/1a.png\" alt=\"halt\" width=\"676\" height=\"165\" srcset=\"https:\/\/img.bagnoitalia.com\/wp-content\/uploads\/1a.png 676w, https:\/\/img.bagnoitalia.com\/wp-content\/uploads\/1a-441x108.png 441w, https:\/\/img.bagnoitalia.com\/wp-content\/uploads\/1a-600x146.png 600w, https:\/\/img.bagnoitalia.com\/wp-content\/uploads\/1a-150x37.png 150w\" sizes=\"(max-width: 676px) 100vw, 676px\" \/><\/p>\n<p>&nbsp;<\/p>\n<p><strong>Der Preis beinhaltet:<\/strong><\/p>\n<p>1 Waschbeckenunterschrank mit 2 T\u00fcren und 2 Schubladen: 80&#215;35,5x5cm (der 100cm Waschbeckenunterschrank besteht aus 3 T\u00fcren und 2 Schubladen)<\/p>\n<p>1 Keramikwaschbecken: 81x36cm<\/p>\n<p>&nbsp;<\/p>\n<p>\u00dcber das Seitenmen\u00fc kann ein 80x60cm gro\u00dfer Spiegel hinzugef\u00fcgt werden.<\/p>\n<p>Halogenwandleuchte: warmes Licht, zwei 20W-Gl\u00fchlampen (insgesamt 40Watt)<\/p>\n<p>LED-Wandleuchte: 8Watt Kaltlicht<\/p>\n<p>&nbsp;<\/p>\n<p>Die Tiefe des Waschbeckens betr\u00e4gt ca. 13,5cm.<\/p>\n<p>&nbsp;<\/p>\n<p><strong>Material:<\/strong><\/p>\n<p>Lackierte MDF-Struktur<\/p>\n<p>Schubladenschienen aus Metall<\/p>\n<p>T\u00fcren ohne Griffe<\/p>\n<p>T\u00fcren und Schubladen mit soft-close-System<\/p>\n<p>&nbsp;<\/p>\n<p>Schrank nur 35,5cm tief, geeignet f\u00fcr kleine R\u00e4ume. Dieses Produkt ist das am wenigsten tiefe M\u00f6belst\u00fcck unserer gesamten Kollektion.<\/p>\n<p>&nbsp;<\/p>\n","protected":false},"excerpt":{"rendered":"<p>Platzsparender Omega Badschrank (35cm tief) erh\u00e4ltlich in gl\u00e4nzendem wei\u00df oder maulwurfsgrau<\/p>\n","protected":false},"featured_media":97823,"comment_status":"open","ping_status":"closed","template":"","meta":[],"product_brand":[9898],"product_cat":[9962,9720],"product_tag":[],"class_list":{"0":"post-79807","1":"product","2":"type-product","3":"status-publish","4":"has-post-thumbnail","6":"product_brand-baden-haus-de","7":"product_cat-showroom-de","8":"product_cat-badmobel-von-71-bis-100-cm-moderne-mobel","10":"first","11":"instock","12":"sale","13":"taxable","14":"shipping-taxable","15":"purchasable","16":"product-type-simple"},"exclude_global_add_ons":false,"addons":[{"name":"Typ","type":"multiple_choice","position":0,"required":true,"title_format":"heading","default":"","description_enable":false,"description":"","placeholder_enable":false,"placeholder":"","display":"select","restrictions_type":"any_text","adjust_price":false,"price":"","price_type":"flat_fee","restrictions":false,"min":"0","max":"0","options":[{"label":"cm 80","price":"","price_type":"quantity_based","image":0,"visibility":true},{"label":"cm 100","price":"70","price_type":"quantity_based","image":0,"visibility":true}],"id":1716996630},{"name":"Farbe des Schranks","type":"multiple_choice","position":1,"required":true,"title_format":"heading","default":"","description_enable":false,"description":"","placeholder_enable":false,"placeholder":"","display":"select","restrictions_type":"any_text","adjust_price":false,"price":"","price_type":"flat_fee","restrictions":false,"min":"0","max":"0","options":[{"label":"Gl\u00e4nzend wei\u00df","price":"","price_type":"quantity_based","image":0,"visibility":true},{"label":"Taupe grau","price":"","price_type":"quantity_based","image":0,"visibility":true}],"id":1716996631},{"name":"Spiegel","type":"multiple_choice","position":2,"required":true,"title_format":"heading","default":"","description_enable":false,"description":"","placeholder_enable":false,"placeholder":"","display":"select","restrictions_type":"any_text","adjust_price":false,"price":"","price_type":"flat_fee","restrictions":false,"min":"0","max":"0","options":[{"label":"nein","price":"","price_type":"quantity_based","image":0,"visibility":true},{"label":"80x60 mit verchromter LED-Wandleuchte","price":"65","price_type":"quantity_based","image":0,"visibility":true},{"label":"80x60 mit schwarzer LED-Wandleuchte","price":"65","price_type":"flat_fee","image":0,"visibility":true}],"id":1716996632},{"name":"S\u00e4ule","type":"multiple_choice","position":3,"required":true,"title_format":"heading","default":"","description_enable":false,"description":"","placeholder_enable":false,"placeholder":"","display":"select","restrictions_type":"any_text","adjust_price":false,"price":"","price_type":"flat_fee","restrictions":false,"min":"0","max":"0","options":[{"label":"nein","price":"","price_type":"quantity_based","image":0,"visibility":true},{"label":"1 S\u00e4ule 35x20xH140 cm","price":"179","price_type":"quantity_based","image":0,"visibility":true}],"id":1716996633}],"yoast_head":"<!-- This site is optimized with the Yoast SEO plugin v26.7 - https:\/\/yoast.com\/wordpress\/plugins\/seo\/ -->\n<title>Badm\u00f6bel Giulia cm 100 gl\u00e4nzend wei\u00df und taupe grau ultraflach<\/title>\n<meta name=\"description\" content=\"Giulia Badm\u00f6bel mit reduzierter Tiefe von 35 cm Farben erh\u00e4ltlich in gl\u00e4nzendem Wei\u00df und Taupe-Grau\" \/>\n<meta name=\"robots\" content=\"index, follow, max-snippet:-1, max-image-preview:large, max-video-preview:-1\" \/>\n<link rel=\"canonical\" href=\"https:\/\/www.bagnoitalia.com\/de\/produkt\/omega-80x35-oder-100x35-ultraflaches-badmobel-aus-weiser-oder-taupe-grauer-keramik.html\" \/>\n<meta property=\"og:locale\" content=\"de_DE\" \/>\n<meta property=\"og:type\" content=\"article\" \/>\n<meta property=\"og:title\" content=\"Badm\u00f6bel Giulia cm 100 gl\u00e4nzend wei\u00df und taupe grau ultraflach\" \/>\n<meta property=\"og:description\" content=\"Giulia Badm\u00f6bel mit reduzierter Tiefe von 35 cm Farben erh\u00e4ltlich in gl\u00e4nzendem Wei\u00df und Taupe-Grau\" \/>\n<meta property=\"og:url\" content=\"https:\/\/www.bagnoitalia.com\/de\/produkt\/omega-80x35-oder-100x35-ultraflaches-badmobel-aus-weiser-oder-taupe-grauer-keramik.html\" \/>\n<meta property=\"og:site_name\" content=\"Bagno Italia\" \/>\n<meta property=\"article:modified_time\" content=\"2026-03-12T19:33:24+00:00\" \/>\n<meta property=\"og:image\" content=\"https:\/\/img.bagnoitalia.com\/wp-content\/uploads\/1-56.webp\" \/>\n\t<meta property=\"og:image:width\" content=\"550\" \/>\n\t<meta property=\"og:image:height\" content=\"550\" \/>\n\t<meta property=\"og:image:type\" content=\"image\/webp\" \/>\n<meta name=\"twitter:card\" content=\"summary_large_image\" \/>\n<meta name=\"twitter:label1\" content=\"Gesch\u00e4tzte Lesezeit\" \/>\n\t<meta name=\"twitter:data1\" content=\"1\u00a0Minute\" \/>\n<script type=\"application\/ld+json\" class=\"yoast-schema-graph\">{\"@context\":\"https:\/\/schema.org\",\"@graph\":[{\"@type\":\"WebPage\",\"@id\":\"https:\/\/www.bagnoitalia.com\/de\/produkt\/omega-80x35-oder-100x35-ultraflaches-badmobel-aus-weiser-oder-taupe-grauer-keramik.html\",\"url\":\"https:\/\/www.bagnoitalia.com\/de\/produkt\/omega-80x35-oder-100x35-ultraflaches-badmobel-aus-weiser-oder-taupe-grauer-keramik.html\",\"name\":\"Badm\u00f6bel Giulia cm 100 gl\u00e4nzend wei\u00df und taupe grau ultraflach\",\"isPartOf\":{\"@id\":\"https:\/\/www.bagnoitalia.com\/de#website\"},\"primaryImageOfPage\":{\"@id\":\"https:\/\/www.bagnoitalia.com\/de\/produkt\/omega-80x35-oder-100x35-ultraflaches-badmobel-aus-weiser-oder-taupe-grauer-keramik.html#primaryimage\"},\"image\":{\"@id\":\"https:\/\/www.bagnoitalia.com\/de\/produkt\/omega-80x35-oder-100x35-ultraflaches-badmobel-aus-weiser-oder-taupe-grauer-keramik.html#primaryimage\"},\"thumbnailUrl\":\"https:\/\/img.bagnoitalia.com\/wp-content\/uploads\/1-56.webp\",\"datePublished\":\"2016-03-08T09:27:29+00:00\",\"dateModified\":\"2026-03-12T19:33:24+00:00\",\"description\":\"Giulia Badm\u00f6bel mit reduzierter Tiefe von 35 cm Farben erh\u00e4ltlich in gl\u00e4nzendem Wei\u00df und Taupe-Grau\",\"breadcrumb\":{\"@id\":\"https:\/\/www.bagnoitalia.com\/de\/produkt\/omega-80x35-oder-100x35-ultraflaches-badmobel-aus-weiser-oder-taupe-grauer-keramik.html#breadcrumb\"},\"inLanguage\":\"de\",\"potentialAction\":[{\"@type\":\"ReadAction\",\"target\":[\"https:\/\/www.bagnoitalia.com\/de\/produkt\/omega-80x35-oder-100x35-ultraflaches-badmobel-aus-weiser-oder-taupe-grauer-keramik.html\"]}]},{\"@type\":\"ImageObject\",\"inLanguage\":\"de\",\"@id\":\"https:\/\/www.bagnoitalia.com\/de\/produkt\/omega-80x35-oder-100x35-ultraflaches-badmobel-aus-weiser-oder-taupe-grauer-keramik.html#primaryimage\",\"url\":\"https:\/\/img.bagnoitalia.com\/wp-content\/uploads\/1-56.webp\",\"contentUrl\":\"https:\/\/img.bagnoitalia.com\/wp-content\/uploads\/1-56.webp\",\"width\":550,\"height\":550},{\"@type\":\"BreadcrumbList\",\"@id\":\"https:\/\/www.bagnoitalia.com\/de\/produkt\/omega-80x35-oder-100x35-ultraflaches-badmobel-aus-weiser-oder-taupe-grauer-keramik.html#breadcrumb\",\"itemListElement\":[{\"@type\":\"ListItem\",\"position\":1,\"name\":\"Home\",\"item\":\"https:\/\/www.bagnoitalia.com\/de\"},{\"@type\":\"ListItem\",\"position\":2,\"name\":\"Produkte\",\"item\":\"https:\/\/www.bagnoitalia.com\/de\/shop\"},{\"@type\":\"ListItem\",\"position\":3,\"name\":\"Omega Badschrank, 80&#215;35 oder 100x35cm, platzsparend, in gl\u00e4nzendem wei\u00df oder maulwurfsgrau, Keramikwaschbecken\"}]},{\"@type\":\"WebSite\",\"@id\":\"https:\/\/www.bagnoitalia.com\/de#website\",\"url\":\"https:\/\/www.bagnoitalia.com\/de\",\"name\":\"Bagno Italia\",\"description\":\"\",\"publisher\":{\"@id\":\"https:\/\/www.bagnoitalia.com\/de#organization\"},\"potentialAction\":[{\"@type\":\"SearchAction\",\"target\":{\"@type\":\"EntryPoint\",\"urlTemplate\":\"https:\/\/www.bagnoitalia.com\/de?s={search_term_string}\"},\"query-input\":{\"@type\":\"PropertyValueSpecification\",\"valueRequired\":true,\"valueName\":\"search_term_string\"}}],\"inLanguage\":\"de\"},{\"@type\":\"Organization\",\"@id\":\"https:\/\/www.bagnoitalia.com\/de#organization\",\"name\":\"Bagno Italia\",\"url\":\"https:\/\/www.bagnoitalia.com\/de\",\"logo\":{\"@type\":\"ImageObject\",\"inLanguage\":\"de\",\"@id\":\"https:\/\/www.bagnoitalia.com\/de#\/schema\/logo\/image\/\",\"url\":\"https:\/\/img.bagnoitalia.com\/wp-content\/uploads\/logo-bagnoitalia.webp\",\"contentUrl\":\"https:\/\/img.bagnoitalia.com\/wp-content\/uploads\/logo-bagnoitalia.webp\",\"width\":400,\"height\":70,\"caption\":\"Bagno Italia\"},\"image\":{\"@id\":\"https:\/\/www.bagnoitalia.com\/de#\/schema\/logo\/image\/\"}}]}<\/script>\n<!-- \/ Yoast SEO plugin. -->","yoast_head_json":{"title":"Badm\u00f6bel Giulia cm 100 gl\u00e4nzend wei\u00df und taupe grau ultraflach","description":"Giulia Badm\u00f6bel mit reduzierter Tiefe von 35 cm Farben erh\u00e4ltlich in gl\u00e4nzendem Wei\u00df und Taupe-Grau","robots":{"index":"index","follow":"follow","max-snippet":"max-snippet:-1","max-image-preview":"max-image-preview:large","max-video-preview":"max-video-preview:-1"},"canonical":"https:\/\/www.bagnoitalia.com\/de\/produkt\/omega-80x35-oder-100x35-ultraflaches-badmobel-aus-weiser-oder-taupe-grauer-keramik.html","og_locale":"de_DE","og_type":"article","og_title":"Badm\u00f6bel Giulia cm 100 gl\u00e4nzend wei\u00df und taupe grau ultraflach","og_description":"Giulia Badm\u00f6bel mit reduzierter Tiefe von 35 cm Farben erh\u00e4ltlich in gl\u00e4nzendem Wei\u00df und Taupe-Grau","og_url":"https:\/\/www.bagnoitalia.com\/de\/produkt\/omega-80x35-oder-100x35-ultraflaches-badmobel-aus-weiser-oder-taupe-grauer-keramik.html","og_site_name":"Bagno Italia","article_modified_time":"2026-03-12T19:33:24+00:00","og_image":[{"width":550,"height":550,"url":"https:\/\/img.bagnoitalia.com\/wp-content\/uploads\/1-56.webp","type":"image\/webp"}],"twitter_card":"summary_large_image","twitter_misc":{"Gesch\u00e4tzte Lesezeit":"1\u00a0Minute"},"schema":{"@context":"https:\/\/schema.org","@graph":[{"@type":"WebPage","@id":"https:\/\/www.bagnoitalia.com\/de\/produkt\/omega-80x35-oder-100x35-ultraflaches-badmobel-aus-weiser-oder-taupe-grauer-keramik.html","url":"https:\/\/www.bagnoitalia.com\/de\/produkt\/omega-80x35-oder-100x35-ultraflaches-badmobel-aus-weiser-oder-taupe-grauer-keramik.html","name":"Badm\u00f6bel Giulia cm 100 gl\u00e4nzend wei\u00df und taupe grau ultraflach","isPartOf":{"@id":"https:\/\/www.bagnoitalia.com\/de#website"},"primaryImageOfPage":{"@id":"https:\/\/www.bagnoitalia.com\/de\/produkt\/omega-80x35-oder-100x35-ultraflaches-badmobel-aus-weiser-oder-taupe-grauer-keramik.html#primaryimage"},"image":{"@id":"https:\/\/www.bagnoitalia.com\/de\/produkt\/omega-80x35-oder-100x35-ultraflaches-badmobel-aus-weiser-oder-taupe-grauer-keramik.html#primaryimage"},"thumbnailUrl":"https:\/\/img.bagnoitalia.com\/wp-content\/uploads\/1-56.webp","datePublished":"2016-03-08T09:27:29+00:00","dateModified":"2026-03-12T19:33:24+00:00","description":"Giulia Badm\u00f6bel mit reduzierter Tiefe von 35 cm Farben erh\u00e4ltlich in gl\u00e4nzendem Wei\u00df und Taupe-Grau","breadcrumb":{"@id":"https:\/\/www.bagnoitalia.com\/de\/produkt\/omega-80x35-oder-100x35-ultraflaches-badmobel-aus-weiser-oder-taupe-grauer-keramik.html#breadcrumb"},"inLanguage":"de","potentialAction":[{"@type":"ReadAction","target":["https:\/\/www.bagnoitalia.com\/de\/produkt\/omega-80x35-oder-100x35-ultraflaches-badmobel-aus-weiser-oder-taupe-grauer-keramik.html"]}]},{"@type":"ImageObject","inLanguage":"de","@id":"https:\/\/www.bagnoitalia.com\/de\/produkt\/omega-80x35-oder-100x35-ultraflaches-badmobel-aus-weiser-oder-taupe-grauer-keramik.html#primaryimage","url":"https:\/\/img.bagnoitalia.com\/wp-content\/uploads\/1-56.webp","contentUrl":"https:\/\/img.bagnoitalia.com\/wp-content\/uploads\/1-56.webp","width":550,"height":550},{"@type":"BreadcrumbList","@id":"https:\/\/www.bagnoitalia.com\/de\/produkt\/omega-80x35-oder-100x35-ultraflaches-badmobel-aus-weiser-oder-taupe-grauer-keramik.html#breadcrumb","itemListElement":[{"@type":"ListItem","position":1,"name":"Home","item":"https:\/\/www.bagnoitalia.com\/de"},{"@type":"ListItem","position":2,"name":"Produkte","item":"https:\/\/www.bagnoitalia.com\/de\/shop"},{"@type":"ListItem","position":3,"name":"Omega Badschrank, 80&#215;35 oder 100x35cm, platzsparend, in gl\u00e4nzendem wei\u00df oder maulwurfsgrau, Keramikwaschbecken"}]},{"@type":"WebSite","@id":"https:\/\/www.bagnoitalia.com\/de#website","url":"https:\/\/www.bagnoitalia.com\/de","name":"Bagno Italia","description":"","publisher":{"@id":"https:\/\/www.bagnoitalia.com\/de#organization"},"potentialAction":[{"@type":"SearchAction","target":{"@type":"EntryPoint","urlTemplate":"https:\/\/www.bagnoitalia.com\/de?s={search_term_string}"},"query-input":{"@type":"PropertyValueSpecification","valueRequired":true,"valueName":"search_term_string"}}],"inLanguage":"de"},{"@type":"Organization","@id":"https:\/\/www.bagnoitalia.com\/de#organization","name":"Bagno Italia","url":"https:\/\/www.bagnoitalia.com\/de","logo":{"@type":"ImageObject","inLanguage":"de","@id":"https:\/\/www.bagnoitalia.com\/de#\/schema\/logo\/image\/","url":"https:\/\/img.bagnoitalia.com\/wp-content\/uploads\/logo-bagnoitalia.webp","contentUrl":"https:\/\/img.bagnoitalia.com\/wp-content\/uploads\/logo-bagnoitalia.webp","width":400,"height":70,"caption":"Bagno Italia"},"image":{"@id":"https:\/\/www.bagnoitalia.com\/de#\/schema\/logo\/image\/"}}]}},"_links":{"self":[{"href":"https:\/\/www.bagnoitalia.com\/de\/wp-json\/wp\/v2\/product\/79807","targetHints":{"allow":["GET"]}}],"collection":[{"href":"https:\/\/www.bagnoitalia.com\/de\/wp-json\/wp\/v2\/product"}],"about":[{"href":"https:\/\/www.bagnoitalia.com\/de\/wp-json\/wp\/v2\/types\/product"}],"replies":[{"embeddable":true,"href":"https:\/\/www.bagnoitalia.com\/de\/wp-json\/wp\/v2\/comments?post=79807"}],"version-history":[{"count":1,"href":"https:\/\/www.bagnoitalia.com\/de\/wp-json\/wp\/v2\/product\/79807\/revisions"}],"predecessor-version":[{"id":88841,"href":"https:\/\/www.bagnoitalia.com\/de\/wp-json\/wp\/v2\/product\/79807\/revisions\/88841"}],"wp:featuredmedia":[{"embeddable":true,"href":"https:\/\/www.bagnoitalia.com\/de\/wp-json\/wp\/v2\/media\/97823"}],"wp:attachment":[{"href":"https:\/\/www.bagnoitalia.com\/de\/wp-json\/wp\/v2\/media?parent=79807"}],"wp:term":[{"taxonomy":"product_brand","embeddable":true,"href":"https:\/\/www.bagnoitalia.com\/de\/wp-json\/wp\/v2\/product_brand?post=79807"},{"taxonomy":"product_cat","embeddable":true,"href":"https:\/\/www.bagnoitalia.com\/de\/wp-json\/wp\/v2\/product_cat?post=79807"},{"taxonomy":"product_tag","embeddable":true,"href":"https:\/\/www.bagnoitalia.com\/de\/wp-json\/wp\/v2\/product_tag?post=79807"}],"curies":[{"name":"wp","href":"https:\/\/api.w.org\/{rel}","templated":true}]}}