{"id":79751,"date":"2016-03-01T15:57:42","date_gmt":"2016-03-01T14:57:42","guid":{"rendered":"https:\/\/www.bagnoitalia.com\/product\/ovales-waschbecken-59x39-60x37-aus-weiser-keramik-oder-aus-silbernem-maria-modell"},"modified":"2024-05-28T15:41:04","modified_gmt":"2024-05-28T13:41:04","slug":"ovales-waschbecken-59x39-60x37-aus-weiser-keramik-oder-aus-silbernem-maria-modell","status":"publish","type":"product","link":"https:\/\/www.bagnoitalia.com\/de\/produkt\/ovales-waschbecken-59x39-60x37-aus-weiser-keramik-oder-aus-silbernem-maria-modell.html","title":{"rendered":"Ovaler Aufsatzwaschtisch 60&#215;37 aus wei\u00dfer Keramik Modell Maria"},"content":{"rendered":"<p style=\"text-align: center;\"><span style=\"text-decoration: underline; color: #ff0000; font-size: 18pt;\"><strong>Aufsatzwaschtisch Modell maria<\/strong><\/span><\/p>\n<p>Keramik-Waschtisch, wei\u00df gl\u00e4nzend<\/p>\n<p>Au\u00dfenma\u00dfe 60x37xH19 cm<\/p>\n<p>Mit \u00dcberlaufloch<\/p>\n<p>&nbsp;<\/p>\n<p>&nbsp;<\/p>\n<p>WASSERH\u00c4HNE NICHT INBEGRIFFEN<\/p>\n<p>&nbsp;<\/p>\n<p>&nbsp;<\/p>\n<p>Es ist auch m\u00f6glich, den automatischen Abfluss zusammen mit dem Waschtisch zu kaufen, indem Sie ihn im Men\u00fc oben rechts ausw\u00e4hlen<\/p>\n<p>&nbsp;<\/p>\n<p>&nbsp;<\/p>\n<p>&nbsp;<\/p>\n<p>&nbsp;<\/p>\n<p>&nbsp;<\/p>\n<p>LAV8<\/p>\n","protected":false},"excerpt":{"rendered":"<p>Ovales Aufsatzwaschbecken in der Gr\u00f6\u00dfe 60&#215;37 aus Keramik Modell maria<\/p>\n","protected":false},"featured_media":115577,"comment_status":"open","ping_status":"closed","template":"","meta":[],"product_brand":[9883],"product_cat":[9700],"product_tag":[],"class_list":{"0":"post-79751","1":"product","2":"type-product","3":"status-publish","4":"has-post-thumbnail","6":"product_brand-deghi-de","7":"product_cat-aufsatzwaschbecken","9":"first","10":"instock","11":"sale","12":"taxable","13":"shipping-taxable","14":"purchasable","15":"product-type-simple"},"exclude_global_add_ons":false,"addons":[{"name":"Abfluss","type":"multiple_choice","position":0,"required":true,"title_format":"heading","default":"","description_enable":false,"description":"","placeholder_enable":false,"placeholder":"","display":"select","restrictions_type":"any_text","adjust_price":false,"price":"","price_type":"flat_fee","restrictions":false,"min":"0","max":"0","options":[{"label":"Kein Abfluss","price":"","price_type":"quantity_based","image":0,"visibility":true},{"label":"Klick-Klack-Abfluss","price":"15","price_type":"quantity_based","image":0,"visibility":true}],"id":1716910865}],"yoast_head":"<!-- This site is optimized with the Yoast SEO plugin v26.7 - https:\/\/yoast.com\/wordpress\/plugins\/seo\/ -->\n<title>Ovaler Aufsatzwaschtisch 60x37 aus wei\u00dfer Keramik Modell Maria<\/title>\n<meta name=\"description\" content=\"Ovales Aufsatzwaschbecken in der Gr\u00f6\u00dfe 60x37 aus Keramik Modell maria\" \/>\n<meta name=\"robots\" content=\"index, follow, max-snippet:-1, max-image-preview:large, max-video-preview:-1\" \/>\n<link rel=\"canonical\" href=\"https:\/\/www.bagnoitalia.com\/de\/produkt\/ovales-waschbecken-59x39-60x37-aus-weiser-keramik-oder-aus-silbernem-maria-modell.html\" \/>\n<meta property=\"og:locale\" content=\"de_DE\" \/>\n<meta property=\"og:type\" content=\"article\" \/>\n<meta property=\"og:title\" content=\"Ovaler Aufsatzwaschtisch 60x37 aus wei\u00dfer Keramik Modell Maria\" \/>\n<meta property=\"og:description\" content=\"Ovales Aufsatzwaschbecken in der Gr\u00f6\u00dfe 60x37 aus Keramik Modell maria\" \/>\n<meta property=\"og:url\" content=\"https:\/\/www.bagnoitalia.com\/de\/produkt\/ovales-waschbecken-59x39-60x37-aus-weiser-keramik-oder-aus-silbernem-maria-modell.html\" \/>\n<meta property=\"og:site_name\" content=\"Bagno Italia\" \/>\n<meta property=\"article:modified_time\" content=\"2024-05-28T13:41:04+00:00\" \/>\n<meta property=\"og:image\" content=\"https:\/\/img.bagnoitalia.com\/wp-content\/uploads\/virtuemart\/product\/countertop-washbasin-60x38-1.jpg\" \/>\n\t<meta property=\"og:image:width\" content=\"550\" \/>\n\t<meta property=\"og:image:height\" content=\"550\" \/>\n\t<meta property=\"og:image:type\" content=\"image\/jpeg\" \/>\n<meta name=\"twitter:card\" content=\"summary_large_image\" \/>\n<meta name=\"twitter:label1\" content=\"Gesch\u00e4tzte Lesezeit\" \/>\n\t<meta name=\"twitter:data1\" content=\"1\u00a0Minute\" \/>\n<script type=\"application\/ld+json\" class=\"yoast-schema-graph\">{\"@context\":\"https:\/\/schema.org\",\"@graph\":[{\"@type\":\"WebPage\",\"@id\":\"https:\/\/www.bagnoitalia.com\/de\/produkt\/ovales-waschbecken-59x39-60x37-aus-weiser-keramik-oder-aus-silbernem-maria-modell.html\",\"url\":\"https:\/\/www.bagnoitalia.com\/de\/produkt\/ovales-waschbecken-59x39-60x37-aus-weiser-keramik-oder-aus-silbernem-maria-modell.html\",\"name\":\"Ovaler Aufsatzwaschtisch 60x37 aus wei\u00dfer Keramik Modell Maria\",\"isPartOf\":{\"@id\":\"https:\/\/www.bagnoitalia.com\/de#website\"},\"primaryImageOfPage\":{\"@id\":\"https:\/\/www.bagnoitalia.com\/de\/produkt\/ovales-waschbecken-59x39-60x37-aus-weiser-keramik-oder-aus-silbernem-maria-modell.html#primaryimage\"},\"image\":{\"@id\":\"https:\/\/www.bagnoitalia.com\/de\/produkt\/ovales-waschbecken-59x39-60x37-aus-weiser-keramik-oder-aus-silbernem-maria-modell.html#primaryimage\"},\"thumbnailUrl\":\"https:\/\/img.bagnoitalia.com\/wp-content\/uploads\/lavabo-appoggio-ovale-ceramica-bianco-lucido.jpg\",\"datePublished\":\"2016-03-01T14:57:42+00:00\",\"dateModified\":\"2024-05-28T13:41:04+00:00\",\"description\":\"Ovales Aufsatzwaschbecken in der Gr\u00f6\u00dfe 60x37 aus Keramik Modell maria\",\"breadcrumb\":{\"@id\":\"https:\/\/www.bagnoitalia.com\/de\/produkt\/ovales-waschbecken-59x39-60x37-aus-weiser-keramik-oder-aus-silbernem-maria-modell.html#breadcrumb\"},\"inLanguage\":\"de\",\"potentialAction\":[{\"@type\":\"ReadAction\",\"target\":[\"https:\/\/www.bagnoitalia.com\/de\/produkt\/ovales-waschbecken-59x39-60x37-aus-weiser-keramik-oder-aus-silbernem-maria-modell.html\"]}]},{\"@type\":\"ImageObject\",\"inLanguage\":\"de\",\"@id\":\"https:\/\/www.bagnoitalia.com\/de\/produkt\/ovales-waschbecken-59x39-60x37-aus-weiser-keramik-oder-aus-silbernem-maria-modell.html#primaryimage\",\"url\":\"https:\/\/img.bagnoitalia.com\/wp-content\/uploads\/lavabo-appoggio-ovale-ceramica-bianco-lucido.jpg\",\"contentUrl\":\"https:\/\/img.bagnoitalia.com\/wp-content\/uploads\/lavabo-appoggio-ovale-ceramica-bianco-lucido.jpg\",\"width\":1000,\"height\":1000},{\"@type\":\"BreadcrumbList\",\"@id\":\"https:\/\/www.bagnoitalia.com\/de\/produkt\/ovales-waschbecken-59x39-60x37-aus-weiser-keramik-oder-aus-silbernem-maria-modell.html#breadcrumb\",\"itemListElement\":[{\"@type\":\"ListItem\",\"position\":1,\"name\":\"Home\",\"item\":\"https:\/\/www.bagnoitalia.com\/de\"},{\"@type\":\"ListItem\",\"position\":2,\"name\":\"Produkte\",\"item\":\"https:\/\/www.bagnoitalia.com\/de\/shop\"},{\"@type\":\"ListItem\",\"position\":3,\"name\":\"Ovaler Aufsatzwaschtisch 60&#215;37 aus wei\u00dfer Keramik Modell Maria\"}]},{\"@type\":\"WebSite\",\"@id\":\"https:\/\/www.bagnoitalia.com\/de#website\",\"url\":\"https:\/\/www.bagnoitalia.com\/de\",\"name\":\"Bagno Italia\",\"description\":\"\",\"publisher\":{\"@id\":\"https:\/\/www.bagnoitalia.com\/de#organization\"},\"potentialAction\":[{\"@type\":\"SearchAction\",\"target\":{\"@type\":\"EntryPoint\",\"urlTemplate\":\"https:\/\/www.bagnoitalia.com\/de?s={search_term_string}\"},\"query-input\":{\"@type\":\"PropertyValueSpecification\",\"valueRequired\":true,\"valueName\":\"search_term_string\"}}],\"inLanguage\":\"de\"},{\"@type\":\"Organization\",\"@id\":\"https:\/\/www.bagnoitalia.com\/de#organization\",\"name\":\"Bagno Italia\",\"url\":\"https:\/\/www.bagnoitalia.com\/de\",\"logo\":{\"@type\":\"ImageObject\",\"inLanguage\":\"de\",\"@id\":\"https:\/\/www.bagnoitalia.com\/de#\/schema\/logo\/image\/\",\"url\":\"https:\/\/img.bagnoitalia.com\/wp-content\/uploads\/logo-bagnoitalia.webp\",\"contentUrl\":\"https:\/\/img.bagnoitalia.com\/wp-content\/uploads\/logo-bagnoitalia.webp\",\"width\":400,\"height\":70,\"caption\":\"Bagno Italia\"},\"image\":{\"@id\":\"https:\/\/www.bagnoitalia.com\/de#\/schema\/logo\/image\/\"}}]}<\/script>\n<!-- \/ Yoast SEO plugin. -->","yoast_head_json":{"title":"Ovaler Aufsatzwaschtisch 60x37 aus wei\u00dfer Keramik Modell Maria","description":"Ovales Aufsatzwaschbecken in der Gr\u00f6\u00dfe 60x37 aus Keramik Modell maria","robots":{"index":"index","follow":"follow","max-snippet":"max-snippet:-1","max-image-preview":"max-image-preview:large","max-video-preview":"max-video-preview:-1"},"canonical":"https:\/\/www.bagnoitalia.com\/de\/produkt\/ovales-waschbecken-59x39-60x37-aus-weiser-keramik-oder-aus-silbernem-maria-modell.html","og_locale":"de_DE","og_type":"article","og_title":"Ovaler Aufsatzwaschtisch 60x37 aus wei\u00dfer Keramik Modell Maria","og_description":"Ovales Aufsatzwaschbecken in der Gr\u00f6\u00dfe 60x37 aus Keramik Modell maria","og_url":"https:\/\/www.bagnoitalia.com\/de\/produkt\/ovales-waschbecken-59x39-60x37-aus-weiser-keramik-oder-aus-silbernem-maria-modell.html","og_site_name":"Bagno Italia","article_modified_time":"2024-05-28T13:41:04+00:00","og_image":[{"width":550,"height":550,"url":"https:\/\/img.bagnoitalia.com\/wp-content\/uploads\/virtuemart\/product\/countertop-washbasin-60x38-1.jpg","type":"image\/jpeg"}],"twitter_card":"summary_large_image","twitter_misc":{"Gesch\u00e4tzte Lesezeit":"1\u00a0Minute"},"schema":{"@context":"https:\/\/schema.org","@graph":[{"@type":"WebPage","@id":"https:\/\/www.bagnoitalia.com\/de\/produkt\/ovales-waschbecken-59x39-60x37-aus-weiser-keramik-oder-aus-silbernem-maria-modell.html","url":"https:\/\/www.bagnoitalia.com\/de\/produkt\/ovales-waschbecken-59x39-60x37-aus-weiser-keramik-oder-aus-silbernem-maria-modell.html","name":"Ovaler Aufsatzwaschtisch 60x37 aus wei\u00dfer Keramik Modell Maria","isPartOf":{"@id":"https:\/\/www.bagnoitalia.com\/de#website"},"primaryImageOfPage":{"@id":"https:\/\/www.bagnoitalia.com\/de\/produkt\/ovales-waschbecken-59x39-60x37-aus-weiser-keramik-oder-aus-silbernem-maria-modell.html#primaryimage"},"image":{"@id":"https:\/\/www.bagnoitalia.com\/de\/produkt\/ovales-waschbecken-59x39-60x37-aus-weiser-keramik-oder-aus-silbernem-maria-modell.html#primaryimage"},"thumbnailUrl":"https:\/\/img.bagnoitalia.com\/wp-content\/uploads\/lavabo-appoggio-ovale-ceramica-bianco-lucido.jpg","datePublished":"2016-03-01T14:57:42+00:00","dateModified":"2024-05-28T13:41:04+00:00","description":"Ovales Aufsatzwaschbecken in der Gr\u00f6\u00dfe 60x37 aus Keramik Modell maria","breadcrumb":{"@id":"https:\/\/www.bagnoitalia.com\/de\/produkt\/ovales-waschbecken-59x39-60x37-aus-weiser-keramik-oder-aus-silbernem-maria-modell.html#breadcrumb"},"inLanguage":"de","potentialAction":[{"@type":"ReadAction","target":["https:\/\/www.bagnoitalia.com\/de\/produkt\/ovales-waschbecken-59x39-60x37-aus-weiser-keramik-oder-aus-silbernem-maria-modell.html"]}]},{"@type":"ImageObject","inLanguage":"de","@id":"https:\/\/www.bagnoitalia.com\/de\/produkt\/ovales-waschbecken-59x39-60x37-aus-weiser-keramik-oder-aus-silbernem-maria-modell.html#primaryimage","url":"https:\/\/img.bagnoitalia.com\/wp-content\/uploads\/lavabo-appoggio-ovale-ceramica-bianco-lucido.jpg","contentUrl":"https:\/\/img.bagnoitalia.com\/wp-content\/uploads\/lavabo-appoggio-ovale-ceramica-bianco-lucido.jpg","width":1000,"height":1000},{"@type":"BreadcrumbList","@id":"https:\/\/www.bagnoitalia.com\/de\/produkt\/ovales-waschbecken-59x39-60x37-aus-weiser-keramik-oder-aus-silbernem-maria-modell.html#breadcrumb","itemListElement":[{"@type":"ListItem","position":1,"name":"Home","item":"https:\/\/www.bagnoitalia.com\/de"},{"@type":"ListItem","position":2,"name":"Produkte","item":"https:\/\/www.bagnoitalia.com\/de\/shop"},{"@type":"ListItem","position":3,"name":"Ovaler Aufsatzwaschtisch 60&#215;37 aus wei\u00dfer Keramik Modell Maria"}]},{"@type":"WebSite","@id":"https:\/\/www.bagnoitalia.com\/de#website","url":"https:\/\/www.bagnoitalia.com\/de","name":"Bagno Italia","description":"","publisher":{"@id":"https:\/\/www.bagnoitalia.com\/de#organization"},"potentialAction":[{"@type":"SearchAction","target":{"@type":"EntryPoint","urlTemplate":"https:\/\/www.bagnoitalia.com\/de?s={search_term_string}"},"query-input":{"@type":"PropertyValueSpecification","valueRequired":true,"valueName":"search_term_string"}}],"inLanguage":"de"},{"@type":"Organization","@id":"https:\/\/www.bagnoitalia.com\/de#organization","name":"Bagno Italia","url":"https:\/\/www.bagnoitalia.com\/de","logo":{"@type":"ImageObject","inLanguage":"de","@id":"https:\/\/www.bagnoitalia.com\/de#\/schema\/logo\/image\/","url":"https:\/\/img.bagnoitalia.com\/wp-content\/uploads\/logo-bagnoitalia.webp","contentUrl":"https:\/\/img.bagnoitalia.com\/wp-content\/uploads\/logo-bagnoitalia.webp","width":400,"height":70,"caption":"Bagno Italia"},"image":{"@id":"https:\/\/www.bagnoitalia.com\/de#\/schema\/logo\/image\/"}}]}},"_links":{"self":[{"href":"https:\/\/www.bagnoitalia.com\/de\/wp-json\/wp\/v2\/product\/79751","targetHints":{"allow":["GET"]}}],"collection":[{"href":"https:\/\/www.bagnoitalia.com\/de\/wp-json\/wp\/v2\/product"}],"about":[{"href":"https:\/\/www.bagnoitalia.com\/de\/wp-json\/wp\/v2\/types\/product"}],"replies":[{"embeddable":true,"href":"https:\/\/www.bagnoitalia.com\/de\/wp-json\/wp\/v2\/comments?post=79751"}],"version-history":[{"count":1,"href":"https:\/\/www.bagnoitalia.com\/de\/wp-json\/wp\/v2\/product\/79751\/revisions"}],"predecessor-version":[{"id":88588,"href":"https:\/\/www.bagnoitalia.com\/de\/wp-json\/wp\/v2\/product\/79751\/revisions\/88588"}],"wp:featuredmedia":[{"embeddable":true,"href":"https:\/\/www.bagnoitalia.com\/de\/wp-json\/wp\/v2\/media\/115577"}],"wp:attachment":[{"href":"https:\/\/www.bagnoitalia.com\/de\/wp-json\/wp\/v2\/media?parent=79751"}],"wp:term":[{"taxonomy":"product_brand","embeddable":true,"href":"https:\/\/www.bagnoitalia.com\/de\/wp-json\/wp\/v2\/product_brand?post=79751"},{"taxonomy":"product_cat","embeddable":true,"href":"https:\/\/www.bagnoitalia.com\/de\/wp-json\/wp\/v2\/product_cat?post=79751"},{"taxonomy":"product_tag","embeddable":true,"href":"https:\/\/www.bagnoitalia.com\/de\/wp-json\/wp\/v2\/product_tag?post=79751"}],"curies":[{"name":"wp","href":"https:\/\/api.w.org\/{rel}","templated":true}]}}