{"id":79695,"date":"2016-02-23T15:20:31","date_gmt":"2016-02-23T14:20:31","guid":{"rendered":"https:\/\/www.bagnoitalia.com\/product\/mehrzweckstander-aus-verchromtem-stahl-mit-6-regalen-h170"},"modified":"2024-05-10T23:59:56","modified_gmt":"2024-05-10T21:59:56","slug":"mehrzweckstander-aus-verchromtem-stahl-mit-6-regalen-h170","status":"publish","type":"product","link":"https:\/\/www.bagnoitalia.com\/de\/produkt\/mehrzweckstander-aus-verchromtem-stahl-mit-6-regalen-h170.html","title":{"rendered":"Badgestell aus verchromtem Stahl, mit 6 Ablagen, 170cm hoch"},"content":{"rendered":"<p><span style=\"text-decoration: underline;\"><strong><span style=\"font-size: 10pt;\">Badgestell aus verchromtem Stahl mit 6 Ablagen. 170cm hoch.<\/span><\/strong><\/span><\/p>\n<p><strong>Eigenschaften<\/strong>:<\/p>\n<p><span style=\"font-size: 10pt;\">&#8211; Gr\u00f6\u00dfe: 32x170x28cm<\/span><\/p>\n<p><span style=\"font-size: 10pt;\">&#8211; Material: Stahl, verchromt<\/span><\/p>\n<p>&nbsp;<\/p>\n","protected":false},"excerpt":{"rendered":"<p>Badgestell aus verchromtem Stahl mit 6 Ablagen. H\u00f6he 170cm.<\/p>\n","protected":false},"featured_media":28538,"comment_status":"open","ping_status":"closed","template":"","meta":[],"product_brand":[5018],"product_cat":[9688],"product_tag":[],"class_list":{"0":"post-79695","1":"product","2":"type-product","3":"status-publish","4":"has-post-thumbnail","6":"product_brand-brand-store","7":"product_cat-zubehor-und-lampen","9":"first","10":"instock","11":"sale","12":"taxable","13":"shipping-taxable","14":"purchasable","15":"product-type-simple"},"exclude_global_add_ons":[],"addons":[],"yoast_head":"<!-- This site is optimized with the Yoast SEO plugin v26.7 - https:\/\/yoast.com\/wordpress\/plugins\/seo\/ -->\n<title>Mehrzweckst\u00e4nder aus verchromtem Stahl 6, Fachboden H170<\/title>\n<meta name=\"description\" content=\"Mehrzweckst\u00fctze aus verchromtem Stahl mit 6 Fachb\u00f6den H\u00f6he 170 cm\" \/>\n<meta name=\"robots\" content=\"index, follow, max-snippet:-1, max-image-preview:large, max-video-preview:-1\" \/>\n<link rel=\"canonical\" href=\"https:\/\/www.bagnoitalia.com\/de\/produkt\/mehrzweckstander-aus-verchromtem-stahl-mit-6-regalen-h170.html\" \/>\n<meta property=\"og:locale\" content=\"de_DE\" \/>\n<meta property=\"og:type\" content=\"article\" \/>\n<meta property=\"og:title\" content=\"Mehrzweckst\u00e4nder aus verchromtem Stahl 6, Fachboden H170\" \/>\n<meta property=\"og:description\" content=\"Mehrzweckst\u00fctze aus verchromtem Stahl mit 6 Fachb\u00f6den H\u00f6he 170 cm\" \/>\n<meta property=\"og:url\" content=\"https:\/\/www.bagnoitalia.com\/de\/produkt\/mehrzweckstander-aus-verchromtem-stahl-mit-6-regalen-h170.html\" \/>\n<meta property=\"og:site_name\" content=\"Bagno Italia\" \/>\n<meta property=\"article:modified_time\" content=\"2024-05-10T21:59:56+00:00\" \/>\n<meta property=\"og:image\" content=\"https:\/\/img.bagnoitalia.com\/wp-content\/uploads\/virtuemart\/product\/Chrome-steel-multipurpose-column-with-6-shelves-684_1542712668_623.jpg\" \/>\n\t<meta property=\"og:image:width\" content=\"800\" \/>\n\t<meta property=\"og:image:height\" content=\"800\" \/>\n\t<meta property=\"og:image:type\" content=\"image\/jpeg\" \/>\n<meta name=\"twitter:card\" content=\"summary_large_image\" \/>\n<script type=\"application\/ld+json\" class=\"yoast-schema-graph\">{\"@context\":\"https:\/\/schema.org\",\"@graph\":[{\"@type\":\"WebPage\",\"@id\":\"https:\/\/www.bagnoitalia.com\/de\/produkt\/mehrzweckstander-aus-verchromtem-stahl-mit-6-regalen-h170.html\",\"url\":\"https:\/\/www.bagnoitalia.com\/de\/produkt\/mehrzweckstander-aus-verchromtem-stahl-mit-6-regalen-h170.html\",\"name\":\"Mehrzweckst\u00e4nder aus verchromtem Stahl 6, Fachboden H170\",\"isPartOf\":{\"@id\":\"https:\/\/www.bagnoitalia.com\/de#website\"},\"primaryImageOfPage\":{\"@id\":\"https:\/\/www.bagnoitalia.com\/de\/produkt\/mehrzweckstander-aus-verchromtem-stahl-mit-6-regalen-h170.html#primaryimage\"},\"image\":{\"@id\":\"https:\/\/www.bagnoitalia.com\/de\/produkt\/mehrzweckstander-aus-verchromtem-stahl-mit-6-regalen-h170.html#primaryimage\"},\"thumbnailUrl\":\"https:\/\/img.bagnoitalia.com\/wp-content\/uploads\/virtuemart\/product\/Chrome-steel-multipurpose-column-with-6-shelves-684_1542712668_623.jpg\",\"datePublished\":\"2016-02-23T14:20:31+00:00\",\"dateModified\":\"2024-05-10T21:59:56+00:00\",\"description\":\"Mehrzweckst\u00fctze aus verchromtem Stahl mit 6 Fachb\u00f6den H\u00f6he 170 cm\",\"breadcrumb\":{\"@id\":\"https:\/\/www.bagnoitalia.com\/de\/produkt\/mehrzweckstander-aus-verchromtem-stahl-mit-6-regalen-h170.html#breadcrumb\"},\"inLanguage\":\"de\",\"potentialAction\":[{\"@type\":\"ReadAction\",\"target\":[\"https:\/\/www.bagnoitalia.com\/de\/produkt\/mehrzweckstander-aus-verchromtem-stahl-mit-6-regalen-h170.html\"]}]},{\"@type\":\"ImageObject\",\"inLanguage\":\"de\",\"@id\":\"https:\/\/www.bagnoitalia.com\/de\/produkt\/mehrzweckstander-aus-verchromtem-stahl-mit-6-regalen-h170.html#primaryimage\",\"url\":\"https:\/\/img.bagnoitalia.com\/wp-content\/uploads\/virtuemart\/product\/Chrome-steel-multipurpose-column-with-6-shelves-684_1542712668_623.jpg\",\"contentUrl\":\"https:\/\/img.bagnoitalia.com\/wp-content\/uploads\/virtuemart\/product\/Chrome-steel-multipurpose-column-with-6-shelves-684_1542712668_623.jpg\",\"width\":800,\"height\":800},{\"@type\":\"BreadcrumbList\",\"@id\":\"https:\/\/www.bagnoitalia.com\/de\/produkt\/mehrzweckstander-aus-verchromtem-stahl-mit-6-regalen-h170.html#breadcrumb\",\"itemListElement\":[{\"@type\":\"ListItem\",\"position\":1,\"name\":\"Home\",\"item\":\"https:\/\/www.bagnoitalia.com\/de\"},{\"@type\":\"ListItem\",\"position\":2,\"name\":\"Produkte\",\"item\":\"https:\/\/www.bagnoitalia.com\/de\/shop\"},{\"@type\":\"ListItem\",\"position\":3,\"name\":\"Badgestell aus verchromtem Stahl, mit 6 Ablagen, 170cm hoch\"}]},{\"@type\":\"WebSite\",\"@id\":\"https:\/\/www.bagnoitalia.com\/de#website\",\"url\":\"https:\/\/www.bagnoitalia.com\/de\",\"name\":\"Bagno Italia\",\"description\":\"\",\"publisher\":{\"@id\":\"https:\/\/www.bagnoitalia.com\/de#organization\"},\"potentialAction\":[{\"@type\":\"SearchAction\",\"target\":{\"@type\":\"EntryPoint\",\"urlTemplate\":\"https:\/\/www.bagnoitalia.com\/de?s={search_term_string}\"},\"query-input\":{\"@type\":\"PropertyValueSpecification\",\"valueRequired\":true,\"valueName\":\"search_term_string\"}}],\"inLanguage\":\"de\"},{\"@type\":\"Organization\",\"@id\":\"https:\/\/www.bagnoitalia.com\/de#organization\",\"name\":\"Bagno Italia\",\"url\":\"https:\/\/www.bagnoitalia.com\/de\",\"logo\":{\"@type\":\"ImageObject\",\"inLanguage\":\"de\",\"@id\":\"https:\/\/www.bagnoitalia.com\/de#\/schema\/logo\/image\/\",\"url\":\"https:\/\/img.bagnoitalia.com\/wp-content\/uploads\/logo-bagnoitalia.webp\",\"contentUrl\":\"https:\/\/img.bagnoitalia.com\/wp-content\/uploads\/logo-bagnoitalia.webp\",\"width\":400,\"height\":70,\"caption\":\"Bagno Italia\"},\"image\":{\"@id\":\"https:\/\/www.bagnoitalia.com\/de#\/schema\/logo\/image\/\"}}]}<\/script>\n<!-- \/ Yoast SEO plugin. -->","yoast_head_json":{"title":"Mehrzweckst\u00e4nder aus verchromtem Stahl 6, Fachboden H170","description":"Mehrzweckst\u00fctze aus verchromtem Stahl mit 6 Fachb\u00f6den H\u00f6he 170 cm","robots":{"index":"index","follow":"follow","max-snippet":"max-snippet:-1","max-image-preview":"max-image-preview:large","max-video-preview":"max-video-preview:-1"},"canonical":"https:\/\/www.bagnoitalia.com\/de\/produkt\/mehrzweckstander-aus-verchromtem-stahl-mit-6-regalen-h170.html","og_locale":"de_DE","og_type":"article","og_title":"Mehrzweckst\u00e4nder aus verchromtem Stahl 6, Fachboden H170","og_description":"Mehrzweckst\u00fctze aus verchromtem Stahl mit 6 Fachb\u00f6den H\u00f6he 170 cm","og_url":"https:\/\/www.bagnoitalia.com\/de\/produkt\/mehrzweckstander-aus-verchromtem-stahl-mit-6-regalen-h170.html","og_site_name":"Bagno Italia","article_modified_time":"2024-05-10T21:59:56+00:00","og_image":[{"width":800,"height":800,"url":"https:\/\/img.bagnoitalia.com\/wp-content\/uploads\/virtuemart\/product\/Chrome-steel-multipurpose-column-with-6-shelves-684_1542712668_623.jpg","type":"image\/jpeg"}],"twitter_card":"summary_large_image","schema":{"@context":"https:\/\/schema.org","@graph":[{"@type":"WebPage","@id":"https:\/\/www.bagnoitalia.com\/de\/produkt\/mehrzweckstander-aus-verchromtem-stahl-mit-6-regalen-h170.html","url":"https:\/\/www.bagnoitalia.com\/de\/produkt\/mehrzweckstander-aus-verchromtem-stahl-mit-6-regalen-h170.html","name":"Mehrzweckst\u00e4nder aus verchromtem Stahl 6, Fachboden H170","isPartOf":{"@id":"https:\/\/www.bagnoitalia.com\/de#website"},"primaryImageOfPage":{"@id":"https:\/\/www.bagnoitalia.com\/de\/produkt\/mehrzweckstander-aus-verchromtem-stahl-mit-6-regalen-h170.html#primaryimage"},"image":{"@id":"https:\/\/www.bagnoitalia.com\/de\/produkt\/mehrzweckstander-aus-verchromtem-stahl-mit-6-regalen-h170.html#primaryimage"},"thumbnailUrl":"https:\/\/img.bagnoitalia.com\/wp-content\/uploads\/virtuemart\/product\/Chrome-steel-multipurpose-column-with-6-shelves-684_1542712668_623.jpg","datePublished":"2016-02-23T14:20:31+00:00","dateModified":"2024-05-10T21:59:56+00:00","description":"Mehrzweckst\u00fctze aus verchromtem Stahl mit 6 Fachb\u00f6den H\u00f6he 170 cm","breadcrumb":{"@id":"https:\/\/www.bagnoitalia.com\/de\/produkt\/mehrzweckstander-aus-verchromtem-stahl-mit-6-regalen-h170.html#breadcrumb"},"inLanguage":"de","potentialAction":[{"@type":"ReadAction","target":["https:\/\/www.bagnoitalia.com\/de\/produkt\/mehrzweckstander-aus-verchromtem-stahl-mit-6-regalen-h170.html"]}]},{"@type":"ImageObject","inLanguage":"de","@id":"https:\/\/www.bagnoitalia.com\/de\/produkt\/mehrzweckstander-aus-verchromtem-stahl-mit-6-regalen-h170.html#primaryimage","url":"https:\/\/img.bagnoitalia.com\/wp-content\/uploads\/virtuemart\/product\/Chrome-steel-multipurpose-column-with-6-shelves-684_1542712668_623.jpg","contentUrl":"https:\/\/img.bagnoitalia.com\/wp-content\/uploads\/virtuemart\/product\/Chrome-steel-multipurpose-column-with-6-shelves-684_1542712668_623.jpg","width":800,"height":800},{"@type":"BreadcrumbList","@id":"https:\/\/www.bagnoitalia.com\/de\/produkt\/mehrzweckstander-aus-verchromtem-stahl-mit-6-regalen-h170.html#breadcrumb","itemListElement":[{"@type":"ListItem","position":1,"name":"Home","item":"https:\/\/www.bagnoitalia.com\/de"},{"@type":"ListItem","position":2,"name":"Produkte","item":"https:\/\/www.bagnoitalia.com\/de\/shop"},{"@type":"ListItem","position":3,"name":"Badgestell aus verchromtem Stahl, mit 6 Ablagen, 170cm hoch"}]},{"@type":"WebSite","@id":"https:\/\/www.bagnoitalia.com\/de#website","url":"https:\/\/www.bagnoitalia.com\/de","name":"Bagno Italia","description":"","publisher":{"@id":"https:\/\/www.bagnoitalia.com\/de#organization"},"potentialAction":[{"@type":"SearchAction","target":{"@type":"EntryPoint","urlTemplate":"https:\/\/www.bagnoitalia.com\/de?s={search_term_string}"},"query-input":{"@type":"PropertyValueSpecification","valueRequired":true,"valueName":"search_term_string"}}],"inLanguage":"de"},{"@type":"Organization","@id":"https:\/\/www.bagnoitalia.com\/de#organization","name":"Bagno Italia","url":"https:\/\/www.bagnoitalia.com\/de","logo":{"@type":"ImageObject","inLanguage":"de","@id":"https:\/\/www.bagnoitalia.com\/de#\/schema\/logo\/image\/","url":"https:\/\/img.bagnoitalia.com\/wp-content\/uploads\/logo-bagnoitalia.webp","contentUrl":"https:\/\/img.bagnoitalia.com\/wp-content\/uploads\/logo-bagnoitalia.webp","width":400,"height":70,"caption":"Bagno Italia"},"image":{"@id":"https:\/\/www.bagnoitalia.com\/de#\/schema\/logo\/image\/"}}]}},"_links":{"self":[{"href":"https:\/\/www.bagnoitalia.com\/de\/wp-json\/wp\/v2\/product\/79695","targetHints":{"allow":["GET"]}}],"collection":[{"href":"https:\/\/www.bagnoitalia.com\/de\/wp-json\/wp\/v2\/product"}],"about":[{"href":"https:\/\/www.bagnoitalia.com\/de\/wp-json\/wp\/v2\/types\/product"}],"replies":[{"embeddable":true,"href":"https:\/\/www.bagnoitalia.com\/de\/wp-json\/wp\/v2\/comments?post=79695"}],"version-history":[{"count":0,"href":"https:\/\/www.bagnoitalia.com\/de\/wp-json\/wp\/v2\/product\/79695\/revisions"}],"wp:featuredmedia":[{"embeddable":true,"href":"https:\/\/www.bagnoitalia.com\/de\/wp-json\/wp\/v2\/media\/28538"}],"wp:attachment":[{"href":"https:\/\/www.bagnoitalia.com\/de\/wp-json\/wp\/v2\/media?parent=79695"}],"wp:term":[{"taxonomy":"product_brand","embeddable":true,"href":"https:\/\/www.bagnoitalia.com\/de\/wp-json\/wp\/v2\/product_brand?post=79695"},{"taxonomy":"product_cat","embeddable":true,"href":"https:\/\/www.bagnoitalia.com\/de\/wp-json\/wp\/v2\/product_cat?post=79695"},{"taxonomy":"product_tag","embeddable":true,"href":"https:\/\/www.bagnoitalia.com\/de\/wp-json\/wp\/v2\/product_tag?post=79695"}],"curies":[{"name":"wp","href":"https:\/\/api.w.org\/{rel}","templated":true}]}}