{"id":79543,"date":"2015-08-01T08:31:38","date_gmt":"2015-08-01T06:31:38","guid":{"rendered":"https:\/\/www.bagnoitalia.com\/product\/badezimmer-kabinetturm-138-cm-weis-lackiertes-aufsatzwaschbecken-mit-spiegel"},"modified":"2024-05-10T23:56:57","modified_gmt":"2024-05-10T21:56:57","slug":"badezimmer-kabinetturm-138-cm-weis-lackiertes-aufsatzwaschbecken-mit-spiegel","status":"publish","type":"product","link":"https:\/\/www.bagnoitalia.com\/de\/produkt\/badezimmer-kabinetturm-138-cm-weis-lackiertes-aufsatzwaschbecken-mit-spiegel.html","title":{"rendered":"Tower Badschrank, 138cm, in wei\u00df lackiert, mit Spiegel und Aufsatzwaschbecken"},"content":{"rendered":"<p><span style=\"font-size: 12pt;\"><strong>Tower Badschrank<\/strong><\/span><\/p>\n<ul style=\"list-style-type: disc;\">\n<li>Schrank: 138x50x49cm<\/li>\n<li>2 Spiegel: 90x50cm<\/li>\n<li>2 Aufsatzwaschbecken mit modernem Design<\/li>\n<li>5 Schrankt\u00fcren<\/li>\n<li>2 Mischer&nbsp;<\/li>\n<\/ul>\n<p>&nbsp;<\/p>\n<p><span style=\"font-size: 12pt;\"><strong>Material:<\/strong><\/span><\/p>\n<p>Struktur: MDF-Holz<\/p>\n<p>F\u00fchrungsschienen: Metall<\/p>\n<p>Griffe: Chrom<\/p>\n<p>&nbsp;<\/p>\n<p>Farbe: wei\u00df gl\u00e4nzend<\/p>\n<p>&nbsp;<\/p>\n<p>Achtung: Das Produkt ist im Angebot und daher nur als Set verkaufbar. Der Kauf von Einzelteilen ist nicht m\u00f6glich.<\/p>\n","protected":false},"excerpt":{"rendered":"<p>Der Tower Badschrank ist 138cm gro\u00df, wei\u00df lackiert und  mit zwei Aufsatzwaschbecken, sowie einem Spiegel best\u00fcckt.<\/p>\n","protected":false},"featured_media":27494,"comment_status":"open","ping_status":"closed","template":"","meta":[],"product_brand":[5017],"product_cat":[9704],"product_tag":[],"class_list":{"0":"post-79543","1":"product","2":"type-product","3":"status-publish","4":"has-post-thumbnail","6":"product_brand-simba","7":"product_cat-badmobel-mit-doppelwaschbecken","9":"first","10":"instock","11":"sale","12":"taxable","13":"shipping-taxable","14":"purchasable","15":"product-type-simple"},"exclude_global_add_ons":[],"addons":[],"yoast_head":"<!-- This site is optimized with the Yoast SEO plugin v26.7 - https:\/\/yoast.com\/wordpress\/plugins\/seo\/ -->\n<title>138 cm Hochschrank mit doppeltem Waschbecken und Spiegel<\/title>\n<meta name=\"description\" content=\"Badm\u00f6bel Modell 138 cm wei\u00df lackiert mit Doppelkeramiksp\u00fcle und Spiegel\" \/>\n<meta name=\"robots\" content=\"index, follow, max-snippet:-1, max-image-preview:large, max-video-preview:-1\" \/>\n<link rel=\"canonical\" href=\"https:\/\/www.bagnoitalia.com\/de\/produkt\/badezimmer-kabinetturm-138-cm-weis-lackiertes-aufsatzwaschbecken-mit-spiegel.html\" \/>\n<meta property=\"og:locale\" content=\"de_DE\" \/>\n<meta property=\"og:type\" content=\"article\" \/>\n<meta property=\"og:title\" content=\"138 cm Hochschrank mit doppeltem Waschbecken und Spiegel\" \/>\n<meta property=\"og:description\" content=\"Badm\u00f6bel Modell 138 cm wei\u00df lackiert mit Doppelkeramiksp\u00fcle und Spiegel\" \/>\n<meta property=\"og:url\" content=\"https:\/\/www.bagnoitalia.com\/de\/produkt\/badezimmer-kabinetturm-138-cm-weis-lackiertes-aufsatzwaschbecken-mit-spiegel.html\" \/>\n<meta property=\"og:site_name\" content=\"Bagno Italia\" \/>\n<meta property=\"article:modified_time\" content=\"2024-05-10T21:56:57+00:00\" \/>\n<meta property=\"og:image\" content=\"https:\/\/img.bagnoitalia.com\/wp-content\/uploads\/virtuemart\/product\/Bathroom-tower-model-138-cm-double-washbasin-3241_1542626186_901.jpg\" \/>\n\t<meta property=\"og:image:width\" content=\"800\" \/>\n\t<meta property=\"og:image:height\" content=\"645\" \/>\n\t<meta property=\"og:image:type\" content=\"image\/jpeg\" \/>\n<meta name=\"twitter:card\" content=\"summary_large_image\" \/>\n<script type=\"application\/ld+json\" class=\"yoast-schema-graph\">{\"@context\":\"https:\/\/schema.org\",\"@graph\":[{\"@type\":\"WebPage\",\"@id\":\"https:\/\/www.bagnoitalia.com\/de\/produkt\/badezimmer-kabinetturm-138-cm-weis-lackiertes-aufsatzwaschbecken-mit-spiegel.html\",\"url\":\"https:\/\/www.bagnoitalia.com\/de\/produkt\/badezimmer-kabinetturm-138-cm-weis-lackiertes-aufsatzwaschbecken-mit-spiegel.html\",\"name\":\"138 cm Hochschrank mit doppeltem Waschbecken und Spiegel\",\"isPartOf\":{\"@id\":\"https:\/\/www.bagnoitalia.com\/de#website\"},\"primaryImageOfPage\":{\"@id\":\"https:\/\/www.bagnoitalia.com\/de\/produkt\/badezimmer-kabinetturm-138-cm-weis-lackiertes-aufsatzwaschbecken-mit-spiegel.html#primaryimage\"},\"image\":{\"@id\":\"https:\/\/www.bagnoitalia.com\/de\/produkt\/badezimmer-kabinetturm-138-cm-weis-lackiertes-aufsatzwaschbecken-mit-spiegel.html#primaryimage\"},\"thumbnailUrl\":\"https:\/\/img.bagnoitalia.com\/wp-content\/uploads\/virtuemart\/product\/Bathroom-tower-model-138-cm-double-washbasin-3241_1542626186_901.jpg\",\"datePublished\":\"2015-08-01T06:31:38+00:00\",\"dateModified\":\"2024-05-10T21:56:57+00:00\",\"description\":\"Badm\u00f6bel Modell 138 cm wei\u00df lackiert mit Doppelkeramiksp\u00fcle und Spiegel\",\"breadcrumb\":{\"@id\":\"https:\/\/www.bagnoitalia.com\/de\/produkt\/badezimmer-kabinetturm-138-cm-weis-lackiertes-aufsatzwaschbecken-mit-spiegel.html#breadcrumb\"},\"inLanguage\":\"de\",\"potentialAction\":[{\"@type\":\"ReadAction\",\"target\":[\"https:\/\/www.bagnoitalia.com\/de\/produkt\/badezimmer-kabinetturm-138-cm-weis-lackiertes-aufsatzwaschbecken-mit-spiegel.html\"]}]},{\"@type\":\"ImageObject\",\"inLanguage\":\"de\",\"@id\":\"https:\/\/www.bagnoitalia.com\/de\/produkt\/badezimmer-kabinetturm-138-cm-weis-lackiertes-aufsatzwaschbecken-mit-spiegel.html#primaryimage\",\"url\":\"https:\/\/img.bagnoitalia.com\/wp-content\/uploads\/virtuemart\/product\/Bathroom-tower-model-138-cm-double-washbasin-3241_1542626186_901.jpg\",\"contentUrl\":\"https:\/\/img.bagnoitalia.com\/wp-content\/uploads\/virtuemart\/product\/Bathroom-tower-model-138-cm-double-washbasin-3241_1542626186_901.jpg\",\"width\":800,\"height\":645},{\"@type\":\"BreadcrumbList\",\"@id\":\"https:\/\/www.bagnoitalia.com\/de\/produkt\/badezimmer-kabinetturm-138-cm-weis-lackiertes-aufsatzwaschbecken-mit-spiegel.html#breadcrumb\",\"itemListElement\":[{\"@type\":\"ListItem\",\"position\":1,\"name\":\"Home\",\"item\":\"https:\/\/www.bagnoitalia.com\/de\"},{\"@type\":\"ListItem\",\"position\":2,\"name\":\"Produkte\",\"item\":\"https:\/\/www.bagnoitalia.com\/de\/shop\"},{\"@type\":\"ListItem\",\"position\":3,\"name\":\"Tower Badschrank, 138cm, in wei\u00df lackiert, mit Spiegel und Aufsatzwaschbecken\"}]},{\"@type\":\"WebSite\",\"@id\":\"https:\/\/www.bagnoitalia.com\/de#website\",\"url\":\"https:\/\/www.bagnoitalia.com\/de\",\"name\":\"Bagno Italia\",\"description\":\"\",\"publisher\":{\"@id\":\"https:\/\/www.bagnoitalia.com\/de#organization\"},\"potentialAction\":[{\"@type\":\"SearchAction\",\"target\":{\"@type\":\"EntryPoint\",\"urlTemplate\":\"https:\/\/www.bagnoitalia.com\/de?s={search_term_string}\"},\"query-input\":{\"@type\":\"PropertyValueSpecification\",\"valueRequired\":true,\"valueName\":\"search_term_string\"}}],\"inLanguage\":\"de\"},{\"@type\":\"Organization\",\"@id\":\"https:\/\/www.bagnoitalia.com\/de#organization\",\"name\":\"Bagno Italia\",\"url\":\"https:\/\/www.bagnoitalia.com\/de\",\"logo\":{\"@type\":\"ImageObject\",\"inLanguage\":\"de\",\"@id\":\"https:\/\/www.bagnoitalia.com\/de#\/schema\/logo\/image\/\",\"url\":\"https:\/\/img.bagnoitalia.com\/wp-content\/uploads\/logo-bagnoitalia.webp\",\"contentUrl\":\"https:\/\/img.bagnoitalia.com\/wp-content\/uploads\/logo-bagnoitalia.webp\",\"width\":400,\"height\":70,\"caption\":\"Bagno Italia\"},\"image\":{\"@id\":\"https:\/\/www.bagnoitalia.com\/de#\/schema\/logo\/image\/\"}}]}<\/script>\n<!-- \/ Yoast SEO plugin. -->","yoast_head_json":{"title":"138 cm Hochschrank mit doppeltem Waschbecken und Spiegel","description":"Badm\u00f6bel Modell 138 cm wei\u00df lackiert mit Doppelkeramiksp\u00fcle und Spiegel","robots":{"index":"index","follow":"follow","max-snippet":"max-snippet:-1","max-image-preview":"max-image-preview:large","max-video-preview":"max-video-preview:-1"},"canonical":"https:\/\/www.bagnoitalia.com\/de\/produkt\/badezimmer-kabinetturm-138-cm-weis-lackiertes-aufsatzwaschbecken-mit-spiegel.html","og_locale":"de_DE","og_type":"article","og_title":"138 cm Hochschrank mit doppeltem Waschbecken und Spiegel","og_description":"Badm\u00f6bel Modell 138 cm wei\u00df lackiert mit Doppelkeramiksp\u00fcle und Spiegel","og_url":"https:\/\/www.bagnoitalia.com\/de\/produkt\/badezimmer-kabinetturm-138-cm-weis-lackiertes-aufsatzwaschbecken-mit-spiegel.html","og_site_name":"Bagno Italia","article_modified_time":"2024-05-10T21:56:57+00:00","og_image":[{"width":800,"height":645,"url":"https:\/\/img.bagnoitalia.com\/wp-content\/uploads\/virtuemart\/product\/Bathroom-tower-model-138-cm-double-washbasin-3241_1542626186_901.jpg","type":"image\/jpeg"}],"twitter_card":"summary_large_image","schema":{"@context":"https:\/\/schema.org","@graph":[{"@type":"WebPage","@id":"https:\/\/www.bagnoitalia.com\/de\/produkt\/badezimmer-kabinetturm-138-cm-weis-lackiertes-aufsatzwaschbecken-mit-spiegel.html","url":"https:\/\/www.bagnoitalia.com\/de\/produkt\/badezimmer-kabinetturm-138-cm-weis-lackiertes-aufsatzwaschbecken-mit-spiegel.html","name":"138 cm Hochschrank mit doppeltem Waschbecken und Spiegel","isPartOf":{"@id":"https:\/\/www.bagnoitalia.com\/de#website"},"primaryImageOfPage":{"@id":"https:\/\/www.bagnoitalia.com\/de\/produkt\/badezimmer-kabinetturm-138-cm-weis-lackiertes-aufsatzwaschbecken-mit-spiegel.html#primaryimage"},"image":{"@id":"https:\/\/www.bagnoitalia.com\/de\/produkt\/badezimmer-kabinetturm-138-cm-weis-lackiertes-aufsatzwaschbecken-mit-spiegel.html#primaryimage"},"thumbnailUrl":"https:\/\/img.bagnoitalia.com\/wp-content\/uploads\/virtuemart\/product\/Bathroom-tower-model-138-cm-double-washbasin-3241_1542626186_901.jpg","datePublished":"2015-08-01T06:31:38+00:00","dateModified":"2024-05-10T21:56:57+00:00","description":"Badm\u00f6bel Modell 138 cm wei\u00df lackiert mit Doppelkeramiksp\u00fcle und Spiegel","breadcrumb":{"@id":"https:\/\/www.bagnoitalia.com\/de\/produkt\/badezimmer-kabinetturm-138-cm-weis-lackiertes-aufsatzwaschbecken-mit-spiegel.html#breadcrumb"},"inLanguage":"de","potentialAction":[{"@type":"ReadAction","target":["https:\/\/www.bagnoitalia.com\/de\/produkt\/badezimmer-kabinetturm-138-cm-weis-lackiertes-aufsatzwaschbecken-mit-spiegel.html"]}]},{"@type":"ImageObject","inLanguage":"de","@id":"https:\/\/www.bagnoitalia.com\/de\/produkt\/badezimmer-kabinetturm-138-cm-weis-lackiertes-aufsatzwaschbecken-mit-spiegel.html#primaryimage","url":"https:\/\/img.bagnoitalia.com\/wp-content\/uploads\/virtuemart\/product\/Bathroom-tower-model-138-cm-double-washbasin-3241_1542626186_901.jpg","contentUrl":"https:\/\/img.bagnoitalia.com\/wp-content\/uploads\/virtuemart\/product\/Bathroom-tower-model-138-cm-double-washbasin-3241_1542626186_901.jpg","width":800,"height":645},{"@type":"BreadcrumbList","@id":"https:\/\/www.bagnoitalia.com\/de\/produkt\/badezimmer-kabinetturm-138-cm-weis-lackiertes-aufsatzwaschbecken-mit-spiegel.html#breadcrumb","itemListElement":[{"@type":"ListItem","position":1,"name":"Home","item":"https:\/\/www.bagnoitalia.com\/de"},{"@type":"ListItem","position":2,"name":"Produkte","item":"https:\/\/www.bagnoitalia.com\/de\/shop"},{"@type":"ListItem","position":3,"name":"Tower Badschrank, 138cm, in wei\u00df lackiert, mit Spiegel und Aufsatzwaschbecken"}]},{"@type":"WebSite","@id":"https:\/\/www.bagnoitalia.com\/de#website","url":"https:\/\/www.bagnoitalia.com\/de","name":"Bagno Italia","description":"","publisher":{"@id":"https:\/\/www.bagnoitalia.com\/de#organization"},"potentialAction":[{"@type":"SearchAction","target":{"@type":"EntryPoint","urlTemplate":"https:\/\/www.bagnoitalia.com\/de?s={search_term_string}"},"query-input":{"@type":"PropertyValueSpecification","valueRequired":true,"valueName":"search_term_string"}}],"inLanguage":"de"},{"@type":"Organization","@id":"https:\/\/www.bagnoitalia.com\/de#organization","name":"Bagno Italia","url":"https:\/\/www.bagnoitalia.com\/de","logo":{"@type":"ImageObject","inLanguage":"de","@id":"https:\/\/www.bagnoitalia.com\/de#\/schema\/logo\/image\/","url":"https:\/\/img.bagnoitalia.com\/wp-content\/uploads\/logo-bagnoitalia.webp","contentUrl":"https:\/\/img.bagnoitalia.com\/wp-content\/uploads\/logo-bagnoitalia.webp","width":400,"height":70,"caption":"Bagno Italia"},"image":{"@id":"https:\/\/www.bagnoitalia.com\/de#\/schema\/logo\/image\/"}}]}},"_links":{"self":[{"href":"https:\/\/www.bagnoitalia.com\/de\/wp-json\/wp\/v2\/product\/79543","targetHints":{"allow":["GET"]}}],"collection":[{"href":"https:\/\/www.bagnoitalia.com\/de\/wp-json\/wp\/v2\/product"}],"about":[{"href":"https:\/\/www.bagnoitalia.com\/de\/wp-json\/wp\/v2\/types\/product"}],"replies":[{"embeddable":true,"href":"https:\/\/www.bagnoitalia.com\/de\/wp-json\/wp\/v2\/comments?post=79543"}],"version-history":[{"count":0,"href":"https:\/\/www.bagnoitalia.com\/de\/wp-json\/wp\/v2\/product\/79543\/revisions"}],"wp:featuredmedia":[{"embeddable":true,"href":"https:\/\/www.bagnoitalia.com\/de\/wp-json\/wp\/v2\/media\/27494"}],"wp:attachment":[{"href":"https:\/\/www.bagnoitalia.com\/de\/wp-json\/wp\/v2\/media?parent=79543"}],"wp:term":[{"taxonomy":"product_brand","embeddable":true,"href":"https:\/\/www.bagnoitalia.com\/de\/wp-json\/wp\/v2\/product_brand?post=79543"},{"taxonomy":"product_cat","embeddable":true,"href":"https:\/\/www.bagnoitalia.com\/de\/wp-json\/wp\/v2\/product_cat?post=79543"},{"taxonomy":"product_tag","embeddable":true,"href":"https:\/\/www.bagnoitalia.com\/de\/wp-json\/wp\/v2\/product_tag?post=79543"}],"curies":[{"name":"wp","href":"https:\/\/api.w.org\/{rel}","templated":true}]}}