{"id":79347,"date":"2015-06-23T10:11:30","date_gmt":"2015-06-23T08:11:30","guid":{"rendered":"https:\/\/www.bagnoitalia.com\/product\/hydromassage-box-cabin-90x90-oder-100x100-mit-klappbarem-stahlsitz-cb005"},"modified":"2026-04-07T14:06:33","modified_gmt":"2026-04-07T12:06:33","slug":"hydromassage-box-cabin-90x90-oder-100x100-mit-klappbarem-stahlsitz-cb005","status":"publish","type":"product","link":"https:\/\/www.bagnoitalia.com\/de\/produkt\/hydromassage-box-cabin-90x90-oder-100x100-mit-klappbarem-stahlsitz-cb005.html","title":{"rendered":"CB005 Hydromassagekabine, 90&#215;90 oder 100x100cm, mit klappbarem Stahlsitz"},"content":{"rendered":"<p><span style=\"text-decoration: underline; font-size: 12pt;\"><strong>Hydromassagekabine zu 90x90x215 oder 100x100x215cm mit klappbarem Stahlsitz<\/strong><\/span><\/p>\n<p><span style=\"font-size: 12pt;\">schnelle Montage Dank des Quick-Line-Systems<\/span><\/p>\n<p>&nbsp;<\/p>\n<p><iframe src=\"https:\/\/www.youtube.com\/embed\/t6U-M3CwurE\" width=\"560\" height=\"315\" frameborder=\"0\" allowfullscreen=\"allowfullscreen\"><\/iframe><\/p>\n<p>&nbsp;<\/p>\n<p><strong><span style=\"font-size: 12pt;\">Eigenschaften:<\/span><\/strong><\/p>\n<p><span style=\"font-size: 12pt;\">&#8211; Quick-Line-System: ohne Schrauben oder Werkzeuge<\/span><\/p>\n<p><span style=\"font-size: 12pt;\">&#8211; 5mm dickes und geh\u00e4rtetes Glas<\/span><\/p>\n<p><span style=\"font-size: 12pt;\">&#8211; Profil: Aluminium<\/span><\/p>\n<p><span style=\"font-size: 12pt;\">&#8211; magnetischer Verschluss<\/span><\/p>\n<p><span style=\"font-size: 12pt;\">&#8211; 6 D\u00fcsen<\/span><\/p>\n<p><span style=\"font-size: 12pt;\">&#8211; Radio mit\u00a0Touchscreen<\/span><\/p>\n<p><span style=\"font-size: 12pt;\">&#8211; Ablage<\/span><\/p>\n<p><span style=\"font-size: 12pt;\">&#8211; Stahlstuhl<\/span><\/p>\n<p><span style=\"font-size: 12pt;\">&#8211; Bedienfeld mit LED-Beleuchtung<\/span><\/p>\n<p><span style=\"font-size: 12pt;\">&#8211; abnehmbare Handbrause<\/span><\/p>\n<p><span style=\"font-size: 12pt;\">&#8211; verstellbarer Duschkopf<\/span><\/p>\n<p><span style=\"font-size: 12pt;\">&#8211; L\u00fcftler<\/span><\/p>\n<p>&nbsp;<\/p>\n","protected":false},"excerpt":{"rendered":"<p>CB005 Hydromassagekabine zu 90&#215;90 oder 100x100cm mit 6 D\u00fcsen und Stahlsitz. 180kg Tragf\u00e4higkeit. Einfacher und schneller Aufbau, durch das Quick-Line-System.<\/p>\n","protected":false},"featured_media":26506,"comment_status":"open","ping_status":"closed","template":"","meta":[],"product_brand":[9943],"product_cat":[9736],"product_tag":[],"class_list":{"0":"post-79347","1":"product","2":"type-product","3":"status-publish","4":"has-post-thumbnail","6":"product_brand-sanotechnik-italia-de","7":"product_cat-whirlpool-duschkabine","9":"first","10":"instock","11":"sale","12":"taxable","13":"shipping-taxable","14":"purchasable","15":"product-type-simple"},"exclude_global_add_ons":false,"addons":[{"name":"Ma\u00dfe","type":"multiple_choice","position":0,"required":true,"title_format":"heading","default":"","description_enable":false,"description":"","placeholder_enable":false,"placeholder":"","display":"select","restrictions_type":"any_text","adjust_price":false,"price":"","price_type":"flat_fee","restrictions":false,"min":"0","max":"0","options":[{"label":"90x90 cm","price":"","price_type":"quantity_based","image":0,"visibility":true},{"label":"100x100 cm","price":"90","price_type":"quantity_based","image":0,"visibility":true}],"id":1716564201}],"yoast_head":"<!-- This site is optimized with the Yoast SEO plugin v26.7 - https:\/\/yoast.com\/wordpress\/plugins\/seo\/ -->\n<title>Hydromassagekabine 90x90 oder 100x100 Quick-Line Montage und Stahlsitz mit 180 kg Tragkraft<\/title>\n<meta name=\"description\" content=\"Hydromassage-Boxkabine 90x90 oder 100x100 mit 6 Hydromassage-D\u00fcsen und Stahlstuhl, Kapazit\u00e4t 180 kg, Schnellmontage, 5 mm Kristallglas, magnetisierter Verschluss, 6 D\u00fcsen\" \/>\n<meta name=\"robots\" content=\"index, follow, max-snippet:-1, max-image-preview:large, max-video-preview:-1\" \/>\n<link rel=\"canonical\" href=\"https:\/\/www.bagnoitalia.com\/de\/produkt\/hydromassage-box-cabin-90x90-oder-100x100-mit-klappbarem-stahlsitz-cb005.html\" \/>\n<meta property=\"og:locale\" content=\"de_DE\" \/>\n<meta property=\"og:type\" content=\"article\" \/>\n<meta property=\"og:title\" content=\"Hydromassagekabine 90x90 oder 100x100 Quick-Line Montage und Stahlsitz mit 180 kg Tragkraft\" \/>\n<meta property=\"og:description\" content=\"Hydromassage-Boxkabine 90x90 oder 100x100 mit 6 Hydromassage-D\u00fcsen und Stahlstuhl, Kapazit\u00e4t 180 kg, Schnellmontage, 5 mm Kristallglas, magnetisierter Verschluss, 6 D\u00fcsen\" \/>\n<meta property=\"og:url\" content=\"https:\/\/www.bagnoitalia.com\/de\/produkt\/hydromassage-box-cabin-90x90-oder-100x100-mit-klappbarem-stahlsitz-cb005.html\" \/>\n<meta property=\"og:site_name\" content=\"Bagno Italia\" \/>\n<meta property=\"article:modified_time\" content=\"2026-04-07T12:06:33+00:00\" \/>\n<meta property=\"og:image\" content=\"https:\/\/img.bagnoitalia.com\/wp-content\/uploads\/virtuemart\/product\/Hydromassage-steel-seat-CB005-1_1542105964_505.jpg\" \/>\n\t<meta property=\"og:image:width\" content=\"686\" \/>\n\t<meta property=\"og:image:height\" content=\"686\" \/>\n\t<meta property=\"og:image:type\" content=\"image\/jpeg\" \/>\n<meta name=\"twitter:card\" content=\"summary_large_image\" \/>\n<meta name=\"twitter:label1\" content=\"Gesch\u00e4tzte Lesezeit\" \/>\n\t<meta name=\"twitter:data1\" content=\"1\u00a0Minute\" \/>\n<script type=\"application\/ld+json\" class=\"yoast-schema-graph\">{\"@context\":\"https:\/\/schema.org\",\"@graph\":[{\"@type\":\"WebPage\",\"@id\":\"https:\/\/www.bagnoitalia.com\/de\/produkt\/hydromassage-box-cabin-90x90-oder-100x100-mit-klappbarem-stahlsitz-cb005.html\",\"url\":\"https:\/\/www.bagnoitalia.com\/de\/produkt\/hydromassage-box-cabin-90x90-oder-100x100-mit-klappbarem-stahlsitz-cb005.html\",\"name\":\"Hydromassagekabine 90x90 oder 100x100 Quick-Line Montage und Stahlsitz mit 180 kg Tragkraft\",\"isPartOf\":{\"@id\":\"https:\/\/www.bagnoitalia.com\/de#website\"},\"primaryImageOfPage\":{\"@id\":\"https:\/\/www.bagnoitalia.com\/de\/produkt\/hydromassage-box-cabin-90x90-oder-100x100-mit-klappbarem-stahlsitz-cb005.html#primaryimage\"},\"image\":{\"@id\":\"https:\/\/www.bagnoitalia.com\/de\/produkt\/hydromassage-box-cabin-90x90-oder-100x100-mit-klappbarem-stahlsitz-cb005.html#primaryimage\"},\"thumbnailUrl\":\"https:\/\/img.bagnoitalia.com\/wp-content\/uploads\/virtuemart\/product\/Hydromassage-steel-seat-CB005-1_1542105964_505.jpg\",\"datePublished\":\"2015-06-23T08:11:30+00:00\",\"dateModified\":\"2026-04-07T12:06:33+00:00\",\"description\":\"Hydromassage-Boxkabine 90x90 oder 100x100 mit 6 Hydromassage-D\u00fcsen und Stahlstuhl, Kapazit\u00e4t 180 kg, Schnellmontage, 5 mm Kristallglas, magnetisierter Verschluss, 6 D\u00fcsen\",\"breadcrumb\":{\"@id\":\"https:\/\/www.bagnoitalia.com\/de\/produkt\/hydromassage-box-cabin-90x90-oder-100x100-mit-klappbarem-stahlsitz-cb005.html#breadcrumb\"},\"inLanguage\":\"de\",\"potentialAction\":[{\"@type\":\"ReadAction\",\"target\":[\"https:\/\/www.bagnoitalia.com\/de\/produkt\/hydromassage-box-cabin-90x90-oder-100x100-mit-klappbarem-stahlsitz-cb005.html\"]}]},{\"@type\":\"ImageObject\",\"inLanguage\":\"de\",\"@id\":\"https:\/\/www.bagnoitalia.com\/de\/produkt\/hydromassage-box-cabin-90x90-oder-100x100-mit-klappbarem-stahlsitz-cb005.html#primaryimage\",\"url\":\"https:\/\/img.bagnoitalia.com\/wp-content\/uploads\/virtuemart\/product\/Hydromassage-steel-seat-CB005-1_1542105964_505.jpg\",\"contentUrl\":\"https:\/\/img.bagnoitalia.com\/wp-content\/uploads\/virtuemart\/product\/Hydromassage-steel-seat-CB005-1_1542105964_505.jpg\",\"width\":686,\"height\":686},{\"@type\":\"BreadcrumbList\",\"@id\":\"https:\/\/www.bagnoitalia.com\/de\/produkt\/hydromassage-box-cabin-90x90-oder-100x100-mit-klappbarem-stahlsitz-cb005.html#breadcrumb\",\"itemListElement\":[{\"@type\":\"ListItem\",\"position\":1,\"name\":\"Home\",\"item\":\"https:\/\/www.bagnoitalia.com\/de\"},{\"@type\":\"ListItem\",\"position\":2,\"name\":\"Produkte\",\"item\":\"https:\/\/www.bagnoitalia.com\/de\/shop\"},{\"@type\":\"ListItem\",\"position\":3,\"name\":\"CB005 Hydromassagekabine, 90&#215;90 oder 100x100cm, mit klappbarem Stahlsitz\"}]},{\"@type\":\"WebSite\",\"@id\":\"https:\/\/www.bagnoitalia.com\/de#website\",\"url\":\"https:\/\/www.bagnoitalia.com\/de\",\"name\":\"Bagno Italia\",\"description\":\"\",\"publisher\":{\"@id\":\"https:\/\/www.bagnoitalia.com\/de#organization\"},\"potentialAction\":[{\"@type\":\"SearchAction\",\"target\":{\"@type\":\"EntryPoint\",\"urlTemplate\":\"https:\/\/www.bagnoitalia.com\/de?s={search_term_string}\"},\"query-input\":{\"@type\":\"PropertyValueSpecification\",\"valueRequired\":true,\"valueName\":\"search_term_string\"}}],\"inLanguage\":\"de\"},{\"@type\":\"Organization\",\"@id\":\"https:\/\/www.bagnoitalia.com\/de#organization\",\"name\":\"Bagno Italia\",\"url\":\"https:\/\/www.bagnoitalia.com\/de\",\"logo\":{\"@type\":\"ImageObject\",\"inLanguage\":\"de\",\"@id\":\"https:\/\/www.bagnoitalia.com\/de#\/schema\/logo\/image\/\",\"url\":\"https:\/\/img.bagnoitalia.com\/wp-content\/uploads\/logo-bagnoitalia.webp\",\"contentUrl\":\"https:\/\/img.bagnoitalia.com\/wp-content\/uploads\/logo-bagnoitalia.webp\",\"width\":400,\"height\":70,\"caption\":\"Bagno Italia\"},\"image\":{\"@id\":\"https:\/\/www.bagnoitalia.com\/de#\/schema\/logo\/image\/\"}}]}<\/script>\n<!-- \/ Yoast SEO plugin. -->","yoast_head_json":{"title":"Hydromassagekabine 90x90 oder 100x100 Quick-Line Montage und Stahlsitz mit 180 kg Tragkraft","description":"Hydromassage-Boxkabine 90x90 oder 100x100 mit 6 Hydromassage-D\u00fcsen und Stahlstuhl, Kapazit\u00e4t 180 kg, Schnellmontage, 5 mm Kristallglas, magnetisierter Verschluss, 6 D\u00fcsen","robots":{"index":"index","follow":"follow","max-snippet":"max-snippet:-1","max-image-preview":"max-image-preview:large","max-video-preview":"max-video-preview:-1"},"canonical":"https:\/\/www.bagnoitalia.com\/de\/produkt\/hydromassage-box-cabin-90x90-oder-100x100-mit-klappbarem-stahlsitz-cb005.html","og_locale":"de_DE","og_type":"article","og_title":"Hydromassagekabine 90x90 oder 100x100 Quick-Line Montage und Stahlsitz mit 180 kg Tragkraft","og_description":"Hydromassage-Boxkabine 90x90 oder 100x100 mit 6 Hydromassage-D\u00fcsen und Stahlstuhl, Kapazit\u00e4t 180 kg, Schnellmontage, 5 mm Kristallglas, magnetisierter Verschluss, 6 D\u00fcsen","og_url":"https:\/\/www.bagnoitalia.com\/de\/produkt\/hydromassage-box-cabin-90x90-oder-100x100-mit-klappbarem-stahlsitz-cb005.html","og_site_name":"Bagno Italia","article_modified_time":"2026-04-07T12:06:33+00:00","og_image":[{"width":686,"height":686,"url":"https:\/\/img.bagnoitalia.com\/wp-content\/uploads\/virtuemart\/product\/Hydromassage-steel-seat-CB005-1_1542105964_505.jpg","type":"image\/jpeg"}],"twitter_card":"summary_large_image","twitter_misc":{"Gesch\u00e4tzte Lesezeit":"1\u00a0Minute"},"schema":{"@context":"https:\/\/schema.org","@graph":[{"@type":"WebPage","@id":"https:\/\/www.bagnoitalia.com\/de\/produkt\/hydromassage-box-cabin-90x90-oder-100x100-mit-klappbarem-stahlsitz-cb005.html","url":"https:\/\/www.bagnoitalia.com\/de\/produkt\/hydromassage-box-cabin-90x90-oder-100x100-mit-klappbarem-stahlsitz-cb005.html","name":"Hydromassagekabine 90x90 oder 100x100 Quick-Line Montage und Stahlsitz mit 180 kg Tragkraft","isPartOf":{"@id":"https:\/\/www.bagnoitalia.com\/de#website"},"primaryImageOfPage":{"@id":"https:\/\/www.bagnoitalia.com\/de\/produkt\/hydromassage-box-cabin-90x90-oder-100x100-mit-klappbarem-stahlsitz-cb005.html#primaryimage"},"image":{"@id":"https:\/\/www.bagnoitalia.com\/de\/produkt\/hydromassage-box-cabin-90x90-oder-100x100-mit-klappbarem-stahlsitz-cb005.html#primaryimage"},"thumbnailUrl":"https:\/\/img.bagnoitalia.com\/wp-content\/uploads\/virtuemart\/product\/Hydromassage-steel-seat-CB005-1_1542105964_505.jpg","datePublished":"2015-06-23T08:11:30+00:00","dateModified":"2026-04-07T12:06:33+00:00","description":"Hydromassage-Boxkabine 90x90 oder 100x100 mit 6 Hydromassage-D\u00fcsen und Stahlstuhl, Kapazit\u00e4t 180 kg, Schnellmontage, 5 mm Kristallglas, magnetisierter Verschluss, 6 D\u00fcsen","breadcrumb":{"@id":"https:\/\/www.bagnoitalia.com\/de\/produkt\/hydromassage-box-cabin-90x90-oder-100x100-mit-klappbarem-stahlsitz-cb005.html#breadcrumb"},"inLanguage":"de","potentialAction":[{"@type":"ReadAction","target":["https:\/\/www.bagnoitalia.com\/de\/produkt\/hydromassage-box-cabin-90x90-oder-100x100-mit-klappbarem-stahlsitz-cb005.html"]}]},{"@type":"ImageObject","inLanguage":"de","@id":"https:\/\/www.bagnoitalia.com\/de\/produkt\/hydromassage-box-cabin-90x90-oder-100x100-mit-klappbarem-stahlsitz-cb005.html#primaryimage","url":"https:\/\/img.bagnoitalia.com\/wp-content\/uploads\/virtuemart\/product\/Hydromassage-steel-seat-CB005-1_1542105964_505.jpg","contentUrl":"https:\/\/img.bagnoitalia.com\/wp-content\/uploads\/virtuemart\/product\/Hydromassage-steel-seat-CB005-1_1542105964_505.jpg","width":686,"height":686},{"@type":"BreadcrumbList","@id":"https:\/\/www.bagnoitalia.com\/de\/produkt\/hydromassage-box-cabin-90x90-oder-100x100-mit-klappbarem-stahlsitz-cb005.html#breadcrumb","itemListElement":[{"@type":"ListItem","position":1,"name":"Home","item":"https:\/\/www.bagnoitalia.com\/de"},{"@type":"ListItem","position":2,"name":"Produkte","item":"https:\/\/www.bagnoitalia.com\/de\/shop"},{"@type":"ListItem","position":3,"name":"CB005 Hydromassagekabine, 90&#215;90 oder 100x100cm, mit klappbarem Stahlsitz"}]},{"@type":"WebSite","@id":"https:\/\/www.bagnoitalia.com\/de#website","url":"https:\/\/www.bagnoitalia.com\/de","name":"Bagno Italia","description":"","publisher":{"@id":"https:\/\/www.bagnoitalia.com\/de#organization"},"potentialAction":[{"@type":"SearchAction","target":{"@type":"EntryPoint","urlTemplate":"https:\/\/www.bagnoitalia.com\/de?s={search_term_string}"},"query-input":{"@type":"PropertyValueSpecification","valueRequired":true,"valueName":"search_term_string"}}],"inLanguage":"de"},{"@type":"Organization","@id":"https:\/\/www.bagnoitalia.com\/de#organization","name":"Bagno Italia","url":"https:\/\/www.bagnoitalia.com\/de","logo":{"@type":"ImageObject","inLanguage":"de","@id":"https:\/\/www.bagnoitalia.com\/de#\/schema\/logo\/image\/","url":"https:\/\/img.bagnoitalia.com\/wp-content\/uploads\/logo-bagnoitalia.webp","contentUrl":"https:\/\/img.bagnoitalia.com\/wp-content\/uploads\/logo-bagnoitalia.webp","width":400,"height":70,"caption":"Bagno Italia"},"image":{"@id":"https:\/\/www.bagnoitalia.com\/de#\/schema\/logo\/image\/"}}]}},"_links":{"self":[{"href":"https:\/\/www.bagnoitalia.com\/de\/wp-json\/wp\/v2\/product\/79347","targetHints":{"allow":["GET"]}}],"collection":[{"href":"https:\/\/www.bagnoitalia.com\/de\/wp-json\/wp\/v2\/product"}],"about":[{"href":"https:\/\/www.bagnoitalia.com\/de\/wp-json\/wp\/v2\/types\/product"}],"replies":[{"embeddable":true,"href":"https:\/\/www.bagnoitalia.com\/de\/wp-json\/wp\/v2\/comments?post=79347"}],"version-history":[{"count":1,"href":"https:\/\/www.bagnoitalia.com\/de\/wp-json\/wp\/v2\/product\/79347\/revisions"}],"predecessor-version":[{"id":88206,"href":"https:\/\/www.bagnoitalia.com\/de\/wp-json\/wp\/v2\/product\/79347\/revisions\/88206"}],"wp:featuredmedia":[{"embeddable":true,"href":"https:\/\/www.bagnoitalia.com\/de\/wp-json\/wp\/v2\/media\/26506"}],"wp:attachment":[{"href":"https:\/\/www.bagnoitalia.com\/de\/wp-json\/wp\/v2\/media?parent=79347"}],"wp:term":[{"taxonomy":"product_brand","embeddable":true,"href":"https:\/\/www.bagnoitalia.com\/de\/wp-json\/wp\/v2\/product_brand?post=79347"},{"taxonomy":"product_cat","embeddable":true,"href":"https:\/\/www.bagnoitalia.com\/de\/wp-json\/wp\/v2\/product_cat?post=79347"},{"taxonomy":"product_tag","embeddable":true,"href":"https:\/\/www.bagnoitalia.com\/de\/wp-json\/wp\/v2\/product_tag?post=79347"}],"curies":[{"name":"wp","href":"https:\/\/api.w.org\/{rel}","templated":true}]}}