{"id":79263,"date":"2015-05-20T13:34:26","date_gmt":"2015-05-20T11:34:26","guid":{"rendered":"https:\/\/www.bagnoitalia.com\/product\/transparente-duschwand-aus-kristall-in-verschiedenen-grosen-erhaltlich-pr015"},"modified":"2024-05-21T15:21:28","modified_gmt":"2024-05-21T13:21:28","slug":"transparente-duschwand-aus-kristall-in-verschiedenen-grosen-erhaltlich-pr015","status":"publish","type":"product","link":"https:\/\/www.bagnoitalia.com\/de\/produkt\/transparente-duschwand-aus-kristall-in-verschiedenen-grosen-erhaltlich-pr015.html","title":{"rendered":"PR015 Festwand, aus transparentem Kristallglas, reversibel, in verschiedenen Gr\u00f6\u00dfen erh\u00e4ltlich"},"content":{"rendered":"<p><span style=\"font-size: 12pt;\"><strong><span style=\"text-decoration: underline;\">PR015 Festwand, aus transparentem Kristallglas<span style=\"color: #ff0000; text-decoration: underline;\"><br \/>\n<\/span><\/span><\/strong><\/span><\/p>\n<p><span style=\"font-size: 12pt; text-decoration: underline;\">Eigenschaften:<\/span><\/p>\n<p><span style=\"font-size: 12pt;\">Glas: 8mm breites, transparentes und geh\u00e4rtetes Kristallglas<\/span><\/p>\n<p><span style=\"font-size: 12pt;\">Profil: Aluminiumchrom<\/span><\/p>\n<p><span style=\"font-size: 12pt;\">Bearbeitungstoleranz: bis zu 2cm<\/span><\/p>\n<p><span style=\"font-size: 12pt;\">reversibel<\/span><\/p>\n<p><span style=\"font-size: 12pt;\">wandb\u00fcndige Installation m\u00f6glich<\/span><\/p>\n<p><span style=\"font-size: 12pt;\">EU-zertifiziertes Produkt<\/span><\/p>\n<p>&nbsp;<\/p>\n<p><span style=\"font-size: 12pt; text-decoration: underline;\">Montage:<\/span><\/p>\n<p><span style=\"font-size: 12pt;\">Schnell und einfach zu installieren<\/span><\/p>\n<p><span style=\"font-size: 12pt;\">Bodeninstallation<\/span><\/p>\n<p style=\"color: #888888; line-height: 16px; font-family: Arial,Helvetica,sans-serif; font-size: 13px; margin-top: 0px; margin-bottom: 0.5em;\">\n","protected":false},"excerpt":{"rendered":"<p>PR015 reversible Festwand, aus transparentem Kristallglas. In verschiedenen Gr\u00f6\u00dfen erh\u00e4ltlich: 100, 120 oder 140 cm. H\u00f6he: 195cm.<\/p>\n","protected":false},"featured_media":25994,"comment_status":"open","ping_status":"closed","template":"","meta":[],"product_brand":[9889],"product_cat":[10061,9728],"product_tag":[],"class_list":{"0":"post-79263","1":"product","2":"type-product","3":"status-publish","4":"has-post-thumbnail","6":"product_brand-idrom-de","7":"product_cat-begehbare-duschtur","8":"product_cat-duschturen","10":"first","11":"instock","12":"sale","13":"taxable","14":"shipping-taxable","15":"purchasable","16":"product-type-simple"},"exclude_global_add_ons":false,"addons":[{"name":"Abmessungen","type":"multiple_choice","position":0,"required":true,"title_format":"heading","default":"","description_enable":false,"description":"","placeholder_enable":false,"placeholder":"","display":"select","restrictions_type":"any_text","adjust_price":false,"price":"","price_type":"flat_fee","restrictions":false,"min":"0","max":"0","options":[{"label":"100 cm","price":"","price_type":"quantity_based","image":0,"visibility":true},{"label":"120 cm","price":"20","price_type":"quantity_based","image":0,"visibility":true},{"label":"140 cm","price":"50","price_type":"quantity_based","image":0,"visibility":true}],"id":1716304889}],"yoast_head":"<!-- This site is optimized with the Yoast SEO plugin v26.7 - https:\/\/yoast.com\/wordpress\/plugins\/seo\/ -->\n<title>Wendbare Duschwand H 195 cm, transparent 8mm Kristall<\/title>\n<meta name=\"robots\" content=\"index, follow, max-snippet:-1, max-image-preview:large, max-video-preview:-1\" \/>\n<link rel=\"canonical\" href=\"https:\/\/www.bagnoitalia.com\/de\/produkt\/transparente-duschwand-aus-kristall-in-verschiedenen-grosen-erhaltlich-pr015.html\" \/>\n<meta property=\"og:locale\" content=\"de_DE\" \/>\n<meta property=\"og:type\" content=\"article\" \/>\n<meta property=\"og:title\" content=\"Wendbare Duschwand H 195 cm, transparent 8mm Kristall\" \/>\n<meta property=\"og:description\" content=\"PR015 reversible Festwand, aus transparentem Kristallglas. In verschiedenen Gr\u00f6\u00dfen erh\u00e4ltlich: 100, 120 oder 140 cm. H\u00f6he: 195cm.\" \/>\n<meta property=\"og:url\" content=\"https:\/\/www.bagnoitalia.com\/de\/produkt\/transparente-duschwand-aus-kristall-in-verschiedenen-grosen-erhaltlich-pr015.html\" \/>\n<meta property=\"og:site_name\" content=\"Bagno Italia\" \/>\n<meta property=\"article:modified_time\" content=\"2024-05-21T13:21:28+00:00\" \/>\n<meta property=\"og:image\" content=\"https:\/\/img.bagnoitalia.com\/wp-content\/uploads\/virtuemart\/product\/transparent-crystal-shower-wall-pr015-1_1543848261_8795.jpg\" \/>\n\t<meta property=\"og:image:width\" content=\"476\" \/>\n\t<meta property=\"og:image:height\" content=\"477\" \/>\n\t<meta property=\"og:image:type\" content=\"image\/jpeg\" \/>\n<meta name=\"twitter:card\" content=\"summary_large_image\" \/>\n<meta name=\"twitter:label1\" content=\"Gesch\u00e4tzte Lesezeit\" \/>\n\t<meta name=\"twitter:data1\" content=\"1\u00a0Minute\" \/>\n<script type=\"application\/ld+json\" class=\"yoast-schema-graph\">{\"@context\":\"https:\/\/schema.org\",\"@graph\":[{\"@type\":\"WebPage\",\"@id\":\"https:\/\/www.bagnoitalia.com\/de\/produkt\/transparente-duschwand-aus-kristall-in-verschiedenen-grosen-erhaltlich-pr015.html\",\"url\":\"https:\/\/www.bagnoitalia.com\/de\/produkt\/transparente-duschwand-aus-kristall-in-verschiedenen-grosen-erhaltlich-pr015.html\",\"name\":\"Wendbare Duschwand H 195 cm, transparent 8mm Kristall\",\"isPartOf\":{\"@id\":\"https:\/\/www.bagnoitalia.com\/de#website\"},\"primaryImageOfPage\":{\"@id\":\"https:\/\/www.bagnoitalia.com\/de\/produkt\/transparente-duschwand-aus-kristall-in-verschiedenen-grosen-erhaltlich-pr015.html#primaryimage\"},\"image\":{\"@id\":\"https:\/\/www.bagnoitalia.com\/de\/produkt\/transparente-duschwand-aus-kristall-in-verschiedenen-grosen-erhaltlich-pr015.html#primaryimage\"},\"thumbnailUrl\":\"https:\/\/img.bagnoitalia.com\/wp-content\/uploads\/virtuemart\/product\/transparent-crystal-shower-wall-pr015-1_1543848261_8795.jpg\",\"datePublished\":\"2015-05-20T11:34:26+00:00\",\"dateModified\":\"2024-05-21T13:21:28+00:00\",\"breadcrumb\":{\"@id\":\"https:\/\/www.bagnoitalia.com\/de\/produkt\/transparente-duschwand-aus-kristall-in-verschiedenen-grosen-erhaltlich-pr015.html#breadcrumb\"},\"inLanguage\":\"de\",\"potentialAction\":[{\"@type\":\"ReadAction\",\"target\":[\"https:\/\/www.bagnoitalia.com\/de\/produkt\/transparente-duschwand-aus-kristall-in-verschiedenen-grosen-erhaltlich-pr015.html\"]}]},{\"@type\":\"ImageObject\",\"inLanguage\":\"de\",\"@id\":\"https:\/\/www.bagnoitalia.com\/de\/produkt\/transparente-duschwand-aus-kristall-in-verschiedenen-grosen-erhaltlich-pr015.html#primaryimage\",\"url\":\"https:\/\/img.bagnoitalia.com\/wp-content\/uploads\/virtuemart\/product\/transparent-crystal-shower-wall-pr015-1_1543848261_8795.jpg\",\"contentUrl\":\"https:\/\/img.bagnoitalia.com\/wp-content\/uploads\/virtuemart\/product\/transparent-crystal-shower-wall-pr015-1_1543848261_8795.jpg\",\"width\":476,\"height\":477},{\"@type\":\"BreadcrumbList\",\"@id\":\"https:\/\/www.bagnoitalia.com\/de\/produkt\/transparente-duschwand-aus-kristall-in-verschiedenen-grosen-erhaltlich-pr015.html#breadcrumb\",\"itemListElement\":[{\"@type\":\"ListItem\",\"position\":1,\"name\":\"Home\",\"item\":\"https:\/\/www.bagnoitalia.com\/de\"},{\"@type\":\"ListItem\",\"position\":2,\"name\":\"Produkte\",\"item\":\"https:\/\/www.bagnoitalia.com\/de\/shop\"},{\"@type\":\"ListItem\",\"position\":3,\"name\":\"PR015 Festwand, aus transparentem Kristallglas, reversibel, in verschiedenen Gr\u00f6\u00dfen erh\u00e4ltlich\"}]},{\"@type\":\"WebSite\",\"@id\":\"https:\/\/www.bagnoitalia.com\/de#website\",\"url\":\"https:\/\/www.bagnoitalia.com\/de\",\"name\":\"Bagno Italia\",\"description\":\"\",\"publisher\":{\"@id\":\"https:\/\/www.bagnoitalia.com\/de#organization\"},\"potentialAction\":[{\"@type\":\"SearchAction\",\"target\":{\"@type\":\"EntryPoint\",\"urlTemplate\":\"https:\/\/www.bagnoitalia.com\/de?s={search_term_string}\"},\"query-input\":{\"@type\":\"PropertyValueSpecification\",\"valueRequired\":true,\"valueName\":\"search_term_string\"}}],\"inLanguage\":\"de\"},{\"@type\":\"Organization\",\"@id\":\"https:\/\/www.bagnoitalia.com\/de#organization\",\"name\":\"Bagno Italia\",\"url\":\"https:\/\/www.bagnoitalia.com\/de\",\"logo\":{\"@type\":\"ImageObject\",\"inLanguage\":\"de\",\"@id\":\"https:\/\/www.bagnoitalia.com\/de#\/schema\/logo\/image\/\",\"url\":\"https:\/\/img.bagnoitalia.com\/wp-content\/uploads\/logo-bagnoitalia.webp\",\"contentUrl\":\"https:\/\/img.bagnoitalia.com\/wp-content\/uploads\/logo-bagnoitalia.webp\",\"width\":400,\"height\":70,\"caption\":\"Bagno Italia\"},\"image\":{\"@id\":\"https:\/\/www.bagnoitalia.com\/de#\/schema\/logo\/image\/\"}}]}<\/script>\n<!-- \/ Yoast SEO plugin. -->","yoast_head_json":{"title":"Wendbare Duschwand H 195 cm, transparent 8mm Kristall","robots":{"index":"index","follow":"follow","max-snippet":"max-snippet:-1","max-image-preview":"max-image-preview:large","max-video-preview":"max-video-preview:-1"},"canonical":"https:\/\/www.bagnoitalia.com\/de\/produkt\/transparente-duschwand-aus-kristall-in-verschiedenen-grosen-erhaltlich-pr015.html","og_locale":"de_DE","og_type":"article","og_title":"Wendbare Duschwand H 195 cm, transparent 8mm Kristall","og_description":"PR015 reversible Festwand, aus transparentem Kristallglas. In verschiedenen Gr\u00f6\u00dfen erh\u00e4ltlich: 100, 120 oder 140 cm. H\u00f6he: 195cm.","og_url":"https:\/\/www.bagnoitalia.com\/de\/produkt\/transparente-duschwand-aus-kristall-in-verschiedenen-grosen-erhaltlich-pr015.html","og_site_name":"Bagno Italia","article_modified_time":"2024-05-21T13:21:28+00:00","og_image":[{"width":476,"height":477,"url":"https:\/\/img.bagnoitalia.com\/wp-content\/uploads\/virtuemart\/product\/transparent-crystal-shower-wall-pr015-1_1543848261_8795.jpg","type":"image\/jpeg"}],"twitter_card":"summary_large_image","twitter_misc":{"Gesch\u00e4tzte Lesezeit":"1\u00a0Minute"},"schema":{"@context":"https:\/\/schema.org","@graph":[{"@type":"WebPage","@id":"https:\/\/www.bagnoitalia.com\/de\/produkt\/transparente-duschwand-aus-kristall-in-verschiedenen-grosen-erhaltlich-pr015.html","url":"https:\/\/www.bagnoitalia.com\/de\/produkt\/transparente-duschwand-aus-kristall-in-verschiedenen-grosen-erhaltlich-pr015.html","name":"Wendbare Duschwand H 195 cm, transparent 8mm Kristall","isPartOf":{"@id":"https:\/\/www.bagnoitalia.com\/de#website"},"primaryImageOfPage":{"@id":"https:\/\/www.bagnoitalia.com\/de\/produkt\/transparente-duschwand-aus-kristall-in-verschiedenen-grosen-erhaltlich-pr015.html#primaryimage"},"image":{"@id":"https:\/\/www.bagnoitalia.com\/de\/produkt\/transparente-duschwand-aus-kristall-in-verschiedenen-grosen-erhaltlich-pr015.html#primaryimage"},"thumbnailUrl":"https:\/\/img.bagnoitalia.com\/wp-content\/uploads\/virtuemart\/product\/transparent-crystal-shower-wall-pr015-1_1543848261_8795.jpg","datePublished":"2015-05-20T11:34:26+00:00","dateModified":"2024-05-21T13:21:28+00:00","breadcrumb":{"@id":"https:\/\/www.bagnoitalia.com\/de\/produkt\/transparente-duschwand-aus-kristall-in-verschiedenen-grosen-erhaltlich-pr015.html#breadcrumb"},"inLanguage":"de","potentialAction":[{"@type":"ReadAction","target":["https:\/\/www.bagnoitalia.com\/de\/produkt\/transparente-duschwand-aus-kristall-in-verschiedenen-grosen-erhaltlich-pr015.html"]}]},{"@type":"ImageObject","inLanguage":"de","@id":"https:\/\/www.bagnoitalia.com\/de\/produkt\/transparente-duschwand-aus-kristall-in-verschiedenen-grosen-erhaltlich-pr015.html#primaryimage","url":"https:\/\/img.bagnoitalia.com\/wp-content\/uploads\/virtuemart\/product\/transparent-crystal-shower-wall-pr015-1_1543848261_8795.jpg","contentUrl":"https:\/\/img.bagnoitalia.com\/wp-content\/uploads\/virtuemart\/product\/transparent-crystal-shower-wall-pr015-1_1543848261_8795.jpg","width":476,"height":477},{"@type":"BreadcrumbList","@id":"https:\/\/www.bagnoitalia.com\/de\/produkt\/transparente-duschwand-aus-kristall-in-verschiedenen-grosen-erhaltlich-pr015.html#breadcrumb","itemListElement":[{"@type":"ListItem","position":1,"name":"Home","item":"https:\/\/www.bagnoitalia.com\/de"},{"@type":"ListItem","position":2,"name":"Produkte","item":"https:\/\/www.bagnoitalia.com\/de\/shop"},{"@type":"ListItem","position":3,"name":"PR015 Festwand, aus transparentem Kristallglas, reversibel, in verschiedenen Gr\u00f6\u00dfen erh\u00e4ltlich"}]},{"@type":"WebSite","@id":"https:\/\/www.bagnoitalia.com\/de#website","url":"https:\/\/www.bagnoitalia.com\/de","name":"Bagno Italia","description":"","publisher":{"@id":"https:\/\/www.bagnoitalia.com\/de#organization"},"potentialAction":[{"@type":"SearchAction","target":{"@type":"EntryPoint","urlTemplate":"https:\/\/www.bagnoitalia.com\/de?s={search_term_string}"},"query-input":{"@type":"PropertyValueSpecification","valueRequired":true,"valueName":"search_term_string"}}],"inLanguage":"de"},{"@type":"Organization","@id":"https:\/\/www.bagnoitalia.com\/de#organization","name":"Bagno Italia","url":"https:\/\/www.bagnoitalia.com\/de","logo":{"@type":"ImageObject","inLanguage":"de","@id":"https:\/\/www.bagnoitalia.com\/de#\/schema\/logo\/image\/","url":"https:\/\/img.bagnoitalia.com\/wp-content\/uploads\/logo-bagnoitalia.webp","contentUrl":"https:\/\/img.bagnoitalia.com\/wp-content\/uploads\/logo-bagnoitalia.webp","width":400,"height":70,"caption":"Bagno Italia"},"image":{"@id":"https:\/\/www.bagnoitalia.com\/de#\/schema\/logo\/image\/"}}]}},"_links":{"self":[{"href":"https:\/\/www.bagnoitalia.com\/de\/wp-json\/wp\/v2\/product\/79263","targetHints":{"allow":["GET"]}}],"collection":[{"href":"https:\/\/www.bagnoitalia.com\/de\/wp-json\/wp\/v2\/product"}],"about":[{"href":"https:\/\/www.bagnoitalia.com\/de\/wp-json\/wp\/v2\/types\/product"}],"replies":[{"embeddable":true,"href":"https:\/\/www.bagnoitalia.com\/de\/wp-json\/wp\/v2\/comments?post=79263"}],"version-history":[{"count":1,"href":"https:\/\/www.bagnoitalia.com\/de\/wp-json\/wp\/v2\/product\/79263\/revisions"}],"predecessor-version":[{"id":87240,"href":"https:\/\/www.bagnoitalia.com\/de\/wp-json\/wp\/v2\/product\/79263\/revisions\/87240"}],"wp:featuredmedia":[{"embeddable":true,"href":"https:\/\/www.bagnoitalia.com\/de\/wp-json\/wp\/v2\/media\/25994"}],"wp:attachment":[{"href":"https:\/\/www.bagnoitalia.com\/de\/wp-json\/wp\/v2\/media?parent=79263"}],"wp:term":[{"taxonomy":"product_brand","embeddable":true,"href":"https:\/\/www.bagnoitalia.com\/de\/wp-json\/wp\/v2\/product_brand?post=79263"},{"taxonomy":"product_cat","embeddable":true,"href":"https:\/\/www.bagnoitalia.com\/de\/wp-json\/wp\/v2\/product_cat?post=79263"},{"taxonomy":"product_tag","embeddable":true,"href":"https:\/\/www.bagnoitalia.com\/de\/wp-json\/wp\/v2\/product_tag?post=79263"}],"curies":[{"name":"wp","href":"https:\/\/api.w.org\/{rel}","templated":true}]}}