{"id":79231,"date":"2015-05-14T06:04:14","date_gmt":"2015-05-14T04:04:14","guid":{"rendered":"https:\/\/www.bagnoitalia.com\/product\/edelweiss-badezimmerschrank-90-oder-120-cm-kristall-hangewaschbecken-mit-turen-und-schubladen-in-5-farben"},"modified":"2025-05-30T01:17:54","modified_gmt":"2025-05-29T23:17:54","slug":"edelweiss-badezimmerschrank-90-oder-120-cm-kristall-hangewaschbecken-mit-turen-und-schubladen-in-5-farben","status":"publish","type":"product","link":"https:\/\/www.bagnoitalia.com\/de\/produkt\/edelweiss-badezimmerschrank-90-oder-120-cm-kristall-hangewaschbecken-mit-turen-und-schubladen-in-5-farben.html","title":{"rendered":"Edelweiss Badezimmerschrank 90 oder 120 cm, h\u00e4ngendes Waschbecken aus Kristall oder Harz mit T\u00fcren und Schubladen in 4 Farben"},"content":{"rendered":"<p><strong><span>ACHTUNG: DIE S\u00c4ULE IN DER FARBE WEISSE Asche IST NUR IN DER GR\u00d6SSE 170x45x38 ERH\u00c4LTLICH<\/span><\/strong><\/p>\n<p><strong><span>Der Preis beinhaltet:<\/span><\/strong><\/p>\n<p>&nbsp;<\/p>\n<p><span>Nr. 1 Waschbeckenunterbau 90xH55x51 cm Tiefe. Maximaltiefe (Mindesttiefe links 24 cm, rechts 27 cm) auch ab 120 cm lieferbar<\/span><\/p>\n<p><span>Nr. 1 Waschbecken aus wei\u00dfem Kristall 91,6\u00d751 cm (oder 122\u00d751) oder aus Harz (w\u00e4hlen Sie den Typ aus dem Dropdown-Men\u00fc)<\/span><\/p>\n<p>&nbsp;<\/p>\n<p>&nbsp;<\/p>\n<p><strong><span>Der Sockel besteht aus 2 Seitent\u00fcren und 2 zentralen Schubladen<\/span><\/strong><\/p>\n<p>&nbsp;<\/p>\n<p><span>SPIEGELH\u00c4HNE UND WANDLAMPEN NICHT IM PREIS INBEGRIFFEN<\/span><\/p>\n<p><span>Es ist m\u00f6glich, den Spiegel hinzuzuf\u00fcgen, indem Sie sich die Kategorie \u201eSpiegel\u201c und die Spalte \u201eTiefe 170 x 45 x 38\u201c ansehen. im Men\u00fc oben rechts<\/span><\/p>\n<p>&nbsp;<\/p>\n<p><strong><span>Materialien:<\/span><\/strong><\/p>\n<p><span>MDF-Struktur<\/span><\/p>\n<p><span>F\u00fchrungen mit Soft-Closing<\/span><\/p>\n<p><span>T\u00fcren ohne Griffe und Schubladen mit Druck\u00f6ffnung<\/span><\/p>\n<p><span>Waschbecken aus wei\u00dfem Kristall oder Harz<\/span><\/p>\n<p>&nbsp;<\/p>\n<p>&nbsp;<\/p>\n<p><span>Farben: Matttaupe, Aschewei\u00df, weiche Eiche, Tabak<\/span><\/p>\n<p>&nbsp;<\/p>\n<p><span>ACHTUNG: Die Farbe NATURAL GREY ist nicht mehr verf\u00fcgbar, sie wird nicht mehr hergestellt<\/span><\/p>\n<p>&nbsp;<\/p>\n","protected":false},"excerpt":{"rendered":"<div class=\"woocommerce-product-details__short-description\">\n<p><span>Badezimmerschrank 120 oder 90 cm mit dezentralem Unterbauwaschbecken aus Kristall oder Harz<\/span><\/p>\n<\/div>\n<div class=\"woocommerce-product-rating\">\n<div class=\"star-rating\" role=\"img\" aria-label=\"Bewertet mit 4,87 von 5\"><\/div>\n<\/div>\n","protected":false},"featured_media":25766,"comment_status":"open","ping_status":"closed","template":"","meta":[],"product_brand":[9898],"product_cat":[9720,9724],"product_tag":[],"class_list":{"0":"post-79231","1":"product","2":"type-product","3":"status-publish","4":"has-post-thumbnail","6":"product_brand-baden-haus-de","7":"product_cat-badmobel-von-71-bis-100-cm-moderne-mobel","8":"product_cat-badmobel-von-101-bis-220-cm-moderne-mobel","10":"first","11":"instock","12":"sale","13":"taxable","14":"shipping-taxable","15":"purchasable","16":"product-type-simple"},"exclude_global_add_ons":false,"addons":[{"name":"Ma\u00dfe","type":"multiple_choice","position":0,"required":true,"title_format":"heading","default":"","description_enable":false,"description":"","placeholder_enable":false,"placeholder":"","display":"select","restrictions_type":"any_text","adjust_price":false,"price":"","price_type":"flat_fee","restrictions":false,"min":"0","max":"0","options":[{"label":"90 cm","price":"","price_type":"quantity_based","image":0,"visibility":true},{"label":"120 cm","price":"100","price_type":"quantity_based","image":0,"visibility":true}],"id":1716979367},{"name":"Farbe","type":"multiple_choice","position":1,"required":true,"title_format":"heading","default":"","description_enable":false,"description":"","placeholder_enable":false,"placeholder":"","display":"select","restrictions_type":"any_text","adjust_price":false,"price":"","price_type":"flat_fee","restrictions":false,"min":"0","max":"0","options":[{"label":"Esche wei\u00df","price":"","price_type":"quantity_based","image":0,"visibility":true},{"label":"Helle Eiche","price":"","price_type":"quantity_based","image":0,"visibility":true},{"label":"mattes Taupe","price":"","price_type":"quantity_based","image":0,"visibility":true},{"label":"Tabak","price":"","price_type":"quantity_based","image":0,"visibility":true}],"id":1716979368},{"name":"Spiegel","type":"multiple_choice","position":2,"required":true,"title_format":"heading","default":"","description_enable":false,"description":"","placeholder_enable":false,"placeholder":"","display":"select","restrictions_type":"any_text","adjust_price":false,"price":"","price_type":"flat_fee","restrictions":false,"min":"0","max":"0","options":[{"label":"kein Spiegel","price":"","price_type":"quantity_based","image":0,"visibility":true},{"label":"90x55cm Spiegel mit verchromter LED-Wandleuchte","price":"65","price_type":"quantity_based","image":0,"visibility":true},{"label":"90x55cm Spiegel mit schwarzer LED-Wandleuchte","price":"65","price_type":"quantity_based","image":0,"visibility":true}],"id":1716979369},{"name":"Spalte","type":"multiple_choice","position":3,"required":true,"title_format":"heading","default":"","description_enable":false,"description":"","placeholder_enable":false,"placeholder":"","display":"select","restrictions_type":"any_text","adjust_price":false,"price":"","price_type":"flat_fee","restrictions":false,"min":"0","max":"0","options":[{"label":"keine Spalte","price":"","price_type":"quantity_based","image":0,"visibility":true},{"label":"H170x45xT38 cm Spalte","price":"260","price_type":"quantity_based","image":0,"visibility":true}],"id":1716979370},{"name":"Waschbecken","type":"multiple_choice","position":4,"required":true,"title_format":"heading","default":"","description_enable":false,"description":"","placeholder_enable":false,"placeholder":"","display":"select","restrictions_type":"any_text","adjust_price":false,"price":"","price_type":"flat_fee","restrictions":false,"min":"0","max":"0","options":[{"label":"Kristallwaschbecken","price":"","price_type":"quantity_based","image":0,"visibility":true},{"label":"Harzwaschbecken","price":"","price_type":"quantity_based","image":0,"visibility":true}],"id":1727089804}],"yoast_head":"<!-- This site is optimized with the Yoast SEO plugin v26.7 - https:\/\/yoast.com\/wordpress\/plugins\/seo\/ -->\n<title>Edelweiss Badezimmerschrank 120 cm naturgrau, Maulwurf matt, Esche wei\u00df, Eiche weich<\/title>\n<meta name=\"description\" content=\"Badm\u00f6bel aus Edelweiss mit zwei Schubladen und zwei T\u00fcren\" \/>\n<meta name=\"robots\" content=\"index, follow, max-snippet:-1, max-image-preview:large, max-video-preview:-1\" \/>\n<link rel=\"canonical\" href=\"https:\/\/www.bagnoitalia.com\/de\/produkt\/edelweiss-badezimmerschrank-90-oder-120-cm-kristall-hangewaschbecken-mit-turen-und-schubladen-in-5-farben.html\" \/>\n<meta property=\"og:locale\" content=\"de_DE\" \/>\n<meta property=\"og:type\" content=\"article\" \/>\n<meta property=\"og:title\" content=\"Edelweiss Badezimmerschrank 120 cm naturgrau, Maulwurf matt, Esche wei\u00df, Eiche weich\" \/>\n<meta property=\"og:description\" content=\"Badm\u00f6bel aus Edelweiss mit zwei Schubladen und zwei T\u00fcren\" \/>\n<meta property=\"og:url\" content=\"https:\/\/www.bagnoitalia.com\/de\/produkt\/edelweiss-badezimmerschrank-90-oder-120-cm-kristall-hangewaschbecken-mit-turen-und-schubladen-in-5-farben.html\" \/>\n<meta property=\"og:site_name\" content=\"Bagno Italia\" \/>\n<meta property=\"article:modified_time\" content=\"2025-05-29T23:17:54+00:00\" \/>\n<meta property=\"og:image\" content=\"https:\/\/img.bagnoitalia.com\/wp-content\/uploads\/virtuemart\/product\/Wall-hung-bathroom-vanity-Edelweiss-1_1542297445_16.jpg\" \/>\n\t<meta property=\"og:image:width\" content=\"600\" \/>\n\t<meta property=\"og:image:height\" content=\"600\" \/>\n\t<meta property=\"og:image:type\" content=\"image\/jpeg\" \/>\n<meta name=\"twitter:card\" content=\"summary_large_image\" \/>\n<meta name=\"twitter:label1\" content=\"Gesch\u00e4tzte Lesezeit\" \/>\n\t<meta name=\"twitter:data1\" content=\"1\u00a0Minute\" \/>\n<script type=\"application\/ld+json\" class=\"yoast-schema-graph\">{\"@context\":\"https:\/\/schema.org\",\"@graph\":[{\"@type\":\"WebPage\",\"@id\":\"https:\/\/www.bagnoitalia.com\/de\/produkt\/edelweiss-badezimmerschrank-90-oder-120-cm-kristall-hangewaschbecken-mit-turen-und-schubladen-in-5-farben.html\",\"url\":\"https:\/\/www.bagnoitalia.com\/de\/produkt\/edelweiss-badezimmerschrank-90-oder-120-cm-kristall-hangewaschbecken-mit-turen-und-schubladen-in-5-farben.html\",\"name\":\"Edelweiss Badezimmerschrank 120 cm naturgrau, Maulwurf matt, Esche wei\u00df, Eiche weich\",\"isPartOf\":{\"@id\":\"https:\/\/www.bagnoitalia.com\/de#website\"},\"primaryImageOfPage\":{\"@id\":\"https:\/\/www.bagnoitalia.com\/de\/produkt\/edelweiss-badezimmerschrank-90-oder-120-cm-kristall-hangewaschbecken-mit-turen-und-schubladen-in-5-farben.html#primaryimage\"},\"image\":{\"@id\":\"https:\/\/www.bagnoitalia.com\/de\/produkt\/edelweiss-badezimmerschrank-90-oder-120-cm-kristall-hangewaschbecken-mit-turen-und-schubladen-in-5-farben.html#primaryimage\"},\"thumbnailUrl\":\"https:\/\/img.bagnoitalia.com\/wp-content\/uploads\/virtuemart\/product\/Wall-hung-bathroom-vanity-Edelweiss-1_1542297445_16.jpg\",\"datePublished\":\"2015-05-14T04:04:14+00:00\",\"dateModified\":\"2025-05-29T23:17:54+00:00\",\"description\":\"Badm\u00f6bel aus Edelweiss mit zwei Schubladen und zwei T\u00fcren\",\"breadcrumb\":{\"@id\":\"https:\/\/www.bagnoitalia.com\/de\/produkt\/edelweiss-badezimmerschrank-90-oder-120-cm-kristall-hangewaschbecken-mit-turen-und-schubladen-in-5-farben.html#breadcrumb\"},\"inLanguage\":\"de\",\"potentialAction\":[{\"@type\":\"ReadAction\",\"target\":[\"https:\/\/www.bagnoitalia.com\/de\/produkt\/edelweiss-badezimmerschrank-90-oder-120-cm-kristall-hangewaschbecken-mit-turen-und-schubladen-in-5-farben.html\"]}]},{\"@type\":\"ImageObject\",\"inLanguage\":\"de\",\"@id\":\"https:\/\/www.bagnoitalia.com\/de\/produkt\/edelweiss-badezimmerschrank-90-oder-120-cm-kristall-hangewaschbecken-mit-turen-und-schubladen-in-5-farben.html#primaryimage\",\"url\":\"https:\/\/img.bagnoitalia.com\/wp-content\/uploads\/virtuemart\/product\/Wall-hung-bathroom-vanity-Edelweiss-1_1542297445_16.jpg\",\"contentUrl\":\"https:\/\/img.bagnoitalia.com\/wp-content\/uploads\/virtuemart\/product\/Wall-hung-bathroom-vanity-Edelweiss-1_1542297445_16.jpg\",\"width\":600,\"height\":600},{\"@type\":\"BreadcrumbList\",\"@id\":\"https:\/\/www.bagnoitalia.com\/de\/produkt\/edelweiss-badezimmerschrank-90-oder-120-cm-kristall-hangewaschbecken-mit-turen-und-schubladen-in-5-farben.html#breadcrumb\",\"itemListElement\":[{\"@type\":\"ListItem\",\"position\":1,\"name\":\"Home\",\"item\":\"https:\/\/www.bagnoitalia.com\/de\"},{\"@type\":\"ListItem\",\"position\":2,\"name\":\"Produkte\",\"item\":\"https:\/\/www.bagnoitalia.com\/de\/shop\"},{\"@type\":\"ListItem\",\"position\":3,\"name\":\"Edelweiss Badezimmerschrank 90 oder 120 cm, h\u00e4ngendes Waschbecken aus Kristall oder Harz mit T\u00fcren und Schubladen in 4 Farben\"}]},{\"@type\":\"WebSite\",\"@id\":\"https:\/\/www.bagnoitalia.com\/de#website\",\"url\":\"https:\/\/www.bagnoitalia.com\/de\",\"name\":\"Bagno Italia\",\"description\":\"\",\"publisher\":{\"@id\":\"https:\/\/www.bagnoitalia.com\/de#organization\"},\"potentialAction\":[{\"@type\":\"SearchAction\",\"target\":{\"@type\":\"EntryPoint\",\"urlTemplate\":\"https:\/\/www.bagnoitalia.com\/de?s={search_term_string}\"},\"query-input\":{\"@type\":\"PropertyValueSpecification\",\"valueRequired\":true,\"valueName\":\"search_term_string\"}}],\"inLanguage\":\"de\"},{\"@type\":\"Organization\",\"@id\":\"https:\/\/www.bagnoitalia.com\/de#organization\",\"name\":\"Bagno Italia\",\"url\":\"https:\/\/www.bagnoitalia.com\/de\",\"logo\":{\"@type\":\"ImageObject\",\"inLanguage\":\"de\",\"@id\":\"https:\/\/www.bagnoitalia.com\/de#\/schema\/logo\/image\/\",\"url\":\"https:\/\/img.bagnoitalia.com\/wp-content\/uploads\/logo-bagnoitalia.webp\",\"contentUrl\":\"https:\/\/img.bagnoitalia.com\/wp-content\/uploads\/logo-bagnoitalia.webp\",\"width\":400,\"height\":70,\"caption\":\"Bagno Italia\"},\"image\":{\"@id\":\"https:\/\/www.bagnoitalia.com\/de#\/schema\/logo\/image\/\"}}]}<\/script>\n<!-- \/ Yoast SEO plugin. -->","yoast_head_json":{"title":"Edelweiss Badezimmerschrank 120 cm naturgrau, Maulwurf matt, Esche wei\u00df, Eiche weich","description":"Badm\u00f6bel aus Edelweiss mit zwei Schubladen und zwei T\u00fcren","robots":{"index":"index","follow":"follow","max-snippet":"max-snippet:-1","max-image-preview":"max-image-preview:large","max-video-preview":"max-video-preview:-1"},"canonical":"https:\/\/www.bagnoitalia.com\/de\/produkt\/edelweiss-badezimmerschrank-90-oder-120-cm-kristall-hangewaschbecken-mit-turen-und-schubladen-in-5-farben.html","og_locale":"de_DE","og_type":"article","og_title":"Edelweiss Badezimmerschrank 120 cm naturgrau, Maulwurf matt, Esche wei\u00df, Eiche weich","og_description":"Badm\u00f6bel aus Edelweiss mit zwei Schubladen und zwei T\u00fcren","og_url":"https:\/\/www.bagnoitalia.com\/de\/produkt\/edelweiss-badezimmerschrank-90-oder-120-cm-kristall-hangewaschbecken-mit-turen-und-schubladen-in-5-farben.html","og_site_name":"Bagno Italia","article_modified_time":"2025-05-29T23:17:54+00:00","og_image":[{"width":600,"height":600,"url":"https:\/\/img.bagnoitalia.com\/wp-content\/uploads\/virtuemart\/product\/Wall-hung-bathroom-vanity-Edelweiss-1_1542297445_16.jpg","type":"image\/jpeg"}],"twitter_card":"summary_large_image","twitter_misc":{"Gesch\u00e4tzte Lesezeit":"1\u00a0Minute"},"schema":{"@context":"https:\/\/schema.org","@graph":[{"@type":"WebPage","@id":"https:\/\/www.bagnoitalia.com\/de\/produkt\/edelweiss-badezimmerschrank-90-oder-120-cm-kristall-hangewaschbecken-mit-turen-und-schubladen-in-5-farben.html","url":"https:\/\/www.bagnoitalia.com\/de\/produkt\/edelweiss-badezimmerschrank-90-oder-120-cm-kristall-hangewaschbecken-mit-turen-und-schubladen-in-5-farben.html","name":"Edelweiss Badezimmerschrank 120 cm naturgrau, Maulwurf matt, Esche wei\u00df, Eiche weich","isPartOf":{"@id":"https:\/\/www.bagnoitalia.com\/de#website"},"primaryImageOfPage":{"@id":"https:\/\/www.bagnoitalia.com\/de\/produkt\/edelweiss-badezimmerschrank-90-oder-120-cm-kristall-hangewaschbecken-mit-turen-und-schubladen-in-5-farben.html#primaryimage"},"image":{"@id":"https:\/\/www.bagnoitalia.com\/de\/produkt\/edelweiss-badezimmerschrank-90-oder-120-cm-kristall-hangewaschbecken-mit-turen-und-schubladen-in-5-farben.html#primaryimage"},"thumbnailUrl":"https:\/\/img.bagnoitalia.com\/wp-content\/uploads\/virtuemart\/product\/Wall-hung-bathroom-vanity-Edelweiss-1_1542297445_16.jpg","datePublished":"2015-05-14T04:04:14+00:00","dateModified":"2025-05-29T23:17:54+00:00","description":"Badm\u00f6bel aus Edelweiss mit zwei Schubladen und zwei T\u00fcren","breadcrumb":{"@id":"https:\/\/www.bagnoitalia.com\/de\/produkt\/edelweiss-badezimmerschrank-90-oder-120-cm-kristall-hangewaschbecken-mit-turen-und-schubladen-in-5-farben.html#breadcrumb"},"inLanguage":"de","potentialAction":[{"@type":"ReadAction","target":["https:\/\/www.bagnoitalia.com\/de\/produkt\/edelweiss-badezimmerschrank-90-oder-120-cm-kristall-hangewaschbecken-mit-turen-und-schubladen-in-5-farben.html"]}]},{"@type":"ImageObject","inLanguage":"de","@id":"https:\/\/www.bagnoitalia.com\/de\/produkt\/edelweiss-badezimmerschrank-90-oder-120-cm-kristall-hangewaschbecken-mit-turen-und-schubladen-in-5-farben.html#primaryimage","url":"https:\/\/img.bagnoitalia.com\/wp-content\/uploads\/virtuemart\/product\/Wall-hung-bathroom-vanity-Edelweiss-1_1542297445_16.jpg","contentUrl":"https:\/\/img.bagnoitalia.com\/wp-content\/uploads\/virtuemart\/product\/Wall-hung-bathroom-vanity-Edelweiss-1_1542297445_16.jpg","width":600,"height":600},{"@type":"BreadcrumbList","@id":"https:\/\/www.bagnoitalia.com\/de\/produkt\/edelweiss-badezimmerschrank-90-oder-120-cm-kristall-hangewaschbecken-mit-turen-und-schubladen-in-5-farben.html#breadcrumb","itemListElement":[{"@type":"ListItem","position":1,"name":"Home","item":"https:\/\/www.bagnoitalia.com\/de"},{"@type":"ListItem","position":2,"name":"Produkte","item":"https:\/\/www.bagnoitalia.com\/de\/shop"},{"@type":"ListItem","position":3,"name":"Edelweiss Badezimmerschrank 90 oder 120 cm, h\u00e4ngendes Waschbecken aus Kristall oder Harz mit T\u00fcren und Schubladen in 4 Farben"}]},{"@type":"WebSite","@id":"https:\/\/www.bagnoitalia.com\/de#website","url":"https:\/\/www.bagnoitalia.com\/de","name":"Bagno Italia","description":"","publisher":{"@id":"https:\/\/www.bagnoitalia.com\/de#organization"},"potentialAction":[{"@type":"SearchAction","target":{"@type":"EntryPoint","urlTemplate":"https:\/\/www.bagnoitalia.com\/de?s={search_term_string}"},"query-input":{"@type":"PropertyValueSpecification","valueRequired":true,"valueName":"search_term_string"}}],"inLanguage":"de"},{"@type":"Organization","@id":"https:\/\/www.bagnoitalia.com\/de#organization","name":"Bagno Italia","url":"https:\/\/www.bagnoitalia.com\/de","logo":{"@type":"ImageObject","inLanguage":"de","@id":"https:\/\/www.bagnoitalia.com\/de#\/schema\/logo\/image\/","url":"https:\/\/img.bagnoitalia.com\/wp-content\/uploads\/logo-bagnoitalia.webp","contentUrl":"https:\/\/img.bagnoitalia.com\/wp-content\/uploads\/logo-bagnoitalia.webp","width":400,"height":70,"caption":"Bagno Italia"},"image":{"@id":"https:\/\/www.bagnoitalia.com\/de#\/schema\/logo\/image\/"}}]}},"_links":{"self":[{"href":"https:\/\/www.bagnoitalia.com\/de\/wp-json\/wp\/v2\/product\/79231","targetHints":{"allow":["GET"]}}],"collection":[{"href":"https:\/\/www.bagnoitalia.com\/de\/wp-json\/wp\/v2\/product"}],"about":[{"href":"https:\/\/www.bagnoitalia.com\/de\/wp-json\/wp\/v2\/types\/product"}],"replies":[{"embeddable":true,"href":"https:\/\/www.bagnoitalia.com\/de\/wp-json\/wp\/v2\/comments?post=79231"}],"version-history":[{"count":3,"href":"https:\/\/www.bagnoitalia.com\/de\/wp-json\/wp\/v2\/product\/79231\/revisions"}],"predecessor-version":[{"id":92346,"href":"https:\/\/www.bagnoitalia.com\/de\/wp-json\/wp\/v2\/product\/79231\/revisions\/92346"}],"wp:featuredmedia":[{"embeddable":true,"href":"https:\/\/www.bagnoitalia.com\/de\/wp-json\/wp\/v2\/media\/25766"}],"wp:attachment":[{"href":"https:\/\/www.bagnoitalia.com\/de\/wp-json\/wp\/v2\/media?parent=79231"}],"wp:term":[{"taxonomy":"product_brand","embeddable":true,"href":"https:\/\/www.bagnoitalia.com\/de\/wp-json\/wp\/v2\/product_brand?post=79231"},{"taxonomy":"product_cat","embeddable":true,"href":"https:\/\/www.bagnoitalia.com\/de\/wp-json\/wp\/v2\/product_cat?post=79231"},{"taxonomy":"product_tag","embeddable":true,"href":"https:\/\/www.bagnoitalia.com\/de\/wp-json\/wp\/v2\/product_tag?post=79231"}],"curies":[{"name":"wp","href":"https:\/\/api.w.org\/{rel}","templated":true}]}}