{"id":79159,"date":"2015-03-31T13:36:49","date_gmt":"2015-03-31T11:36:49","guid":{"rendered":"https:\/\/www.bagnoitalia.com\/product\/sirio-badezimmerschrank-doppelwaschbecken-120-cm-weis-oder-graues-wenge-keramikwaschbecken"},"modified":"2024-05-16T16:52:39","modified_gmt":"2024-05-16T14:52:39","slug":"sirio-badezimmerschrank-doppelwaschbecken-120-cm-weis-oder-graues-wenge-keramikwaschbecken","status":"publish","type":"product","link":"https:\/\/www.bagnoitalia.com\/de\/produkt\/sirio-badezimmerschrank-doppelwaschbecken-120-cm-weis-oder-graues-wenge-keramikwaschbecken.html","title":{"rendered":"Sirio Badezimmerschrank Doppelwaschbecken 120 cm wei\u00df oder graues Weng\u00e9-Keramikwaschbecken"},"content":{"rendered":"<p><img fetchpriority=\"high\" decoding=\"async\" class=\" size-full wp-image-8414\" src=\"https:\/\/img.bagnoitalia.com\/wp-content\/uploads\/1a.png\" alt=\"http:\/\/www.bagnoitalia.it\/https:\/\/img.bagnoitalia.com\/wp-content\/uploads\/1a.png\" width=\"676\" height=\"165\" srcset=\"https:\/\/img.bagnoitalia.com\/wp-content\/uploads\/1a.png 676w, https:\/\/img.bagnoitalia.com\/wp-content\/uploads\/1a-441x108.png 441w, https:\/\/img.bagnoitalia.com\/wp-content\/uploads\/1a-600x146.png 600w, https:\/\/img.bagnoitalia.com\/wp-content\/uploads\/1a-150x37.png 150w\" sizes=\"(max-width: 676px) 100vw, 676px\" \/><\/p>\n<\/p>\n<p> <span style=\"color: #ff0000;\"><strong>ANGEBOT: PREIS G\u00dcLTIG BIS ZUM ENDE DES MONATS!<\/strong><\/span> <\/p>\n<\/p>\n<p> Der Preis beinhaltet <\/p>\n<\/p>\n<p> n \u00b0 1 Waschtischst\u00e4nder 120x46x81h cm <\/p>\n<p> 1 Keramikwaschbecken 120 cm <\/p>\n<p> 1 Spiegel 90&#215;120 <\/p>\n<p> n \u00b0 1 halbmond applikation <\/p>\n<\/p>\n<p> <strong>es ist auch m\u00f6glich, einen 140x35x20 prof hinzuzuf\u00fcgen.<\/strong> (es ist umkehrbar, daher ist es nicht erforderlich, die \u00d6ffnungsrichtung anzugeben!) <\/p>\n<\/p>\n<p> <span style=\"text-decoration: underline;\">Das fragliche M\u00f6belst\u00fcck ist in Kit<\/span> <\/p>\n<\/p>\n<p> <strong>Materialien<\/strong> <\/p>\n<p> MDF-Holzstruktur <\/p>\n<p> F\u00fchrungen mit sanfter Schlie\u00dfung <\/p>\n<p> Chromgriffe <\/p>\n<\/p>\n<p> <span style=\"text-decoration: underline;\">Das betreffende M\u00f6belst\u00fcck kann ausschlie\u00dflich komplett mit Spiegel verkauft werden<\/span> <\/p>\n","protected":false},"excerpt":{"rendered":"<p>Doppelwaschtischunterschrank cm 120 wei\u00df oder hellgrau wenge. ANGEBOT !! PREIS G\u00dcLTIG BIS ZUM ENDE DES MONATS<\/p>\n","protected":false},"featured_media":25174,"comment_status":"open","ping_status":"closed","template":"","meta":[],"product_brand":[],"product_cat":[15],"product_tag":[],"class_list":{"0":"post-79159","1":"product","2":"type-product","3":"status-publish","4":"has-post-thumbnail","6":"product_cat-senza-categoria","8":"first","9":"outofstock","10":"taxable","11":"shipping-taxable","12":"purchasable","13":"product-type-simple"},"exclude_global_add_ons":false,"addons":[{"name":"CAMPI_COLORE_DEL_MOBILE\r\n","type":"select","position":0,"required":true,"title_format":"label","default":"","description_enable":false,"description":"","placeholder_enable":false,"placeholder":"","display":"select","restrictions_type":"any_text","adjust_price":false,"price":"","price_type":"","restrictions":false,"min":"0","max":"0","options":[]},{"name":"CAMPI_COLONNA\r\n","type":"select","position":0,"required":true,"title_format":"label","default":"","description_enable":false,"description":"","placeholder_enable":false,"placeholder":"","display":"select","restrictions_type":"any_text","adjust_price":false,"price":"","price_type":"","restrictions":false,"min":"0","max":"0","options":[]}],"yoast_head":"<!-- This site is optimized with the Yoast SEO plugin v26.7 - https:\/\/yoast.com\/wordpress\/plugins\/seo\/ -->\n<title>Sirio Badezimmerschrank Doppelwaschbecken 120 cm mit 2 Farben und Keramikwaschbecken<\/title>\n<meta name=\"description\" content=\"120 cm gro\u00dfe Einheit und Keramikwaschtisch, halbmondf\u00f6rmige Gl\u00fchbirne, Soft Close-F\u00fchrungen, doppelte Farbe nach Wahl\" \/>\n<meta name=\"robots\" content=\"index, follow, max-snippet:-1, max-image-preview:large, max-video-preview:-1\" \/>\n<link rel=\"canonical\" href=\"https:\/\/www.bagnoitalia.com\/de\/produkt\/sirio-badezimmerschrank-doppelwaschbecken-120-cm-weis-oder-graues-wenge-keramikwaschbecken.html\" \/>\n<meta property=\"og:locale\" content=\"de_DE\" \/>\n<meta property=\"og:type\" content=\"article\" \/>\n<meta property=\"og:title\" content=\"Sirio Badezimmerschrank Doppelwaschbecken 120 cm mit 2 Farben und Keramikwaschbecken\" \/>\n<meta property=\"og:description\" content=\"120 cm gro\u00dfe Einheit und Keramikwaschtisch, halbmondf\u00f6rmige Gl\u00fchbirne, Soft Close-F\u00fchrungen, doppelte Farbe nach Wahl\" \/>\n<meta property=\"og:url\" content=\"https:\/\/www.bagnoitalia.com\/de\/produkt\/sirio-badezimmerschrank-doppelwaschbecken-120-cm-weis-oder-graues-wenge-keramikwaschbecken.html\" \/>\n<meta property=\"og:site_name\" content=\"Bagno Italia\" \/>\n<meta property=\"article:modified_time\" content=\"2024-05-16T14:52:39+00:00\" \/>\n<meta property=\"og:image\" content=\"https:\/\/img.bagnoitalia.com\/wp-content\/uploads\/virtuemart\/product\/prodotto-non-disponibile-098187.jpg\" \/>\n\t<meta property=\"og:image:width\" content=\"345\" \/>\n\t<meta property=\"og:image:height\" content=\"315\" \/>\n\t<meta property=\"og:image:type\" content=\"image\/jpeg\" \/>\n<meta name=\"twitter:card\" content=\"summary_large_image\" \/>\n<script type=\"application\/ld+json\" class=\"yoast-schema-graph\">{\"@context\":\"https:\/\/schema.org\",\"@graph\":[{\"@type\":\"WebPage\",\"@id\":\"https:\/\/www.bagnoitalia.com\/de\/produkt\/sirio-badezimmerschrank-doppelwaschbecken-120-cm-weis-oder-graues-wenge-keramikwaschbecken.html\",\"url\":\"https:\/\/www.bagnoitalia.com\/de\/produkt\/sirio-badezimmerschrank-doppelwaschbecken-120-cm-weis-oder-graues-wenge-keramikwaschbecken.html\",\"name\":\"Sirio Badezimmerschrank Doppelwaschbecken 120 cm mit 2 Farben und Keramikwaschbecken\",\"isPartOf\":{\"@id\":\"https:\/\/www.bagnoitalia.com\/de#website\"},\"primaryImageOfPage\":{\"@id\":\"https:\/\/www.bagnoitalia.com\/de\/produkt\/sirio-badezimmerschrank-doppelwaschbecken-120-cm-weis-oder-graues-wenge-keramikwaschbecken.html#primaryimage\"},\"image\":{\"@id\":\"https:\/\/www.bagnoitalia.com\/de\/produkt\/sirio-badezimmerschrank-doppelwaschbecken-120-cm-weis-oder-graues-wenge-keramikwaschbecken.html#primaryimage\"},\"thumbnailUrl\":\"https:\/\/img.bagnoitalia.com\/wp-content\/uploads\/virtuemart\/product\/prodotto-non-disponibile-098187.jpg\",\"datePublished\":\"2015-03-31T11:36:49+00:00\",\"dateModified\":\"2024-05-16T14:52:39+00:00\",\"description\":\"120 cm gro\u00dfe Einheit und Keramikwaschtisch, halbmondf\u00f6rmige Gl\u00fchbirne, Soft Close-F\u00fchrungen, doppelte Farbe nach Wahl\",\"breadcrumb\":{\"@id\":\"https:\/\/www.bagnoitalia.com\/de\/produkt\/sirio-badezimmerschrank-doppelwaschbecken-120-cm-weis-oder-graues-wenge-keramikwaschbecken.html#breadcrumb\"},\"inLanguage\":\"de\",\"potentialAction\":[{\"@type\":\"ReadAction\",\"target\":[\"https:\/\/www.bagnoitalia.com\/de\/produkt\/sirio-badezimmerschrank-doppelwaschbecken-120-cm-weis-oder-graues-wenge-keramikwaschbecken.html\"]}]},{\"@type\":\"ImageObject\",\"inLanguage\":\"de\",\"@id\":\"https:\/\/www.bagnoitalia.com\/de\/produkt\/sirio-badezimmerschrank-doppelwaschbecken-120-cm-weis-oder-graues-wenge-keramikwaschbecken.html#primaryimage\",\"url\":\"https:\/\/img.bagnoitalia.com\/wp-content\/uploads\/virtuemart\/product\/prodotto-non-disponibile-098187.jpg\",\"contentUrl\":\"https:\/\/img.bagnoitalia.com\/wp-content\/uploads\/virtuemart\/product\/prodotto-non-disponibile-098187.jpg\",\"width\":345,\"height\":315},{\"@type\":\"BreadcrumbList\",\"@id\":\"https:\/\/www.bagnoitalia.com\/de\/produkt\/sirio-badezimmerschrank-doppelwaschbecken-120-cm-weis-oder-graues-wenge-keramikwaschbecken.html#breadcrumb\",\"itemListElement\":[{\"@type\":\"ListItem\",\"position\":1,\"name\":\"Home\",\"item\":\"https:\/\/www.bagnoitalia.com\/de\"},{\"@type\":\"ListItem\",\"position\":2,\"name\":\"Produkte\",\"item\":\"https:\/\/www.bagnoitalia.com\/de\/shop\"},{\"@type\":\"ListItem\",\"position\":3,\"name\":\"Sirio Badezimmerschrank Doppelwaschbecken 120 cm wei\u00df oder graues Weng\u00e9-Keramikwaschbecken\"}]},{\"@type\":\"WebSite\",\"@id\":\"https:\/\/www.bagnoitalia.com\/de#website\",\"url\":\"https:\/\/www.bagnoitalia.com\/de\",\"name\":\"Bagno Italia\",\"description\":\"\",\"publisher\":{\"@id\":\"https:\/\/www.bagnoitalia.com\/de#organization\"},\"potentialAction\":[{\"@type\":\"SearchAction\",\"target\":{\"@type\":\"EntryPoint\",\"urlTemplate\":\"https:\/\/www.bagnoitalia.com\/de?s={search_term_string}\"},\"query-input\":{\"@type\":\"PropertyValueSpecification\",\"valueRequired\":true,\"valueName\":\"search_term_string\"}}],\"inLanguage\":\"de\"},{\"@type\":\"Organization\",\"@id\":\"https:\/\/www.bagnoitalia.com\/de#organization\",\"name\":\"Bagno Italia\",\"url\":\"https:\/\/www.bagnoitalia.com\/de\",\"logo\":{\"@type\":\"ImageObject\",\"inLanguage\":\"de\",\"@id\":\"https:\/\/www.bagnoitalia.com\/de#\/schema\/logo\/image\/\",\"url\":\"https:\/\/img.bagnoitalia.com\/wp-content\/uploads\/logo-bagnoitalia.webp\",\"contentUrl\":\"https:\/\/img.bagnoitalia.com\/wp-content\/uploads\/logo-bagnoitalia.webp\",\"width\":400,\"height\":70,\"caption\":\"Bagno Italia\"},\"image\":{\"@id\":\"https:\/\/www.bagnoitalia.com\/de#\/schema\/logo\/image\/\"}}]}<\/script>\n<!-- \/ Yoast SEO plugin. -->","yoast_head_json":{"title":"Sirio Badezimmerschrank Doppelwaschbecken 120 cm mit 2 Farben und Keramikwaschbecken","description":"120 cm gro\u00dfe Einheit und Keramikwaschtisch, halbmondf\u00f6rmige Gl\u00fchbirne, Soft Close-F\u00fchrungen, doppelte Farbe nach Wahl","robots":{"index":"index","follow":"follow","max-snippet":"max-snippet:-1","max-image-preview":"max-image-preview:large","max-video-preview":"max-video-preview:-1"},"canonical":"https:\/\/www.bagnoitalia.com\/de\/produkt\/sirio-badezimmerschrank-doppelwaschbecken-120-cm-weis-oder-graues-wenge-keramikwaschbecken.html","og_locale":"de_DE","og_type":"article","og_title":"Sirio Badezimmerschrank Doppelwaschbecken 120 cm mit 2 Farben und Keramikwaschbecken","og_description":"120 cm gro\u00dfe Einheit und Keramikwaschtisch, halbmondf\u00f6rmige Gl\u00fchbirne, Soft Close-F\u00fchrungen, doppelte Farbe nach Wahl","og_url":"https:\/\/www.bagnoitalia.com\/de\/produkt\/sirio-badezimmerschrank-doppelwaschbecken-120-cm-weis-oder-graues-wenge-keramikwaschbecken.html","og_site_name":"Bagno Italia","article_modified_time":"2024-05-16T14:52:39+00:00","og_image":[{"width":345,"height":315,"url":"https:\/\/img.bagnoitalia.com\/wp-content\/uploads\/virtuemart\/product\/prodotto-non-disponibile-098187.jpg","type":"image\/jpeg"}],"twitter_card":"summary_large_image","schema":{"@context":"https:\/\/schema.org","@graph":[{"@type":"WebPage","@id":"https:\/\/www.bagnoitalia.com\/de\/produkt\/sirio-badezimmerschrank-doppelwaschbecken-120-cm-weis-oder-graues-wenge-keramikwaschbecken.html","url":"https:\/\/www.bagnoitalia.com\/de\/produkt\/sirio-badezimmerschrank-doppelwaschbecken-120-cm-weis-oder-graues-wenge-keramikwaschbecken.html","name":"Sirio Badezimmerschrank Doppelwaschbecken 120 cm mit 2 Farben und Keramikwaschbecken","isPartOf":{"@id":"https:\/\/www.bagnoitalia.com\/de#website"},"primaryImageOfPage":{"@id":"https:\/\/www.bagnoitalia.com\/de\/produkt\/sirio-badezimmerschrank-doppelwaschbecken-120-cm-weis-oder-graues-wenge-keramikwaschbecken.html#primaryimage"},"image":{"@id":"https:\/\/www.bagnoitalia.com\/de\/produkt\/sirio-badezimmerschrank-doppelwaschbecken-120-cm-weis-oder-graues-wenge-keramikwaschbecken.html#primaryimage"},"thumbnailUrl":"https:\/\/img.bagnoitalia.com\/wp-content\/uploads\/virtuemart\/product\/prodotto-non-disponibile-098187.jpg","datePublished":"2015-03-31T11:36:49+00:00","dateModified":"2024-05-16T14:52:39+00:00","description":"120 cm gro\u00dfe Einheit und Keramikwaschtisch, halbmondf\u00f6rmige Gl\u00fchbirne, Soft Close-F\u00fchrungen, doppelte Farbe nach Wahl","breadcrumb":{"@id":"https:\/\/www.bagnoitalia.com\/de\/produkt\/sirio-badezimmerschrank-doppelwaschbecken-120-cm-weis-oder-graues-wenge-keramikwaschbecken.html#breadcrumb"},"inLanguage":"de","potentialAction":[{"@type":"ReadAction","target":["https:\/\/www.bagnoitalia.com\/de\/produkt\/sirio-badezimmerschrank-doppelwaschbecken-120-cm-weis-oder-graues-wenge-keramikwaschbecken.html"]}]},{"@type":"ImageObject","inLanguage":"de","@id":"https:\/\/www.bagnoitalia.com\/de\/produkt\/sirio-badezimmerschrank-doppelwaschbecken-120-cm-weis-oder-graues-wenge-keramikwaschbecken.html#primaryimage","url":"https:\/\/img.bagnoitalia.com\/wp-content\/uploads\/virtuemart\/product\/prodotto-non-disponibile-098187.jpg","contentUrl":"https:\/\/img.bagnoitalia.com\/wp-content\/uploads\/virtuemart\/product\/prodotto-non-disponibile-098187.jpg","width":345,"height":315},{"@type":"BreadcrumbList","@id":"https:\/\/www.bagnoitalia.com\/de\/produkt\/sirio-badezimmerschrank-doppelwaschbecken-120-cm-weis-oder-graues-wenge-keramikwaschbecken.html#breadcrumb","itemListElement":[{"@type":"ListItem","position":1,"name":"Home","item":"https:\/\/www.bagnoitalia.com\/de"},{"@type":"ListItem","position":2,"name":"Produkte","item":"https:\/\/www.bagnoitalia.com\/de\/shop"},{"@type":"ListItem","position":3,"name":"Sirio Badezimmerschrank Doppelwaschbecken 120 cm wei\u00df oder graues Weng\u00e9-Keramikwaschbecken"}]},{"@type":"WebSite","@id":"https:\/\/www.bagnoitalia.com\/de#website","url":"https:\/\/www.bagnoitalia.com\/de","name":"Bagno Italia","description":"","publisher":{"@id":"https:\/\/www.bagnoitalia.com\/de#organization"},"potentialAction":[{"@type":"SearchAction","target":{"@type":"EntryPoint","urlTemplate":"https:\/\/www.bagnoitalia.com\/de?s={search_term_string}"},"query-input":{"@type":"PropertyValueSpecification","valueRequired":true,"valueName":"search_term_string"}}],"inLanguage":"de"},{"@type":"Organization","@id":"https:\/\/www.bagnoitalia.com\/de#organization","name":"Bagno Italia","url":"https:\/\/www.bagnoitalia.com\/de","logo":{"@type":"ImageObject","inLanguage":"de","@id":"https:\/\/www.bagnoitalia.com\/de#\/schema\/logo\/image\/","url":"https:\/\/img.bagnoitalia.com\/wp-content\/uploads\/logo-bagnoitalia.webp","contentUrl":"https:\/\/img.bagnoitalia.com\/wp-content\/uploads\/logo-bagnoitalia.webp","width":400,"height":70,"caption":"Bagno Italia"},"image":{"@id":"https:\/\/www.bagnoitalia.com\/de#\/schema\/logo\/image\/"}}]}},"_links":{"self":[{"href":"https:\/\/www.bagnoitalia.com\/de\/wp-json\/wp\/v2\/product\/79159","targetHints":{"allow":["GET"]}}],"collection":[{"href":"https:\/\/www.bagnoitalia.com\/de\/wp-json\/wp\/v2\/product"}],"about":[{"href":"https:\/\/www.bagnoitalia.com\/de\/wp-json\/wp\/v2\/types\/product"}],"replies":[{"embeddable":true,"href":"https:\/\/www.bagnoitalia.com\/de\/wp-json\/wp\/v2\/comments?post=79159"}],"version-history":[{"count":0,"href":"https:\/\/www.bagnoitalia.com\/de\/wp-json\/wp\/v2\/product\/79159\/revisions"}],"wp:featuredmedia":[{"embeddable":true,"href":"https:\/\/www.bagnoitalia.com\/de\/wp-json\/wp\/v2\/media\/25174"}],"wp:attachment":[{"href":"https:\/\/www.bagnoitalia.com\/de\/wp-json\/wp\/v2\/media?parent=79159"}],"wp:term":[{"taxonomy":"product_brand","embeddable":true,"href":"https:\/\/www.bagnoitalia.com\/de\/wp-json\/wp\/v2\/product_brand?post=79159"},{"taxonomy":"product_cat","embeddable":true,"href":"https:\/\/www.bagnoitalia.com\/de\/wp-json\/wp\/v2\/product_cat?post=79159"},{"taxonomy":"product_tag","embeddable":true,"href":"https:\/\/www.bagnoitalia.com\/de\/wp-json\/wp\/v2\/product_tag?post=79159"}],"curies":[{"name":"wp","href":"https:\/\/api.w.org\/{rel}","templated":true}]}}