{"id":79075,"date":"2015-01-21T16:47:19","date_gmt":"2015-01-21T15:47:19","guid":{"rendered":"https:\/\/www.bagnoitalia.com\/product\/doppelwandeinheit-aus-armem-nussbaum-oder-gebeiztem-holz-verschiedene-farben-65x71x21"},"modified":"2024-05-16T16:52:30","modified_gmt":"2024-05-16T14:52:30","slug":"doppelwandeinheit-aus-armem-nussbaum-oder-gebeiztem-holz-verschiedene-farben-65x71x21","status":"publish","type":"product","link":"https:\/\/www.bagnoitalia.com\/de\/produkt\/doppelwandeinheit-aus-armem-nussbaum-oder-gebeiztem-holz-verschiedene-farben-65x71x21.html","title":{"rendered":"H\u00e4ngeschrank in schlichter Kunst, 65x71x21cm, in verschiedenen Farben"},"content":{"rendered":"<p><span style=\"font-size: 14pt;\"><strong>Doppelh\u00e4ngeschrank in schlichter Kunst<\/strong><\/span><\/p>\n<p>&nbsp;<\/p>\n<p><strong>Eigenschaften:<\/strong><\/p>\n<p>Struktur: Massivholz aus Pappel<\/p>\n<p>T\u00fcren: mehrschichtiges Birkenholz<\/p>\n<p>F\u00fchrungen: Metall<\/p>\n<p>&nbsp;<\/p>\n<p>&nbsp;<\/p>\n<p><span style=\"text-decoration: underline;\"><strong>Farben<\/strong><\/span><\/p>\n<p>Nussbaumbraun oder Farben mit Decap\u00e8- Effekt in:<\/p>\n<p>&#8211; gr\u00fcn<\/p>\n<p>&#8211; hellblau<\/p>\n<p>&#8211; wei\u00df<\/p>\n<p>&nbsp;<\/p>\n<p><span style=\"text-decoration: underline;\"><strong>Gr\u00f6\u00dfe:<\/strong><\/span> 65x71x21cm<\/p>\n","protected":false},"excerpt":{"rendered":"<p>H\u00e4ngeschrank in schlichter Kunst zu 65x71x21cm. In nussbaumbraun oder verschiedenen Farben mit Decap\u00e8-Effekt.<\/p>\n","protected":false},"featured_media":24394,"comment_status":"open","ping_status":"closed","template":"","meta":[],"product_brand":[9883],"product_cat":[15],"product_tag":[],"class_list":{"0":"post-79075","1":"product","2":"type-product","3":"status-publish","4":"has-post-thumbnail","6":"product_brand-deghi-de","7":"product_cat-senza-categoria","9":"first","10":"outofstock","11":"taxable","12":"shipping-taxable","13":"purchasable","14":"product-type-simple"},"exclude_global_add_ons":false,"addons":[{"name":"CAMPI_COLORE_DEL_MOBILE\r\n","type":"select","position":0,"required":true,"title_format":"label","default":"","description_enable":false,"description":"","placeholder_enable":false,"placeholder":"","display":"select","restrictions_type":"any_text","adjust_price":false,"price":"","price_type":"","restrictions":false,"min":"0","max":"0","options":[]}],"yoast_head":"<!-- This site is optimized with the Yoast SEO plugin v26.7 - https:\/\/yoast.com\/wordpress\/plugins\/seo\/ -->\n<title>Doppelwandeinheit in schlechter Kunst mit verschiedenen Farben 65x71x21<\/title>\n<meta name=\"description\" content=\"Kunstwandschrank mit 2 T\u00fcren aus massivem Pappelholz in Nussbaum und Decap\u00e8 in Hellblau, Wei\u00df, Gr\u00fcn\" \/>\n<meta name=\"robots\" content=\"index, follow, max-snippet:-1, max-image-preview:large, max-video-preview:-1\" \/>\n<link rel=\"canonical\" href=\"https:\/\/www.bagnoitalia.com\/de\/produkt\/doppelwandeinheit-aus-armem-nussbaum-oder-gebeiztem-holz-verschiedene-farben-65x71x21.html\" \/>\n<meta property=\"og:locale\" content=\"de_DE\" \/>\n<meta property=\"og:type\" content=\"article\" \/>\n<meta property=\"og:title\" content=\"Doppelwandeinheit in schlechter Kunst mit verschiedenen Farben 65x71x21\" \/>\n<meta property=\"og:description\" content=\"Kunstwandschrank mit 2 T\u00fcren aus massivem Pappelholz in Nussbaum und Decap\u00e8 in Hellblau, Wei\u00df, Gr\u00fcn\" \/>\n<meta property=\"og:url\" content=\"https:\/\/www.bagnoitalia.com\/de\/produkt\/doppelwandeinheit-aus-armem-nussbaum-oder-gebeiztem-holz-verschiedene-farben-65x71x21.html\" \/>\n<meta property=\"og:site_name\" content=\"Bagno Italia\" \/>\n<meta property=\"article:modified_time\" content=\"2024-05-16T14:52:30+00:00\" \/>\n<meta property=\"og:image\" content=\"https:\/\/img.bagnoitalia.com\/wp-content\/uploads\/virtuemart\/product\/double-wall-cabinet-in-arte-povera-0014512.jpg\" \/>\n\t<meta property=\"og:image:width\" content=\"550\" \/>\n\t<meta property=\"og:image:height\" content=\"550\" \/>\n\t<meta property=\"og:image:type\" content=\"image\/jpeg\" \/>\n<meta name=\"twitter:card\" content=\"summary_large_image\" \/>\n<script type=\"application\/ld+json\" class=\"yoast-schema-graph\">{\"@context\":\"https:\/\/schema.org\",\"@graph\":[{\"@type\":\"WebPage\",\"@id\":\"https:\/\/www.bagnoitalia.com\/de\/produkt\/doppelwandeinheit-aus-armem-nussbaum-oder-gebeiztem-holz-verschiedene-farben-65x71x21.html\",\"url\":\"https:\/\/www.bagnoitalia.com\/de\/produkt\/doppelwandeinheit-aus-armem-nussbaum-oder-gebeiztem-holz-verschiedene-farben-65x71x21.html\",\"name\":\"Doppelwandeinheit in schlechter Kunst mit verschiedenen Farben 65x71x21\",\"isPartOf\":{\"@id\":\"https:\/\/www.bagnoitalia.com\/de#website\"},\"primaryImageOfPage\":{\"@id\":\"https:\/\/www.bagnoitalia.com\/de\/produkt\/doppelwandeinheit-aus-armem-nussbaum-oder-gebeiztem-holz-verschiedene-farben-65x71x21.html#primaryimage\"},\"image\":{\"@id\":\"https:\/\/www.bagnoitalia.com\/de\/produkt\/doppelwandeinheit-aus-armem-nussbaum-oder-gebeiztem-holz-verschiedene-farben-65x71x21.html#primaryimage\"},\"thumbnailUrl\":\"https:\/\/img.bagnoitalia.com\/wp-content\/uploads\/virtuemart\/product\/double-wall-cabinet-in-arte-povera-0014512.jpg\",\"datePublished\":\"2015-01-21T15:47:19+00:00\",\"dateModified\":\"2024-05-16T14:52:30+00:00\",\"description\":\"Kunstwandschrank mit 2 T\u00fcren aus massivem Pappelholz in Nussbaum und Decap\u00e8 in Hellblau, Wei\u00df, Gr\u00fcn\",\"breadcrumb\":{\"@id\":\"https:\/\/www.bagnoitalia.com\/de\/produkt\/doppelwandeinheit-aus-armem-nussbaum-oder-gebeiztem-holz-verschiedene-farben-65x71x21.html#breadcrumb\"},\"inLanguage\":\"de\",\"potentialAction\":[{\"@type\":\"ReadAction\",\"target\":[\"https:\/\/www.bagnoitalia.com\/de\/produkt\/doppelwandeinheit-aus-armem-nussbaum-oder-gebeiztem-holz-verschiedene-farben-65x71x21.html\"]}]},{\"@type\":\"ImageObject\",\"inLanguage\":\"de\",\"@id\":\"https:\/\/www.bagnoitalia.com\/de\/produkt\/doppelwandeinheit-aus-armem-nussbaum-oder-gebeiztem-holz-verschiedene-farben-65x71x21.html#primaryimage\",\"url\":\"https:\/\/img.bagnoitalia.com\/wp-content\/uploads\/virtuemart\/product\/double-wall-cabinet-in-arte-povera-0014512.jpg\",\"contentUrl\":\"https:\/\/img.bagnoitalia.com\/wp-content\/uploads\/virtuemart\/product\/double-wall-cabinet-in-arte-povera-0014512.jpg\",\"width\":550,\"height\":550},{\"@type\":\"BreadcrumbList\",\"@id\":\"https:\/\/www.bagnoitalia.com\/de\/produkt\/doppelwandeinheit-aus-armem-nussbaum-oder-gebeiztem-holz-verschiedene-farben-65x71x21.html#breadcrumb\",\"itemListElement\":[{\"@type\":\"ListItem\",\"position\":1,\"name\":\"Home\",\"item\":\"https:\/\/www.bagnoitalia.com\/de\"},{\"@type\":\"ListItem\",\"position\":2,\"name\":\"Produkte\",\"item\":\"https:\/\/www.bagnoitalia.com\/de\/shop\"},{\"@type\":\"ListItem\",\"position\":3,\"name\":\"H\u00e4ngeschrank in schlichter Kunst, 65x71x21cm, in verschiedenen Farben\"}]},{\"@type\":\"WebSite\",\"@id\":\"https:\/\/www.bagnoitalia.com\/de#website\",\"url\":\"https:\/\/www.bagnoitalia.com\/de\",\"name\":\"Bagno Italia\",\"description\":\"\",\"publisher\":{\"@id\":\"https:\/\/www.bagnoitalia.com\/de#organization\"},\"potentialAction\":[{\"@type\":\"SearchAction\",\"target\":{\"@type\":\"EntryPoint\",\"urlTemplate\":\"https:\/\/www.bagnoitalia.com\/de?s={search_term_string}\"},\"query-input\":{\"@type\":\"PropertyValueSpecification\",\"valueRequired\":true,\"valueName\":\"search_term_string\"}}],\"inLanguage\":\"de\"},{\"@type\":\"Organization\",\"@id\":\"https:\/\/www.bagnoitalia.com\/de#organization\",\"name\":\"Bagno Italia\",\"url\":\"https:\/\/www.bagnoitalia.com\/de\",\"logo\":{\"@type\":\"ImageObject\",\"inLanguage\":\"de\",\"@id\":\"https:\/\/www.bagnoitalia.com\/de#\/schema\/logo\/image\/\",\"url\":\"https:\/\/img.bagnoitalia.com\/wp-content\/uploads\/logo-bagnoitalia.webp\",\"contentUrl\":\"https:\/\/img.bagnoitalia.com\/wp-content\/uploads\/logo-bagnoitalia.webp\",\"width\":400,\"height\":70,\"caption\":\"Bagno Italia\"},\"image\":{\"@id\":\"https:\/\/www.bagnoitalia.com\/de#\/schema\/logo\/image\/\"}}]}<\/script>\n<!-- \/ Yoast SEO plugin. -->","yoast_head_json":{"title":"Doppelwandeinheit in schlechter Kunst mit verschiedenen Farben 65x71x21","description":"Kunstwandschrank mit 2 T\u00fcren aus massivem Pappelholz in Nussbaum und Decap\u00e8 in Hellblau, Wei\u00df, Gr\u00fcn","robots":{"index":"index","follow":"follow","max-snippet":"max-snippet:-1","max-image-preview":"max-image-preview:large","max-video-preview":"max-video-preview:-1"},"canonical":"https:\/\/www.bagnoitalia.com\/de\/produkt\/doppelwandeinheit-aus-armem-nussbaum-oder-gebeiztem-holz-verschiedene-farben-65x71x21.html","og_locale":"de_DE","og_type":"article","og_title":"Doppelwandeinheit in schlechter Kunst mit verschiedenen Farben 65x71x21","og_description":"Kunstwandschrank mit 2 T\u00fcren aus massivem Pappelholz in Nussbaum und Decap\u00e8 in Hellblau, Wei\u00df, Gr\u00fcn","og_url":"https:\/\/www.bagnoitalia.com\/de\/produkt\/doppelwandeinheit-aus-armem-nussbaum-oder-gebeiztem-holz-verschiedene-farben-65x71x21.html","og_site_name":"Bagno Italia","article_modified_time":"2024-05-16T14:52:30+00:00","og_image":[{"width":550,"height":550,"url":"https:\/\/img.bagnoitalia.com\/wp-content\/uploads\/virtuemart\/product\/double-wall-cabinet-in-arte-povera-0014512.jpg","type":"image\/jpeg"}],"twitter_card":"summary_large_image","schema":{"@context":"https:\/\/schema.org","@graph":[{"@type":"WebPage","@id":"https:\/\/www.bagnoitalia.com\/de\/produkt\/doppelwandeinheit-aus-armem-nussbaum-oder-gebeiztem-holz-verschiedene-farben-65x71x21.html","url":"https:\/\/www.bagnoitalia.com\/de\/produkt\/doppelwandeinheit-aus-armem-nussbaum-oder-gebeiztem-holz-verschiedene-farben-65x71x21.html","name":"Doppelwandeinheit in schlechter Kunst mit verschiedenen Farben 65x71x21","isPartOf":{"@id":"https:\/\/www.bagnoitalia.com\/de#website"},"primaryImageOfPage":{"@id":"https:\/\/www.bagnoitalia.com\/de\/produkt\/doppelwandeinheit-aus-armem-nussbaum-oder-gebeiztem-holz-verschiedene-farben-65x71x21.html#primaryimage"},"image":{"@id":"https:\/\/www.bagnoitalia.com\/de\/produkt\/doppelwandeinheit-aus-armem-nussbaum-oder-gebeiztem-holz-verschiedene-farben-65x71x21.html#primaryimage"},"thumbnailUrl":"https:\/\/img.bagnoitalia.com\/wp-content\/uploads\/virtuemart\/product\/double-wall-cabinet-in-arte-povera-0014512.jpg","datePublished":"2015-01-21T15:47:19+00:00","dateModified":"2024-05-16T14:52:30+00:00","description":"Kunstwandschrank mit 2 T\u00fcren aus massivem Pappelholz in Nussbaum und Decap\u00e8 in Hellblau, Wei\u00df, Gr\u00fcn","breadcrumb":{"@id":"https:\/\/www.bagnoitalia.com\/de\/produkt\/doppelwandeinheit-aus-armem-nussbaum-oder-gebeiztem-holz-verschiedene-farben-65x71x21.html#breadcrumb"},"inLanguage":"de","potentialAction":[{"@type":"ReadAction","target":["https:\/\/www.bagnoitalia.com\/de\/produkt\/doppelwandeinheit-aus-armem-nussbaum-oder-gebeiztem-holz-verschiedene-farben-65x71x21.html"]}]},{"@type":"ImageObject","inLanguage":"de","@id":"https:\/\/www.bagnoitalia.com\/de\/produkt\/doppelwandeinheit-aus-armem-nussbaum-oder-gebeiztem-holz-verschiedene-farben-65x71x21.html#primaryimage","url":"https:\/\/img.bagnoitalia.com\/wp-content\/uploads\/virtuemart\/product\/double-wall-cabinet-in-arte-povera-0014512.jpg","contentUrl":"https:\/\/img.bagnoitalia.com\/wp-content\/uploads\/virtuemart\/product\/double-wall-cabinet-in-arte-povera-0014512.jpg","width":550,"height":550},{"@type":"BreadcrumbList","@id":"https:\/\/www.bagnoitalia.com\/de\/produkt\/doppelwandeinheit-aus-armem-nussbaum-oder-gebeiztem-holz-verschiedene-farben-65x71x21.html#breadcrumb","itemListElement":[{"@type":"ListItem","position":1,"name":"Home","item":"https:\/\/www.bagnoitalia.com\/de"},{"@type":"ListItem","position":2,"name":"Produkte","item":"https:\/\/www.bagnoitalia.com\/de\/shop"},{"@type":"ListItem","position":3,"name":"H\u00e4ngeschrank in schlichter Kunst, 65x71x21cm, in verschiedenen Farben"}]},{"@type":"WebSite","@id":"https:\/\/www.bagnoitalia.com\/de#website","url":"https:\/\/www.bagnoitalia.com\/de","name":"Bagno Italia","description":"","publisher":{"@id":"https:\/\/www.bagnoitalia.com\/de#organization"},"potentialAction":[{"@type":"SearchAction","target":{"@type":"EntryPoint","urlTemplate":"https:\/\/www.bagnoitalia.com\/de?s={search_term_string}"},"query-input":{"@type":"PropertyValueSpecification","valueRequired":true,"valueName":"search_term_string"}}],"inLanguage":"de"},{"@type":"Organization","@id":"https:\/\/www.bagnoitalia.com\/de#organization","name":"Bagno Italia","url":"https:\/\/www.bagnoitalia.com\/de","logo":{"@type":"ImageObject","inLanguage":"de","@id":"https:\/\/www.bagnoitalia.com\/de#\/schema\/logo\/image\/","url":"https:\/\/img.bagnoitalia.com\/wp-content\/uploads\/logo-bagnoitalia.webp","contentUrl":"https:\/\/img.bagnoitalia.com\/wp-content\/uploads\/logo-bagnoitalia.webp","width":400,"height":70,"caption":"Bagno Italia"},"image":{"@id":"https:\/\/www.bagnoitalia.com\/de#\/schema\/logo\/image\/"}}]}},"_links":{"self":[{"href":"https:\/\/www.bagnoitalia.com\/de\/wp-json\/wp\/v2\/product\/79075","targetHints":{"allow":["GET"]}}],"collection":[{"href":"https:\/\/www.bagnoitalia.com\/de\/wp-json\/wp\/v2\/product"}],"about":[{"href":"https:\/\/www.bagnoitalia.com\/de\/wp-json\/wp\/v2\/types\/product"}],"replies":[{"embeddable":true,"href":"https:\/\/www.bagnoitalia.com\/de\/wp-json\/wp\/v2\/comments?post=79075"}],"version-history":[{"count":0,"href":"https:\/\/www.bagnoitalia.com\/de\/wp-json\/wp\/v2\/product\/79075\/revisions"}],"wp:featuredmedia":[{"embeddable":true,"href":"https:\/\/www.bagnoitalia.com\/de\/wp-json\/wp\/v2\/media\/24394"}],"wp:attachment":[{"href":"https:\/\/www.bagnoitalia.com\/de\/wp-json\/wp\/v2\/media?parent=79075"}],"wp:term":[{"taxonomy":"product_brand","embeddable":true,"href":"https:\/\/www.bagnoitalia.com\/de\/wp-json\/wp\/v2\/product_brand?post=79075"},{"taxonomy":"product_cat","embeddable":true,"href":"https:\/\/www.bagnoitalia.com\/de\/wp-json\/wp\/v2\/product_cat?post=79075"},{"taxonomy":"product_tag","embeddable":true,"href":"https:\/\/www.bagnoitalia.com\/de\/wp-json\/wp\/v2\/product_tag?post=79075"}],"curies":[{"name":"wp","href":"https:\/\/api.w.org\/{rel}","templated":true}]}}