{"id":79063,"date":"2015-01-15T16:30:58","date_gmt":"2015-01-15T15:30:58","guid":{"rendered":"https:\/\/www.bagnoitalia.com\/product\/gaia-schrank-bibliothek-in-mattweis-und-nussbaum-glanzend-in-verschiedenen-modellen-und-grosen-erhaltlich"},"modified":"2024-06-18T14:38:14","modified_gmt":"2024-06-18T12:38:14","slug":"gaia-schrank-bibliothek-in-mattweis-und-nussbaum-glanzend-in-verschiedenen-modellen-und-grosen-erhaltlich","status":"publish","type":"product","link":"https:\/\/www.bagnoitalia.com\/de\/produkt\/gaia-schrank-bibliothek-in-mattweis-und-nussbaum-glanzend-in-verschiedenen-modellen-und-grosen-erhaltlich.html","title":{"rendered":"Gaia B\u00fccherschrank in mattwei\u00df oder gl\u00e4nzendem nussbaumbraun in verschiedenen Modellen und Gr\u00f6\u00dfen erh\u00e4ltlich"},"content":{"rendered":"<p><span style=\"font-size: 14pt; font-family: 'arial black', 'avant garde';\">GAIA B\u00fccherregal<\/span><\/p>\n<div id=\"tab-descrizione\" class=\"clearfix ui-tabs-panel ui-widget-content ui-corner-bottom\">\n<p style=\"text-align: justify;\"><span style=\"font-size: 10pt;\">Das B\u00fccherregal <strong>Gaia<\/strong> ist aus <strong>massivem Pappelholz gefertigt<\/strong> und garantiert <strong>Made in Italy<\/strong> . <strong>\u00a0<\/strong><\/span> <span style=\"font-size: 10pt;\">ist ein<\/span> <strong style=\"font-size: 10pt;\">handgefertigtes<\/strong> <span style=\"font-size: 10pt;\">Produkt<\/span> <span style=\"font-size: 10pt;\">, das au\u00dfergew\u00f6hnliche Qualit\u00e4t und ein exklusives Design garantiert. Sein Stil wird <span style=\"font-size: 13.3333330154419px; text-align: justify;\">durch das mattwei\u00dfe<\/span> und das <strong style=\"font-size: 13.3333330154419px; text-align: justify;\">gl\u00e4nzende Nussbaumlack-<\/strong> <strong style=\"font-size: 13.3333330154419px; text-align: justify;\">Finish<\/strong> <span style=\"font-size: 13.3333330154419px; text-align: justify;\">unterstrichen<\/span> <strong style=\"font-size: 13.3333330154419px; text-align: justify;\">,<\/strong> schlicht und elegant, kombiniert mit hoher Funktionalit\u00e4t dank der breiten, offenen Regale.<\/span><\/p>\n<p style=\"text-align: justify;\"><span style=\"font-size: 10pt;\">Der B\u00fccherregal von Gaia wird bereits zusammengebaut geliefert und erm\u00f6glicht Ihnen, Ihre Lieblingsb\u00fccher sofort zu lagern.<\/span><\/p>\n<div id=\"tab-descrizione\" class=\"clearfix ui-tabs-panel ui-widget-content ui-corner-bottom\">\n<p style=\"text-align: justify;\">\n<\/div>\n<\/div>\n<p><span style=\"font-size: 14pt; font-family: 'times new roman', times;\">Erh\u00e4ltlich in verschiedenen Modellen und Gr\u00f6\u00dfen<\/span><\/p>\n<p>&nbsp;<\/p>\n<p><span style=\"font-family: 'times new roman', times; font-size: 14pt;\">mattwei\u00dfes und gl\u00e4nzend nussbaumbraunes B\u00fccherregal aus Walnussholz\u00a0120x40x210h<\/span><\/p>\n<p><img fetchpriority=\"high\" decoding=\"async\" class=\" size-full wp-image-24298\" src=\"https:\/\/img.bagnoitalia.com\/wp-content\/uploads\/virtuemart\/product\/1514.jpg\" alt=\"tavolo1000.jpg_product_product_product_product_product_product_product_product_product_product_product_product_product_product\" width=\"269\" height=\"441\" srcset=\"https:\/\/img.bagnoitalia.com\/wp-content\/uploads\/virtuemart\/product\/1514.jpg 269w, https:\/\/img.bagnoitalia.com\/wp-content\/uploads\/virtuemart\/product\/1514-150x246.jpg 150w\" sizes=\"(max-width: 269px) 100vw, 269px\" \/><img decoding=\"async\" class=\" size-full wp-image-24302\" src=\"https:\/\/img.bagnoitalia.com\/wp-content\/uploads\/virtuemart\/product\/250.jpg\" alt=\"tavolo1000.jpg_product_product_product_product_product_product_product_product_product_product_product_product_product_product\" width=\"266\" height=\"434\" srcset=\"https:\/\/img.bagnoitalia.com\/wp-content\/uploads\/virtuemart\/product\/250.jpg 473w, https:\/\/img.bagnoitalia.com\/wp-content\/uploads\/virtuemart\/product\/250-441x720.jpg 441w, https:\/\/img.bagnoitalia.com\/wp-content\/uploads\/virtuemart\/product\/250-150x245.jpg 150w\" sizes=\"(max-width: 266px) 100vw, 266px\" \/><\/p>\n<p><span style=\"color: #0000ff;\"><span style=\"font-family: 'arial black', 'avant garde'; font-size: 12pt;\">cod. 1514-514<\/span><\/span><\/p>\n<p>_____________________________________________________________________________<\/p>\n<p><span style=\"font-size: 14pt;\"><span style=\"font-family: 'times new roman',times;\"><span style=\"font-size: x-large;\">mattwei\u00dfer B\u00fccherregal\u00a094x36x189h<\/span><\/span><\/span><\/p>\n<p><img decoding=\"async\" class=\" size-full wp-image-24306\" src=\"https:\/\/img.bagnoitalia.com\/wp-content\/uploads\/virtuemart\/product\/1502.jpg\" alt=\"tavolo1000.jpg_product_product_product_product_product_product_product_product_product_product_product_product_product_product\" width=\"243\" height=\"436\" srcset=\"https:\/\/img.bagnoitalia.com\/wp-content\/uploads\/virtuemart\/product\/1502.jpg 243w, https:\/\/img.bagnoitalia.com\/wp-content\/uploads\/virtuemart\/product\/1502-150x269.jpg 150w\" sizes=\"(max-width: 243px) 100vw, 243px\" \/><img loading=\"lazy\" decoding=\"async\" class=\" size-full wp-image-24310\" src=\"https:\/\/img.bagnoitalia.com\/wp-content\/uploads\/virtuemart\/product\/312.jpg\" alt=\"tavolo1000.jpg_product_product_product_product_product_product_product_product_product_product_product_product_product_product\" width=\"247\" height=\"423\" srcset=\"https:\/\/img.bagnoitalia.com\/wp-content\/uploads\/virtuemart\/product\/312.jpg 259w, https:\/\/img.bagnoitalia.com\/wp-content\/uploads\/virtuemart\/product\/312-150x257.jpg 150w\" sizes=\"(max-width: 247px) 100vw, 247px\" \/><\/p>\n<p><span style=\"font-family: 'arial black', 'avant garde'; font-size: 12pt; color: #0000ff;\">cod. 1502-312<\/span><\/p>\n<p>_____________________________________________________________________________<\/p>\n<p><span style=\"font-family: 'times new roman', times; font-size: 19px;\">mattwei\u00dfer B\u00fccherregal\u00a093x40x205h<\/span><\/p>\n<p><img loading=\"lazy\" decoding=\"async\" class=\" size-full wp-image-24314\" src=\"https:\/\/img.bagnoitalia.com\/wp-content\/uploads\/virtuemart\/product\/1415.jpg\" alt=\"tavolo1000.jpg_product_product_product_product_product_product_product_product_product_product_product_product_product_product\" width=\"231\" height=\"445\" srcset=\"https:\/\/img.bagnoitalia.com\/wp-content\/uploads\/virtuemart\/product\/1415.jpg 231w, https:\/\/img.bagnoitalia.com\/wp-content\/uploads\/virtuemart\/product\/1415-150x289.jpg 150w\" sizes=\"(max-width: 231px) 100vw, 231px\" \/><\/p>\n<p><span style=\"font-family: 'arial black', 'avant garde'; font-size: 16px; color: #0000ff;\">cod. 1415<\/span><\/p>\n<p>_____________________________________________________________________________<\/p>\n<p><span style=\"font-family: 'times new roman', times; font-size: 19px;\">mattwei\u00dfer B\u00fccherregal\u00a0120x36x143h<\/span><\/p>\n<p><img loading=\"lazy\" decoding=\"async\" class=\" size-full wp-image-24318\" src=\"https:\/\/img.bagnoitalia.com\/wp-content\/uploads\/virtuemart\/product\/1287.jpg\" alt=\"tavolo1000.jpg_product_product_product_product_product_product_product_product_product_product_product_product_product_product\" width=\"418\" height=\"418\" srcset=\"https:\/\/img.bagnoitalia.com\/wp-content\/uploads\/virtuemart\/product\/1287.jpg 418w, https:\/\/img.bagnoitalia.com\/wp-content\/uploads\/virtuemart\/product\/1287-100x100.jpg 100w, https:\/\/img.bagnoitalia.com\/wp-content\/uploads\/virtuemart\/product\/1287-150x150.jpg 150w\" sizes=\"(max-width: 418px) 100vw, 418px\" \/><\/p>\n<p><span style=\"font-size: 12pt; font-family: 'arial black', 'avant garde'; color: #0000ff;\">cod. 1287<\/span><\/p>\n<p>&nbsp;<\/p>\n","protected":false},"excerpt":{"rendered":"<p>Gaia Schrank Bibliothek in Mattwei\u00df und Gaia B\u00fccherschrank in mattwei\u00df oder gl\u00e4nzendem nussbaumbraun in verschiedenen Modellen und Gr\u00f6\u00dfen erh\u00e4ltlichgl\u00e4nzend in verschiedenen Modellen und Gr\u00f6\u00dfen erh\u00e4ltlich<\/p>\n","protected":false},"featured_media":24266,"comment_status":"open","ping_status":"closed","template":"","meta":[],"product_brand":[5031],"product_cat":[9788],"product_tag":[],"class_list":{"0":"post-79063","1":"product","2":"type-product","3":"status-publish","4":"has-post-thumbnail","6":"product_brand-tempesta-lineatavoli","7":"product_cat-mobel-fur-die-dekoration-inneneinrichtung","9":"first","10":"instock","11":"sale","12":"taxable","13":"shipping-taxable","14":"purchasable","15":"product-type-simple"},"exclude_global_add_ons":false,"addons":[{"name":"Typologie","type":"multiple_choice","position":0,"required":true,"title_format":"heading","default":"","description_enable":false,"description":"","placeholder_enable":false,"placeholder":"","display":"select","restrictions_type":"any_text","adjust_price":false,"price":"","price_type":"flat_fee","restrictions":false,"min":"0","max":"0","options":[{"label":"120x40xH210 Matt wei\u00df","price":"","price_type":"quantity_based","image":0,"visibility":true},{"label":"120x40xH210 Walnuss gl\u00e4nzend","price":"-20","price_type":"quantity_based","image":0,"visibility":true},{"label":"94x36xH189 Matt wei\u00df","price":"-60","price_type":"quantity_based","image":0,"visibility":true},{"label":"94x36xH189 Nussbaum gl\u00e4nzend","price":"-80","price_type":"quantity_based","image":0,"visibility":true},{"label":"93x40xH205 Mattes Wei\u00df","price":"","price_type":"quantity_based","image":0,"visibility":true},{"label":"120x36xH143 Wei\u00df matt","price":"-60","price_type":"quantity_based","image":0,"visibility":true}],"id":1718721495}],"yoast_head":"<!-- This site is optimized with the Yoast SEO plugin v26.7 - https:\/\/yoast.com\/wordpress\/plugins\/seo\/ -->\n<title>Gaia B\u00fccherschrank in mattwei\u00df oder gl\u00e4nzendem nussbaumbraun in verschiedenen Modellen und Gr\u00f6\u00dfen erh\u00e4ltlich - Bagno Italia<\/title>\n<meta name=\"robots\" content=\"index, follow, max-snippet:-1, max-image-preview:large, max-video-preview:-1\" \/>\n<link rel=\"canonical\" href=\"https:\/\/www.bagnoitalia.com\/de\/produkt\/gaia-schrank-bibliothek-in-mattweis-und-nussbaum-glanzend-in-verschiedenen-modellen-und-grosen-erhaltlich.html\" \/>\n<meta property=\"og:locale\" content=\"de_DE\" \/>\n<meta property=\"og:type\" content=\"article\" \/>\n<meta property=\"og:title\" content=\"Gaia B\u00fccherschrank in mattwei\u00df oder gl\u00e4nzendem nussbaumbraun in verschiedenen Modellen und Gr\u00f6\u00dfen erh\u00e4ltlich - Bagno Italia\" \/>\n<meta property=\"og:description\" content=\"Gaia Schrank Bibliothek in Mattwei\u00df und Gaia B\u00fccherschrank in mattwei\u00df oder gl\u00e4nzendem nussbaumbraun in verschiedenen Modellen und Gr\u00f6\u00dfen erh\u00e4ltlichgl\u00e4nzend in verschiedenen Modellen und Gr\u00f6\u00dfen erh\u00e4ltlich\" \/>\n<meta property=\"og:url\" content=\"https:\/\/www.bagnoitalia.com\/de\/produkt\/gaia-schrank-bibliothek-in-mattweis-und-nussbaum-glanzend-in-verschiedenen-modellen-und-grosen-erhaltlich.html\" \/>\n<meta property=\"og:site_name\" content=\"Bagno Italia\" \/>\n<meta property=\"article:modified_time\" content=\"2024-06-18T12:38:14+00:00\" \/>\n<meta property=\"og:image\" content=\"https:\/\/img.bagnoitalia.com\/wp-content\/uploads\/virtuemart\/product\/Bookcase-matt-white-glossy-walnut-various-models-and-sizes-Gaia-model-1_1541437581_709.jpg\" \/>\n\t<meta property=\"og:image:width\" content=\"663\" \/>\n\t<meta property=\"og:image:height\" content=\"663\" \/>\n\t<meta property=\"og:image:type\" content=\"image\/jpeg\" \/>\n<meta name=\"twitter:card\" content=\"summary_large_image\" \/>\n<meta name=\"twitter:label1\" content=\"Gesch\u00e4tzte Lesezeit\" \/>\n\t<meta name=\"twitter:data1\" content=\"2\u00a0Minuten\" \/>\n<script type=\"application\/ld+json\" class=\"yoast-schema-graph\">{\"@context\":\"https:\/\/schema.org\",\"@graph\":[{\"@type\":\"WebPage\",\"@id\":\"https:\/\/www.bagnoitalia.com\/de\/produkt\/gaia-schrank-bibliothek-in-mattweis-und-nussbaum-glanzend-in-verschiedenen-modellen-und-grosen-erhaltlich.html\",\"url\":\"https:\/\/www.bagnoitalia.com\/de\/produkt\/gaia-schrank-bibliothek-in-mattweis-und-nussbaum-glanzend-in-verschiedenen-modellen-und-grosen-erhaltlich.html\",\"name\":\"Gaia B\u00fccherschrank in mattwei\u00df oder gl\u00e4nzendem nussbaumbraun in verschiedenen Modellen und Gr\u00f6\u00dfen erh\u00e4ltlich - Bagno Italia\",\"isPartOf\":{\"@id\":\"https:\/\/www.bagnoitalia.com\/de#website\"},\"primaryImageOfPage\":{\"@id\":\"https:\/\/www.bagnoitalia.com\/de\/produkt\/gaia-schrank-bibliothek-in-mattweis-und-nussbaum-glanzend-in-verschiedenen-modellen-und-grosen-erhaltlich.html#primaryimage\"},\"image\":{\"@id\":\"https:\/\/www.bagnoitalia.com\/de\/produkt\/gaia-schrank-bibliothek-in-mattweis-und-nussbaum-glanzend-in-verschiedenen-modellen-und-grosen-erhaltlich.html#primaryimage\"},\"thumbnailUrl\":\"https:\/\/img.bagnoitalia.com\/wp-content\/uploads\/virtuemart\/product\/Bookcase-matt-white-glossy-walnut-various-models-and-sizes-Gaia-model-1_1541437581_709.jpg\",\"datePublished\":\"2015-01-15T15:30:58+00:00\",\"dateModified\":\"2024-06-18T12:38:14+00:00\",\"breadcrumb\":{\"@id\":\"https:\/\/www.bagnoitalia.com\/de\/produkt\/gaia-schrank-bibliothek-in-mattweis-und-nussbaum-glanzend-in-verschiedenen-modellen-und-grosen-erhaltlich.html#breadcrumb\"},\"inLanguage\":\"de\",\"potentialAction\":[{\"@type\":\"ReadAction\",\"target\":[\"https:\/\/www.bagnoitalia.com\/de\/produkt\/gaia-schrank-bibliothek-in-mattweis-und-nussbaum-glanzend-in-verschiedenen-modellen-und-grosen-erhaltlich.html\"]}]},{\"@type\":\"ImageObject\",\"inLanguage\":\"de\",\"@id\":\"https:\/\/www.bagnoitalia.com\/de\/produkt\/gaia-schrank-bibliothek-in-mattweis-und-nussbaum-glanzend-in-verschiedenen-modellen-und-grosen-erhaltlich.html#primaryimage\",\"url\":\"https:\/\/img.bagnoitalia.com\/wp-content\/uploads\/virtuemart\/product\/Bookcase-matt-white-glossy-walnut-various-models-and-sizes-Gaia-model-1_1541437581_709.jpg\",\"contentUrl\":\"https:\/\/img.bagnoitalia.com\/wp-content\/uploads\/virtuemart\/product\/Bookcase-matt-white-glossy-walnut-various-models-and-sizes-Gaia-model-1_1541437581_709.jpg\",\"width\":663,\"height\":663},{\"@type\":\"BreadcrumbList\",\"@id\":\"https:\/\/www.bagnoitalia.com\/de\/produkt\/gaia-schrank-bibliothek-in-mattweis-und-nussbaum-glanzend-in-verschiedenen-modellen-und-grosen-erhaltlich.html#breadcrumb\",\"itemListElement\":[{\"@type\":\"ListItem\",\"position\":1,\"name\":\"Home\",\"item\":\"https:\/\/www.bagnoitalia.com\/de\"},{\"@type\":\"ListItem\",\"position\":2,\"name\":\"Produkte\",\"item\":\"https:\/\/www.bagnoitalia.com\/de\/shop\"},{\"@type\":\"ListItem\",\"position\":3,\"name\":\"Gaia B\u00fccherschrank in mattwei\u00df oder gl\u00e4nzendem nussbaumbraun in verschiedenen Modellen und Gr\u00f6\u00dfen erh\u00e4ltlich\"}]},{\"@type\":\"WebSite\",\"@id\":\"https:\/\/www.bagnoitalia.com\/de#website\",\"url\":\"https:\/\/www.bagnoitalia.com\/de\",\"name\":\"Bagno Italia\",\"description\":\"\",\"publisher\":{\"@id\":\"https:\/\/www.bagnoitalia.com\/de#organization\"},\"potentialAction\":[{\"@type\":\"SearchAction\",\"target\":{\"@type\":\"EntryPoint\",\"urlTemplate\":\"https:\/\/www.bagnoitalia.com\/de?s={search_term_string}\"},\"query-input\":{\"@type\":\"PropertyValueSpecification\",\"valueRequired\":true,\"valueName\":\"search_term_string\"}}],\"inLanguage\":\"de\"},{\"@type\":\"Organization\",\"@id\":\"https:\/\/www.bagnoitalia.com\/de#organization\",\"name\":\"Bagno Italia\",\"url\":\"https:\/\/www.bagnoitalia.com\/de\",\"logo\":{\"@type\":\"ImageObject\",\"inLanguage\":\"de\",\"@id\":\"https:\/\/www.bagnoitalia.com\/de#\/schema\/logo\/image\/\",\"url\":\"https:\/\/img.bagnoitalia.com\/wp-content\/uploads\/logo-bagnoitalia.webp\",\"contentUrl\":\"https:\/\/img.bagnoitalia.com\/wp-content\/uploads\/logo-bagnoitalia.webp\",\"width\":400,\"height\":70,\"caption\":\"Bagno Italia\"},\"image\":{\"@id\":\"https:\/\/www.bagnoitalia.com\/de#\/schema\/logo\/image\/\"}}]}<\/script>\n<!-- \/ Yoast SEO plugin. -->","yoast_head_json":{"title":"Gaia B\u00fccherschrank in mattwei\u00df oder gl\u00e4nzendem nussbaumbraun in verschiedenen Modellen und Gr\u00f6\u00dfen erh\u00e4ltlich - Bagno Italia","robots":{"index":"index","follow":"follow","max-snippet":"max-snippet:-1","max-image-preview":"max-image-preview:large","max-video-preview":"max-video-preview:-1"},"canonical":"https:\/\/www.bagnoitalia.com\/de\/produkt\/gaia-schrank-bibliothek-in-mattweis-und-nussbaum-glanzend-in-verschiedenen-modellen-und-grosen-erhaltlich.html","og_locale":"de_DE","og_type":"article","og_title":"Gaia B\u00fccherschrank in mattwei\u00df oder gl\u00e4nzendem nussbaumbraun in verschiedenen Modellen und Gr\u00f6\u00dfen erh\u00e4ltlich - Bagno Italia","og_description":"Gaia Schrank Bibliothek in Mattwei\u00df und Gaia B\u00fccherschrank in mattwei\u00df oder gl\u00e4nzendem nussbaumbraun in verschiedenen Modellen und Gr\u00f6\u00dfen erh\u00e4ltlichgl\u00e4nzend in verschiedenen Modellen und Gr\u00f6\u00dfen erh\u00e4ltlich","og_url":"https:\/\/www.bagnoitalia.com\/de\/produkt\/gaia-schrank-bibliothek-in-mattweis-und-nussbaum-glanzend-in-verschiedenen-modellen-und-grosen-erhaltlich.html","og_site_name":"Bagno Italia","article_modified_time":"2024-06-18T12:38:14+00:00","og_image":[{"width":663,"height":663,"url":"https:\/\/img.bagnoitalia.com\/wp-content\/uploads\/virtuemart\/product\/Bookcase-matt-white-glossy-walnut-various-models-and-sizes-Gaia-model-1_1541437581_709.jpg","type":"image\/jpeg"}],"twitter_card":"summary_large_image","twitter_misc":{"Gesch\u00e4tzte Lesezeit":"2\u00a0Minuten"},"schema":{"@context":"https:\/\/schema.org","@graph":[{"@type":"WebPage","@id":"https:\/\/www.bagnoitalia.com\/de\/produkt\/gaia-schrank-bibliothek-in-mattweis-und-nussbaum-glanzend-in-verschiedenen-modellen-und-grosen-erhaltlich.html","url":"https:\/\/www.bagnoitalia.com\/de\/produkt\/gaia-schrank-bibliothek-in-mattweis-und-nussbaum-glanzend-in-verschiedenen-modellen-und-grosen-erhaltlich.html","name":"Gaia B\u00fccherschrank in mattwei\u00df oder gl\u00e4nzendem nussbaumbraun in verschiedenen Modellen und Gr\u00f6\u00dfen erh\u00e4ltlich - Bagno Italia","isPartOf":{"@id":"https:\/\/www.bagnoitalia.com\/de#website"},"primaryImageOfPage":{"@id":"https:\/\/www.bagnoitalia.com\/de\/produkt\/gaia-schrank-bibliothek-in-mattweis-und-nussbaum-glanzend-in-verschiedenen-modellen-und-grosen-erhaltlich.html#primaryimage"},"image":{"@id":"https:\/\/www.bagnoitalia.com\/de\/produkt\/gaia-schrank-bibliothek-in-mattweis-und-nussbaum-glanzend-in-verschiedenen-modellen-und-grosen-erhaltlich.html#primaryimage"},"thumbnailUrl":"https:\/\/img.bagnoitalia.com\/wp-content\/uploads\/virtuemart\/product\/Bookcase-matt-white-glossy-walnut-various-models-and-sizes-Gaia-model-1_1541437581_709.jpg","datePublished":"2015-01-15T15:30:58+00:00","dateModified":"2024-06-18T12:38:14+00:00","breadcrumb":{"@id":"https:\/\/www.bagnoitalia.com\/de\/produkt\/gaia-schrank-bibliothek-in-mattweis-und-nussbaum-glanzend-in-verschiedenen-modellen-und-grosen-erhaltlich.html#breadcrumb"},"inLanguage":"de","potentialAction":[{"@type":"ReadAction","target":["https:\/\/www.bagnoitalia.com\/de\/produkt\/gaia-schrank-bibliothek-in-mattweis-und-nussbaum-glanzend-in-verschiedenen-modellen-und-grosen-erhaltlich.html"]}]},{"@type":"ImageObject","inLanguage":"de","@id":"https:\/\/www.bagnoitalia.com\/de\/produkt\/gaia-schrank-bibliothek-in-mattweis-und-nussbaum-glanzend-in-verschiedenen-modellen-und-grosen-erhaltlich.html#primaryimage","url":"https:\/\/img.bagnoitalia.com\/wp-content\/uploads\/virtuemart\/product\/Bookcase-matt-white-glossy-walnut-various-models-and-sizes-Gaia-model-1_1541437581_709.jpg","contentUrl":"https:\/\/img.bagnoitalia.com\/wp-content\/uploads\/virtuemart\/product\/Bookcase-matt-white-glossy-walnut-various-models-and-sizes-Gaia-model-1_1541437581_709.jpg","width":663,"height":663},{"@type":"BreadcrumbList","@id":"https:\/\/www.bagnoitalia.com\/de\/produkt\/gaia-schrank-bibliothek-in-mattweis-und-nussbaum-glanzend-in-verschiedenen-modellen-und-grosen-erhaltlich.html#breadcrumb","itemListElement":[{"@type":"ListItem","position":1,"name":"Home","item":"https:\/\/www.bagnoitalia.com\/de"},{"@type":"ListItem","position":2,"name":"Produkte","item":"https:\/\/www.bagnoitalia.com\/de\/shop"},{"@type":"ListItem","position":3,"name":"Gaia B\u00fccherschrank in mattwei\u00df oder gl\u00e4nzendem nussbaumbraun in verschiedenen Modellen und Gr\u00f6\u00dfen erh\u00e4ltlich"}]},{"@type":"WebSite","@id":"https:\/\/www.bagnoitalia.com\/de#website","url":"https:\/\/www.bagnoitalia.com\/de","name":"Bagno Italia","description":"","publisher":{"@id":"https:\/\/www.bagnoitalia.com\/de#organization"},"potentialAction":[{"@type":"SearchAction","target":{"@type":"EntryPoint","urlTemplate":"https:\/\/www.bagnoitalia.com\/de?s={search_term_string}"},"query-input":{"@type":"PropertyValueSpecification","valueRequired":true,"valueName":"search_term_string"}}],"inLanguage":"de"},{"@type":"Organization","@id":"https:\/\/www.bagnoitalia.com\/de#organization","name":"Bagno Italia","url":"https:\/\/www.bagnoitalia.com\/de","logo":{"@type":"ImageObject","inLanguage":"de","@id":"https:\/\/www.bagnoitalia.com\/de#\/schema\/logo\/image\/","url":"https:\/\/img.bagnoitalia.com\/wp-content\/uploads\/logo-bagnoitalia.webp","contentUrl":"https:\/\/img.bagnoitalia.com\/wp-content\/uploads\/logo-bagnoitalia.webp","width":400,"height":70,"caption":"Bagno Italia"},"image":{"@id":"https:\/\/www.bagnoitalia.com\/de#\/schema\/logo\/image\/"}}]}},"_links":{"self":[{"href":"https:\/\/www.bagnoitalia.com\/de\/wp-json\/wp\/v2\/product\/79063","targetHints":{"allow":["GET"]}}],"collection":[{"href":"https:\/\/www.bagnoitalia.com\/de\/wp-json\/wp\/v2\/product"}],"about":[{"href":"https:\/\/www.bagnoitalia.com\/de\/wp-json\/wp\/v2\/types\/product"}],"replies":[{"embeddable":true,"href":"https:\/\/www.bagnoitalia.com\/de\/wp-json\/wp\/v2\/comments?post=79063"}],"version-history":[{"count":1,"href":"https:\/\/www.bagnoitalia.com\/de\/wp-json\/wp\/v2\/product\/79063\/revisions"}],"predecessor-version":[{"id":90551,"href":"https:\/\/www.bagnoitalia.com\/de\/wp-json\/wp\/v2\/product\/79063\/revisions\/90551"}],"wp:featuredmedia":[{"embeddable":true,"href":"https:\/\/www.bagnoitalia.com\/de\/wp-json\/wp\/v2\/media\/24266"}],"wp:attachment":[{"href":"https:\/\/www.bagnoitalia.com\/de\/wp-json\/wp\/v2\/media?parent=79063"}],"wp:term":[{"taxonomy":"product_brand","embeddable":true,"href":"https:\/\/www.bagnoitalia.com\/de\/wp-json\/wp\/v2\/product_brand?post=79063"},{"taxonomy":"product_cat","embeddable":true,"href":"https:\/\/www.bagnoitalia.com\/de\/wp-json\/wp\/v2\/product_cat?post=79063"},{"taxonomy":"product_tag","embeddable":true,"href":"https:\/\/www.bagnoitalia.com\/de\/wp-json\/wp\/v2\/product_tag?post=79063"}],"curies":[{"name":"wp","href":"https:\/\/api.w.org\/{rel}","templated":true}]}}