{"id":79039,"date":"2015-01-14T16:56:01","date_gmt":"2015-01-14T15:56:01","guid":{"rendered":"https:\/\/www.bagnoitalia.com\/product\/marilyn-schrankkonsole-mit-spiegel-fur-den-eingang-mattweis-nussbaum-glanzend-gold-und-silber"},"modified":"2024-05-29T15:15:53","modified_gmt":"2024-05-29T13:15:53","slug":"marilyn-schrankkonsole-mit-spiegel-fur-den-eingang-mattweis-nussbaum-glanzend-gold-und-silber","status":"publish","type":"product","link":"https:\/\/www.bagnoitalia.com\/de\/produkt\/marilyn-schrankkonsole-mit-spiegel-fur-den-eingang-mattweis-nussbaum-glanzend-gold-und-silber.html","title":{"rendered":"Marilyn Schminktisch mit Spiegel f\u00fcr den Flur\/Eingang in mattwei\u00df\/ gl\u00e4nzendem wei\u00df\/ nussbaumbraun\/ gold oder silber"},"content":{"rendered":"<p><span style=\"font-size: 14pt; font-family: 'arial black', 'avant garde';\">Konsolentisch mit Spiegel inklusive MARILYN<\/span><\/p>\n<div id=\"tab-descrizione\" class=\"clearfix ui-tabs-panel ui-widget-content ui-corner-bottom\">\n<p style=\"text-align: justify;\"><span style=\"font-size: 10pt;\">Die <strong>Marilyn-<\/strong> Eingangskonsole mit Spiegel aus <strong>massivem Pappelholz<\/strong> mit <strong>mattem Wei\u00df<\/strong> , <strong>Silber<\/strong> , <strong>Gold<\/strong> oder <strong>gl\u00e4nzendem Nussbaum-Finish<\/strong> ist die perfekte Erg\u00e4nzung zur Einrichtung.<\/span><\/p>\n<p style=\"text-align: justify;\"><span style=\"font-size: 10pt;\">Garantiert <strong>Made in Italy<\/strong> und <strong>Handarbeit<\/strong> garantiert diese Konsole unverwechselbare Qualit\u00e4t und Stil. Im Eingangsbereich oder wo immer Sie m\u00f6chten, kann Marilyn Ihrem Zuhause einen Hauch von Eleganz und Originalit\u00e4t verleihen.<\/span><\/p>\n<p style=\"text-align: justify;\"><span style=\"font-size: 10pt;\">Die Konsole und der Spiegel werden bereits fertig montiert geliefert.<\/span><\/p>\n<\/div>\n<p>&nbsp;<\/p>\n<p><span style=\"font-size: 14pt; font-family: 'times new roman', times;\">In verschiedenen Gr\u00f6\u00dfen erh\u00e4ltlich<\/span><\/p>\n<p><span style=\"text-decoration: underline;\"><span style=\"font-family: 'comic sans ms', sans-serif; font-size: 13px; color: #ff0000; text-decoration: underline;\">Kn\u00f6pfe enthalten, Loch f\u00fcr Kn\u00f6pfe nicht vorhanden<\/span><\/span><\/p>\n<p>&nbsp;<\/p>\n<p><span style=\"font-family: 'times new roman', times; font-size: 14pt;\">mattwei\u00dfe Konsole\u00a096x41x80h mit integriertem Spiegel\u00a070x80h<\/span><\/p>\n<p>&nbsp;<\/p>\n<p><img fetchpriority=\"high\" decoding=\"async\" class=\" size-full wp-image-24094\" src=\"https:\/\/img.bagnoitalia.com\/wp-content\/uploads\/virtuemart\/product\/1476-1475.jpg\" alt=\"tavolo1000.jpg_product_product_product_product_product_product_product_product_product_product_product_product_product_product\" width=\"418\" height=\"418\" srcset=\"https:\/\/img.bagnoitalia.com\/wp-content\/uploads\/virtuemart\/product\/1476-1475.jpg 418w, https:\/\/img.bagnoitalia.com\/wp-content\/uploads\/virtuemart\/product\/1476-1475-100x100.jpg 100w, https:\/\/img.bagnoitalia.com\/wp-content\/uploads\/virtuemart\/product\/1476-1475-150x150.jpg 150w\" sizes=\"(max-width: 418px) 100vw, 418px\" \/><\/p>\n<p><span style=\"font-family: 'arial black', 'avant garde'; font-size: 12pt; color: #0000ff;\">cod. 1475-1476<\/span><\/p>\n<p>____________________________________________________________________________<\/p>\n<p><span style=\"font-family: 'times new roman', times; font-size: 19px;\">silberne Konsole\u00a096x41x80h mit integrieretem Spiegel\u00a070x80h<\/span><\/p>\n<p>&nbsp;<\/p>\n<p><img decoding=\"async\" class=\" size-full wp-image-24098\" src=\"https:\/\/img.bagnoitalia.com\/wp-content\/uploads\/virtuemart\/product\/475-476.jpg\" alt=\"tavolo1000.jpg_product_product_product_product_product_product_product_product_product_product_product_product_product_product\" width=\"418\" height=\"418\" srcset=\"https:\/\/img.bagnoitalia.com\/wp-content\/uploads\/virtuemart\/product\/475-476.jpg 418w, https:\/\/img.bagnoitalia.com\/wp-content\/uploads\/virtuemart\/product\/475-476-100x100.jpg 100w, https:\/\/img.bagnoitalia.com\/wp-content\/uploads\/virtuemart\/product\/475-476-150x150.jpg 150w\" sizes=\"(max-width: 418px) 100vw, 418px\" \/><\/p>\n<p><span style=\"font-family: 'arial black', 'avant garde'; font-size: 12pt; color: #0000ff;\">cod. 475-476<\/span><\/p>\n<p>____________________________________________________________________________<\/p>\n<p><span style=\"font-size: 14pt;\">goldene Konsole\u00a096x41x80h mit integrieretem Spiegel\u00a070x80h<\/span><\/p>\n<p>&nbsp;<\/p>\n<p><img decoding=\"async\" class=\" size-full wp-image-24102\" src=\"https:\/\/img.bagnoitalia.com\/wp-content\/uploads\/virtuemart\/product\/477-478.jpg\" alt=\"tavolo1000.jpg_product_product_product_product_product_product_product_product_product_product_product_product_product_product\" width=\"418\" height=\"418\" srcset=\"https:\/\/img.bagnoitalia.com\/wp-content\/uploads\/virtuemart\/product\/477-478.jpg 418w, https:\/\/img.bagnoitalia.com\/wp-content\/uploads\/virtuemart\/product\/477-478-100x100.jpg 100w, https:\/\/img.bagnoitalia.com\/wp-content\/uploads\/virtuemart\/product\/477-478-150x150.jpg 150w\" sizes=\"(max-width: 418px) 100vw, 418px\" \/><\/p>\n<p><span style=\"font-family: 'arial black', 'avant garde'; font-size: 12pt; color: #0000ff;\">cod. 477-478<\/span><\/p>\n<p>____________________________________________________________________________<\/p>\n<p><span style=\"font-size: 14pt;\">nussbaumbraune Konsole\u00a096x41x80h mit integrieretem Spiegel\u00a070x80h<\/span><\/p>\n<p><img loading=\"lazy\" decoding=\"async\" class=\" size-full wp-image-24106\" src=\"https:\/\/img.bagnoitalia.com\/wp-content\/uploads\/virtuemart\/product\/537-538.jpg\" alt=\"tavolo1000.jpg_product_product_product_product_product_product_product_product_product_product_product_product_product_product\" width=\"300\" height=\"439\" srcset=\"https:\/\/img.bagnoitalia.com\/wp-content\/uploads\/virtuemart\/product\/537-538.jpg 300w, https:\/\/img.bagnoitalia.com\/wp-content\/uploads\/virtuemart\/product\/537-538-150x220.jpg 150w\" sizes=\"(max-width: 300px) 100vw, 300px\" \/><\/p>\n<p><span style=\"font-family: 'arial black', 'avant garde'; font-size: 16px;\"><span style=\"color: #0000ff;\">cod. 537-538<\/span><\/span><\/p>\n","protected":false},"excerpt":{"rendered":"<p>Marilyn Schminktisch mit Spiegel f\u00fcr den Flur\/Eingang in mattwei\u00df\/ gl\u00e4nzendem wei\u00df\/ nussbaumbraun\/ gold oder silber<\/p>\n","protected":false},"featured_media":24070,"comment_status":"open","ping_status":"closed","template":"","meta":[],"product_brand":[5031],"product_cat":[9788],"product_tag":[],"class_list":{"0":"post-79039","1":"product","2":"type-product","3":"status-publish","4":"has-post-thumbnail","6":"product_brand-tempesta-lineatavoli","7":"product_cat-mobel-fur-die-dekoration-inneneinrichtung","9":"first","10":"instock","11":"sale","12":"taxable","13":"shipping-taxable","14":"purchasable","15":"product-type-simple"},"exclude_global_add_ons":false,"addons":[{"name":"Farbe","type":"multiple_choice","position":0,"required":true,"title_format":"heading","default":"","description_enable":false,"description":"","placeholder_enable":false,"placeholder":"","display":"select","restrictions_type":"any_text","adjust_price":false,"price":"","price_type":"flat_fee","restrictions":false,"min":"0","max":"0","options":[{"label":"79x30xH170 Walnuss gl\u00e4nzend","price":"","price_type":"quantity_based","image":0,"visibility":true},{"label":"Mattes Wei\u00df","price":"30","price_type":"quantity_based","image":0,"visibility":true},{"label":"Silber","price":"200","price_type":"quantity_based","image":0,"visibility":true},{"label":"Gold","price":"220","price_type":"quantity_based","image":0,"visibility":true}],"id":1716995754}],"yoast_head":"<!-- This site is optimized with the Yoast SEO plugin v26.7 - https:\/\/yoast.com\/wordpress\/plugins\/seo\/ -->\n<title>Marilyn Schminktisch mit Spiegel f\u00fcr den Flur\/Eingang in mattwei\u00df\/ gl\u00e4nzendem wei\u00df\/ nussbaumbraun\/ gold oder silber - Bagno Italia<\/title>\n<meta name=\"robots\" content=\"index, follow, max-snippet:-1, max-image-preview:large, max-video-preview:-1\" \/>\n<link rel=\"canonical\" href=\"https:\/\/www.bagnoitalia.com\/de\/produkt\/marilyn-schrankkonsole-mit-spiegel-fur-den-eingang-mattweis-nussbaum-glanzend-gold-und-silber.html\" \/>\n<meta property=\"og:locale\" content=\"de_DE\" \/>\n<meta property=\"og:type\" content=\"article\" \/>\n<meta property=\"og:title\" content=\"Marilyn Schminktisch mit Spiegel f\u00fcr den Flur\/Eingang in mattwei\u00df\/ gl\u00e4nzendem wei\u00df\/ nussbaumbraun\/ gold oder silber - Bagno Italia\" \/>\n<meta property=\"og:description\" content=\"Marilyn Schminktisch mit Spiegel f\u00fcr den Flur\/Eingang in mattwei\u00df\/ gl\u00e4nzendem wei\u00df\/ nussbaumbraun\/ gold oder silber\" \/>\n<meta property=\"og:url\" content=\"https:\/\/www.bagnoitalia.com\/de\/produkt\/marilyn-schrankkonsole-mit-spiegel-fur-den-eingang-mattweis-nussbaum-glanzend-gold-und-silber.html\" \/>\n<meta property=\"og:site_name\" content=\"Bagno Italia\" \/>\n<meta property=\"article:modified_time\" content=\"2024-05-29T13:15:53+00:00\" \/>\n<meta property=\"og:image\" content=\"https:\/\/img.bagnoitalia.com\/wp-content\/uploads\/virtuemart\/product\/Console-table-mirror-house-entrance-matt-white-glossy-walnut-gold-silver-1_1541683306_144.jpg\" \/>\n\t<meta property=\"og:image:width\" content=\"600\" \/>\n\t<meta property=\"og:image:height\" content=\"600\" \/>\n\t<meta property=\"og:image:type\" content=\"image\/jpeg\" \/>\n<meta name=\"twitter:card\" content=\"summary_large_image\" \/>\n<meta name=\"twitter:label1\" content=\"Gesch\u00e4tzte Lesezeit\" \/>\n\t<meta name=\"twitter:data1\" content=\"2\u00a0Minuten\" \/>\n<script type=\"application\/ld+json\" class=\"yoast-schema-graph\">{\"@context\":\"https:\/\/schema.org\",\"@graph\":[{\"@type\":\"WebPage\",\"@id\":\"https:\/\/www.bagnoitalia.com\/de\/produkt\/marilyn-schrankkonsole-mit-spiegel-fur-den-eingang-mattweis-nussbaum-glanzend-gold-und-silber.html\",\"url\":\"https:\/\/www.bagnoitalia.com\/de\/produkt\/marilyn-schrankkonsole-mit-spiegel-fur-den-eingang-mattweis-nussbaum-glanzend-gold-und-silber.html\",\"name\":\"Marilyn Schminktisch mit Spiegel f\u00fcr den Flur\/Eingang in mattwei\u00df\/ gl\u00e4nzendem wei\u00df\/ nussbaumbraun\/ gold oder silber - Bagno Italia\",\"isPartOf\":{\"@id\":\"https:\/\/www.bagnoitalia.com\/de#website\"},\"primaryImageOfPage\":{\"@id\":\"https:\/\/www.bagnoitalia.com\/de\/produkt\/marilyn-schrankkonsole-mit-spiegel-fur-den-eingang-mattweis-nussbaum-glanzend-gold-und-silber.html#primaryimage\"},\"image\":{\"@id\":\"https:\/\/www.bagnoitalia.com\/de\/produkt\/marilyn-schrankkonsole-mit-spiegel-fur-den-eingang-mattweis-nussbaum-glanzend-gold-und-silber.html#primaryimage\"},\"thumbnailUrl\":\"https:\/\/img.bagnoitalia.com\/wp-content\/uploads\/virtuemart\/product\/Console-table-mirror-house-entrance-matt-white-glossy-walnut-gold-silver-1_1541683306_144.jpg\",\"datePublished\":\"2015-01-14T15:56:01+00:00\",\"dateModified\":\"2024-05-29T13:15:53+00:00\",\"breadcrumb\":{\"@id\":\"https:\/\/www.bagnoitalia.com\/de\/produkt\/marilyn-schrankkonsole-mit-spiegel-fur-den-eingang-mattweis-nussbaum-glanzend-gold-und-silber.html#breadcrumb\"},\"inLanguage\":\"de\",\"potentialAction\":[{\"@type\":\"ReadAction\",\"target\":[\"https:\/\/www.bagnoitalia.com\/de\/produkt\/marilyn-schrankkonsole-mit-spiegel-fur-den-eingang-mattweis-nussbaum-glanzend-gold-und-silber.html\"]}]},{\"@type\":\"ImageObject\",\"inLanguage\":\"de\",\"@id\":\"https:\/\/www.bagnoitalia.com\/de\/produkt\/marilyn-schrankkonsole-mit-spiegel-fur-den-eingang-mattweis-nussbaum-glanzend-gold-und-silber.html#primaryimage\",\"url\":\"https:\/\/img.bagnoitalia.com\/wp-content\/uploads\/virtuemart\/product\/Console-table-mirror-house-entrance-matt-white-glossy-walnut-gold-silver-1_1541683306_144.jpg\",\"contentUrl\":\"https:\/\/img.bagnoitalia.com\/wp-content\/uploads\/virtuemart\/product\/Console-table-mirror-house-entrance-matt-white-glossy-walnut-gold-silver-1_1541683306_144.jpg\",\"width\":600,\"height\":600},{\"@type\":\"BreadcrumbList\",\"@id\":\"https:\/\/www.bagnoitalia.com\/de\/produkt\/marilyn-schrankkonsole-mit-spiegel-fur-den-eingang-mattweis-nussbaum-glanzend-gold-und-silber.html#breadcrumb\",\"itemListElement\":[{\"@type\":\"ListItem\",\"position\":1,\"name\":\"Home\",\"item\":\"https:\/\/www.bagnoitalia.com\/de\"},{\"@type\":\"ListItem\",\"position\":2,\"name\":\"Produkte\",\"item\":\"https:\/\/www.bagnoitalia.com\/de\/shop\"},{\"@type\":\"ListItem\",\"position\":3,\"name\":\"Marilyn Schminktisch mit Spiegel f\u00fcr den Flur\/Eingang in mattwei\u00df\/ gl\u00e4nzendem wei\u00df\/ nussbaumbraun\/ gold oder silber\"}]},{\"@type\":\"WebSite\",\"@id\":\"https:\/\/www.bagnoitalia.com\/de#website\",\"url\":\"https:\/\/www.bagnoitalia.com\/de\",\"name\":\"Bagno Italia\",\"description\":\"\",\"publisher\":{\"@id\":\"https:\/\/www.bagnoitalia.com\/de#organization\"},\"potentialAction\":[{\"@type\":\"SearchAction\",\"target\":{\"@type\":\"EntryPoint\",\"urlTemplate\":\"https:\/\/www.bagnoitalia.com\/de?s={search_term_string}\"},\"query-input\":{\"@type\":\"PropertyValueSpecification\",\"valueRequired\":true,\"valueName\":\"search_term_string\"}}],\"inLanguage\":\"de\"},{\"@type\":\"Organization\",\"@id\":\"https:\/\/www.bagnoitalia.com\/de#organization\",\"name\":\"Bagno Italia\",\"url\":\"https:\/\/www.bagnoitalia.com\/de\",\"logo\":{\"@type\":\"ImageObject\",\"inLanguage\":\"de\",\"@id\":\"https:\/\/www.bagnoitalia.com\/de#\/schema\/logo\/image\/\",\"url\":\"https:\/\/img.bagnoitalia.com\/wp-content\/uploads\/logo-bagnoitalia.webp\",\"contentUrl\":\"https:\/\/img.bagnoitalia.com\/wp-content\/uploads\/logo-bagnoitalia.webp\",\"width\":400,\"height\":70,\"caption\":\"Bagno Italia\"},\"image\":{\"@id\":\"https:\/\/www.bagnoitalia.com\/de#\/schema\/logo\/image\/\"}}]}<\/script>\n<!-- \/ Yoast SEO plugin. -->","yoast_head_json":{"title":"Marilyn Schminktisch mit Spiegel f\u00fcr den Flur\/Eingang in mattwei\u00df\/ gl\u00e4nzendem wei\u00df\/ nussbaumbraun\/ gold oder silber - Bagno Italia","robots":{"index":"index","follow":"follow","max-snippet":"max-snippet:-1","max-image-preview":"max-image-preview:large","max-video-preview":"max-video-preview:-1"},"canonical":"https:\/\/www.bagnoitalia.com\/de\/produkt\/marilyn-schrankkonsole-mit-spiegel-fur-den-eingang-mattweis-nussbaum-glanzend-gold-und-silber.html","og_locale":"de_DE","og_type":"article","og_title":"Marilyn Schminktisch mit Spiegel f\u00fcr den Flur\/Eingang in mattwei\u00df\/ gl\u00e4nzendem wei\u00df\/ nussbaumbraun\/ gold oder silber - Bagno Italia","og_description":"Marilyn Schminktisch mit Spiegel f\u00fcr den Flur\/Eingang in mattwei\u00df\/ gl\u00e4nzendem wei\u00df\/ nussbaumbraun\/ gold oder silber","og_url":"https:\/\/www.bagnoitalia.com\/de\/produkt\/marilyn-schrankkonsole-mit-spiegel-fur-den-eingang-mattweis-nussbaum-glanzend-gold-und-silber.html","og_site_name":"Bagno Italia","article_modified_time":"2024-05-29T13:15:53+00:00","og_image":[{"width":600,"height":600,"url":"https:\/\/img.bagnoitalia.com\/wp-content\/uploads\/virtuemart\/product\/Console-table-mirror-house-entrance-matt-white-glossy-walnut-gold-silver-1_1541683306_144.jpg","type":"image\/jpeg"}],"twitter_card":"summary_large_image","twitter_misc":{"Gesch\u00e4tzte Lesezeit":"2\u00a0Minuten"},"schema":{"@context":"https:\/\/schema.org","@graph":[{"@type":"WebPage","@id":"https:\/\/www.bagnoitalia.com\/de\/produkt\/marilyn-schrankkonsole-mit-spiegel-fur-den-eingang-mattweis-nussbaum-glanzend-gold-und-silber.html","url":"https:\/\/www.bagnoitalia.com\/de\/produkt\/marilyn-schrankkonsole-mit-spiegel-fur-den-eingang-mattweis-nussbaum-glanzend-gold-und-silber.html","name":"Marilyn Schminktisch mit Spiegel f\u00fcr den Flur\/Eingang in mattwei\u00df\/ gl\u00e4nzendem wei\u00df\/ nussbaumbraun\/ gold oder silber - Bagno Italia","isPartOf":{"@id":"https:\/\/www.bagnoitalia.com\/de#website"},"primaryImageOfPage":{"@id":"https:\/\/www.bagnoitalia.com\/de\/produkt\/marilyn-schrankkonsole-mit-spiegel-fur-den-eingang-mattweis-nussbaum-glanzend-gold-und-silber.html#primaryimage"},"image":{"@id":"https:\/\/www.bagnoitalia.com\/de\/produkt\/marilyn-schrankkonsole-mit-spiegel-fur-den-eingang-mattweis-nussbaum-glanzend-gold-und-silber.html#primaryimage"},"thumbnailUrl":"https:\/\/img.bagnoitalia.com\/wp-content\/uploads\/virtuemart\/product\/Console-table-mirror-house-entrance-matt-white-glossy-walnut-gold-silver-1_1541683306_144.jpg","datePublished":"2015-01-14T15:56:01+00:00","dateModified":"2024-05-29T13:15:53+00:00","breadcrumb":{"@id":"https:\/\/www.bagnoitalia.com\/de\/produkt\/marilyn-schrankkonsole-mit-spiegel-fur-den-eingang-mattweis-nussbaum-glanzend-gold-und-silber.html#breadcrumb"},"inLanguage":"de","potentialAction":[{"@type":"ReadAction","target":["https:\/\/www.bagnoitalia.com\/de\/produkt\/marilyn-schrankkonsole-mit-spiegel-fur-den-eingang-mattweis-nussbaum-glanzend-gold-und-silber.html"]}]},{"@type":"ImageObject","inLanguage":"de","@id":"https:\/\/www.bagnoitalia.com\/de\/produkt\/marilyn-schrankkonsole-mit-spiegel-fur-den-eingang-mattweis-nussbaum-glanzend-gold-und-silber.html#primaryimage","url":"https:\/\/img.bagnoitalia.com\/wp-content\/uploads\/virtuemart\/product\/Console-table-mirror-house-entrance-matt-white-glossy-walnut-gold-silver-1_1541683306_144.jpg","contentUrl":"https:\/\/img.bagnoitalia.com\/wp-content\/uploads\/virtuemart\/product\/Console-table-mirror-house-entrance-matt-white-glossy-walnut-gold-silver-1_1541683306_144.jpg","width":600,"height":600},{"@type":"BreadcrumbList","@id":"https:\/\/www.bagnoitalia.com\/de\/produkt\/marilyn-schrankkonsole-mit-spiegel-fur-den-eingang-mattweis-nussbaum-glanzend-gold-und-silber.html#breadcrumb","itemListElement":[{"@type":"ListItem","position":1,"name":"Home","item":"https:\/\/www.bagnoitalia.com\/de"},{"@type":"ListItem","position":2,"name":"Produkte","item":"https:\/\/www.bagnoitalia.com\/de\/shop"},{"@type":"ListItem","position":3,"name":"Marilyn Schminktisch mit Spiegel f\u00fcr den Flur\/Eingang in mattwei\u00df\/ gl\u00e4nzendem wei\u00df\/ nussbaumbraun\/ gold oder silber"}]},{"@type":"WebSite","@id":"https:\/\/www.bagnoitalia.com\/de#website","url":"https:\/\/www.bagnoitalia.com\/de","name":"Bagno Italia","description":"","publisher":{"@id":"https:\/\/www.bagnoitalia.com\/de#organization"},"potentialAction":[{"@type":"SearchAction","target":{"@type":"EntryPoint","urlTemplate":"https:\/\/www.bagnoitalia.com\/de?s={search_term_string}"},"query-input":{"@type":"PropertyValueSpecification","valueRequired":true,"valueName":"search_term_string"}}],"inLanguage":"de"},{"@type":"Organization","@id":"https:\/\/www.bagnoitalia.com\/de#organization","name":"Bagno Italia","url":"https:\/\/www.bagnoitalia.com\/de","logo":{"@type":"ImageObject","inLanguage":"de","@id":"https:\/\/www.bagnoitalia.com\/de#\/schema\/logo\/image\/","url":"https:\/\/img.bagnoitalia.com\/wp-content\/uploads\/logo-bagnoitalia.webp","contentUrl":"https:\/\/img.bagnoitalia.com\/wp-content\/uploads\/logo-bagnoitalia.webp","width":400,"height":70,"caption":"Bagno Italia"},"image":{"@id":"https:\/\/www.bagnoitalia.com\/de#\/schema\/logo\/image\/"}}]}},"_links":{"self":[{"href":"https:\/\/www.bagnoitalia.com\/de\/wp-json\/wp\/v2\/product\/79039","targetHints":{"allow":["GET"]}}],"collection":[{"href":"https:\/\/www.bagnoitalia.com\/de\/wp-json\/wp\/v2\/product"}],"about":[{"href":"https:\/\/www.bagnoitalia.com\/de\/wp-json\/wp\/v2\/types\/product"}],"replies":[{"embeddable":true,"href":"https:\/\/www.bagnoitalia.com\/de\/wp-json\/wp\/v2\/comments?post=79039"}],"version-history":[{"count":1,"href":"https:\/\/www.bagnoitalia.com\/de\/wp-json\/wp\/v2\/product\/79039\/revisions"}],"predecessor-version":[{"id":88834,"href":"https:\/\/www.bagnoitalia.com\/de\/wp-json\/wp\/v2\/product\/79039\/revisions\/88834"}],"wp:featuredmedia":[{"embeddable":true,"href":"https:\/\/www.bagnoitalia.com\/de\/wp-json\/wp\/v2\/media\/24070"}],"wp:attachment":[{"href":"https:\/\/www.bagnoitalia.com\/de\/wp-json\/wp\/v2\/media?parent=79039"}],"wp:term":[{"taxonomy":"product_brand","embeddable":true,"href":"https:\/\/www.bagnoitalia.com\/de\/wp-json\/wp\/v2\/product_brand?post=79039"},{"taxonomy":"product_cat","embeddable":true,"href":"https:\/\/www.bagnoitalia.com\/de\/wp-json\/wp\/v2\/product_cat?post=79039"},{"taxonomy":"product_tag","embeddable":true,"href":"https:\/\/www.bagnoitalia.com\/de\/wp-json\/wp\/v2\/product_tag?post=79039"}],"curies":[{"name":"wp","href":"https:\/\/api.w.org\/{rel}","templated":true}]}}