{"id":79031,"date":"2015-01-13T17:24:29","date_gmt":"2015-01-13T16:24:29","guid":{"rendered":"https:\/\/www.bagnoitalia.com\/product\/vivian-runder-tisch-in-mattweis-100-oder-120-cm-durchmesser-auch-mit-stuhlen-erhaltlich"},"modified":"2025-06-12T19:13:11","modified_gmt":"2025-06-12T17:13:11","slug":"vivian-runder-tisch-in-mattweis-100-oder-120-cm-durchmesser-auch-mit-stuhlen-erhaltlich","status":"publish","type":"product","link":"https:\/\/www.bagnoitalia.com\/de\/produkt\/vivian-runder-tisch-in-mattweis-100-oder-120-cm-durchmesser-auch-mit-stuhlen-erhaltlich.html","title":{"rendered":"Rundtisch Vivian in mattwei\u00df 100 oder 120 cm Durchmesser auch mit St\u00fchlen erh\u00e4ltlich"},"content":{"rendered":"<p><span style=\"font-size: 14pt; font-family: 'arial black', 'avant garde';\">Runder Kunsttisch VIVIAN rund<\/span><\/p>\n<div id=\"tab-descrizione\" class=\"clearfix ui-tabs-panel ui-widget-content ui-corner-bottom\">\n<p style=\"text-align: justify;\"><span style=\"font-size: 10pt;\">Der <strong>Vivian-<\/strong> Rundtisch besteht aus <strong>massivem Pappelholz<\/strong> nach klassischer <strong>italienischer Handwerkskunst<\/strong> , die unvergleichliche Qualit\u00e4t und Stil garantiert.<\/span><\/p>\n<p style=\"text-align: justify;\"><span style=\"font-size: 10pt;\">Vivian ist ein funktioneller Tisch mit einem raffinierten Design, das sich durch ein <strong>mattwei\u00dfes<\/strong> Lackfinish und besonders bearbeitete Beine auszeichnet.<\/span><\/p>\n<\/div>\n<p>&nbsp;<\/p>\n<p><span style=\"font-family: 'times new roman', times; font-size: 18.6666660308838px;\">In verschiedenen Gr\u00f6\u00dfen erh\u00e4ltlich: 100\/120cm, H = 78cm<br \/>\n<\/span><\/p>\n<p>Dieser Tisch ist in beiden Gr\u00f6\u00dfen ausziehbar, die Verl\u00e4ngerung betr\u00e4gt 32 cm<\/p>\n<p><span style=\"font-family: 'times new roman', times; font-size: 12pt;\">Im Seitenmen\u00fc k\u00f6nnen SIe 1 bis 4 St\u00fchle hinzuf\u00fcgen<\/span><\/p>\n<p>&nbsp;<\/p>\n<p><span style=\"font-family: 'times new roman', times; font-size: 19px;\">Mattwei\u00df mit einem Durchmesser von 100cm\u00a0<\/span><\/p>\n<p><img fetchpriority=\"high\" decoding=\"async\" class=\" size-full wp-image-24022\" src=\"https:\/\/img.bagnoitalia.com\/wp-content\/uploads\/virtuemart\/product\/146859.jpg\" alt=\"tavolo1000.jpg_product_product_product_product_product_product_product_product_product_product_product_product_product_product\" width=\"418\" height=\"418\" srcset=\"https:\/\/img.bagnoitalia.com\/wp-content\/uploads\/virtuemart\/product\/146859.jpg 418w, https:\/\/img.bagnoitalia.com\/wp-content\/uploads\/virtuemart\/product\/146859-100x100.jpg 100w, https:\/\/img.bagnoitalia.com\/wp-content\/uploads\/virtuemart\/product\/146859-150x150.jpg 150w\" sizes=\"(max-width: 418px) 100vw, 418px\" \/><\/p>\n<p>&nbsp;<\/p>\n<p><span style=\"font-size: 12pt; font-family: 'arial black', 'avant garde'; color: #0000ff;\">cod. 1468<\/span><\/p>\n<p>___________________________________________________________________<\/p>\n<p><span style=\"font-family: 'times new roman', times; font-size: 19px;\">Mattwei\u00df mit einem Durchmesser von 120cm<\/span><\/p>\n<p><img decoding=\"async\" class=\" size-full wp-image-24026\" src=\"https:\/\/img.bagnoitalia.com\/wp-content\/uploads\/virtuemart\/product\/1453.jpg\" alt=\"tavolo1000.jpg_product_product_product_product_product_product_product_product_product_product_product_product_product_product\" width=\"418\" height=\"418\" srcset=\"https:\/\/img.bagnoitalia.com\/wp-content\/uploads\/virtuemart\/product\/1453.jpg 418w, https:\/\/img.bagnoitalia.com\/wp-content\/uploads\/virtuemart\/product\/1453-100x100.jpg 100w, https:\/\/img.bagnoitalia.com\/wp-content\/uploads\/virtuemart\/product\/1453-150x150.jpg 150w\" sizes=\"(max-width: 418px) 100vw, 418px\" \/><\/p>\n<p><span style=\"font-size: 12pt; font-family: 'arial black', 'avant garde'; color: #0000ff;\">cod. 1453<\/span><\/p>\n","protected":false},"excerpt":{"rendered":"<p>Rundtisch Vivian in mattwei\u00df 100 oder 120 cm Durchmesser auch mit St\u00fchlen erh\u00e4ltlich<\/p>\n","protected":false},"featured_media":24002,"comment_status":"open","ping_status":"closed","template":"","meta":[],"product_brand":[5031],"product_cat":[10007],"product_tag":[],"class_list":{"0":"post-79031","1":"product","2":"type-product","3":"status-publish","4":"has-post-thumbnail","6":"product_brand-tempesta-lineatavoli","7":"product_cat-tische","9":"first","10":"instock","11":"sale","12":"taxable","13":"shipping-taxable","14":"purchasable","15":"product-type-simple"},"exclude_global_add_ons":false,"addons":[{"name":"Abmessungen","type":"multiple_choice","position":0,"required":true,"title_format":"heading","default":"","description_enable":false,"description":"","placeholder_enable":false,"placeholder":"","display":"select","restrictions_type":"any_text","adjust_price":false,"price":"","price_type":"flat_fee","restrictions":false,"min":"0","max":"0","options":[{"label":"Matt wei\u00df - Durchmesser 100 cm","price":"","price_type":"quantity_based","image":0,"visibility":true},{"label":"Mattes Wei\u00df - Durchmesser 120 cm","price":"","price_type":"quantity_based","image":0,"visibility":true}],"id":1718714406},{"name":"Typologie","type":"multiple_choice","position":1,"required":true,"title_format":"heading","default":"","description_enable":false,"description":"","placeholder_enable":false,"placeholder":"","display":"select","restrictions_type":"any_text","adjust_price":false,"price":"","price_type":"flat_fee","restrictions":false,"min":"0","max":"0","options":[{"label":"NO St\u00fchle","price":"","price_type":"quantity_based","image":0,"visibility":true},{"label":"1 Stuhl","price":"53","price_type":"quantity_based","image":0,"visibility":true},{"label":"2 St\u00fchle","price":"106","price_type":"quantity_based","image":0,"visibility":true},{"label":"3 St\u00fchle","price":"159","price_type":"quantity_based","image":0,"visibility":true},{"label":"4 St\u00fchle","price":"212","price_type":"quantity_based","image":0,"visibility":true}],"id":1718714407}],"yoast_head":"<!-- This site is optimized with the Yoast SEO plugin v26.7 - https:\/\/yoast.com\/wordpress\/plugins\/seo\/ -->\n<title>Rundtisch Vivian in mattwei\u00df 100 oder 120 cm Durchmesser auch mit St\u00fchlen erh\u00e4ltlich - Bagno Italia<\/title>\n<meta name=\"robots\" content=\"index, follow, max-snippet:-1, max-image-preview:large, max-video-preview:-1\" \/>\n<link rel=\"canonical\" href=\"https:\/\/www.bagnoitalia.com\/de\/produkt\/vivian-runder-tisch-in-mattweis-100-oder-120-cm-durchmesser-auch-mit-stuhlen-erhaltlich.html\" \/>\n<meta property=\"og:locale\" content=\"de_DE\" \/>\n<meta property=\"og:type\" content=\"article\" \/>\n<meta property=\"og:title\" content=\"Rundtisch Vivian in mattwei\u00df 100 oder 120 cm Durchmesser auch mit St\u00fchlen erh\u00e4ltlich - Bagno Italia\" \/>\n<meta property=\"og:description\" content=\"Rundtisch Vivian in mattwei\u00df 100 oder 120 cm Durchmesser auch mit St\u00fchlen erh\u00e4ltlich\" \/>\n<meta property=\"og:url\" content=\"https:\/\/www.bagnoitalia.com\/de\/produkt\/vivian-runder-tisch-in-mattweis-100-oder-120-cm-durchmesser-auch-mit-stuhlen-erhaltlich.html\" \/>\n<meta property=\"og:site_name\" content=\"Bagno Italia\" \/>\n<meta property=\"article:modified_time\" content=\"2025-06-12T17:13:11+00:00\" \/>\n<meta property=\"og:image\" content=\"https:\/\/img.bagnoitalia.com\/wp-content\/uploads\/virtuemart\/product\/Round-table-matt-white-colour-1_1541684776_4096.jpg\" \/>\n\t<meta property=\"og:image:width\" content=\"589\" \/>\n\t<meta property=\"og:image:height\" content=\"588\" \/>\n\t<meta property=\"og:image:type\" content=\"image\/jpeg\" \/>\n<meta name=\"twitter:card\" content=\"summary_large_image\" \/>\n<meta name=\"twitter:label1\" content=\"Gesch\u00e4tzte Lesezeit\" \/>\n\t<meta name=\"twitter:data1\" content=\"1\u00a0Minute\" \/>\n<script type=\"application\/ld+json\" class=\"yoast-schema-graph\">{\"@context\":\"https:\/\/schema.org\",\"@graph\":[{\"@type\":\"WebPage\",\"@id\":\"https:\/\/www.bagnoitalia.com\/de\/produkt\/vivian-runder-tisch-in-mattweis-100-oder-120-cm-durchmesser-auch-mit-stuhlen-erhaltlich.html\",\"url\":\"https:\/\/www.bagnoitalia.com\/de\/produkt\/vivian-runder-tisch-in-mattweis-100-oder-120-cm-durchmesser-auch-mit-stuhlen-erhaltlich.html\",\"name\":\"Rundtisch Vivian in mattwei\u00df 100 oder 120 cm Durchmesser auch mit St\u00fchlen erh\u00e4ltlich - Bagno Italia\",\"isPartOf\":{\"@id\":\"https:\/\/www.bagnoitalia.com\/de#website\"},\"primaryImageOfPage\":{\"@id\":\"https:\/\/www.bagnoitalia.com\/de\/produkt\/vivian-runder-tisch-in-mattweis-100-oder-120-cm-durchmesser-auch-mit-stuhlen-erhaltlich.html#primaryimage\"},\"image\":{\"@id\":\"https:\/\/www.bagnoitalia.com\/de\/produkt\/vivian-runder-tisch-in-mattweis-100-oder-120-cm-durchmesser-auch-mit-stuhlen-erhaltlich.html#primaryimage\"},\"thumbnailUrl\":\"https:\/\/img.bagnoitalia.com\/wp-content\/uploads\/virtuemart\/product\/Round-table-matt-white-colour-1_1541684776_4096.jpg\",\"datePublished\":\"2015-01-13T16:24:29+00:00\",\"dateModified\":\"2025-06-12T17:13:11+00:00\",\"breadcrumb\":{\"@id\":\"https:\/\/www.bagnoitalia.com\/de\/produkt\/vivian-runder-tisch-in-mattweis-100-oder-120-cm-durchmesser-auch-mit-stuhlen-erhaltlich.html#breadcrumb\"},\"inLanguage\":\"de\",\"potentialAction\":[{\"@type\":\"ReadAction\",\"target\":[\"https:\/\/www.bagnoitalia.com\/de\/produkt\/vivian-runder-tisch-in-mattweis-100-oder-120-cm-durchmesser-auch-mit-stuhlen-erhaltlich.html\"]}]},{\"@type\":\"ImageObject\",\"inLanguage\":\"de\",\"@id\":\"https:\/\/www.bagnoitalia.com\/de\/produkt\/vivian-runder-tisch-in-mattweis-100-oder-120-cm-durchmesser-auch-mit-stuhlen-erhaltlich.html#primaryimage\",\"url\":\"https:\/\/img.bagnoitalia.com\/wp-content\/uploads\/virtuemart\/product\/Round-table-matt-white-colour-1_1541684776_4096.jpg\",\"contentUrl\":\"https:\/\/img.bagnoitalia.com\/wp-content\/uploads\/virtuemart\/product\/Round-table-matt-white-colour-1_1541684776_4096.jpg\",\"width\":589,\"height\":588},{\"@type\":\"BreadcrumbList\",\"@id\":\"https:\/\/www.bagnoitalia.com\/de\/produkt\/vivian-runder-tisch-in-mattweis-100-oder-120-cm-durchmesser-auch-mit-stuhlen-erhaltlich.html#breadcrumb\",\"itemListElement\":[{\"@type\":\"ListItem\",\"position\":1,\"name\":\"Home\",\"item\":\"https:\/\/www.bagnoitalia.com\/de\"},{\"@type\":\"ListItem\",\"position\":2,\"name\":\"Produkte\",\"item\":\"https:\/\/www.bagnoitalia.com\/de\/shop\"},{\"@type\":\"ListItem\",\"position\":3,\"name\":\"Rundtisch Vivian in mattwei\u00df 100 oder 120 cm Durchmesser auch mit St\u00fchlen erh\u00e4ltlich\"}]},{\"@type\":\"WebSite\",\"@id\":\"https:\/\/www.bagnoitalia.com\/de#website\",\"url\":\"https:\/\/www.bagnoitalia.com\/de\",\"name\":\"Bagno Italia\",\"description\":\"\",\"publisher\":{\"@id\":\"https:\/\/www.bagnoitalia.com\/de#organization\"},\"potentialAction\":[{\"@type\":\"SearchAction\",\"target\":{\"@type\":\"EntryPoint\",\"urlTemplate\":\"https:\/\/www.bagnoitalia.com\/de?s={search_term_string}\"},\"query-input\":{\"@type\":\"PropertyValueSpecification\",\"valueRequired\":true,\"valueName\":\"search_term_string\"}}],\"inLanguage\":\"de\"},{\"@type\":\"Organization\",\"@id\":\"https:\/\/www.bagnoitalia.com\/de#organization\",\"name\":\"Bagno Italia\",\"url\":\"https:\/\/www.bagnoitalia.com\/de\",\"logo\":{\"@type\":\"ImageObject\",\"inLanguage\":\"de\",\"@id\":\"https:\/\/www.bagnoitalia.com\/de#\/schema\/logo\/image\/\",\"url\":\"https:\/\/img.bagnoitalia.com\/wp-content\/uploads\/logo-bagnoitalia.webp\",\"contentUrl\":\"https:\/\/img.bagnoitalia.com\/wp-content\/uploads\/logo-bagnoitalia.webp\",\"width\":400,\"height\":70,\"caption\":\"Bagno Italia\"},\"image\":{\"@id\":\"https:\/\/www.bagnoitalia.com\/de#\/schema\/logo\/image\/\"}}]}<\/script>\n<!-- \/ Yoast SEO plugin. -->","yoast_head_json":{"title":"Rundtisch Vivian in mattwei\u00df 100 oder 120 cm Durchmesser auch mit St\u00fchlen erh\u00e4ltlich - Bagno Italia","robots":{"index":"index","follow":"follow","max-snippet":"max-snippet:-1","max-image-preview":"max-image-preview:large","max-video-preview":"max-video-preview:-1"},"canonical":"https:\/\/www.bagnoitalia.com\/de\/produkt\/vivian-runder-tisch-in-mattweis-100-oder-120-cm-durchmesser-auch-mit-stuhlen-erhaltlich.html","og_locale":"de_DE","og_type":"article","og_title":"Rundtisch Vivian in mattwei\u00df 100 oder 120 cm Durchmesser auch mit St\u00fchlen erh\u00e4ltlich - Bagno Italia","og_description":"Rundtisch Vivian in mattwei\u00df 100 oder 120 cm Durchmesser auch mit St\u00fchlen erh\u00e4ltlich","og_url":"https:\/\/www.bagnoitalia.com\/de\/produkt\/vivian-runder-tisch-in-mattweis-100-oder-120-cm-durchmesser-auch-mit-stuhlen-erhaltlich.html","og_site_name":"Bagno Italia","article_modified_time":"2025-06-12T17:13:11+00:00","og_image":[{"width":589,"height":588,"url":"https:\/\/img.bagnoitalia.com\/wp-content\/uploads\/virtuemart\/product\/Round-table-matt-white-colour-1_1541684776_4096.jpg","type":"image\/jpeg"}],"twitter_card":"summary_large_image","twitter_misc":{"Gesch\u00e4tzte Lesezeit":"1\u00a0Minute"},"schema":{"@context":"https:\/\/schema.org","@graph":[{"@type":"WebPage","@id":"https:\/\/www.bagnoitalia.com\/de\/produkt\/vivian-runder-tisch-in-mattweis-100-oder-120-cm-durchmesser-auch-mit-stuhlen-erhaltlich.html","url":"https:\/\/www.bagnoitalia.com\/de\/produkt\/vivian-runder-tisch-in-mattweis-100-oder-120-cm-durchmesser-auch-mit-stuhlen-erhaltlich.html","name":"Rundtisch Vivian in mattwei\u00df 100 oder 120 cm Durchmesser auch mit St\u00fchlen erh\u00e4ltlich - Bagno Italia","isPartOf":{"@id":"https:\/\/www.bagnoitalia.com\/de#website"},"primaryImageOfPage":{"@id":"https:\/\/www.bagnoitalia.com\/de\/produkt\/vivian-runder-tisch-in-mattweis-100-oder-120-cm-durchmesser-auch-mit-stuhlen-erhaltlich.html#primaryimage"},"image":{"@id":"https:\/\/www.bagnoitalia.com\/de\/produkt\/vivian-runder-tisch-in-mattweis-100-oder-120-cm-durchmesser-auch-mit-stuhlen-erhaltlich.html#primaryimage"},"thumbnailUrl":"https:\/\/img.bagnoitalia.com\/wp-content\/uploads\/virtuemart\/product\/Round-table-matt-white-colour-1_1541684776_4096.jpg","datePublished":"2015-01-13T16:24:29+00:00","dateModified":"2025-06-12T17:13:11+00:00","breadcrumb":{"@id":"https:\/\/www.bagnoitalia.com\/de\/produkt\/vivian-runder-tisch-in-mattweis-100-oder-120-cm-durchmesser-auch-mit-stuhlen-erhaltlich.html#breadcrumb"},"inLanguage":"de","potentialAction":[{"@type":"ReadAction","target":["https:\/\/www.bagnoitalia.com\/de\/produkt\/vivian-runder-tisch-in-mattweis-100-oder-120-cm-durchmesser-auch-mit-stuhlen-erhaltlich.html"]}]},{"@type":"ImageObject","inLanguage":"de","@id":"https:\/\/www.bagnoitalia.com\/de\/produkt\/vivian-runder-tisch-in-mattweis-100-oder-120-cm-durchmesser-auch-mit-stuhlen-erhaltlich.html#primaryimage","url":"https:\/\/img.bagnoitalia.com\/wp-content\/uploads\/virtuemart\/product\/Round-table-matt-white-colour-1_1541684776_4096.jpg","contentUrl":"https:\/\/img.bagnoitalia.com\/wp-content\/uploads\/virtuemart\/product\/Round-table-matt-white-colour-1_1541684776_4096.jpg","width":589,"height":588},{"@type":"BreadcrumbList","@id":"https:\/\/www.bagnoitalia.com\/de\/produkt\/vivian-runder-tisch-in-mattweis-100-oder-120-cm-durchmesser-auch-mit-stuhlen-erhaltlich.html#breadcrumb","itemListElement":[{"@type":"ListItem","position":1,"name":"Home","item":"https:\/\/www.bagnoitalia.com\/de"},{"@type":"ListItem","position":2,"name":"Produkte","item":"https:\/\/www.bagnoitalia.com\/de\/shop"},{"@type":"ListItem","position":3,"name":"Rundtisch Vivian in mattwei\u00df 100 oder 120 cm Durchmesser auch mit St\u00fchlen erh\u00e4ltlich"}]},{"@type":"WebSite","@id":"https:\/\/www.bagnoitalia.com\/de#website","url":"https:\/\/www.bagnoitalia.com\/de","name":"Bagno Italia","description":"","publisher":{"@id":"https:\/\/www.bagnoitalia.com\/de#organization"},"potentialAction":[{"@type":"SearchAction","target":{"@type":"EntryPoint","urlTemplate":"https:\/\/www.bagnoitalia.com\/de?s={search_term_string}"},"query-input":{"@type":"PropertyValueSpecification","valueRequired":true,"valueName":"search_term_string"}}],"inLanguage":"de"},{"@type":"Organization","@id":"https:\/\/www.bagnoitalia.com\/de#organization","name":"Bagno Italia","url":"https:\/\/www.bagnoitalia.com\/de","logo":{"@type":"ImageObject","inLanguage":"de","@id":"https:\/\/www.bagnoitalia.com\/de#\/schema\/logo\/image\/","url":"https:\/\/img.bagnoitalia.com\/wp-content\/uploads\/logo-bagnoitalia.webp","contentUrl":"https:\/\/img.bagnoitalia.com\/wp-content\/uploads\/logo-bagnoitalia.webp","width":400,"height":70,"caption":"Bagno Italia"},"image":{"@id":"https:\/\/www.bagnoitalia.com\/de#\/schema\/logo\/image\/"}}]}},"_links":{"self":[{"href":"https:\/\/www.bagnoitalia.com\/de\/wp-json\/wp\/v2\/product\/79031","targetHints":{"allow":["GET"]}}],"collection":[{"href":"https:\/\/www.bagnoitalia.com\/de\/wp-json\/wp\/v2\/product"}],"about":[{"href":"https:\/\/www.bagnoitalia.com\/de\/wp-json\/wp\/v2\/types\/product"}],"replies":[{"embeddable":true,"href":"https:\/\/www.bagnoitalia.com\/de\/wp-json\/wp\/v2\/comments?post=79031"}],"version-history":[{"count":1,"href":"https:\/\/www.bagnoitalia.com\/de\/wp-json\/wp\/v2\/product\/79031\/revisions"}],"predecessor-version":[{"id":90476,"href":"https:\/\/www.bagnoitalia.com\/de\/wp-json\/wp\/v2\/product\/79031\/revisions\/90476"}],"wp:featuredmedia":[{"embeddable":true,"href":"https:\/\/www.bagnoitalia.com\/de\/wp-json\/wp\/v2\/media\/24002"}],"wp:attachment":[{"href":"https:\/\/www.bagnoitalia.com\/de\/wp-json\/wp\/v2\/media?parent=79031"}],"wp:term":[{"taxonomy":"product_brand","embeddable":true,"href":"https:\/\/www.bagnoitalia.com\/de\/wp-json\/wp\/v2\/product_brand?post=79031"},{"taxonomy":"product_cat","embeddable":true,"href":"https:\/\/www.bagnoitalia.com\/de\/wp-json\/wp\/v2\/product_cat?post=79031"},{"taxonomy":"product_tag","embeddable":true,"href":"https:\/\/www.bagnoitalia.com\/de\/wp-json\/wp\/v2\/product_tag?post=79031"}],"curies":[{"name":"wp","href":"https:\/\/api.w.org\/{rel}","templated":true}]}}