{"id":79023,"date":"2015-01-13T16:44:53","date_gmt":"2015-01-13T15:44:53","guid":{"rendered":"https:\/\/www.bagnoitalia.com\/product\/nancy-schrank-niedriger-tv-stander-2-modelle-in-verschiedenen-grosen-mattweis-und-glanzender-tv-stander"},"modified":"2025-04-24T09:14:15","modified_gmt":"2025-04-24T07:14:15","slug":"nancy-schrank-niedriger-tv-stander-2-modelle-in-verschiedenen-grosen-mattweis-und-glanzender-tv-stander","status":"publish","type":"product","link":"https:\/\/www.bagnoitalia.com\/de\/produkt\/nancy-schrank-niedriger-tv-stander-2-modelle-in-verschiedenen-grosen-mattweis-und-glanzender-tv-stander.html","title":{"rendered":"M\u00f6belst\u00fcck Nancy niedriger Fernsehschrank mattwei\u00df zu 164x46x64h"},"content":{"rendered":"<p><span style=\"font-size: 14pt; font-family: 'arial black', 'avant garde';\">Low NANCY Fernsehschrank<\/span><\/p>\n<p style=\"text-align: justify;\"><span style=\"font-size: 10pt;\">Das mobile TV <strong>Nancy<\/strong> T\u00fcr ist aus <strong>massivem Pappelholz,<\/strong> <strong><strong>wei\u00df lackiert<\/strong><\/strong> <strong>gefertigt<\/strong> und<\/span> zeichnet <span style=\"font-size: 10pt;\">sich durch seine einfache und elegante Design aus.<\/span> <span style=\"font-size: 10pt;\">Garantiert <strong>in Italien hergestellt<\/strong> , wird das TV-Geh\u00e4use von Nancy bereits montiert geliefert und verf\u00fcgt \u00fcber zwei F\u00e4cher und zwei gro\u00dfe offene Regale.<\/span><\/p>\n<p>&nbsp;<\/p>\n<p><span style=\"font-size: 14pt; font-family: 'times new roman', times;\">Erh\u00e4ltlich in zwei verschiedenen Modellen<\/span><\/p>\n<p><span style=\"text-decoration: underline;\"><span style=\"font-family: 'comic sans ms', sans-serif; font-size: 13px; color: #ff0000; text-decoration: underline;\">Kn\u00f6pfe enthalten, Loch f\u00fcr Kn\u00f6pfe nicht vorhanden<\/span><\/span><\/p>\n<p>&nbsp;<\/p>\n<p><span style=\"font-size: 14pt; font-family: 'times new roman', times;\">Niedriger mattwei\u00dfer Fernsehschrank, 164x46x64h<\/span><\/p>\n<p><img fetchpriority=\"high\" decoding=\"async\" class=\" size-full wp-image-23966\" src=\"https:\/\/img.bagnoitalia.com\/wp-content\/uploads\/virtuemart\/product\/14424.jpg\" alt=\"T\u00fcr-tv.jpg_product_product_product_product_product_product_product_product_product_product_product_product_product_product\" width=\"418\" height=\"418\" srcset=\"https:\/\/img.bagnoitalia.com\/wp-content\/uploads\/virtuemart\/product\/14424.jpg 418w, https:\/\/img.bagnoitalia.com\/wp-content\/uploads\/virtuemart\/product\/14424-100x100.jpg 100w, https:\/\/img.bagnoitalia.com\/wp-content\/uploads\/virtuemart\/product\/14424-150x150.jpg 150w\" sizes=\"(max-width: 418px) 100vw, 418px\" \/><\/p>\n<p><span style=\"font-size: 12pt; font-family: 'arial black', 'avant garde'; color: #0000ff;\">cod. 1442<\/span><\/p>\n<p>_______________________________________________________________________<\/p>\n<p><span style=\"font-size: 14pt; font-family: 'times new roman', times;\">Niedriger wei\u00df gl\u00e4nzender Fernsehschrank, 195x50x60h<\/span><\/p>\n<p><img decoding=\"async\" class=\" size-full wp-image-23971\" src=\"https:\/\/img.bagnoitalia.com\/wp-content\/uploads\/virtuemart\/product\/4826.jpg\" alt=\"T\u00fcr-tv.jpg_product_product_product_product_product_product_product_product_product_product_product_product_product_product\" width=\"418\" height=\"418\" srcset=\"https:\/\/img.bagnoitalia.com\/wp-content\/uploads\/virtuemart\/product\/4826.jpg 418w, https:\/\/img.bagnoitalia.com\/wp-content\/uploads\/virtuemart\/product\/4826-100x100.jpg 100w, https:\/\/img.bagnoitalia.com\/wp-content\/uploads\/virtuemart\/product\/4826-150x150.jpg 150w\" sizes=\"(max-width: 418px) 100vw, 418px\" \/><\/p>\n<p><span style=\"font-family: 'arial black', 'avant garde'; font-size: 12pt; color: #0000ff;\">cod. 482<\/span><\/p>\n","protected":false},"excerpt":{"rendered":"<p>M\u00f6belst\u00fcck Nancy niedriger Fernsehschrank mattwei\u00df zu 164x46x64h<\/p>\n","protected":false},"featured_media":23958,"comment_status":"open","ping_status":"closed","template":"","meta":[],"product_brand":[5031],"product_cat":[10116],"product_tag":[],"class_list":{"0":"post-79023","1":"product","2":"type-product","3":"status-publish","4":"has-post-thumbnail","6":"product_brand-tempesta-lineatavoli","7":"product_cat-senza-categoria-de","9":"first","10":"outofstock","11":"taxable","12":"shipping-taxable","13":"purchasable","14":"product-type-simple"},"exclude_global_add_ons":[],"addons":[],"yoast_head":"<!-- This site is optimized with the Yoast SEO plugin v26.7 - https:\/\/yoast.com\/wordpress\/plugins\/seo\/ -->\n<title>M\u00f6belst\u00fcck Nancy niedriger Fernsehschrank mattwei\u00df zu 164x46x64h - Bagno Italia<\/title>\n<meta name=\"robots\" content=\"index, follow, max-snippet:-1, max-image-preview:large, max-video-preview:-1\" \/>\n<link rel=\"canonical\" href=\"https:\/\/www.bagnoitalia.com\/de\/produkt\/nancy-schrank-niedriger-tv-stander-2-modelle-in-verschiedenen-grosen-mattweis-und-glanzender-tv-stander.html\" \/>\n<meta property=\"og:locale\" content=\"de_DE\" \/>\n<meta property=\"og:type\" content=\"article\" \/>\n<meta property=\"og:title\" content=\"M\u00f6belst\u00fcck Nancy niedriger Fernsehschrank mattwei\u00df zu 164x46x64h - Bagno Italia\" \/>\n<meta property=\"og:description\" content=\"M\u00f6belst\u00fcck Nancy niedriger Fernsehschrank mattwei\u00df zu 164x46x64h\" \/>\n<meta property=\"og:url\" content=\"https:\/\/www.bagnoitalia.com\/de\/produkt\/nancy-schrank-niedriger-tv-stander-2-modelle-in-verschiedenen-grosen-mattweis-und-glanzender-tv-stander.html\" \/>\n<meta property=\"og:site_name\" content=\"Bagno Italia\" \/>\n<meta property=\"article:modified_time\" content=\"2025-04-24T07:14:15+00:00\" \/>\n<meta property=\"og:image\" content=\"https:\/\/img.bagnoitalia.com\/wp-content\/uploads\/virtuemart\/product\/LOW-TV2.jpg\" \/>\n\t<meta property=\"og:image:width\" content=\"592\" \/>\n\t<meta property=\"og:image:height\" content=\"592\" \/>\n\t<meta property=\"og:image:type\" content=\"image\/jpeg\" \/>\n<meta name=\"twitter:card\" content=\"summary_large_image\" \/>\n<script type=\"application\/ld+json\" class=\"yoast-schema-graph\">{\"@context\":\"https:\/\/schema.org\",\"@graph\":[{\"@type\":\"WebPage\",\"@id\":\"https:\/\/www.bagnoitalia.com\/de\/produkt\/nancy-schrank-niedriger-tv-stander-2-modelle-in-verschiedenen-grosen-mattweis-und-glanzender-tv-stander.html\",\"url\":\"https:\/\/www.bagnoitalia.com\/de\/produkt\/nancy-schrank-niedriger-tv-stander-2-modelle-in-verschiedenen-grosen-mattweis-und-glanzender-tv-stander.html\",\"name\":\"M\u00f6belst\u00fcck Nancy niedriger Fernsehschrank mattwei\u00df zu 164x46x64h - Bagno Italia\",\"isPartOf\":{\"@id\":\"https:\/\/www.bagnoitalia.com\/de#website\"},\"primaryImageOfPage\":{\"@id\":\"https:\/\/www.bagnoitalia.com\/de\/produkt\/nancy-schrank-niedriger-tv-stander-2-modelle-in-verschiedenen-grosen-mattweis-und-glanzender-tv-stander.html#primaryimage\"},\"image\":{\"@id\":\"https:\/\/www.bagnoitalia.com\/de\/produkt\/nancy-schrank-niedriger-tv-stander-2-modelle-in-verschiedenen-grosen-mattweis-und-glanzender-tv-stander.html#primaryimage\"},\"thumbnailUrl\":\"https:\/\/img.bagnoitalia.com\/wp-content\/uploads\/virtuemart\/product\/LOW-TV2.jpg\",\"datePublished\":\"2015-01-13T15:44:53+00:00\",\"dateModified\":\"2025-04-24T07:14:15+00:00\",\"breadcrumb\":{\"@id\":\"https:\/\/www.bagnoitalia.com\/de\/produkt\/nancy-schrank-niedriger-tv-stander-2-modelle-in-verschiedenen-grosen-mattweis-und-glanzender-tv-stander.html#breadcrumb\"},\"inLanguage\":\"de\",\"potentialAction\":[{\"@type\":\"ReadAction\",\"target\":[\"https:\/\/www.bagnoitalia.com\/de\/produkt\/nancy-schrank-niedriger-tv-stander-2-modelle-in-verschiedenen-grosen-mattweis-und-glanzender-tv-stander.html\"]}]},{\"@type\":\"ImageObject\",\"inLanguage\":\"de\",\"@id\":\"https:\/\/www.bagnoitalia.com\/de\/produkt\/nancy-schrank-niedriger-tv-stander-2-modelle-in-verschiedenen-grosen-mattweis-und-glanzender-tv-stander.html#primaryimage\",\"url\":\"https:\/\/img.bagnoitalia.com\/wp-content\/uploads\/virtuemart\/product\/LOW-TV2.jpg\",\"contentUrl\":\"https:\/\/img.bagnoitalia.com\/wp-content\/uploads\/virtuemart\/product\/LOW-TV2.jpg\",\"width\":592,\"height\":592},{\"@type\":\"BreadcrumbList\",\"@id\":\"https:\/\/www.bagnoitalia.com\/de\/produkt\/nancy-schrank-niedriger-tv-stander-2-modelle-in-verschiedenen-grosen-mattweis-und-glanzender-tv-stander.html#breadcrumb\",\"itemListElement\":[{\"@type\":\"ListItem\",\"position\":1,\"name\":\"Home\",\"item\":\"https:\/\/www.bagnoitalia.com\/de\"},{\"@type\":\"ListItem\",\"position\":2,\"name\":\"Produkte\",\"item\":\"https:\/\/www.bagnoitalia.com\/de\/shop\"},{\"@type\":\"ListItem\",\"position\":3,\"name\":\"M\u00f6belst\u00fcck Nancy niedriger Fernsehschrank mattwei\u00df zu 164x46x64h\"}]},{\"@type\":\"WebSite\",\"@id\":\"https:\/\/www.bagnoitalia.com\/de#website\",\"url\":\"https:\/\/www.bagnoitalia.com\/de\",\"name\":\"Bagno Italia\",\"description\":\"\",\"publisher\":{\"@id\":\"https:\/\/www.bagnoitalia.com\/de#organization\"},\"potentialAction\":[{\"@type\":\"SearchAction\",\"target\":{\"@type\":\"EntryPoint\",\"urlTemplate\":\"https:\/\/www.bagnoitalia.com\/de?s={search_term_string}\"},\"query-input\":{\"@type\":\"PropertyValueSpecification\",\"valueRequired\":true,\"valueName\":\"search_term_string\"}}],\"inLanguage\":\"de\"},{\"@type\":\"Organization\",\"@id\":\"https:\/\/www.bagnoitalia.com\/de#organization\",\"name\":\"Bagno Italia\",\"url\":\"https:\/\/www.bagnoitalia.com\/de\",\"logo\":{\"@type\":\"ImageObject\",\"inLanguage\":\"de\",\"@id\":\"https:\/\/www.bagnoitalia.com\/de#\/schema\/logo\/image\/\",\"url\":\"https:\/\/img.bagnoitalia.com\/wp-content\/uploads\/logo-bagnoitalia.webp\",\"contentUrl\":\"https:\/\/img.bagnoitalia.com\/wp-content\/uploads\/logo-bagnoitalia.webp\",\"width\":400,\"height\":70,\"caption\":\"Bagno Italia\"},\"image\":{\"@id\":\"https:\/\/www.bagnoitalia.com\/de#\/schema\/logo\/image\/\"}}]}<\/script>\n<!-- \/ Yoast SEO plugin. -->","yoast_head_json":{"title":"M\u00f6belst\u00fcck Nancy niedriger Fernsehschrank mattwei\u00df zu 164x46x64h - Bagno Italia","robots":{"index":"index","follow":"follow","max-snippet":"max-snippet:-1","max-image-preview":"max-image-preview:large","max-video-preview":"max-video-preview:-1"},"canonical":"https:\/\/www.bagnoitalia.com\/de\/produkt\/nancy-schrank-niedriger-tv-stander-2-modelle-in-verschiedenen-grosen-mattweis-und-glanzender-tv-stander.html","og_locale":"de_DE","og_type":"article","og_title":"M\u00f6belst\u00fcck Nancy niedriger Fernsehschrank mattwei\u00df zu 164x46x64h - Bagno Italia","og_description":"M\u00f6belst\u00fcck Nancy niedriger Fernsehschrank mattwei\u00df zu 164x46x64h","og_url":"https:\/\/www.bagnoitalia.com\/de\/produkt\/nancy-schrank-niedriger-tv-stander-2-modelle-in-verschiedenen-grosen-mattweis-und-glanzender-tv-stander.html","og_site_name":"Bagno Italia","article_modified_time":"2025-04-24T07:14:15+00:00","og_image":[{"width":592,"height":592,"url":"https:\/\/img.bagnoitalia.com\/wp-content\/uploads\/virtuemart\/product\/LOW-TV2.jpg","type":"image\/jpeg"}],"twitter_card":"summary_large_image","schema":{"@context":"https:\/\/schema.org","@graph":[{"@type":"WebPage","@id":"https:\/\/www.bagnoitalia.com\/de\/produkt\/nancy-schrank-niedriger-tv-stander-2-modelle-in-verschiedenen-grosen-mattweis-und-glanzender-tv-stander.html","url":"https:\/\/www.bagnoitalia.com\/de\/produkt\/nancy-schrank-niedriger-tv-stander-2-modelle-in-verschiedenen-grosen-mattweis-und-glanzender-tv-stander.html","name":"M\u00f6belst\u00fcck Nancy niedriger Fernsehschrank mattwei\u00df zu 164x46x64h - Bagno Italia","isPartOf":{"@id":"https:\/\/www.bagnoitalia.com\/de#website"},"primaryImageOfPage":{"@id":"https:\/\/www.bagnoitalia.com\/de\/produkt\/nancy-schrank-niedriger-tv-stander-2-modelle-in-verschiedenen-grosen-mattweis-und-glanzender-tv-stander.html#primaryimage"},"image":{"@id":"https:\/\/www.bagnoitalia.com\/de\/produkt\/nancy-schrank-niedriger-tv-stander-2-modelle-in-verschiedenen-grosen-mattweis-und-glanzender-tv-stander.html#primaryimage"},"thumbnailUrl":"https:\/\/img.bagnoitalia.com\/wp-content\/uploads\/virtuemart\/product\/LOW-TV2.jpg","datePublished":"2015-01-13T15:44:53+00:00","dateModified":"2025-04-24T07:14:15+00:00","breadcrumb":{"@id":"https:\/\/www.bagnoitalia.com\/de\/produkt\/nancy-schrank-niedriger-tv-stander-2-modelle-in-verschiedenen-grosen-mattweis-und-glanzender-tv-stander.html#breadcrumb"},"inLanguage":"de","potentialAction":[{"@type":"ReadAction","target":["https:\/\/www.bagnoitalia.com\/de\/produkt\/nancy-schrank-niedriger-tv-stander-2-modelle-in-verschiedenen-grosen-mattweis-und-glanzender-tv-stander.html"]}]},{"@type":"ImageObject","inLanguage":"de","@id":"https:\/\/www.bagnoitalia.com\/de\/produkt\/nancy-schrank-niedriger-tv-stander-2-modelle-in-verschiedenen-grosen-mattweis-und-glanzender-tv-stander.html#primaryimage","url":"https:\/\/img.bagnoitalia.com\/wp-content\/uploads\/virtuemart\/product\/LOW-TV2.jpg","contentUrl":"https:\/\/img.bagnoitalia.com\/wp-content\/uploads\/virtuemart\/product\/LOW-TV2.jpg","width":592,"height":592},{"@type":"BreadcrumbList","@id":"https:\/\/www.bagnoitalia.com\/de\/produkt\/nancy-schrank-niedriger-tv-stander-2-modelle-in-verschiedenen-grosen-mattweis-und-glanzender-tv-stander.html#breadcrumb","itemListElement":[{"@type":"ListItem","position":1,"name":"Home","item":"https:\/\/www.bagnoitalia.com\/de"},{"@type":"ListItem","position":2,"name":"Produkte","item":"https:\/\/www.bagnoitalia.com\/de\/shop"},{"@type":"ListItem","position":3,"name":"M\u00f6belst\u00fcck Nancy niedriger Fernsehschrank mattwei\u00df zu 164x46x64h"}]},{"@type":"WebSite","@id":"https:\/\/www.bagnoitalia.com\/de#website","url":"https:\/\/www.bagnoitalia.com\/de","name":"Bagno Italia","description":"","publisher":{"@id":"https:\/\/www.bagnoitalia.com\/de#organization"},"potentialAction":[{"@type":"SearchAction","target":{"@type":"EntryPoint","urlTemplate":"https:\/\/www.bagnoitalia.com\/de?s={search_term_string}"},"query-input":{"@type":"PropertyValueSpecification","valueRequired":true,"valueName":"search_term_string"}}],"inLanguage":"de"},{"@type":"Organization","@id":"https:\/\/www.bagnoitalia.com\/de#organization","name":"Bagno Italia","url":"https:\/\/www.bagnoitalia.com\/de","logo":{"@type":"ImageObject","inLanguage":"de","@id":"https:\/\/www.bagnoitalia.com\/de#\/schema\/logo\/image\/","url":"https:\/\/img.bagnoitalia.com\/wp-content\/uploads\/logo-bagnoitalia.webp","contentUrl":"https:\/\/img.bagnoitalia.com\/wp-content\/uploads\/logo-bagnoitalia.webp","width":400,"height":70,"caption":"Bagno Italia"},"image":{"@id":"https:\/\/www.bagnoitalia.com\/de#\/schema\/logo\/image\/"}}]}},"_links":{"self":[{"href":"https:\/\/www.bagnoitalia.com\/de\/wp-json\/wp\/v2\/product\/79023","targetHints":{"allow":["GET"]}}],"collection":[{"href":"https:\/\/www.bagnoitalia.com\/de\/wp-json\/wp\/v2\/product"}],"about":[{"href":"https:\/\/www.bagnoitalia.com\/de\/wp-json\/wp\/v2\/types\/product"}],"replies":[{"embeddable":true,"href":"https:\/\/www.bagnoitalia.com\/de\/wp-json\/wp\/v2\/comments?post=79023"}],"version-history":[{"count":0,"href":"https:\/\/www.bagnoitalia.com\/de\/wp-json\/wp\/v2\/product\/79023\/revisions"}],"wp:featuredmedia":[{"embeddable":true,"href":"https:\/\/www.bagnoitalia.com\/de\/wp-json\/wp\/v2\/media\/23958"}],"wp:attachment":[{"href":"https:\/\/www.bagnoitalia.com\/de\/wp-json\/wp\/v2\/media?parent=79023"}],"wp:term":[{"taxonomy":"product_brand","embeddable":true,"href":"https:\/\/www.bagnoitalia.com\/de\/wp-json\/wp\/v2\/product_brand?post=79023"},{"taxonomy":"product_cat","embeddable":true,"href":"https:\/\/www.bagnoitalia.com\/de\/wp-json\/wp\/v2\/product_cat?post=79023"},{"taxonomy":"product_tag","embeddable":true,"href":"https:\/\/www.bagnoitalia.com\/de\/wp-json\/wp\/v2\/product_tag?post=79023"}],"curies":[{"name":"wp","href":"https:\/\/api.w.org\/{rel}","templated":true}]}}