{"id":78963,"date":"2014-09-25T13:15:48","date_gmt":"2014-09-25T11:15:48","guid":{"rendered":"https:\/\/www.bagnoitalia.com\/product\/bidet-mit-boden-oder-wandablauf-option-water-classica-serie-becken-mit-saule"},"modified":"2026-03-27T16:42:55","modified_gmt":"2026-03-27T15:42:55","slug":"bidet-mit-boden-oder-wandablauf-option-water-classica-serie-becken-mit-saule","status":"publish","type":"product","link":"https:\/\/www.bagnoitalia.com\/de\/produkt\/bidet-mit-boden-oder-wandablauf-option-water-classica-serie-becken-mit-saule.html","title":{"rendered":"klassisches WC mit Bidet, Abfluss wandb\u00fcndig oder am Boden m\u00f6glich, optional mit passendem S\u00e4ulenwaschbecken"},"content":{"rendered":"<p><strong>Klassische Sanit\u00e4ranlagen der Ceramica Azzura-Serie<\/strong><\/p>\n<p>Der Preis beinhaltet:<\/p>\n<p>1 Bidet mit einem Loch (auch mit 3 L\u00f6chern erh\u00e4ltlich)<\/p>\n<p>1 WC (Abfluss wandb\u00fcndig oder am Boden)<\/p>\n<p>1 WC-Deckel (wei\u00df oder auf Anfrage in nussbaumbraun)<\/p>\n<p>Material: Keramik<\/p>\n<p>&nbsp;<\/p>\n<p>Sie k\u00f6nnen im Men\u00fc das Waschbecken hinzuf\u00fcgen.<\/p>\n","protected":false},"excerpt":{"rendered":"<p>Klassisches Set bestehend aus einem WC mit Bidet und WC-Deckel. Abfluss am Boden oder wandb\u00fcndig. Zu diesem Set kann auch ein passendes S\u00e4ulenwaschbecken hinzugef\u00fcgt werden.<\/p>\n","protected":false},"featured_media":23514,"comment_status":"open","ping_status":"closed","template":"","meta":[],"product_brand":[9880],"product_cat":[9696],"product_tag":[],"class_list":{"0":"post-78963","1":"product","2":"type-product","3":"status-publish","4":"has-post-thumbnail","6":"product_brand-vari-produttori-de","7":"product_cat-badkeramik","9":"first","10":"instock","11":"sale","12":"taxable","13":"shipping-taxable","14":"purchasable","15":"product-type-simple"},"exclude_global_add_ons":false,"addons":[{"name":"Typologie","type":"multiple_choice","position":0,"required":true,"title_format":"heading","default":"","description_enable":false,"description":"","placeholder_enable":false,"placeholder":"","display":"select","restrictions_type":"any_text","adjust_price":false,"price":"","price_type":"flat_fee","restrictions":false,"min":"0","max":"0","options":[{"label":"Komplettset, mit Wandsp\u00fcler","price":"","price_type":"quantity_based","image":0,"visibility":true},{"label":"Komplettset, mit Wandsp\u00fcler und 3-Loch-Bidet","price":"","price_type":"quantity_based","image":0,"visibility":true},{"label":"Komplettset, mit Standsp\u00fcler","price":"","price_type":"quantity_based","image":0,"visibility":true},{"label":"Komplettset, mit Standsp\u00fcler und 3-Loch-Bidet","price":"","price_type":"quantity_based","image":0,"visibility":true}],"id":1717692508},{"name":"Waschtisch","type":"multiple_choice","position":1,"required":true,"title_format":"heading","default":"","description_enable":false,"description":"","placeholder_enable":false,"placeholder":"","display":"select","restrictions_type":"any_text","adjust_price":false,"price":"","price_type":"flat_fee","restrictions":false,"min":"0","max":"0","options":[{"label":"KEIN Waschtisch","price":"","price_type":"quantity_based","image":0,"visibility":true},{"label":"Waschtisch mit S\u00e4ule","price":"470","price_type":"quantity_based","image":0,"visibility":true}],"id":1717692509}],"yoast_head":"<!-- This site is optimized with the Yoast SEO plugin v26.7 - https:\/\/yoast.com\/wordpress\/plugins\/seo\/ -->\n<title>klassisches WC mit Bidet, Abfluss wandb\u00fcndig oder am Boden m\u00f6glich, optional mit passendem S\u00e4ulenwaschbecken - Bagno Italia<\/title>\n<meta name=\"robots\" content=\"index, follow, max-snippet:-1, max-image-preview:large, max-video-preview:-1\" \/>\n<link rel=\"canonical\" href=\"https:\/\/www.bagnoitalia.com\/de\/produkt\/bidet-mit-boden-oder-wandablauf-option-water-classica-serie-becken-mit-saule.html\" \/>\n<meta property=\"og:locale\" content=\"de_DE\" \/>\n<meta property=\"og:type\" content=\"article\" \/>\n<meta property=\"og:title\" content=\"klassisches WC mit Bidet, Abfluss wandb\u00fcndig oder am Boden m\u00f6glich, optional mit passendem S\u00e4ulenwaschbecken - Bagno Italia\" \/>\n<meta property=\"og:description\" content=\"Klassisches Set bestehend aus einem WC mit Bidet und WC-Deckel. Abfluss am Boden oder wandb\u00fcndig. Zu diesem Set kann auch ein passendes S\u00e4ulenwaschbecken hinzugef\u00fcgt werden.\" \/>\n<meta property=\"og:url\" content=\"https:\/\/www.bagnoitalia.com\/de\/produkt\/bidet-mit-boden-oder-wandablauf-option-water-classica-serie-becken-mit-saule.html\" \/>\n<meta property=\"og:site_name\" content=\"Bagno Italia\" \/>\n<meta property=\"article:modified_time\" content=\"2026-03-27T15:42:55+00:00\" \/>\n<meta property=\"og:image\" content=\"https:\/\/img.bagnoitalia.com\/wp-content\/uploads\/virtuemart\/product\/Classic-WC-and-Bidet-1_1540982775_155.jpg\" \/>\n\t<meta property=\"og:image:width\" content=\"600\" \/>\n\t<meta property=\"og:image:height\" content=\"600\" \/>\n\t<meta property=\"og:image:type\" content=\"image\/jpeg\" \/>\n<meta name=\"twitter:card\" content=\"summary_large_image\" \/>\n<meta name=\"twitter:label1\" content=\"Gesch\u00e4tzte Lesezeit\" \/>\n\t<meta name=\"twitter:data1\" content=\"1\u00a0Minute\" \/>\n<script type=\"application\/ld+json\" class=\"yoast-schema-graph\">{\"@context\":\"https:\/\/schema.org\",\"@graph\":[{\"@type\":\"WebPage\",\"@id\":\"https:\/\/www.bagnoitalia.com\/de\/produkt\/bidet-mit-boden-oder-wandablauf-option-water-classica-serie-becken-mit-saule.html\",\"url\":\"https:\/\/www.bagnoitalia.com\/de\/produkt\/bidet-mit-boden-oder-wandablauf-option-water-classica-serie-becken-mit-saule.html\",\"name\":\"klassisches WC mit Bidet, Abfluss wandb\u00fcndig oder am Boden m\u00f6glich, optional mit passendem S\u00e4ulenwaschbecken - Bagno Italia\",\"isPartOf\":{\"@id\":\"https:\/\/www.bagnoitalia.com\/de#website\"},\"primaryImageOfPage\":{\"@id\":\"https:\/\/www.bagnoitalia.com\/de\/produkt\/bidet-mit-boden-oder-wandablauf-option-water-classica-serie-becken-mit-saule.html#primaryimage\"},\"image\":{\"@id\":\"https:\/\/www.bagnoitalia.com\/de\/produkt\/bidet-mit-boden-oder-wandablauf-option-water-classica-serie-becken-mit-saule.html#primaryimage\"},\"thumbnailUrl\":\"https:\/\/img.bagnoitalia.com\/wp-content\/uploads\/virtuemart\/product\/Classic-WC-and-Bidet-1_1540982775_155.jpg\",\"datePublished\":\"2014-09-25T11:15:48+00:00\",\"dateModified\":\"2026-03-27T15:42:55+00:00\",\"breadcrumb\":{\"@id\":\"https:\/\/www.bagnoitalia.com\/de\/produkt\/bidet-mit-boden-oder-wandablauf-option-water-classica-serie-becken-mit-saule.html#breadcrumb\"},\"inLanguage\":\"de\",\"potentialAction\":[{\"@type\":\"ReadAction\",\"target\":[\"https:\/\/www.bagnoitalia.com\/de\/produkt\/bidet-mit-boden-oder-wandablauf-option-water-classica-serie-becken-mit-saule.html\"]}]},{\"@type\":\"ImageObject\",\"inLanguage\":\"de\",\"@id\":\"https:\/\/www.bagnoitalia.com\/de\/produkt\/bidet-mit-boden-oder-wandablauf-option-water-classica-serie-becken-mit-saule.html#primaryimage\",\"url\":\"https:\/\/img.bagnoitalia.com\/wp-content\/uploads\/virtuemart\/product\/Classic-WC-and-Bidet-1_1540982775_155.jpg\",\"contentUrl\":\"https:\/\/img.bagnoitalia.com\/wp-content\/uploads\/virtuemart\/product\/Classic-WC-and-Bidet-1_1540982775_155.jpg\",\"width\":600,\"height\":600},{\"@type\":\"BreadcrumbList\",\"@id\":\"https:\/\/www.bagnoitalia.com\/de\/produkt\/bidet-mit-boden-oder-wandablauf-option-water-classica-serie-becken-mit-saule.html#breadcrumb\",\"itemListElement\":[{\"@type\":\"ListItem\",\"position\":1,\"name\":\"Home\",\"item\":\"https:\/\/www.bagnoitalia.com\/de\"},{\"@type\":\"ListItem\",\"position\":2,\"name\":\"Produkte\",\"item\":\"https:\/\/www.bagnoitalia.com\/de\/shop\"},{\"@type\":\"ListItem\",\"position\":3,\"name\":\"klassisches WC mit Bidet, Abfluss wandb\u00fcndig oder am Boden m\u00f6glich, optional mit passendem S\u00e4ulenwaschbecken\"}]},{\"@type\":\"WebSite\",\"@id\":\"https:\/\/www.bagnoitalia.com\/de#website\",\"url\":\"https:\/\/www.bagnoitalia.com\/de\",\"name\":\"Bagno Italia\",\"description\":\"\",\"publisher\":{\"@id\":\"https:\/\/www.bagnoitalia.com\/de#organization\"},\"potentialAction\":[{\"@type\":\"SearchAction\",\"target\":{\"@type\":\"EntryPoint\",\"urlTemplate\":\"https:\/\/www.bagnoitalia.com\/de?s={search_term_string}\"},\"query-input\":{\"@type\":\"PropertyValueSpecification\",\"valueRequired\":true,\"valueName\":\"search_term_string\"}}],\"inLanguage\":\"de\"},{\"@type\":\"Organization\",\"@id\":\"https:\/\/www.bagnoitalia.com\/de#organization\",\"name\":\"Bagno Italia\",\"url\":\"https:\/\/www.bagnoitalia.com\/de\",\"logo\":{\"@type\":\"ImageObject\",\"inLanguage\":\"de\",\"@id\":\"https:\/\/www.bagnoitalia.com\/de#\/schema\/logo\/image\/\",\"url\":\"https:\/\/img.bagnoitalia.com\/wp-content\/uploads\/logo-bagnoitalia.webp\",\"contentUrl\":\"https:\/\/img.bagnoitalia.com\/wp-content\/uploads\/logo-bagnoitalia.webp\",\"width\":400,\"height\":70,\"caption\":\"Bagno Italia\"},\"image\":{\"@id\":\"https:\/\/www.bagnoitalia.com\/de#\/schema\/logo\/image\/\"}}]}<\/script>\n<!-- \/ Yoast SEO plugin. -->","yoast_head_json":{"title":"klassisches WC mit Bidet, Abfluss wandb\u00fcndig oder am Boden m\u00f6glich, optional mit passendem S\u00e4ulenwaschbecken - Bagno Italia","robots":{"index":"index","follow":"follow","max-snippet":"max-snippet:-1","max-image-preview":"max-image-preview:large","max-video-preview":"max-video-preview:-1"},"canonical":"https:\/\/www.bagnoitalia.com\/de\/produkt\/bidet-mit-boden-oder-wandablauf-option-water-classica-serie-becken-mit-saule.html","og_locale":"de_DE","og_type":"article","og_title":"klassisches WC mit Bidet, Abfluss wandb\u00fcndig oder am Boden m\u00f6glich, optional mit passendem S\u00e4ulenwaschbecken - Bagno Italia","og_description":"Klassisches Set bestehend aus einem WC mit Bidet und WC-Deckel. Abfluss am Boden oder wandb\u00fcndig. Zu diesem Set kann auch ein passendes S\u00e4ulenwaschbecken hinzugef\u00fcgt werden.","og_url":"https:\/\/www.bagnoitalia.com\/de\/produkt\/bidet-mit-boden-oder-wandablauf-option-water-classica-serie-becken-mit-saule.html","og_site_name":"Bagno Italia","article_modified_time":"2026-03-27T15:42:55+00:00","og_image":[{"width":600,"height":600,"url":"https:\/\/img.bagnoitalia.com\/wp-content\/uploads\/virtuemart\/product\/Classic-WC-and-Bidet-1_1540982775_155.jpg","type":"image\/jpeg"}],"twitter_card":"summary_large_image","twitter_misc":{"Gesch\u00e4tzte Lesezeit":"1\u00a0Minute"},"schema":{"@context":"https:\/\/schema.org","@graph":[{"@type":"WebPage","@id":"https:\/\/www.bagnoitalia.com\/de\/produkt\/bidet-mit-boden-oder-wandablauf-option-water-classica-serie-becken-mit-saule.html","url":"https:\/\/www.bagnoitalia.com\/de\/produkt\/bidet-mit-boden-oder-wandablauf-option-water-classica-serie-becken-mit-saule.html","name":"klassisches WC mit Bidet, Abfluss wandb\u00fcndig oder am Boden m\u00f6glich, optional mit passendem S\u00e4ulenwaschbecken - Bagno Italia","isPartOf":{"@id":"https:\/\/www.bagnoitalia.com\/de#website"},"primaryImageOfPage":{"@id":"https:\/\/www.bagnoitalia.com\/de\/produkt\/bidet-mit-boden-oder-wandablauf-option-water-classica-serie-becken-mit-saule.html#primaryimage"},"image":{"@id":"https:\/\/www.bagnoitalia.com\/de\/produkt\/bidet-mit-boden-oder-wandablauf-option-water-classica-serie-becken-mit-saule.html#primaryimage"},"thumbnailUrl":"https:\/\/img.bagnoitalia.com\/wp-content\/uploads\/virtuemart\/product\/Classic-WC-and-Bidet-1_1540982775_155.jpg","datePublished":"2014-09-25T11:15:48+00:00","dateModified":"2026-03-27T15:42:55+00:00","breadcrumb":{"@id":"https:\/\/www.bagnoitalia.com\/de\/produkt\/bidet-mit-boden-oder-wandablauf-option-water-classica-serie-becken-mit-saule.html#breadcrumb"},"inLanguage":"de","potentialAction":[{"@type":"ReadAction","target":["https:\/\/www.bagnoitalia.com\/de\/produkt\/bidet-mit-boden-oder-wandablauf-option-water-classica-serie-becken-mit-saule.html"]}]},{"@type":"ImageObject","inLanguage":"de","@id":"https:\/\/www.bagnoitalia.com\/de\/produkt\/bidet-mit-boden-oder-wandablauf-option-water-classica-serie-becken-mit-saule.html#primaryimage","url":"https:\/\/img.bagnoitalia.com\/wp-content\/uploads\/virtuemart\/product\/Classic-WC-and-Bidet-1_1540982775_155.jpg","contentUrl":"https:\/\/img.bagnoitalia.com\/wp-content\/uploads\/virtuemart\/product\/Classic-WC-and-Bidet-1_1540982775_155.jpg","width":600,"height":600},{"@type":"BreadcrumbList","@id":"https:\/\/www.bagnoitalia.com\/de\/produkt\/bidet-mit-boden-oder-wandablauf-option-water-classica-serie-becken-mit-saule.html#breadcrumb","itemListElement":[{"@type":"ListItem","position":1,"name":"Home","item":"https:\/\/www.bagnoitalia.com\/de"},{"@type":"ListItem","position":2,"name":"Produkte","item":"https:\/\/www.bagnoitalia.com\/de\/shop"},{"@type":"ListItem","position":3,"name":"klassisches WC mit Bidet, Abfluss wandb\u00fcndig oder am Boden m\u00f6glich, optional mit passendem S\u00e4ulenwaschbecken"}]},{"@type":"WebSite","@id":"https:\/\/www.bagnoitalia.com\/de#website","url":"https:\/\/www.bagnoitalia.com\/de","name":"Bagno Italia","description":"","publisher":{"@id":"https:\/\/www.bagnoitalia.com\/de#organization"},"potentialAction":[{"@type":"SearchAction","target":{"@type":"EntryPoint","urlTemplate":"https:\/\/www.bagnoitalia.com\/de?s={search_term_string}"},"query-input":{"@type":"PropertyValueSpecification","valueRequired":true,"valueName":"search_term_string"}}],"inLanguage":"de"},{"@type":"Organization","@id":"https:\/\/www.bagnoitalia.com\/de#organization","name":"Bagno Italia","url":"https:\/\/www.bagnoitalia.com\/de","logo":{"@type":"ImageObject","inLanguage":"de","@id":"https:\/\/www.bagnoitalia.com\/de#\/schema\/logo\/image\/","url":"https:\/\/img.bagnoitalia.com\/wp-content\/uploads\/logo-bagnoitalia.webp","contentUrl":"https:\/\/img.bagnoitalia.com\/wp-content\/uploads\/logo-bagnoitalia.webp","width":400,"height":70,"caption":"Bagno Italia"},"image":{"@id":"https:\/\/www.bagnoitalia.com\/de#\/schema\/logo\/image\/"}}]}},"_links":{"self":[{"href":"https:\/\/www.bagnoitalia.com\/de\/wp-json\/wp\/v2\/product\/78963","targetHints":{"allow":["GET"]}}],"collection":[{"href":"https:\/\/www.bagnoitalia.com\/de\/wp-json\/wp\/v2\/product"}],"about":[{"href":"https:\/\/www.bagnoitalia.com\/de\/wp-json\/wp\/v2\/types\/product"}],"replies":[{"embeddable":true,"href":"https:\/\/www.bagnoitalia.com\/de\/wp-json\/wp\/v2\/comments?post=78963"}],"version-history":[{"count":1,"href":"https:\/\/www.bagnoitalia.com\/de\/wp-json\/wp\/v2\/product\/78963\/revisions"}],"predecessor-version":[{"id":89598,"href":"https:\/\/www.bagnoitalia.com\/de\/wp-json\/wp\/v2\/product\/78963\/revisions\/89598"}],"wp:featuredmedia":[{"embeddable":true,"href":"https:\/\/www.bagnoitalia.com\/de\/wp-json\/wp\/v2\/media\/23514"}],"wp:attachment":[{"href":"https:\/\/www.bagnoitalia.com\/de\/wp-json\/wp\/v2\/media?parent=78963"}],"wp:term":[{"taxonomy":"product_brand","embeddable":true,"href":"https:\/\/www.bagnoitalia.com\/de\/wp-json\/wp\/v2\/product_brand?post=78963"},{"taxonomy":"product_cat","embeddable":true,"href":"https:\/\/www.bagnoitalia.com\/de\/wp-json\/wp\/v2\/product_cat?post=78963"},{"taxonomy":"product_tag","embeddable":true,"href":"https:\/\/www.bagnoitalia.com\/de\/wp-json\/wp\/v2\/product_tag?post=78963"}],"curies":[{"name":"wp","href":"https:\/\/api.w.org\/{rel}","templated":true}]}}