{"id":78891,"date":"2014-04-26T16:48:34","date_gmt":"2014-04-26T14:48:34","guid":{"rendered":"https:\/\/www.bagnoitalia.com\/product\/34x34-offener-wurfelschrank-in-35-lackiert-oder-eichen-oder-wenge-farben"},"modified":"2025-06-13T08:49:13","modified_gmt":"2025-06-13T06:49:13","slug":"34x34-offener-wurfelschrank-in-35-lackiert-oder-eichen-oder-wenge-farben","status":"publish","type":"product","link":"https:\/\/www.bagnoitalia.com\/de\/produkt\/34x34-offener-wurfelschrank-in-35-lackiert-oder-eichen-oder-wenge-farben.html","title":{"rendered":"Cube Wohnwand, offen, 34&#215;34 cm, in 35 Lackfarben BM013"},"content":{"rendered":"<p><strong>Der Preis beinhaltet:<\/strong><\/p>\n<p>1 W\u00fcrfeschrank: 34x34x15cm<\/p>\n<p>&nbsp;<\/p>\n<p><strong>Material:<\/strong><\/p>\n<p>MDF-Struktur<\/p>\n<p>_________________________________________________________________________________<\/p>\n<p>&nbsp;<\/p>\n<p>Um einen Doppel-, Dreifach- oder Vierfachschrank herzustellen, k\u00f6nnen Sie weitere W\u00fcrfelschr\u00e4nke hinzuf\u00fcgen und so zusammenstellen, wie es Ihren W\u00fcnschen entspricht.<\/p>\n<p>&nbsp;<\/p>\n<p><img fetchpriority=\"high\" decoding=\"async\" class=\"shrinkToFit decoded size-full wp-image-10814\" src=\"https:\/\/img.bagnoitalia.com\/wp-content\/uploads\/virtuemart\/product\/cartellacolori887.jpg\" alt=\"http:\/\/www.bagnoitalia.it\/https:\/\/img.bagnoitalia.com\/wp-content\/uploads\/virtuemart\/product\/cartellacolori887.jpg\" width=\"639\" height=\"551\" srcset=\"https:\/\/img.bagnoitalia.com\/wp-content\/uploads\/virtuemart\/product\/cartellacolori887.jpg 937w, https:\/\/img.bagnoitalia.com\/wp-content\/uploads\/virtuemart\/product\/cartellacolori887-768x661.jpg 768w, https:\/\/img.bagnoitalia.com\/wp-content\/uploads\/virtuemart\/product\/cartellacolori887-441x380.jpg 441w, https:\/\/img.bagnoitalia.com\/wp-content\/uploads\/virtuemart\/product\/cartellacolori887-600x517.jpg 600w, https:\/\/img.bagnoitalia.com\/wp-content\/uploads\/virtuemart\/product\/cartellacolori887-150x129.jpg 150w\" sizes=\"(max-width: 639px) 100vw, 639px\" \/><\/p>\n","protected":false},"excerpt":{"rendered":"<p>Cube Wohnwand, offen, 34&#215;34 cm, in 35 Lackfarben<\/p>\n","protected":false},"featured_media":22946,"comment_status":"open","ping_status":"closed","template":"","meta":[],"product_brand":[5010],"product_cat":[9668],"product_tag":[],"class_list":{"0":"post-78891","1":"product","2":"type-product","3":"status-publish","4":"has-post-thumbnail","6":"product_brand-baden-bauen","7":"product_cat-erganzende-mobel","9":"first","10":"instock","11":"sale","12":"taxable","13":"shipping-taxable","14":"purchasable","15":"product-type-simple"},"exclude_global_add_ons":false,"addons":[{"name":"Farbe","type":"multiple_choice","position":0,"required":true,"title_format":"heading","default":"","description_enable":false,"description":"","placeholder_enable":false,"placeholder":"","display":"select","restrictions_type":"any_text","adjust_price":false,"price":"","price_type":"flat_fee","restrictions":false,"min":"0","max":"0","options":[{"label":"Wei\u00df","price":"","price_type":"quantity_based","image":0,"visibility":true},{"label":"Schwarz","price":"","price_type":"quantity_based","image":0,"visibility":true},{"label":"Weinrot","price":"","price_type":"quantity_based","image":0,"visibility":true},{"label":"Blau","price":"","price_type":"quantity_based","image":0,"visibility":true},{"label":"lila","price":"","price_type":"quantity_based","image":0,"visibility":true},{"label":"Mokka","price":"","price_type":"quantity_based","image":0,"visibility":true},{"label":"purpurrot","price":"","price_type":"quantity_based","image":0,"visibility":true},{"label":"gr\u00fcn","price":"","price_type":"quantity_based","image":0,"visibility":true},{"label":"signalrot","price":"","price_type":"quantity_based","image":0,"visibility":true},{"label":"himmelblau","price":"","price_type":"quantity_based","image":0,"visibility":true},{"label":"kobalt","price":"","price_type":"quantity_based","image":0,"visibility":true},{"label":"lilafarben","price":"","price_type":"quantity_based","image":0,"visibility":true},{"label":"Anthrazit","price":"","price_type":"quantity_based","image":0,"visibility":true},{"label":"S\u00e4uregr\u00fcn","price":"","price_type":"quantity_based","image":0,"visibility":true},{"label":"Orange","price":"","price_type":"quantity_based","image":0,"visibility":true},{"label":"hellblau","price":"","price_type":"quantity_based","image":0,"visibility":true},{"label":"Silber","price":"","price_type":"quantity_based","image":0,"visibility":true},{"label":"Gold","price":"","price_type":"quantity_based","image":0,"visibility":true},{"label":"grau","price":"","price_type":"quantity_based","image":0,"visibility":true},{"label":"pastellgr\u00fcn","price":"","price_type":"quantity_based","image":0,"visibility":true},{"label":"gelb","price":"","price_type":"quantity_based","image":0,"visibility":true},{"label":"Kristall","price":"","price_type":"quantity_based","image":0,"visibility":true},{"label":"Elfenbein","price":"","price_type":"quantity_based","image":0,"visibility":true},{"label":"Rosa","price":"","price_type":"quantity_based","image":0,"visibility":true},{"label":"Creme","price":"","price_type":"quantity_based","image":0,"visibility":true},{"label":"Wassergr\u00fcn","price":"","price_type":"quantity_based","image":0,"visibility":true}],"id":1716480443},{"name":"Typ","type":"multiple_choice","position":1,"required":true,"title_format":"heading","default":"","description_enable":false,"description":"","placeholder_enable":false,"placeholder":"","display":"select","restrictions_type":"any_text","adjust_price":false,"price":"","price_type":"flat_fee","restrictions":false,"min":"0","max":"0","options":[{"label":"Gl\u00e4nzend","price":"","price_type":"quantity_based","image":0,"visibility":true},{"label":"Matt","price":"","price_type":"quantity_based","image":0,"visibility":true}],"id":1716480444}],"yoast_head":"<!-- This site is optimized with the Yoast SEO plugin v26.7 - https:\/\/yoast.com\/wordpress\/plugins\/seo\/ -->\n<title>W\u00fcrfelwand 34x34 in 35 lackierten Farben<\/title>\n<meta name=\"description\" content=\"Cube Wandeinheit mit modernem Tagesfach - Modernes Zubeh\u00f6r in verschiedenen Farben, von Wei\u00df bis Dark Wenge, Abmessungen 34x34x15cm.\" \/>\n<meta name=\"robots\" content=\"index, follow, max-snippet:-1, max-image-preview:large, max-video-preview:-1\" \/>\n<link rel=\"canonical\" href=\"https:\/\/www.bagnoitalia.com\/de\/produkt\/34x34-offener-wurfelschrank-in-35-lackiert-oder-eichen-oder-wenge-farben.html\" \/>\n<meta property=\"og:locale\" content=\"de_DE\" \/>\n<meta property=\"og:type\" content=\"article\" \/>\n<meta property=\"og:title\" content=\"W\u00fcrfelwand 34x34 in 35 lackierten Farben\" \/>\n<meta property=\"og:description\" content=\"Cube Wandeinheit mit modernem Tagesfach - Modernes Zubeh\u00f6r in verschiedenen Farben, von Wei\u00df bis Dark Wenge, Abmessungen 34x34x15cm.\" \/>\n<meta property=\"og:url\" content=\"https:\/\/www.bagnoitalia.com\/de\/produkt\/34x34-offener-wurfelschrank-in-35-lackiert-oder-eichen-oder-wenge-farben.html\" \/>\n<meta property=\"og:site_name\" content=\"Bagno Italia\" \/>\n<meta property=\"article:modified_time\" content=\"2025-06-13T06:49:13+00:00\" \/>\n<meta property=\"og:image\" content=\"https:\/\/img.bagnoitalia.com\/wp-content\/uploads\/virtuemart\/product\/34-34-cube-shaped-wall-cabinet-open-compartment-1_1544534594_569.jpg\" \/>\n\t<meta property=\"og:image:width\" content=\"305\" \/>\n\t<meta property=\"og:image:height\" content=\"311\" \/>\n\t<meta property=\"og:image:type\" content=\"image\/jpeg\" \/>\n<meta name=\"twitter:card\" content=\"summary_large_image\" \/>\n<meta name=\"twitter:label1\" content=\"Gesch\u00e4tzte Lesezeit\" \/>\n\t<meta name=\"twitter:data1\" content=\"1\u00a0Minute\" \/>\n<script type=\"application\/ld+json\" class=\"yoast-schema-graph\">{\"@context\":\"https:\/\/schema.org\",\"@graph\":[{\"@type\":\"WebPage\",\"@id\":\"https:\/\/www.bagnoitalia.com\/de\/produkt\/34x34-offener-wurfelschrank-in-35-lackiert-oder-eichen-oder-wenge-farben.html\",\"url\":\"https:\/\/www.bagnoitalia.com\/de\/produkt\/34x34-offener-wurfelschrank-in-35-lackiert-oder-eichen-oder-wenge-farben.html\",\"name\":\"W\u00fcrfelwand 34x34 in 35 lackierten Farben\",\"isPartOf\":{\"@id\":\"https:\/\/www.bagnoitalia.com\/de#website\"},\"primaryImageOfPage\":{\"@id\":\"https:\/\/www.bagnoitalia.com\/de\/produkt\/34x34-offener-wurfelschrank-in-35-lackiert-oder-eichen-oder-wenge-farben.html#primaryimage\"},\"image\":{\"@id\":\"https:\/\/www.bagnoitalia.com\/de\/produkt\/34x34-offener-wurfelschrank-in-35-lackiert-oder-eichen-oder-wenge-farben.html#primaryimage\"},\"thumbnailUrl\":\"https:\/\/img.bagnoitalia.com\/wp-content\/uploads\/virtuemart\/product\/34-34-cube-shaped-wall-cabinet-open-compartment-1_1544534594_569.jpg\",\"datePublished\":\"2014-04-26T14:48:34+00:00\",\"dateModified\":\"2025-06-13T06:49:13+00:00\",\"description\":\"Cube Wandeinheit mit modernem Tagesfach - Modernes Zubeh\u00f6r in verschiedenen Farben, von Wei\u00df bis Dark Wenge, Abmessungen 34x34x15cm.\",\"breadcrumb\":{\"@id\":\"https:\/\/www.bagnoitalia.com\/de\/produkt\/34x34-offener-wurfelschrank-in-35-lackiert-oder-eichen-oder-wenge-farben.html#breadcrumb\"},\"inLanguage\":\"de\",\"potentialAction\":[{\"@type\":\"ReadAction\",\"target\":[\"https:\/\/www.bagnoitalia.com\/de\/produkt\/34x34-offener-wurfelschrank-in-35-lackiert-oder-eichen-oder-wenge-farben.html\"]}]},{\"@type\":\"ImageObject\",\"inLanguage\":\"de\",\"@id\":\"https:\/\/www.bagnoitalia.com\/de\/produkt\/34x34-offener-wurfelschrank-in-35-lackiert-oder-eichen-oder-wenge-farben.html#primaryimage\",\"url\":\"https:\/\/img.bagnoitalia.com\/wp-content\/uploads\/virtuemart\/product\/34-34-cube-shaped-wall-cabinet-open-compartment-1_1544534594_569.jpg\",\"contentUrl\":\"https:\/\/img.bagnoitalia.com\/wp-content\/uploads\/virtuemart\/product\/34-34-cube-shaped-wall-cabinet-open-compartment-1_1544534594_569.jpg\",\"width\":305,\"height\":311},{\"@type\":\"BreadcrumbList\",\"@id\":\"https:\/\/www.bagnoitalia.com\/de\/produkt\/34x34-offener-wurfelschrank-in-35-lackiert-oder-eichen-oder-wenge-farben.html#breadcrumb\",\"itemListElement\":[{\"@type\":\"ListItem\",\"position\":1,\"name\":\"Home\",\"item\":\"https:\/\/www.bagnoitalia.com\/de\"},{\"@type\":\"ListItem\",\"position\":2,\"name\":\"Produkte\",\"item\":\"https:\/\/www.bagnoitalia.com\/de\/shop\"},{\"@type\":\"ListItem\",\"position\":3,\"name\":\"Cube Wohnwand, offen, 34&#215;34 cm, in 35 Lackfarben BM013\"}]},{\"@type\":\"WebSite\",\"@id\":\"https:\/\/www.bagnoitalia.com\/de#website\",\"url\":\"https:\/\/www.bagnoitalia.com\/de\",\"name\":\"Bagno Italia\",\"description\":\"\",\"publisher\":{\"@id\":\"https:\/\/www.bagnoitalia.com\/de#organization\"},\"potentialAction\":[{\"@type\":\"SearchAction\",\"target\":{\"@type\":\"EntryPoint\",\"urlTemplate\":\"https:\/\/www.bagnoitalia.com\/de?s={search_term_string}\"},\"query-input\":{\"@type\":\"PropertyValueSpecification\",\"valueRequired\":true,\"valueName\":\"search_term_string\"}}],\"inLanguage\":\"de\"},{\"@type\":\"Organization\",\"@id\":\"https:\/\/www.bagnoitalia.com\/de#organization\",\"name\":\"Bagno Italia\",\"url\":\"https:\/\/www.bagnoitalia.com\/de\",\"logo\":{\"@type\":\"ImageObject\",\"inLanguage\":\"de\",\"@id\":\"https:\/\/www.bagnoitalia.com\/de#\/schema\/logo\/image\/\",\"url\":\"https:\/\/img.bagnoitalia.com\/wp-content\/uploads\/logo-bagnoitalia.webp\",\"contentUrl\":\"https:\/\/img.bagnoitalia.com\/wp-content\/uploads\/logo-bagnoitalia.webp\",\"width\":400,\"height\":70,\"caption\":\"Bagno Italia\"},\"image\":{\"@id\":\"https:\/\/www.bagnoitalia.com\/de#\/schema\/logo\/image\/\"}}]}<\/script>\n<!-- \/ Yoast SEO plugin. -->","yoast_head_json":{"title":"W\u00fcrfelwand 34x34 in 35 lackierten Farben","description":"Cube Wandeinheit mit modernem Tagesfach - Modernes Zubeh\u00f6r in verschiedenen Farben, von Wei\u00df bis Dark Wenge, Abmessungen 34x34x15cm.","robots":{"index":"index","follow":"follow","max-snippet":"max-snippet:-1","max-image-preview":"max-image-preview:large","max-video-preview":"max-video-preview:-1"},"canonical":"https:\/\/www.bagnoitalia.com\/de\/produkt\/34x34-offener-wurfelschrank-in-35-lackiert-oder-eichen-oder-wenge-farben.html","og_locale":"de_DE","og_type":"article","og_title":"W\u00fcrfelwand 34x34 in 35 lackierten Farben","og_description":"Cube Wandeinheit mit modernem Tagesfach - Modernes Zubeh\u00f6r in verschiedenen Farben, von Wei\u00df bis Dark Wenge, Abmessungen 34x34x15cm.","og_url":"https:\/\/www.bagnoitalia.com\/de\/produkt\/34x34-offener-wurfelschrank-in-35-lackiert-oder-eichen-oder-wenge-farben.html","og_site_name":"Bagno Italia","article_modified_time":"2025-06-13T06:49:13+00:00","og_image":[{"width":305,"height":311,"url":"https:\/\/img.bagnoitalia.com\/wp-content\/uploads\/virtuemart\/product\/34-34-cube-shaped-wall-cabinet-open-compartment-1_1544534594_569.jpg","type":"image\/jpeg"}],"twitter_card":"summary_large_image","twitter_misc":{"Gesch\u00e4tzte Lesezeit":"1\u00a0Minute"},"schema":{"@context":"https:\/\/schema.org","@graph":[{"@type":"WebPage","@id":"https:\/\/www.bagnoitalia.com\/de\/produkt\/34x34-offener-wurfelschrank-in-35-lackiert-oder-eichen-oder-wenge-farben.html","url":"https:\/\/www.bagnoitalia.com\/de\/produkt\/34x34-offener-wurfelschrank-in-35-lackiert-oder-eichen-oder-wenge-farben.html","name":"W\u00fcrfelwand 34x34 in 35 lackierten Farben","isPartOf":{"@id":"https:\/\/www.bagnoitalia.com\/de#website"},"primaryImageOfPage":{"@id":"https:\/\/www.bagnoitalia.com\/de\/produkt\/34x34-offener-wurfelschrank-in-35-lackiert-oder-eichen-oder-wenge-farben.html#primaryimage"},"image":{"@id":"https:\/\/www.bagnoitalia.com\/de\/produkt\/34x34-offener-wurfelschrank-in-35-lackiert-oder-eichen-oder-wenge-farben.html#primaryimage"},"thumbnailUrl":"https:\/\/img.bagnoitalia.com\/wp-content\/uploads\/virtuemart\/product\/34-34-cube-shaped-wall-cabinet-open-compartment-1_1544534594_569.jpg","datePublished":"2014-04-26T14:48:34+00:00","dateModified":"2025-06-13T06:49:13+00:00","description":"Cube Wandeinheit mit modernem Tagesfach - Modernes Zubeh\u00f6r in verschiedenen Farben, von Wei\u00df bis Dark Wenge, Abmessungen 34x34x15cm.","breadcrumb":{"@id":"https:\/\/www.bagnoitalia.com\/de\/produkt\/34x34-offener-wurfelschrank-in-35-lackiert-oder-eichen-oder-wenge-farben.html#breadcrumb"},"inLanguage":"de","potentialAction":[{"@type":"ReadAction","target":["https:\/\/www.bagnoitalia.com\/de\/produkt\/34x34-offener-wurfelschrank-in-35-lackiert-oder-eichen-oder-wenge-farben.html"]}]},{"@type":"ImageObject","inLanguage":"de","@id":"https:\/\/www.bagnoitalia.com\/de\/produkt\/34x34-offener-wurfelschrank-in-35-lackiert-oder-eichen-oder-wenge-farben.html#primaryimage","url":"https:\/\/img.bagnoitalia.com\/wp-content\/uploads\/virtuemart\/product\/34-34-cube-shaped-wall-cabinet-open-compartment-1_1544534594_569.jpg","contentUrl":"https:\/\/img.bagnoitalia.com\/wp-content\/uploads\/virtuemart\/product\/34-34-cube-shaped-wall-cabinet-open-compartment-1_1544534594_569.jpg","width":305,"height":311},{"@type":"BreadcrumbList","@id":"https:\/\/www.bagnoitalia.com\/de\/produkt\/34x34-offener-wurfelschrank-in-35-lackiert-oder-eichen-oder-wenge-farben.html#breadcrumb","itemListElement":[{"@type":"ListItem","position":1,"name":"Home","item":"https:\/\/www.bagnoitalia.com\/de"},{"@type":"ListItem","position":2,"name":"Produkte","item":"https:\/\/www.bagnoitalia.com\/de\/shop"},{"@type":"ListItem","position":3,"name":"Cube Wohnwand, offen, 34&#215;34 cm, in 35 Lackfarben BM013"}]},{"@type":"WebSite","@id":"https:\/\/www.bagnoitalia.com\/de#website","url":"https:\/\/www.bagnoitalia.com\/de","name":"Bagno Italia","description":"","publisher":{"@id":"https:\/\/www.bagnoitalia.com\/de#organization"},"potentialAction":[{"@type":"SearchAction","target":{"@type":"EntryPoint","urlTemplate":"https:\/\/www.bagnoitalia.com\/de?s={search_term_string}"},"query-input":{"@type":"PropertyValueSpecification","valueRequired":true,"valueName":"search_term_string"}}],"inLanguage":"de"},{"@type":"Organization","@id":"https:\/\/www.bagnoitalia.com\/de#organization","name":"Bagno Italia","url":"https:\/\/www.bagnoitalia.com\/de","logo":{"@type":"ImageObject","inLanguage":"de","@id":"https:\/\/www.bagnoitalia.com\/de#\/schema\/logo\/image\/","url":"https:\/\/img.bagnoitalia.com\/wp-content\/uploads\/logo-bagnoitalia.webp","contentUrl":"https:\/\/img.bagnoitalia.com\/wp-content\/uploads\/logo-bagnoitalia.webp","width":400,"height":70,"caption":"Bagno Italia"},"image":{"@id":"https:\/\/www.bagnoitalia.com\/de#\/schema\/logo\/image\/"}}]}},"_links":{"self":[{"href":"https:\/\/www.bagnoitalia.com\/de\/wp-json\/wp\/v2\/product\/78891","targetHints":{"allow":["GET"]}}],"collection":[{"href":"https:\/\/www.bagnoitalia.com\/de\/wp-json\/wp\/v2\/product"}],"about":[{"href":"https:\/\/www.bagnoitalia.com\/de\/wp-json\/wp\/v2\/types\/product"}],"replies":[{"embeddable":true,"href":"https:\/\/www.bagnoitalia.com\/de\/wp-json\/wp\/v2\/comments?post=78891"}],"version-history":[{"count":4,"href":"https:\/\/www.bagnoitalia.com\/de\/wp-json\/wp\/v2\/product\/78891\/revisions"}],"predecessor-version":[{"id":93177,"href":"https:\/\/www.bagnoitalia.com\/de\/wp-json\/wp\/v2\/product\/78891\/revisions\/93177"}],"wp:featuredmedia":[{"embeddable":true,"href":"https:\/\/www.bagnoitalia.com\/de\/wp-json\/wp\/v2\/media\/22946"}],"wp:attachment":[{"href":"https:\/\/www.bagnoitalia.com\/de\/wp-json\/wp\/v2\/media?parent=78891"}],"wp:term":[{"taxonomy":"product_brand","embeddable":true,"href":"https:\/\/www.bagnoitalia.com\/de\/wp-json\/wp\/v2\/product_brand?post=78891"},{"taxonomy":"product_cat","embeddable":true,"href":"https:\/\/www.bagnoitalia.com\/de\/wp-json\/wp\/v2\/product_cat?post=78891"},{"taxonomy":"product_tag","embeddable":true,"href":"https:\/\/www.bagnoitalia.com\/de\/wp-json\/wp\/v2\/product_tag?post=78891"}],"curies":[{"name":"wp","href":"https:\/\/api.w.org\/{rel}","templated":true}]}}