{"id":78887,"date":"2014-04-21T20:12:34","date_gmt":"2014-04-21T18:12:34","guid":{"rendered":"https:\/\/www.bagnoitalia.com\/product\/paffoni-mixer-fur-bidet-und-duschwanne-mit-energy-amp-water-saving-system-energieeinsparung"},"modified":"2025-04-02T10:02:25","modified_gmt":"2025-04-02T08:02:25","slug":"paffoni-mixer-fur-bidet-und-duschwanne-mit-energy-amp-water-saving-system-energieeinsparung","status":"publish","type":"product","link":"https:\/\/www.bagnoitalia.com\/de\/produkt\/paffoni-mixer-fur-bidet-und-duschwanne-mit-energy-amp-water-saving-system-energieeinsparung.html","title":{"rendered":"Paffoni Mischer, f\u00fcr Waschbecken, Bidets und Badewannen, energie- und wassersparend RUB021"},"content":{"rendered":"<p>&nbsp;<\/p>\n<p><span style=\"font-size: 12pt;\"><strong>Wasserhahn f\u00fcr Waschbecken und Bidets mit einem\u00a01&#8243;1\/4 Ablaufventil und Wandbefestigung<\/strong><\/span><\/p>\n<p><strong><br \/>\nDer Preis beinhaltet:<br \/>\n<\/strong><\/p>\n<p>-1 Mischer mit Pop-up-Ablaufventil, energie- und wassersparend<\/p>\n<p>________________________________<\/p>\n<p>Sie k\u00f6nnen noch hinzuf\u00fcgen:<\/p>\n<p>-1 Mischer mit Ablaufventil f\u00fcr Bidets<\/p>\n<p>-1 Einbaumischer (mit Verteiler)<\/p>\n<p>&#8211; Verbindungsschlauch<\/p>\n<p>&nbsp;<\/p>\n<p><strong>Material (der Mischer):<\/strong><\/p>\n<p>&#8211; Produkt aus verchromtem Messing (Made in Italy)<\/p>\n<p>&nbsp;<\/p>\n<p>&#8211; 5 Jahre Garantie<\/p>\n<p>&nbsp;<\/p>\n<p><strong>Innovative Technologie mit energie- und wassersparender Funktion:<\/strong><\/p>\n<p>Energie:Durch das mittige Anheben des Griffs kommt ausschlie\u00dflich kaltes Wasser heraus, wodurch der Boiler nicht bet\u00e4tigt und Energie gespart wird. Warmes Wasser wird erst durch die Drehung des Griffs nach rechts eingeschaltet .<\/p>\n<p>Wasser: Sobald Sie der Griff nach oben gezogen wird, kommt das Wasser in einem reduzierten Strahl heraus. Um das Wasser vollst\u00e4ndig \u00f6ffnen zu k\u00f6nnen, ist es notwendig, den Griff weiter hoch zu ziehen. Auf diese Weise wird Wasser gespart, da oft nur ein geringer Wasserstrahl reicht.<\/p>\n<p>&nbsp;<\/p>\n<p><img fetchpriority=\"high\" decoding=\"async\" class=\"decoded size-full wp-image-22939\" src=\"https:\/\/img.bagnoitalia.com\/wp-content\/uploads\/virtuemart\/product\/energy-water-saving.jpg\" alt=\"http:\/\/www.bagnoitalia.it\/https:\/\/img.bagnoitalia.com\/wp-content\/uploads\/virtuemart\/product\/energy-water-saving.jpg\" width=\"476\" height=\"332\" srcset=\"https:\/\/img.bagnoitalia.com\/wp-content\/uploads\/virtuemart\/product\/energy-water-saving.jpg 476w, https:\/\/img.bagnoitalia.com\/wp-content\/uploads\/virtuemart\/product\/energy-water-saving-441x308.jpg 441w, https:\/\/img.bagnoitalia.com\/wp-content\/uploads\/virtuemart\/product\/energy-water-saving-150x105.jpg 150w\" sizes=\"(max-width: 476px) 100vw, 476px\" \/><\/p>\n","protected":false},"excerpt":{"rendered":"<p>Paffoni Mischer, f\u00fcr Waschbecken, Bidets und Badewannen, energie- und wassersparend. 5 Jahre GARANTIE. Angebot g\u00fcltig bis zum Ende des Monats.<\/p>\n","protected":false},"featured_media":22915,"comment_status":"open","ping_status":"closed","template":"","meta":[],"product_brand":[9901],"product_cat":[10040,10046,9962,10052],"product_tag":[],"class_list":{"0":"post-78887","1":"product","2":"type-product","3":"status-publish","4":"has-post-thumbnail","6":"product_brand-baritermo-de","7":"product_cat-bidetarmaturen","8":"product_cat-duscharmaturen","9":"product_cat-showroom-de","10":"product_cat-waschtisch-armaturen","12":"first","13":"instock","14":"sale","15":"taxable","16":"shipping-taxable","17":"purchasable","18":"product-type-simple"},"exclude_global_add_ons":false,"addons":[{"name":"Mischer","type":"multiple_choice","position":0,"required":true,"title_format":"heading","default":"","description_enable":false,"description":"","placeholder_enable":false,"placeholder":"","display":"select","restrictions_type":"any_text","adjust_price":false,"price":"","price_type":"flat_fee","restrictions":false,"min":"0","max":"0","options":[{"label":"f\u00fcr Waschbecken","price":"","price_type":"quantity_based","image":0,"visibility":true},{"label":"f\u00fcr Bidet","price":"","price_type":"flat_fee","image":0,"visibility":true},{"label":"f\u00fcr Waschbecken und Bidet","price":"64","price_type":"flat_fee","image":0,"visibility":true},{"label":"f\u00fcr Waschbecken + Bidet + Dusche","price":"100","price_type":"flat_fee","image":0,"visibility":true},{"label":"f\u00fcr Waschbecken + Dusche mit Umsteller","price":"79","price_type":"flat_fee","image":0,"visibility":true},{"label":"f\u00fcr Waschtisch + Bidet + Dusche mit Umsteller","price":"145","price_type":"flat_fee","image":0,"visibility":true}],"id":1716480000}],"yoast_head":"<!-- This site is optimized with the Yoast SEO plugin v26.7 - https:\/\/yoast.com\/wordpress\/plugins\/seo\/ -->\n<title>Mischbatterie f\u00fcr Waschtisch und Bidet<\/title>\n<meta name=\"description\" content=\"Paffoni-Mischbatterie aus verchromtem Messing, ideal f\u00fcr Waschbecken und Bidet. Mit Energy% Water Saving-Funktion zur Energieeinsparung. Jetzt kaufen\" \/>\n<meta name=\"robots\" content=\"index, follow, max-snippet:-1, max-image-preview:large, max-video-preview:-1\" \/>\n<link rel=\"canonical\" href=\"https:\/\/www.bagnoitalia.com\/de\/produkt\/paffoni-mixer-fur-bidet-und-duschwanne-mit-energy-amp-water-saving-system-energieeinsparung.html\" \/>\n<meta property=\"og:locale\" content=\"de_DE\" \/>\n<meta property=\"og:type\" content=\"article\" \/>\n<meta property=\"og:title\" content=\"Mischbatterie f\u00fcr Waschtisch und Bidet\" \/>\n<meta property=\"og:description\" content=\"Paffoni-Mischbatterie aus verchromtem Messing, ideal f\u00fcr Waschbecken und Bidet. Mit Energy% Water Saving-Funktion zur Energieeinsparung. Jetzt kaufen\" \/>\n<meta property=\"og:url\" content=\"https:\/\/www.bagnoitalia.com\/de\/produkt\/paffoni-mixer-fur-bidet-und-duschwanne-mit-energy-amp-water-saving-system-energieeinsparung.html\" \/>\n<meta property=\"og:site_name\" content=\"Bagno Italia\" \/>\n<meta property=\"article:modified_time\" content=\"2025-04-02T08:02:25+00:00\" \/>\n<meta property=\"og:image\" content=\"https:\/\/img.bagnoitalia.com\/wp-content\/uploads\/virtuemart\/product\/Paffoni-mixer-Energy-Water-Saving-System-1_1542728992_615.jpg\" \/>\n\t<meta property=\"og:image:width\" content=\"800\" \/>\n\t<meta property=\"og:image:height\" content=\"800\" \/>\n\t<meta property=\"og:image:type\" content=\"image\/jpeg\" \/>\n<meta name=\"twitter:card\" content=\"summary_large_image\" \/>\n<meta name=\"twitter:label1\" content=\"Gesch\u00e4tzte Lesezeit\" \/>\n\t<meta name=\"twitter:data1\" content=\"1\u00a0Minute\" \/>\n<script type=\"application\/ld+json\" class=\"yoast-schema-graph\">{\"@context\":\"https:\/\/schema.org\",\"@graph\":[{\"@type\":\"WebPage\",\"@id\":\"https:\/\/www.bagnoitalia.com\/de\/produkt\/paffoni-mixer-fur-bidet-und-duschwanne-mit-energy-amp-water-saving-system-energieeinsparung.html\",\"url\":\"https:\/\/www.bagnoitalia.com\/de\/produkt\/paffoni-mixer-fur-bidet-und-duschwanne-mit-energy-amp-water-saving-system-energieeinsparung.html\",\"name\":\"Mischbatterie f\u00fcr Waschtisch und Bidet\",\"isPartOf\":{\"@id\":\"https:\/\/www.bagnoitalia.com\/de#website\"},\"primaryImageOfPage\":{\"@id\":\"https:\/\/www.bagnoitalia.com\/de\/produkt\/paffoni-mixer-fur-bidet-und-duschwanne-mit-energy-amp-water-saving-system-energieeinsparung.html#primaryimage\"},\"image\":{\"@id\":\"https:\/\/www.bagnoitalia.com\/de\/produkt\/paffoni-mixer-fur-bidet-und-duschwanne-mit-energy-amp-water-saving-system-energieeinsparung.html#primaryimage\"},\"thumbnailUrl\":\"https:\/\/img.bagnoitalia.com\/wp-content\/uploads\/virtuemart\/product\/Paffoni-mixer-Energy-Water-Saving-System-1_1542728992_615.jpg\",\"datePublished\":\"2014-04-21T18:12:34+00:00\",\"dateModified\":\"2025-04-02T08:02:25+00:00\",\"description\":\"Paffoni-Mischbatterie aus verchromtem Messing, ideal f\u00fcr Waschbecken und Bidet. Mit Energy% Water Saving-Funktion zur Energieeinsparung. Jetzt kaufen\",\"breadcrumb\":{\"@id\":\"https:\/\/www.bagnoitalia.com\/de\/produkt\/paffoni-mixer-fur-bidet-und-duschwanne-mit-energy-amp-water-saving-system-energieeinsparung.html#breadcrumb\"},\"inLanguage\":\"de\",\"potentialAction\":[{\"@type\":\"ReadAction\",\"target\":[\"https:\/\/www.bagnoitalia.com\/de\/produkt\/paffoni-mixer-fur-bidet-und-duschwanne-mit-energy-amp-water-saving-system-energieeinsparung.html\"]}]},{\"@type\":\"ImageObject\",\"inLanguage\":\"de\",\"@id\":\"https:\/\/www.bagnoitalia.com\/de\/produkt\/paffoni-mixer-fur-bidet-und-duschwanne-mit-energy-amp-water-saving-system-energieeinsparung.html#primaryimage\",\"url\":\"https:\/\/img.bagnoitalia.com\/wp-content\/uploads\/virtuemart\/product\/Paffoni-mixer-Energy-Water-Saving-System-1_1542728992_615.jpg\",\"contentUrl\":\"https:\/\/img.bagnoitalia.com\/wp-content\/uploads\/virtuemart\/product\/Paffoni-mixer-Energy-Water-Saving-System-1_1542728992_615.jpg\",\"width\":800,\"height\":800},{\"@type\":\"BreadcrumbList\",\"@id\":\"https:\/\/www.bagnoitalia.com\/de\/produkt\/paffoni-mixer-fur-bidet-und-duschwanne-mit-energy-amp-water-saving-system-energieeinsparung.html#breadcrumb\",\"itemListElement\":[{\"@type\":\"ListItem\",\"position\":1,\"name\":\"Home\",\"item\":\"https:\/\/www.bagnoitalia.com\/de\"},{\"@type\":\"ListItem\",\"position\":2,\"name\":\"Produkte\",\"item\":\"https:\/\/www.bagnoitalia.com\/de\/shop\"},{\"@type\":\"ListItem\",\"position\":3,\"name\":\"Paffoni Mischer, f\u00fcr Waschbecken, Bidets und Badewannen, energie- und wassersparend RUB021\"}]},{\"@type\":\"WebSite\",\"@id\":\"https:\/\/www.bagnoitalia.com\/de#website\",\"url\":\"https:\/\/www.bagnoitalia.com\/de\",\"name\":\"Bagno Italia\",\"description\":\"\",\"publisher\":{\"@id\":\"https:\/\/www.bagnoitalia.com\/de#organization\"},\"potentialAction\":[{\"@type\":\"SearchAction\",\"target\":{\"@type\":\"EntryPoint\",\"urlTemplate\":\"https:\/\/www.bagnoitalia.com\/de?s={search_term_string}\"},\"query-input\":{\"@type\":\"PropertyValueSpecification\",\"valueRequired\":true,\"valueName\":\"search_term_string\"}}],\"inLanguage\":\"de\"},{\"@type\":\"Organization\",\"@id\":\"https:\/\/www.bagnoitalia.com\/de#organization\",\"name\":\"Bagno Italia\",\"url\":\"https:\/\/www.bagnoitalia.com\/de\",\"logo\":{\"@type\":\"ImageObject\",\"inLanguage\":\"de\",\"@id\":\"https:\/\/www.bagnoitalia.com\/de#\/schema\/logo\/image\/\",\"url\":\"https:\/\/img.bagnoitalia.com\/wp-content\/uploads\/logo-bagnoitalia.webp\",\"contentUrl\":\"https:\/\/img.bagnoitalia.com\/wp-content\/uploads\/logo-bagnoitalia.webp\",\"width\":400,\"height\":70,\"caption\":\"Bagno Italia\"},\"image\":{\"@id\":\"https:\/\/www.bagnoitalia.com\/de#\/schema\/logo\/image\/\"}}]}<\/script>\n<!-- \/ Yoast SEO plugin. -->","yoast_head_json":{"title":"Mischbatterie f\u00fcr Waschtisch und Bidet","description":"Paffoni-Mischbatterie aus verchromtem Messing, ideal f\u00fcr Waschbecken und Bidet. Mit Energy% Water Saving-Funktion zur Energieeinsparung. Jetzt kaufen","robots":{"index":"index","follow":"follow","max-snippet":"max-snippet:-1","max-image-preview":"max-image-preview:large","max-video-preview":"max-video-preview:-1"},"canonical":"https:\/\/www.bagnoitalia.com\/de\/produkt\/paffoni-mixer-fur-bidet-und-duschwanne-mit-energy-amp-water-saving-system-energieeinsparung.html","og_locale":"de_DE","og_type":"article","og_title":"Mischbatterie f\u00fcr Waschtisch und Bidet","og_description":"Paffoni-Mischbatterie aus verchromtem Messing, ideal f\u00fcr Waschbecken und Bidet. Mit Energy% Water Saving-Funktion zur Energieeinsparung. Jetzt kaufen","og_url":"https:\/\/www.bagnoitalia.com\/de\/produkt\/paffoni-mixer-fur-bidet-und-duschwanne-mit-energy-amp-water-saving-system-energieeinsparung.html","og_site_name":"Bagno Italia","article_modified_time":"2025-04-02T08:02:25+00:00","og_image":[{"width":800,"height":800,"url":"https:\/\/img.bagnoitalia.com\/wp-content\/uploads\/virtuemart\/product\/Paffoni-mixer-Energy-Water-Saving-System-1_1542728992_615.jpg","type":"image\/jpeg"}],"twitter_card":"summary_large_image","twitter_misc":{"Gesch\u00e4tzte Lesezeit":"1\u00a0Minute"},"schema":{"@context":"https:\/\/schema.org","@graph":[{"@type":"WebPage","@id":"https:\/\/www.bagnoitalia.com\/de\/produkt\/paffoni-mixer-fur-bidet-und-duschwanne-mit-energy-amp-water-saving-system-energieeinsparung.html","url":"https:\/\/www.bagnoitalia.com\/de\/produkt\/paffoni-mixer-fur-bidet-und-duschwanne-mit-energy-amp-water-saving-system-energieeinsparung.html","name":"Mischbatterie f\u00fcr Waschtisch und Bidet","isPartOf":{"@id":"https:\/\/www.bagnoitalia.com\/de#website"},"primaryImageOfPage":{"@id":"https:\/\/www.bagnoitalia.com\/de\/produkt\/paffoni-mixer-fur-bidet-und-duschwanne-mit-energy-amp-water-saving-system-energieeinsparung.html#primaryimage"},"image":{"@id":"https:\/\/www.bagnoitalia.com\/de\/produkt\/paffoni-mixer-fur-bidet-und-duschwanne-mit-energy-amp-water-saving-system-energieeinsparung.html#primaryimage"},"thumbnailUrl":"https:\/\/img.bagnoitalia.com\/wp-content\/uploads\/virtuemart\/product\/Paffoni-mixer-Energy-Water-Saving-System-1_1542728992_615.jpg","datePublished":"2014-04-21T18:12:34+00:00","dateModified":"2025-04-02T08:02:25+00:00","description":"Paffoni-Mischbatterie aus verchromtem Messing, ideal f\u00fcr Waschbecken und Bidet. Mit Energy% Water Saving-Funktion zur Energieeinsparung. Jetzt kaufen","breadcrumb":{"@id":"https:\/\/www.bagnoitalia.com\/de\/produkt\/paffoni-mixer-fur-bidet-und-duschwanne-mit-energy-amp-water-saving-system-energieeinsparung.html#breadcrumb"},"inLanguage":"de","potentialAction":[{"@type":"ReadAction","target":["https:\/\/www.bagnoitalia.com\/de\/produkt\/paffoni-mixer-fur-bidet-und-duschwanne-mit-energy-amp-water-saving-system-energieeinsparung.html"]}]},{"@type":"ImageObject","inLanguage":"de","@id":"https:\/\/www.bagnoitalia.com\/de\/produkt\/paffoni-mixer-fur-bidet-und-duschwanne-mit-energy-amp-water-saving-system-energieeinsparung.html#primaryimage","url":"https:\/\/img.bagnoitalia.com\/wp-content\/uploads\/virtuemart\/product\/Paffoni-mixer-Energy-Water-Saving-System-1_1542728992_615.jpg","contentUrl":"https:\/\/img.bagnoitalia.com\/wp-content\/uploads\/virtuemart\/product\/Paffoni-mixer-Energy-Water-Saving-System-1_1542728992_615.jpg","width":800,"height":800},{"@type":"BreadcrumbList","@id":"https:\/\/www.bagnoitalia.com\/de\/produkt\/paffoni-mixer-fur-bidet-und-duschwanne-mit-energy-amp-water-saving-system-energieeinsparung.html#breadcrumb","itemListElement":[{"@type":"ListItem","position":1,"name":"Home","item":"https:\/\/www.bagnoitalia.com\/de"},{"@type":"ListItem","position":2,"name":"Produkte","item":"https:\/\/www.bagnoitalia.com\/de\/shop"},{"@type":"ListItem","position":3,"name":"Paffoni Mischer, f\u00fcr Waschbecken, Bidets und Badewannen, energie- und wassersparend RUB021"}]},{"@type":"WebSite","@id":"https:\/\/www.bagnoitalia.com\/de#website","url":"https:\/\/www.bagnoitalia.com\/de","name":"Bagno Italia","description":"","publisher":{"@id":"https:\/\/www.bagnoitalia.com\/de#organization"},"potentialAction":[{"@type":"SearchAction","target":{"@type":"EntryPoint","urlTemplate":"https:\/\/www.bagnoitalia.com\/de?s={search_term_string}"},"query-input":{"@type":"PropertyValueSpecification","valueRequired":true,"valueName":"search_term_string"}}],"inLanguage":"de"},{"@type":"Organization","@id":"https:\/\/www.bagnoitalia.com\/de#organization","name":"Bagno Italia","url":"https:\/\/www.bagnoitalia.com\/de","logo":{"@type":"ImageObject","inLanguage":"de","@id":"https:\/\/www.bagnoitalia.com\/de#\/schema\/logo\/image\/","url":"https:\/\/img.bagnoitalia.com\/wp-content\/uploads\/logo-bagnoitalia.webp","contentUrl":"https:\/\/img.bagnoitalia.com\/wp-content\/uploads\/logo-bagnoitalia.webp","width":400,"height":70,"caption":"Bagno Italia"},"image":{"@id":"https:\/\/www.bagnoitalia.com\/de#\/schema\/logo\/image\/"}}]}},"_links":{"self":[{"href":"https:\/\/www.bagnoitalia.com\/de\/wp-json\/wp\/v2\/product\/78887","targetHints":{"allow":["GET"]}}],"collection":[{"href":"https:\/\/www.bagnoitalia.com\/de\/wp-json\/wp\/v2\/product"}],"about":[{"href":"https:\/\/www.bagnoitalia.com\/de\/wp-json\/wp\/v2\/types\/product"}],"replies":[{"embeddable":true,"href":"https:\/\/www.bagnoitalia.com\/de\/wp-json\/wp\/v2\/comments?post=78887"}],"version-history":[{"count":2,"href":"https:\/\/www.bagnoitalia.com\/de\/wp-json\/wp\/v2\/product\/78887\/revisions"}],"predecessor-version":[{"id":92310,"href":"https:\/\/www.bagnoitalia.com\/de\/wp-json\/wp\/v2\/product\/78887\/revisions\/92310"}],"wp:featuredmedia":[{"embeddable":true,"href":"https:\/\/www.bagnoitalia.com\/de\/wp-json\/wp\/v2\/media\/22915"}],"wp:attachment":[{"href":"https:\/\/www.bagnoitalia.com\/de\/wp-json\/wp\/v2\/media?parent=78887"}],"wp:term":[{"taxonomy":"product_brand","embeddable":true,"href":"https:\/\/www.bagnoitalia.com\/de\/wp-json\/wp\/v2\/product_brand?post=78887"},{"taxonomy":"product_cat","embeddable":true,"href":"https:\/\/www.bagnoitalia.com\/de\/wp-json\/wp\/v2\/product_cat?post=78887"},{"taxonomy":"product_tag","embeddable":true,"href":"https:\/\/www.bagnoitalia.com\/de\/wp-json\/wp\/v2\/product_tag?post=78887"}],"curies":[{"name":"wp","href":"https:\/\/api.w.org\/{rel}","templated":true}]}}