{"id":78871,"date":"2014-04-13T18:34:45","date_gmt":"2014-04-13T16:34:45","guid":{"rendered":"https:\/\/www.bagnoitalia.com\/product\/magic3-badezimmerschrank-80-80-100-110-120-130-140-150-160-cm-dezentral-mit-2-oder-4-schubladen-30-farben"},"modified":"2025-06-13T19:37:30","modified_gmt":"2025-06-13T17:37:30","slug":"magic3-badezimmerschrank-80-80-100-110-120-130-140-150-160-cm-dezentral-mit-2-oder-4-schubladen-30-farben","status":"publish","type":"product","link":"https:\/\/www.bagnoitalia.com\/de\/produkt\/magic3-badezimmerschrank-80-80-100-110-120-130-140-150-160-cm-dezentral-mit-2-oder-4-schubladen-30-farben.html","title":{"rendered":"Magic3 Badschrank, in 80, 90, 100, 110, 120, 130, 140, 150 oder 160cm, dezentralisiert, mit 2 oder 4 Schubladen, in 30 Farben erh\u00e4ltlich"},"content":{"rendered":"<p style=\"text-align: left;\"><strong><big><img fetchpriority=\"high\" decoding=\"async\" class=\" size-full wp-image-8414\" src=\"https:\/\/img.bagnoitalia.com\/wp-content\/uploads\/1a.png\" alt=\"halt\" width=\"676\" height=\"165\" srcset=\"https:\/\/img.bagnoitalia.com\/wp-content\/uploads\/1a.png 676w, https:\/\/img.bagnoitalia.com\/wp-content\/uploads\/1a-441x108.png 441w, https:\/\/img.bagnoitalia.com\/wp-content\/uploads\/1a-600x146.png 600w, https:\/\/img.bagnoitalia.com\/wp-content\/uploads\/1a-150x37.png 150w\" sizes=\"(max-width: 676px) 100vw, 676px\" \/><\/big><\/strong><\/p>\n<p style=\"text-align: left;\">\n<p style=\"text-align: left;\"><strong>Der Preis beinhaltet:<\/strong><\/p>\n<p style=\"text-align: left;\">1 Waschbeckenunterschrank mit 1 Schublade: 78x30x40cm (bei 2 Schubladen ist die M\u00f6belh\u00f6he 50cm)<\/p>\n<p style=\"text-align: left;\">1 Schubladenschrank mit 1 Schublade: 78x30x40cm (bei 2 Schubladen ist die H\u00f6he des M\u00f6belst\u00fccks 50cm)<\/p>\n<p style=\"text-align: left;\">\n<p style=\"text-align: left;\"><span style=\"color: #000000;\">Im Men\u00fc auf der rechten Seite k\u00f6nnen Sie ein 80x40cm Keramikwaschbecken oder eine farbige Glasplatte ausw\u00e4hlen. Geben Sie dabei die gew\u00fcnschte Farbe im Men\u00fc an.<\/span><br \/>\n____________________________________________________________________________<\/p>\n<p>Der Schubladenschrank kann neben dem Waschbecken oder versetzt davon angebracht werden. Die Schrankl\u00e4nge variiert zwischen 110 und 160cm, je nach Neigung der Schublade.<\/p>\n<p><strong>Materialien<\/strong><\/p>\n<p>Waschbeckenunterschrank: Struktur aus lackiertem MDF<\/p>\n<p>Schubladenschienen: aus Metall, soft-close-System<\/p>\n<p>Griffe: Chrom<\/p>\n<p style=\"text-align: left;\">\n<p style=\"text-align: left;\">Im Men\u00fc kann die 34x27x163cm Schranks\u00e4ule hinzugef\u00fcgt werden<\/p>\n<p style=\"text-align: left;\">\n<p style=\"text-align: left;\">______________________________________________________<\/p>\n<p><strong>Sie k\u00f6nnen zwischen drei Arten von Griffen ausw\u00e4hlen:<br \/>\n<\/strong><\/p>\n<p><strong>Strassgriff:<\/strong><\/p>\n<p><strong><img decoding=\"async\" class=\" size-full wp-image-10894\" src=\"https:\/\/img.bagnoitalia.com\/wp-content\/uploads\/maniglia-strass1.jpg\" alt=\"\" width=\"402\" height=\"242\" srcset=\"https:\/\/img.bagnoitalia.com\/wp-content\/uploads\/maniglia-strass1.jpg 260w, https:\/\/img.bagnoitalia.com\/wp-content\/uploads\/maniglia-strass1-150x91.jpg 150w\" sizes=\"(max-width: 402px) 100vw, 402px\" \/><\/strong><\/p>\n<p>&nbsp;<\/p>\n<p>_______________________________________________________<\/p>\n<p>&nbsp;<\/p>\n<p><strong>Liniengriff:<\/strong><\/p>\n<p><img decoding=\"async\" class=\" size-full wp-image-10898\" src=\"https:\/\/img.bagnoitalia.com\/wp-content\/uploads\/bh_7099-nero-venato.jpg\" alt=\"\" width=\"409\" height=\"359\" srcset=\"https:\/\/img.bagnoitalia.com\/wp-content\/uploads\/bh_7099-nero-venato.jpg 320w, https:\/\/img.bagnoitalia.com\/wp-content\/uploads\/bh_7099-nero-venato-150x132.jpg 150w\" sizes=\"(max-width: 409px) 100vw, 409px\" \/><\/p>\n<p>&nbsp;<\/p>\n<p>&nbsp;<\/p>\n<p>____________________________________________________<\/p>\n<p>&nbsp;<\/p>\n<p><strong>Kunstgriff:<\/strong><\/p>\n<p><img loading=\"lazy\" decoding=\"async\" class=\" size-full wp-image-10902\" src=\"https:\/\/img.bagnoitalia.com\/wp-content\/uploads\/maniglia-artechic.jpg\" alt=\"\" width=\"300\" height=\"303\" srcset=\"https:\/\/img.bagnoitalia.com\/wp-content\/uploads\/maniglia-artechic.jpg 169w, https:\/\/img.bagnoitalia.com\/wp-content\/uploads\/maniglia-artechic-100x100.jpg 100w, https:\/\/img.bagnoitalia.com\/wp-content\/uploads\/maniglia-artechic-150x152.jpg 150w\" sizes=\"(max-width: 300px) 100vw, 300px\" \/><\/p>\n<p>&nbsp;<\/p>\n<p>&nbsp;<\/p>\n<p>_________________________________________________<\/p>\n<p>&nbsp;<\/p>\n<p>Wenn Sie einen Spiegel ausw\u00e4hlen, wird folgende Wandleuchte mitgeliefert:<\/p>\n<p>&nbsp;<\/p>\n<p>&nbsp;<\/p>\n<p><img loading=\"lazy\" decoding=\"async\" class=\"decoded size-full wp-image-22323\" src=\"https:\/\/img.bagnoitalia.com\/wp-content\/uploads\/virtuemart\/product\/applique4.jpg\" alt=\"http:\/\/www.bagnoitalia.it\/https:\/\/img.bagnoitalia.com\/wp-content\/uploads\/virtuemart\/product\/applique4.jpg\" width=\"256\" height=\"216\" srcset=\"https:\/\/img.bagnoitalia.com\/wp-content\/uploads\/virtuemart\/product\/applique4.jpg 320w, https:\/\/img.bagnoitalia.com\/wp-content\/uploads\/virtuemart\/product\/applique4-150x127.jpg 150w\" sizes=\"(max-width: 256px) 100vw, 256px\" \/><\/p>\n<p>&nbsp;<\/p>\n<p><img loading=\"lazy\" decoding=\"async\" class=\"product-image size-full wp-image-10814\" style=\"display: block;\" src=\"https:\/\/img.bagnoitalia.com\/wp-content\/uploads\/virtuemart\/product\/cartellacolori887.jpg\" alt=\"Badm\u00f6bel Argus 90cm in 20 Farben auch wei\u00df\" width=\"937\" height=\"807\" srcset=\"https:\/\/img.bagnoitalia.com\/wp-content\/uploads\/virtuemart\/product\/cartellacolori887.jpg 937w, https:\/\/img.bagnoitalia.com\/wp-content\/uploads\/virtuemart\/product\/cartellacolori887-768x661.jpg 768w, https:\/\/img.bagnoitalia.com\/wp-content\/uploads\/virtuemart\/product\/cartellacolori887-441x380.jpg 441w, https:\/\/img.bagnoitalia.com\/wp-content\/uploads\/virtuemart\/product\/cartellacolori887-600x517.jpg 600w, https:\/\/img.bagnoitalia.com\/wp-content\/uploads\/virtuemart\/product\/cartellacolori887-150x129.jpg 150w\" sizes=\"(max-width: 937px) 100vw, 937px\" \/><\/p>\n<p style=\"text-align: left;\"><span style=\"text-decoration: underline; font-size: 12pt; background-color: #ffffff;\"><strong><span style=\"color: #ff0000; text-decoration: underline;\">ACHTUNG:<\/span><\/strong><\/span><\/p>\n<p style=\"text-align: left;\"><strong><span style=\"color: #ff0000;\">SCHRANK IN MEHR ALS 20 FARBEN ERH\u00c4LTLICH, MATT ODER GL\u00c4NZEND<\/span><\/strong><\/p>\n<p style=\"text-align: left;\"><strong><span style=\"color: #ff0000;\"><span style=\"text-decoration: underline;\"><span style=\"color: #ff00ff;\">(Der Schrank ist auch in RAL-Farben erh\u00e4ltlich, in diesem Fall m\u00fcssen Sie einen Aufpreis von 60 Euro zahlen.)<\/span><\/span><\/span><\/strong><\/p>\n<p><strong><span style=\"color: #ff0000;\"><br \/>\n<strong><span style=\"font-size: 14pt;\"><a href=\"http:\/\/www.themeter.net\/ral.htm\" target=\"_blank\" rel=\"noopener noreferrer\">RAL-FARBTABELLE<\/a><\/span><\/strong><\/span><\/strong> <span style=\"font-size: 12pt;\">&lt;== Klicken Sie hier, um alle RAL-Farben anzuzeigen<\/span> <strong><span style=\"color: #ff0000;\"><br \/>\n<\/span><\/strong><\/p>\n","protected":false},"excerpt":{"rendered":"<p>Der dezentralisierte Magic3 Badschrank ist in verschiedenen Gr\u00f6\u00dfen und in 30 gl\u00e4nzenden oder matten Farben erh\u00e4ltlich. Es hat einen integrierten oder aufsetzbaren Waschbecken. Der Schrank ist auch in wei\u00df lieferbar, mit 2 oder 4 Schubladen.<\/p>\n","protected":false},"featured_media":22730,"comment_status":"open","ping_status":"closed","template":"","meta":[],"product_brand":[5010],"product_cat":[10116],"product_tag":[],"class_list":{"0":"post-78871","1":"product","2":"type-product","3":"status-publish","4":"has-post-thumbnail","6":"product_brand-baden-bauen","7":"product_cat-senza-categoria-de","9":"first","10":"outofstock","11":"taxable","12":"shipping-taxable","13":"purchasable","14":"product-type-simple"},"exclude_global_add_ons":false,"addons":[{"name":"Spiegel","type":"multiple_choice","position":0,"required":true,"title_format":"heading","default":"","description_enable":false,"description":"","placeholder_enable":false,"placeholder":"","display":"select","restrictions_type":"any_text","adjust_price":false,"price":"","price_type":"flat_fee","restrictions":false,"min":"0","max":"0","options":[{"label":"nein","price":"","price_type":"quantity_based","image":0,"visibility":true},{"label":"80x60 Spiegel mit Wandleuchte","price":"60","price_type":"quantity_based","image":0,"visibility":true}],"id":1718377399},{"name":"Farbe des Schranks","type":"multiple_choice","position":1,"required":true,"title_format":"heading","default":"","description_enable":false,"description":"","placeholder_enable":false,"placeholder":"","display":"select","restrictions_type":"any_text","adjust_price":false,"price":"","price_type":"flat_fee","restrictions":false,"min":"0","max":"0","options":[{"label":"Wei\u00df","price":"","price_type":"quantity_based","image":0,"visibility":true},{"label":"gr\u00fcn","price":"24","price_type":"quantity_based","image":0,"visibility":true},{"label":"Gr\u00fcnes Wasser","price":"24","price_type":"quantity_based","image":0,"visibility":true},{"label":"Pastellgr\u00fcn","price":"24","price_type":"quantity_based","image":0,"visibility":true},{"label":"S\u00e4uregr\u00fcn","price":"24","price_type":"quantity_based","image":0,"visibility":true},{"label":"hellblau","price":"24","price_type":"quantity_based","image":0,"visibility":true},{"label":"Blauer Himmel","price":"24","price_type":"quantity_based","image":0,"visibility":true},{"label":"Blau","price":"24","price_type":"quantity_based","image":0,"visibility":true},{"label":"Elfenbein","price":"24","price_type":"quantity_based","image":0,"visibility":true},{"label":"Silber","price":"24","price_type":"quantity_based","image":0,"visibility":true},{"label":"signalrot","price":"24","price_type":"quantity_based","image":0,"visibility":true},{"label":"weinrot","price":"24","price_type":"quantity_based","image":0,"visibility":true},{"label":"gelb","price":"24","price_type":"quantity_based","image":0,"visibility":true},{"label":"Orange","price":"24","price_type":"quantity_based","image":0,"visibility":true},{"label":"lilafarben","price":"24","price_type":"quantity_based","image":0,"visibility":true},{"label":"Anthrazit","price":"24","price_type":"quantity_based","image":0,"visibility":true},{"label":"Gold","price":"24","price_type":"quantity_based","image":0,"visibility":true},{"label":"Rosa","price":"24","price_type":"quantity_based","image":0,"visibility":true},{"label":"Silber","price":"24","price_type":"quantity_based","image":0,"visibility":true},{"label":"kobalt","price":"24","price_type":"quantity_based","image":0,"visibility":true},{"label":"Glyzinie","price":"24","price_type":"quantity_based","image":0,"visibility":true},{"label":"Schwarz","price":"24","price_type":"quantity_based","image":0,"visibility":true},{"label":"Ral Farbe","price":"60","price_type":"quantity_based","image":0,"visibility":true}],"id":1718377400},{"name":"Farbe","type":"multiple_choice","position":2,"required":true,"title_format":"heading","default":"","description_enable":false,"description":"","placeholder_enable":false,"placeholder":"","display":"select","restrictions_type":"any_text","adjust_price":false,"price":"","price_type":"flat_fee","restrictions":false,"min":"0","max":"0","options":[{"label":"Gl\u00e4nzend","price":"","price_type":"quantity_based","image":0,"visibility":true},{"label":"Undurchsichtig","price":"","price_type":"quantity_based","image":0,"visibility":true}],"id":1718377401},{"name":"S\u00e4ule","type":"multiple_choice","position":3,"required":true,"title_format":"heading","default":"","description_enable":false,"description":"","placeholder_enable":false,"placeholder":"","display":"select","restrictions_type":"any_text","adjust_price":false,"price":"","price_type":"flat_fee","restrictions":false,"min":"0","max":"0","options":[{"label":"NEIN","price":"","price_type":"quantity_based","image":0,"visibility":true},{"label":"34 H163 D27 linksseitig \u00f6ffnend","price":"229","price_type":"quantity_based","image":0,"visibility":true},{"label":"34 H163 D27 rechts \u00f6ffnend","price":"229","price_type":"quantity_based","image":0,"visibility":true}],"id":1718377402},{"name":"Kabinett","type":"multiple_choice","position":4,"required":true,"title_format":"heading","default":"","description_enable":false,"description":"","placeholder_enable":false,"placeholder":"","display":"select","restrictions_type":"any_text","adjust_price":false,"price":"","price_type":"flat_fee","restrictions":false,"min":"0","max":"0","options":[{"label":"Schrank mit 1 Schublade","price":"","price_type":"quantity_based","image":0,"visibility":true},{"label":"Schrank mit 2 Schubladen","price":"72","price_type":"quantity_based","image":0,"visibility":true}],"id":1718377403},{"name":"Typ","type":"multiple_choice","position":5,"required":true,"title_format":"heading","default":"","description_enable":false,"description":"","placeholder_enable":false,"placeholder":"","display":"select","restrictions_type":"any_text","adjust_price":false,"price":"","price_type":"flat_fee","restrictions":false,"min":"0","max":"0","options":[{"label":"Strassgriff","price":"","price_type":"quantity_based","image":0,"visibility":true},{"label":"Liniengriff","price":"","price_type":"quantity_based","image":0,"visibility":true},{"label":"schicker Kunstgriff","price":"","price_type":"quantity_based","image":0,"visibility":true}],"id":1718377404},{"name":"Schublade","type":"multiple_choice","position":6,"required":true,"title_format":"heading","default":"","description_enable":false,"description":"","placeholder_enable":false,"placeholder":"","display":"select","restrictions_type":"any_text","adjust_price":false,"price":"","price_type":"flat_fee","restrictions":false,"min":"0","max":"0","options":[{"label":"Side - mit 1 Schublade","price":"","price_type":"quantity_based","image":0,"visibility":true},{"label":"Side - mit 2 Schubladen","price":"72","price_type":"quantity_based","image":0,"visibility":true}],"id":1718377405}],"yoast_head":"<!-- This site is optimized with the Yoast SEO plugin v26.7 - https:\/\/yoast.com\/wordpress\/plugins\/seo\/ -->\n<title>Magic3 badezimmerschrank von 110 120 130 140 150 160 cm dezentral mit schubladen in mehr als 25 farben bb<\/title>\n<meta name=\"description\" content=\"Magic3 badezimmerschrank erh\u00e4ltlich in 110 120 130 140 150 160 cm dezentral mit schubladen in mehr als 25 farben\" \/>\n<meta name=\"robots\" content=\"index, follow, max-snippet:-1, max-image-preview:large, max-video-preview:-1\" \/>\n<link rel=\"canonical\" href=\"https:\/\/www.bagnoitalia.com\/de\/produkt\/magic3-badezimmerschrank-80-80-100-110-120-130-140-150-160-cm-dezentral-mit-2-oder-4-schubladen-30-farben.html\" \/>\n<meta property=\"og:locale\" content=\"de_DE\" \/>\n<meta property=\"og:type\" content=\"article\" \/>\n<meta property=\"og:title\" content=\"Magic3 badezimmerschrank von 110 120 130 140 150 160 cm dezentral mit schubladen in mehr als 25 farben bb\" \/>\n<meta property=\"og:description\" content=\"Magic3 badezimmerschrank erh\u00e4ltlich in 110 120 130 140 150 160 cm dezentral mit schubladen in mehr als 25 farben\" \/>\n<meta property=\"og:url\" content=\"https:\/\/www.bagnoitalia.com\/de\/produkt\/magic3-badezimmerschrank-80-80-100-110-120-130-140-150-160-cm-dezentral-mit-2-oder-4-schubladen-30-farben.html\" \/>\n<meta property=\"og:site_name\" content=\"Bagno Italia\" \/>\n<meta property=\"article:modified_time\" content=\"2025-06-13T17:37:30+00:00\" \/>\n<meta property=\"og:image\" content=\"https:\/\/img.bagnoitalia.com\/wp-content\/uploads\/virtuemart\/product\/Bathroom-vanity-Magic3-1_1542298840_820.jpg\" \/>\n\t<meta property=\"og:image:width\" content=\"620\" \/>\n\t<meta property=\"og:image:height\" content=\"620\" \/>\n\t<meta property=\"og:image:type\" content=\"image\/jpeg\" \/>\n<meta name=\"twitter:card\" content=\"summary_large_image\" \/>\n<meta name=\"twitter:label1\" content=\"Gesch\u00e4tzte Lesezeit\" \/>\n\t<meta name=\"twitter:data1\" content=\"3\u00a0Minuten\" \/>\n<script type=\"application\/ld+json\" class=\"yoast-schema-graph\">{\"@context\":\"https:\/\/schema.org\",\"@graph\":[{\"@type\":\"WebPage\",\"@id\":\"https:\/\/www.bagnoitalia.com\/de\/produkt\/magic3-badezimmerschrank-80-80-100-110-120-130-140-150-160-cm-dezentral-mit-2-oder-4-schubladen-30-farben.html\",\"url\":\"https:\/\/www.bagnoitalia.com\/de\/produkt\/magic3-badezimmerschrank-80-80-100-110-120-130-140-150-160-cm-dezentral-mit-2-oder-4-schubladen-30-farben.html\",\"name\":\"Magic3 badezimmerschrank von 110 120 130 140 150 160 cm dezentral mit schubladen in mehr als 25 farben bb\",\"isPartOf\":{\"@id\":\"https:\/\/www.bagnoitalia.com\/de#website\"},\"primaryImageOfPage\":{\"@id\":\"https:\/\/www.bagnoitalia.com\/de\/produkt\/magic3-badezimmerschrank-80-80-100-110-120-130-140-150-160-cm-dezentral-mit-2-oder-4-schubladen-30-farben.html#primaryimage\"},\"image\":{\"@id\":\"https:\/\/www.bagnoitalia.com\/de\/produkt\/magic3-badezimmerschrank-80-80-100-110-120-130-140-150-160-cm-dezentral-mit-2-oder-4-schubladen-30-farben.html#primaryimage\"},\"thumbnailUrl\":\"https:\/\/img.bagnoitalia.com\/wp-content\/uploads\/virtuemart\/product\/Bathroom-vanity-Magic3-1_1542298840_820.jpg\",\"datePublished\":\"2014-04-13T16:34:45+00:00\",\"dateModified\":\"2025-06-13T17:37:30+00:00\",\"description\":\"Magic3 badezimmerschrank erh\u00e4ltlich in 110 120 130 140 150 160 cm dezentral mit schubladen in mehr als 25 farben\",\"breadcrumb\":{\"@id\":\"https:\/\/www.bagnoitalia.com\/de\/produkt\/magic3-badezimmerschrank-80-80-100-110-120-130-140-150-160-cm-dezentral-mit-2-oder-4-schubladen-30-farben.html#breadcrumb\"},\"inLanguage\":\"de\",\"potentialAction\":[{\"@type\":\"ReadAction\",\"target\":[\"https:\/\/www.bagnoitalia.com\/de\/produkt\/magic3-badezimmerschrank-80-80-100-110-120-130-140-150-160-cm-dezentral-mit-2-oder-4-schubladen-30-farben.html\"]}]},{\"@type\":\"ImageObject\",\"inLanguage\":\"de\",\"@id\":\"https:\/\/www.bagnoitalia.com\/de\/produkt\/magic3-badezimmerschrank-80-80-100-110-120-130-140-150-160-cm-dezentral-mit-2-oder-4-schubladen-30-farben.html#primaryimage\",\"url\":\"https:\/\/img.bagnoitalia.com\/wp-content\/uploads\/virtuemart\/product\/Bathroom-vanity-Magic3-1_1542298840_820.jpg\",\"contentUrl\":\"https:\/\/img.bagnoitalia.com\/wp-content\/uploads\/virtuemart\/product\/Bathroom-vanity-Magic3-1_1542298840_820.jpg\",\"width\":620,\"height\":620},{\"@type\":\"BreadcrumbList\",\"@id\":\"https:\/\/www.bagnoitalia.com\/de\/produkt\/magic3-badezimmerschrank-80-80-100-110-120-130-140-150-160-cm-dezentral-mit-2-oder-4-schubladen-30-farben.html#breadcrumb\",\"itemListElement\":[{\"@type\":\"ListItem\",\"position\":1,\"name\":\"Home\",\"item\":\"https:\/\/www.bagnoitalia.com\/de\"},{\"@type\":\"ListItem\",\"position\":2,\"name\":\"Produkte\",\"item\":\"https:\/\/www.bagnoitalia.com\/de\/shop\"},{\"@type\":\"ListItem\",\"position\":3,\"name\":\"Magic3 Badschrank, in 80, 90, 100, 110, 120, 130, 140, 150 oder 160cm, dezentralisiert, mit 2 oder 4 Schubladen, in 30 Farben erh\u00e4ltlich\"}]},{\"@type\":\"WebSite\",\"@id\":\"https:\/\/www.bagnoitalia.com\/de#website\",\"url\":\"https:\/\/www.bagnoitalia.com\/de\",\"name\":\"Bagno Italia\",\"description\":\"\",\"publisher\":{\"@id\":\"https:\/\/www.bagnoitalia.com\/de#organization\"},\"potentialAction\":[{\"@type\":\"SearchAction\",\"target\":{\"@type\":\"EntryPoint\",\"urlTemplate\":\"https:\/\/www.bagnoitalia.com\/de?s={search_term_string}\"},\"query-input\":{\"@type\":\"PropertyValueSpecification\",\"valueRequired\":true,\"valueName\":\"search_term_string\"}}],\"inLanguage\":\"de\"},{\"@type\":\"Organization\",\"@id\":\"https:\/\/www.bagnoitalia.com\/de#organization\",\"name\":\"Bagno Italia\",\"url\":\"https:\/\/www.bagnoitalia.com\/de\",\"logo\":{\"@type\":\"ImageObject\",\"inLanguage\":\"de\",\"@id\":\"https:\/\/www.bagnoitalia.com\/de#\/schema\/logo\/image\/\",\"url\":\"https:\/\/img.bagnoitalia.com\/wp-content\/uploads\/logo-bagnoitalia.webp\",\"contentUrl\":\"https:\/\/img.bagnoitalia.com\/wp-content\/uploads\/logo-bagnoitalia.webp\",\"width\":400,\"height\":70,\"caption\":\"Bagno Italia\"},\"image\":{\"@id\":\"https:\/\/www.bagnoitalia.com\/de#\/schema\/logo\/image\/\"}}]}<\/script>\n<!-- \/ Yoast SEO plugin. -->","yoast_head_json":{"title":"Magic3 badezimmerschrank von 110 120 130 140 150 160 cm dezentral mit schubladen in mehr als 25 farben bb","description":"Magic3 badezimmerschrank erh\u00e4ltlich in 110 120 130 140 150 160 cm dezentral mit schubladen in mehr als 25 farben","robots":{"index":"index","follow":"follow","max-snippet":"max-snippet:-1","max-image-preview":"max-image-preview:large","max-video-preview":"max-video-preview:-1"},"canonical":"https:\/\/www.bagnoitalia.com\/de\/produkt\/magic3-badezimmerschrank-80-80-100-110-120-130-140-150-160-cm-dezentral-mit-2-oder-4-schubladen-30-farben.html","og_locale":"de_DE","og_type":"article","og_title":"Magic3 badezimmerschrank von 110 120 130 140 150 160 cm dezentral mit schubladen in mehr als 25 farben bb","og_description":"Magic3 badezimmerschrank erh\u00e4ltlich in 110 120 130 140 150 160 cm dezentral mit schubladen in mehr als 25 farben","og_url":"https:\/\/www.bagnoitalia.com\/de\/produkt\/magic3-badezimmerschrank-80-80-100-110-120-130-140-150-160-cm-dezentral-mit-2-oder-4-schubladen-30-farben.html","og_site_name":"Bagno Italia","article_modified_time":"2025-06-13T17:37:30+00:00","og_image":[{"width":620,"height":620,"url":"https:\/\/img.bagnoitalia.com\/wp-content\/uploads\/virtuemart\/product\/Bathroom-vanity-Magic3-1_1542298840_820.jpg","type":"image\/jpeg"}],"twitter_card":"summary_large_image","twitter_misc":{"Gesch\u00e4tzte Lesezeit":"3\u00a0Minuten"},"schema":{"@context":"https:\/\/schema.org","@graph":[{"@type":"WebPage","@id":"https:\/\/www.bagnoitalia.com\/de\/produkt\/magic3-badezimmerschrank-80-80-100-110-120-130-140-150-160-cm-dezentral-mit-2-oder-4-schubladen-30-farben.html","url":"https:\/\/www.bagnoitalia.com\/de\/produkt\/magic3-badezimmerschrank-80-80-100-110-120-130-140-150-160-cm-dezentral-mit-2-oder-4-schubladen-30-farben.html","name":"Magic3 badezimmerschrank von 110 120 130 140 150 160 cm dezentral mit schubladen in mehr als 25 farben bb","isPartOf":{"@id":"https:\/\/www.bagnoitalia.com\/de#website"},"primaryImageOfPage":{"@id":"https:\/\/www.bagnoitalia.com\/de\/produkt\/magic3-badezimmerschrank-80-80-100-110-120-130-140-150-160-cm-dezentral-mit-2-oder-4-schubladen-30-farben.html#primaryimage"},"image":{"@id":"https:\/\/www.bagnoitalia.com\/de\/produkt\/magic3-badezimmerschrank-80-80-100-110-120-130-140-150-160-cm-dezentral-mit-2-oder-4-schubladen-30-farben.html#primaryimage"},"thumbnailUrl":"https:\/\/img.bagnoitalia.com\/wp-content\/uploads\/virtuemart\/product\/Bathroom-vanity-Magic3-1_1542298840_820.jpg","datePublished":"2014-04-13T16:34:45+00:00","dateModified":"2025-06-13T17:37:30+00:00","description":"Magic3 badezimmerschrank erh\u00e4ltlich in 110 120 130 140 150 160 cm dezentral mit schubladen in mehr als 25 farben","breadcrumb":{"@id":"https:\/\/www.bagnoitalia.com\/de\/produkt\/magic3-badezimmerschrank-80-80-100-110-120-130-140-150-160-cm-dezentral-mit-2-oder-4-schubladen-30-farben.html#breadcrumb"},"inLanguage":"de","potentialAction":[{"@type":"ReadAction","target":["https:\/\/www.bagnoitalia.com\/de\/produkt\/magic3-badezimmerschrank-80-80-100-110-120-130-140-150-160-cm-dezentral-mit-2-oder-4-schubladen-30-farben.html"]}]},{"@type":"ImageObject","inLanguage":"de","@id":"https:\/\/www.bagnoitalia.com\/de\/produkt\/magic3-badezimmerschrank-80-80-100-110-120-130-140-150-160-cm-dezentral-mit-2-oder-4-schubladen-30-farben.html#primaryimage","url":"https:\/\/img.bagnoitalia.com\/wp-content\/uploads\/virtuemart\/product\/Bathroom-vanity-Magic3-1_1542298840_820.jpg","contentUrl":"https:\/\/img.bagnoitalia.com\/wp-content\/uploads\/virtuemart\/product\/Bathroom-vanity-Magic3-1_1542298840_820.jpg","width":620,"height":620},{"@type":"BreadcrumbList","@id":"https:\/\/www.bagnoitalia.com\/de\/produkt\/magic3-badezimmerschrank-80-80-100-110-120-130-140-150-160-cm-dezentral-mit-2-oder-4-schubladen-30-farben.html#breadcrumb","itemListElement":[{"@type":"ListItem","position":1,"name":"Home","item":"https:\/\/www.bagnoitalia.com\/de"},{"@type":"ListItem","position":2,"name":"Produkte","item":"https:\/\/www.bagnoitalia.com\/de\/shop"},{"@type":"ListItem","position":3,"name":"Magic3 Badschrank, in 80, 90, 100, 110, 120, 130, 140, 150 oder 160cm, dezentralisiert, mit 2 oder 4 Schubladen, in 30 Farben erh\u00e4ltlich"}]},{"@type":"WebSite","@id":"https:\/\/www.bagnoitalia.com\/de#website","url":"https:\/\/www.bagnoitalia.com\/de","name":"Bagno Italia","description":"","publisher":{"@id":"https:\/\/www.bagnoitalia.com\/de#organization"},"potentialAction":[{"@type":"SearchAction","target":{"@type":"EntryPoint","urlTemplate":"https:\/\/www.bagnoitalia.com\/de?s={search_term_string}"},"query-input":{"@type":"PropertyValueSpecification","valueRequired":true,"valueName":"search_term_string"}}],"inLanguage":"de"},{"@type":"Organization","@id":"https:\/\/www.bagnoitalia.com\/de#organization","name":"Bagno Italia","url":"https:\/\/www.bagnoitalia.com\/de","logo":{"@type":"ImageObject","inLanguage":"de","@id":"https:\/\/www.bagnoitalia.com\/de#\/schema\/logo\/image\/","url":"https:\/\/img.bagnoitalia.com\/wp-content\/uploads\/logo-bagnoitalia.webp","contentUrl":"https:\/\/img.bagnoitalia.com\/wp-content\/uploads\/logo-bagnoitalia.webp","width":400,"height":70,"caption":"Bagno Italia"},"image":{"@id":"https:\/\/www.bagnoitalia.com\/de#\/schema\/logo\/image\/"}}]}},"_links":{"self":[{"href":"https:\/\/www.bagnoitalia.com\/de\/wp-json\/wp\/v2\/product\/78871","targetHints":{"allow":["GET"]}}],"collection":[{"href":"https:\/\/www.bagnoitalia.com\/de\/wp-json\/wp\/v2\/product"}],"about":[{"href":"https:\/\/www.bagnoitalia.com\/de\/wp-json\/wp\/v2\/types\/product"}],"replies":[{"embeddable":true,"href":"https:\/\/www.bagnoitalia.com\/de\/wp-json\/wp\/v2\/comments?post=78871"}],"version-history":[{"count":1,"href":"https:\/\/www.bagnoitalia.com\/de\/wp-json\/wp\/v2\/product\/78871\/revisions"}],"predecessor-version":[{"id":90233,"href":"https:\/\/www.bagnoitalia.com\/de\/wp-json\/wp\/v2\/product\/78871\/revisions\/90233"}],"wp:featuredmedia":[{"embeddable":true,"href":"https:\/\/www.bagnoitalia.com\/de\/wp-json\/wp\/v2\/media\/22730"}],"wp:attachment":[{"href":"https:\/\/www.bagnoitalia.com\/de\/wp-json\/wp\/v2\/media?parent=78871"}],"wp:term":[{"taxonomy":"product_brand","embeddable":true,"href":"https:\/\/www.bagnoitalia.com\/de\/wp-json\/wp\/v2\/product_brand?post=78871"},{"taxonomy":"product_cat","embeddable":true,"href":"https:\/\/www.bagnoitalia.com\/de\/wp-json\/wp\/v2\/product_cat?post=78871"},{"taxonomy":"product_tag","embeddable":true,"href":"https:\/\/www.bagnoitalia.com\/de\/wp-json\/wp\/v2\/product_tag?post=78871"}],"curies":[{"name":"wp","href":"https:\/\/api.w.org\/{rel}","templated":true}]}}