{"id":78843,"date":"2014-04-10T11:33:12","date_gmt":"2014-04-10T09:33:12","guid":{"rendered":"https:\/\/www.bagnoitalia.com\/product\/ovales-abgerundetes-dreieckiges-aufsatzwaschbecken-aus-weiser-keramik-poliert-in-4-lav01-modellen"},"modified":"2025-07-08T08:32:27","modified_gmt":"2025-07-08T06:32:27","slug":"ovales-abgerundetes-dreieckiges-aufsatzwaschbecken-aus-weiser-keramik-poliert-in-4-lav01-modellen","status":"publish","type":"product","link":"https:\/\/www.bagnoitalia.com\/de\/produkt\/ovales-abgerundetes-dreieckiges-aufsatzwaschbecken-aus-weiser-keramik-poliert-in-4-lav01-modellen.html","title":{"rendered":"Aufsatzwaschbecken aus Keramik, in wei\u00df, 4 verschiedene Modelle"},"content":{"rendered":"<p><span style=\"text-decoration: underline; font-size: 12pt;\"><strong>Jazz wei\u00df gl\u00e4nzendes Aufsatzwaschbecken zu <strong>67x44x15cm <\/strong><\/strong><\/span><\/p>\n<p><img fetchpriority=\"high\" decoding=\"async\" class=\" size-full wp-image-22418\" src=\"https:\/\/img.bagnoitalia.com\/wp-content\/uploads\/grafiche\/JAZZ-2.jpg\" alt=\"\" width=\"751\" height=\"505\" \/><\/p>\n<p>&nbsp;<\/p>\n<p>&nbsp;<\/p>\n<p>_____________________________________________________________________________________________________________________________________<\/p>\n<p><span style=\"text-decoration: underline; font-size: 12pt;\"><strong>Goa wei\u00df gl\u00e4nzendes Aufsatzwaschbecken zu <strong>60x41x14.5cm<\/strong><\/strong><\/span><\/p>\n<p><img decoding=\"async\" class=\" size-full wp-image-22422\" src=\"https:\/\/img.bagnoitalia.com\/wp-content\/uploads\/lavabi-da-appoggio-Goa-ovale-arrotondato-in-ceramica-bianco-lucido-12.JPG\" alt=\"\" width=\"751\" height=\"679\" srcset=\"https:\/\/img.bagnoitalia.com\/wp-content\/uploads\/lavabi-da-appoggio-Goa-ovale-arrotondato-in-ceramica-bianco-lucido-12.JPG 900w, https:\/\/img.bagnoitalia.com\/wp-content\/uploads\/lavabi-da-appoggio-Goa-ovale-arrotondato-in-ceramica-bianco-lucido-12-768x695.jpg 768w, https:\/\/img.bagnoitalia.com\/wp-content\/uploads\/lavabi-da-appoggio-Goa-ovale-arrotondato-in-ceramica-bianco-lucido-12-441x399.jpg 441w, https:\/\/img.bagnoitalia.com\/wp-content\/uploads\/lavabi-da-appoggio-Goa-ovale-arrotondato-in-ceramica-bianco-lucido-12-600x543.jpg 600w, https:\/\/img.bagnoitalia.com\/wp-content\/uploads\/lavabi-da-appoggio-Goa-ovale-arrotondato-in-ceramica-bianco-lucido-12-150x136.jpg 150w\" sizes=\"(max-width: 751px) 100vw, 751px\" \/><\/p>\n<p>___________________________________________________________________________________________________________________________<\/p>\n<p><span style=\"text-decoration: underline; font-size: 12pt;\"><strong>Glam 1 wei\u00df gl\u00e4nzendes Aufsatzwaschbecken zu 45x40x14,5cm<br \/><\/strong><\/span><\/p>\n<p>&nbsp;<\/p>\n<p><img decoding=\"async\" class=\" size-full wp-image-22426\" src=\"https:\/\/img.bagnoitalia.com\/wp-content\/uploads\/grafiche\/GLAM1-2.jpg\" alt=\"\" width=\"755\" height=\"496\" srcset=\"https:\/\/img.bagnoitalia.com\/wp-content\/uploads\/grafiche\/GLAM1-2.jpg 1200w, https:\/\/img.bagnoitalia.com\/wp-content\/uploads\/grafiche\/GLAM1-2-768x504.jpg 768w, https:\/\/img.bagnoitalia.com\/wp-content\/uploads\/grafiche\/GLAM1-2-990x650.jpg 990w, https:\/\/img.bagnoitalia.com\/wp-content\/uploads\/grafiche\/GLAM1-2-441x290.jpg 441w, https:\/\/img.bagnoitalia.com\/wp-content\/uploads\/grafiche\/GLAM1-2-600x394.jpg 600w, https:\/\/img.bagnoitalia.com\/wp-content\/uploads\/grafiche\/GLAM1-2-150x99.jpg 150w\" sizes=\"(max-width: 755px) 100vw, 755px\" \/><\/p>\n<p>&nbsp;<\/p>\n<p>__________________________________________________________________________________________________________________________<\/p>\n<p><span style=\"text-decoration: underline; font-size: 12pt;\"><strong>Glam 2 wei\u00df gl\u00e4nzendes Aufsatzwaschbecken zu 56&#215;43,5&#215;13,5cm<\/strong><\/span><\/p>\n<p><img loading=\"lazy\" decoding=\"async\" class=\" size-full wp-image-22430\" src=\"https:\/\/img.bagnoitalia.com\/wp-content\/uploads\/grafiche\/GLAM2-2.jpg\" alt=\"\" width=\"759\" height=\"497\" srcset=\"https:\/\/img.bagnoitalia.com\/wp-content\/uploads\/grafiche\/GLAM2-2.jpg 1200w, https:\/\/img.bagnoitalia.com\/wp-content\/uploads\/grafiche\/GLAM2-2-768x504.jpg 768w, https:\/\/img.bagnoitalia.com\/wp-content\/uploads\/grafiche\/GLAM2-2-990x650.jpg 990w, https:\/\/img.bagnoitalia.com\/wp-content\/uploads\/grafiche\/GLAM2-2-441x290.jpg 441w, https:\/\/img.bagnoitalia.com\/wp-content\/uploads\/grafiche\/GLAM2-2-600x394.jpg 600w, https:\/\/img.bagnoitalia.com\/wp-content\/uploads\/grafiche\/GLAM2-2-150x99.jpg 150w\" sizes=\"(max-width: 759px) 100vw, 759px\" \/><\/p>\n<p>&nbsp;<\/p>\n<p>&nbsp;<\/p>\n<p>_________________________________________________________________________________________________________________________<\/p>\n<p><span style=\"text-decoration: underline; font-size: 12pt;\"><strong>Opera wei\u00df gl\u00e4nzendes Keramikwaschbecken zu 59x42x14.5cm<\/strong><\/span><\/p>\n<p><img loading=\"lazy\" decoding=\"async\" class=\" size-full wp-image-22434\" src=\"https:\/\/img.bagnoitalia.com\/wp-content\/uploads\/lavabi-da-appoggio-opera-arrotondato-ovale-alto-in-ceramica-bianco-lucido-45.JPG\" alt=\"\" width=\"751\" height=\"679\" srcset=\"https:\/\/img.bagnoitalia.com\/wp-content\/uploads\/lavabi-da-appoggio-opera-arrotondato-ovale-alto-in-ceramica-bianco-lucido-45.JPG 900w, https:\/\/img.bagnoitalia.com\/wp-content\/uploads\/lavabi-da-appoggio-opera-arrotondato-ovale-alto-in-ceramica-bianco-lucido-45-768x695.jpg 768w, https:\/\/img.bagnoitalia.com\/wp-content\/uploads\/lavabi-da-appoggio-opera-arrotondato-ovale-alto-in-ceramica-bianco-lucido-45-441x399.jpg 441w, https:\/\/img.bagnoitalia.com\/wp-content\/uploads\/lavabi-da-appoggio-opera-arrotondato-ovale-alto-in-ceramica-bianco-lucido-45-600x543.jpg 600w, https:\/\/img.bagnoitalia.com\/wp-content\/uploads\/lavabi-da-appoggio-opera-arrotondato-ovale-alto-in-ceramica-bianco-lucido-45-150x136.jpg 150w\" sizes=\"(max-width: 751px) 100vw, 751px\" \/><\/p>\n<p>&nbsp;<\/p>\n<p><span style=\"text-decoration: underline;\"><strong><span style=\"font-size: 12pt;\">Achtung: Der Wasserhahn ist nicht im Preis enthalten. Um eines zu erwerben, klicken Sie <a href=\"rubinetti-miscelatori\">hier<\/a><\/span><\/strong><\/span><\/p>\n<p>&nbsp;<\/p>\n<p><strong><span style=\"text-decoration: underline;\"><span style=\"font-size: 12pt;\">Sie k\u00f6nnen ebenfalls das automatische Ablaufventil hinzuzuf\u00fcgen.<\/span><\/span><\/strong><\/p>\n<p><img loading=\"lazy\" decoding=\"async\" class=\" size-full wp-image-12078\" src=\"https:\/\/img.bagnoitalia.com\/wp-content\/uploads\/piletta_automati_4be32113b90615.jpg\" alt=\"\" width=\"395\" height=\"395\" srcset=\"https:\/\/img.bagnoitalia.com\/wp-content\/uploads\/piletta_automati_4be32113b90615.jpg 320w, https:\/\/img.bagnoitalia.com\/wp-content\/uploads\/piletta_automati_4be32113b90615-100x100.jpg 100w, https:\/\/img.bagnoitalia.com\/wp-content\/uploads\/piletta_automati_4be32113b90615-150x150.jpg 150w\" sizes=\"(max-width: 395px) 100vw, 395px\" \/><\/p>\n","protected":false},"excerpt":{"rendered":"<p>Ovales, dreieckiges oder rundes Aufsatzwaschbecken aus Keramik in wei\u00df. Erh\u00e4ltlich in 4 Modellen: Jazz Opera, Goa oder Glam.<\/p>\n","protected":false},"featured_media":22330,"comment_status":"open","ping_status":"closed","template":"","meta":[],"product_brand":[9907],"product_cat":[15,10116],"product_tag":[],"class_list":{"0":"post-78843","1":"product","2":"type-product","3":"status-publish","4":"has-post-thumbnail","6":"product_brand-movida-store-de","7":"product_cat-senza-categoria","8":"product_cat-senza-categoria-de","10":"first","11":"outofstock","12":"taxable","13":"shipping-taxable","14":"purchasable","15":"product-type-simple"},"exclude_global_add_ons":false,"addons":[{"name":"CAMPI_LAVABO\r\n","type":"select","position":0,"required":true,"title_format":"label","default":"","description_enable":false,"description":"","placeholder_enable":false,"placeholder":"","display":"select","restrictions_type":"any_text","adjust_price":false,"price":"","price_type":"","restrictions":false,"min":"0","max":"0","options":[]},{"name":"CAMPI_PILETTA\r\n","type":"select","position":0,"required":true,"title_format":"label","default":"","description_enable":false,"description":"","placeholder_enable":false,"placeholder":"","display":"select","restrictions_type":"any_text","adjust_price":false,"price":"","price_type":"","restrictions":false,"min":"0","max":"0","options":[]}],"yoast_head":"<!-- This site is optimized with the Yoast SEO plugin v26.7 - https:\/\/yoast.com\/wordpress\/plugins\/seo\/ -->\n<title>Ovales abgerundetes dreieckiges Aufsatzwaschbecken aus wei\u00dfer Keramik, poliert in 4-m-Modellen<\/title>\n<meta name=\"description\" content=\"Oval abgerundetes oder dreieckiges Aufsatzwaschbecken aus wei\u00df polierter Keramik, in 4 verschiedenen Ausf\u00fchrungen erh\u00e4ltlich\" \/>\n<meta name=\"robots\" content=\"index, follow, max-snippet:-1, max-image-preview:large, max-video-preview:-1\" \/>\n<link rel=\"canonical\" href=\"https:\/\/www.bagnoitalia.com\/de\/produkt\/ovales-abgerundetes-dreieckiges-aufsatzwaschbecken-aus-weiser-keramik-poliert-in-4-lav01-modellen.html\" \/>\n<meta property=\"og:locale\" content=\"de_DE\" \/>\n<meta property=\"og:type\" content=\"article\" \/>\n<meta property=\"og:title\" content=\"Ovales abgerundetes dreieckiges Aufsatzwaschbecken aus wei\u00dfer Keramik, poliert in 4-m-Modellen\" \/>\n<meta property=\"og:description\" content=\"Oval abgerundetes oder dreieckiges Aufsatzwaschbecken aus wei\u00df polierter Keramik, in 4 verschiedenen Ausf\u00fchrungen erh\u00e4ltlich\" \/>\n<meta property=\"og:url\" content=\"https:\/\/www.bagnoitalia.com\/de\/produkt\/ovales-abgerundetes-dreieckiges-aufsatzwaschbecken-aus-weiser-keramik-poliert-in-4-lav01-modellen.html\" \/>\n<meta property=\"og:site_name\" content=\"Bagno Italia\" \/>\n<meta property=\"article:modified_time\" content=\"2025-07-08T06:32:27+00:00\" \/>\n<meta property=\"og:image\" content=\"https:\/\/img.bagnoitalia.com\/wp-content\/uploads\/virtuemart\/product\/Countertop-washbasin-rounded-oval-triangular-shape-ceramic-65120_1542646899_221.jpg\" \/>\n\t<meta property=\"og:image:width\" content=\"600\" \/>\n\t<meta property=\"og:image:height\" content=\"600\" \/>\n\t<meta property=\"og:image:type\" content=\"image\/jpeg\" \/>\n<meta name=\"twitter:card\" content=\"summary_large_image\" \/>\n<script type=\"application\/ld+json\" class=\"yoast-schema-graph\">{\"@context\":\"https:\/\/schema.org\",\"@graph\":[{\"@type\":\"WebPage\",\"@id\":\"https:\/\/www.bagnoitalia.com\/de\/produkt\/ovales-abgerundetes-dreieckiges-aufsatzwaschbecken-aus-weiser-keramik-poliert-in-4-lav01-modellen.html\",\"url\":\"https:\/\/www.bagnoitalia.com\/de\/produkt\/ovales-abgerundetes-dreieckiges-aufsatzwaschbecken-aus-weiser-keramik-poliert-in-4-lav01-modellen.html\",\"name\":\"Ovales abgerundetes dreieckiges Aufsatzwaschbecken aus wei\u00dfer Keramik, poliert in 4-m-Modellen\",\"isPartOf\":{\"@id\":\"https:\/\/www.bagnoitalia.com\/de#website\"},\"primaryImageOfPage\":{\"@id\":\"https:\/\/www.bagnoitalia.com\/de\/produkt\/ovales-abgerundetes-dreieckiges-aufsatzwaschbecken-aus-weiser-keramik-poliert-in-4-lav01-modellen.html#primaryimage\"},\"image\":{\"@id\":\"https:\/\/www.bagnoitalia.com\/de\/produkt\/ovales-abgerundetes-dreieckiges-aufsatzwaschbecken-aus-weiser-keramik-poliert-in-4-lav01-modellen.html#primaryimage\"},\"thumbnailUrl\":\"https:\/\/img.bagnoitalia.com\/wp-content\/uploads\/virtuemart\/product\/Countertop-washbasin-rounded-oval-triangular-shape-ceramic-65120_1542646899_221.jpg\",\"datePublished\":\"2014-04-10T09:33:12+00:00\",\"dateModified\":\"2025-07-08T06:32:27+00:00\",\"description\":\"Oval abgerundetes oder dreieckiges Aufsatzwaschbecken aus wei\u00df polierter Keramik, in 4 verschiedenen Ausf\u00fchrungen erh\u00e4ltlich\",\"breadcrumb\":{\"@id\":\"https:\/\/www.bagnoitalia.com\/de\/produkt\/ovales-abgerundetes-dreieckiges-aufsatzwaschbecken-aus-weiser-keramik-poliert-in-4-lav01-modellen.html#breadcrumb\"},\"inLanguage\":\"de\",\"potentialAction\":[{\"@type\":\"ReadAction\",\"target\":[\"https:\/\/www.bagnoitalia.com\/de\/produkt\/ovales-abgerundetes-dreieckiges-aufsatzwaschbecken-aus-weiser-keramik-poliert-in-4-lav01-modellen.html\"]}]},{\"@type\":\"ImageObject\",\"inLanguage\":\"de\",\"@id\":\"https:\/\/www.bagnoitalia.com\/de\/produkt\/ovales-abgerundetes-dreieckiges-aufsatzwaschbecken-aus-weiser-keramik-poliert-in-4-lav01-modellen.html#primaryimage\",\"url\":\"https:\/\/img.bagnoitalia.com\/wp-content\/uploads\/virtuemart\/product\/Countertop-washbasin-rounded-oval-triangular-shape-ceramic-65120_1542646899_221.jpg\",\"contentUrl\":\"https:\/\/img.bagnoitalia.com\/wp-content\/uploads\/virtuemart\/product\/Countertop-washbasin-rounded-oval-triangular-shape-ceramic-65120_1542646899_221.jpg\",\"width\":600,\"height\":600},{\"@type\":\"BreadcrumbList\",\"@id\":\"https:\/\/www.bagnoitalia.com\/de\/produkt\/ovales-abgerundetes-dreieckiges-aufsatzwaschbecken-aus-weiser-keramik-poliert-in-4-lav01-modellen.html#breadcrumb\",\"itemListElement\":[{\"@type\":\"ListItem\",\"position\":1,\"name\":\"Home\",\"item\":\"https:\/\/www.bagnoitalia.com\/de\"},{\"@type\":\"ListItem\",\"position\":2,\"name\":\"Produkte\",\"item\":\"https:\/\/www.bagnoitalia.com\/de\/shop\"},{\"@type\":\"ListItem\",\"position\":3,\"name\":\"Aufsatzwaschbecken aus Keramik, in wei\u00df, 4 verschiedene Modelle\"}]},{\"@type\":\"WebSite\",\"@id\":\"https:\/\/www.bagnoitalia.com\/de#website\",\"url\":\"https:\/\/www.bagnoitalia.com\/de\",\"name\":\"Bagno Italia\",\"description\":\"\",\"publisher\":{\"@id\":\"https:\/\/www.bagnoitalia.com\/de#organization\"},\"potentialAction\":[{\"@type\":\"SearchAction\",\"target\":{\"@type\":\"EntryPoint\",\"urlTemplate\":\"https:\/\/www.bagnoitalia.com\/de?s={search_term_string}\"},\"query-input\":{\"@type\":\"PropertyValueSpecification\",\"valueRequired\":true,\"valueName\":\"search_term_string\"}}],\"inLanguage\":\"de\"},{\"@type\":\"Organization\",\"@id\":\"https:\/\/www.bagnoitalia.com\/de#organization\",\"name\":\"Bagno Italia\",\"url\":\"https:\/\/www.bagnoitalia.com\/de\",\"logo\":{\"@type\":\"ImageObject\",\"inLanguage\":\"de\",\"@id\":\"https:\/\/www.bagnoitalia.com\/de#\/schema\/logo\/image\/\",\"url\":\"https:\/\/img.bagnoitalia.com\/wp-content\/uploads\/logo-bagnoitalia.webp\",\"contentUrl\":\"https:\/\/img.bagnoitalia.com\/wp-content\/uploads\/logo-bagnoitalia.webp\",\"width\":400,\"height\":70,\"caption\":\"Bagno Italia\"},\"image\":{\"@id\":\"https:\/\/www.bagnoitalia.com\/de#\/schema\/logo\/image\/\"}}]}<\/script>\n<!-- \/ Yoast SEO plugin. -->","yoast_head_json":{"title":"Ovales abgerundetes dreieckiges Aufsatzwaschbecken aus wei\u00dfer Keramik, poliert in 4-m-Modellen","description":"Oval abgerundetes oder dreieckiges Aufsatzwaschbecken aus wei\u00df polierter Keramik, in 4 verschiedenen Ausf\u00fchrungen erh\u00e4ltlich","robots":{"index":"index","follow":"follow","max-snippet":"max-snippet:-1","max-image-preview":"max-image-preview:large","max-video-preview":"max-video-preview:-1"},"canonical":"https:\/\/www.bagnoitalia.com\/de\/produkt\/ovales-abgerundetes-dreieckiges-aufsatzwaschbecken-aus-weiser-keramik-poliert-in-4-lav01-modellen.html","og_locale":"de_DE","og_type":"article","og_title":"Ovales abgerundetes dreieckiges Aufsatzwaschbecken aus wei\u00dfer Keramik, poliert in 4-m-Modellen","og_description":"Oval abgerundetes oder dreieckiges Aufsatzwaschbecken aus wei\u00df polierter Keramik, in 4 verschiedenen Ausf\u00fchrungen erh\u00e4ltlich","og_url":"https:\/\/www.bagnoitalia.com\/de\/produkt\/ovales-abgerundetes-dreieckiges-aufsatzwaschbecken-aus-weiser-keramik-poliert-in-4-lav01-modellen.html","og_site_name":"Bagno Italia","article_modified_time":"2025-07-08T06:32:27+00:00","og_image":[{"width":600,"height":600,"url":"https:\/\/img.bagnoitalia.com\/wp-content\/uploads\/virtuemart\/product\/Countertop-washbasin-rounded-oval-triangular-shape-ceramic-65120_1542646899_221.jpg","type":"image\/jpeg"}],"twitter_card":"summary_large_image","schema":{"@context":"https:\/\/schema.org","@graph":[{"@type":"WebPage","@id":"https:\/\/www.bagnoitalia.com\/de\/produkt\/ovales-abgerundetes-dreieckiges-aufsatzwaschbecken-aus-weiser-keramik-poliert-in-4-lav01-modellen.html","url":"https:\/\/www.bagnoitalia.com\/de\/produkt\/ovales-abgerundetes-dreieckiges-aufsatzwaschbecken-aus-weiser-keramik-poliert-in-4-lav01-modellen.html","name":"Ovales abgerundetes dreieckiges Aufsatzwaschbecken aus wei\u00dfer Keramik, poliert in 4-m-Modellen","isPartOf":{"@id":"https:\/\/www.bagnoitalia.com\/de#website"},"primaryImageOfPage":{"@id":"https:\/\/www.bagnoitalia.com\/de\/produkt\/ovales-abgerundetes-dreieckiges-aufsatzwaschbecken-aus-weiser-keramik-poliert-in-4-lav01-modellen.html#primaryimage"},"image":{"@id":"https:\/\/www.bagnoitalia.com\/de\/produkt\/ovales-abgerundetes-dreieckiges-aufsatzwaschbecken-aus-weiser-keramik-poliert-in-4-lav01-modellen.html#primaryimage"},"thumbnailUrl":"https:\/\/img.bagnoitalia.com\/wp-content\/uploads\/virtuemart\/product\/Countertop-washbasin-rounded-oval-triangular-shape-ceramic-65120_1542646899_221.jpg","datePublished":"2014-04-10T09:33:12+00:00","dateModified":"2025-07-08T06:32:27+00:00","description":"Oval abgerundetes oder dreieckiges Aufsatzwaschbecken aus wei\u00df polierter Keramik, in 4 verschiedenen Ausf\u00fchrungen erh\u00e4ltlich","breadcrumb":{"@id":"https:\/\/www.bagnoitalia.com\/de\/produkt\/ovales-abgerundetes-dreieckiges-aufsatzwaschbecken-aus-weiser-keramik-poliert-in-4-lav01-modellen.html#breadcrumb"},"inLanguage":"de","potentialAction":[{"@type":"ReadAction","target":["https:\/\/www.bagnoitalia.com\/de\/produkt\/ovales-abgerundetes-dreieckiges-aufsatzwaschbecken-aus-weiser-keramik-poliert-in-4-lav01-modellen.html"]}]},{"@type":"ImageObject","inLanguage":"de","@id":"https:\/\/www.bagnoitalia.com\/de\/produkt\/ovales-abgerundetes-dreieckiges-aufsatzwaschbecken-aus-weiser-keramik-poliert-in-4-lav01-modellen.html#primaryimage","url":"https:\/\/img.bagnoitalia.com\/wp-content\/uploads\/virtuemart\/product\/Countertop-washbasin-rounded-oval-triangular-shape-ceramic-65120_1542646899_221.jpg","contentUrl":"https:\/\/img.bagnoitalia.com\/wp-content\/uploads\/virtuemart\/product\/Countertop-washbasin-rounded-oval-triangular-shape-ceramic-65120_1542646899_221.jpg","width":600,"height":600},{"@type":"BreadcrumbList","@id":"https:\/\/www.bagnoitalia.com\/de\/produkt\/ovales-abgerundetes-dreieckiges-aufsatzwaschbecken-aus-weiser-keramik-poliert-in-4-lav01-modellen.html#breadcrumb","itemListElement":[{"@type":"ListItem","position":1,"name":"Home","item":"https:\/\/www.bagnoitalia.com\/de"},{"@type":"ListItem","position":2,"name":"Produkte","item":"https:\/\/www.bagnoitalia.com\/de\/shop"},{"@type":"ListItem","position":3,"name":"Aufsatzwaschbecken aus Keramik, in wei\u00df, 4 verschiedene Modelle"}]},{"@type":"WebSite","@id":"https:\/\/www.bagnoitalia.com\/de#website","url":"https:\/\/www.bagnoitalia.com\/de","name":"Bagno Italia","description":"","publisher":{"@id":"https:\/\/www.bagnoitalia.com\/de#organization"},"potentialAction":[{"@type":"SearchAction","target":{"@type":"EntryPoint","urlTemplate":"https:\/\/www.bagnoitalia.com\/de?s={search_term_string}"},"query-input":{"@type":"PropertyValueSpecification","valueRequired":true,"valueName":"search_term_string"}}],"inLanguage":"de"},{"@type":"Organization","@id":"https:\/\/www.bagnoitalia.com\/de#organization","name":"Bagno Italia","url":"https:\/\/www.bagnoitalia.com\/de","logo":{"@type":"ImageObject","inLanguage":"de","@id":"https:\/\/www.bagnoitalia.com\/de#\/schema\/logo\/image\/","url":"https:\/\/img.bagnoitalia.com\/wp-content\/uploads\/logo-bagnoitalia.webp","contentUrl":"https:\/\/img.bagnoitalia.com\/wp-content\/uploads\/logo-bagnoitalia.webp","width":400,"height":70,"caption":"Bagno Italia"},"image":{"@id":"https:\/\/www.bagnoitalia.com\/de#\/schema\/logo\/image\/"}}]}},"_links":{"self":[{"href":"https:\/\/www.bagnoitalia.com\/de\/wp-json\/wp\/v2\/product\/78843","targetHints":{"allow":["GET"]}}],"collection":[{"href":"https:\/\/www.bagnoitalia.com\/de\/wp-json\/wp\/v2\/product"}],"about":[{"href":"https:\/\/www.bagnoitalia.com\/de\/wp-json\/wp\/v2\/types\/product"}],"replies":[{"embeddable":true,"href":"https:\/\/www.bagnoitalia.com\/de\/wp-json\/wp\/v2\/comments?post=78843"}],"version-history":[{"count":0,"href":"https:\/\/www.bagnoitalia.com\/de\/wp-json\/wp\/v2\/product\/78843\/revisions"}],"wp:featuredmedia":[{"embeddable":true,"href":"https:\/\/www.bagnoitalia.com\/de\/wp-json\/wp\/v2\/media\/22330"}],"wp:attachment":[{"href":"https:\/\/www.bagnoitalia.com\/de\/wp-json\/wp\/v2\/media?parent=78843"}],"wp:term":[{"taxonomy":"product_brand","embeddable":true,"href":"https:\/\/www.bagnoitalia.com\/de\/wp-json\/wp\/v2\/product_brand?post=78843"},{"taxonomy":"product_cat","embeddable":true,"href":"https:\/\/www.bagnoitalia.com\/de\/wp-json\/wp\/v2\/product_cat?post=78843"},{"taxonomy":"product_tag","embeddable":true,"href":"https:\/\/www.bagnoitalia.com\/de\/wp-json\/wp\/v2\/product_tag?post=78843"}],"curies":[{"name":"wp","href":"https:\/\/api.w.org\/{rel}","templated":true}]}}