{"id":78831,"date":"2014-03-30T14:03:34","date_gmt":"2014-03-30T12:03:34","guid":{"rendered":"https:\/\/www.bagnoitalia.com\/product\/duschtur-fur-nische-mit-faltoffnung-mit-mattem-oder-transparentem-kristall-pr010"},"modified":"2025-05-15T10:08:55","modified_gmt":"2025-05-15T08:08:55","slug":"duschtur-fur-nische-mit-faltoffnung-mit-mattem-oder-transparentem-kristall-pr010","status":"publish","type":"product","link":"https:\/\/www.bagnoitalia.com\/de\/produkt\/duschtur-fur-nische-mit-faltoffnung-mit-mattem-oder-transparentem-kristall-pr010.html","title":{"rendered":"PR010 Faltschiebet\u00fcr f\u00fcr Nischen, aus mattem oder transparentem Kristallglas, in verschiedenen Gr\u00f6\u00dfen"},"content":{"rendered":"<p><span style=\"font-size: 12pt; text-decoration: underline;\"><strong><span style=\"color: #001000; text-decoration: underline;\">PR010 Faltschiebet\u00fcr f\u00fcr Nischen, aus mattem oder transparentem Kristallglas<\/span><\/strong><\/span><\/p>\n<p><span style=\"font-size: 12pt; text-decoration: underline;\">Eigenschaften:<\/span><\/p>\n<ul>\n<li><span style=\"font-size: 12pt;\">Profil: Aluminium, verchromt, eloxiert und lackiert<\/span><\/li>\n<li><span style=\"font-size: 12pt;\">Verschluss: magnetisch<\/span><\/li>\n<li><span style=\"font-size: 12pt;\">Erweiterbar und reversibel<\/span><\/li>\n<li><span style=\"font-size: 12pt;\">Verstellbar und anpassbar\u00a0<\/span><\/li>\n<li><span style=\"font-size: 12pt;\">Glas: 5mm breites, geh\u00e4rtetes und unfallsicheres Kristallglas<\/span><\/li>\n<li><span style=\"font-size: 12pt;\">\u00d6ffnung durch Dr\u00fccken der Duscht\u00fcr (daher ohne Griff)<\/span><\/li>\n<\/ul>\n<p>&nbsp;<\/p>\n<p><span style=\"font-size: 12pt;\">Es kann 1 Kompensationsprofil hinzugef\u00fcgt werden, wenn Sie 1cm mehr als die vorliegenden Ma\u00dfe ben\u00f6tigen.\u00a0<\/span><\/p>\n<p><span style=\"font-size: 12pt;\">Es kann auch 1 H\u00f6hen-Kompensationsprofil hinzugef\u00fcgt werden, wodurch die T\u00fcr von 3 auf 6cm erh\u00f6ht wird. <\/span><\/p>\n<p>&nbsp;<\/p>\n<p><span style=\"font-size: 12pt; text-decoration: underline;\">Gr\u00f6\u00dfe der Duscht\u00fcr und Bearbeitungstoleranz:<\/span><\/p>\n<table class=\"grigio333\" style=\"color: #333333;\" border=\"0\" cellspacing=\"0\" cellpadding=\"5\">\n<tbody>\n<tr>\n<td><\/td>\n<td><span style=\"font-size: 12pt;\">\u00a0Gr\u00f6\u00dfe<\/span><\/td>\n<td nowrap=\"nowrap\">\n<div align=\"center\"><span style=\"font-size: 12pt;\">Bearbeitungstoleranz\u00a0<\/span><\/div>\n<\/td>\n<td nowrap=\"nowrap\">\n<div align=\"center\"><span style=\"font-size: 12pt;\">\u00d6ffnungsbreite<\/span><\/div>\n<\/td>\n<\/tr>\n<tr>\n<td><span style=\"font-size: 12pt;\">\u21e2<\/span><\/td>\n<td><span style=\"font-size: 12pt;\">70 x 185<\/span><\/td>\n<td>\n<div align=\"center\"><span style=\"font-size: 12pt;\">68-72<\/span><\/div>\n<\/td>\n<td>\n<div align=\"center\"><span style=\"font-size: 12pt;\">54 cm<\/span><\/div>\n<\/td>\n<\/tr>\n<tr>\n<td bgcolor=\"#dddddd\"><span style=\"font-size: 12pt;\">\u21e2<\/span><\/td>\n<td bgcolor=\"#dddddd\"><span style=\"font-size: 12pt;\">80 x 185\u00a0<\/span><\/td>\n<td bgcolor=\"#dddddd\">\n<div align=\"center\"><span style=\"font-size: 12pt;\">77-81<\/span><\/div>\n<\/td>\n<td bgcolor=\"#dddddd\">\n<div align=\"center\"><span style=\"font-size: 12pt;\">64 cm<\/span><\/div>\n<\/td>\n<\/tr>\n<tr>\n<td><span style=\"font-size: 12pt;\">\u21e2<\/span><\/td>\n<td><span style=\"font-size: 12pt;\">90 x 185<\/span><\/td>\n<td>\n<div align=\"center\"><span style=\"font-size: 12pt;\">87-91<\/span><\/div>\n<\/td>\n<td>\n<div align=\"center\"><span style=\"font-size: 12pt;\">74 cm<\/span><\/div>\n<\/td>\n<\/tr>\n<tr>\n<td bgcolor=\"#dddddd\"><span style=\"font-size: 12pt;\">\u21e2<\/span><\/td>\n<td bgcolor=\"#dddddd\"><span style=\"font-size: 12pt;\">100 x 185<\/span><\/td>\n<td bgcolor=\"#dddddd\">\n<div align=\"center\"><span style=\"font-size: 12pt;\">97-101<\/span><\/div>\n<\/td>\n<td bgcolor=\"#dddddd\">\n<div align=\"center\"><span style=\"font-size: 12pt;\">84 cm<\/span><\/div>\n<\/td>\n<\/tr>\n<\/tbody>\n<\/table>\n","protected":false},"excerpt":{"rendered":"<p>PR010 Faltschiebet\u00fcr f\u00fcr Nischen, aus 5mm breitem, mattem oder transparentem Kristallglas. Die T\u00fcren sind 70, 80, 90 oder 100cm breit und 185cm hoch.<\/p>\n","protected":false},"featured_media":22231,"comment_status":"open","ping_status":"closed","template":"","meta":[],"product_brand":[9886],"product_cat":[9832,9728],"product_tag":[],"class_list":{"0":"post-78831","1":"product","2":"type-product","3":"status-publish","4":"has-post-thumbnail","6":"product_brand-hydrastar-de","7":"product_cat-faltende-duschtur-duschturen","8":"product_cat-duschturen","10":"first","11":"instock","12":"sale","13":"taxable","14":"shipping-taxable","15":"purchasable","16":"product-type-simple"},"exclude_global_add_ons":false,"addons":[{"name":"Typ","type":"multiple_choice","position":0,"required":true,"title_format":"heading","default":"","description_enable":false,"description":"","placeholder_enable":false,"placeholder":"","display":"select","restrictions_type":"any_text","adjust_price":false,"price":"","price_type":"flat_fee","restrictions":false,"min":"0","max":"0","options":[{"label":"durchsichtig","price":"","price_type":"quantity_based","image":0,"visibility":true},{"label":"undurchsichtig","price":"","price_type":"quantity_based","image":0,"visibility":true}],"id":1718209356},{"name":"Abmessungen","type":"multiple_choice","position":1,"required":true,"title_format":"heading","default":"","description_enable":false,"description":"","placeholder_enable":false,"placeholder":"","display":"select","restrictions_type":"any_text","adjust_price":false,"price":"","price_type":"flat_fee","restrictions":false,"min":"0","max":"0","options":[{"label":"cm 60","price":"","price_type":"quantity_based","image":0,"visibility":true},{"label":"cm 70","price":"9","price_type":"quantity_based","image":0,"visibility":true},{"label":"cm 80","price":"19","price_type":"quantity_based","image":0,"visibility":true},{"label":"cm 90","price":"25","price_type":"quantity_based","image":0,"visibility":true},{"label":"cm 100","price":"39","price_type":"quantity_based","image":0,"visibility":true}],"id":1718209357},{"name":"Ausgleichsprofil","type":"multiple_choice","position":2,"required":true,"title_format":"heading","default":"","description_enable":false,"description":"","placeholder_enable":false,"placeholder":"","display":"select","restrictions_type":"any_text","adjust_price":false,"price":"","price_type":"flat_fee","restrictions":false,"min":"0","max":"0","options":[{"label":"KEIN PROFIL","price":"","price_type":"quantity_based","image":0,"visibility":true},{"label":"1 AUSGLEICHSPROFIL","price":"35","price_type":"quantity_based","image":0,"visibility":true},{"label":"2 AUSGLEICHSPROFILE","price":"70","price_type":"quantity_based","image":0,"visibility":true},{"label":"1 H-F\u00d6RMIGES PROFIL VON 3 BIS 6 CM","price":"45","price_type":"quantity_based","image":0,"visibility":true},{"label":"2 H-F\u00d6RMIGE PROFILE","price":"90","price_type":"quantity_based","image":0,"visibility":true}],"id":1718209358}],"yoast_head":"<!-- This site is optimized with the Yoast SEO plugin v26.7 - https:\/\/yoast.com\/wordpress\/plugins\/seo\/ -->\n<title>Duscht\u00fcr f\u00fcr Nische mit Balgen\u00f6ffnung oder Buch mit undurchsichtigem oder klarem HD-Glas<\/title>\n<meta name=\"description\" content=\"Duscht\u00fcr f\u00fcr Nische mit Falt- oder Buch\u00f6ffnung, undurchsichtiges oder transparentes Glas, verchromtes Aluminiumprofil, ausziehbar, umschaltbar und verstellbar mit Magnetverschluss.\" \/>\n<meta name=\"robots\" content=\"index, follow, max-snippet:-1, max-image-preview:large, max-video-preview:-1\" \/>\n<link rel=\"canonical\" href=\"https:\/\/www.bagnoitalia.com\/de\/produkt\/duschtur-fur-nische-mit-faltoffnung-mit-mattem-oder-transparentem-kristall-pr010.html\" \/>\n<meta property=\"og:locale\" content=\"de_DE\" \/>\n<meta property=\"og:type\" content=\"article\" \/>\n<meta property=\"og:title\" content=\"Duscht\u00fcr f\u00fcr Nische mit Balgen\u00f6ffnung oder Buch mit undurchsichtigem oder klarem HD-Glas\" \/>\n<meta property=\"og:description\" content=\"Duscht\u00fcr f\u00fcr Nische mit Falt- oder Buch\u00f6ffnung, undurchsichtiges oder transparentes Glas, verchromtes Aluminiumprofil, ausziehbar, umschaltbar und verstellbar mit Magnetverschluss.\" \/>\n<meta property=\"og:url\" content=\"https:\/\/www.bagnoitalia.com\/de\/produkt\/duschtur-fur-nische-mit-faltoffnung-mit-mattem-oder-transparentem-kristall-pr010.html\" \/>\n<meta property=\"og:site_name\" content=\"Bagno Italia\" \/>\n<meta property=\"article:modified_time\" content=\"2025-05-15T08:08:55+00:00\" \/>\n<meta property=\"og:image\" content=\"https:\/\/img.bagnoitalia.com\/wp-content\/uploads\/virtuemart\/product\/bifold-shower-door-for-niche-pr010-1_1543933266_627.jpg\" \/>\n\t<meta property=\"og:image:width\" content=\"501\" \/>\n\t<meta property=\"og:image:height\" content=\"499\" \/>\n\t<meta property=\"og:image:type\" content=\"image\/jpeg\" \/>\n<meta name=\"twitter:card\" content=\"summary_large_image\" \/>\n<meta name=\"twitter:label1\" content=\"Gesch\u00e4tzte Lesezeit\" \/>\n\t<meta name=\"twitter:data1\" content=\"1\u00a0Minute\" \/>\n<script type=\"application\/ld+json\" class=\"yoast-schema-graph\">{\"@context\":\"https:\/\/schema.org\",\"@graph\":[{\"@type\":\"WebPage\",\"@id\":\"https:\/\/www.bagnoitalia.com\/de\/produkt\/duschtur-fur-nische-mit-faltoffnung-mit-mattem-oder-transparentem-kristall-pr010.html\",\"url\":\"https:\/\/www.bagnoitalia.com\/de\/produkt\/duschtur-fur-nische-mit-faltoffnung-mit-mattem-oder-transparentem-kristall-pr010.html\",\"name\":\"Duscht\u00fcr f\u00fcr Nische mit Balgen\u00f6ffnung oder Buch mit undurchsichtigem oder klarem HD-Glas\",\"isPartOf\":{\"@id\":\"https:\/\/www.bagnoitalia.com\/de#website\"},\"primaryImageOfPage\":{\"@id\":\"https:\/\/www.bagnoitalia.com\/de\/produkt\/duschtur-fur-nische-mit-faltoffnung-mit-mattem-oder-transparentem-kristall-pr010.html#primaryimage\"},\"image\":{\"@id\":\"https:\/\/www.bagnoitalia.com\/de\/produkt\/duschtur-fur-nische-mit-faltoffnung-mit-mattem-oder-transparentem-kristall-pr010.html#primaryimage\"},\"thumbnailUrl\":\"https:\/\/img.bagnoitalia.com\/wp-content\/uploads\/virtuemart\/product\/bifold-shower-door-for-niche-pr010-1_1543933266_627.jpg\",\"datePublished\":\"2014-03-30T12:03:34+00:00\",\"dateModified\":\"2025-05-15T08:08:55+00:00\",\"description\":\"Duscht\u00fcr f\u00fcr Nische mit Falt- oder Buch\u00f6ffnung, undurchsichtiges oder transparentes Glas, verchromtes Aluminiumprofil, ausziehbar, umschaltbar und verstellbar mit Magnetverschluss.\",\"breadcrumb\":{\"@id\":\"https:\/\/www.bagnoitalia.com\/de\/produkt\/duschtur-fur-nische-mit-faltoffnung-mit-mattem-oder-transparentem-kristall-pr010.html#breadcrumb\"},\"inLanguage\":\"de\",\"potentialAction\":[{\"@type\":\"ReadAction\",\"target\":[\"https:\/\/www.bagnoitalia.com\/de\/produkt\/duschtur-fur-nische-mit-faltoffnung-mit-mattem-oder-transparentem-kristall-pr010.html\"]}]},{\"@type\":\"ImageObject\",\"inLanguage\":\"de\",\"@id\":\"https:\/\/www.bagnoitalia.com\/de\/produkt\/duschtur-fur-nische-mit-faltoffnung-mit-mattem-oder-transparentem-kristall-pr010.html#primaryimage\",\"url\":\"https:\/\/img.bagnoitalia.com\/wp-content\/uploads\/virtuemart\/product\/bifold-shower-door-for-niche-pr010-1_1543933266_627.jpg\",\"contentUrl\":\"https:\/\/img.bagnoitalia.com\/wp-content\/uploads\/virtuemart\/product\/bifold-shower-door-for-niche-pr010-1_1543933266_627.jpg\",\"width\":501,\"height\":499},{\"@type\":\"BreadcrumbList\",\"@id\":\"https:\/\/www.bagnoitalia.com\/de\/produkt\/duschtur-fur-nische-mit-faltoffnung-mit-mattem-oder-transparentem-kristall-pr010.html#breadcrumb\",\"itemListElement\":[{\"@type\":\"ListItem\",\"position\":1,\"name\":\"Home\",\"item\":\"https:\/\/www.bagnoitalia.com\/de\"},{\"@type\":\"ListItem\",\"position\":2,\"name\":\"Produkte\",\"item\":\"https:\/\/www.bagnoitalia.com\/de\/shop\"},{\"@type\":\"ListItem\",\"position\":3,\"name\":\"PR010 Faltschiebet\u00fcr f\u00fcr Nischen, aus mattem oder transparentem Kristallglas, in verschiedenen Gr\u00f6\u00dfen\"}]},{\"@type\":\"WebSite\",\"@id\":\"https:\/\/www.bagnoitalia.com\/de#website\",\"url\":\"https:\/\/www.bagnoitalia.com\/de\",\"name\":\"Bagno Italia\",\"description\":\"\",\"publisher\":{\"@id\":\"https:\/\/www.bagnoitalia.com\/de#organization\"},\"potentialAction\":[{\"@type\":\"SearchAction\",\"target\":{\"@type\":\"EntryPoint\",\"urlTemplate\":\"https:\/\/www.bagnoitalia.com\/de?s={search_term_string}\"},\"query-input\":{\"@type\":\"PropertyValueSpecification\",\"valueRequired\":true,\"valueName\":\"search_term_string\"}}],\"inLanguage\":\"de\"},{\"@type\":\"Organization\",\"@id\":\"https:\/\/www.bagnoitalia.com\/de#organization\",\"name\":\"Bagno Italia\",\"url\":\"https:\/\/www.bagnoitalia.com\/de\",\"logo\":{\"@type\":\"ImageObject\",\"inLanguage\":\"de\",\"@id\":\"https:\/\/www.bagnoitalia.com\/de#\/schema\/logo\/image\/\",\"url\":\"https:\/\/img.bagnoitalia.com\/wp-content\/uploads\/logo-bagnoitalia.webp\",\"contentUrl\":\"https:\/\/img.bagnoitalia.com\/wp-content\/uploads\/logo-bagnoitalia.webp\",\"width\":400,\"height\":70,\"caption\":\"Bagno Italia\"},\"image\":{\"@id\":\"https:\/\/www.bagnoitalia.com\/de#\/schema\/logo\/image\/\"}}]}<\/script>\n<!-- \/ Yoast SEO plugin. -->","yoast_head_json":{"title":"Duscht\u00fcr f\u00fcr Nische mit Balgen\u00f6ffnung oder Buch mit undurchsichtigem oder klarem HD-Glas","description":"Duscht\u00fcr f\u00fcr Nische mit Falt- oder Buch\u00f6ffnung, undurchsichtiges oder transparentes Glas, verchromtes Aluminiumprofil, ausziehbar, umschaltbar und verstellbar mit Magnetverschluss.","robots":{"index":"index","follow":"follow","max-snippet":"max-snippet:-1","max-image-preview":"max-image-preview:large","max-video-preview":"max-video-preview:-1"},"canonical":"https:\/\/www.bagnoitalia.com\/de\/produkt\/duschtur-fur-nische-mit-faltoffnung-mit-mattem-oder-transparentem-kristall-pr010.html","og_locale":"de_DE","og_type":"article","og_title":"Duscht\u00fcr f\u00fcr Nische mit Balgen\u00f6ffnung oder Buch mit undurchsichtigem oder klarem HD-Glas","og_description":"Duscht\u00fcr f\u00fcr Nische mit Falt- oder Buch\u00f6ffnung, undurchsichtiges oder transparentes Glas, verchromtes Aluminiumprofil, ausziehbar, umschaltbar und verstellbar mit Magnetverschluss.","og_url":"https:\/\/www.bagnoitalia.com\/de\/produkt\/duschtur-fur-nische-mit-faltoffnung-mit-mattem-oder-transparentem-kristall-pr010.html","og_site_name":"Bagno Italia","article_modified_time":"2025-05-15T08:08:55+00:00","og_image":[{"width":501,"height":499,"url":"https:\/\/img.bagnoitalia.com\/wp-content\/uploads\/virtuemart\/product\/bifold-shower-door-for-niche-pr010-1_1543933266_627.jpg","type":"image\/jpeg"}],"twitter_card":"summary_large_image","twitter_misc":{"Gesch\u00e4tzte Lesezeit":"1\u00a0Minute"},"schema":{"@context":"https:\/\/schema.org","@graph":[{"@type":"WebPage","@id":"https:\/\/www.bagnoitalia.com\/de\/produkt\/duschtur-fur-nische-mit-faltoffnung-mit-mattem-oder-transparentem-kristall-pr010.html","url":"https:\/\/www.bagnoitalia.com\/de\/produkt\/duschtur-fur-nische-mit-faltoffnung-mit-mattem-oder-transparentem-kristall-pr010.html","name":"Duscht\u00fcr f\u00fcr Nische mit Balgen\u00f6ffnung oder Buch mit undurchsichtigem oder klarem HD-Glas","isPartOf":{"@id":"https:\/\/www.bagnoitalia.com\/de#website"},"primaryImageOfPage":{"@id":"https:\/\/www.bagnoitalia.com\/de\/produkt\/duschtur-fur-nische-mit-faltoffnung-mit-mattem-oder-transparentem-kristall-pr010.html#primaryimage"},"image":{"@id":"https:\/\/www.bagnoitalia.com\/de\/produkt\/duschtur-fur-nische-mit-faltoffnung-mit-mattem-oder-transparentem-kristall-pr010.html#primaryimage"},"thumbnailUrl":"https:\/\/img.bagnoitalia.com\/wp-content\/uploads\/virtuemart\/product\/bifold-shower-door-for-niche-pr010-1_1543933266_627.jpg","datePublished":"2014-03-30T12:03:34+00:00","dateModified":"2025-05-15T08:08:55+00:00","description":"Duscht\u00fcr f\u00fcr Nische mit Falt- oder Buch\u00f6ffnung, undurchsichtiges oder transparentes Glas, verchromtes Aluminiumprofil, ausziehbar, umschaltbar und verstellbar mit Magnetverschluss.","breadcrumb":{"@id":"https:\/\/www.bagnoitalia.com\/de\/produkt\/duschtur-fur-nische-mit-faltoffnung-mit-mattem-oder-transparentem-kristall-pr010.html#breadcrumb"},"inLanguage":"de","potentialAction":[{"@type":"ReadAction","target":["https:\/\/www.bagnoitalia.com\/de\/produkt\/duschtur-fur-nische-mit-faltoffnung-mit-mattem-oder-transparentem-kristall-pr010.html"]}]},{"@type":"ImageObject","inLanguage":"de","@id":"https:\/\/www.bagnoitalia.com\/de\/produkt\/duschtur-fur-nische-mit-faltoffnung-mit-mattem-oder-transparentem-kristall-pr010.html#primaryimage","url":"https:\/\/img.bagnoitalia.com\/wp-content\/uploads\/virtuemart\/product\/bifold-shower-door-for-niche-pr010-1_1543933266_627.jpg","contentUrl":"https:\/\/img.bagnoitalia.com\/wp-content\/uploads\/virtuemart\/product\/bifold-shower-door-for-niche-pr010-1_1543933266_627.jpg","width":501,"height":499},{"@type":"BreadcrumbList","@id":"https:\/\/www.bagnoitalia.com\/de\/produkt\/duschtur-fur-nische-mit-faltoffnung-mit-mattem-oder-transparentem-kristall-pr010.html#breadcrumb","itemListElement":[{"@type":"ListItem","position":1,"name":"Home","item":"https:\/\/www.bagnoitalia.com\/de"},{"@type":"ListItem","position":2,"name":"Produkte","item":"https:\/\/www.bagnoitalia.com\/de\/shop"},{"@type":"ListItem","position":3,"name":"PR010 Faltschiebet\u00fcr f\u00fcr Nischen, aus mattem oder transparentem Kristallglas, in verschiedenen Gr\u00f6\u00dfen"}]},{"@type":"WebSite","@id":"https:\/\/www.bagnoitalia.com\/de#website","url":"https:\/\/www.bagnoitalia.com\/de","name":"Bagno Italia","description":"","publisher":{"@id":"https:\/\/www.bagnoitalia.com\/de#organization"},"potentialAction":[{"@type":"SearchAction","target":{"@type":"EntryPoint","urlTemplate":"https:\/\/www.bagnoitalia.com\/de?s={search_term_string}"},"query-input":{"@type":"PropertyValueSpecification","valueRequired":true,"valueName":"search_term_string"}}],"inLanguage":"de"},{"@type":"Organization","@id":"https:\/\/www.bagnoitalia.com\/de#organization","name":"Bagno Italia","url":"https:\/\/www.bagnoitalia.com\/de","logo":{"@type":"ImageObject","inLanguage":"de","@id":"https:\/\/www.bagnoitalia.com\/de#\/schema\/logo\/image\/","url":"https:\/\/img.bagnoitalia.com\/wp-content\/uploads\/logo-bagnoitalia.webp","contentUrl":"https:\/\/img.bagnoitalia.com\/wp-content\/uploads\/logo-bagnoitalia.webp","width":400,"height":70,"caption":"Bagno Italia"},"image":{"@id":"https:\/\/www.bagnoitalia.com\/de#\/schema\/logo\/image\/"}}]}},"_links":{"self":[{"href":"https:\/\/www.bagnoitalia.com\/de\/wp-json\/wp\/v2\/product\/78831","targetHints":{"allow":["GET"]}}],"collection":[{"href":"https:\/\/www.bagnoitalia.com\/de\/wp-json\/wp\/v2\/product"}],"about":[{"href":"https:\/\/www.bagnoitalia.com\/de\/wp-json\/wp\/v2\/types\/product"}],"replies":[{"embeddable":true,"href":"https:\/\/www.bagnoitalia.com\/de\/wp-json\/wp\/v2\/comments?post=78831"}],"version-history":[{"count":1,"href":"https:\/\/www.bagnoitalia.com\/de\/wp-json\/wp\/v2\/product\/78831\/revisions"}],"predecessor-version":[{"id":90042,"href":"https:\/\/www.bagnoitalia.com\/de\/wp-json\/wp\/v2\/product\/78831\/revisions\/90042"}],"wp:featuredmedia":[{"embeddable":true,"href":"https:\/\/www.bagnoitalia.com\/de\/wp-json\/wp\/v2\/media\/22231"}],"wp:attachment":[{"href":"https:\/\/www.bagnoitalia.com\/de\/wp-json\/wp\/v2\/media?parent=78831"}],"wp:term":[{"taxonomy":"product_brand","embeddable":true,"href":"https:\/\/www.bagnoitalia.com\/de\/wp-json\/wp\/v2\/product_brand?post=78831"},{"taxonomy":"product_cat","embeddable":true,"href":"https:\/\/www.bagnoitalia.com\/de\/wp-json\/wp\/v2\/product_cat?post=78831"},{"taxonomy":"product_tag","embeddable":true,"href":"https:\/\/www.bagnoitalia.com\/de\/wp-json\/wp\/v2\/product_tag?post=78831"}],"curies":[{"name":"wp","href":"https:\/\/api.w.org\/{rel}","templated":true}]}}