{"id":78823,"date":"2014-03-29T06:11:18","date_gmt":"2014-03-29T05:11:18","guid":{"rendered":"https:\/\/www.bagnoitalia.com\/product\/isa-100-cm-weiser-wenge-oder-larchenbadezimmerschrank-mit-keramikspule"},"modified":"2025-10-28T12:17:32","modified_gmt":"2025-10-28T11:17:32","slug":"isa-100-cm-weiser-wenge-oder-larchenbadezimmerschrank-mit-keramikspule","status":"publish","type":"product","link":"https:\/\/www.bagnoitalia.com\/de\/produkt\/isa-100-cm-weiser-wenge-oder-larchenbadezimmerschrank-mit-keramikspule.html","title":{"rendered":"Isa Badschrank, 100cm, in wei\u00df, Wenge oder L\u00e4rche, Keramikwaschbecken"},"content":{"rendered":"<p><img fetchpriority=\"high\" decoding=\"async\" class=\" size-full wp-image-8414\" src=\"https:\/\/img.bagnoitalia.com\/wp-content\/uploads\/1a.png\" alt=\"halt\" width=\"676\" height=\"165\" srcset=\"https:\/\/img.bagnoitalia.com\/wp-content\/uploads\/1a.png 676w, https:\/\/img.bagnoitalia.com\/wp-content\/uploads\/1a-441x108.png 441w, https:\/\/img.bagnoitalia.com\/wp-content\/uploads\/1a-600x146.png 600w, https:\/\/img.bagnoitalia.com\/wp-content\/uploads\/1a-150x37.png 150w\" sizes=\"(max-width: 676px) 100vw, 676px\" \/><\/p>\n<p>&nbsp;<\/p>\n<p><strong>Der Preis beinhaltet:<\/strong><\/p>\n<p>1 Waschbeckenunterschrank mit 2 T\u00fcren und 2 Schubladen:\u00a0100x46x56cm<\/p>\n<p>1 Keramikwaschbecken: 101x46cm<\/p>\n<p>1 Spiegel mit Ledwandleuchte: 100x70cm<\/p>\n<p>&nbsp;<\/p>\n<p><span style=\"color: #0000ff;\"><strong>Aktionspreis g\u00fcltig bis Ende des Monats!<\/strong><\/span><\/p>\n<p>&nbsp;<\/p>\n<p>&nbsp;<\/p>\n<p><span style=\"color: #000000;\"><strong>Material:<\/strong><\/span><\/p>\n<p><span style=\"color: #000000;\">MDF-Struktur (Mediodensit)<\/span><\/p>\n<p><span style=\"color: #000000;\">T\u00fcren und Schubladen aus MDF<br \/>\n<\/span><\/p>\n<p><span style=\"color: #000000;\">Waschbecken aus Keramik<\/span><\/p>\n<p><span style=\"color: #000000;\">Chromgriffe<\/span><\/p>\n<p>&nbsp;<\/p>\n<p><span style=\"color: #000000;\">Die wei\u00dfe Oberfl\u00e4che ist in gl\u00e4nzendem Lack, w\u00e4hrend die dunkelgraue Wenge und L\u00e4rche Holzessenzen sind. Es k\u00f6nnen Schranks\u00e4ulen und H\u00e4ngeschr\u00e4nke in derselben Linie hinzugef\u00fcgt werden.<br \/>\n<\/span><\/p>\n","protected":false},"excerpt":{"rendered":"<p>Der Isa 100cm gro\u00dfe Badschrank ist mit einem Waschbecken und Spiegel best\u00fcckt. Der Aktionspreis ist g\u00fcltig bis Ende des Monats!<\/p>\n","protected":false},"featured_media":22147,"comment_status":"open","ping_status":"closed","template":"","meta":[],"product_brand":[9898],"product_cat":[9962,9720],"product_tag":[],"class_list":{"0":"post-78823","1":"product","2":"type-product","3":"status-publish","4":"has-post-thumbnail","6":"product_brand-baden-haus-de","7":"product_cat-showroom-de","8":"product_cat-badmobel-von-71-bis-100-cm-moderne-mobel","10":"first","11":"instock","12":"sale","13":"taxable","14":"shipping-taxable","15":"purchasable","16":"product-type-simple"},"exclude_global_add_ons":false,"addons":[{"name":"Farbe des Geh\u00e4uses","type":"multiple_choice","position":0,"required":true,"title_format":"heading","default":"","description_enable":false,"description":"","placeholder_enable":false,"placeholder":"","display":"select","restrictions_type":"any_text","adjust_price":false,"price":"","price_type":"flat_fee","restrictions":false,"min":"0","max":"0","options":[{"label":"Gl\u00e4nzend wei\u00df","price":"","price_type":"quantity_based","image":0,"visibility":true},{"label":"L\u00e4rche","price":"","price_type":"quantity_based","image":0,"visibility":true},{"label":"Wenge dunkelgrau","price":"","price_type":"quantity_based","image":0,"visibility":true}],"id":1716994366},{"name":"S\u00e4ule","type":"multiple_choice","position":1,"required":true,"title_format":"heading","default":"","description_enable":false,"description":"","placeholder_enable":false,"placeholder":"","display":"select","restrictions_type":"any_text","adjust_price":false,"price":"","price_type":"flat_fee","restrictions":false,"min":"0","max":"0","options":[{"label":"ohne S\u00e4ulenschrank","price":"","price_type":"quantity_based","image":0,"visibility":true},{"label":"140x35x20cm S\u00e4ulenschrank","price":"189","price_type":"quantity_based","image":0,"visibility":true}],"id":1716994367}],"yoast_head":"<!-- This site is optimized with the Yoast SEO plugin v26.7 - https:\/\/yoast.com\/wordpress\/plugins\/seo\/ -->\n<title>Isabel Modernes Badezimmerm\u00f6bel mit Waschbecken und BH-Spiegel<\/title>\n<meta name=\"description\" content=\"Isabel Badezimmerschrank, komplett mit Keramiksp\u00fcle und 100x70cm Spiegel mit Applikation. Erh\u00e4ltlich in Wei\u00df, Grauem Wenge und L\u00e4rche. Jetzt kaufen\" \/>\n<meta name=\"robots\" content=\"index, follow, max-snippet:-1, max-image-preview:large, max-video-preview:-1\" \/>\n<link rel=\"canonical\" href=\"https:\/\/www.bagnoitalia.com\/de\/produkt\/isa-100-cm-weiser-wenge-oder-larchenbadezimmerschrank-mit-keramikspule.html\" \/>\n<meta property=\"og:locale\" content=\"de_DE\" \/>\n<meta property=\"og:type\" content=\"article\" \/>\n<meta property=\"og:title\" content=\"Isabel Modernes Badezimmerm\u00f6bel mit Waschbecken und BH-Spiegel\" \/>\n<meta property=\"og:description\" content=\"Isabel Badezimmerschrank, komplett mit Keramiksp\u00fcle und 100x70cm Spiegel mit Applikation. Erh\u00e4ltlich in Wei\u00df, Grauem Wenge und L\u00e4rche. Jetzt kaufen\" \/>\n<meta property=\"og:url\" content=\"https:\/\/www.bagnoitalia.com\/de\/produkt\/isa-100-cm-weiser-wenge-oder-larchenbadezimmerschrank-mit-keramikspule.html\" \/>\n<meta property=\"og:site_name\" content=\"Bagno Italia\" \/>\n<meta property=\"article:modified_time\" content=\"2025-10-28T11:17:32+00:00\" \/>\n<meta property=\"og:image\" content=\"https:\/\/img.bagnoitalia.com\/wp-content\/uploads\/virtuemart\/product\/Bathroom-vanity-100cm-Isa-1_1542300023_563.jpg\" \/>\n\t<meta property=\"og:image:width\" content=\"637\" \/>\n\t<meta property=\"og:image:height\" content=\"637\" \/>\n\t<meta property=\"og:image:type\" content=\"image\/jpeg\" \/>\n<meta name=\"twitter:card\" content=\"summary_large_image\" \/>\n<meta name=\"twitter:label1\" content=\"Gesch\u00e4tzte Lesezeit\" \/>\n\t<meta name=\"twitter:data1\" content=\"1\u00a0Minute\" \/>\n<script type=\"application\/ld+json\" class=\"yoast-schema-graph\">{\"@context\":\"https:\/\/schema.org\",\"@graph\":[{\"@type\":\"WebPage\",\"@id\":\"https:\/\/www.bagnoitalia.com\/de\/produkt\/isa-100-cm-weiser-wenge-oder-larchenbadezimmerschrank-mit-keramikspule.html\",\"url\":\"https:\/\/www.bagnoitalia.com\/de\/produkt\/isa-100-cm-weiser-wenge-oder-larchenbadezimmerschrank-mit-keramikspule.html\",\"name\":\"Isabel Modernes Badezimmerm\u00f6bel mit Waschbecken und BH-Spiegel\",\"isPartOf\":{\"@id\":\"https:\/\/www.bagnoitalia.com\/de#website\"},\"primaryImageOfPage\":{\"@id\":\"https:\/\/www.bagnoitalia.com\/de\/produkt\/isa-100-cm-weiser-wenge-oder-larchenbadezimmerschrank-mit-keramikspule.html#primaryimage\"},\"image\":{\"@id\":\"https:\/\/www.bagnoitalia.com\/de\/produkt\/isa-100-cm-weiser-wenge-oder-larchenbadezimmerschrank-mit-keramikspule.html#primaryimage\"},\"thumbnailUrl\":\"https:\/\/img.bagnoitalia.com\/wp-content\/uploads\/virtuemart\/product\/Bathroom-vanity-100cm-Isa-1_1542300023_563.jpg\",\"datePublished\":\"2014-03-29T05:11:18+00:00\",\"dateModified\":\"2025-10-28T11:17:32+00:00\",\"description\":\"Isabel Badezimmerschrank, komplett mit Keramiksp\u00fcle und 100x70cm Spiegel mit Applikation. Erh\u00e4ltlich in Wei\u00df, Grauem Wenge und L\u00e4rche. Jetzt kaufen\",\"breadcrumb\":{\"@id\":\"https:\/\/www.bagnoitalia.com\/de\/produkt\/isa-100-cm-weiser-wenge-oder-larchenbadezimmerschrank-mit-keramikspule.html#breadcrumb\"},\"inLanguage\":\"de\",\"potentialAction\":[{\"@type\":\"ReadAction\",\"target\":[\"https:\/\/www.bagnoitalia.com\/de\/produkt\/isa-100-cm-weiser-wenge-oder-larchenbadezimmerschrank-mit-keramikspule.html\"]}]},{\"@type\":\"ImageObject\",\"inLanguage\":\"de\",\"@id\":\"https:\/\/www.bagnoitalia.com\/de\/produkt\/isa-100-cm-weiser-wenge-oder-larchenbadezimmerschrank-mit-keramikspule.html#primaryimage\",\"url\":\"https:\/\/img.bagnoitalia.com\/wp-content\/uploads\/virtuemart\/product\/Bathroom-vanity-100cm-Isa-1_1542300023_563.jpg\",\"contentUrl\":\"https:\/\/img.bagnoitalia.com\/wp-content\/uploads\/virtuemart\/product\/Bathroom-vanity-100cm-Isa-1_1542300023_563.jpg\",\"width\":637,\"height\":637},{\"@type\":\"BreadcrumbList\",\"@id\":\"https:\/\/www.bagnoitalia.com\/de\/produkt\/isa-100-cm-weiser-wenge-oder-larchenbadezimmerschrank-mit-keramikspule.html#breadcrumb\",\"itemListElement\":[{\"@type\":\"ListItem\",\"position\":1,\"name\":\"Home\",\"item\":\"https:\/\/www.bagnoitalia.com\/de\"},{\"@type\":\"ListItem\",\"position\":2,\"name\":\"Produkte\",\"item\":\"https:\/\/www.bagnoitalia.com\/de\/shop\"},{\"@type\":\"ListItem\",\"position\":3,\"name\":\"Isa Badschrank, 100cm, in wei\u00df, Wenge oder L\u00e4rche, Keramikwaschbecken\"}]},{\"@type\":\"WebSite\",\"@id\":\"https:\/\/www.bagnoitalia.com\/de#website\",\"url\":\"https:\/\/www.bagnoitalia.com\/de\",\"name\":\"Bagno Italia\",\"description\":\"\",\"publisher\":{\"@id\":\"https:\/\/www.bagnoitalia.com\/de#organization\"},\"potentialAction\":[{\"@type\":\"SearchAction\",\"target\":{\"@type\":\"EntryPoint\",\"urlTemplate\":\"https:\/\/www.bagnoitalia.com\/de?s={search_term_string}\"},\"query-input\":{\"@type\":\"PropertyValueSpecification\",\"valueRequired\":true,\"valueName\":\"search_term_string\"}}],\"inLanguage\":\"de\"},{\"@type\":\"Organization\",\"@id\":\"https:\/\/www.bagnoitalia.com\/de#organization\",\"name\":\"Bagno Italia\",\"url\":\"https:\/\/www.bagnoitalia.com\/de\",\"logo\":{\"@type\":\"ImageObject\",\"inLanguage\":\"de\",\"@id\":\"https:\/\/www.bagnoitalia.com\/de#\/schema\/logo\/image\/\",\"url\":\"https:\/\/img.bagnoitalia.com\/wp-content\/uploads\/logo-bagnoitalia.webp\",\"contentUrl\":\"https:\/\/img.bagnoitalia.com\/wp-content\/uploads\/logo-bagnoitalia.webp\",\"width\":400,\"height\":70,\"caption\":\"Bagno Italia\"},\"image\":{\"@id\":\"https:\/\/www.bagnoitalia.com\/de#\/schema\/logo\/image\/\"}}]}<\/script>\n<!-- \/ Yoast SEO plugin. -->","yoast_head_json":{"title":"Isabel Modernes Badezimmerm\u00f6bel mit Waschbecken und BH-Spiegel","description":"Isabel Badezimmerschrank, komplett mit Keramiksp\u00fcle und 100x70cm Spiegel mit Applikation. Erh\u00e4ltlich in Wei\u00df, Grauem Wenge und L\u00e4rche. Jetzt kaufen","robots":{"index":"index","follow":"follow","max-snippet":"max-snippet:-1","max-image-preview":"max-image-preview:large","max-video-preview":"max-video-preview:-1"},"canonical":"https:\/\/www.bagnoitalia.com\/de\/produkt\/isa-100-cm-weiser-wenge-oder-larchenbadezimmerschrank-mit-keramikspule.html","og_locale":"de_DE","og_type":"article","og_title":"Isabel Modernes Badezimmerm\u00f6bel mit Waschbecken und BH-Spiegel","og_description":"Isabel Badezimmerschrank, komplett mit Keramiksp\u00fcle und 100x70cm Spiegel mit Applikation. Erh\u00e4ltlich in Wei\u00df, Grauem Wenge und L\u00e4rche. Jetzt kaufen","og_url":"https:\/\/www.bagnoitalia.com\/de\/produkt\/isa-100-cm-weiser-wenge-oder-larchenbadezimmerschrank-mit-keramikspule.html","og_site_name":"Bagno Italia","article_modified_time":"2025-10-28T11:17:32+00:00","og_image":[{"width":637,"height":637,"url":"https:\/\/img.bagnoitalia.com\/wp-content\/uploads\/virtuemart\/product\/Bathroom-vanity-100cm-Isa-1_1542300023_563.jpg","type":"image\/jpeg"}],"twitter_card":"summary_large_image","twitter_misc":{"Gesch\u00e4tzte Lesezeit":"1\u00a0Minute"},"schema":{"@context":"https:\/\/schema.org","@graph":[{"@type":"WebPage","@id":"https:\/\/www.bagnoitalia.com\/de\/produkt\/isa-100-cm-weiser-wenge-oder-larchenbadezimmerschrank-mit-keramikspule.html","url":"https:\/\/www.bagnoitalia.com\/de\/produkt\/isa-100-cm-weiser-wenge-oder-larchenbadezimmerschrank-mit-keramikspule.html","name":"Isabel Modernes Badezimmerm\u00f6bel mit Waschbecken und BH-Spiegel","isPartOf":{"@id":"https:\/\/www.bagnoitalia.com\/de#website"},"primaryImageOfPage":{"@id":"https:\/\/www.bagnoitalia.com\/de\/produkt\/isa-100-cm-weiser-wenge-oder-larchenbadezimmerschrank-mit-keramikspule.html#primaryimage"},"image":{"@id":"https:\/\/www.bagnoitalia.com\/de\/produkt\/isa-100-cm-weiser-wenge-oder-larchenbadezimmerschrank-mit-keramikspule.html#primaryimage"},"thumbnailUrl":"https:\/\/img.bagnoitalia.com\/wp-content\/uploads\/virtuemart\/product\/Bathroom-vanity-100cm-Isa-1_1542300023_563.jpg","datePublished":"2014-03-29T05:11:18+00:00","dateModified":"2025-10-28T11:17:32+00:00","description":"Isabel Badezimmerschrank, komplett mit Keramiksp\u00fcle und 100x70cm Spiegel mit Applikation. Erh\u00e4ltlich in Wei\u00df, Grauem Wenge und L\u00e4rche. Jetzt kaufen","breadcrumb":{"@id":"https:\/\/www.bagnoitalia.com\/de\/produkt\/isa-100-cm-weiser-wenge-oder-larchenbadezimmerschrank-mit-keramikspule.html#breadcrumb"},"inLanguage":"de","potentialAction":[{"@type":"ReadAction","target":["https:\/\/www.bagnoitalia.com\/de\/produkt\/isa-100-cm-weiser-wenge-oder-larchenbadezimmerschrank-mit-keramikspule.html"]}]},{"@type":"ImageObject","inLanguage":"de","@id":"https:\/\/www.bagnoitalia.com\/de\/produkt\/isa-100-cm-weiser-wenge-oder-larchenbadezimmerschrank-mit-keramikspule.html#primaryimage","url":"https:\/\/img.bagnoitalia.com\/wp-content\/uploads\/virtuemart\/product\/Bathroom-vanity-100cm-Isa-1_1542300023_563.jpg","contentUrl":"https:\/\/img.bagnoitalia.com\/wp-content\/uploads\/virtuemart\/product\/Bathroom-vanity-100cm-Isa-1_1542300023_563.jpg","width":637,"height":637},{"@type":"BreadcrumbList","@id":"https:\/\/www.bagnoitalia.com\/de\/produkt\/isa-100-cm-weiser-wenge-oder-larchenbadezimmerschrank-mit-keramikspule.html#breadcrumb","itemListElement":[{"@type":"ListItem","position":1,"name":"Home","item":"https:\/\/www.bagnoitalia.com\/de"},{"@type":"ListItem","position":2,"name":"Produkte","item":"https:\/\/www.bagnoitalia.com\/de\/shop"},{"@type":"ListItem","position":3,"name":"Isa Badschrank, 100cm, in wei\u00df, Wenge oder L\u00e4rche, Keramikwaschbecken"}]},{"@type":"WebSite","@id":"https:\/\/www.bagnoitalia.com\/de#website","url":"https:\/\/www.bagnoitalia.com\/de","name":"Bagno Italia","description":"","publisher":{"@id":"https:\/\/www.bagnoitalia.com\/de#organization"},"potentialAction":[{"@type":"SearchAction","target":{"@type":"EntryPoint","urlTemplate":"https:\/\/www.bagnoitalia.com\/de?s={search_term_string}"},"query-input":{"@type":"PropertyValueSpecification","valueRequired":true,"valueName":"search_term_string"}}],"inLanguage":"de"},{"@type":"Organization","@id":"https:\/\/www.bagnoitalia.com\/de#organization","name":"Bagno Italia","url":"https:\/\/www.bagnoitalia.com\/de","logo":{"@type":"ImageObject","inLanguage":"de","@id":"https:\/\/www.bagnoitalia.com\/de#\/schema\/logo\/image\/","url":"https:\/\/img.bagnoitalia.com\/wp-content\/uploads\/logo-bagnoitalia.webp","contentUrl":"https:\/\/img.bagnoitalia.com\/wp-content\/uploads\/logo-bagnoitalia.webp","width":400,"height":70,"caption":"Bagno Italia"},"image":{"@id":"https:\/\/www.bagnoitalia.com\/de#\/schema\/logo\/image\/"}}]}},"_links":{"self":[{"href":"https:\/\/www.bagnoitalia.com\/de\/wp-json\/wp\/v2\/product\/78823","targetHints":{"allow":["GET"]}}],"collection":[{"href":"https:\/\/www.bagnoitalia.com\/de\/wp-json\/wp\/v2\/product"}],"about":[{"href":"https:\/\/www.bagnoitalia.com\/de\/wp-json\/wp\/v2\/types\/product"}],"replies":[{"embeddable":true,"href":"https:\/\/www.bagnoitalia.com\/de\/wp-json\/wp\/v2\/comments?post=78823"}],"version-history":[{"count":3,"href":"https:\/\/www.bagnoitalia.com\/de\/wp-json\/wp\/v2\/product\/78823\/revisions"}],"predecessor-version":[{"id":113841,"href":"https:\/\/www.bagnoitalia.com\/de\/wp-json\/wp\/v2\/product\/78823\/revisions\/113841"}],"wp:featuredmedia":[{"embeddable":true,"href":"https:\/\/www.bagnoitalia.com\/de\/wp-json\/wp\/v2\/media\/22147"}],"wp:attachment":[{"href":"https:\/\/www.bagnoitalia.com\/de\/wp-json\/wp\/v2\/media?parent=78823"}],"wp:term":[{"taxonomy":"product_brand","embeddable":true,"href":"https:\/\/www.bagnoitalia.com\/de\/wp-json\/wp\/v2\/product_brand?post=78823"},{"taxonomy":"product_cat","embeddable":true,"href":"https:\/\/www.bagnoitalia.com\/de\/wp-json\/wp\/v2\/product_cat?post=78823"},{"taxonomy":"product_tag","embeddable":true,"href":"https:\/\/www.bagnoitalia.com\/de\/wp-json\/wp\/v2\/product_tag?post=78823"}],"curies":[{"name":"wp","href":"https:\/\/api.w.org\/{rel}","templated":true}]}}