{"id":78795,"date":"2014-03-19T22:26:31","date_gmt":"2014-03-19T21:26:31","guid":{"rendered":"https:\/\/www.bagnoitalia.com\/product\/duschbox-mit-fester-tur-und-transparenter-falt-oder-faltenbalg-faltturoffnung-box019"},"modified":"2025-05-15T10:12:58","modified_gmt":"2025-05-15T08:12:58","slug":"duschbox-mit-fester-tur-und-transparenter-falt-oder-faltenbalg-faltturoffnung-box019","status":"publish","type":"product","link":"https:\/\/www.bagnoitalia.com\/de\/produkt\/duschbox-mit-fester-tur-und-transparenter-falt-oder-faltenbalg-faltturoffnung-box019.html","title":{"rendered":"BOX019 Eckdusche mit Faltschiebet\u00fcr"},"content":{"rendered":"<p><span style=\"text-decoration: underline;\"><strong>Duschkabine mit Duschwand zu 70, 80 oder 90cm und Faltschiebet\u00fcr zu 70, 80, 90 oder 100cm<\/strong><\/span><\/p>\n<p>&nbsp;<\/p>\n<p>Die Duschkabine kann an der Leiste ge\u00f6ffnet werden.<\/p>\n<div><span style=\"text-decoration: underline;\">Faltschiebet\u00fcr aus 5mm dickem Kristallglas\u00a0<\/span><\/div>\n<p>Gr\u00f6\u00dfe:<\/p>\n<p>70cm\u00a0 (modifizierbar von 68 bis 72cm)<\/p>\n<p>80cm\u00a0 (modifizierbar von 78 bis 81cm)<\/p>\n<p>90cm (modifizierbar von 87 bis 91cm)<\/p>\n<p>100cm (modifizierbar von 97 bis 101cm)<\/p>\n<ul>\n<li>Die Faltt\u00fcr ist vollst\u00e4ndig ausziehbar. Der \u00d6ffnungsgrad ist 16cm kleiner als die T\u00fcr (d.h.: die 80cm hohe T\u00fcr hat einen \u00d6ffnungsgrad von 64cm)<\/li>\n<\/ul>\n<p><span style=\"text-decoration: underline;\">Duschwand aus 6mm dickem Kristallglas:<\/span><\/p>\n<p>Gr\u00f6\u00dfe:<\/p>\n<p>70cm (modifizierbar von 68 bis 71cm)<\/p>\n<p>75cm (modifizierbar von 73 bis 76cm)<\/p>\n<p>80cm (modifizierbar von 78 bis 81cm)<\/p>\n<p>90cm (modifizierbar von 88 bis 91cm)<\/p>\n<div><\/div>\n<div><span style=\"text-decoration: underline;\">Eigenschfaten<\/span><strong>:<\/strong><\/div>\n<ul>\n<li>Profil: <strong>antioxidatives Aluminium<\/strong><\/li>\n<li>Verschluss: magnetisch<\/li>\n<li>\u00d6ffnung \u00fcber Faltschiebet\u00fcr<\/li>\n<li>Die Duschkabine kann erweitert werden (bei gr\u00f6\u00dferen Duschplatten o.\u00e4.)<\/li>\n<li>reversible Faltschiebet\u00fcr<\/li>\n<\/ul>\n<p>Achtung: Die Duschplatte ist nicht im Preis inbegriffen, kann aber \u00fcber das Men\u00fc zu Ihrer Bestellung hinzugef\u00fcgt werden.<\/p>\n<p><span style=\"color: #ff0000;\"><strong>Erweiterung mit einer Faltschiebet\u00fcr und zwei Duschw\u00e4nden<\/strong><\/span><\/p>\n<p><img fetchpriority=\"high\" decoding=\"async\" class=\"shrinkToFit size-full wp-image-22002\" src=\"https:\/\/img.bagnoitalia.com\/wp-content\/uploads\/virtuemart\/product\/box_doccia_due_ante_fisse_una_porta_a_libro.jpg\" alt=\"http:\/\/www.bagnoitalia.it\/https:\/\/img.bagnoitalia.com\/wp-content\/uploads\/virtuemart\/product\/box_doccia_due_ante_fisse_una_porta_a_libro.jpg\" width=\"465\" height=\"706\" srcset=\"https:\/\/img.bagnoitalia.com\/wp-content\/uploads\/virtuemart\/product\/box_doccia_due_ante_fisse_una_porta_a_libro.jpg 528w, https:\/\/img.bagnoitalia.com\/wp-content\/uploads\/virtuemart\/product\/box_doccia_due_ante_fisse_una_porta_a_libro-150x227.jpg 150w\" sizes=\"(max-width: 465px) 100vw, 465px\" \/><\/p>\n","protected":false},"excerpt":{"rendered":"<p>B0X-0508 Eckdusche mit Faltschiebet\u00fcr zu 70, 80, 90 und 100cm aus transparentem Glas. Die Duschwand dagegen ist 70, 75, 80 oder 90cm hoch.<\/p>\n","protected":false},"featured_media":21982,"comment_status":"open","ping_status":"closed","template":"","meta":[],"product_brand":[9886],"product_cat":[9808,9712],"product_tag":[],"class_list":{"0":"post-78795","1":"product","2":"type-product","3":"status-publish","4":"has-post-thumbnail","6":"product_brand-hydrastar-de","7":"product_cat-eckdusche-duschkabine","8":"product_cat-duschkabine","10":"first","11":"instock","12":"sale","13":"taxable","14":"shipping-taxable","15":"purchasable","16":"product-type-simple"},"exclude_global_add_ons":false,"addons":[{"name":"kristall","type":"multiple_choice","position":0,"required":true,"title_format":"heading","default":"","description_enable":false,"description":"","placeholder_enable":false,"placeholder":"","display":"select","restrictions_type":"any_text","adjust_price":false,"price":"","price_type":"flat_fee","restrictions":false,"min":"0","max":"0","options":[{"label":"transparent","price":"","price_type":"quantity_based","image":0,"visibility":true},{"label":"undurchsichtig","price":"","price_type":"quantity_based","image":0,"visibility":true}],"id":1718712226},{"name":"Duscht\u00fcr","type":"multiple_choice","position":1,"required":true,"title_format":"heading","default":"","description_enable":false,"description":"","placeholder_enable":false,"placeholder":"","display":"select","restrictions_type":"any_text","adjust_price":false,"price":"","price_type":"flat_fee","restrictions":false,"min":"0","max":"0","options":[{"label":"cm 60","price":"","price_type":"quantity_based","image":0,"visibility":true},{"label":"cm 70","price":"9","price_type":"quantity_based","image":0,"visibility":true},{"label":"cm 80","price":"19","price_type":"quantity_based","image":0,"visibility":true},{"label":"cm 90","price":"25","price_type":"quantity_based","image":0,"visibility":true},{"label":"cm 100","price":"39","price_type":"quantity_based","image":0,"visibility":true}],"id":1718712227},{"name":"feste Seite","type":"multiple_choice","position":2,"required":true,"title_format":"heading","default":"","description_enable":false,"description":"","placeholder_enable":false,"placeholder":"","display":"select","restrictions_type":"any_text","adjust_price":false,"price":"","price_type":"flat_fee","restrictions":false,"min":"0","max":"0","options":[{"label":"60 cm - einstellbar von 57 bis 59 cm","price":"","price_type":"quantity_based","image":0,"visibility":true},{"label":"70 cm - einstellbar von 67 bis 69 cm","price":"6","price_type":"quantity_based","image":0,"visibility":true},{"label":"75 cm - einstellbar von 72 bis 74 cm","price":"16","price_type":"quantity_based","image":0,"visibility":true},{"label":"80 cm - einstellbar von 77 bis 79 cm","price":"21","price_type":"quantity_based","image":0,"visibility":true},{"label":"90 cm - einstellbar von 87 bis 89 cm","price":"30","price_type":"quantity_based","image":0,"visibility":true},{"label":"100 cm - einstellbar von 97 bis 99 cm","price":"40","price_type":"quantity_based","image":0,"visibility":true},{"label":"2 x 60 cm - einstellbar von 57 bis 59 cm","price":"179","price_type":"quantity_based","image":0,"visibility":true},{"label":"2 x 70 cm - einstellbar von 67 bis 69 cm","price":"191","price_type":"quantity_based","image":0,"visibility":true},{"label":"2 x 75 cm - einstellbar von 72 bis 74 cm","price":"211","price_type":"quantity_based","image":0,"visibility":true},{"label":"2 x 80 cm - einstellbar von 77 bis 79 cm","price":"221","price_type":"quantity_based","image":0,"visibility":true},{"label":"2 x 90 cm - einstellbar von 87 bis 89 cm","price":"239","price_type":"quantity_based","image":0,"visibility":true},{"label":"2 x 100 cm - einstellbar von 97 bis 99 cm","price":"259","price_type":"quantity_based","image":0,"visibility":true}],"id":1718712228},{"name":"Ausgleichsprofil","type":"multiple_choice","position":3,"required":true,"title_format":"heading","default":"","description_enable":false,"description":"","placeholder_enable":false,"placeholder":"","display":"select","restrictions_type":"any_text","adjust_price":false,"price":"","price_type":"flat_fee","restrictions":false,"min":"0","max":"0","options":[{"label":"KEIN Ausgleichsprofil","price":"","price_type":"quantity_based","image":0,"visibility":true},{"label":"ein Ausgleichsprofil +1cm","price":"35","price_type":"quantity_based","image":0,"visibility":true},{"label":"zwei Ausgleichsprofile +2cm","price":"70","price_type":"quantity_based","image":0,"visibility":true},{"label":"ein H-Profil von 3 bis 6cm","price":"45","price_type":"quantity_based","image":0,"visibility":true}],"id":1718712229}],"yoast_head":"<!-- This site is optimized with the Yoast SEO plugin v26.7 - https:\/\/yoast.com\/wordpress\/plugins\/seo\/ -->\n<title>Duschegeh\u00e4use mit fester Fl\u00fcgelt\u00fcr, Faltenbalg\u00f6ffnung HD<\/title>\n<meta name=\"description\" content=\"Duschkabine mit fester Fl\u00fcgelt\u00fcr, mit transparentem oder gesprenkeltem Glas. Interne Buch\u00f6ffnung, in verschiedenen Gr\u00f6\u00dfen erh\u00e4ltlich. Magnetverschluss\" \/>\n<meta name=\"robots\" content=\"index, follow, max-snippet:-1, max-image-preview:large, max-video-preview:-1\" \/>\n<link rel=\"canonical\" href=\"https:\/\/www.bagnoitalia.com\/de\/produkt\/duschbox-mit-fester-tur-und-transparenter-falt-oder-faltenbalg-faltturoffnung-box019.html\" \/>\n<meta property=\"og:locale\" content=\"de_DE\" \/>\n<meta property=\"og:type\" content=\"article\" \/>\n<meta property=\"og:title\" content=\"Duschegeh\u00e4use mit fester Fl\u00fcgelt\u00fcr, Faltenbalg\u00f6ffnung HD\" \/>\n<meta property=\"og:description\" content=\"Duschkabine mit fester Fl\u00fcgelt\u00fcr, mit transparentem oder gesprenkeltem Glas. Interne Buch\u00f6ffnung, in verschiedenen Gr\u00f6\u00dfen erh\u00e4ltlich. Magnetverschluss\" \/>\n<meta property=\"og:url\" content=\"https:\/\/www.bagnoitalia.com\/de\/produkt\/duschbox-mit-fester-tur-und-transparenter-falt-oder-faltenbalg-faltturoffnung-box019.html\" \/>\n<meta property=\"og:site_name\" content=\"Bagno Italia\" \/>\n<meta property=\"article:modified_time\" content=\"2025-05-15T08:12:58+00:00\" \/>\n<meta property=\"og:image\" content=\"https:\/\/img.bagnoitalia.com\/wp-content\/uploads\/virtuemart\/product\/shower-enclosure-fixed-door-box019-1_1543766471_95.jpg\" \/>\n\t<meta property=\"og:image:width\" content=\"500\" \/>\n\t<meta property=\"og:image:height\" content=\"500\" \/>\n\t<meta property=\"og:image:type\" content=\"image\/jpeg\" \/>\n<meta name=\"twitter:card\" content=\"summary_large_image\" \/>\n<meta name=\"twitter:label1\" content=\"Gesch\u00e4tzte Lesezeit\" \/>\n\t<meta name=\"twitter:data1\" content=\"2\u00a0Minuten\" \/>\n<script type=\"application\/ld+json\" class=\"yoast-schema-graph\">{\"@context\":\"https:\/\/schema.org\",\"@graph\":[{\"@type\":\"WebPage\",\"@id\":\"https:\/\/www.bagnoitalia.com\/de\/produkt\/duschbox-mit-fester-tur-und-transparenter-falt-oder-faltenbalg-faltturoffnung-box019.html\",\"url\":\"https:\/\/www.bagnoitalia.com\/de\/produkt\/duschbox-mit-fester-tur-und-transparenter-falt-oder-faltenbalg-faltturoffnung-box019.html\",\"name\":\"Duschegeh\u00e4use mit fester Fl\u00fcgelt\u00fcr, Faltenbalg\u00f6ffnung HD\",\"isPartOf\":{\"@id\":\"https:\/\/www.bagnoitalia.com\/de#website\"},\"primaryImageOfPage\":{\"@id\":\"https:\/\/www.bagnoitalia.com\/de\/produkt\/duschbox-mit-fester-tur-und-transparenter-falt-oder-faltenbalg-faltturoffnung-box019.html#primaryimage\"},\"image\":{\"@id\":\"https:\/\/www.bagnoitalia.com\/de\/produkt\/duschbox-mit-fester-tur-und-transparenter-falt-oder-faltenbalg-faltturoffnung-box019.html#primaryimage\"},\"thumbnailUrl\":\"https:\/\/img.bagnoitalia.com\/wp-content\/uploads\/virtuemart\/product\/shower-enclosure-fixed-door-box019-1_1543766471_95.jpg\",\"datePublished\":\"2014-03-19T21:26:31+00:00\",\"dateModified\":\"2025-05-15T08:12:58+00:00\",\"description\":\"Duschkabine mit fester Fl\u00fcgelt\u00fcr, mit transparentem oder gesprenkeltem Glas. Interne Buch\u00f6ffnung, in verschiedenen Gr\u00f6\u00dfen erh\u00e4ltlich. Magnetverschluss\",\"breadcrumb\":{\"@id\":\"https:\/\/www.bagnoitalia.com\/de\/produkt\/duschbox-mit-fester-tur-und-transparenter-falt-oder-faltenbalg-faltturoffnung-box019.html#breadcrumb\"},\"inLanguage\":\"de\",\"potentialAction\":[{\"@type\":\"ReadAction\",\"target\":[\"https:\/\/www.bagnoitalia.com\/de\/produkt\/duschbox-mit-fester-tur-und-transparenter-falt-oder-faltenbalg-faltturoffnung-box019.html\"]}]},{\"@type\":\"ImageObject\",\"inLanguage\":\"de\",\"@id\":\"https:\/\/www.bagnoitalia.com\/de\/produkt\/duschbox-mit-fester-tur-und-transparenter-falt-oder-faltenbalg-faltturoffnung-box019.html#primaryimage\",\"url\":\"https:\/\/img.bagnoitalia.com\/wp-content\/uploads\/virtuemart\/product\/shower-enclosure-fixed-door-box019-1_1543766471_95.jpg\",\"contentUrl\":\"https:\/\/img.bagnoitalia.com\/wp-content\/uploads\/virtuemart\/product\/shower-enclosure-fixed-door-box019-1_1543766471_95.jpg\",\"width\":500,\"height\":500},{\"@type\":\"BreadcrumbList\",\"@id\":\"https:\/\/www.bagnoitalia.com\/de\/produkt\/duschbox-mit-fester-tur-und-transparenter-falt-oder-faltenbalg-faltturoffnung-box019.html#breadcrumb\",\"itemListElement\":[{\"@type\":\"ListItem\",\"position\":1,\"name\":\"Home\",\"item\":\"https:\/\/www.bagnoitalia.com\/de\"},{\"@type\":\"ListItem\",\"position\":2,\"name\":\"Produkte\",\"item\":\"https:\/\/www.bagnoitalia.com\/de\/shop\"},{\"@type\":\"ListItem\",\"position\":3,\"name\":\"BOX019 Eckdusche mit Faltschiebet\u00fcr\"}]},{\"@type\":\"WebSite\",\"@id\":\"https:\/\/www.bagnoitalia.com\/de#website\",\"url\":\"https:\/\/www.bagnoitalia.com\/de\",\"name\":\"Bagno Italia\",\"description\":\"\",\"publisher\":{\"@id\":\"https:\/\/www.bagnoitalia.com\/de#organization\"},\"potentialAction\":[{\"@type\":\"SearchAction\",\"target\":{\"@type\":\"EntryPoint\",\"urlTemplate\":\"https:\/\/www.bagnoitalia.com\/de?s={search_term_string}\"},\"query-input\":{\"@type\":\"PropertyValueSpecification\",\"valueRequired\":true,\"valueName\":\"search_term_string\"}}],\"inLanguage\":\"de\"},{\"@type\":\"Organization\",\"@id\":\"https:\/\/www.bagnoitalia.com\/de#organization\",\"name\":\"Bagno Italia\",\"url\":\"https:\/\/www.bagnoitalia.com\/de\",\"logo\":{\"@type\":\"ImageObject\",\"inLanguage\":\"de\",\"@id\":\"https:\/\/www.bagnoitalia.com\/de#\/schema\/logo\/image\/\",\"url\":\"https:\/\/img.bagnoitalia.com\/wp-content\/uploads\/logo-bagnoitalia.webp\",\"contentUrl\":\"https:\/\/img.bagnoitalia.com\/wp-content\/uploads\/logo-bagnoitalia.webp\",\"width\":400,\"height\":70,\"caption\":\"Bagno Italia\"},\"image\":{\"@id\":\"https:\/\/www.bagnoitalia.com\/de#\/schema\/logo\/image\/\"}}]}<\/script>\n<!-- \/ Yoast SEO plugin. -->","yoast_head_json":{"title":"Duschegeh\u00e4use mit fester Fl\u00fcgelt\u00fcr, Faltenbalg\u00f6ffnung HD","description":"Duschkabine mit fester Fl\u00fcgelt\u00fcr, mit transparentem oder gesprenkeltem Glas. Interne Buch\u00f6ffnung, in verschiedenen Gr\u00f6\u00dfen erh\u00e4ltlich. Magnetverschluss","robots":{"index":"index","follow":"follow","max-snippet":"max-snippet:-1","max-image-preview":"max-image-preview:large","max-video-preview":"max-video-preview:-1"},"canonical":"https:\/\/www.bagnoitalia.com\/de\/produkt\/duschbox-mit-fester-tur-und-transparenter-falt-oder-faltenbalg-faltturoffnung-box019.html","og_locale":"de_DE","og_type":"article","og_title":"Duschegeh\u00e4use mit fester Fl\u00fcgelt\u00fcr, Faltenbalg\u00f6ffnung HD","og_description":"Duschkabine mit fester Fl\u00fcgelt\u00fcr, mit transparentem oder gesprenkeltem Glas. Interne Buch\u00f6ffnung, in verschiedenen Gr\u00f6\u00dfen erh\u00e4ltlich. Magnetverschluss","og_url":"https:\/\/www.bagnoitalia.com\/de\/produkt\/duschbox-mit-fester-tur-und-transparenter-falt-oder-faltenbalg-faltturoffnung-box019.html","og_site_name":"Bagno Italia","article_modified_time":"2025-05-15T08:12:58+00:00","og_image":[{"width":500,"height":500,"url":"https:\/\/img.bagnoitalia.com\/wp-content\/uploads\/virtuemart\/product\/shower-enclosure-fixed-door-box019-1_1543766471_95.jpg","type":"image\/jpeg"}],"twitter_card":"summary_large_image","twitter_misc":{"Gesch\u00e4tzte Lesezeit":"2\u00a0Minuten"},"schema":{"@context":"https:\/\/schema.org","@graph":[{"@type":"WebPage","@id":"https:\/\/www.bagnoitalia.com\/de\/produkt\/duschbox-mit-fester-tur-und-transparenter-falt-oder-faltenbalg-faltturoffnung-box019.html","url":"https:\/\/www.bagnoitalia.com\/de\/produkt\/duschbox-mit-fester-tur-und-transparenter-falt-oder-faltenbalg-faltturoffnung-box019.html","name":"Duschegeh\u00e4use mit fester Fl\u00fcgelt\u00fcr, Faltenbalg\u00f6ffnung HD","isPartOf":{"@id":"https:\/\/www.bagnoitalia.com\/de#website"},"primaryImageOfPage":{"@id":"https:\/\/www.bagnoitalia.com\/de\/produkt\/duschbox-mit-fester-tur-und-transparenter-falt-oder-faltenbalg-faltturoffnung-box019.html#primaryimage"},"image":{"@id":"https:\/\/www.bagnoitalia.com\/de\/produkt\/duschbox-mit-fester-tur-und-transparenter-falt-oder-faltenbalg-faltturoffnung-box019.html#primaryimage"},"thumbnailUrl":"https:\/\/img.bagnoitalia.com\/wp-content\/uploads\/virtuemart\/product\/shower-enclosure-fixed-door-box019-1_1543766471_95.jpg","datePublished":"2014-03-19T21:26:31+00:00","dateModified":"2025-05-15T08:12:58+00:00","description":"Duschkabine mit fester Fl\u00fcgelt\u00fcr, mit transparentem oder gesprenkeltem Glas. Interne Buch\u00f6ffnung, in verschiedenen Gr\u00f6\u00dfen erh\u00e4ltlich. Magnetverschluss","breadcrumb":{"@id":"https:\/\/www.bagnoitalia.com\/de\/produkt\/duschbox-mit-fester-tur-und-transparenter-falt-oder-faltenbalg-faltturoffnung-box019.html#breadcrumb"},"inLanguage":"de","potentialAction":[{"@type":"ReadAction","target":["https:\/\/www.bagnoitalia.com\/de\/produkt\/duschbox-mit-fester-tur-und-transparenter-falt-oder-faltenbalg-faltturoffnung-box019.html"]}]},{"@type":"ImageObject","inLanguage":"de","@id":"https:\/\/www.bagnoitalia.com\/de\/produkt\/duschbox-mit-fester-tur-und-transparenter-falt-oder-faltenbalg-faltturoffnung-box019.html#primaryimage","url":"https:\/\/img.bagnoitalia.com\/wp-content\/uploads\/virtuemart\/product\/shower-enclosure-fixed-door-box019-1_1543766471_95.jpg","contentUrl":"https:\/\/img.bagnoitalia.com\/wp-content\/uploads\/virtuemart\/product\/shower-enclosure-fixed-door-box019-1_1543766471_95.jpg","width":500,"height":500},{"@type":"BreadcrumbList","@id":"https:\/\/www.bagnoitalia.com\/de\/produkt\/duschbox-mit-fester-tur-und-transparenter-falt-oder-faltenbalg-faltturoffnung-box019.html#breadcrumb","itemListElement":[{"@type":"ListItem","position":1,"name":"Home","item":"https:\/\/www.bagnoitalia.com\/de"},{"@type":"ListItem","position":2,"name":"Produkte","item":"https:\/\/www.bagnoitalia.com\/de\/shop"},{"@type":"ListItem","position":3,"name":"BOX019 Eckdusche mit Faltschiebet\u00fcr"}]},{"@type":"WebSite","@id":"https:\/\/www.bagnoitalia.com\/de#website","url":"https:\/\/www.bagnoitalia.com\/de","name":"Bagno Italia","description":"","publisher":{"@id":"https:\/\/www.bagnoitalia.com\/de#organization"},"potentialAction":[{"@type":"SearchAction","target":{"@type":"EntryPoint","urlTemplate":"https:\/\/www.bagnoitalia.com\/de?s={search_term_string}"},"query-input":{"@type":"PropertyValueSpecification","valueRequired":true,"valueName":"search_term_string"}}],"inLanguage":"de"},{"@type":"Organization","@id":"https:\/\/www.bagnoitalia.com\/de#organization","name":"Bagno Italia","url":"https:\/\/www.bagnoitalia.com\/de","logo":{"@type":"ImageObject","inLanguage":"de","@id":"https:\/\/www.bagnoitalia.com\/de#\/schema\/logo\/image\/","url":"https:\/\/img.bagnoitalia.com\/wp-content\/uploads\/logo-bagnoitalia.webp","contentUrl":"https:\/\/img.bagnoitalia.com\/wp-content\/uploads\/logo-bagnoitalia.webp","width":400,"height":70,"caption":"Bagno Italia"},"image":{"@id":"https:\/\/www.bagnoitalia.com\/de#\/schema\/logo\/image\/"}}]}},"_links":{"self":[{"href":"https:\/\/www.bagnoitalia.com\/de\/wp-json\/wp\/v2\/product\/78795","targetHints":{"allow":["GET"]}}],"collection":[{"href":"https:\/\/www.bagnoitalia.com\/de\/wp-json\/wp\/v2\/product"}],"about":[{"href":"https:\/\/www.bagnoitalia.com\/de\/wp-json\/wp\/v2\/types\/product"}],"replies":[{"embeddable":true,"href":"https:\/\/www.bagnoitalia.com\/de\/wp-json\/wp\/v2\/comments?post=78795"}],"version-history":[{"count":1,"href":"https:\/\/www.bagnoitalia.com\/de\/wp-json\/wp\/v2\/product\/78795\/revisions"}],"predecessor-version":[{"id":90432,"href":"https:\/\/www.bagnoitalia.com\/de\/wp-json\/wp\/v2\/product\/78795\/revisions\/90432"}],"wp:featuredmedia":[{"embeddable":true,"href":"https:\/\/www.bagnoitalia.com\/de\/wp-json\/wp\/v2\/media\/21982"}],"wp:attachment":[{"href":"https:\/\/www.bagnoitalia.com\/de\/wp-json\/wp\/v2\/media?parent=78795"}],"wp:term":[{"taxonomy":"product_brand","embeddable":true,"href":"https:\/\/www.bagnoitalia.com\/de\/wp-json\/wp\/v2\/product_brand?post=78795"},{"taxonomy":"product_cat","embeddable":true,"href":"https:\/\/www.bagnoitalia.com\/de\/wp-json\/wp\/v2\/product_cat?post=78795"},{"taxonomy":"product_tag","embeddable":true,"href":"https:\/\/www.bagnoitalia.com\/de\/wp-json\/wp\/v2\/product_tag?post=78795"}],"curies":[{"name":"wp","href":"https:\/\/api.w.org\/{rel}","templated":true}]}}