{"id":78663,"date":"2014-02-02T23:31:34","date_gmt":"2014-02-02T22:31:34","guid":{"rendered":"https:\/\/www.bagnoitalia.com\/product\/eingebaute-185x150-whirlpool-badewanne-oder-mit-luft-und-wasserpumpenplatten-vs021"},"modified":"2025-05-13T00:52:19","modified_gmt":"2025-05-12T22:52:19","slug":"eingebaute-185x150-whirlpool-badewanne-oder-mit-luft-und-wasserpumpenplatten-vs021","status":"publish","type":"product","link":"https:\/\/www.bagnoitalia.com\/de\/produkt\/eingebaute-185x150-whirlpool-badewanne-oder-mit-luft-und-wasserpumpenplatten-vs021.html","title":{"rendered":"Eingebaute 185&#215;150 Whirlpool-Badewanne oder mit Luft- und Wasserpumpenplatten VS021"},"content":{"rendered":"<p> <span style=\"font-size: 10pt; color: #ff0000;\"><strong>Eingebauter Whirlpool 185x150x74cm<\/strong><\/span> <\/p>\n<p> <span style=\"text-decoration: underline;\"><span style=\"font-size: 10pt;\"><strong>&#8211; <span style=\"font-size: 10pt;\"><strong>Standardversion<\/strong><\/span> mit schwarzem Rahmen:<\/strong><\/span><\/span> <\/p>\n<p> <span style=\"font-size: 10pt;\">4 mm Oberfl\u00e4chenschicht aus Acryl, verst\u00e4rkt mit \u00f6kologischem italienischem Polyurethan<\/span> <\/p>\n<p> <span style=\"font-size: 10pt;\">5 MAXI Massaged\u00fcsen in Messing und Chrom lackiert<\/span> <\/p>\n<p> <span style=\"font-size: 10pt;\"><span style=\"font-size: 10pt;\">1,5 kW Whirlpoolpumpe (2&#215;750 Watt)<\/span><\/span> <\/p>\n<p> <span style=\"font-size: 10pt;\">9 dorsale Wasserstrahlen + 4 Orthesen<\/span> <\/p>\n<p> Mischer enthalten <\/p>\n<p> ________________________________________________________________ <\/p>\n<p> <span style=\"color: #ff0000; font-size: 12pt;\"><strong>Version mit Doppel-Whirlpool <br \/><\/strong><\/span> <\/p>\n<p> <span style=\"font-size: 10pt;\">4 mm Oberfl\u00e4chenschicht aus Acryl, verst\u00e4rkt mit \u00f6kologischem italienischem Polyurethan<\/span> <\/p>\n<p> <span style=\"font-size: 10pt;\">5 MAXI Massaged\u00fcsen in Messing und Chrom lackiert<\/span> <\/p>\n<p> <span style=\"font-size: 10pt;\">20 zus\u00e4tzliche Luftd\u00fcsen am Tankboden<\/span> <\/p>\n<p> <span style=\"font-size: 10pt;\"><span style=\"font-size: 10pt;\">1,5 kW Whirlpoolpumpe (2&#215;750 Watt)<\/span><\/span> <\/p>\n<p> <span style=\"font-size: 10pt;\">9 dorsale Wasserstrahlen + 4 Orthesen<\/span> <\/p>\n<p> <span style=\"font-size: 10pt;\">Wasserh\u00e4hne enthalten<\/span> <\/p>\n<p> <span style=\"font-size: 10pt;\"><span style=\"font-size: 10pt;\">Verstellbare F\u00fc\u00dfe<\/span><\/span> <\/p>\n<p> Mischer enthalten <\/p>\n<\/p>\n<p> <span style=\"text-decoration: underline;\"><span style=\"font-size: 10pt;\"><strong>&#8211; <span style=\"font-size: 10pt;\"><strong>Die optionale Vollversion<\/strong><\/span> mit schwarzem Rahmen enth\u00e4lt au\u00dferdem:<\/strong><\/span><\/span> <\/p>\n<p> <span style=\"font-size: 11pt; line-height: 115%; font-family: 'Calibri','sans-serif';\">Wasser- und Luftmassage mit digitaler Steuerung<\/span> <\/p>\n<p> <span style=\"font-size: 11pt; line-height: 115%; font-family: 'Calibri','sans-serif';\">Entleerung und Trocknung der Tuben mit automatischer Anlage<\/span> <\/p>\n<p> <span style=\"font-size: 11pt; line-height: 115%; font-family: 'Calibri','sans-serif';\">Heizung (h\u00e4lt die Wassertemperatur aufrecht)<\/span> <\/p>\n<p> <span style=\"font-size: 11pt; line-height: 115%; font-family: 'Calibri','sans-serif';\">UKW-Radio mit CD-Player-Vorbereitung<\/span> <\/p>\n<p> <span style=\"font-size: 11pt; line-height: 115%; font-family: 'Calibri','sans-serif';\">Chromotherapie mit 12 farbigen LEDs<\/span> <\/p>\n<p> <span style=\"font-size: 11pt; line-height: 115%; font-family: 'Calibri','sans-serif';\">Kontrolle des Wasserstandes<\/span> <\/p>\n<p> <span style=\"font-size: 11pt; line-height: 115%; font-family: 'Calibri','sans-serif';\"><span style=\"font-size: 11pt; line-height: 115%; font-family: 'Calibri','sans-serif';\">Ozontherapie<\/span><\/span> <\/p>\n<\/p>\n<\/p>\n<p> _______________________________________________________________________________________________ <\/p>\n<p> <span style=\"font-size: 10pt;\">Diese Wanne ist f\u00fcr den Einbau vorgesehen, Seitenw\u00e4nde k\u00f6nnen jedoch im obigen Men\u00fc bestellt werden<\/span> <\/p>\n<\/p>\n<p><img fetchpriority=\"high\" decoding=\"async\" class=\" size-full wp-image-21166\" src=\"https:\/\/img.bagnoitalia.com\/wp-content\/uploads\/virtuemart\/product\/vasca_idromassaggio_con_laterale.jpg\" alt=\"http:\/\/www.bagnoitalia.it\/https:\/\/img.bagnoitalia.com\/wp-content\/uploads\/virtuemart\/product\/vasca_idromassaggio_con_laterale.jpg\" width=\"478\" height=\"358\" srcset=\"https:\/\/img.bagnoitalia.com\/wp-content\/uploads\/virtuemart\/product\/vasca_idromassaggio_con_laterale.jpg 600w, https:\/\/img.bagnoitalia.com\/wp-content\/uploads\/virtuemart\/product\/vasca_idromassaggio_con_laterale-441x331.jpg 441w, https:\/\/img.bagnoitalia.com\/wp-content\/uploads\/virtuemart\/product\/vasca_idromassaggio_con_laterale-150x113.jpg 150w\" sizes=\"(max-width: 478px) 100vw, 478px\" \/><\/p>\n","protected":false},"excerpt":{"rendered":"<p>Eingebaute 185&#215;150 Whirlpool-Badewanne oder mit Seitenw\u00e4nden 18 Wasserstrahlen + 20 optionale Luftd\u00fcsen<\/p>\n","protected":false},"featured_media":21134,"comment_status":"open","ping_status":"closed","template":"","meta":[],"product_brand":[9904],"product_cat":[15,10116],"product_tag":[],"class_list":{"0":"post-78663","1":"product","2":"type-product","3":"status-publish","4":"has-post-thumbnail","6":"product_brand-virtualbazar-de","7":"product_cat-senza-categoria","8":"product_cat-senza-categoria-de","10":"first","11":"outofstock","12":"taxable","13":"shipping-taxable","14":"purchasable","15":"product-type-simple"},"exclude_global_add_ons":false,"addons":[{"name":"CAMPI_COLORE\r\n","type":"select","position":0,"required":true,"title_format":"label","default":"","description_enable":false,"description":"","placeholder_enable":false,"placeholder":"","display":"select","restrictions_type":"any_text","adjust_price":false,"price":"","price_type":"","restrictions":false,"min":"0","max":"0","options":[]},{"name":"CAMPI_TIPOLOGIA\r\n","type":"select","position":0,"required":true,"title_format":"label","default":"","description_enable":false,"description":"","placeholder_enable":false,"placeholder":"","display":"select","restrictions_type":"any_text","adjust_price":false,"price":"","price_type":"","restrictions":false,"min":"0","max":"0","options":[]}],"yoast_head":"<!-- This site is optimized with the Yoast SEO plugin v26.7 - https:\/\/yoast.com\/wordpress\/plugins\/seo\/ -->\n<title>Eingebauter 185x150cm Jacuzzi, f\u00fcr 2 Personen vi<\/title>\n<meta name=\"description\" content=\"Eingebauter Whirlpool, schwarz \/ wei\u00dfer Rahmen. Abmessungen 185x150x74cm, ideal f\u00fcr 2 Personen. Taps enthalten, jetzt kaufen!\" \/>\n<meta name=\"robots\" content=\"index, follow, max-snippet:-1, max-image-preview:large, max-video-preview:-1\" \/>\n<link rel=\"canonical\" href=\"https:\/\/www.bagnoitalia.com\/de\/produkt\/eingebaute-185x150-whirlpool-badewanne-oder-mit-luft-und-wasserpumpenplatten-vs021.html\" \/>\n<meta property=\"og:locale\" content=\"de_DE\" \/>\n<meta property=\"og:type\" content=\"article\" \/>\n<meta property=\"og:title\" content=\"Eingebauter 185x150cm Jacuzzi, f\u00fcr 2 Personen vi\" \/>\n<meta property=\"og:description\" content=\"Eingebauter Whirlpool, schwarz \/ wei\u00dfer Rahmen. Abmessungen 185x150x74cm, ideal f\u00fcr 2 Personen. Taps enthalten, jetzt kaufen!\" \/>\n<meta property=\"og:url\" content=\"https:\/\/www.bagnoitalia.com\/de\/produkt\/eingebaute-185x150-whirlpool-badewanne-oder-mit-luft-und-wasserpumpenplatten-vs021.html\" \/>\n<meta property=\"og:site_name\" content=\"Bagno Italia\" \/>\n<meta property=\"article:modified_time\" content=\"2025-05-12T22:52:19+00:00\" \/>\n<meta property=\"og:image\" content=\"https:\/\/img.bagnoitalia.com\/wp-content\/uploads\/virtuemart\/product\/185-150-Jacuzzi-flush-mounted-VS021-1_1542035263_408.jpg\" \/>\n\t<meta property=\"og:image:width\" content=\"600\" \/>\n\t<meta property=\"og:image:height\" content=\"600\" \/>\n\t<meta property=\"og:image:type\" content=\"image\/jpeg\" \/>\n<meta name=\"twitter:card\" content=\"summary_large_image\" \/>\n<meta name=\"twitter:label1\" content=\"Gesch\u00e4tzte Lesezeit\" \/>\n\t<meta name=\"twitter:data1\" content=\"1\u00a0Minute\" \/>\n<script type=\"application\/ld+json\" class=\"yoast-schema-graph\">{\"@context\":\"https:\/\/schema.org\",\"@graph\":[{\"@type\":\"WebPage\",\"@id\":\"https:\/\/www.bagnoitalia.com\/de\/produkt\/eingebaute-185x150-whirlpool-badewanne-oder-mit-luft-und-wasserpumpenplatten-vs021.html\",\"url\":\"https:\/\/www.bagnoitalia.com\/de\/produkt\/eingebaute-185x150-whirlpool-badewanne-oder-mit-luft-und-wasserpumpenplatten-vs021.html\",\"name\":\"Eingebauter 185x150cm Jacuzzi, f\u00fcr 2 Personen vi\",\"isPartOf\":{\"@id\":\"https:\/\/www.bagnoitalia.com\/de#website\"},\"primaryImageOfPage\":{\"@id\":\"https:\/\/www.bagnoitalia.com\/de\/produkt\/eingebaute-185x150-whirlpool-badewanne-oder-mit-luft-und-wasserpumpenplatten-vs021.html#primaryimage\"},\"image\":{\"@id\":\"https:\/\/www.bagnoitalia.com\/de\/produkt\/eingebaute-185x150-whirlpool-badewanne-oder-mit-luft-und-wasserpumpenplatten-vs021.html#primaryimage\"},\"thumbnailUrl\":\"https:\/\/img.bagnoitalia.com\/wp-content\/uploads\/virtuemart\/product\/185-150-Jacuzzi-flush-mounted-VS021-1_1542035263_408.jpg\",\"datePublished\":\"2014-02-02T22:31:34+00:00\",\"dateModified\":\"2025-05-12T22:52:19+00:00\",\"description\":\"Eingebauter Whirlpool, schwarz \/ wei\u00dfer Rahmen. Abmessungen 185x150x74cm, ideal f\u00fcr 2 Personen. Taps enthalten, jetzt kaufen!\",\"breadcrumb\":{\"@id\":\"https:\/\/www.bagnoitalia.com\/de\/produkt\/eingebaute-185x150-whirlpool-badewanne-oder-mit-luft-und-wasserpumpenplatten-vs021.html#breadcrumb\"},\"inLanguage\":\"de\",\"potentialAction\":[{\"@type\":\"ReadAction\",\"target\":[\"https:\/\/www.bagnoitalia.com\/de\/produkt\/eingebaute-185x150-whirlpool-badewanne-oder-mit-luft-und-wasserpumpenplatten-vs021.html\"]}]},{\"@type\":\"ImageObject\",\"inLanguage\":\"de\",\"@id\":\"https:\/\/www.bagnoitalia.com\/de\/produkt\/eingebaute-185x150-whirlpool-badewanne-oder-mit-luft-und-wasserpumpenplatten-vs021.html#primaryimage\",\"url\":\"https:\/\/img.bagnoitalia.com\/wp-content\/uploads\/virtuemart\/product\/185-150-Jacuzzi-flush-mounted-VS021-1_1542035263_408.jpg\",\"contentUrl\":\"https:\/\/img.bagnoitalia.com\/wp-content\/uploads\/virtuemart\/product\/185-150-Jacuzzi-flush-mounted-VS021-1_1542035263_408.jpg\",\"width\":600,\"height\":600},{\"@type\":\"BreadcrumbList\",\"@id\":\"https:\/\/www.bagnoitalia.com\/de\/produkt\/eingebaute-185x150-whirlpool-badewanne-oder-mit-luft-und-wasserpumpenplatten-vs021.html#breadcrumb\",\"itemListElement\":[{\"@type\":\"ListItem\",\"position\":1,\"name\":\"Home\",\"item\":\"https:\/\/www.bagnoitalia.com\/de\"},{\"@type\":\"ListItem\",\"position\":2,\"name\":\"Produkte\",\"item\":\"https:\/\/www.bagnoitalia.com\/de\/shop\"},{\"@type\":\"ListItem\",\"position\":3,\"name\":\"Eingebaute 185&#215;150 Whirlpool-Badewanne oder mit Luft- und Wasserpumpenplatten VS021\"}]},{\"@type\":\"WebSite\",\"@id\":\"https:\/\/www.bagnoitalia.com\/de#website\",\"url\":\"https:\/\/www.bagnoitalia.com\/de\",\"name\":\"Bagno Italia\",\"description\":\"\",\"publisher\":{\"@id\":\"https:\/\/www.bagnoitalia.com\/de#organization\"},\"potentialAction\":[{\"@type\":\"SearchAction\",\"target\":{\"@type\":\"EntryPoint\",\"urlTemplate\":\"https:\/\/www.bagnoitalia.com\/de?s={search_term_string}\"},\"query-input\":{\"@type\":\"PropertyValueSpecification\",\"valueRequired\":true,\"valueName\":\"search_term_string\"}}],\"inLanguage\":\"de\"},{\"@type\":\"Organization\",\"@id\":\"https:\/\/www.bagnoitalia.com\/de#organization\",\"name\":\"Bagno Italia\",\"url\":\"https:\/\/www.bagnoitalia.com\/de\",\"logo\":{\"@type\":\"ImageObject\",\"inLanguage\":\"de\",\"@id\":\"https:\/\/www.bagnoitalia.com\/de#\/schema\/logo\/image\/\",\"url\":\"https:\/\/img.bagnoitalia.com\/wp-content\/uploads\/logo-bagnoitalia.webp\",\"contentUrl\":\"https:\/\/img.bagnoitalia.com\/wp-content\/uploads\/logo-bagnoitalia.webp\",\"width\":400,\"height\":70,\"caption\":\"Bagno Italia\"},\"image\":{\"@id\":\"https:\/\/www.bagnoitalia.com\/de#\/schema\/logo\/image\/\"}}]}<\/script>\n<!-- \/ Yoast SEO plugin. -->","yoast_head_json":{"title":"Eingebauter 185x150cm Jacuzzi, f\u00fcr 2 Personen vi","description":"Eingebauter Whirlpool, schwarz \/ wei\u00dfer Rahmen. Abmessungen 185x150x74cm, ideal f\u00fcr 2 Personen. Taps enthalten, jetzt kaufen!","robots":{"index":"index","follow":"follow","max-snippet":"max-snippet:-1","max-image-preview":"max-image-preview:large","max-video-preview":"max-video-preview:-1"},"canonical":"https:\/\/www.bagnoitalia.com\/de\/produkt\/eingebaute-185x150-whirlpool-badewanne-oder-mit-luft-und-wasserpumpenplatten-vs021.html","og_locale":"de_DE","og_type":"article","og_title":"Eingebauter 185x150cm Jacuzzi, f\u00fcr 2 Personen vi","og_description":"Eingebauter Whirlpool, schwarz \/ wei\u00dfer Rahmen. Abmessungen 185x150x74cm, ideal f\u00fcr 2 Personen. Taps enthalten, jetzt kaufen!","og_url":"https:\/\/www.bagnoitalia.com\/de\/produkt\/eingebaute-185x150-whirlpool-badewanne-oder-mit-luft-und-wasserpumpenplatten-vs021.html","og_site_name":"Bagno Italia","article_modified_time":"2025-05-12T22:52:19+00:00","og_image":[{"width":600,"height":600,"url":"https:\/\/img.bagnoitalia.com\/wp-content\/uploads\/virtuemart\/product\/185-150-Jacuzzi-flush-mounted-VS021-1_1542035263_408.jpg","type":"image\/jpeg"}],"twitter_card":"summary_large_image","twitter_misc":{"Gesch\u00e4tzte Lesezeit":"1\u00a0Minute"},"schema":{"@context":"https:\/\/schema.org","@graph":[{"@type":"WebPage","@id":"https:\/\/www.bagnoitalia.com\/de\/produkt\/eingebaute-185x150-whirlpool-badewanne-oder-mit-luft-und-wasserpumpenplatten-vs021.html","url":"https:\/\/www.bagnoitalia.com\/de\/produkt\/eingebaute-185x150-whirlpool-badewanne-oder-mit-luft-und-wasserpumpenplatten-vs021.html","name":"Eingebauter 185x150cm Jacuzzi, f\u00fcr 2 Personen vi","isPartOf":{"@id":"https:\/\/www.bagnoitalia.com\/de#website"},"primaryImageOfPage":{"@id":"https:\/\/www.bagnoitalia.com\/de\/produkt\/eingebaute-185x150-whirlpool-badewanne-oder-mit-luft-und-wasserpumpenplatten-vs021.html#primaryimage"},"image":{"@id":"https:\/\/www.bagnoitalia.com\/de\/produkt\/eingebaute-185x150-whirlpool-badewanne-oder-mit-luft-und-wasserpumpenplatten-vs021.html#primaryimage"},"thumbnailUrl":"https:\/\/img.bagnoitalia.com\/wp-content\/uploads\/virtuemart\/product\/185-150-Jacuzzi-flush-mounted-VS021-1_1542035263_408.jpg","datePublished":"2014-02-02T22:31:34+00:00","dateModified":"2025-05-12T22:52:19+00:00","description":"Eingebauter Whirlpool, schwarz \/ wei\u00dfer Rahmen. Abmessungen 185x150x74cm, ideal f\u00fcr 2 Personen. Taps enthalten, jetzt kaufen!","breadcrumb":{"@id":"https:\/\/www.bagnoitalia.com\/de\/produkt\/eingebaute-185x150-whirlpool-badewanne-oder-mit-luft-und-wasserpumpenplatten-vs021.html#breadcrumb"},"inLanguage":"de","potentialAction":[{"@type":"ReadAction","target":["https:\/\/www.bagnoitalia.com\/de\/produkt\/eingebaute-185x150-whirlpool-badewanne-oder-mit-luft-und-wasserpumpenplatten-vs021.html"]}]},{"@type":"ImageObject","inLanguage":"de","@id":"https:\/\/www.bagnoitalia.com\/de\/produkt\/eingebaute-185x150-whirlpool-badewanne-oder-mit-luft-und-wasserpumpenplatten-vs021.html#primaryimage","url":"https:\/\/img.bagnoitalia.com\/wp-content\/uploads\/virtuemart\/product\/185-150-Jacuzzi-flush-mounted-VS021-1_1542035263_408.jpg","contentUrl":"https:\/\/img.bagnoitalia.com\/wp-content\/uploads\/virtuemart\/product\/185-150-Jacuzzi-flush-mounted-VS021-1_1542035263_408.jpg","width":600,"height":600},{"@type":"BreadcrumbList","@id":"https:\/\/www.bagnoitalia.com\/de\/produkt\/eingebaute-185x150-whirlpool-badewanne-oder-mit-luft-und-wasserpumpenplatten-vs021.html#breadcrumb","itemListElement":[{"@type":"ListItem","position":1,"name":"Home","item":"https:\/\/www.bagnoitalia.com\/de"},{"@type":"ListItem","position":2,"name":"Produkte","item":"https:\/\/www.bagnoitalia.com\/de\/shop"},{"@type":"ListItem","position":3,"name":"Eingebaute 185&#215;150 Whirlpool-Badewanne oder mit Luft- und Wasserpumpenplatten VS021"}]},{"@type":"WebSite","@id":"https:\/\/www.bagnoitalia.com\/de#website","url":"https:\/\/www.bagnoitalia.com\/de","name":"Bagno Italia","description":"","publisher":{"@id":"https:\/\/www.bagnoitalia.com\/de#organization"},"potentialAction":[{"@type":"SearchAction","target":{"@type":"EntryPoint","urlTemplate":"https:\/\/www.bagnoitalia.com\/de?s={search_term_string}"},"query-input":{"@type":"PropertyValueSpecification","valueRequired":true,"valueName":"search_term_string"}}],"inLanguage":"de"},{"@type":"Organization","@id":"https:\/\/www.bagnoitalia.com\/de#organization","name":"Bagno Italia","url":"https:\/\/www.bagnoitalia.com\/de","logo":{"@type":"ImageObject","inLanguage":"de","@id":"https:\/\/www.bagnoitalia.com\/de#\/schema\/logo\/image\/","url":"https:\/\/img.bagnoitalia.com\/wp-content\/uploads\/logo-bagnoitalia.webp","contentUrl":"https:\/\/img.bagnoitalia.com\/wp-content\/uploads\/logo-bagnoitalia.webp","width":400,"height":70,"caption":"Bagno Italia"},"image":{"@id":"https:\/\/www.bagnoitalia.com\/de#\/schema\/logo\/image\/"}}]}},"_links":{"self":[{"href":"https:\/\/www.bagnoitalia.com\/de\/wp-json\/wp\/v2\/product\/78663","targetHints":{"allow":["GET"]}}],"collection":[{"href":"https:\/\/www.bagnoitalia.com\/de\/wp-json\/wp\/v2\/product"}],"about":[{"href":"https:\/\/www.bagnoitalia.com\/de\/wp-json\/wp\/v2\/types\/product"}],"replies":[{"embeddable":true,"href":"https:\/\/www.bagnoitalia.com\/de\/wp-json\/wp\/v2\/comments?post=78663"}],"version-history":[{"count":0,"href":"https:\/\/www.bagnoitalia.com\/de\/wp-json\/wp\/v2\/product\/78663\/revisions"}],"wp:featuredmedia":[{"embeddable":true,"href":"https:\/\/www.bagnoitalia.com\/de\/wp-json\/wp\/v2\/media\/21134"}],"wp:attachment":[{"href":"https:\/\/www.bagnoitalia.com\/de\/wp-json\/wp\/v2\/media?parent=78663"}],"wp:term":[{"taxonomy":"product_brand","embeddable":true,"href":"https:\/\/www.bagnoitalia.com\/de\/wp-json\/wp\/v2\/product_brand?post=78663"},{"taxonomy":"product_cat","embeddable":true,"href":"https:\/\/www.bagnoitalia.com\/de\/wp-json\/wp\/v2\/product_cat?post=78663"},{"taxonomy":"product_tag","embeddable":true,"href":"https:\/\/www.bagnoitalia.com\/de\/wp-json\/wp\/v2\/product_tag?post=78663"}],"curies":[{"name":"wp","href":"https:\/\/api.w.org\/{rel}","templated":true}]}}