{"id":78635,"date":"2014-02-02T18:58:03","date_gmt":"2014-02-02T17:58:03","guid":{"rendered":"https:\/\/www.bagnoitalia.com\/product\/infrarotsauna-120x115-fur-zwei-personen-chromotherapy-doppelbedienfeld-sn010"},"modified":"2024-05-11T00:03:05","modified_gmt":"2024-05-10T22:03:05","slug":"infrarotsauna-120x115-fur-zwei-personen-chromotherapy-doppelbedienfeld-sn010","status":"publish","type":"product","link":"https:\/\/www.bagnoitalia.com\/de\/produkt\/infrarotsauna-120x115-fur-zwei-personen-chromotherapy-doppelbedienfeld-sn010.html","title":{"rendered":"Infrarotsauna f\u00fcr 2 Personen, 120x115cm, mit Farbtherapie und doppeltem Bedienfeld und bluetooth SN010"},"content":{"rendered":"<p><span style=\"color: #000000; font-size: 12pt;\"><strong><strong>120x115x190<\/strong>cm Infrarotsauna f\u00fcr 2 Personen<br \/><\/strong><\/span><\/p>\n<ul>\n<li>Gr\u00f6\u00dfe: 120x190x115cm&nbsp;<\/li>\n<li>5 Infrarot-Keramikstrahler<\/li>\n<li>Farbtherapie<\/li>\n<li>Aromatherapie<\/li>\n<li>bluetooth&nbsp;<\/li>\n<li>Innen- und Au\u00dfenbeleuchtung<\/li>\n<li>Doppeltes Bedienfeld<\/li>\n<li>Medien: Radio, CD Player, MP3, USB, SD-Karte<\/li>\n<li>2 Lautsprecher<\/li>\n<li>Elektronisches Thermometer<\/li>\n<li>Bel\u00fcftungst\u00fcrchen<\/li>\n<li>Sitztiefe: 45cm<\/li>\n<li>Holzsauna: kanadisches Hemlockholz<\/li>\n<li>6dickes mm geh\u00e4rtetes Glas<\/li>\n<li>6cm dicke Wand<\/li>\n<li>Spannung: 220V<\/li>\n<li>Leistung: 1600W&nbsp;<\/li>\n<li>Temperatur: 18 bis 60\u00b0C<\/li>\n<\/ul>\n<p><span style=\"font-size: 10pt;\"><\/span><\/p>\n<div>\n<p>Die Sauna braucht im Gegensatz zu finnischen Saunas (60min) nur <strong>20\/25 Minuten zum Erw\u00e4rmen<\/strong>, sodass viel niedrigere Kosten verursacht werden. In der finnischen Sauna wird die Luft \u00fcber den Ofen erhitzt, weshalb ein intensiver Dampf entsteht, den nicht jeder ertr\u00e4gt, w\u00e4hrend bei der Infrarotsauna die Strahlen zu 80% direkt den K\u00f6rper erw\u00e4rmen, wodurch eine ertr\u00e4glichere Situation entsteht.<\/p>\n<p>Die Sauna hat eine <strong>Entspannungs- und Entgiftungsfunktion<\/strong>. Die Haut wird gereinigt und durch den Schwei\u00df werden S\u00e4uren und Giftstoffe beseitigt. Das neurovegetative System wird stimuliert, wodurch der allgemeine Stoffwechsel verbessert wird. Bez\u00fcglich der \u00e4sthetischen Ebene wird <strong>Cellulitis reduziert<\/strong> und die Elastizit\u00e4t des Gewebes gef\u00f6rdert, was jedoch am Besten durch eine gesundene Kombination von Sauna und Di\u00e4t erreicht werden kann. Durch die <strong>Tiefenreinigung der Epidermis<\/strong> bekommt die Haut neue Reinheit und Glanz.<\/p>\n<\/div>\n<p>&nbsp;<\/p>\n<p>&nbsp;<\/p>\n","protected":false},"excerpt":{"rendered":"<p>120x115cm gro\u00dfe Infrarotsauna f\u00fcr zwei Personen mit Au\u00dfenbeleuchtung, Radio und CD Player.<\/p>\n","protected":false},"featured_media":20950,"comment_status":"open","ping_status":"closed","template":"","meta":[],"product_brand":[5016],"product_cat":[9752],"product_tag":[],"class_list":{"0":"post-78635","1":"product","2":"type-product","3":"status-publish","4":"has-post-thumbnail","6":"product_brand-puntorelax","7":"product_cat-infrarotsauna","9":"first","10":"instock","11":"sale","12":"taxable","13":"shipping-taxable","14":"purchasable","15":"product-type-simple"},"exclude_global_add_ons":[],"addons":[],"yoast_head":"<!-- This site is optimized with the Yoast SEO plugin v26.7 - https:\/\/yoast.com\/wordpress\/plugins\/seo\/ -->\n<title>Infrarotsauna mit Farbtherapie, ideal f\u00fcr 2 Personen<\/title>\n<meta name=\"description\" content=\"Infrarotsauna mit Doppelbedienfeld, Abmessungen 120x115x190cm, ideal f\u00fcr 2 Personen. Mit Farbtherapie, CD-Player, Parf\u00fcmtherapie. Erfahren Sie mehr!\" \/>\n<meta name=\"robots\" content=\"index, follow, max-snippet:-1, max-image-preview:large, max-video-preview:-1\" \/>\n<link rel=\"canonical\" href=\"https:\/\/www.bagnoitalia.com\/de\/produkt\/infrarotsauna-120x115-fur-zwei-personen-chromotherapy-doppelbedienfeld-sn010.html\" \/>\n<meta property=\"og:locale\" content=\"de_DE\" \/>\n<meta property=\"og:type\" content=\"article\" \/>\n<meta property=\"og:title\" content=\"Infrarotsauna mit Farbtherapie, ideal f\u00fcr 2 Personen\" \/>\n<meta property=\"og:description\" content=\"Infrarotsauna mit Doppelbedienfeld, Abmessungen 120x115x190cm, ideal f\u00fcr 2 Personen. Mit Farbtherapie, CD-Player, Parf\u00fcmtherapie. Erfahren Sie mehr!\" \/>\n<meta property=\"og:url\" content=\"https:\/\/www.bagnoitalia.com\/de\/produkt\/infrarotsauna-120x115-fur-zwei-personen-chromotherapy-doppelbedienfeld-sn010.html\" \/>\n<meta property=\"og:site_name\" content=\"Bagno Italia\" \/>\n<meta property=\"article:modified_time\" content=\"2024-05-10T22:03:05+00:00\" \/>\n<meta property=\"og:image\" content=\"https:\/\/img.bagnoitalia.com\/wp-content\/uploads\/virtuemart\/product\/sauna-infrarossi-120x120-cm.jpg\" \/>\n\t<meta property=\"og:image:width\" content=\"550\" \/>\n\t<meta property=\"og:image:height\" content=\"550\" \/>\n\t<meta property=\"og:image:type\" content=\"image\/jpeg\" \/>\n<meta name=\"twitter:card\" content=\"summary_large_image\" \/>\n<meta name=\"twitter:label1\" content=\"Gesch\u00e4tzte Lesezeit\" \/>\n\t<meta name=\"twitter:data1\" content=\"1\u00a0Minute\" \/>\n<script type=\"application\/ld+json\" class=\"yoast-schema-graph\">{\"@context\":\"https:\/\/schema.org\",\"@graph\":[{\"@type\":\"WebPage\",\"@id\":\"https:\/\/www.bagnoitalia.com\/de\/produkt\/infrarotsauna-120x115-fur-zwei-personen-chromotherapy-doppelbedienfeld-sn010.html\",\"url\":\"https:\/\/www.bagnoitalia.com\/de\/produkt\/infrarotsauna-120x115-fur-zwei-personen-chromotherapy-doppelbedienfeld-sn010.html\",\"name\":\"Infrarotsauna mit Farbtherapie, ideal f\u00fcr 2 Personen\",\"isPartOf\":{\"@id\":\"https:\/\/www.bagnoitalia.com\/de#website\"},\"primaryImageOfPage\":{\"@id\":\"https:\/\/www.bagnoitalia.com\/de\/produkt\/infrarotsauna-120x115-fur-zwei-personen-chromotherapy-doppelbedienfeld-sn010.html#primaryimage\"},\"image\":{\"@id\":\"https:\/\/www.bagnoitalia.com\/de\/produkt\/infrarotsauna-120x115-fur-zwei-personen-chromotherapy-doppelbedienfeld-sn010.html#primaryimage\"},\"thumbnailUrl\":\"https:\/\/img.bagnoitalia.com\/wp-content\/uploads\/virtuemart\/product\/sauna-infrarossi-120x120-cm.jpg\",\"datePublished\":\"2014-02-02T17:58:03+00:00\",\"dateModified\":\"2024-05-10T22:03:05+00:00\",\"description\":\"Infrarotsauna mit Doppelbedienfeld, Abmessungen 120x115x190cm, ideal f\u00fcr 2 Personen. Mit Farbtherapie, CD-Player, Parf\u00fcmtherapie. Erfahren Sie mehr!\",\"breadcrumb\":{\"@id\":\"https:\/\/www.bagnoitalia.com\/de\/produkt\/infrarotsauna-120x115-fur-zwei-personen-chromotherapy-doppelbedienfeld-sn010.html#breadcrumb\"},\"inLanguage\":\"de\",\"potentialAction\":[{\"@type\":\"ReadAction\",\"target\":[\"https:\/\/www.bagnoitalia.com\/de\/produkt\/infrarotsauna-120x115-fur-zwei-personen-chromotherapy-doppelbedienfeld-sn010.html\"]}]},{\"@type\":\"ImageObject\",\"inLanguage\":\"de\",\"@id\":\"https:\/\/www.bagnoitalia.com\/de\/produkt\/infrarotsauna-120x115-fur-zwei-personen-chromotherapy-doppelbedienfeld-sn010.html#primaryimage\",\"url\":\"https:\/\/img.bagnoitalia.com\/wp-content\/uploads\/virtuemart\/product\/sauna-infrarossi-120x120-cm.jpg\",\"contentUrl\":\"https:\/\/img.bagnoitalia.com\/wp-content\/uploads\/virtuemart\/product\/sauna-infrarossi-120x120-cm.jpg\",\"width\":550,\"height\":550},{\"@type\":\"BreadcrumbList\",\"@id\":\"https:\/\/www.bagnoitalia.com\/de\/produkt\/infrarotsauna-120x115-fur-zwei-personen-chromotherapy-doppelbedienfeld-sn010.html#breadcrumb\",\"itemListElement\":[{\"@type\":\"ListItem\",\"position\":1,\"name\":\"Home\",\"item\":\"https:\/\/www.bagnoitalia.com\/de\"},{\"@type\":\"ListItem\",\"position\":2,\"name\":\"Produkte\",\"item\":\"https:\/\/www.bagnoitalia.com\/de\/shop\"},{\"@type\":\"ListItem\",\"position\":3,\"name\":\"Infrarotsauna f\u00fcr 2 Personen, 120x115cm, mit Farbtherapie und doppeltem Bedienfeld und bluetooth SN010\"}]},{\"@type\":\"WebSite\",\"@id\":\"https:\/\/www.bagnoitalia.com\/de#website\",\"url\":\"https:\/\/www.bagnoitalia.com\/de\",\"name\":\"Bagno Italia\",\"description\":\"\",\"publisher\":{\"@id\":\"https:\/\/www.bagnoitalia.com\/de#organization\"},\"potentialAction\":[{\"@type\":\"SearchAction\",\"target\":{\"@type\":\"EntryPoint\",\"urlTemplate\":\"https:\/\/www.bagnoitalia.com\/de?s={search_term_string}\"},\"query-input\":{\"@type\":\"PropertyValueSpecification\",\"valueRequired\":true,\"valueName\":\"search_term_string\"}}],\"inLanguage\":\"de\"},{\"@type\":\"Organization\",\"@id\":\"https:\/\/www.bagnoitalia.com\/de#organization\",\"name\":\"Bagno Italia\",\"url\":\"https:\/\/www.bagnoitalia.com\/de\",\"logo\":{\"@type\":\"ImageObject\",\"inLanguage\":\"de\",\"@id\":\"https:\/\/www.bagnoitalia.com\/de#\/schema\/logo\/image\/\",\"url\":\"https:\/\/img.bagnoitalia.com\/wp-content\/uploads\/logo-bagnoitalia.webp\",\"contentUrl\":\"https:\/\/img.bagnoitalia.com\/wp-content\/uploads\/logo-bagnoitalia.webp\",\"width\":400,\"height\":70,\"caption\":\"Bagno Italia\"},\"image\":{\"@id\":\"https:\/\/www.bagnoitalia.com\/de#\/schema\/logo\/image\/\"}}]}<\/script>\n<!-- \/ Yoast SEO plugin. -->","yoast_head_json":{"title":"Infrarotsauna mit Farbtherapie, ideal f\u00fcr 2 Personen","description":"Infrarotsauna mit Doppelbedienfeld, Abmessungen 120x115x190cm, ideal f\u00fcr 2 Personen. Mit Farbtherapie, CD-Player, Parf\u00fcmtherapie. Erfahren Sie mehr!","robots":{"index":"index","follow":"follow","max-snippet":"max-snippet:-1","max-image-preview":"max-image-preview:large","max-video-preview":"max-video-preview:-1"},"canonical":"https:\/\/www.bagnoitalia.com\/de\/produkt\/infrarotsauna-120x115-fur-zwei-personen-chromotherapy-doppelbedienfeld-sn010.html","og_locale":"de_DE","og_type":"article","og_title":"Infrarotsauna mit Farbtherapie, ideal f\u00fcr 2 Personen","og_description":"Infrarotsauna mit Doppelbedienfeld, Abmessungen 120x115x190cm, ideal f\u00fcr 2 Personen. Mit Farbtherapie, CD-Player, Parf\u00fcmtherapie. Erfahren Sie mehr!","og_url":"https:\/\/www.bagnoitalia.com\/de\/produkt\/infrarotsauna-120x115-fur-zwei-personen-chromotherapy-doppelbedienfeld-sn010.html","og_site_name":"Bagno Italia","article_modified_time":"2024-05-10T22:03:05+00:00","og_image":[{"width":550,"height":550,"url":"https:\/\/img.bagnoitalia.com\/wp-content\/uploads\/virtuemart\/product\/sauna-infrarossi-120x120-cm.jpg","type":"image\/jpeg"}],"twitter_card":"summary_large_image","twitter_misc":{"Gesch\u00e4tzte Lesezeit":"1\u00a0Minute"},"schema":{"@context":"https:\/\/schema.org","@graph":[{"@type":"WebPage","@id":"https:\/\/www.bagnoitalia.com\/de\/produkt\/infrarotsauna-120x115-fur-zwei-personen-chromotherapy-doppelbedienfeld-sn010.html","url":"https:\/\/www.bagnoitalia.com\/de\/produkt\/infrarotsauna-120x115-fur-zwei-personen-chromotherapy-doppelbedienfeld-sn010.html","name":"Infrarotsauna mit Farbtherapie, ideal f\u00fcr 2 Personen","isPartOf":{"@id":"https:\/\/www.bagnoitalia.com\/de#website"},"primaryImageOfPage":{"@id":"https:\/\/www.bagnoitalia.com\/de\/produkt\/infrarotsauna-120x115-fur-zwei-personen-chromotherapy-doppelbedienfeld-sn010.html#primaryimage"},"image":{"@id":"https:\/\/www.bagnoitalia.com\/de\/produkt\/infrarotsauna-120x115-fur-zwei-personen-chromotherapy-doppelbedienfeld-sn010.html#primaryimage"},"thumbnailUrl":"https:\/\/img.bagnoitalia.com\/wp-content\/uploads\/virtuemart\/product\/sauna-infrarossi-120x120-cm.jpg","datePublished":"2014-02-02T17:58:03+00:00","dateModified":"2024-05-10T22:03:05+00:00","description":"Infrarotsauna mit Doppelbedienfeld, Abmessungen 120x115x190cm, ideal f\u00fcr 2 Personen. Mit Farbtherapie, CD-Player, Parf\u00fcmtherapie. Erfahren Sie mehr!","breadcrumb":{"@id":"https:\/\/www.bagnoitalia.com\/de\/produkt\/infrarotsauna-120x115-fur-zwei-personen-chromotherapy-doppelbedienfeld-sn010.html#breadcrumb"},"inLanguage":"de","potentialAction":[{"@type":"ReadAction","target":["https:\/\/www.bagnoitalia.com\/de\/produkt\/infrarotsauna-120x115-fur-zwei-personen-chromotherapy-doppelbedienfeld-sn010.html"]}]},{"@type":"ImageObject","inLanguage":"de","@id":"https:\/\/www.bagnoitalia.com\/de\/produkt\/infrarotsauna-120x115-fur-zwei-personen-chromotherapy-doppelbedienfeld-sn010.html#primaryimage","url":"https:\/\/img.bagnoitalia.com\/wp-content\/uploads\/virtuemart\/product\/sauna-infrarossi-120x120-cm.jpg","contentUrl":"https:\/\/img.bagnoitalia.com\/wp-content\/uploads\/virtuemart\/product\/sauna-infrarossi-120x120-cm.jpg","width":550,"height":550},{"@type":"BreadcrumbList","@id":"https:\/\/www.bagnoitalia.com\/de\/produkt\/infrarotsauna-120x115-fur-zwei-personen-chromotherapy-doppelbedienfeld-sn010.html#breadcrumb","itemListElement":[{"@type":"ListItem","position":1,"name":"Home","item":"https:\/\/www.bagnoitalia.com\/de"},{"@type":"ListItem","position":2,"name":"Produkte","item":"https:\/\/www.bagnoitalia.com\/de\/shop"},{"@type":"ListItem","position":3,"name":"Infrarotsauna f\u00fcr 2 Personen, 120x115cm, mit Farbtherapie und doppeltem Bedienfeld und bluetooth SN010"}]},{"@type":"WebSite","@id":"https:\/\/www.bagnoitalia.com\/de#website","url":"https:\/\/www.bagnoitalia.com\/de","name":"Bagno Italia","description":"","publisher":{"@id":"https:\/\/www.bagnoitalia.com\/de#organization"},"potentialAction":[{"@type":"SearchAction","target":{"@type":"EntryPoint","urlTemplate":"https:\/\/www.bagnoitalia.com\/de?s={search_term_string}"},"query-input":{"@type":"PropertyValueSpecification","valueRequired":true,"valueName":"search_term_string"}}],"inLanguage":"de"},{"@type":"Organization","@id":"https:\/\/www.bagnoitalia.com\/de#organization","name":"Bagno Italia","url":"https:\/\/www.bagnoitalia.com\/de","logo":{"@type":"ImageObject","inLanguage":"de","@id":"https:\/\/www.bagnoitalia.com\/de#\/schema\/logo\/image\/","url":"https:\/\/img.bagnoitalia.com\/wp-content\/uploads\/logo-bagnoitalia.webp","contentUrl":"https:\/\/img.bagnoitalia.com\/wp-content\/uploads\/logo-bagnoitalia.webp","width":400,"height":70,"caption":"Bagno Italia"},"image":{"@id":"https:\/\/www.bagnoitalia.com\/de#\/schema\/logo\/image\/"}}]}},"_links":{"self":[{"href":"https:\/\/www.bagnoitalia.com\/de\/wp-json\/wp\/v2\/product\/78635","targetHints":{"allow":["GET"]}}],"collection":[{"href":"https:\/\/www.bagnoitalia.com\/de\/wp-json\/wp\/v2\/product"}],"about":[{"href":"https:\/\/www.bagnoitalia.com\/de\/wp-json\/wp\/v2\/types\/product"}],"replies":[{"embeddable":true,"href":"https:\/\/www.bagnoitalia.com\/de\/wp-json\/wp\/v2\/comments?post=78635"}],"version-history":[{"count":0,"href":"https:\/\/www.bagnoitalia.com\/de\/wp-json\/wp\/v2\/product\/78635\/revisions"}],"wp:featuredmedia":[{"embeddable":true,"href":"https:\/\/www.bagnoitalia.com\/de\/wp-json\/wp\/v2\/media\/20950"}],"wp:attachment":[{"href":"https:\/\/www.bagnoitalia.com\/de\/wp-json\/wp\/v2\/media?parent=78635"}],"wp:term":[{"taxonomy":"product_brand","embeddable":true,"href":"https:\/\/www.bagnoitalia.com\/de\/wp-json\/wp\/v2\/product_brand?post=78635"},{"taxonomy":"product_cat","embeddable":true,"href":"https:\/\/www.bagnoitalia.com\/de\/wp-json\/wp\/v2\/product_cat?post=78635"},{"taxonomy":"product_tag","embeddable":true,"href":"https:\/\/www.bagnoitalia.com\/de\/wp-json\/wp\/v2\/product_tag?post=78635"}],"curies":[{"name":"wp","href":"https:\/\/api.w.org\/{rel}","templated":true}]}}