{"id":78631,"date":"2014-02-02T15:02:06","date_gmt":"2014-02-02T14:02:06","guid":{"rendered":"https:\/\/www.bagnoitalia.com\/product\/mini-pool-mit-wasser-und-luftmassage-230x230-mit-6-sitzer-ozon-therapie-led-heizung"},"modified":"2025-06-16T16:14:00","modified_gmt":"2025-06-16T14:14:00","slug":"mini-pool-mit-wasser-und-luftmassage-230x230-mit-6-sitzer-ozon-therapie-led-heizung","status":"publish","type":"product","link":"https:\/\/www.bagnoitalia.com\/de\/produkt\/mini-pool-mit-wasser-und-luftmassage-230x230-mit-6-sitzer-ozon-therapie-led-heizung.html","title":{"rendered":"Mini-Pool mit Wasser- und Luftwhirlpool 230&#215;230 mit 6 Sitzen UV-Desinfektionsmittel LED-Heizung MP04"},"content":{"rendered":"<p>&nbsp;<\/p>\n<p>Whirlpool 230x230cm MP04<\/p>\n<p>&nbsp;<\/p>\n<p>&nbsp;<\/p>\n<p>Quadratischer Whirlpool 230x230xH90 cm<\/p>\n<p>Innenfarbe: wei\u00df<\/p>\n<p>Au\u00dfenfarbe: grau<\/p>\n<p>Gratis ISOTHERMAL COVER im Wert von 380\u20ac.<\/p>\n<p>Anleitung f\u00fcr die Installation des Minipools:<\/p>\n<p>&#8211; kompatibel zum Bef\u00fcllen und Entleeren \u00fcber einen einfachen externen Schlauch,<\/p>\n<p>&#8211; einschlie\u00dflich eines Steckers zum Anschlie\u00dfen an die Steckdose,<\/p>\n<p>&#8211; sowohl f\u00fcr den Innen- als auch f\u00fcr den Au\u00dfenbereich geeignet.<\/p>\n<p>Der maximale Verbrauch betr\u00e4gt 4 kW, da er so eingestellt ist, dass sich die Whirlpoolpumpen automatisch abschalten, wenn die Heizung in Betrieb ist und umgekehrt. Diese Einstellung kann \u00fcber das Bedienfeld ge\u00e4ndert werden.<\/p>\n<p>&nbsp;<\/p>\n<p>EIGENSCHAFTEN UND FUNKTIONEN<\/p>\n<p>Abmessungen: 2300 x 2300 x 900 mm<\/p>\n<p>Material: Acryl (glasfaserverst\u00e4rktes Harz)<\/p>\n<p>Au\u00dfenverkleidung: PVC in Holzoptik<\/p>\n<p>Elektrischer Anschluss: 220v\/50hz<\/p>\n<p>Anzahl der Hydromassagepumpen (3 PS): 2<\/p>\n<p>n. Luftpumpe (1hp): 1<\/p>\n<p>n. Umw\u00e4lzpumpe (0.35hp): 1<\/p>\n<p>heizung max 40\u00b0 (3kw) (balboa)<\/p>\n<p>UV-Desinfektionsmittel<\/p>\n<p>Filtersystem: 2 Filter<\/p>\n<p>computergesteuertes steuerger\u00e4t: balboa bp2100g0<\/p>\n<p>n. unterwasser led chromotherapie-scheinwerfer: 1<\/p>\n<p>Anzahl der Wasserfalld\u00fcsen: 3<\/p>\n<p>Anzahl der Hydromassage-D\u00fcsen: 51<\/p>\n<p>anzahl luftd\u00fcsen: 15<\/p>\n<p>n. sitze: 4<\/p>\n<p>Anzahl der Chaiselongues: 2<\/p>\n<p>Anzahl der Kopfst\u00fctzen: 6<\/p>\n<p>Leergewicht: 500 kg<\/p>\n<p>Wasservolumen: 1,2 m3<\/p>\n<p>Untergestell: Acryl<\/p>\n<p>Isothermischer Bezug<\/p>\n<p>CE-Zertifizierung<\/p>\n<p>Garantie: 2 Jahre<\/p>\n<p>&nbsp;<\/p>\n<p>&nbsp;<\/p>\n","protected":false},"excerpt":{"rendered":"<p>Quadratischer Minipool mit Wasser- und Luftwhirlpool 230&#215;230 f\u00fcr 6 Personen, mit UV-Desinfektionsmittel und Heizung.<\/p>\n","protected":false},"featured_media":103788,"comment_status":"open","ping_status":"closed","template":"","meta":[],"product_brand":[9910],"product_cat":[10070],"product_tag":[],"class_list":{"0":"post-78631","1":"product","2":"type-product","3":"status-publish","4":"has-post-thumbnail","6":"product_brand-puntorelax-de","7":"product_cat-whirlpools-im-freien","9":"first","10":"instock","11":"sale","12":"taxable","13":"shipping-taxable","14":"purchasable","15":"product-type-simple"},"exclude_global_add_ons":[],"addons":[],"yoast_head":"<!-- This site is optimized with the Yoast SEO plugin v26.7 - https:\/\/yoast.com\/wordpress\/plugins\/seo\/ -->\n<title>Hydromassage-Mini-Pool f\u00fcr 6 Personen 230x230cm, 56 D\u00fcsen pr<\/title>\n<meta name=\"description\" content=\"Minipool Wasser- und Luftmassage aus Acryl, Abmessungen 230x230x93cm mit 56 Aluminiumd\u00fcsen, ideal f\u00fcr 6 Personen.\" \/>\n<meta name=\"robots\" content=\"index, follow, max-snippet:-1, max-image-preview:large, max-video-preview:-1\" \/>\n<link rel=\"canonical\" href=\"https:\/\/www.bagnoitalia.com\/de\/produkt\/mini-pool-mit-wasser-und-luftmassage-230x230-mit-6-sitzer-ozon-therapie-led-heizung.html\" \/>\n<meta property=\"og:locale\" content=\"de_DE\" \/>\n<meta property=\"og:type\" content=\"article\" \/>\n<meta property=\"og:title\" content=\"Hydromassage-Mini-Pool f\u00fcr 6 Personen 230x230cm, 56 D\u00fcsen pr\" \/>\n<meta property=\"og:description\" content=\"Minipool Wasser- und Luftmassage aus Acryl, Abmessungen 230x230x93cm mit 56 Aluminiumd\u00fcsen, ideal f\u00fcr 6 Personen.\" \/>\n<meta property=\"og:url\" content=\"https:\/\/www.bagnoitalia.com\/de\/produkt\/mini-pool-mit-wasser-und-luftmassage-230x230-mit-6-sitzer-ozon-therapie-led-heizung.html\" \/>\n<meta property=\"og:site_name\" content=\"Bagno Italia\" \/>\n<meta property=\"article:modified_time\" content=\"2025-06-16T14:14:00+00:00\" \/>\n<meta property=\"og:image\" content=\"https:\/\/img.bagnoitalia.com\/wp-content\/uploads\/1-226.webp\" \/>\n\t<meta property=\"og:image:width\" content=\"1000\" \/>\n\t<meta property=\"og:image:height\" content=\"1000\" \/>\n\t<meta property=\"og:image:type\" content=\"image\/webp\" \/>\n<meta name=\"twitter:card\" content=\"summary_large_image\" \/>\n<meta name=\"twitter:label1\" content=\"Gesch\u00e4tzte Lesezeit\" \/>\n\t<meta name=\"twitter:data1\" content=\"1\u00a0Minute\" \/>\n<script type=\"application\/ld+json\" class=\"yoast-schema-graph\">{\"@context\":\"https:\/\/schema.org\",\"@graph\":[{\"@type\":\"WebPage\",\"@id\":\"https:\/\/www.bagnoitalia.com\/de\/produkt\/mini-pool-mit-wasser-und-luftmassage-230x230-mit-6-sitzer-ozon-therapie-led-heizung.html\",\"url\":\"https:\/\/www.bagnoitalia.com\/de\/produkt\/mini-pool-mit-wasser-und-luftmassage-230x230-mit-6-sitzer-ozon-therapie-led-heizung.html\",\"name\":\"Hydromassage-Mini-Pool f\u00fcr 6 Personen 230x230cm, 56 D\u00fcsen pr\",\"isPartOf\":{\"@id\":\"https:\/\/www.bagnoitalia.com\/de#website\"},\"primaryImageOfPage\":{\"@id\":\"https:\/\/www.bagnoitalia.com\/de\/produkt\/mini-pool-mit-wasser-und-luftmassage-230x230-mit-6-sitzer-ozon-therapie-led-heizung.html#primaryimage\"},\"image\":{\"@id\":\"https:\/\/www.bagnoitalia.com\/de\/produkt\/mini-pool-mit-wasser-und-luftmassage-230x230-mit-6-sitzer-ozon-therapie-led-heizung.html#primaryimage\"},\"thumbnailUrl\":\"https:\/\/img.bagnoitalia.com\/wp-content\/uploads\/1-226.webp\",\"datePublished\":\"2014-02-02T14:02:06+00:00\",\"dateModified\":\"2025-06-16T14:14:00+00:00\",\"description\":\"Minipool Wasser- und Luftmassage aus Acryl, Abmessungen 230x230x93cm mit 56 Aluminiumd\u00fcsen, ideal f\u00fcr 6 Personen.\",\"breadcrumb\":{\"@id\":\"https:\/\/www.bagnoitalia.com\/de\/produkt\/mini-pool-mit-wasser-und-luftmassage-230x230-mit-6-sitzer-ozon-therapie-led-heizung.html#breadcrumb\"},\"inLanguage\":\"de\",\"potentialAction\":[{\"@type\":\"ReadAction\",\"target\":[\"https:\/\/www.bagnoitalia.com\/de\/produkt\/mini-pool-mit-wasser-und-luftmassage-230x230-mit-6-sitzer-ozon-therapie-led-heizung.html\"]}]},{\"@type\":\"ImageObject\",\"inLanguage\":\"de\",\"@id\":\"https:\/\/www.bagnoitalia.com\/de\/produkt\/mini-pool-mit-wasser-und-luftmassage-230x230-mit-6-sitzer-ozon-therapie-led-heizung.html#primaryimage\",\"url\":\"https:\/\/img.bagnoitalia.com\/wp-content\/uploads\/1-226.webp\",\"contentUrl\":\"https:\/\/img.bagnoitalia.com\/wp-content\/uploads\/1-226.webp\",\"width\":1000,\"height\":1000},{\"@type\":\"BreadcrumbList\",\"@id\":\"https:\/\/www.bagnoitalia.com\/de\/produkt\/mini-pool-mit-wasser-und-luftmassage-230x230-mit-6-sitzer-ozon-therapie-led-heizung.html#breadcrumb\",\"itemListElement\":[{\"@type\":\"ListItem\",\"position\":1,\"name\":\"Home\",\"item\":\"https:\/\/www.bagnoitalia.com\/de\"},{\"@type\":\"ListItem\",\"position\":2,\"name\":\"Produkte\",\"item\":\"https:\/\/www.bagnoitalia.com\/de\/shop\"},{\"@type\":\"ListItem\",\"position\":3,\"name\":\"Mini-Pool mit Wasser- und Luftwhirlpool 230&#215;230 mit 6 Sitzen UV-Desinfektionsmittel LED-Heizung MP04\"}]},{\"@type\":\"WebSite\",\"@id\":\"https:\/\/www.bagnoitalia.com\/de#website\",\"url\":\"https:\/\/www.bagnoitalia.com\/de\",\"name\":\"Bagno Italia\",\"description\":\"\",\"publisher\":{\"@id\":\"https:\/\/www.bagnoitalia.com\/de#organization\"},\"potentialAction\":[{\"@type\":\"SearchAction\",\"target\":{\"@type\":\"EntryPoint\",\"urlTemplate\":\"https:\/\/www.bagnoitalia.com\/de?s={search_term_string}\"},\"query-input\":{\"@type\":\"PropertyValueSpecification\",\"valueRequired\":true,\"valueName\":\"search_term_string\"}}],\"inLanguage\":\"de\"},{\"@type\":\"Organization\",\"@id\":\"https:\/\/www.bagnoitalia.com\/de#organization\",\"name\":\"Bagno Italia\",\"url\":\"https:\/\/www.bagnoitalia.com\/de\",\"logo\":{\"@type\":\"ImageObject\",\"inLanguage\":\"de\",\"@id\":\"https:\/\/www.bagnoitalia.com\/de#\/schema\/logo\/image\/\",\"url\":\"https:\/\/img.bagnoitalia.com\/wp-content\/uploads\/logo-bagnoitalia.webp\",\"contentUrl\":\"https:\/\/img.bagnoitalia.com\/wp-content\/uploads\/logo-bagnoitalia.webp\",\"width\":400,\"height\":70,\"caption\":\"Bagno Italia\"},\"image\":{\"@id\":\"https:\/\/www.bagnoitalia.com\/de#\/schema\/logo\/image\/\"}}]}<\/script>\n<!-- \/ Yoast SEO plugin. -->","yoast_head_json":{"title":"Hydromassage-Mini-Pool f\u00fcr 6 Personen 230x230cm, 56 D\u00fcsen pr","description":"Minipool Wasser- und Luftmassage aus Acryl, Abmessungen 230x230x93cm mit 56 Aluminiumd\u00fcsen, ideal f\u00fcr 6 Personen.","robots":{"index":"index","follow":"follow","max-snippet":"max-snippet:-1","max-image-preview":"max-image-preview:large","max-video-preview":"max-video-preview:-1"},"canonical":"https:\/\/www.bagnoitalia.com\/de\/produkt\/mini-pool-mit-wasser-und-luftmassage-230x230-mit-6-sitzer-ozon-therapie-led-heizung.html","og_locale":"de_DE","og_type":"article","og_title":"Hydromassage-Mini-Pool f\u00fcr 6 Personen 230x230cm, 56 D\u00fcsen pr","og_description":"Minipool Wasser- und Luftmassage aus Acryl, Abmessungen 230x230x93cm mit 56 Aluminiumd\u00fcsen, ideal f\u00fcr 6 Personen.","og_url":"https:\/\/www.bagnoitalia.com\/de\/produkt\/mini-pool-mit-wasser-und-luftmassage-230x230-mit-6-sitzer-ozon-therapie-led-heizung.html","og_site_name":"Bagno Italia","article_modified_time":"2025-06-16T14:14:00+00:00","og_image":[{"width":1000,"height":1000,"url":"https:\/\/img.bagnoitalia.com\/wp-content\/uploads\/1-226.webp","type":"image\/webp"}],"twitter_card":"summary_large_image","twitter_misc":{"Gesch\u00e4tzte Lesezeit":"1\u00a0Minute"},"schema":{"@context":"https:\/\/schema.org","@graph":[{"@type":"WebPage","@id":"https:\/\/www.bagnoitalia.com\/de\/produkt\/mini-pool-mit-wasser-und-luftmassage-230x230-mit-6-sitzer-ozon-therapie-led-heizung.html","url":"https:\/\/www.bagnoitalia.com\/de\/produkt\/mini-pool-mit-wasser-und-luftmassage-230x230-mit-6-sitzer-ozon-therapie-led-heizung.html","name":"Hydromassage-Mini-Pool f\u00fcr 6 Personen 230x230cm, 56 D\u00fcsen pr","isPartOf":{"@id":"https:\/\/www.bagnoitalia.com\/de#website"},"primaryImageOfPage":{"@id":"https:\/\/www.bagnoitalia.com\/de\/produkt\/mini-pool-mit-wasser-und-luftmassage-230x230-mit-6-sitzer-ozon-therapie-led-heizung.html#primaryimage"},"image":{"@id":"https:\/\/www.bagnoitalia.com\/de\/produkt\/mini-pool-mit-wasser-und-luftmassage-230x230-mit-6-sitzer-ozon-therapie-led-heizung.html#primaryimage"},"thumbnailUrl":"https:\/\/img.bagnoitalia.com\/wp-content\/uploads\/1-226.webp","datePublished":"2014-02-02T14:02:06+00:00","dateModified":"2025-06-16T14:14:00+00:00","description":"Minipool Wasser- und Luftmassage aus Acryl, Abmessungen 230x230x93cm mit 56 Aluminiumd\u00fcsen, ideal f\u00fcr 6 Personen.","breadcrumb":{"@id":"https:\/\/www.bagnoitalia.com\/de\/produkt\/mini-pool-mit-wasser-und-luftmassage-230x230-mit-6-sitzer-ozon-therapie-led-heizung.html#breadcrumb"},"inLanguage":"de","potentialAction":[{"@type":"ReadAction","target":["https:\/\/www.bagnoitalia.com\/de\/produkt\/mini-pool-mit-wasser-und-luftmassage-230x230-mit-6-sitzer-ozon-therapie-led-heizung.html"]}]},{"@type":"ImageObject","inLanguage":"de","@id":"https:\/\/www.bagnoitalia.com\/de\/produkt\/mini-pool-mit-wasser-und-luftmassage-230x230-mit-6-sitzer-ozon-therapie-led-heizung.html#primaryimage","url":"https:\/\/img.bagnoitalia.com\/wp-content\/uploads\/1-226.webp","contentUrl":"https:\/\/img.bagnoitalia.com\/wp-content\/uploads\/1-226.webp","width":1000,"height":1000},{"@type":"BreadcrumbList","@id":"https:\/\/www.bagnoitalia.com\/de\/produkt\/mini-pool-mit-wasser-und-luftmassage-230x230-mit-6-sitzer-ozon-therapie-led-heizung.html#breadcrumb","itemListElement":[{"@type":"ListItem","position":1,"name":"Home","item":"https:\/\/www.bagnoitalia.com\/de"},{"@type":"ListItem","position":2,"name":"Produkte","item":"https:\/\/www.bagnoitalia.com\/de\/shop"},{"@type":"ListItem","position":3,"name":"Mini-Pool mit Wasser- und Luftwhirlpool 230&#215;230 mit 6 Sitzen UV-Desinfektionsmittel LED-Heizung MP04"}]},{"@type":"WebSite","@id":"https:\/\/www.bagnoitalia.com\/de#website","url":"https:\/\/www.bagnoitalia.com\/de","name":"Bagno Italia","description":"","publisher":{"@id":"https:\/\/www.bagnoitalia.com\/de#organization"},"potentialAction":[{"@type":"SearchAction","target":{"@type":"EntryPoint","urlTemplate":"https:\/\/www.bagnoitalia.com\/de?s={search_term_string}"},"query-input":{"@type":"PropertyValueSpecification","valueRequired":true,"valueName":"search_term_string"}}],"inLanguage":"de"},{"@type":"Organization","@id":"https:\/\/www.bagnoitalia.com\/de#organization","name":"Bagno Italia","url":"https:\/\/www.bagnoitalia.com\/de","logo":{"@type":"ImageObject","inLanguage":"de","@id":"https:\/\/www.bagnoitalia.com\/de#\/schema\/logo\/image\/","url":"https:\/\/img.bagnoitalia.com\/wp-content\/uploads\/logo-bagnoitalia.webp","contentUrl":"https:\/\/img.bagnoitalia.com\/wp-content\/uploads\/logo-bagnoitalia.webp","width":400,"height":70,"caption":"Bagno Italia"},"image":{"@id":"https:\/\/www.bagnoitalia.com\/de#\/schema\/logo\/image\/"}}]}},"_links":{"self":[{"href":"https:\/\/www.bagnoitalia.com\/de\/wp-json\/wp\/v2\/product\/78631","targetHints":{"allow":["GET"]}}],"collection":[{"href":"https:\/\/www.bagnoitalia.com\/de\/wp-json\/wp\/v2\/product"}],"about":[{"href":"https:\/\/www.bagnoitalia.com\/de\/wp-json\/wp\/v2\/types\/product"}],"replies":[{"embeddable":true,"href":"https:\/\/www.bagnoitalia.com\/de\/wp-json\/wp\/v2\/comments?post=78631"}],"version-history":[{"count":5,"href":"https:\/\/www.bagnoitalia.com\/de\/wp-json\/wp\/v2\/product\/78631\/revisions"}],"predecessor-version":[{"id":109063,"href":"https:\/\/www.bagnoitalia.com\/de\/wp-json\/wp\/v2\/product\/78631\/revisions\/109063"}],"wp:featuredmedia":[{"embeddable":true,"href":"https:\/\/www.bagnoitalia.com\/de\/wp-json\/wp\/v2\/media\/103788"}],"wp:attachment":[{"href":"https:\/\/www.bagnoitalia.com\/de\/wp-json\/wp\/v2\/media?parent=78631"}],"wp:term":[{"taxonomy":"product_brand","embeddable":true,"href":"https:\/\/www.bagnoitalia.com\/de\/wp-json\/wp\/v2\/product_brand?post=78631"},{"taxonomy":"product_cat","embeddable":true,"href":"https:\/\/www.bagnoitalia.com\/de\/wp-json\/wp\/v2\/product_cat?post=78631"},{"taxonomy":"product_tag","embeddable":true,"href":"https:\/\/www.bagnoitalia.com\/de\/wp-json\/wp\/v2\/product_tag?post=78631"}],"curies":[{"name":"wp","href":"https:\/\/api.w.org\/{rel}","templated":true}]}}