{"id":78619,"date":"2014-02-02T14:35:49","date_gmt":"2014-02-02T13:35:49","guid":{"rendered":"https:\/\/www.bagnoitalia.com\/product\/jacuzzi-210x100-mit-24-ozontherapiedusen-fur-zwei-personen"},"modified":"2024-05-16T16:51:37","modified_gmt":"2024-05-16T14:51:37","slug":"jacuzzi-210x100-mit-24-ozontherapiedusen-fur-zwei-personen","status":"publish","type":"product","link":"https:\/\/www.bagnoitalia.com\/de\/produkt\/jacuzzi-210x100-mit-24-ozontherapiedusen-fur-zwei-personen.html","title":{"rendered":"Jacuzzi 210&#215;100 mit 24 Ozontherapied\u00fcsen f\u00fcr zwei Personen"},"content":{"rendered":"<p> <span style=\"font-size: 10pt;\">Produkt bestehend aus einer Basis komplett aus Acryl in zwei Farben,<\/span> <\/p>\n<p> <span style=\"font-size: 10pt;\">komplett mit pumpe und zweisitzigen hydromassaged\u00fcsen.<\/span> <\/p>\n<\/p>\n<p> <span style=\"font-size: 12pt;\"><strong>Mini-Pool f\u00fcr zwei Personen <br \/><\/strong><\/span> <\/p>\n<\/p>\n<p> <span style=\"color: #000000; font-size: 10pt;\">Mini-Pool aus Acryl-Whirlpool, insgesamt 24 Aluminiumd\u00fcsen, Umw\u00e4lzpumpe, Hydromassagepumpe,<\/span> <\/p>\n<p> <span style=\"color: #000000; font-size: 10pt;\">Balboa-Bedienfeld, Balboa-Heizung, Ozonator, Filtersystem, LED-Beleuchtung, 2 Sitze.<\/span> <\/p>\n<p> <span style=\"font-size: 10pt;\"><strong><span style=\"color: #000000;\">Isotherme Abdeckung enthalten.<\/span><\/strong><\/span> <\/p>\n<p> <span style=\"color: #000000; font-size: 10pt;\">Leergewicht 200 kg, Wasservolumen 0,7 m3, CE-Zertifizierung.<\/span> <\/p>\n<p> <span style=\"color: #000000; font-size: 10pt;\"><strong>Innenfarbe: wei\u00df;<\/strong><\/span> <\/p>\n<p> <span style=\"color: #000000; font-size: 10pt;\"><strong>Au\u00dfenfarbe: grau.<\/strong><\/span> <\/p>\n<p> <span style=\"text-align: center; font-size: 10pt;\">Abmessungen: 2100 x 1000 x 790 mm<\/span> <\/p>\n<\/p>\n<p> <span style=\"text-decoration: underline;\"><span style=\"text-align: center; font-size: 10pt;\"><strong><span style=\"color: #ff0000; text-decoration: underline;\">ANGEBOT<\/span> : <span style=\"color: #0000ff; text-decoration: underline;\">ISOTHERMISCHE ABDECKUNG<\/span> im Wert von 380 \u20ac.<\/strong><\/span><\/span> <\/p>\n<\/p>\n<p> <strong><span style=\"font-size: 12pt;\"><a href=\"kit-trattamento-dellacqua-per-minipiscine.html\">Klicken Sie hier,<\/a> um auch das Wasseraufbereitungsset zu erhalten<\/span><\/strong> <\/p>\n<\/p>\n<p> <span style=\"text-decoration: underline;\"><span style=\"font-size: 10pt;\">Mini-Pool-Installationsanweisungen:<\/span><\/span> <\/p>\n<p> <span style=\"font-size: 10pt;\">&#8211; einschlie\u00dflich eines Be- und Entladeventils, das das Bef\u00fcllen und Entleeren erm\u00f6glicht,<\/span> <\/p>\n<p> <span style=\"font-size: 10pt;\">&#8211; betriebsbereit durch einfaches Anschlie\u00dfen eines Steckers an die Steckdose,<\/span> <\/p>\n<p> <span style=\"font-size: 10pt;\">&#8211; kompatibel f\u00fcr Innen- und Au\u00dfenumgebungen<\/span> <\/p>\n<p> <span style=\"font-size: 10pt;\">&#8211; sich gegen\u00fcber sitzen.<\/span> <\/p>\n<\/p>\n<p> <span style=\"color: #000000; text-align: center;\"><span style=\"text-decoration: underline;\"><span style=\"text-align: center; font-size: 10pt;\"><strong><span style=\"font-size: 11pt; font-family: 'Calibri','sans-serif'; color: #1f497d;\">Der maximale Verbrauch betr\u00e4gt 2 kW, da eingestellt wird, dass sich die Hydromassage-Pumpen bei einer automatischen Funktion des Heizger\u00e4ts ausschalten und umgekehrt<\/span><\/strong><\/span><\/span><\/span> <\/p>\n<\/p>\n<table border=\"3\" style=\"width: 547px;\" frame=\"HSIDES\" cellspacing=\"0\" cellpadding=\"7\">\n<colgroup>\n<col width=\"281\" \/>\n<col width=\"238\" \/><\/colgroup>\n<tbody>\n<tr valign=\"TOP\">\n<td style=\"width: 281px;\" bgcolor=\"#f2f2f2\">\n<p> MASSNAHMEN <\/p>\n<\/td>\n<td style=\"width: 238px;\" bgcolor=\"#f2f2f2\">\n<p> 2100 x 1000 x 790 mm <\/p>\n<\/td>\n<\/tr>\n<tr valign=\"TOP\">\n<td style=\"width: 281px;\" bgcolor=\"#cccccc\">\n<p> MATERIAL <\/p>\n<\/td>\n<td style=\"width: 238px;\" bgcolor=\"#cccccc\">\n<p> ACRYLIC (verst\u00e4rktes Harzglas) <\/p>\n<\/td>\n<\/tr>\n<tr valign=\"TOP\">\n<td style=\"width: 281px;\" bgcolor=\"#f2f2f2\">\n<p> EXTERNE BESCHICHTUNG <\/p>\n<\/td>\n<td style=\"width: 238px;\" bgcolor=\"#f2f2f2\">\n<p> PVC EFFECT HOLZ <\/p>\n<\/td>\n<\/tr>\n<tr valign=\"TOP\">\n<td style=\"width: 281px;\" bgcolor=\"#cccccc\">\n<p> ELEKTRISCHE ANFORDERUNGEN <\/p>\n<\/td>\n<td style=\"width: 238px;\" bgcolor=\"#cccccc\">\n<p> 220V \/ 50Hz <\/p>\n<\/td>\n<\/tr>\n<tr valign=\"TOP\">\n<td style=\"width: 281px;\" bgcolor=\"#f2f2f2\">\n<p> HYDROMASSAGE-PUMPEN (2 PS) <\/p>\n<\/td>\n<td style=\"width: 238px;\" bgcolor=\"#f2f2f2\">\n<p> 1 <\/p>\n<\/td>\n<\/tr>\n<tr valign=\"TOP\">\n<td style=\"width: 281px;\" bgcolor=\"#cccccc\">\n<p> Umw\u00e4lzpumpe (0,35 PS) <\/p>\n<\/td>\n<td style=\"width: 238px;\" bgcolor=\"#cccccc\">\n<p> 1 <\/p>\n<\/td>\n<\/tr>\n<tr valign=\"TOP\">\n<td style=\"width: 281px;\" bgcolor=\"#f2f2f2\">\n<p> HEIZUNG max 40 \u00b0 (2kw) <\/p>\n<\/td>\n<td style=\"width: 238px;\" bgcolor=\"#f2f2f2\">\n<p> 1 (BALBOA) <\/p>\n<\/td>\n<\/tr>\n<tr valign=\"TOP\">\n<td style=\"width: 281px;\" bgcolor=\"#cccccc\">\n<p> OZZONIZZATORE <\/p>\n<\/td>\n<td style=\"width: 238px;\" bgcolor=\"#cccccc\">\n<p> 1 <\/p>\n<\/td>\n<\/tr>\n<tr valign=\"TOP\">\n<td style=\"width: 281px;\" bgcolor=\"#f2f2f2\">\n<p> FILTERSYSTEM <\/p>\n<\/td>\n<td style=\"width: 238px;\" bgcolor=\"#f2f2f2\">\n<p> 1 FILTER <\/p>\n<\/td>\n<\/tr>\n<tr valign=\"TOP\">\n<td style=\"width: 281px;\" bgcolor=\"#cccccc\">\n<p> COMPUTERISIERTE STEUEREINHEIT <\/p>\n<\/td>\n<td style=\"width: 238px;\" bgcolor=\"#cccccc\">\n<p> BALBOA GS501Z <\/p>\n<\/td>\n<\/tr>\n<tr valign=\"TOP\">\n<td style=\"width: 281px;\" bgcolor=\"#f2f2f2\">\n<p> LED-SUBAQUEO-CHROMOTHERAPIE <\/p>\n<\/td>\n<td style=\"width: 238px;\" bgcolor=\"#f2f2f2\">\n<p> 1 <\/p>\n<\/td>\n<\/tr>\n<tr valign=\"TOP\">\n<td style=\"width: 281px;\" bgcolor=\"#cccccc\">\n<p> WHIRLPOOL JETS <\/p>\n<\/td>\n<td style=\"width: 238px;\" bgcolor=\"#cccccc\">\n<p> 24 <\/p>\n<\/td>\n<\/tr>\n<tr valign=\"TOP\">\n<td style=\"width: 281px;\" bgcolor=\"#f2f2f2\">\n<p> INTERNE FARBE <\/p>\n<\/td>\n<td style=\"width: 238px;\" bgcolor=\"#f2f2f2\">\n<p> WEISS <\/p>\n<\/td>\n<\/tr>\n<tr valign=\"TOP\">\n<td style=\"width: 281px;\" bgcolor=\"#cccccc\">\n<p> BASIS IN ACRYLISCH <\/p>\n<\/td>\n<td style=\"width: 238px;\" bgcolor=\"#cccccc\">\n<p> JA <\/p>\n<\/td>\n<\/tr>\n<tr valign=\"TOP\">\n<td style=\"width: 281px;\" bgcolor=\"#f2f2f2\">\n<p> SESSIONS <\/p>\n<\/td>\n<td style=\"width: 238px;\" bgcolor=\"#f2f2f2\">\n<p> 2 <\/p>\n<\/td>\n<\/tr>\n<tr valign=\"TOP\">\n<td style=\"width: 281px;\" bgcolor=\"#cccccc\">\n<p> KOPFSTUETZE <\/p>\n<\/td>\n<td style=\"width: 238px;\" bgcolor=\"#cccccc\">\n<p> 1 <\/p>\n<\/td>\n<\/tr>\n<tr valign=\"TOP\">\n<td style=\"width: 281px;\" bgcolor=\"#f2f2f2\">\n<p> ISOTHERMISCHE ABDECKUNG <\/p>\n<\/td>\n<td style=\"width: 238px;\" bgcolor=\"#f2f2f2\">\n<p> 1 <\/p>\n<\/td>\n<\/tr>\n<tr valign=\"TOP\">\n<td style=\"width: 281px;\" bgcolor=\"#cccccc\">\n<p> VAKUUMGEWICHT <\/p>\n<\/td>\n<td style=\"width: 238px;\" bgcolor=\"#cccccc\">\n<p> 200kg <\/p>\n<\/td>\n<\/tr>\n<tr valign=\"TOP\">\n<td style=\"width: 281px;\" bgcolor=\"#f2f2f2\">\n<p> Wasservolumen <\/p>\n<\/td>\n<td style=\"width: 238px;\" bgcolor=\"#f2f2f2\">\n<p> 0,7 m <span style=\"font-size: xx-small;\">3<\/span> <\/p>\n<\/td>\n<\/tr>\n<\/tbody>\n<\/table>\n","protected":false},"excerpt":{"rendered":"<p>210 x 100 m Hydromassage-Mini-Pool f\u00fcr zwei Personen mit 24 D\u00fcsen, Bedienfeld und Ozontherapie<\/p>\n","protected":false},"featured_media":20862,"comment_status":"open","ping_status":"closed","template":"","meta":[],"product_brand":[9910],"product_cat":[15],"product_tag":[],"class_list":{"0":"post-78619","1":"product","2":"type-product","3":"status-publish","4":"has-post-thumbnail","6":"product_brand-puntorelax-de","7":"product_cat-senza-categoria","9":"first","10":"outofstock","11":"taxable","12":"shipping-taxable","13":"purchasable","14":"product-type-simple"},"exclude_global_add_ons":[],"addons":[],"yoast_head":"<!-- This site is optimized with the Yoast SEO plugin v26.7 - https:\/\/yoast.com\/wordpress\/plugins\/seo\/ -->\n<title>Hydromassage-Mini-Pool f\u00fcr 2 Personen 210x100 mit 24 D\u00fcsen<\/title>\n<meta name=\"description\" content=\"Hydromassage-Mini-Pool aus Acryl, Abmessungen 210x100x79cm mit 24 Aluminiumd\u00fcsen, ideal f\u00fcr 2 Personen.\" \/>\n<meta name=\"robots\" content=\"index, follow, max-snippet:-1, max-image-preview:large, max-video-preview:-1\" \/>\n<link rel=\"canonical\" href=\"https:\/\/www.bagnoitalia.com\/de\/produkt\/jacuzzi-210x100-mit-24-ozontherapiedusen-fur-zwei-personen.html\" \/>\n<meta property=\"og:locale\" content=\"de_DE\" \/>\n<meta property=\"og:type\" content=\"article\" \/>\n<meta property=\"og:title\" content=\"Hydromassage-Mini-Pool f\u00fcr 2 Personen 210x100 mit 24 D\u00fcsen\" \/>\n<meta property=\"og:description\" content=\"Hydromassage-Mini-Pool aus Acryl, Abmessungen 210x100x79cm mit 24 Aluminiumd\u00fcsen, ideal f\u00fcr 2 Personen.\" \/>\n<meta property=\"og:url\" content=\"https:\/\/www.bagnoitalia.com\/de\/produkt\/jacuzzi-210x100-mit-24-ozontherapiedusen-fur-zwei-personen.html\" \/>\n<meta property=\"og:site_name\" content=\"Bagno Italia\" \/>\n<meta property=\"article:modified_time\" content=\"2024-05-16T14:51:37+00:00\" \/>\n<meta property=\"og:image\" content=\"https:\/\/img.bagnoitalia.com\/wp-content\/uploads\/virtuemart\/product\/Two-person-Hot-tub-210x100-cm-with-24-jets-ozone-therapy-111_1542365913_696.jpg\" \/>\n\t<meta property=\"og:image:width\" content=\"640\" \/>\n\t<meta property=\"og:image:height\" content=\"640\" \/>\n\t<meta property=\"og:image:type\" content=\"image\/jpeg\" \/>\n<meta name=\"twitter:card\" content=\"summary_large_image\" \/>\n<meta name=\"twitter:label1\" content=\"Gesch\u00e4tzte Lesezeit\" \/>\n\t<meta name=\"twitter:data1\" content=\"1\u00a0Minute\" \/>\n<script type=\"application\/ld+json\" class=\"yoast-schema-graph\">{\"@context\":\"https:\/\/schema.org\",\"@graph\":[{\"@type\":\"WebPage\",\"@id\":\"https:\/\/www.bagnoitalia.com\/de\/produkt\/jacuzzi-210x100-mit-24-ozontherapiedusen-fur-zwei-personen.html\",\"url\":\"https:\/\/www.bagnoitalia.com\/de\/produkt\/jacuzzi-210x100-mit-24-ozontherapiedusen-fur-zwei-personen.html\",\"name\":\"Hydromassage-Mini-Pool f\u00fcr 2 Personen 210x100 mit 24 D\u00fcsen\",\"isPartOf\":{\"@id\":\"https:\/\/www.bagnoitalia.com\/de#website\"},\"primaryImageOfPage\":{\"@id\":\"https:\/\/www.bagnoitalia.com\/de\/produkt\/jacuzzi-210x100-mit-24-ozontherapiedusen-fur-zwei-personen.html#primaryimage\"},\"image\":{\"@id\":\"https:\/\/www.bagnoitalia.com\/de\/produkt\/jacuzzi-210x100-mit-24-ozontherapiedusen-fur-zwei-personen.html#primaryimage\"},\"thumbnailUrl\":\"https:\/\/img.bagnoitalia.com\/wp-content\/uploads\/virtuemart\/product\/Two-person-Hot-tub-210x100-cm-with-24-jets-ozone-therapy-111_1542365913_696.jpg\",\"datePublished\":\"2014-02-02T13:35:49+00:00\",\"dateModified\":\"2024-05-16T14:51:37+00:00\",\"description\":\"Hydromassage-Mini-Pool aus Acryl, Abmessungen 210x100x79cm mit 24 Aluminiumd\u00fcsen, ideal f\u00fcr 2 Personen.\",\"breadcrumb\":{\"@id\":\"https:\/\/www.bagnoitalia.com\/de\/produkt\/jacuzzi-210x100-mit-24-ozontherapiedusen-fur-zwei-personen.html#breadcrumb\"},\"inLanguage\":\"de\",\"potentialAction\":[{\"@type\":\"ReadAction\",\"target\":[\"https:\/\/www.bagnoitalia.com\/de\/produkt\/jacuzzi-210x100-mit-24-ozontherapiedusen-fur-zwei-personen.html\"]}]},{\"@type\":\"ImageObject\",\"inLanguage\":\"de\",\"@id\":\"https:\/\/www.bagnoitalia.com\/de\/produkt\/jacuzzi-210x100-mit-24-ozontherapiedusen-fur-zwei-personen.html#primaryimage\",\"url\":\"https:\/\/img.bagnoitalia.com\/wp-content\/uploads\/virtuemart\/product\/Two-person-Hot-tub-210x100-cm-with-24-jets-ozone-therapy-111_1542365913_696.jpg\",\"contentUrl\":\"https:\/\/img.bagnoitalia.com\/wp-content\/uploads\/virtuemart\/product\/Two-person-Hot-tub-210x100-cm-with-24-jets-ozone-therapy-111_1542365913_696.jpg\",\"width\":640,\"height\":640},{\"@type\":\"BreadcrumbList\",\"@id\":\"https:\/\/www.bagnoitalia.com\/de\/produkt\/jacuzzi-210x100-mit-24-ozontherapiedusen-fur-zwei-personen.html#breadcrumb\",\"itemListElement\":[{\"@type\":\"ListItem\",\"position\":1,\"name\":\"Home\",\"item\":\"https:\/\/www.bagnoitalia.com\/de\"},{\"@type\":\"ListItem\",\"position\":2,\"name\":\"Produkte\",\"item\":\"https:\/\/www.bagnoitalia.com\/de\/shop\"},{\"@type\":\"ListItem\",\"position\":3,\"name\":\"Jacuzzi 210&#215;100 mit 24 Ozontherapied\u00fcsen f\u00fcr zwei Personen\"}]},{\"@type\":\"WebSite\",\"@id\":\"https:\/\/www.bagnoitalia.com\/de#website\",\"url\":\"https:\/\/www.bagnoitalia.com\/de\",\"name\":\"Bagno Italia\",\"description\":\"\",\"publisher\":{\"@id\":\"https:\/\/www.bagnoitalia.com\/de#organization\"},\"potentialAction\":[{\"@type\":\"SearchAction\",\"target\":{\"@type\":\"EntryPoint\",\"urlTemplate\":\"https:\/\/www.bagnoitalia.com\/de?s={search_term_string}\"},\"query-input\":{\"@type\":\"PropertyValueSpecification\",\"valueRequired\":true,\"valueName\":\"search_term_string\"}}],\"inLanguage\":\"de\"},{\"@type\":\"Organization\",\"@id\":\"https:\/\/www.bagnoitalia.com\/de#organization\",\"name\":\"Bagno Italia\",\"url\":\"https:\/\/www.bagnoitalia.com\/de\",\"logo\":{\"@type\":\"ImageObject\",\"inLanguage\":\"de\",\"@id\":\"https:\/\/www.bagnoitalia.com\/de#\/schema\/logo\/image\/\",\"url\":\"https:\/\/img.bagnoitalia.com\/wp-content\/uploads\/logo-bagnoitalia.webp\",\"contentUrl\":\"https:\/\/img.bagnoitalia.com\/wp-content\/uploads\/logo-bagnoitalia.webp\",\"width\":400,\"height\":70,\"caption\":\"Bagno Italia\"},\"image\":{\"@id\":\"https:\/\/www.bagnoitalia.com\/de#\/schema\/logo\/image\/\"}}]}<\/script>\n<!-- \/ Yoast SEO plugin. -->","yoast_head_json":{"title":"Hydromassage-Mini-Pool f\u00fcr 2 Personen 210x100 mit 24 D\u00fcsen","description":"Hydromassage-Mini-Pool aus Acryl, Abmessungen 210x100x79cm mit 24 Aluminiumd\u00fcsen, ideal f\u00fcr 2 Personen.","robots":{"index":"index","follow":"follow","max-snippet":"max-snippet:-1","max-image-preview":"max-image-preview:large","max-video-preview":"max-video-preview:-1"},"canonical":"https:\/\/www.bagnoitalia.com\/de\/produkt\/jacuzzi-210x100-mit-24-ozontherapiedusen-fur-zwei-personen.html","og_locale":"de_DE","og_type":"article","og_title":"Hydromassage-Mini-Pool f\u00fcr 2 Personen 210x100 mit 24 D\u00fcsen","og_description":"Hydromassage-Mini-Pool aus Acryl, Abmessungen 210x100x79cm mit 24 Aluminiumd\u00fcsen, ideal f\u00fcr 2 Personen.","og_url":"https:\/\/www.bagnoitalia.com\/de\/produkt\/jacuzzi-210x100-mit-24-ozontherapiedusen-fur-zwei-personen.html","og_site_name":"Bagno Italia","article_modified_time":"2024-05-16T14:51:37+00:00","og_image":[{"width":640,"height":640,"url":"https:\/\/img.bagnoitalia.com\/wp-content\/uploads\/virtuemart\/product\/Two-person-Hot-tub-210x100-cm-with-24-jets-ozone-therapy-111_1542365913_696.jpg","type":"image\/jpeg"}],"twitter_card":"summary_large_image","twitter_misc":{"Gesch\u00e4tzte Lesezeit":"1\u00a0Minute"},"schema":{"@context":"https:\/\/schema.org","@graph":[{"@type":"WebPage","@id":"https:\/\/www.bagnoitalia.com\/de\/produkt\/jacuzzi-210x100-mit-24-ozontherapiedusen-fur-zwei-personen.html","url":"https:\/\/www.bagnoitalia.com\/de\/produkt\/jacuzzi-210x100-mit-24-ozontherapiedusen-fur-zwei-personen.html","name":"Hydromassage-Mini-Pool f\u00fcr 2 Personen 210x100 mit 24 D\u00fcsen","isPartOf":{"@id":"https:\/\/www.bagnoitalia.com\/de#website"},"primaryImageOfPage":{"@id":"https:\/\/www.bagnoitalia.com\/de\/produkt\/jacuzzi-210x100-mit-24-ozontherapiedusen-fur-zwei-personen.html#primaryimage"},"image":{"@id":"https:\/\/www.bagnoitalia.com\/de\/produkt\/jacuzzi-210x100-mit-24-ozontherapiedusen-fur-zwei-personen.html#primaryimage"},"thumbnailUrl":"https:\/\/img.bagnoitalia.com\/wp-content\/uploads\/virtuemart\/product\/Two-person-Hot-tub-210x100-cm-with-24-jets-ozone-therapy-111_1542365913_696.jpg","datePublished":"2014-02-02T13:35:49+00:00","dateModified":"2024-05-16T14:51:37+00:00","description":"Hydromassage-Mini-Pool aus Acryl, Abmessungen 210x100x79cm mit 24 Aluminiumd\u00fcsen, ideal f\u00fcr 2 Personen.","breadcrumb":{"@id":"https:\/\/www.bagnoitalia.com\/de\/produkt\/jacuzzi-210x100-mit-24-ozontherapiedusen-fur-zwei-personen.html#breadcrumb"},"inLanguage":"de","potentialAction":[{"@type":"ReadAction","target":["https:\/\/www.bagnoitalia.com\/de\/produkt\/jacuzzi-210x100-mit-24-ozontherapiedusen-fur-zwei-personen.html"]}]},{"@type":"ImageObject","inLanguage":"de","@id":"https:\/\/www.bagnoitalia.com\/de\/produkt\/jacuzzi-210x100-mit-24-ozontherapiedusen-fur-zwei-personen.html#primaryimage","url":"https:\/\/img.bagnoitalia.com\/wp-content\/uploads\/virtuemart\/product\/Two-person-Hot-tub-210x100-cm-with-24-jets-ozone-therapy-111_1542365913_696.jpg","contentUrl":"https:\/\/img.bagnoitalia.com\/wp-content\/uploads\/virtuemart\/product\/Two-person-Hot-tub-210x100-cm-with-24-jets-ozone-therapy-111_1542365913_696.jpg","width":640,"height":640},{"@type":"BreadcrumbList","@id":"https:\/\/www.bagnoitalia.com\/de\/produkt\/jacuzzi-210x100-mit-24-ozontherapiedusen-fur-zwei-personen.html#breadcrumb","itemListElement":[{"@type":"ListItem","position":1,"name":"Home","item":"https:\/\/www.bagnoitalia.com\/de"},{"@type":"ListItem","position":2,"name":"Produkte","item":"https:\/\/www.bagnoitalia.com\/de\/shop"},{"@type":"ListItem","position":3,"name":"Jacuzzi 210&#215;100 mit 24 Ozontherapied\u00fcsen f\u00fcr zwei Personen"}]},{"@type":"WebSite","@id":"https:\/\/www.bagnoitalia.com\/de#website","url":"https:\/\/www.bagnoitalia.com\/de","name":"Bagno Italia","description":"","publisher":{"@id":"https:\/\/www.bagnoitalia.com\/de#organization"},"potentialAction":[{"@type":"SearchAction","target":{"@type":"EntryPoint","urlTemplate":"https:\/\/www.bagnoitalia.com\/de?s={search_term_string}"},"query-input":{"@type":"PropertyValueSpecification","valueRequired":true,"valueName":"search_term_string"}}],"inLanguage":"de"},{"@type":"Organization","@id":"https:\/\/www.bagnoitalia.com\/de#organization","name":"Bagno Italia","url":"https:\/\/www.bagnoitalia.com\/de","logo":{"@type":"ImageObject","inLanguage":"de","@id":"https:\/\/www.bagnoitalia.com\/de#\/schema\/logo\/image\/","url":"https:\/\/img.bagnoitalia.com\/wp-content\/uploads\/logo-bagnoitalia.webp","contentUrl":"https:\/\/img.bagnoitalia.com\/wp-content\/uploads\/logo-bagnoitalia.webp","width":400,"height":70,"caption":"Bagno Italia"},"image":{"@id":"https:\/\/www.bagnoitalia.com\/de#\/schema\/logo\/image\/"}}]}},"_links":{"self":[{"href":"https:\/\/www.bagnoitalia.com\/de\/wp-json\/wp\/v2\/product\/78619","targetHints":{"allow":["GET"]}}],"collection":[{"href":"https:\/\/www.bagnoitalia.com\/de\/wp-json\/wp\/v2\/product"}],"about":[{"href":"https:\/\/www.bagnoitalia.com\/de\/wp-json\/wp\/v2\/types\/product"}],"replies":[{"embeddable":true,"href":"https:\/\/www.bagnoitalia.com\/de\/wp-json\/wp\/v2\/comments?post=78619"}],"version-history":[{"count":0,"href":"https:\/\/www.bagnoitalia.com\/de\/wp-json\/wp\/v2\/product\/78619\/revisions"}],"wp:featuredmedia":[{"embeddable":true,"href":"https:\/\/www.bagnoitalia.com\/de\/wp-json\/wp\/v2\/media\/20862"}],"wp:attachment":[{"href":"https:\/\/www.bagnoitalia.com\/de\/wp-json\/wp\/v2\/media?parent=78619"}],"wp:term":[{"taxonomy":"product_brand","embeddable":true,"href":"https:\/\/www.bagnoitalia.com\/de\/wp-json\/wp\/v2\/product_brand?post=78619"},{"taxonomy":"product_cat","embeddable":true,"href":"https:\/\/www.bagnoitalia.com\/de\/wp-json\/wp\/v2\/product_cat?post=78619"},{"taxonomy":"product_tag","embeddable":true,"href":"https:\/\/www.bagnoitalia.com\/de\/wp-json\/wp\/v2\/product_tag?post=78619"}],"curies":[{"name":"wp","href":"https:\/\/api.w.org\/{rel}","templated":true}]}}