{"id":78415,"date":"2014-01-18T08:14:50","date_gmt":"2014-01-18T07:14:50","guid":{"rendered":"https:\/\/www.bagnoitalia.com\/product\/modernes-badezimmer-wand-wc-aus-keramik-wc-bagno-italia-mod-new"},"modified":"2025-05-13T16:57:45","modified_gmt":"2025-05-13T14:57:45","slug":"modernes-badezimmer-wand-wc-aus-keramik-wc-bagno-italia-mod-new","status":"publish","type":"product","link":"https:\/\/www.bagnoitalia.com\/de\/produkt\/modernes-badezimmer-wand-wc-aus-keramik-wc-bagno-italia-mod-new.html","title":{"rendered":"New H\u00e4nge-WC mit Bidet, aus Keramik, Bagno Italia Sanit\u00e4ranalgen"},"content":{"rendered":"<p><strong>New Sanit\u00e4ranlagen, h\u00e4ngend<\/strong><\/p>\n<p><span style=\"text-decoration: underline;\">Der Preis beinhaltet:<\/span><\/p>\n<p>1 H\u00e4nge-WC und H\u00e4nge-Bidet: 60x42x42cm<\/p>\n<p>1 WC-Sitz mit soft-close-System<\/p>\n<p>&nbsp;<\/p>\n<p>modernes Design<\/p>\n<p>Material: Keramik<\/p>\n<p>Abstand der Befestigungsl\u00f6cher: 18cm<\/p>\n<p>&nbsp;<\/p>\n<p>Bemerkung: Die Befestigungsbriden sind nicht inklusive.<\/p>\n<p>&nbsp;<\/p>\n<p><span style=\"text-decoration: underline;\"><strong><span style=\"color: #ff0000; text-decoration: underline;\">ACHTUNG: Die Bodenversion ist nicht verf\u00fcgbar!<\/span><\/strong><\/span><\/p>\n<p>&nbsp;<\/p>\n<p><strong>________________________________________________________<\/strong><\/p>\n<p>&nbsp;<\/p>\n<p><strong>H\u00e4ngeversion:<\/strong><\/p>\n<p><img fetchpriority=\"high\" decoding=\"async\" class=\" size-full wp-image-19346\" src=\"https:\/\/img.bagnoitalia.com\/wp-content\/uploads\/virtuemart\/product\/coppia-sanitari-bagno-rwwh1-11.jpg\" alt=\"\" width=\"445\" height=\"414\" srcset=\"https:\/\/img.bagnoitalia.com\/wp-content\/uploads\/virtuemart\/product\/coppia-sanitari-bagno-rwwh1-11.jpg 437w, https:\/\/img.bagnoitalia.com\/wp-content\/uploads\/virtuemart\/product\/coppia-sanitari-bagno-rwwh1-11-150x140.jpg 150w\" sizes=\"(max-width: 445px) 100vw, 445px\" \/><\/p>\n","protected":false},"excerpt":{"rendered":"<p>Bagno Italia Sanit\u00e4ranlagen, bestehend aus einem H\u00e4nge-WC, H\u00e4nge-Bidet und WC-Deckel mit soft-close-System. NEUE PRODUKTION!<\/p>\n","protected":false},"featured_media":19322,"comment_status":"open","ping_status":"closed","template":"","meta":[],"product_brand":[9919],"product_cat":[15,10116],"product_tag":[],"class_list":{"0":"post-78415","1":"product","2":"type-product","3":"status-publish","4":"has-post-thumbnail","6":"product_brand-goccioline-ambrosia-group-de","7":"product_cat-senza-categoria","8":"product_cat-senza-categoria-de","10":"first","11":"outofstock","12":"taxable","13":"shipping-taxable","14":"purchasable","15":"product-type-simple"},"exclude_global_add_ons":false,"addons":[{"name":"CAMPI_VASO_E_BIDET\r\n","type":"select","position":0,"required":true,"title_format":"label","default":"","description_enable":false,"description":"","placeholder_enable":false,"placeholder":"","display":"select","restrictions_type":"any_text","adjust_price":false,"price":"","price_type":"","restrictions":false,"min":"0","max":"0","options":[]}],"yoast_head":"<!-- This site is optimized with the Yoast SEO plugin v26.7 - https:\/\/yoast.com\/wordpress\/plugins\/seo\/ -->\n<title>Moderne Badezimmerarmaturen aus wei\u00dfer Keramik, geh\u00e4ngt<\/title>\n<meta name=\"description\" content=\"Moderne Sanit\u00e4rkeramik in Ceramica Bianchi, erh\u00e4ltlich mit WC-Sitz, Abmessungen 60x42x42cm. Auch einzeln erh\u00e4ltlich. Jetzt kaufen\" \/>\n<meta name=\"robots\" content=\"index, follow, max-snippet:-1, max-image-preview:large, max-video-preview:-1\" \/>\n<link rel=\"canonical\" href=\"https:\/\/www.bagnoitalia.com\/de\/produkt\/modernes-badezimmer-wand-wc-aus-keramik-wc-bagno-italia-mod-new.html\" \/>\n<meta property=\"og:locale\" content=\"de_DE\" \/>\n<meta property=\"og:type\" content=\"article\" \/>\n<meta property=\"og:title\" content=\"Moderne Badezimmerarmaturen aus wei\u00dfer Keramik, geh\u00e4ngt\" \/>\n<meta property=\"og:description\" content=\"Moderne Sanit\u00e4rkeramik in Ceramica Bianchi, erh\u00e4ltlich mit WC-Sitz, Abmessungen 60x42x42cm. Auch einzeln erh\u00e4ltlich. Jetzt kaufen\" \/>\n<meta property=\"og:url\" content=\"https:\/\/www.bagnoitalia.com\/de\/produkt\/modernes-badezimmer-wand-wc-aus-keramik-wc-bagno-italia-mod-new.html\" \/>\n<meta property=\"og:site_name\" content=\"Bagno Italia\" \/>\n<meta property=\"article:modified_time\" content=\"2025-05-13T14:57:45+00:00\" \/>\n<meta property=\"og:image\" content=\"https:\/\/img.bagnoitalia.com\/wp-content\/uploads\/virtuemart\/product\/sanitary-model-new-1_1540983471_395.jpg\" \/>\n\t<meta property=\"og:image:width\" content=\"437\" \/>\n\t<meta property=\"og:image:height\" content=\"437\" \/>\n\t<meta property=\"og:image:type\" content=\"image\/jpeg\" \/>\n<meta name=\"twitter:card\" content=\"summary_large_image\" \/>\n<script type=\"application\/ld+json\" class=\"yoast-schema-graph\">{\"@context\":\"https:\/\/schema.org\",\"@graph\":[{\"@type\":\"WebPage\",\"@id\":\"https:\/\/www.bagnoitalia.com\/de\/produkt\/modernes-badezimmer-wand-wc-aus-keramik-wc-bagno-italia-mod-new.html\",\"url\":\"https:\/\/www.bagnoitalia.com\/de\/produkt\/modernes-badezimmer-wand-wc-aus-keramik-wc-bagno-italia-mod-new.html\",\"name\":\"Moderne Badezimmerarmaturen aus wei\u00dfer Keramik, geh\u00e4ngt\",\"isPartOf\":{\"@id\":\"https:\/\/www.bagnoitalia.com\/de#website\"},\"primaryImageOfPage\":{\"@id\":\"https:\/\/www.bagnoitalia.com\/de\/produkt\/modernes-badezimmer-wand-wc-aus-keramik-wc-bagno-italia-mod-new.html#primaryimage\"},\"image\":{\"@id\":\"https:\/\/www.bagnoitalia.com\/de\/produkt\/modernes-badezimmer-wand-wc-aus-keramik-wc-bagno-italia-mod-new.html#primaryimage\"},\"thumbnailUrl\":\"https:\/\/img.bagnoitalia.com\/wp-content\/uploads\/virtuemart\/product\/sanitary-model-new-1_1540983471_395.jpg\",\"datePublished\":\"2014-01-18T07:14:50+00:00\",\"dateModified\":\"2025-05-13T14:57:45+00:00\",\"description\":\"Moderne Sanit\u00e4rkeramik in Ceramica Bianchi, erh\u00e4ltlich mit WC-Sitz, Abmessungen 60x42x42cm. Auch einzeln erh\u00e4ltlich. Jetzt kaufen\",\"breadcrumb\":{\"@id\":\"https:\/\/www.bagnoitalia.com\/de\/produkt\/modernes-badezimmer-wand-wc-aus-keramik-wc-bagno-italia-mod-new.html#breadcrumb\"},\"inLanguage\":\"de\",\"potentialAction\":[{\"@type\":\"ReadAction\",\"target\":[\"https:\/\/www.bagnoitalia.com\/de\/produkt\/modernes-badezimmer-wand-wc-aus-keramik-wc-bagno-italia-mod-new.html\"]}]},{\"@type\":\"ImageObject\",\"inLanguage\":\"de\",\"@id\":\"https:\/\/www.bagnoitalia.com\/de\/produkt\/modernes-badezimmer-wand-wc-aus-keramik-wc-bagno-italia-mod-new.html#primaryimage\",\"url\":\"https:\/\/img.bagnoitalia.com\/wp-content\/uploads\/virtuemart\/product\/sanitary-model-new-1_1540983471_395.jpg\",\"contentUrl\":\"https:\/\/img.bagnoitalia.com\/wp-content\/uploads\/virtuemart\/product\/sanitary-model-new-1_1540983471_395.jpg\",\"width\":437,\"height\":437},{\"@type\":\"BreadcrumbList\",\"@id\":\"https:\/\/www.bagnoitalia.com\/de\/produkt\/modernes-badezimmer-wand-wc-aus-keramik-wc-bagno-italia-mod-new.html#breadcrumb\",\"itemListElement\":[{\"@type\":\"ListItem\",\"position\":1,\"name\":\"Home\",\"item\":\"https:\/\/www.bagnoitalia.com\/de\"},{\"@type\":\"ListItem\",\"position\":2,\"name\":\"Produkte\",\"item\":\"https:\/\/www.bagnoitalia.com\/de\/shop\"},{\"@type\":\"ListItem\",\"position\":3,\"name\":\"New H\u00e4nge-WC mit Bidet, aus Keramik, Bagno Italia Sanit\u00e4ranalgen\"}]},{\"@type\":\"WebSite\",\"@id\":\"https:\/\/www.bagnoitalia.com\/de#website\",\"url\":\"https:\/\/www.bagnoitalia.com\/de\",\"name\":\"Bagno Italia\",\"description\":\"\",\"publisher\":{\"@id\":\"https:\/\/www.bagnoitalia.com\/de#organization\"},\"potentialAction\":[{\"@type\":\"SearchAction\",\"target\":{\"@type\":\"EntryPoint\",\"urlTemplate\":\"https:\/\/www.bagnoitalia.com\/de?s={search_term_string}\"},\"query-input\":{\"@type\":\"PropertyValueSpecification\",\"valueRequired\":true,\"valueName\":\"search_term_string\"}}],\"inLanguage\":\"de\"},{\"@type\":\"Organization\",\"@id\":\"https:\/\/www.bagnoitalia.com\/de#organization\",\"name\":\"Bagno Italia\",\"url\":\"https:\/\/www.bagnoitalia.com\/de\",\"logo\":{\"@type\":\"ImageObject\",\"inLanguage\":\"de\",\"@id\":\"https:\/\/www.bagnoitalia.com\/de#\/schema\/logo\/image\/\",\"url\":\"https:\/\/img.bagnoitalia.com\/wp-content\/uploads\/logo-bagnoitalia.webp\",\"contentUrl\":\"https:\/\/img.bagnoitalia.com\/wp-content\/uploads\/logo-bagnoitalia.webp\",\"width\":400,\"height\":70,\"caption\":\"Bagno Italia\"},\"image\":{\"@id\":\"https:\/\/www.bagnoitalia.com\/de#\/schema\/logo\/image\/\"}}]}<\/script>\n<!-- \/ Yoast SEO plugin. -->","yoast_head_json":{"title":"Moderne Badezimmerarmaturen aus wei\u00dfer Keramik, geh\u00e4ngt","description":"Moderne Sanit\u00e4rkeramik in Ceramica Bianchi, erh\u00e4ltlich mit WC-Sitz, Abmessungen 60x42x42cm. Auch einzeln erh\u00e4ltlich. Jetzt kaufen","robots":{"index":"index","follow":"follow","max-snippet":"max-snippet:-1","max-image-preview":"max-image-preview:large","max-video-preview":"max-video-preview:-1"},"canonical":"https:\/\/www.bagnoitalia.com\/de\/produkt\/modernes-badezimmer-wand-wc-aus-keramik-wc-bagno-italia-mod-new.html","og_locale":"de_DE","og_type":"article","og_title":"Moderne Badezimmerarmaturen aus wei\u00dfer Keramik, geh\u00e4ngt","og_description":"Moderne Sanit\u00e4rkeramik in Ceramica Bianchi, erh\u00e4ltlich mit WC-Sitz, Abmessungen 60x42x42cm. Auch einzeln erh\u00e4ltlich. Jetzt kaufen","og_url":"https:\/\/www.bagnoitalia.com\/de\/produkt\/modernes-badezimmer-wand-wc-aus-keramik-wc-bagno-italia-mod-new.html","og_site_name":"Bagno Italia","article_modified_time":"2025-05-13T14:57:45+00:00","og_image":[{"width":437,"height":437,"url":"https:\/\/img.bagnoitalia.com\/wp-content\/uploads\/virtuemart\/product\/sanitary-model-new-1_1540983471_395.jpg","type":"image\/jpeg"}],"twitter_card":"summary_large_image","schema":{"@context":"https:\/\/schema.org","@graph":[{"@type":"WebPage","@id":"https:\/\/www.bagnoitalia.com\/de\/produkt\/modernes-badezimmer-wand-wc-aus-keramik-wc-bagno-italia-mod-new.html","url":"https:\/\/www.bagnoitalia.com\/de\/produkt\/modernes-badezimmer-wand-wc-aus-keramik-wc-bagno-italia-mod-new.html","name":"Moderne Badezimmerarmaturen aus wei\u00dfer Keramik, geh\u00e4ngt","isPartOf":{"@id":"https:\/\/www.bagnoitalia.com\/de#website"},"primaryImageOfPage":{"@id":"https:\/\/www.bagnoitalia.com\/de\/produkt\/modernes-badezimmer-wand-wc-aus-keramik-wc-bagno-italia-mod-new.html#primaryimage"},"image":{"@id":"https:\/\/www.bagnoitalia.com\/de\/produkt\/modernes-badezimmer-wand-wc-aus-keramik-wc-bagno-italia-mod-new.html#primaryimage"},"thumbnailUrl":"https:\/\/img.bagnoitalia.com\/wp-content\/uploads\/virtuemart\/product\/sanitary-model-new-1_1540983471_395.jpg","datePublished":"2014-01-18T07:14:50+00:00","dateModified":"2025-05-13T14:57:45+00:00","description":"Moderne Sanit\u00e4rkeramik in Ceramica Bianchi, erh\u00e4ltlich mit WC-Sitz, Abmessungen 60x42x42cm. Auch einzeln erh\u00e4ltlich. Jetzt kaufen","breadcrumb":{"@id":"https:\/\/www.bagnoitalia.com\/de\/produkt\/modernes-badezimmer-wand-wc-aus-keramik-wc-bagno-italia-mod-new.html#breadcrumb"},"inLanguage":"de","potentialAction":[{"@type":"ReadAction","target":["https:\/\/www.bagnoitalia.com\/de\/produkt\/modernes-badezimmer-wand-wc-aus-keramik-wc-bagno-italia-mod-new.html"]}]},{"@type":"ImageObject","inLanguage":"de","@id":"https:\/\/www.bagnoitalia.com\/de\/produkt\/modernes-badezimmer-wand-wc-aus-keramik-wc-bagno-italia-mod-new.html#primaryimage","url":"https:\/\/img.bagnoitalia.com\/wp-content\/uploads\/virtuemart\/product\/sanitary-model-new-1_1540983471_395.jpg","contentUrl":"https:\/\/img.bagnoitalia.com\/wp-content\/uploads\/virtuemart\/product\/sanitary-model-new-1_1540983471_395.jpg","width":437,"height":437},{"@type":"BreadcrumbList","@id":"https:\/\/www.bagnoitalia.com\/de\/produkt\/modernes-badezimmer-wand-wc-aus-keramik-wc-bagno-italia-mod-new.html#breadcrumb","itemListElement":[{"@type":"ListItem","position":1,"name":"Home","item":"https:\/\/www.bagnoitalia.com\/de"},{"@type":"ListItem","position":2,"name":"Produkte","item":"https:\/\/www.bagnoitalia.com\/de\/shop"},{"@type":"ListItem","position":3,"name":"New H\u00e4nge-WC mit Bidet, aus Keramik, Bagno Italia Sanit\u00e4ranalgen"}]},{"@type":"WebSite","@id":"https:\/\/www.bagnoitalia.com\/de#website","url":"https:\/\/www.bagnoitalia.com\/de","name":"Bagno Italia","description":"","publisher":{"@id":"https:\/\/www.bagnoitalia.com\/de#organization"},"potentialAction":[{"@type":"SearchAction","target":{"@type":"EntryPoint","urlTemplate":"https:\/\/www.bagnoitalia.com\/de?s={search_term_string}"},"query-input":{"@type":"PropertyValueSpecification","valueRequired":true,"valueName":"search_term_string"}}],"inLanguage":"de"},{"@type":"Organization","@id":"https:\/\/www.bagnoitalia.com\/de#organization","name":"Bagno Italia","url":"https:\/\/www.bagnoitalia.com\/de","logo":{"@type":"ImageObject","inLanguage":"de","@id":"https:\/\/www.bagnoitalia.com\/de#\/schema\/logo\/image\/","url":"https:\/\/img.bagnoitalia.com\/wp-content\/uploads\/logo-bagnoitalia.webp","contentUrl":"https:\/\/img.bagnoitalia.com\/wp-content\/uploads\/logo-bagnoitalia.webp","width":400,"height":70,"caption":"Bagno Italia"},"image":{"@id":"https:\/\/www.bagnoitalia.com\/de#\/schema\/logo\/image\/"}}]}},"_links":{"self":[{"href":"https:\/\/www.bagnoitalia.com\/de\/wp-json\/wp\/v2\/product\/78415","targetHints":{"allow":["GET"]}}],"collection":[{"href":"https:\/\/www.bagnoitalia.com\/de\/wp-json\/wp\/v2\/product"}],"about":[{"href":"https:\/\/www.bagnoitalia.com\/de\/wp-json\/wp\/v2\/types\/product"}],"replies":[{"embeddable":true,"href":"https:\/\/www.bagnoitalia.com\/de\/wp-json\/wp\/v2\/comments?post=78415"}],"version-history":[{"count":0,"href":"https:\/\/www.bagnoitalia.com\/de\/wp-json\/wp\/v2\/product\/78415\/revisions"}],"wp:featuredmedia":[{"embeddable":true,"href":"https:\/\/www.bagnoitalia.com\/de\/wp-json\/wp\/v2\/media\/19322"}],"wp:attachment":[{"href":"https:\/\/www.bagnoitalia.com\/de\/wp-json\/wp\/v2\/media?parent=78415"}],"wp:term":[{"taxonomy":"product_brand","embeddable":true,"href":"https:\/\/www.bagnoitalia.com\/de\/wp-json\/wp\/v2\/product_brand?post=78415"},{"taxonomy":"product_cat","embeddable":true,"href":"https:\/\/www.bagnoitalia.com\/de\/wp-json\/wp\/v2\/product_cat?post=78415"},{"taxonomy":"product_tag","embeddable":true,"href":"https:\/\/www.bagnoitalia.com\/de\/wp-json\/wp\/v2\/product_tag?post=78415"}],"curies":[{"name":"wp","href":"https:\/\/api.w.org\/{rel}","templated":true}]}}