{"id":78203,"date":"2014-02-06T10:36:13","date_gmt":"2014-02-06T09:36:13","guid":{"rendered":"https:\/\/www.bagnoitalia.com\/product\/ablage-fur-waschbecken-holzplatte-in-50-farben-und-grosen"},"modified":"2025-07-23T10:27:33","modified_gmt":"2025-07-23T08:27:33","slug":"ablage-fur-waschbecken-holzplatte-in-50-farben-und-grosen","status":"publish","type":"product","link":"https:\/\/www.bagnoitalia.com\/de\/produkt\/ablage-fur-waschbecken-holzplatte-in-50-farben-und-grosen.html","title":{"rendered":"Ablage f\u00fcr Waschbecken Holzplatte in 50 Farben und Gr\u00f6\u00dfen"},"content":{"rendered":"<p> <strong>CUSTOM SOLID WOOD SHELF<\/strong> <\/p>\n<\/p>\n<p> <strong>Der Preis beinhaltet:<\/strong> <\/p>\n<\/p>\n<p> Nr. 1 Holzb\u00f6den von 50 bis 120 cm (die genaue Gr\u00f6\u00dfe kann im letzten Teil der Bestellung im Bereich Notizen angegeben werden), H 5 cm, Tiefe 32 cm (die Abmessungen k\u00f6nnen im Men\u00fc unten ge\u00e4ndert werden) <\/p>\n<p> Kit zur Befestigung an der Wand <\/p>\n<\/p>\n<p> <span style=\"color: #ff0000;\"><strong><span style=\"background-color: #ffffff;\">Hinweis:<\/span><\/strong><\/span> <em><span style=\"background-color: #ffffff; color: #000000;\"><strong>Geben Sie im letzten Teil der Bestellung die genaue Gr\u00f6\u00dfe des Regals im Notizfeld an, oder senden Sie eine nachfolgende E-Mail an die Bestellung. Wenn Sie m\u00f6chten, dass das Regal geliefert wird, m\u00fcssen Sie uns eine technische Zeichnung mit der genauen Positionierung des Lochs senden<\/strong> <br \/><\/span><\/em> <\/p>\n<\/p>\n<p style=\"text-align: left;\"> Das Regal ist in verschiedenen Holzarten erh\u00e4ltlich (siehe Farbtabelle auf der Seite), es ist jedoch auch <strong><span style=\"color: #ff0000;\"><span style=\"text-decoration: underline;\"><span style=\"color: #ff00ff;\">m\u00f6glich, es in RAL-Farben herzustellen<\/span><\/span><\/span><\/strong> <\/p>\n<p> <strong><span style=\"color: #ff0000;\"><br \/> <strong><span style=\"font-size: 14pt;\"><a href=\"http:\/\/www.themeter.net\/ral.htm\" target=\"_blank\" rel=\"noopener noreferrer\">RAL-FARBTABELLE<\/a><\/span><\/strong> <span style=\"color: #666666; font-family: Tahoma; font-size: 11px; line-height: 14px;\"><span style=\"font-size: 12pt;\">&lt;== Klicken Sie hier, um alle RAL-Farben anzuzeigen<\/span><\/span><\/span><\/strong> <\/p>\n<\/p>\n<p> Die RAL-Farben in der gl\u00e4nzenden Version haben eine Produktionszeit von 30 Tagen <\/p>\n<p> Die undurchsichtige Version hat eine offene Pore, so dass Sie die Holzmaserung wie das rote Regal sehen k\u00f6nnen, das Sie auf den Fotos auf der Seite sehen k\u00f6nnen (in diesem Fall sind die Zeiten 15\/20 Tage). <\/p>\n<\/p>\n<p> Das Regal ist nicht perforiert, aber auf Anfrage k\u00f6nnen wir entweder das Loch f\u00fcr die Sp\u00fcle oder sogar f\u00fcr den Mischer machen und ein Formular ausf\u00fcllen, das wir nach dem Kauf senden (wenn mehr L\u00f6cher erforderlich sind, \u00e4ndert sich der Preis nicht). <\/p>\n<\/p>\n<p> es ist auch m\u00f6glich, Zubeh\u00f6r hinzuzuf\u00fcgen (Handtuchhalter wie auf dem Foto) <\/p>\n<\/p>\n<p> <strong>Auf Wunsch k\u00f6nnen wir das Regal bis zu 300 cm lang machen (f\u00fcr RAL-Farben bis zu 250 cm).<\/strong> <\/p>\n<\/p>\n<p> <strong>Verwendete Materialien<\/strong> <\/p>\n<p> Interne Pappel \/ Fichte, mit Eichenfurnier erster Wahl \u00fcberzogen. <br \/> Das Finish in der gew\u00e4hlten Farbe wird mit umweltfreundlichen Farben mit hoher Wasserbest\u00e4ndigkeit hergestellt <\/p>\n<\/p>\n<p> Es ist auch m\u00f6glich, eine Wandeinheit mit einer Klappt\u00fcr in der gleichen Farbe wie das Regal (ausschlie\u00dflich in Holzessenzen) mit den Abmessungen L60x35x32p (oder mit variabler L\u00e4nge bis maximal 100 cm, die anderen Ma\u00dfe k\u00f6nnen nicht ge\u00e4ndert werden) wie im untenstehenden Foto hinzuzuf\u00fcgen : <\/p>\n<p><img fetchpriority=\"high\" decoding=\"async\" class=\" size-full wp-image-17702\" src=\"https:\/\/img.bagnoitalia.com\/wp-content\/uploads\/virtuemart\/product\/1cassettiera-a-ribalta.jpg\" alt=\"http:\/\/www.bagnoitalia.it\/https:\/\/img.bagnoitalia.com\/wp-content\/uploads\/virtuemart\/product\/1cassettiera-a-ribalta.jpg\" class=\"decoded\" width=\"230\" height=\"443\" srcset=\"https:\/\/img.bagnoitalia.com\/wp-content\/uploads\/virtuemart\/product\/1cassettiera-a-ribalta.jpg 230w, https:\/\/img.bagnoitalia.com\/wp-content\/uploads\/virtuemart\/product\/1cassettiera-a-ribalta-150x289.jpg 150w\" sizes=\"(max-width: 230px) 100vw, 230px\" \/><\/p>\n<p> _______________________________________________________________ <\/p>\n<p> Es ist auch m\u00f6glich, eine Kommode mit einer Klappt\u00fcr in den gleichen Farben wie das Regal (nur bei Holzessenzen) in den Gr\u00f6\u00dfen L60x43x32p (oder L\u00e4nge bis zu 100 cm) hinzuzuf\u00fcgen. Die anderen Gr\u00f6\u00dfen k\u00f6nnen nicht ge\u00e4ndert werden <\/p>\n<p><img decoding=\"async\" class=\" size-full wp-image-17706\" src=\"https:\/\/img.bagnoitalia.com\/wp-content\/uploads\/virtuemart\/product\/1cassettiera-anta-a-ribalta.jpg\" alt=\"http:\/\/www.bagnoitalia.it\/https:\/\/img.bagnoitalia.com\/wp-content\/uploads\/virtuemart\/product\/1cassettiera-anta-a-ribalta.jpg\" class=\"decoded\" width=\"332\" height=\"279\" srcset=\"https:\/\/img.bagnoitalia.com\/wp-content\/uploads\/virtuemart\/product\/1cassettiera-anta-a-ribalta.jpg 332w, https:\/\/img.bagnoitalia.com\/wp-content\/uploads\/virtuemart\/product\/1cassettiera-anta-a-ribalta-150x126.jpg 150w\" sizes=\"(max-width: 332px) 100vw, 332px\" \/> mf <\/p>\n","protected":false},"excerpt":{"rendered":"<p>Waschtischablage in verschiedenen St\u00e4rken, Gr\u00f6\u00dfen und Farben erh\u00e4ltlich<\/p>\n","protected":false},"featured_media":17866,"comment_status":"open","ping_status":"closed","template":"","meta":[],"product_brand":[5025],"product_cat":[10116],"product_tag":[],"class_list":{"0":"post-78203","1":"product","2":"type-product","3":"status-publish","4":"has-post-thumbnail","6":"product_brand-mastro-fiore","7":"product_cat-senza-categoria-de","9":"first","10":"outofstock","11":"sale","12":"taxable","13":"shipping-taxable","14":"purchasable","15":"product-type-simple"},"exclude_global_add_ons":false,"addons":[{"name":"CAMPI_SPESSORE","type":"multiple_choice","position":0,"required":true,"title_format":"heading","default":"","description_enable":false,"description":"","placeholder_enable":false,"placeholder":"","display":"select","restrictions_type":"any_text","adjust_price":false,"price":"","price_type":"flat_fee","restrictions":false,"min":"0","max":"0","options":[{"label":"5 cm","price":"","price_type":"quantity_based","image":0,"visibility":true},{"label":"10 cm","price":"108","price_type":"quantity_based","image":0,"visibility":true}],"id":1729079046},{"name":"CAMPI_PROFONDIT\u00c0","type":"multiple_choice","position":1,"required":true,"title_format":"heading","default":"","description_enable":false,"description":"","placeholder_enable":false,"placeholder":"","display":"select","restrictions_type":"any_text","adjust_price":false,"price":"","price_type":"flat_fee","restrictions":false,"min":"0","max":"0","options":[{"label":"from 1 to 32 cm","price":"","price_type":"quantity_based","image":0,"visibility":true},{"label":"from 33 cm to 50 cm","price":"60","price_type":"quantity_based","image":0,"visibility":true},{"label":"from 51 cm to 60 cm","price":"84","price_type":"quantity_based","image":0,"visibility":true}],"id":1729079047},{"name":"CAMPI_LUNGHEZZA","type":"multiple_choice","position":2,"required":true,"title_format":"heading","default":"","description_enable":false,"description":"","placeholder_enable":false,"placeholder":"","display":"select","restrictions_type":"any_text","adjust_price":false,"price":"","price_type":"flat_fee","restrictions":false,"min":"0","max":"0","options":[{"label":"from 10 to 80 cm","price":"","price_type":"quantity_based","image":0,"visibility":true},{"label":"from 81 to 120 cm","price":"15","price_type":"quantity_based","image":0,"visibility":true},{"label":"from 121 to 140 cm","price":"39","price_type":"quantity_based","image":0,"visibility":true},{"label":"from 141 to 160 cm","price":"48","price_type":"quantity_based","image":0,"visibility":true},{"label":"from 161 to 180 cm","price":"63","price_type":"quantity_based","image":0,"visibility":true},{"label":"from 181 to 200 cm","price":"78","price_type":"quantity_based","image":0,"visibility":true},{"label":"from 201 to 270 cm","price":"117","price_type":"quantity_based","image":0,"visibility":true},{"label":"from 270 to 300 cm","price":"288","price_type":"quantity_based","image":0,"visibility":true}],"id":1729079048},{"name":"CAMPI_COLORE","type":"multiple_choice","position":3,"required":true,"title_format":"heading","default":"","description_enable":false,"description":"","placeholder_enable":false,"placeholder":"","display":"select","restrictions_type":"any_text","adjust_price":false,"price":"","price_type":"flat_fee","restrictions":false,"min":"0","max":"0","options":[{"label":"sand","price":"","price_type":"quantity_based","image":0,"visibility":true},{"label":"Slate","price":"","price_type":"quantity_based","image":0,"visibility":true},{"label":"tobacco","price":"","price_type":"quantity_based","image":0,"visibility":true},{"label":"ice","price":"","price_type":"quantity_based","image":0,"visibility":true},{"label":"Anthracite","price":"18","price_type":"quantity_based","image":0,"visibility":true},{"label":"Pure white","price":"18","price_type":"quantity_based","image":0,"visibility":true},{"label":"Dark oak","price":"18","price_type":"quantity_based","image":0,"visibility":true},{"label":"natural oak","price":"18","price_type":"quantity_based","image":0,"visibility":true},{"label":"Deep black","price":"18","price_type":"quantity_based","image":0,"visibility":true},{"label":"opaque black","price":"24","price_type":"quantity_based","image":0,"visibility":true},{"label":"opaque aubergine","price":"24","price_type":"quantity_based","image":0,"visibility":true},{"label":"opaque coral","price":"24","price_type":"quantity_based","image":0,"visibility":true},{"label":"Opaque white","price":"24","price_type":"quantity_based","image":0,"visibility":true},{"label":"malindi","price":"60","price_type":"quantity_based","image":0,"visibility":true},{"label":"grey","price":"60","price_type":"quantity_based","image":0,"visibility":true},{"label":"makassar","price":"60","price_type":"quantity_based","image":0,"visibility":true},{"label":"tundra","price":"60","price_type":"quantity_based","image":0,"visibility":true},{"label":"Silver leaf","price":"84","price_type":"quantity_based","image":0,"visibility":true},{"label":"Gold leaf","price":"84","price_type":"quantity_based","image":0,"visibility":true},{"label":"Opaque RAL colours","price":"108","price_type":"quantity_based","image":0,"visibility":true},{"label":"Glossy RAL colours","price":"108","price_type":"quantity_based","image":0,"visibility":true}],"id":1729079049},{"name":"CAMPI_ACCESSORI_IN_METALLO","type":"multiple_choice","position":4,"required":true,"title_format":"heading","default":"","description_enable":false,"description":"","placeholder_enable":false,"placeholder":"","display":"select","restrictions_type":"any_text","adjust_price":false,"price":"","price_type":"flat_fee","restrictions":false,"min":"0","max":"0","options":[{"label":"No accessories","price":"","price_type":"quantity_based","image":0,"visibility":true},{"label":"cm 30 towel holder","price":"84","price_type":"quantity_based","image":0,"visibility":true},{"label":"cm 40 towel holder","price":"84","price_type":"quantity_based","image":0,"visibility":true},{"label":"cm 50 towel holder","price":"90","price_type":"quantity_based","image":0,"visibility":true},{"label":"cm 60 towel holder","price":"90","price_type":"quantity_based","image":0,"visibility":true}],"id":1729079050},{"name":"CAMPI_FORO","type":"multiple_choice","position":5,"required":true,"title_format":"heading","default":"","description_enable":false,"description":"","placeholder_enable":false,"placeholder":"","display":"select","restrictions_type":"any_text","adjust_price":false,"price":"","price_type":"flat_fee","restrictions":false,"min":"0","max":"0","options":[{"label":"No hole","price":"","price_type":"quantity_based","image":0,"visibility":true},{"label":"Customized hole","price":"39","price_type":"quantity_based","image":0,"visibility":true}],"id":1729079051},{"name":"CAMPI_PENSILE","type":"multiple_choice","position":6,"required":true,"title_format":"heading","default":"","description_enable":false,"description":"","placeholder_enable":false,"placeholder":"","display":"select","restrictions_type":"any_text","adjust_price":false,"price":"","price_type":"flat_fee","restrictions":false,"min":"0","max":"0","options":[{"label":"no wall unit","price":"","price_type":"quantity_based","image":0,"visibility":true},{"label":"60xH35xD32 folding door","price":"264","price_type":"quantity_based","image":0,"visibility":true},{"label":"61-100xH43xD32 folding door","price":"312","price_type":"quantity_based","image":0,"visibility":true}],"id":1729079052},{"name":"CAMPI_CASSETTIERA","type":"multiple_choice","position":7,"required":true,"title_format":"heading","default":"","description_enable":false,"description":"","placeholder_enable":false,"placeholder":"","display":"select","restrictions_type":"any_text","adjust_price":false,"price":"","price_type":"flat_fee","restrictions":false,"min":"0","max":"0","options":[{"label":"No drawer unit","price":"","price_type":"quantity_based","image":0,"visibility":true},{"label":"60xH43xD32 folding door","price":"318","price_type":"quantity_based","image":0,"visibility":true},{"label":"61-100xH43xD32 folding door","price":"366","price_type":"quantity_based","image":0,"visibility":true}],"id":1729079053}],"yoast_head":"<!-- This site is optimized with the Yoast SEO plugin v26.7 - https:\/\/yoast.com\/wordpress\/plugins\/seo\/ -->\n<title>Ablage f\u00fcr Aufsatzbecken aus massivem Lattenholz in verschiedenen Farben und Gr\u00f6\u00dfen<\/title>\n<meta name=\"description\" content=\"Ablageplatte F\u00fcr Aufsatzbecken, die vollst\u00e4ndig aus massivem Blockboard-Holz gefertigt sind, in vielen Farben und Gr\u00f6\u00dfen erh\u00e4ltlich\" \/>\n<meta name=\"robots\" content=\"index, follow, max-snippet:-1, max-image-preview:large, max-video-preview:-1\" \/>\n<link rel=\"canonical\" href=\"https:\/\/www.bagnoitalia.com\/de\/produkt\/ablage-fur-waschbecken-holzplatte-in-50-farben-und-grosen.html\" \/>\n<meta property=\"og:locale\" content=\"de_DE\" \/>\n<meta property=\"og:type\" content=\"article\" \/>\n<meta property=\"og:title\" content=\"Ablage f\u00fcr Aufsatzbecken aus massivem Lattenholz in verschiedenen Farben und Gr\u00f6\u00dfen\" \/>\n<meta property=\"og:description\" content=\"Ablageplatte F\u00fcr Aufsatzbecken, die vollst\u00e4ndig aus massivem Blockboard-Holz gefertigt sind, in vielen Farben und Gr\u00f6\u00dfen erh\u00e4ltlich\" \/>\n<meta property=\"og:url\" content=\"https:\/\/www.bagnoitalia.com\/de\/produkt\/ablage-fur-waschbecken-holzplatte-in-50-farben-und-grosen.html\" \/>\n<meta property=\"og:site_name\" content=\"Bagno Italia\" \/>\n<meta property=\"article:modified_time\" content=\"2025-07-23T08:27:33+00:00\" \/>\n<meta property=\"og:image\" content=\"https:\/\/img.bagnoitalia.com\/wp-content\/uploads\/virtuemart\/product\/A-piano-schelf-for-wooden-washbasin-1_1542378608_7241.jpg\" \/>\n\t<meta property=\"og:image:width\" content=\"369\" \/>\n\t<meta property=\"og:image:height\" content=\"369\" \/>\n\t<meta property=\"og:image:type\" content=\"image\/jpeg\" \/>\n<meta name=\"twitter:card\" content=\"summary_large_image\" \/>\n<meta name=\"twitter:label1\" content=\"Gesch\u00e4tzte Lesezeit\" \/>\n\t<meta name=\"twitter:data1\" content=\"3\u00a0Minuten\" \/>\n<script type=\"application\/ld+json\" class=\"yoast-schema-graph\">{\"@context\":\"https:\/\/schema.org\",\"@graph\":[{\"@type\":\"WebPage\",\"@id\":\"https:\/\/www.bagnoitalia.com\/de\/produkt\/ablage-fur-waschbecken-holzplatte-in-50-farben-und-grosen.html\",\"url\":\"https:\/\/www.bagnoitalia.com\/de\/produkt\/ablage-fur-waschbecken-holzplatte-in-50-farben-und-grosen.html\",\"name\":\"Ablage f\u00fcr Aufsatzbecken aus massivem Lattenholz in verschiedenen Farben und Gr\u00f6\u00dfen\",\"isPartOf\":{\"@id\":\"https:\/\/www.bagnoitalia.com\/de#website\"},\"primaryImageOfPage\":{\"@id\":\"https:\/\/www.bagnoitalia.com\/de\/produkt\/ablage-fur-waschbecken-holzplatte-in-50-farben-und-grosen.html#primaryimage\"},\"image\":{\"@id\":\"https:\/\/www.bagnoitalia.com\/de\/produkt\/ablage-fur-waschbecken-holzplatte-in-50-farben-und-grosen.html#primaryimage\"},\"thumbnailUrl\":\"https:\/\/img.bagnoitalia.com\/wp-content\/uploads\/virtuemart\/product\/A-piano-schelf-for-wooden-washbasin-1_1542378608_7241.jpg\",\"datePublished\":\"2014-02-06T09:36:13+00:00\",\"dateModified\":\"2025-07-23T08:27:33+00:00\",\"description\":\"Ablageplatte F\u00fcr Aufsatzbecken, die vollst\u00e4ndig aus massivem Blockboard-Holz gefertigt sind, in vielen Farben und Gr\u00f6\u00dfen erh\u00e4ltlich\",\"breadcrumb\":{\"@id\":\"https:\/\/www.bagnoitalia.com\/de\/produkt\/ablage-fur-waschbecken-holzplatte-in-50-farben-und-grosen.html#breadcrumb\"},\"inLanguage\":\"de\",\"potentialAction\":[{\"@type\":\"ReadAction\",\"target\":[\"https:\/\/www.bagnoitalia.com\/de\/produkt\/ablage-fur-waschbecken-holzplatte-in-50-farben-und-grosen.html\"]}]},{\"@type\":\"ImageObject\",\"inLanguage\":\"de\",\"@id\":\"https:\/\/www.bagnoitalia.com\/de\/produkt\/ablage-fur-waschbecken-holzplatte-in-50-farben-und-grosen.html#primaryimage\",\"url\":\"https:\/\/img.bagnoitalia.com\/wp-content\/uploads\/virtuemart\/product\/A-piano-schelf-for-wooden-washbasin-1_1542378608_7241.jpg\",\"contentUrl\":\"https:\/\/img.bagnoitalia.com\/wp-content\/uploads\/virtuemart\/product\/A-piano-schelf-for-wooden-washbasin-1_1542378608_7241.jpg\",\"width\":369,\"height\":369},{\"@type\":\"BreadcrumbList\",\"@id\":\"https:\/\/www.bagnoitalia.com\/de\/produkt\/ablage-fur-waschbecken-holzplatte-in-50-farben-und-grosen.html#breadcrumb\",\"itemListElement\":[{\"@type\":\"ListItem\",\"position\":1,\"name\":\"Home\",\"item\":\"https:\/\/www.bagnoitalia.com\/de\"},{\"@type\":\"ListItem\",\"position\":2,\"name\":\"Produkte\",\"item\":\"https:\/\/www.bagnoitalia.com\/de\/shop\"},{\"@type\":\"ListItem\",\"position\":3,\"name\":\"Ablage f\u00fcr Waschbecken Holzplatte in 50 Farben und Gr\u00f6\u00dfen\"}]},{\"@type\":\"WebSite\",\"@id\":\"https:\/\/www.bagnoitalia.com\/de#website\",\"url\":\"https:\/\/www.bagnoitalia.com\/de\",\"name\":\"Bagno Italia\",\"description\":\"\",\"publisher\":{\"@id\":\"https:\/\/www.bagnoitalia.com\/de#organization\"},\"potentialAction\":[{\"@type\":\"SearchAction\",\"target\":{\"@type\":\"EntryPoint\",\"urlTemplate\":\"https:\/\/www.bagnoitalia.com\/de?s={search_term_string}\"},\"query-input\":{\"@type\":\"PropertyValueSpecification\",\"valueRequired\":true,\"valueName\":\"search_term_string\"}}],\"inLanguage\":\"de\"},{\"@type\":\"Organization\",\"@id\":\"https:\/\/www.bagnoitalia.com\/de#organization\",\"name\":\"Bagno Italia\",\"url\":\"https:\/\/www.bagnoitalia.com\/de\",\"logo\":{\"@type\":\"ImageObject\",\"inLanguage\":\"de\",\"@id\":\"https:\/\/www.bagnoitalia.com\/de#\/schema\/logo\/image\/\",\"url\":\"https:\/\/img.bagnoitalia.com\/wp-content\/uploads\/logo-bagnoitalia.webp\",\"contentUrl\":\"https:\/\/img.bagnoitalia.com\/wp-content\/uploads\/logo-bagnoitalia.webp\",\"width\":400,\"height\":70,\"caption\":\"Bagno Italia\"},\"image\":{\"@id\":\"https:\/\/www.bagnoitalia.com\/de#\/schema\/logo\/image\/\"}}]}<\/script>\n<!-- \/ Yoast SEO plugin. -->","yoast_head_json":{"title":"Ablage f\u00fcr Aufsatzbecken aus massivem Lattenholz in verschiedenen Farben und Gr\u00f6\u00dfen","description":"Ablageplatte F\u00fcr Aufsatzbecken, die vollst\u00e4ndig aus massivem Blockboard-Holz gefertigt sind, in vielen Farben und Gr\u00f6\u00dfen erh\u00e4ltlich","robots":{"index":"index","follow":"follow","max-snippet":"max-snippet:-1","max-image-preview":"max-image-preview:large","max-video-preview":"max-video-preview:-1"},"canonical":"https:\/\/www.bagnoitalia.com\/de\/produkt\/ablage-fur-waschbecken-holzplatte-in-50-farben-und-grosen.html","og_locale":"de_DE","og_type":"article","og_title":"Ablage f\u00fcr Aufsatzbecken aus massivem Lattenholz in verschiedenen Farben und Gr\u00f6\u00dfen","og_description":"Ablageplatte F\u00fcr Aufsatzbecken, die vollst\u00e4ndig aus massivem Blockboard-Holz gefertigt sind, in vielen Farben und Gr\u00f6\u00dfen erh\u00e4ltlich","og_url":"https:\/\/www.bagnoitalia.com\/de\/produkt\/ablage-fur-waschbecken-holzplatte-in-50-farben-und-grosen.html","og_site_name":"Bagno Italia","article_modified_time":"2025-07-23T08:27:33+00:00","og_image":[{"width":369,"height":369,"url":"https:\/\/img.bagnoitalia.com\/wp-content\/uploads\/virtuemart\/product\/A-piano-schelf-for-wooden-washbasin-1_1542378608_7241.jpg","type":"image\/jpeg"}],"twitter_card":"summary_large_image","twitter_misc":{"Gesch\u00e4tzte Lesezeit":"3\u00a0Minuten"},"schema":{"@context":"https:\/\/schema.org","@graph":[{"@type":"WebPage","@id":"https:\/\/www.bagnoitalia.com\/de\/produkt\/ablage-fur-waschbecken-holzplatte-in-50-farben-und-grosen.html","url":"https:\/\/www.bagnoitalia.com\/de\/produkt\/ablage-fur-waschbecken-holzplatte-in-50-farben-und-grosen.html","name":"Ablage f\u00fcr Aufsatzbecken aus massivem Lattenholz in verschiedenen Farben und Gr\u00f6\u00dfen","isPartOf":{"@id":"https:\/\/www.bagnoitalia.com\/de#website"},"primaryImageOfPage":{"@id":"https:\/\/www.bagnoitalia.com\/de\/produkt\/ablage-fur-waschbecken-holzplatte-in-50-farben-und-grosen.html#primaryimage"},"image":{"@id":"https:\/\/www.bagnoitalia.com\/de\/produkt\/ablage-fur-waschbecken-holzplatte-in-50-farben-und-grosen.html#primaryimage"},"thumbnailUrl":"https:\/\/img.bagnoitalia.com\/wp-content\/uploads\/virtuemart\/product\/A-piano-schelf-for-wooden-washbasin-1_1542378608_7241.jpg","datePublished":"2014-02-06T09:36:13+00:00","dateModified":"2025-07-23T08:27:33+00:00","description":"Ablageplatte F\u00fcr Aufsatzbecken, die vollst\u00e4ndig aus massivem Blockboard-Holz gefertigt sind, in vielen Farben und Gr\u00f6\u00dfen erh\u00e4ltlich","breadcrumb":{"@id":"https:\/\/www.bagnoitalia.com\/de\/produkt\/ablage-fur-waschbecken-holzplatte-in-50-farben-und-grosen.html#breadcrumb"},"inLanguage":"de","potentialAction":[{"@type":"ReadAction","target":["https:\/\/www.bagnoitalia.com\/de\/produkt\/ablage-fur-waschbecken-holzplatte-in-50-farben-und-grosen.html"]}]},{"@type":"ImageObject","inLanguage":"de","@id":"https:\/\/www.bagnoitalia.com\/de\/produkt\/ablage-fur-waschbecken-holzplatte-in-50-farben-und-grosen.html#primaryimage","url":"https:\/\/img.bagnoitalia.com\/wp-content\/uploads\/virtuemart\/product\/A-piano-schelf-for-wooden-washbasin-1_1542378608_7241.jpg","contentUrl":"https:\/\/img.bagnoitalia.com\/wp-content\/uploads\/virtuemart\/product\/A-piano-schelf-for-wooden-washbasin-1_1542378608_7241.jpg","width":369,"height":369},{"@type":"BreadcrumbList","@id":"https:\/\/www.bagnoitalia.com\/de\/produkt\/ablage-fur-waschbecken-holzplatte-in-50-farben-und-grosen.html#breadcrumb","itemListElement":[{"@type":"ListItem","position":1,"name":"Home","item":"https:\/\/www.bagnoitalia.com\/de"},{"@type":"ListItem","position":2,"name":"Produkte","item":"https:\/\/www.bagnoitalia.com\/de\/shop"},{"@type":"ListItem","position":3,"name":"Ablage f\u00fcr Waschbecken Holzplatte in 50 Farben und Gr\u00f6\u00dfen"}]},{"@type":"WebSite","@id":"https:\/\/www.bagnoitalia.com\/de#website","url":"https:\/\/www.bagnoitalia.com\/de","name":"Bagno Italia","description":"","publisher":{"@id":"https:\/\/www.bagnoitalia.com\/de#organization"},"potentialAction":[{"@type":"SearchAction","target":{"@type":"EntryPoint","urlTemplate":"https:\/\/www.bagnoitalia.com\/de?s={search_term_string}"},"query-input":{"@type":"PropertyValueSpecification","valueRequired":true,"valueName":"search_term_string"}}],"inLanguage":"de"},{"@type":"Organization","@id":"https:\/\/www.bagnoitalia.com\/de#organization","name":"Bagno Italia","url":"https:\/\/www.bagnoitalia.com\/de","logo":{"@type":"ImageObject","inLanguage":"de","@id":"https:\/\/www.bagnoitalia.com\/de#\/schema\/logo\/image\/","url":"https:\/\/img.bagnoitalia.com\/wp-content\/uploads\/logo-bagnoitalia.webp","contentUrl":"https:\/\/img.bagnoitalia.com\/wp-content\/uploads\/logo-bagnoitalia.webp","width":400,"height":70,"caption":"Bagno Italia"},"image":{"@id":"https:\/\/www.bagnoitalia.com\/de#\/schema\/logo\/image\/"}}]}},"_links":{"self":[{"href":"https:\/\/www.bagnoitalia.com\/de\/wp-json\/wp\/v2\/product\/78203","targetHints":{"allow":["GET"]}}],"collection":[{"href":"https:\/\/www.bagnoitalia.com\/de\/wp-json\/wp\/v2\/product"}],"about":[{"href":"https:\/\/www.bagnoitalia.com\/de\/wp-json\/wp\/v2\/types\/product"}],"replies":[{"embeddable":true,"href":"https:\/\/www.bagnoitalia.com\/de\/wp-json\/wp\/v2\/comments?post=78203"}],"version-history":[{"count":1,"href":"https:\/\/www.bagnoitalia.com\/de\/wp-json\/wp\/v2\/product\/78203\/revisions"}],"predecessor-version":[{"id":93201,"href":"https:\/\/www.bagnoitalia.com\/de\/wp-json\/wp\/v2\/product\/78203\/revisions\/93201"}],"wp:featuredmedia":[{"embeddable":true,"href":"https:\/\/www.bagnoitalia.com\/de\/wp-json\/wp\/v2\/media\/17866"}],"wp:attachment":[{"href":"https:\/\/www.bagnoitalia.com\/de\/wp-json\/wp\/v2\/media?parent=78203"}],"wp:term":[{"taxonomy":"product_brand","embeddable":true,"href":"https:\/\/www.bagnoitalia.com\/de\/wp-json\/wp\/v2\/product_brand?post=78203"},{"taxonomy":"product_cat","embeddable":true,"href":"https:\/\/www.bagnoitalia.com\/de\/wp-json\/wp\/v2\/product_cat?post=78203"},{"taxonomy":"product_tag","embeddable":true,"href":"https:\/\/www.bagnoitalia.com\/de\/wp-json\/wp\/v2\/product_tag?post=78203"}],"curies":[{"name":"wp","href":"https:\/\/api.w.org\/{rel}","templated":true}]}}