{"id":78191,"date":"2012-12-15T01:38:14","date_gmt":"2012-12-15T00:38:14","guid":{"rendered":"https:\/\/www.bagnoitalia.com\/product\/eckduschkabine-mit-einer-oder-zwei-festen-turen-schiebetur-transparent-oder-opak-kristall-box017"},"modified":"2025-06-12T00:57:14","modified_gmt":"2025-06-11T22:57:14","slug":"eckduschkabine-mit-einer-oder-zwei-festen-turen-schiebetur-transparent-oder-opak-kristall-box017","status":"publish","type":"product","link":"https:\/\/www.bagnoitalia.com\/de\/produkt\/eckduschkabine-mit-einer-oder-zwei-festen-turen-schiebetur-transparent-oder-opak-kristall-box017.html","title":{"rendered":"BOX017 Duschkabine, aus transparentem oder mattem Kristallglas, mit 1 oder 2 Festw\u00e4nden, mit Schiebet\u00fcr"},"content":{"rendered":"<p><span style=\"font-size: 12pt; text-decoration: underline;\"><strong>BOX017 Duschkabine aus transparentem oder mattem Kristallglas, mit 1 oder 2 Festw\u00e4nden und einer Schiebet\u00fcr<\/strong><\/span><\/p>\n<p><span style=\"font-size: 12pt; text-decoration: underline;\">Eigenschfaten:<\/span><\/p>\n<ul style=\"text-align: justify; margin-top: 0cm;\" type=\"disc\">\n<li style=\"margin-top: 6pt; margin-bottom: 6pt;\"><span style=\"font-size: 12pt;\">Glas: 6mm breites, transparentes oder mattes Kristallglas<\/span><\/li>\n<li style=\"margin-top: 6pt; margin-bottom: 6pt;\"><span style=\"font-size: 12pt;\">H\u00f6he: 185cm<br \/>\n<\/span><\/li>\n<li style=\"margin-top: 6pt; margin-bottom: 6pt;\"><span style=\"font-size: 12pt;\">Aluminiumprofil mit <strong>antioxidativer Behandlung<\/strong><br \/>\n<\/span><\/li>\n<li style=\"margin-top: 6pt; margin-bottom: 6pt;\"><span style=\"font-size: 12pt;\">Verschluss: magnetisch<\/span><\/li>\n<li style=\"margin-top: 6pt; margin-bottom: 6pt;\"><span style=\"font-size: 12pt;\">Schiebet\u00fcr nur in eine Richtung ausziehbar<\/span><\/li>\n<li style=\"margin-top: 6pt; margin-bottom: 6pt;\"><span style=\"font-size: 12pt;\">erweiterbare Duschkabine<\/span><\/li>\n<li style=\"margin-top: 6pt; margin-bottom: 6pt;\"><span style=\"font-size: 12pt;\">Schienen auf einem Stahllager gesch\u00fctzt<\/span><\/li>\n<\/ul>\n<p><span style=\"font-size: 12pt;\">Die Duschplatte ist nicht enthalten, kann aber auf Wunsch hinzugef\u00fcgt werden.<\/span><\/p>\n<p style=\"text-align: justify;\">\n<p>&nbsp;<\/p>\n<div style=\"text-align: justify;\"><span style=\"font-size: 12pt; text-decoration: underline;\">Gr\u00f6\u00dfen und Bearbeitungstoleranz:<\/span><\/div>\n<ul style=\"text-align: left; margin-top: 0cm;\" type=\"disc\">\n<li style=\"text-align: justify; margin-top: 6pt; margin-bottom: 6pt;\"><span style=\"font-size: 12pt;\">Festwand 70cm: modifizierbar von 68 bis 71cm<\/span><\/li>\n<li style=\"text-align: justify; margin-top: 6pt; margin-bottom: 6pt;\"><span style=\"font-size: 12pt;\">Festwand 80cm: modifizierbar von 78 bis 81cm<\/span><\/li>\n<li style=\"text-align: justify; margin-top: 6pt; margin-bottom: 6pt;\"><span style=\"font-size: 12pt;\">Festwand 90cm: modifizierbar von 88 bis 91cm<\/span><\/li>\n<\/ul>\n<p style=\"text-align: left;\"><span style=\"font-size: 12pt;\"><strong>\u00a0<\/strong><\/span><\/p>\n<p><span style=\"font-size: 12pt; text-decoration: underline;\">\u00d6ffnungsbreite:<\/span><\/p>\n<p><span style=\"font-size: 12pt;\">100cm: 40cm<\/span><\/p>\n<p><span style=\"font-size: 12pt;\">110cm: 45cm<\/span><\/p>\n<p><span style=\"font-size: 12pt;\">120cm: 50cm<\/span><\/p>\n<p><span style=\"font-size: 12pt;\">130cm: 55cm<\/span><\/p>\n<p><span style=\"font-size: 12pt;\">140cm: 60cm<\/span><\/p>\n<p><span style=\"font-size: 12pt;\">150cm: 65cm<\/span><\/p>\n<p><span style=\"font-size: 12pt;\">160cm: 70cm<\/span><\/p>\n<p style=\"text-align: left;\"><span style=\"font-size: 12pt;\"><strong>\u00a0<\/strong><\/span><\/p>\n<p style=\"font-size: small;\"><span style=\"text-decoration: underline; font-size: 10pt;\"><span style=\"font-size: small;\"><span style=\"font-size: 12pt;\">\u00dcber das Dropdown-Men\u00fc k\u00f6nnen Sie eine zweite Festwand hinzuf\u00fcgen.<\/span><\/span><\/span><\/p>\n<p style=\"text-align: left;\">\n<p>&nbsp;<\/p>\n<p><span style=\"font-size: 12pt;\"><strong>Duschkabine mit zwei Festw\u00e4nden:<\/strong><\/span><\/p>\n<p><img fetchpriority=\"high\" decoding=\"async\" class=\" size-full wp-image-17802\" src=\"https:\/\/img.bagnoitalia.com\/wp-content\/uploads\/virtuemart\/product\/box_doccia_anta_scorrevole.jpg\" alt=\"http:\/\/www.bagnoitalia.it\/https:\/\/img.bagnoitalia.com\/wp-content\/uploads\/virtuemart\/product\/box_doccia_anta_scorrevole.jpg\" width=\"480\" height=\"610\" srcset=\"https:\/\/img.bagnoitalia.com\/wp-content\/uploads\/virtuemart\/product\/box_doccia_anta_scorrevole.jpg 480w, https:\/\/img.bagnoitalia.com\/wp-content\/uploads\/virtuemart\/product\/box_doccia_anta_scorrevole-441x560.jpg 441w, https:\/\/img.bagnoitalia.com\/wp-content\/uploads\/virtuemart\/product\/box_doccia_anta_scorrevole-150x191.jpg 150w\" sizes=\"(max-width: 480px) 100vw, 480px\" \/><\/p>\n","protected":false},"excerpt":{"rendered":"<p>BOX017 Duschkabine aus transparentem oder mattem Kristallglas, mit 1 oder 2 Festw\u00e4nden und einer Schiebet\u00fcr. Die Festwand ist 70, 80 oder 90cm breit, w\u00e4hrend die Schiebet\u00fcr mindestens 100 bis maximal 160cm breit sein kann.<\/p>\n","protected":false},"featured_media":17766,"comment_status":"open","ping_status":"closed","template":"","meta":[],"product_brand":[9886],"product_cat":[9808,9816,9712],"product_tag":[],"class_list":{"0":"post-78191","1":"product","2":"type-product","3":"status-publish","4":"has-post-thumbnail","6":"product_brand-hydrastar-de","7":"product_cat-eckdusche-duschkabine","8":"product_cat-duschkabine-u-form-duschkabine","9":"product_cat-duschkabine","11":"first","12":"instock","13":"sale","14":"taxable","15":"shipping-taxable","16":"purchasable","17":"product-type-simple"},"exclude_global_add_ons":false,"addons":[{"name":"feste Seite","type":"multiple_choice","position":0,"required":true,"title_format":"heading","default":"","description_enable":false,"description":"","placeholder_enable":false,"placeholder":"","display":"select","restrictions_type":"any_text","adjust_price":false,"price":"","price_type":"flat_fee","restrictions":false,"min":"0","max":"0","options":[{"label":"60 cm(von 57 bis 59cm)","price":"","price_type":"quantity_based","image":0,"visibility":true},{"label":"70 cm(von 67 bis 69cm)","price":"6","price_type":"quantity_based","image":0,"visibility":true},{"label":"75 cm(von 72 bis 74cm)","price":"16","price_type":"quantity_based","image":0,"visibility":true},{"label":"80 cm(von 77 bis 79cm)","price":"21","price_type":"quantity_based","image":0,"visibility":true},{"label":"90 cm(von 87 bis 89cm)","price":"30","price_type":"quantity_based","image":0,"visibility":true},{"label":"100 cm(von 97 bis 99cm)","price":"40","price_type":"quantity_based","image":0,"visibility":true},{"label":"2 x 60cm(von 57 bis 59cm)","price":"179","price_type":"quantity_based","image":0,"visibility":true},{"label":"2 x 70cm(von 67 bis 69cm)","price":"191","price_type":"quantity_based","image":0,"visibility":true},{"label":"2 x 75 cm(von 72 bis 74cm)","price":"211","price_type":"quantity_based","image":0,"visibility":true},{"label":"2 x 80 cm (von 77 bis 79cm)","price":"221","price_type":"quantity_based","image":0,"visibility":true},{"label":"2 x 90 cm(von 87 bis 89cm)","price":"239","price_type":"quantity_based","image":0,"visibility":true},{"label":"2 x 100 cm(von 97 bis 99cm)","price":"259","price_type":"quantity_based","image":0,"visibility":true}],"id":1718723422},{"name":"Duscht\u00fcr","type":"multiple_choice","position":1,"required":true,"title_format":"heading","default":"","description_enable":false,"description":"","placeholder_enable":false,"placeholder":"","display":"select","restrictions_type":"any_text","adjust_price":false,"price":"","price_type":"flat_fee","restrictions":false,"min":"0","max":"0","options":[{"label":"cm 100","price":"","price_type":"quantity_based","image":0,"visibility":true},{"label":"cm 110","price":"6","price_type":"quantity_based","image":0,"visibility":true},{"label":"cm 120","price":"20","price_type":"quantity_based","image":0,"visibility":true},{"label":"cm 130","price":"30","price_type":"quantity_based","image":0,"visibility":true},{"label":"cm 140","price":"46","price_type":"quantity_based","image":0,"visibility":true},{"label":"cm 150","price":"60","price_type":"quantity_based","image":0,"visibility":true},{"label":"cm 160","price":"76","price_type":"quantity_based","image":0,"visibility":true}],"id":1718723423},{"name":"kristall","type":"multiple_choice","position":2,"required":true,"title_format":"heading","default":"","description_enable":false,"description":"","placeholder_enable":false,"placeholder":"","display":"select","restrictions_type":"any_text","adjust_price":false,"price":"","price_type":"flat_fee","restrictions":false,"min":"0","max":"0","options":[{"label":"transparent","price":"","price_type":"quantity_based","image":0,"visibility":true},{"label":"blickdicht","price":"","price_type":"quantity_based","image":0,"visibility":true}],"id":1718723424},{"name":"Ausgleichsprofil","type":"multiple_choice","position":3,"required":true,"title_format":"heading","default":"","description_enable":false,"description":"","placeholder_enable":false,"placeholder":"","display":"select","restrictions_type":"any_text","adjust_price":false,"price":"","price_type":"flat_fee","restrictions":false,"min":"0","max":"0","options":[{"label":"KEIN Ausgleichsprofil","price":"","price_type":"quantity_based","image":0,"visibility":true},{"label":"ein Ausgleichsprofil +1cm","price":"35","price_type":"quantity_based","image":0,"visibility":true},{"label":"zwei Ausgleichsprofile +2cm","price":"70","price_type":"quantity_based","image":0,"visibility":true},{"label":"ein H-Profil von 3 bis 6cm","price":"45","price_type":"quantity_based","image":0,"visibility":true}],"id":1718723425}],"yoast_head":"<!-- This site is optimized with the Yoast SEO plugin v26.7 - https:\/\/yoast.com\/wordpress\/plugins\/seo\/ -->\n<title>Eckduschbox mit fester T\u00fcr - Bagno Italia hd<\/title>\n<meta name=\"description\" content=\"Eckduschkabine, Rahmen aus transparentem oder undurchsichtigem Kristall und Antioxidationsaluminium, in verschiedenen Gr\u00f6\u00dfen erh\u00e4ltlich. Magnetverschluss Erfahren Sie mehr!\" \/>\n<meta name=\"robots\" content=\"index, follow, max-snippet:-1, max-image-preview:large, max-video-preview:-1\" \/>\n<link rel=\"canonical\" href=\"https:\/\/www.bagnoitalia.com\/de\/produkt\/eckduschkabine-mit-einer-oder-zwei-festen-turen-schiebetur-transparent-oder-opak-kristall-box017.html\" \/>\n<meta property=\"og:locale\" content=\"de_DE\" \/>\n<meta property=\"og:type\" content=\"article\" \/>\n<meta property=\"og:title\" content=\"Eckduschbox mit fester T\u00fcr - Bagno Italia hd\" \/>\n<meta property=\"og:description\" content=\"Eckduschkabine, Rahmen aus transparentem oder undurchsichtigem Kristall und Antioxidationsaluminium, in verschiedenen Gr\u00f6\u00dfen erh\u00e4ltlich. Magnetverschluss Erfahren Sie mehr!\" \/>\n<meta property=\"og:url\" content=\"https:\/\/www.bagnoitalia.com\/de\/produkt\/eckduschkabine-mit-einer-oder-zwei-festen-turen-schiebetur-transparent-oder-opak-kristall-box017.html\" \/>\n<meta property=\"og:site_name\" content=\"Bagno Italia\" \/>\n<meta property=\"article:modified_time\" content=\"2025-06-11T22:57:14+00:00\" \/>\n<meta property=\"og:image\" content=\"https:\/\/img.bagnoitalia.com\/wp-content\/uploads\/virtuemart\/product\/CORNER14.jpg\" \/>\n\t<meta property=\"og:image:width\" content=\"868\" \/>\n\t<meta property=\"og:image:height\" content=\"868\" \/>\n\t<meta property=\"og:image:type\" content=\"image\/jpeg\" \/>\n<meta name=\"twitter:card\" content=\"summary_large_image\" \/>\n<meta name=\"twitter:label1\" content=\"Gesch\u00e4tzte Lesezeit\" \/>\n\t<meta name=\"twitter:data1\" content=\"1\u00a0Minute\" \/>\n<script type=\"application\/ld+json\" class=\"yoast-schema-graph\">{\"@context\":\"https:\/\/schema.org\",\"@graph\":[{\"@type\":\"WebPage\",\"@id\":\"https:\/\/www.bagnoitalia.com\/de\/produkt\/eckduschkabine-mit-einer-oder-zwei-festen-turen-schiebetur-transparent-oder-opak-kristall-box017.html\",\"url\":\"https:\/\/www.bagnoitalia.com\/de\/produkt\/eckduschkabine-mit-einer-oder-zwei-festen-turen-schiebetur-transparent-oder-opak-kristall-box017.html\",\"name\":\"Eckduschbox mit fester T\u00fcr - Bagno Italia hd\",\"isPartOf\":{\"@id\":\"https:\/\/www.bagnoitalia.com\/de#website\"},\"primaryImageOfPage\":{\"@id\":\"https:\/\/www.bagnoitalia.com\/de\/produkt\/eckduschkabine-mit-einer-oder-zwei-festen-turen-schiebetur-transparent-oder-opak-kristall-box017.html#primaryimage\"},\"image\":{\"@id\":\"https:\/\/www.bagnoitalia.com\/de\/produkt\/eckduschkabine-mit-einer-oder-zwei-festen-turen-schiebetur-transparent-oder-opak-kristall-box017.html#primaryimage\"},\"thumbnailUrl\":\"https:\/\/img.bagnoitalia.com\/wp-content\/uploads\/virtuemart\/product\/CORNER14.jpg\",\"datePublished\":\"2012-12-15T00:38:14+00:00\",\"dateModified\":\"2025-06-11T22:57:14+00:00\",\"description\":\"Eckduschkabine, Rahmen aus transparentem oder undurchsichtigem Kristall und Antioxidationsaluminium, in verschiedenen Gr\u00f6\u00dfen erh\u00e4ltlich. Magnetverschluss Erfahren Sie mehr!\",\"breadcrumb\":{\"@id\":\"https:\/\/www.bagnoitalia.com\/de\/produkt\/eckduschkabine-mit-einer-oder-zwei-festen-turen-schiebetur-transparent-oder-opak-kristall-box017.html#breadcrumb\"},\"inLanguage\":\"de\",\"potentialAction\":[{\"@type\":\"ReadAction\",\"target\":[\"https:\/\/www.bagnoitalia.com\/de\/produkt\/eckduschkabine-mit-einer-oder-zwei-festen-turen-schiebetur-transparent-oder-opak-kristall-box017.html\"]}]},{\"@type\":\"ImageObject\",\"inLanguage\":\"de\",\"@id\":\"https:\/\/www.bagnoitalia.com\/de\/produkt\/eckduschkabine-mit-einer-oder-zwei-festen-turen-schiebetur-transparent-oder-opak-kristall-box017.html#primaryimage\",\"url\":\"https:\/\/img.bagnoitalia.com\/wp-content\/uploads\/virtuemart\/product\/CORNER14.jpg\",\"contentUrl\":\"https:\/\/img.bagnoitalia.com\/wp-content\/uploads\/virtuemart\/product\/CORNER14.jpg\",\"width\":868,\"height\":868},{\"@type\":\"BreadcrumbList\",\"@id\":\"https:\/\/www.bagnoitalia.com\/de\/produkt\/eckduschkabine-mit-einer-oder-zwei-festen-turen-schiebetur-transparent-oder-opak-kristall-box017.html#breadcrumb\",\"itemListElement\":[{\"@type\":\"ListItem\",\"position\":1,\"name\":\"Home\",\"item\":\"https:\/\/www.bagnoitalia.com\/de\"},{\"@type\":\"ListItem\",\"position\":2,\"name\":\"Produkte\",\"item\":\"https:\/\/www.bagnoitalia.com\/de\/shop\"},{\"@type\":\"ListItem\",\"position\":3,\"name\":\"BOX017 Duschkabine, aus transparentem oder mattem Kristallglas, mit 1 oder 2 Festw\u00e4nden, mit Schiebet\u00fcr\"}]},{\"@type\":\"WebSite\",\"@id\":\"https:\/\/www.bagnoitalia.com\/de#website\",\"url\":\"https:\/\/www.bagnoitalia.com\/de\",\"name\":\"Bagno Italia\",\"description\":\"\",\"publisher\":{\"@id\":\"https:\/\/www.bagnoitalia.com\/de#organization\"},\"potentialAction\":[{\"@type\":\"SearchAction\",\"target\":{\"@type\":\"EntryPoint\",\"urlTemplate\":\"https:\/\/www.bagnoitalia.com\/de?s={search_term_string}\"},\"query-input\":{\"@type\":\"PropertyValueSpecification\",\"valueRequired\":true,\"valueName\":\"search_term_string\"}}],\"inLanguage\":\"de\"},{\"@type\":\"Organization\",\"@id\":\"https:\/\/www.bagnoitalia.com\/de#organization\",\"name\":\"Bagno Italia\",\"url\":\"https:\/\/www.bagnoitalia.com\/de\",\"logo\":{\"@type\":\"ImageObject\",\"inLanguage\":\"de\",\"@id\":\"https:\/\/www.bagnoitalia.com\/de#\/schema\/logo\/image\/\",\"url\":\"https:\/\/img.bagnoitalia.com\/wp-content\/uploads\/logo-bagnoitalia.webp\",\"contentUrl\":\"https:\/\/img.bagnoitalia.com\/wp-content\/uploads\/logo-bagnoitalia.webp\",\"width\":400,\"height\":70,\"caption\":\"Bagno Italia\"},\"image\":{\"@id\":\"https:\/\/www.bagnoitalia.com\/de#\/schema\/logo\/image\/\"}}]}<\/script>\n<!-- \/ Yoast SEO plugin. -->","yoast_head_json":{"title":"Eckduschbox mit fester T\u00fcr - Bagno Italia hd","description":"Eckduschkabine, Rahmen aus transparentem oder undurchsichtigem Kristall und Antioxidationsaluminium, in verschiedenen Gr\u00f6\u00dfen erh\u00e4ltlich. Magnetverschluss Erfahren Sie mehr!","robots":{"index":"index","follow":"follow","max-snippet":"max-snippet:-1","max-image-preview":"max-image-preview:large","max-video-preview":"max-video-preview:-1"},"canonical":"https:\/\/www.bagnoitalia.com\/de\/produkt\/eckduschkabine-mit-einer-oder-zwei-festen-turen-schiebetur-transparent-oder-opak-kristall-box017.html","og_locale":"de_DE","og_type":"article","og_title":"Eckduschbox mit fester T\u00fcr - Bagno Italia hd","og_description":"Eckduschkabine, Rahmen aus transparentem oder undurchsichtigem Kristall und Antioxidationsaluminium, in verschiedenen Gr\u00f6\u00dfen erh\u00e4ltlich. Magnetverschluss Erfahren Sie mehr!","og_url":"https:\/\/www.bagnoitalia.com\/de\/produkt\/eckduschkabine-mit-einer-oder-zwei-festen-turen-schiebetur-transparent-oder-opak-kristall-box017.html","og_site_name":"Bagno Italia","article_modified_time":"2025-06-11T22:57:14+00:00","og_image":[{"width":868,"height":868,"url":"https:\/\/img.bagnoitalia.com\/wp-content\/uploads\/virtuemart\/product\/CORNER14.jpg","type":"image\/jpeg"}],"twitter_card":"summary_large_image","twitter_misc":{"Gesch\u00e4tzte Lesezeit":"1\u00a0Minute"},"schema":{"@context":"https:\/\/schema.org","@graph":[{"@type":"WebPage","@id":"https:\/\/www.bagnoitalia.com\/de\/produkt\/eckduschkabine-mit-einer-oder-zwei-festen-turen-schiebetur-transparent-oder-opak-kristall-box017.html","url":"https:\/\/www.bagnoitalia.com\/de\/produkt\/eckduschkabine-mit-einer-oder-zwei-festen-turen-schiebetur-transparent-oder-opak-kristall-box017.html","name":"Eckduschbox mit fester T\u00fcr - Bagno Italia hd","isPartOf":{"@id":"https:\/\/www.bagnoitalia.com\/de#website"},"primaryImageOfPage":{"@id":"https:\/\/www.bagnoitalia.com\/de\/produkt\/eckduschkabine-mit-einer-oder-zwei-festen-turen-schiebetur-transparent-oder-opak-kristall-box017.html#primaryimage"},"image":{"@id":"https:\/\/www.bagnoitalia.com\/de\/produkt\/eckduschkabine-mit-einer-oder-zwei-festen-turen-schiebetur-transparent-oder-opak-kristall-box017.html#primaryimage"},"thumbnailUrl":"https:\/\/img.bagnoitalia.com\/wp-content\/uploads\/virtuemart\/product\/CORNER14.jpg","datePublished":"2012-12-15T00:38:14+00:00","dateModified":"2025-06-11T22:57:14+00:00","description":"Eckduschkabine, Rahmen aus transparentem oder undurchsichtigem Kristall und Antioxidationsaluminium, in verschiedenen Gr\u00f6\u00dfen erh\u00e4ltlich. Magnetverschluss Erfahren Sie mehr!","breadcrumb":{"@id":"https:\/\/www.bagnoitalia.com\/de\/produkt\/eckduschkabine-mit-einer-oder-zwei-festen-turen-schiebetur-transparent-oder-opak-kristall-box017.html#breadcrumb"},"inLanguage":"de","potentialAction":[{"@type":"ReadAction","target":["https:\/\/www.bagnoitalia.com\/de\/produkt\/eckduschkabine-mit-einer-oder-zwei-festen-turen-schiebetur-transparent-oder-opak-kristall-box017.html"]}]},{"@type":"ImageObject","inLanguage":"de","@id":"https:\/\/www.bagnoitalia.com\/de\/produkt\/eckduschkabine-mit-einer-oder-zwei-festen-turen-schiebetur-transparent-oder-opak-kristall-box017.html#primaryimage","url":"https:\/\/img.bagnoitalia.com\/wp-content\/uploads\/virtuemart\/product\/CORNER14.jpg","contentUrl":"https:\/\/img.bagnoitalia.com\/wp-content\/uploads\/virtuemart\/product\/CORNER14.jpg","width":868,"height":868},{"@type":"BreadcrumbList","@id":"https:\/\/www.bagnoitalia.com\/de\/produkt\/eckduschkabine-mit-einer-oder-zwei-festen-turen-schiebetur-transparent-oder-opak-kristall-box017.html#breadcrumb","itemListElement":[{"@type":"ListItem","position":1,"name":"Home","item":"https:\/\/www.bagnoitalia.com\/de"},{"@type":"ListItem","position":2,"name":"Produkte","item":"https:\/\/www.bagnoitalia.com\/de\/shop"},{"@type":"ListItem","position":3,"name":"BOX017 Duschkabine, aus transparentem oder mattem Kristallglas, mit 1 oder 2 Festw\u00e4nden, mit Schiebet\u00fcr"}]},{"@type":"WebSite","@id":"https:\/\/www.bagnoitalia.com\/de#website","url":"https:\/\/www.bagnoitalia.com\/de","name":"Bagno Italia","description":"","publisher":{"@id":"https:\/\/www.bagnoitalia.com\/de#organization"},"potentialAction":[{"@type":"SearchAction","target":{"@type":"EntryPoint","urlTemplate":"https:\/\/www.bagnoitalia.com\/de?s={search_term_string}"},"query-input":{"@type":"PropertyValueSpecification","valueRequired":true,"valueName":"search_term_string"}}],"inLanguage":"de"},{"@type":"Organization","@id":"https:\/\/www.bagnoitalia.com\/de#organization","name":"Bagno Italia","url":"https:\/\/www.bagnoitalia.com\/de","logo":{"@type":"ImageObject","inLanguage":"de","@id":"https:\/\/www.bagnoitalia.com\/de#\/schema\/logo\/image\/","url":"https:\/\/img.bagnoitalia.com\/wp-content\/uploads\/logo-bagnoitalia.webp","contentUrl":"https:\/\/img.bagnoitalia.com\/wp-content\/uploads\/logo-bagnoitalia.webp","width":400,"height":70,"caption":"Bagno Italia"},"image":{"@id":"https:\/\/www.bagnoitalia.com\/de#\/schema\/logo\/image\/"}}]}},"_links":{"self":[{"href":"https:\/\/www.bagnoitalia.com\/de\/wp-json\/wp\/v2\/product\/78191","targetHints":{"allow":["GET"]}}],"collection":[{"href":"https:\/\/www.bagnoitalia.com\/de\/wp-json\/wp\/v2\/product"}],"about":[{"href":"https:\/\/www.bagnoitalia.com\/de\/wp-json\/wp\/v2\/types\/product"}],"replies":[{"embeddable":true,"href":"https:\/\/www.bagnoitalia.com\/de\/wp-json\/wp\/v2\/comments?post=78191"}],"version-history":[{"count":1,"href":"https:\/\/www.bagnoitalia.com\/de\/wp-json\/wp\/v2\/product\/78191\/revisions"}],"predecessor-version":[{"id":90658,"href":"https:\/\/www.bagnoitalia.com\/de\/wp-json\/wp\/v2\/product\/78191\/revisions\/90658"}],"wp:featuredmedia":[{"embeddable":true,"href":"https:\/\/www.bagnoitalia.com\/de\/wp-json\/wp\/v2\/media\/17766"}],"wp:attachment":[{"href":"https:\/\/www.bagnoitalia.com\/de\/wp-json\/wp\/v2\/media?parent=78191"}],"wp:term":[{"taxonomy":"product_brand","embeddable":true,"href":"https:\/\/www.bagnoitalia.com\/de\/wp-json\/wp\/v2\/product_brand?post=78191"},{"taxonomy":"product_cat","embeddable":true,"href":"https:\/\/www.bagnoitalia.com\/de\/wp-json\/wp\/v2\/product_cat?post=78191"},{"taxonomy":"product_tag","embeddable":true,"href":"https:\/\/www.bagnoitalia.com\/de\/wp-json\/wp\/v2\/product_tag?post=78191"}],"curies":[{"name":"wp","href":"https:\/\/api.w.org\/{rel}","templated":true}]}}