{"id":78179,"date":"2014-02-06T10:35:50","date_gmt":"2014-02-06T09:35:50","guid":{"rendered":"https:\/\/www.bagnoitalia.com\/product\/ein-piano-regal-fur-ein-holz-waschtisch-in-verschiedenen-farben"},"modified":"2024-05-11T00:17:00","modified_gmt":"2024-05-10T22:17:00","slug":"ein-piano-regal-fur-ein-holz-waschtisch-in-verschiedenen-farben","status":"publish","type":"product","link":"https:\/\/www.bagnoitalia.com\/de\/produkt\/ein-piano-regal-fur-ein-holz-waschtisch-in-verschiedenen-farben.html","title":{"rendered":"Holzplatte f\u00fcr Aufsatzwaschbecken, in verschiedenen Farben"},"content":{"rendered":"<p><strong>Holzplatte f\u00fcr Aufsatzbecken! H\u00e4ngeschr\u00e4nke und Schubladen k\u00f6nnen hinzugef\u00fcgt werden (siehe unten)<br \/><\/strong><\/p>\n<p>&nbsp;<\/p>\n<p><strong>Der Preis beinhaltet:<\/strong><\/p>\n<p>1 Holzplatte: 50 bis 120cm lan, 5cm hoch, 32cm tief (Ma\u00dfen k\u00f6nnen im Men\u00fc ge\u00e4ndert werden)<\/p>\n<p>Die genaue Gr\u00f6\u00dfe kann im letzten Teil der Bestellung unter den Bereich Notizen angegeben werden<\/p>\n<p>Set zur Befestigung an die Wand<\/p>\n<p>&nbsp;<\/p>\n<p><span style=\"color: #ff0000;\"><strong><span style=\"background-color: #ffffff;\">Achtung:<\/span><\/strong><\/span> <em><span style=\"background-color: #ffffff; color: #000000;\">Geben Sie im letzten Teil der Bestellung die genaue Gr\u00f6\u00dfe des Regals in das Feld &#8222;Bemerkung&#8220; ein, oder schreiben Sie uns gleich nach Abschluss der Bestellung eine E-Mail. Wenn Sie m\u00f6chten, dass das Regal geliefert wird, brauchen wir eine technische Zeichnung mit der genauen Positionierung des Lochs (wir empfehlen den Klempner oder Installateur das Loch bohren zu lassen, da auf diese Weise auch \u00c4nderungen letzter Minute vorgenommen werden k\u00f6nnen. Wenn Sie m\u00f6chten, dass unsere Firma das Loch bohren soll, sind keine nachfolgenden \u00c4nderungen m\u00f6glich!)<\/span><\/em><\/p>\n<p>&nbsp;<\/p>\n<p style=\"text-align: left;\">Das Regal ist in verschiedenen Holzfarben (siehe Farbtabelle) oder <span style=\"color: #ff00ff; text-decoration: underline;\"><strong>RAL-Farben<\/strong><\/span> erh\u00e4ltlich.<\/p>\n<p><strong><span style=\"color: #ff0000;\"><br \/> <strong><span style=\"font-size: 14pt;\"><a href=\"http:\/\/www.themeter.net\/ral.htm\" target=\"_blank\" rel=\"noopener noreferrer\">RAL-FARBTABELLE<\/a><\/span><\/strong> <span style=\"color: #666666; font-family: Tahoma; font-size: 11px; line-height: 14px;\"><span style=\"font-size: 12pt;\">&lt;== Klicken Sie hier, um alle RAL-Farben einzusehen<\/span><\/span><\/span><\/strong><\/p>\n<p>&nbsp;<\/p>\n<p>&nbsp;<\/p>\n<p>Die RAL-Farben (mit GLANZ) haben eine Produktionszeit von 30 Tagen<\/p>\n<p>Bei der Version in MATT ist die Holzmaserung wie beim roten Regal (siehe Foto). Die Produktionszeit variiert zwischen 15 bis 20 Tagen.<\/p>\n<p>&nbsp;<\/p>\n<p>Die Platte ist nicht bebohrt, aber auf Anfrage k\u00f6nnen wir sei es das Loch f\u00fcr das Waschbecken, als auch f\u00fcr den Waschtischmisscher (wenn mehr L\u00f6cher erforderlich sind, \u00e4ndert sich der Preis nicht).<\/p>\n<p>&nbsp;<\/p>\n<p>Zubeh\u00f6r, wie z.B. einen Handuchhalter k\u00f6nnen zu der Bestellung hizugef\u00fcgt werden.&nbsp;<\/p>\n<p>&nbsp;<\/p>\n<p><strong>Auf Wunsch k\u00f6nnen wir die Platte bis zu 300cm lang machen (bei RAL-Farben bis zu 250cm).<\/strong><\/p>\n<p>&nbsp;<\/p>\n<p><strong>Material:&nbsp;<\/strong><\/p>\n<p>Innenleben: Pappel \/ Fichte<\/p>\n<p>\u00dcberzug: Eichenfurnier erster Wahl&nbsp;<br \/> Die Farbe der Platte wird mit umweltfreundlichen Lack, das eine hoher Best\u00e4ndigkeit hat, realisiert.<\/p>\n<p>&nbsp;<\/p>\n<p>Es kann ein H\u00e4nngeschrank mit einer Klappt\u00fcr in der gleichen Farbe wie das Regal (ausschlie\u00dflich in Holzfarben) in der Gr\u00f6\u00dfe 60x35x32cm (variable L\u00e4nge bis maximal 100cm) wie im untenstehenden Foto hinzuzuf\u00fcgen:<\/p>\n<p><img fetchpriority=\"high\" decoding=\"async\" class=\"decoded size-full wp-image-17702\" src=\"https:\/\/img.bagnoitalia.com\/wp-content\/uploads\/virtuemart\/product\/1cassettiera-a-ribalta.jpg\" alt=\"http:\/\/www.bagnoitalia.it\/https:\/\/img.bagnoitalia.com\/wp-content\/uploads\/virtuemart\/product\/1cassettiera-a-ribalta.jpg\" width=\"230\" height=\"443\" srcset=\"https:\/\/img.bagnoitalia.com\/wp-content\/uploads\/virtuemart\/product\/1cassettiera-a-ribalta.jpg 230w, https:\/\/img.bagnoitalia.com\/wp-content\/uploads\/virtuemart\/product\/1cassettiera-a-ribalta-150x289.jpg 150w\" sizes=\"(max-width: 230px) 100vw, 230px\" \/><\/p>\n<p>_______________________________________________________________<\/p>\n<p>&nbsp;<\/p>\n<p>Es kann ebenso eine Kommode mit einer Klappt\u00fcr in den gleichen Farben wie das Regal (nur bei Holzfarben) in der Gr\u00f6\u00dfe 60x43x32cm (variable L\u00e4nge bis zu 100cm) hinzugef\u00fcgt werden.&nbsp;<\/p>\n<p>&nbsp;<\/p>\n<p><img decoding=\"async\" class=\"decoded size-full wp-image-17706\" src=\"https:\/\/img.bagnoitalia.com\/wp-content\/uploads\/virtuemart\/product\/1cassettiera-anta-a-ribalta.jpg\" alt=\"http:\/\/www.bagnoitalia.it\/https:\/\/img.bagnoitalia.com\/wp-content\/uploads\/virtuemart\/product\/1cassettiera-anta-a-ribalta.jpg\" width=\"332\" height=\"279\" srcset=\"https:\/\/img.bagnoitalia.com\/wp-content\/uploads\/virtuemart\/product\/1cassettiera-anta-a-ribalta.jpg 332w, https:\/\/img.bagnoitalia.com\/wp-content\/uploads\/virtuemart\/product\/1cassettiera-anta-a-ribalta-150x126.jpg 150w\" sizes=\"(max-width: 332px) 100vw, 332px\" \/><\/p>\n","protected":false},"excerpt":{"rendered":"<p>Holzplatte in verschiedenen Breiten, Gr\u00f6\u00dfen und Farben erh\u00e4ltlich. Ma\u00dfanfertigung! Sie k\u00f6nnen auch Anpassungen vornehmen.<\/p>\n","protected":false},"featured_media":17654,"comment_status":"open","ping_status":"closed","template":"","meta":[],"product_brand":[],"product_cat":[9716,9720,9724],"product_tag":[],"class_list":{"0":"post-78179","1":"product","2":"type-product","3":"status-publish","4":"has-post-thumbnail","6":"product_cat-badmobel-von-40-bis-70-cm-moderne-mobel","7":"product_cat-badmobel-von-71-bis-100-cm-moderne-mobel","8":"product_cat-badmobel-von-101-bis-220-cm-moderne-mobel","10":"first","11":"instock","12":"sale","13":"taxable","14":"shipping-taxable","15":"purchasable","16":"product-type-simple"},"exclude_global_add_ons":false,"addons":[{"name":"CAMPI_SPESSORE\r\n","type":"select","position":0,"required":true,"title_format":"label","default":"","description_enable":false,"description":"","placeholder_enable":false,"placeholder":"","display":"select","restrictions_type":"any_text","adjust_price":false,"price":"","price_type":"","restrictions":false,"min":"0","max":"0","options":[]},{"name":"CAMPI_PROFONDIT\u00c0\r\n","type":"select","position":0,"required":true,"title_format":"label","default":"","description_enable":false,"description":"","placeholder_enable":false,"placeholder":"","display":"select","restrictions_type":"any_text","adjust_price":false,"price":"","price_type":"","restrictions":false,"min":"0","max":"0","options":[]},{"name":"CAMPI_LUNGHEZZA\r\n","type":"select","position":0,"required":true,"title_format":"label","default":"","description_enable":false,"description":"","placeholder_enable":false,"placeholder":"","display":"select","restrictions_type":"any_text","adjust_price":false,"price":"","price_type":"","restrictions":false,"min":"0","max":"0","options":[]},{"name":"CAMPI_COLORE\r\n","type":"select","position":0,"required":true,"title_format":"label","default":"","description_enable":false,"description":"","placeholder_enable":false,"placeholder":"","display":"select","restrictions_type":"any_text","adjust_price":false,"price":"","price_type":"","restrictions":false,"min":"0","max":"0","options":[]},{"name":"CAMPI_ACCESSORI_IN_METALLO\r\n","type":"select","position":0,"required":true,"title_format":"label","default":"","description_enable":false,"description":"","placeholder_enable":false,"placeholder":"","display":"select","restrictions_type":"any_text","adjust_price":false,"price":"","price_type":"","restrictions":false,"min":"0","max":"0","options":[]},{"name":"CAMPI_FORO\r\n","type":"select","position":0,"required":true,"title_format":"label","default":"","description_enable":false,"description":"","placeholder_enable":false,"placeholder":"","display":"select","restrictions_type":"any_text","adjust_price":false,"price":"","price_type":"","restrictions":false,"min":"0","max":"0","options":[]},{"name":"CAMPI_PENSILE\r\n","type":"select","position":0,"required":true,"title_format":"label","default":"","description_enable":false,"description":"","placeholder_enable":false,"placeholder":"","display":"select","restrictions_type":"any_text","adjust_price":false,"price":"","price_type":"","restrictions":false,"min":"0","max":"0","options":[]},{"name":"CAMPI_CASSETTIERA\r\n","type":"select","position":0,"required":true,"title_format":"label","default":"","description_enable":false,"description":"","placeholder_enable":false,"placeholder":"","display":"select","restrictions_type":"any_text","adjust_price":false,"price":"","price_type":"","restrictions":false,"min":"0","max":"0","options":[]}],"yoast_head":"<!-- This site is optimized with the Yoast SEO plugin v26.7 - https:\/\/yoast.com\/wordpress\/plugins\/seo\/ -->\n<title>Ablageplatte f\u00fcr Waschtisch aus Holz in verschiedenen Farben mf<\/title>\n<meta name=\"description\" content=\"Modernes Badezimmer-Kabinett, h\u00f6lzerner Regalboden, f\u00fcr St\u00fctzwaschbecken. Erh\u00e4ltlich in verschiedenen Farben, auch mit Schrankw\u00e4nden und Schubladen. Jetzt kaufen\" \/>\n<meta name=\"robots\" content=\"index, follow, max-snippet:-1, max-image-preview:large, max-video-preview:-1\" \/>\n<link rel=\"canonical\" href=\"https:\/\/www.bagnoitalia.com\/de\/produkt\/ein-piano-regal-fur-ein-holz-waschtisch-in-verschiedenen-farben.html\" \/>\n<meta property=\"og:locale\" content=\"de_DE\" \/>\n<meta property=\"og:type\" content=\"article\" \/>\n<meta property=\"og:title\" content=\"Ablageplatte f\u00fcr Waschtisch aus Holz in verschiedenen Farben mf\" \/>\n<meta property=\"og:description\" content=\"Modernes Badezimmer-Kabinett, h\u00f6lzerner Regalboden, f\u00fcr St\u00fctzwaschbecken. Erh\u00e4ltlich in verschiedenen Farben, auch mit Schrankw\u00e4nden und Schubladen. Jetzt kaufen\" \/>\n<meta property=\"og:url\" content=\"https:\/\/www.bagnoitalia.com\/de\/produkt\/ein-piano-regal-fur-ein-holz-waschtisch-in-verschiedenen-farben.html\" \/>\n<meta property=\"og:site_name\" content=\"Bagno Italia\" \/>\n<meta property=\"article:modified_time\" content=\"2024-05-10T22:17:00+00:00\" \/>\n<meta property=\"og:image\" content=\"https:\/\/img.bagnoitalia.com\/wp-content\/uploads\/virtuemart\/product\/A-piano-schelf-for-wooden-washbasin-1_1542378608_7243.jpg\" \/>\n\t<meta property=\"og:image:width\" content=\"369\" \/>\n\t<meta property=\"og:image:height\" content=\"369\" \/>\n\t<meta property=\"og:image:type\" content=\"image\/jpeg\" \/>\n<meta name=\"twitter:card\" content=\"summary_large_image\" \/>\n<meta name=\"twitter:label1\" content=\"Gesch\u00e4tzte Lesezeit\" \/>\n\t<meta name=\"twitter:data1\" content=\"2\u00a0Minuten\" \/>\n<script type=\"application\/ld+json\" class=\"yoast-schema-graph\">{\"@context\":\"https:\/\/schema.org\",\"@graph\":[{\"@type\":\"WebPage\",\"@id\":\"https:\/\/www.bagnoitalia.com\/de\/produkt\/ein-piano-regal-fur-ein-holz-waschtisch-in-verschiedenen-farben.html\",\"url\":\"https:\/\/www.bagnoitalia.com\/de\/produkt\/ein-piano-regal-fur-ein-holz-waschtisch-in-verschiedenen-farben.html\",\"name\":\"Ablageplatte f\u00fcr Waschtisch aus Holz in verschiedenen Farben mf\",\"isPartOf\":{\"@id\":\"https:\/\/www.bagnoitalia.com\/de#website\"},\"primaryImageOfPage\":{\"@id\":\"https:\/\/www.bagnoitalia.com\/de\/produkt\/ein-piano-regal-fur-ein-holz-waschtisch-in-verschiedenen-farben.html#primaryimage\"},\"image\":{\"@id\":\"https:\/\/www.bagnoitalia.com\/de\/produkt\/ein-piano-regal-fur-ein-holz-waschtisch-in-verschiedenen-farben.html#primaryimage\"},\"thumbnailUrl\":\"https:\/\/img.bagnoitalia.com\/wp-content\/uploads\/virtuemart\/product\/A-piano-schelf-for-wooden-washbasin-1_1542378608_7243.jpg\",\"datePublished\":\"2014-02-06T09:35:50+00:00\",\"dateModified\":\"2024-05-10T22:17:00+00:00\",\"description\":\"Modernes Badezimmer-Kabinett, h\u00f6lzerner Regalboden, f\u00fcr St\u00fctzwaschbecken. Erh\u00e4ltlich in verschiedenen Farben, auch mit Schrankw\u00e4nden und Schubladen. Jetzt kaufen\",\"breadcrumb\":{\"@id\":\"https:\/\/www.bagnoitalia.com\/de\/produkt\/ein-piano-regal-fur-ein-holz-waschtisch-in-verschiedenen-farben.html#breadcrumb\"},\"inLanguage\":\"de\",\"potentialAction\":[{\"@type\":\"ReadAction\",\"target\":[\"https:\/\/www.bagnoitalia.com\/de\/produkt\/ein-piano-regal-fur-ein-holz-waschtisch-in-verschiedenen-farben.html\"]}]},{\"@type\":\"ImageObject\",\"inLanguage\":\"de\",\"@id\":\"https:\/\/www.bagnoitalia.com\/de\/produkt\/ein-piano-regal-fur-ein-holz-waschtisch-in-verschiedenen-farben.html#primaryimage\",\"url\":\"https:\/\/img.bagnoitalia.com\/wp-content\/uploads\/virtuemart\/product\/A-piano-schelf-for-wooden-washbasin-1_1542378608_7243.jpg\",\"contentUrl\":\"https:\/\/img.bagnoitalia.com\/wp-content\/uploads\/virtuemart\/product\/A-piano-schelf-for-wooden-washbasin-1_1542378608_7243.jpg\",\"width\":369,\"height\":369},{\"@type\":\"BreadcrumbList\",\"@id\":\"https:\/\/www.bagnoitalia.com\/de\/produkt\/ein-piano-regal-fur-ein-holz-waschtisch-in-verschiedenen-farben.html#breadcrumb\",\"itemListElement\":[{\"@type\":\"ListItem\",\"position\":1,\"name\":\"Home\",\"item\":\"https:\/\/www.bagnoitalia.com\/de\"},{\"@type\":\"ListItem\",\"position\":2,\"name\":\"Produkte\",\"item\":\"https:\/\/www.bagnoitalia.com\/de\/shop\"},{\"@type\":\"ListItem\",\"position\":3,\"name\":\"Holzplatte f\u00fcr Aufsatzwaschbecken, in verschiedenen Farben\"}]},{\"@type\":\"WebSite\",\"@id\":\"https:\/\/www.bagnoitalia.com\/de#website\",\"url\":\"https:\/\/www.bagnoitalia.com\/de\",\"name\":\"Bagno Italia\",\"description\":\"\",\"publisher\":{\"@id\":\"https:\/\/www.bagnoitalia.com\/de#organization\"},\"potentialAction\":[{\"@type\":\"SearchAction\",\"target\":{\"@type\":\"EntryPoint\",\"urlTemplate\":\"https:\/\/www.bagnoitalia.com\/de?s={search_term_string}\"},\"query-input\":{\"@type\":\"PropertyValueSpecification\",\"valueRequired\":true,\"valueName\":\"search_term_string\"}}],\"inLanguage\":\"de\"},{\"@type\":\"Organization\",\"@id\":\"https:\/\/www.bagnoitalia.com\/de#organization\",\"name\":\"Bagno Italia\",\"url\":\"https:\/\/www.bagnoitalia.com\/de\",\"logo\":{\"@type\":\"ImageObject\",\"inLanguage\":\"de\",\"@id\":\"https:\/\/www.bagnoitalia.com\/de#\/schema\/logo\/image\/\",\"url\":\"https:\/\/img.bagnoitalia.com\/wp-content\/uploads\/logo-bagnoitalia.webp\",\"contentUrl\":\"https:\/\/img.bagnoitalia.com\/wp-content\/uploads\/logo-bagnoitalia.webp\",\"width\":400,\"height\":70,\"caption\":\"Bagno Italia\"},\"image\":{\"@id\":\"https:\/\/www.bagnoitalia.com\/de#\/schema\/logo\/image\/\"}}]}<\/script>\n<!-- \/ Yoast SEO plugin. -->","yoast_head_json":{"title":"Ablageplatte f\u00fcr Waschtisch aus Holz in verschiedenen Farben mf","description":"Modernes Badezimmer-Kabinett, h\u00f6lzerner Regalboden, f\u00fcr St\u00fctzwaschbecken. Erh\u00e4ltlich in verschiedenen Farben, auch mit Schrankw\u00e4nden und Schubladen. Jetzt kaufen","robots":{"index":"index","follow":"follow","max-snippet":"max-snippet:-1","max-image-preview":"max-image-preview:large","max-video-preview":"max-video-preview:-1"},"canonical":"https:\/\/www.bagnoitalia.com\/de\/produkt\/ein-piano-regal-fur-ein-holz-waschtisch-in-verschiedenen-farben.html","og_locale":"de_DE","og_type":"article","og_title":"Ablageplatte f\u00fcr Waschtisch aus Holz in verschiedenen Farben mf","og_description":"Modernes Badezimmer-Kabinett, h\u00f6lzerner Regalboden, f\u00fcr St\u00fctzwaschbecken. Erh\u00e4ltlich in verschiedenen Farben, auch mit Schrankw\u00e4nden und Schubladen. Jetzt kaufen","og_url":"https:\/\/www.bagnoitalia.com\/de\/produkt\/ein-piano-regal-fur-ein-holz-waschtisch-in-verschiedenen-farben.html","og_site_name":"Bagno Italia","article_modified_time":"2024-05-10T22:17:00+00:00","og_image":[{"width":369,"height":369,"url":"https:\/\/img.bagnoitalia.com\/wp-content\/uploads\/virtuemart\/product\/A-piano-schelf-for-wooden-washbasin-1_1542378608_7243.jpg","type":"image\/jpeg"}],"twitter_card":"summary_large_image","twitter_misc":{"Gesch\u00e4tzte Lesezeit":"2\u00a0Minuten"},"schema":{"@context":"https:\/\/schema.org","@graph":[{"@type":"WebPage","@id":"https:\/\/www.bagnoitalia.com\/de\/produkt\/ein-piano-regal-fur-ein-holz-waschtisch-in-verschiedenen-farben.html","url":"https:\/\/www.bagnoitalia.com\/de\/produkt\/ein-piano-regal-fur-ein-holz-waschtisch-in-verschiedenen-farben.html","name":"Ablageplatte f\u00fcr Waschtisch aus Holz in verschiedenen Farben mf","isPartOf":{"@id":"https:\/\/www.bagnoitalia.com\/de#website"},"primaryImageOfPage":{"@id":"https:\/\/www.bagnoitalia.com\/de\/produkt\/ein-piano-regal-fur-ein-holz-waschtisch-in-verschiedenen-farben.html#primaryimage"},"image":{"@id":"https:\/\/www.bagnoitalia.com\/de\/produkt\/ein-piano-regal-fur-ein-holz-waschtisch-in-verschiedenen-farben.html#primaryimage"},"thumbnailUrl":"https:\/\/img.bagnoitalia.com\/wp-content\/uploads\/virtuemart\/product\/A-piano-schelf-for-wooden-washbasin-1_1542378608_7243.jpg","datePublished":"2014-02-06T09:35:50+00:00","dateModified":"2024-05-10T22:17:00+00:00","description":"Modernes Badezimmer-Kabinett, h\u00f6lzerner Regalboden, f\u00fcr St\u00fctzwaschbecken. Erh\u00e4ltlich in verschiedenen Farben, auch mit Schrankw\u00e4nden und Schubladen. Jetzt kaufen","breadcrumb":{"@id":"https:\/\/www.bagnoitalia.com\/de\/produkt\/ein-piano-regal-fur-ein-holz-waschtisch-in-verschiedenen-farben.html#breadcrumb"},"inLanguage":"de","potentialAction":[{"@type":"ReadAction","target":["https:\/\/www.bagnoitalia.com\/de\/produkt\/ein-piano-regal-fur-ein-holz-waschtisch-in-verschiedenen-farben.html"]}]},{"@type":"ImageObject","inLanguage":"de","@id":"https:\/\/www.bagnoitalia.com\/de\/produkt\/ein-piano-regal-fur-ein-holz-waschtisch-in-verschiedenen-farben.html#primaryimage","url":"https:\/\/img.bagnoitalia.com\/wp-content\/uploads\/virtuemart\/product\/A-piano-schelf-for-wooden-washbasin-1_1542378608_7243.jpg","contentUrl":"https:\/\/img.bagnoitalia.com\/wp-content\/uploads\/virtuemart\/product\/A-piano-schelf-for-wooden-washbasin-1_1542378608_7243.jpg","width":369,"height":369},{"@type":"BreadcrumbList","@id":"https:\/\/www.bagnoitalia.com\/de\/produkt\/ein-piano-regal-fur-ein-holz-waschtisch-in-verschiedenen-farben.html#breadcrumb","itemListElement":[{"@type":"ListItem","position":1,"name":"Home","item":"https:\/\/www.bagnoitalia.com\/de"},{"@type":"ListItem","position":2,"name":"Produkte","item":"https:\/\/www.bagnoitalia.com\/de\/shop"},{"@type":"ListItem","position":3,"name":"Holzplatte f\u00fcr Aufsatzwaschbecken, in verschiedenen Farben"}]},{"@type":"WebSite","@id":"https:\/\/www.bagnoitalia.com\/de#website","url":"https:\/\/www.bagnoitalia.com\/de","name":"Bagno Italia","description":"","publisher":{"@id":"https:\/\/www.bagnoitalia.com\/de#organization"},"potentialAction":[{"@type":"SearchAction","target":{"@type":"EntryPoint","urlTemplate":"https:\/\/www.bagnoitalia.com\/de?s={search_term_string}"},"query-input":{"@type":"PropertyValueSpecification","valueRequired":true,"valueName":"search_term_string"}}],"inLanguage":"de"},{"@type":"Organization","@id":"https:\/\/www.bagnoitalia.com\/de#organization","name":"Bagno Italia","url":"https:\/\/www.bagnoitalia.com\/de","logo":{"@type":"ImageObject","inLanguage":"de","@id":"https:\/\/www.bagnoitalia.com\/de#\/schema\/logo\/image\/","url":"https:\/\/img.bagnoitalia.com\/wp-content\/uploads\/logo-bagnoitalia.webp","contentUrl":"https:\/\/img.bagnoitalia.com\/wp-content\/uploads\/logo-bagnoitalia.webp","width":400,"height":70,"caption":"Bagno Italia"},"image":{"@id":"https:\/\/www.bagnoitalia.com\/de#\/schema\/logo\/image\/"}}]}},"_links":{"self":[{"href":"https:\/\/www.bagnoitalia.com\/de\/wp-json\/wp\/v2\/product\/78179","targetHints":{"allow":["GET"]}}],"collection":[{"href":"https:\/\/www.bagnoitalia.com\/de\/wp-json\/wp\/v2\/product"}],"about":[{"href":"https:\/\/www.bagnoitalia.com\/de\/wp-json\/wp\/v2\/types\/product"}],"replies":[{"embeddable":true,"href":"https:\/\/www.bagnoitalia.com\/de\/wp-json\/wp\/v2\/comments?post=78179"}],"version-history":[{"count":0,"href":"https:\/\/www.bagnoitalia.com\/de\/wp-json\/wp\/v2\/product\/78179\/revisions"}],"wp:featuredmedia":[{"embeddable":true,"href":"https:\/\/www.bagnoitalia.com\/de\/wp-json\/wp\/v2\/media\/17654"}],"wp:attachment":[{"href":"https:\/\/www.bagnoitalia.com\/de\/wp-json\/wp\/v2\/media?parent=78179"}],"wp:term":[{"taxonomy":"product_brand","embeddable":true,"href":"https:\/\/www.bagnoitalia.com\/de\/wp-json\/wp\/v2\/product_brand?post=78179"},{"taxonomy":"product_cat","embeddable":true,"href":"https:\/\/www.bagnoitalia.com\/de\/wp-json\/wp\/v2\/product_cat?post=78179"},{"taxonomy":"product_tag","embeddable":true,"href":"https:\/\/www.bagnoitalia.com\/de\/wp-json\/wp\/v2\/product_tag?post=78179"}],"curies":[{"name":"wp","href":"https:\/\/api.w.org\/{rel}","templated":true}]}}