{"id":78167,"date":"2012-11-25T16:13:30","date_gmt":"2012-11-25T15:13:30","guid":{"rendered":"https:\/\/www.bagnoitalia.com\/product\/corner-acryl-shower-enclosure-weises-profil-verschiedene-grosen-box038"},"modified":"2025-05-13T17:05:52","modified_gmt":"2025-05-13T15:05:52","slug":"corner-acryl-shower-enclosure-weises-profil-verschiedene-grosen-box038","status":"publish","type":"product","link":"https:\/\/www.bagnoitalia.com\/de\/produkt\/corner-acryl-shower-enclosure-weises-profil-verschiedene-grosen-box038.html","title":{"rendered":"BOX038 Eckdusche mit wei\u00dfem Profil, 185cm hoch, in verschiedenen Gr\u00f6\u00dfen"},"content":{"rendered":"<p><span style=\"font-size: 12pt;\"><strong><span style=\"text-decoration: underline;\">BOX038 Eckdusche mit wei\u00dfem Profil, in verschiedenen Gr\u00f6\u00dfen<\/span><\/strong><\/span><\/p>\n<p><span style=\"font-size: 12pt;\">Wenn Sie Anspruch auf einen Rabatt von 4 oder 10% haben,geben Sie dies bitte im letzten Teil der Bestellung im Bereich Notizen an.<\/span><\/p>\n<p style=\"text-align: justify;\">\n<p style=\"text-align: justify;\"><span style=\"font-size: 12pt; text-decoration: underline;\">Eigenschaften:<\/span><\/p>\n<ul style=\"margin-top: 0cm;\" type=\"disc\">\n<li style=\"margin-top: 6pt; margin-bottom: 6pt; text-align: justify;\"><span style=\"font-size: 12pt;\">Acrylplatten: 1,5mm<\/span><\/li>\n<li style=\"margin-top: 6pt; margin-bottom: 6pt; text-align: justify;\"><span style=\"font-size: 12pt;\">Aluminiumprofil mit <strong>antioxidativer Behandlung, wei\u00df<\/strong><br \/>\n<\/span><\/li>\n<li style=\"margin-top: 6pt; margin-bottom: 6pt; text-align: justify;\"><span style=\"font-size: 12pt;\">Verschluss: magnetisch<\/span><\/li>\n<li style=\"margin-top: 6pt; margin-bottom: 6pt; text-align: justify;\"><span style=\"font-size: 12pt;\">2 Schiebet\u00fcren<\/span><\/li>\n<li style=\"margin-top: 6pt; margin-bottom: 6pt; text-align: justify;\"><span style=\"font-size: 12pt;\">Bearbeitungstoleranz: -2cm oder +1cm<br \/>\n<\/span><\/li>\n<li style=\"margin-top: 6pt; margin-bottom: 6pt; text-align: justify;\"><span style=\"font-size: 12pt;\">Erweiterbare Kabine<\/span><\/li>\n<li style=\"margin-top: 6pt; margin-bottom: 6pt; text-align: justify;\"><span style=\"font-size: 12pt;\">reversible Duschkabine<\/span><\/li>\n<li style=\"margin-top: 6pt; margin-bottom: 6pt; text-align: justify;\"><span style=\"font-size: 12pt;\">\u00d6ffnungsbreite: ca. 45cm<\/span><\/li>\n<\/ul>\n<p>&nbsp;<\/p>\n<p><span style=\"font-size: 12pt;\">Die Duschplatte ist nicht enthalten, kann aber auf Anfrage hinzugef\u00fcgt werdenn.<\/span><\/p>\n","protected":false},"excerpt":{"rendered":"<p>BOX038 Eckdusche mit wei\u00dfem Profil, in folgenden Gr\u00f6\u00dfen erh\u00e4ltlich: 70&#215;70, 75&#215;75, 80&#215;80, 85&#215;85 oder 90x90cm. Die Kabine ist 185cm hoch.<\/p>\n","protected":false},"featured_media":17594,"comment_status":"open","ping_status":"closed","template":"","meta":[],"product_brand":[5007],"product_cat":[9808,9712],"product_tag":[],"class_list":{"0":"post-78167","1":"product","2":"type-product","3":"status-publish","4":"has-post-thumbnail","6":"product_brand-hydrastar","7":"product_cat-eckdusche-duschkabine","8":"product_cat-duschkabine","10":"first","11":"instock","12":"sale","13":"taxable","14":"shipping-taxable","15":"purchasable","16":"product-type-simple"},"exclude_global_add_ons":false,"addons":[{"name":"Duschabtrennung","type":"multiple_choice","position":0,"required":true,"title_format":"heading","default":"","description_enable":false,"description":"","placeholder_enable":false,"placeholder":"","display":"select","restrictions_type":"any_text","adjust_price":false,"price":"","price_type":"flat_fee","restrictions":false,"min":"0","max":"0","options":[{"label":"nicht verf\u00fcgbar - 70x70","price":"","price_type":"quantity_based","image":0,"visibility":true},{"label":"nicht verf\u00fcgbar - 75x75","price":"4","price_type":"quantity_based","image":0,"visibility":true},{"label":"nicht verf\u00fcgbar - 80x80","price":"14","price_type":"quantity_based","image":0,"visibility":true},{"label":"90x90","price":"20","price_type":"quantity_based","image":0,"visibility":true}],"id":1717772708}],"yoast_head":"<!-- This site is optimized with the Yoast SEO plugin v26.7 - https:\/\/yoast.com\/wordpress\/plugins\/seo\/ -->\n<title>Corner Acrylic Shower Box wei\u00dfes Profil verschiedene Gr\u00f6\u00dfen hd<\/title>\n<meta name=\"description\" content=\"Eckduschkabine, transparentes oder undurchsichtiges Glas, wei\u00dfer Aluminiumrahmen mit Antioxidationsmittelbehandlung, Magnetverschluss, in verschiedenen Gr\u00f6\u00dfen erh\u00e4ltlich. Erfahren Sie mehr!\" \/>\n<meta name=\"robots\" content=\"index, follow, max-snippet:-1, max-image-preview:large, max-video-preview:-1\" \/>\n<link rel=\"canonical\" href=\"https:\/\/www.bagnoitalia.com\/de\/produkt\/corner-acryl-shower-enclosure-weises-profil-verschiedene-grosen-box038.html\" \/>\n<meta property=\"og:locale\" content=\"de_DE\" \/>\n<meta property=\"og:type\" content=\"article\" \/>\n<meta property=\"og:title\" content=\"Corner Acrylic Shower Box wei\u00dfes Profil verschiedene Gr\u00f6\u00dfen hd\" \/>\n<meta property=\"og:description\" content=\"Eckduschkabine, transparentes oder undurchsichtiges Glas, wei\u00dfer Aluminiumrahmen mit Antioxidationsmittelbehandlung, Magnetverschluss, in verschiedenen Gr\u00f6\u00dfen erh\u00e4ltlich. Erfahren Sie mehr!\" \/>\n<meta property=\"og:url\" content=\"https:\/\/www.bagnoitalia.com\/de\/produkt\/corner-acryl-shower-enclosure-weises-profil-verschiedene-grosen-box038.html\" \/>\n<meta property=\"og:site_name\" content=\"Bagno Italia\" \/>\n<meta property=\"article:modified_time\" content=\"2025-05-13T15:05:52+00:00\" \/>\n<meta property=\"og:image\" content=\"https:\/\/img.bagnoitalia.com\/wp-content\/uploads\/virtuemart\/product\/ACRILI1.jpg\" \/>\n\t<meta property=\"og:image:width\" content=\"374\" \/>\n\t<meta property=\"og:image:height\" content=\"374\" \/>\n\t<meta property=\"og:image:type\" content=\"image\/jpeg\" \/>\n<meta name=\"twitter:card\" content=\"summary_large_image\" \/>\n<meta name=\"twitter:label1\" content=\"Gesch\u00e4tzte Lesezeit\" \/>\n\t<meta name=\"twitter:data1\" content=\"1\u00a0Minute\" \/>\n<script type=\"application\/ld+json\" class=\"yoast-schema-graph\">{\"@context\":\"https:\/\/schema.org\",\"@graph\":[{\"@type\":\"WebPage\",\"@id\":\"https:\/\/www.bagnoitalia.com\/de\/produkt\/corner-acryl-shower-enclosure-weises-profil-verschiedene-grosen-box038.html\",\"url\":\"https:\/\/www.bagnoitalia.com\/de\/produkt\/corner-acryl-shower-enclosure-weises-profil-verschiedene-grosen-box038.html\",\"name\":\"Corner Acrylic Shower Box wei\u00dfes Profil verschiedene Gr\u00f6\u00dfen hd\",\"isPartOf\":{\"@id\":\"https:\/\/www.bagnoitalia.com\/de#website\"},\"primaryImageOfPage\":{\"@id\":\"https:\/\/www.bagnoitalia.com\/de\/produkt\/corner-acryl-shower-enclosure-weises-profil-verschiedene-grosen-box038.html#primaryimage\"},\"image\":{\"@id\":\"https:\/\/www.bagnoitalia.com\/de\/produkt\/corner-acryl-shower-enclosure-weises-profil-verschiedene-grosen-box038.html#primaryimage\"},\"thumbnailUrl\":\"https:\/\/img.bagnoitalia.com\/wp-content\/uploads\/virtuemart\/product\/ACRILI1.jpg\",\"datePublished\":\"2012-11-25T15:13:30+00:00\",\"dateModified\":\"2025-05-13T15:05:52+00:00\",\"description\":\"Eckduschkabine, transparentes oder undurchsichtiges Glas, wei\u00dfer Aluminiumrahmen mit Antioxidationsmittelbehandlung, Magnetverschluss, in verschiedenen Gr\u00f6\u00dfen erh\u00e4ltlich. Erfahren Sie mehr!\",\"breadcrumb\":{\"@id\":\"https:\/\/www.bagnoitalia.com\/de\/produkt\/corner-acryl-shower-enclosure-weises-profil-verschiedene-grosen-box038.html#breadcrumb\"},\"inLanguage\":\"de\",\"potentialAction\":[{\"@type\":\"ReadAction\",\"target\":[\"https:\/\/www.bagnoitalia.com\/de\/produkt\/corner-acryl-shower-enclosure-weises-profil-verschiedene-grosen-box038.html\"]}]},{\"@type\":\"ImageObject\",\"inLanguage\":\"de\",\"@id\":\"https:\/\/www.bagnoitalia.com\/de\/produkt\/corner-acryl-shower-enclosure-weises-profil-verschiedene-grosen-box038.html#primaryimage\",\"url\":\"https:\/\/img.bagnoitalia.com\/wp-content\/uploads\/virtuemart\/product\/ACRILI1.jpg\",\"contentUrl\":\"https:\/\/img.bagnoitalia.com\/wp-content\/uploads\/virtuemart\/product\/ACRILI1.jpg\",\"width\":374,\"height\":374},{\"@type\":\"BreadcrumbList\",\"@id\":\"https:\/\/www.bagnoitalia.com\/de\/produkt\/corner-acryl-shower-enclosure-weises-profil-verschiedene-grosen-box038.html#breadcrumb\",\"itemListElement\":[{\"@type\":\"ListItem\",\"position\":1,\"name\":\"Home\",\"item\":\"https:\/\/www.bagnoitalia.com\/de\"},{\"@type\":\"ListItem\",\"position\":2,\"name\":\"Produkte\",\"item\":\"https:\/\/www.bagnoitalia.com\/de\/shop\"},{\"@type\":\"ListItem\",\"position\":3,\"name\":\"BOX038 Eckdusche mit wei\u00dfem Profil, 185cm hoch, in verschiedenen Gr\u00f6\u00dfen\"}]},{\"@type\":\"WebSite\",\"@id\":\"https:\/\/www.bagnoitalia.com\/de#website\",\"url\":\"https:\/\/www.bagnoitalia.com\/de\",\"name\":\"Bagno Italia\",\"description\":\"\",\"publisher\":{\"@id\":\"https:\/\/www.bagnoitalia.com\/de#organization\"},\"potentialAction\":[{\"@type\":\"SearchAction\",\"target\":{\"@type\":\"EntryPoint\",\"urlTemplate\":\"https:\/\/www.bagnoitalia.com\/de?s={search_term_string}\"},\"query-input\":{\"@type\":\"PropertyValueSpecification\",\"valueRequired\":true,\"valueName\":\"search_term_string\"}}],\"inLanguage\":\"de\"},{\"@type\":\"Organization\",\"@id\":\"https:\/\/www.bagnoitalia.com\/de#organization\",\"name\":\"Bagno Italia\",\"url\":\"https:\/\/www.bagnoitalia.com\/de\",\"logo\":{\"@type\":\"ImageObject\",\"inLanguage\":\"de\",\"@id\":\"https:\/\/www.bagnoitalia.com\/de#\/schema\/logo\/image\/\",\"url\":\"https:\/\/img.bagnoitalia.com\/wp-content\/uploads\/logo-bagnoitalia.webp\",\"contentUrl\":\"https:\/\/img.bagnoitalia.com\/wp-content\/uploads\/logo-bagnoitalia.webp\",\"width\":400,\"height\":70,\"caption\":\"Bagno Italia\"},\"image\":{\"@id\":\"https:\/\/www.bagnoitalia.com\/de#\/schema\/logo\/image\/\"}}]}<\/script>\n<!-- \/ Yoast SEO plugin. -->","yoast_head_json":{"title":"Corner Acrylic Shower Box wei\u00dfes Profil verschiedene Gr\u00f6\u00dfen hd","description":"Eckduschkabine, transparentes oder undurchsichtiges Glas, wei\u00dfer Aluminiumrahmen mit Antioxidationsmittelbehandlung, Magnetverschluss, in verschiedenen Gr\u00f6\u00dfen erh\u00e4ltlich. Erfahren Sie mehr!","robots":{"index":"index","follow":"follow","max-snippet":"max-snippet:-1","max-image-preview":"max-image-preview:large","max-video-preview":"max-video-preview:-1"},"canonical":"https:\/\/www.bagnoitalia.com\/de\/produkt\/corner-acryl-shower-enclosure-weises-profil-verschiedene-grosen-box038.html","og_locale":"de_DE","og_type":"article","og_title":"Corner Acrylic Shower Box wei\u00dfes Profil verschiedene Gr\u00f6\u00dfen hd","og_description":"Eckduschkabine, transparentes oder undurchsichtiges Glas, wei\u00dfer Aluminiumrahmen mit Antioxidationsmittelbehandlung, Magnetverschluss, in verschiedenen Gr\u00f6\u00dfen erh\u00e4ltlich. Erfahren Sie mehr!","og_url":"https:\/\/www.bagnoitalia.com\/de\/produkt\/corner-acryl-shower-enclosure-weises-profil-verschiedene-grosen-box038.html","og_site_name":"Bagno Italia","article_modified_time":"2025-05-13T15:05:52+00:00","og_image":[{"width":374,"height":374,"url":"https:\/\/img.bagnoitalia.com\/wp-content\/uploads\/virtuemart\/product\/ACRILI1.jpg","type":"image\/jpeg"}],"twitter_card":"summary_large_image","twitter_misc":{"Gesch\u00e4tzte Lesezeit":"1\u00a0Minute"},"schema":{"@context":"https:\/\/schema.org","@graph":[{"@type":"WebPage","@id":"https:\/\/www.bagnoitalia.com\/de\/produkt\/corner-acryl-shower-enclosure-weises-profil-verschiedene-grosen-box038.html","url":"https:\/\/www.bagnoitalia.com\/de\/produkt\/corner-acryl-shower-enclosure-weises-profil-verschiedene-grosen-box038.html","name":"Corner Acrylic Shower Box wei\u00dfes Profil verschiedene Gr\u00f6\u00dfen hd","isPartOf":{"@id":"https:\/\/www.bagnoitalia.com\/de#website"},"primaryImageOfPage":{"@id":"https:\/\/www.bagnoitalia.com\/de\/produkt\/corner-acryl-shower-enclosure-weises-profil-verschiedene-grosen-box038.html#primaryimage"},"image":{"@id":"https:\/\/www.bagnoitalia.com\/de\/produkt\/corner-acryl-shower-enclosure-weises-profil-verschiedene-grosen-box038.html#primaryimage"},"thumbnailUrl":"https:\/\/img.bagnoitalia.com\/wp-content\/uploads\/virtuemart\/product\/ACRILI1.jpg","datePublished":"2012-11-25T15:13:30+00:00","dateModified":"2025-05-13T15:05:52+00:00","description":"Eckduschkabine, transparentes oder undurchsichtiges Glas, wei\u00dfer Aluminiumrahmen mit Antioxidationsmittelbehandlung, Magnetverschluss, in verschiedenen Gr\u00f6\u00dfen erh\u00e4ltlich. Erfahren Sie mehr!","breadcrumb":{"@id":"https:\/\/www.bagnoitalia.com\/de\/produkt\/corner-acryl-shower-enclosure-weises-profil-verschiedene-grosen-box038.html#breadcrumb"},"inLanguage":"de","potentialAction":[{"@type":"ReadAction","target":["https:\/\/www.bagnoitalia.com\/de\/produkt\/corner-acryl-shower-enclosure-weises-profil-verschiedene-grosen-box038.html"]}]},{"@type":"ImageObject","inLanguage":"de","@id":"https:\/\/www.bagnoitalia.com\/de\/produkt\/corner-acryl-shower-enclosure-weises-profil-verschiedene-grosen-box038.html#primaryimage","url":"https:\/\/img.bagnoitalia.com\/wp-content\/uploads\/virtuemart\/product\/ACRILI1.jpg","contentUrl":"https:\/\/img.bagnoitalia.com\/wp-content\/uploads\/virtuemart\/product\/ACRILI1.jpg","width":374,"height":374},{"@type":"BreadcrumbList","@id":"https:\/\/www.bagnoitalia.com\/de\/produkt\/corner-acryl-shower-enclosure-weises-profil-verschiedene-grosen-box038.html#breadcrumb","itemListElement":[{"@type":"ListItem","position":1,"name":"Home","item":"https:\/\/www.bagnoitalia.com\/de"},{"@type":"ListItem","position":2,"name":"Produkte","item":"https:\/\/www.bagnoitalia.com\/de\/shop"},{"@type":"ListItem","position":3,"name":"BOX038 Eckdusche mit wei\u00dfem Profil, 185cm hoch, in verschiedenen Gr\u00f6\u00dfen"}]},{"@type":"WebSite","@id":"https:\/\/www.bagnoitalia.com\/de#website","url":"https:\/\/www.bagnoitalia.com\/de","name":"Bagno Italia","description":"","publisher":{"@id":"https:\/\/www.bagnoitalia.com\/de#organization"},"potentialAction":[{"@type":"SearchAction","target":{"@type":"EntryPoint","urlTemplate":"https:\/\/www.bagnoitalia.com\/de?s={search_term_string}"},"query-input":{"@type":"PropertyValueSpecification","valueRequired":true,"valueName":"search_term_string"}}],"inLanguage":"de"},{"@type":"Organization","@id":"https:\/\/www.bagnoitalia.com\/de#organization","name":"Bagno Italia","url":"https:\/\/www.bagnoitalia.com\/de","logo":{"@type":"ImageObject","inLanguage":"de","@id":"https:\/\/www.bagnoitalia.com\/de#\/schema\/logo\/image\/","url":"https:\/\/img.bagnoitalia.com\/wp-content\/uploads\/logo-bagnoitalia.webp","contentUrl":"https:\/\/img.bagnoitalia.com\/wp-content\/uploads\/logo-bagnoitalia.webp","width":400,"height":70,"caption":"Bagno Italia"},"image":{"@id":"https:\/\/www.bagnoitalia.com\/de#\/schema\/logo\/image\/"}}]}},"_links":{"self":[{"href":"https:\/\/www.bagnoitalia.com\/de\/wp-json\/wp\/v2\/product\/78167","targetHints":{"allow":["GET"]}}],"collection":[{"href":"https:\/\/www.bagnoitalia.com\/de\/wp-json\/wp\/v2\/product"}],"about":[{"href":"https:\/\/www.bagnoitalia.com\/de\/wp-json\/wp\/v2\/types\/product"}],"replies":[{"embeddable":true,"href":"https:\/\/www.bagnoitalia.com\/de\/wp-json\/wp\/v2\/comments?post=78167"}],"version-history":[{"count":1,"href":"https:\/\/www.bagnoitalia.com\/de\/wp-json\/wp\/v2\/product\/78167\/revisions"}],"predecessor-version":[{"id":89664,"href":"https:\/\/www.bagnoitalia.com\/de\/wp-json\/wp\/v2\/product\/78167\/revisions\/89664"}],"wp:featuredmedia":[{"embeddable":true,"href":"https:\/\/www.bagnoitalia.com\/de\/wp-json\/wp\/v2\/media\/17594"}],"wp:attachment":[{"href":"https:\/\/www.bagnoitalia.com\/de\/wp-json\/wp\/v2\/media?parent=78167"}],"wp:term":[{"taxonomy":"product_brand","embeddable":true,"href":"https:\/\/www.bagnoitalia.com\/de\/wp-json\/wp\/v2\/product_brand?post=78167"},{"taxonomy":"product_cat","embeddable":true,"href":"https:\/\/www.bagnoitalia.com\/de\/wp-json\/wp\/v2\/product_cat?post=78167"},{"taxonomy":"product_tag","embeddable":true,"href":"https:\/\/www.bagnoitalia.com\/de\/wp-json\/wp\/v2\/product_tag?post=78167"}],"curies":[{"name":"wp","href":"https:\/\/api.w.org\/{rel}","templated":true}]}}