{"id":78111,"date":"2014-01-22T11:25:26","date_gmt":"2014-01-22T10:25:26","guid":{"rendered":"https:\/\/www.bagnoitalia.com\/product\/hydromassagekabine-mit-duschkabine-sauna-80x80-oder-90x90-oder-100x100-cb013"},"modified":"2026-03-10T14:59:59","modified_gmt":"2026-03-10T13:59:59","slug":"hydromassagekabine-mit-duschkabine-sauna-80x80-oder-90x90-oder-100x100-cb013","status":"publish","type":"product","link":"https:\/\/www.bagnoitalia.com\/de\/produkt\/hydromassagekabine-mit-duschkabine-sauna-80x80-oder-90x90-oder-100x100-cb013.html","title":{"rendered":"Whirlpool-Kabine mit 80&#215;80 oder 90&#215;90 oder 105&#215;105 Badewanne mit Dampfbad und Bluetooth CB013"},"content":{"rendered":"<p>R\u00fcckenschmerzen? Muskelschmerzen? Nackenschmerzen? Ben\u00f6tigen Sie ein Produkt, das es Ihnen erm\u00f6glicht, Ihre Muskeln nach dem Training zu regenerieren, oder brauchen Sie eine angenehme Art und Weise, Stress eindrucksvoll abzubauen? Stellen Sie sich vor, Sie k\u00f6nnten all dies in Ihrem Badezimmer erreichen, zu einem g\u00fcnstigen Preis und auf einer Fl\u00e4che von weniger als einem Quadratmeter. Genau: das ist es, was wir Ihnen mit dieser Hydromassagekabine vorschlagen, die in 3 verschiedenen Gr\u00f6\u00dfen (80&#215;80 cm, 90&#215;90 cm, 105&#215;105 cm) erh\u00e4ltlich ist und Ihnen das Vergn\u00fcgen der Hydromassage in Kombination mit vielen anderen interessanten und hochwertigen Optionen bietet, wie z. B. dem Dampferzeuger f\u00fcr das t\u00fcrkische Bad, einem weiteren echten Gesundheitsgewinn.<\/p>\n<p>Die Kabine ist mit einem Touch-Bedienfeld, Bluetooth, Radio, Handtuchhalter, Spiegel, 6 Hydrod\u00fcsen entlang der Mittels\u00e4ule, R\u00fcckenlehne, Fu\u00dfmassage, Whirlpool- und Dampfbad sitz, Kopfst\u00fctzenkissen, Telefonresponder (auch Freisprecheinrichtung), Lautsprechern, Dampfgenerator und Ozontherapie ausgestattet. Das verdunkelte, geh\u00e4rtete Glas ist 5 mm dick und entspricht den Unfallverh\u00fctungsvorschriften.<\/p>\n<p>Abmessungen: 80x80x210 &#8211; 90x90x210 &#8211; 105x105x210<\/p>\n<p>(Au\u00dfenh\u00f6he der Wanne 40 cm, Innenh\u00f6he der Wanne 27 cm)<\/p>\n<p>TECHNISCHE MERKMALE:<\/p>\n<p>&#8211; Computertafel mit Touchscreen;<\/p>\n<p>-Bluetooth<br \/>\n&#8211; FM-Radio;<br \/>\n&#8211; Dusche im Dach mit Beleuchtung; Dusche aus verchromtem Stahl;<br \/>\n&#8211; Verchromte Griffe;<br \/>\n&#8211; Glasablage;<br \/>\n&#8211; Handtuchhalter;<br \/>\n&#8211; Spiegel;<br \/>\n&#8211; Hydromassaged\u00fcsen mit 6 D\u00fcsen<br \/>\n&#8211; Warmwasser-Kaltwasser-Regelung;<br \/>\n&#8211; R\u00fcckenlehne;<br \/>\n&#8211; Fu\u00dfmassage;<br \/>\n&#8211; Komfortabler Sitz f\u00fcr Dampfbad oder Whirlpool<br \/>\n&#8211; Anti-Rutsch-Wanne;<br \/>\n&#8211; Kopfst\u00fctzenkissen<br \/>\n&#8211; Deckenleuchte; LEDs hinten;<br \/>\n&#8211; Freisprech-Telefonh\u00f6rer;<br \/>\n&#8211; Wasserabfluss;<br \/>\n&#8211; Abluftventilator;<br \/>\n&#8211; Lautsprecher;<br \/>\n&#8211; 5 mm starkes, geh\u00e4rtetes und get\u00f6ntes Unfallverh\u00fctungsglas.<br \/>\n&#8211; Dampfgenerator;<br \/>\n&#8211; Ozontherapie (aktiver Ionengenerator);<br \/>\n&#8211; Wasserd\u00fcsen entlang der zentralen S\u00e4ule.<\/p>\n<p>&nbsp;<\/p>\n<p>90&#215;90 Kabine <a href=\"images\/manuali\/90x90-cb013.pdf\">Klicken Sie hier, um das Handbuch herunterzuladen<\/a><\/p>\n<p>&nbsp;<\/p>\n<p>105&#215;105 Kabine <a href=\"images\/manuali\/105x105-cb013.pdf\">Klicken Sie hier, um das Handbuch herunterzuladen<\/a><\/p>\n<p>&nbsp;<\/p>\n<p><strong style=\"font-family: 'Times New Roman', 'serif'; font-size: 12pt; text-align: justify; background-color: inherit; color: inherit; caret-color: auto;\"><span style=\"font-family: 'Arial';\">\u00a0 \u00a0 \u00a0 \u00a0 \u00a0 \u00a0 \u00a0 \u00a0 \u00a0 \u00a0 \u00a0 \u00a0 \u00a0 \u00a0 \u00a0 \u00a0 \u00a0 \u00a0 \u00a0 \u00a0<\/span><\/strong><\/p>\n<p style=\"line-height: normal; margin: 0cm 0cm 10pt; text-align: justify;\" align=\"center\"><span style=\"font-size: 12pt;\"><span style=\"font-family: 'Times New Roman', 'serif';\"><strong><span style=\"font-family: 'Arial';\"><img decoding=\"async\" class=\" size-full wp-image-17274\" src=\"https:\/\/img.bagnoitalia.com\/wp-content\/uploads\/virtuemart\/product\/resized\/8004-1_200x200.jpg\" alt=\"http:\/\/www.bagnoitalia.it\/https:\/\/img.bagnoitalia.com\/wp-content\/uploads\/virtuemart\/product\/resized\/8004-1_200x200.jpg\" width=\"131\" height=\"200\" \/> &lt;=== Kabine zu 90&#215;90 oder 80x80cm mit wei\u00dfem Wannenrand und verchromten Stangen<br \/>\n<\/span><\/strong><\/span><\/span><\/p>\n<p style=\"line-height: normal; margin: 0cm 0cm 10pt; text-align: justify;\" align=\"center\"><span style=\"font-size: 12pt;\"><span style=\"font-family: 'Times New Roman', 'serif';\"><strong><span style=\"font-family: 'Arial';\"><img fetchpriority=\"high\" decoding=\"async\" class=\" size-full wp-image-17278\" src=\"https:\/\/img.bagnoitalia.com\/wp-content\/uploads\/virtuemart\/product\/1-cabina-idromassaggio105x105.jpg\" alt=\"http:\/\/www.bagnoitalia.it\/https:\/\/img.bagnoitalia.com\/wp-content\/uploads\/virtuemart\/product\/1-cabina-idromassaggio105x105.jpg\" width=\"214\" height=\"254\" srcset=\"https:\/\/img.bagnoitalia.com\/wp-content\/uploads\/virtuemart\/product\/1-cabina-idromassaggio105x105.jpg 393w, https:\/\/img.bagnoitalia.com\/wp-content\/uploads\/virtuemart\/product\/1-cabina-idromassaggio105x105-150x178.jpg 150w\" sizes=\"(max-width: 214px) 100vw, 214px\" \/> &lt;=== Kabine zu 105x105cm<br \/>\n<\/span><\/strong><\/span><\/span><\/p>\n<p>&nbsp;<\/p>\n<p>&nbsp;<\/p>\n","protected":false},"excerpt":{"rendered":"<p>Kabine mit Whirlpool, halbrund 80&#215;80, 90&#215;90 oder 105&#215;105 voll wahlweise<\/p>\n","protected":false},"featured_media":17230,"comment_status":"open","ping_status":"closed","template":"","meta":[],"product_brand":[9925],"product_cat":[9736],"product_tag":[],"class_list":{"0":"post-78111","1":"product","2":"type-product","3":"status-publish","4":"has-post-thumbnail","6":"product_brand-predator-arredo-casa-de","7":"product_cat-whirlpool-duschkabine","9":"first","10":"instock","11":"sale","12":"taxable","13":"shipping-taxable","14":"purchasable","15":"product-type-simple"},"exclude_global_add_ons":false,"addons":[{"name":"Ma\u00dfe","type":"multiple_choice","position":0,"required":true,"title_format":"heading","default":"","description_enable":false,"description":"","placeholder_enable":false,"placeholder":"","display":"select","restrictions_type":"any_text","adjust_price":false,"price":"","price_type":"flat_fee","restrictions":false,"min":"0","max":"0","options":[{"label":"80x80 cm","price":"","price_type":"quantity_based","image":0,"visibility":true},{"label":"90x90 cm","price":"171","price_type":"quantity_based","image":0,"visibility":true},{"label":"105x105 cm","price":"400","price_type":"quantity_based","image":0,"visibility":true}],"id":1716460191}],"yoast_head":"<!-- This site is optimized with the Yoast SEO plugin v26.7 - https:\/\/yoast.com\/wordpress\/plugins\/seo\/ -->\n<title>Whirlpool-Kabine mit 80x80 oder 90x90 oder 105x105 Badewanne mit Sauna und Bluetooth CB013<\/title>\n<meta name=\"description\" content=\"Kabine mit Whirlpool, halbrund 80x80, 90x90 oder 105x105 voll wahlweise\" \/>\n<meta name=\"robots\" content=\"index, follow, max-snippet:-1, max-image-preview:large, max-video-preview:-1\" \/>\n<link rel=\"canonical\" href=\"https:\/\/www.bagnoitalia.com\/de\/produkt\/hydromassagekabine-mit-duschkabine-sauna-80x80-oder-90x90-oder-100x100-cb013.html\" \/>\n<meta property=\"og:locale\" content=\"de_DE\" \/>\n<meta property=\"og:type\" content=\"article\" \/>\n<meta property=\"og:title\" content=\"Whirlpool-Kabine mit 80x80 oder 90x90 oder 105x105 Badewanne mit Sauna und Bluetooth CB013\" \/>\n<meta property=\"og:description\" content=\"Kabine mit Whirlpool, halbrund 80x80, 90x90 oder 105x105 voll wahlweise\" \/>\n<meta property=\"og:url\" content=\"https:\/\/www.bagnoitalia.com\/de\/produkt\/hydromassagekabine-mit-duschkabine-sauna-80x80-oder-90x90-oder-100x100-cb013.html\" \/>\n<meta property=\"og:site_name\" content=\"Bagno Italia\" \/>\n<meta property=\"article:modified_time\" content=\"2026-03-10T13:59:59+00:00\" \/>\n<meta property=\"og:image\" content=\"https:\/\/img.bagnoitalia.com\/wp-content\/uploads\/virtuemart\/product\/cabin-Hydromassage-tub-CB013-1_1542879517_601.jpg\" \/>\n\t<meta property=\"og:image:width\" content=\"503\" \/>\n\t<meta property=\"og:image:height\" content=\"503\" \/>\n\t<meta property=\"og:image:type\" content=\"image\/jpeg\" \/>\n<meta name=\"twitter:card\" content=\"summary_large_image\" \/>\n<meta name=\"twitter:label1\" content=\"Gesch\u00e4tzte Lesezeit\" \/>\n\t<meta name=\"twitter:data1\" content=\"2\u00a0Minuten\" \/>\n<script type=\"application\/ld+json\" class=\"yoast-schema-graph\">{\"@context\":\"https:\/\/schema.org\",\"@graph\":[{\"@type\":\"WebPage\",\"@id\":\"https:\/\/www.bagnoitalia.com\/de\/produkt\/hydromassagekabine-mit-duschkabine-sauna-80x80-oder-90x90-oder-100x100-cb013.html\",\"url\":\"https:\/\/www.bagnoitalia.com\/de\/produkt\/hydromassagekabine-mit-duschkabine-sauna-80x80-oder-90x90-oder-100x100-cb013.html\",\"name\":\"Whirlpool-Kabine mit 80x80 oder 90x90 oder 105x105 Badewanne mit Sauna und Bluetooth CB013\",\"isPartOf\":{\"@id\":\"https:\/\/www.bagnoitalia.com\/de#website\"},\"primaryImageOfPage\":{\"@id\":\"https:\/\/www.bagnoitalia.com\/de\/produkt\/hydromassagekabine-mit-duschkabine-sauna-80x80-oder-90x90-oder-100x100-cb013.html#primaryimage\"},\"image\":{\"@id\":\"https:\/\/www.bagnoitalia.com\/de\/produkt\/hydromassagekabine-mit-duschkabine-sauna-80x80-oder-90x90-oder-100x100-cb013.html#primaryimage\"},\"thumbnailUrl\":\"https:\/\/img.bagnoitalia.com\/wp-content\/uploads\/virtuemart\/product\/cabin-Hydromassage-tub-CB013-1_1542879517_601.jpg\",\"datePublished\":\"2014-01-22T10:25:26+00:00\",\"dateModified\":\"2026-03-10T13:59:59+00:00\",\"description\":\"Kabine mit Whirlpool, halbrund 80x80, 90x90 oder 105x105 voll wahlweise\",\"breadcrumb\":{\"@id\":\"https:\/\/www.bagnoitalia.com\/de\/produkt\/hydromassagekabine-mit-duschkabine-sauna-80x80-oder-90x90-oder-100x100-cb013.html#breadcrumb\"},\"inLanguage\":\"de\",\"potentialAction\":[{\"@type\":\"ReadAction\",\"target\":[\"https:\/\/www.bagnoitalia.com\/de\/produkt\/hydromassagekabine-mit-duschkabine-sauna-80x80-oder-90x90-oder-100x100-cb013.html\"]}]},{\"@type\":\"ImageObject\",\"inLanguage\":\"de\",\"@id\":\"https:\/\/www.bagnoitalia.com\/de\/produkt\/hydromassagekabine-mit-duschkabine-sauna-80x80-oder-90x90-oder-100x100-cb013.html#primaryimage\",\"url\":\"https:\/\/img.bagnoitalia.com\/wp-content\/uploads\/virtuemart\/product\/cabin-Hydromassage-tub-CB013-1_1542879517_601.jpg\",\"contentUrl\":\"https:\/\/img.bagnoitalia.com\/wp-content\/uploads\/virtuemart\/product\/cabin-Hydromassage-tub-CB013-1_1542879517_601.jpg\",\"width\":503,\"height\":503},{\"@type\":\"BreadcrumbList\",\"@id\":\"https:\/\/www.bagnoitalia.com\/de\/produkt\/hydromassagekabine-mit-duschkabine-sauna-80x80-oder-90x90-oder-100x100-cb013.html#breadcrumb\",\"itemListElement\":[{\"@type\":\"ListItem\",\"position\":1,\"name\":\"Home\",\"item\":\"https:\/\/www.bagnoitalia.com\/de\"},{\"@type\":\"ListItem\",\"position\":2,\"name\":\"Produkte\",\"item\":\"https:\/\/www.bagnoitalia.com\/de\/shop\"},{\"@type\":\"ListItem\",\"position\":3,\"name\":\"Whirlpool-Kabine mit 80&#215;80 oder 90&#215;90 oder 105&#215;105 Badewanne mit Dampfbad und Bluetooth CB013\"}]},{\"@type\":\"WebSite\",\"@id\":\"https:\/\/www.bagnoitalia.com\/de#website\",\"url\":\"https:\/\/www.bagnoitalia.com\/de\",\"name\":\"Bagno Italia\",\"description\":\"\",\"publisher\":{\"@id\":\"https:\/\/www.bagnoitalia.com\/de#organization\"},\"potentialAction\":[{\"@type\":\"SearchAction\",\"target\":{\"@type\":\"EntryPoint\",\"urlTemplate\":\"https:\/\/www.bagnoitalia.com\/de?s={search_term_string}\"},\"query-input\":{\"@type\":\"PropertyValueSpecification\",\"valueRequired\":true,\"valueName\":\"search_term_string\"}}],\"inLanguage\":\"de\"},{\"@type\":\"Organization\",\"@id\":\"https:\/\/www.bagnoitalia.com\/de#organization\",\"name\":\"Bagno Italia\",\"url\":\"https:\/\/www.bagnoitalia.com\/de\",\"logo\":{\"@type\":\"ImageObject\",\"inLanguage\":\"de\",\"@id\":\"https:\/\/www.bagnoitalia.com\/de#\/schema\/logo\/image\/\",\"url\":\"https:\/\/img.bagnoitalia.com\/wp-content\/uploads\/logo-bagnoitalia.webp\",\"contentUrl\":\"https:\/\/img.bagnoitalia.com\/wp-content\/uploads\/logo-bagnoitalia.webp\",\"width\":400,\"height\":70,\"caption\":\"Bagno Italia\"},\"image\":{\"@id\":\"https:\/\/www.bagnoitalia.com\/de#\/schema\/logo\/image\/\"}}]}<\/script>\n<!-- \/ Yoast SEO plugin. -->","yoast_head_json":{"title":"Whirlpool-Kabine mit 80x80 oder 90x90 oder 105x105 Badewanne mit Sauna und Bluetooth CB013","description":"Kabine mit Whirlpool, halbrund 80x80, 90x90 oder 105x105 voll wahlweise","robots":{"index":"index","follow":"follow","max-snippet":"max-snippet:-1","max-image-preview":"max-image-preview:large","max-video-preview":"max-video-preview:-1"},"canonical":"https:\/\/www.bagnoitalia.com\/de\/produkt\/hydromassagekabine-mit-duschkabine-sauna-80x80-oder-90x90-oder-100x100-cb013.html","og_locale":"de_DE","og_type":"article","og_title":"Whirlpool-Kabine mit 80x80 oder 90x90 oder 105x105 Badewanne mit Sauna und Bluetooth CB013","og_description":"Kabine mit Whirlpool, halbrund 80x80, 90x90 oder 105x105 voll wahlweise","og_url":"https:\/\/www.bagnoitalia.com\/de\/produkt\/hydromassagekabine-mit-duschkabine-sauna-80x80-oder-90x90-oder-100x100-cb013.html","og_site_name":"Bagno Italia","article_modified_time":"2026-03-10T13:59:59+00:00","og_image":[{"width":503,"height":503,"url":"https:\/\/img.bagnoitalia.com\/wp-content\/uploads\/virtuemart\/product\/cabin-Hydromassage-tub-CB013-1_1542879517_601.jpg","type":"image\/jpeg"}],"twitter_card":"summary_large_image","twitter_misc":{"Gesch\u00e4tzte Lesezeit":"2\u00a0Minuten"},"schema":{"@context":"https:\/\/schema.org","@graph":[{"@type":"WebPage","@id":"https:\/\/www.bagnoitalia.com\/de\/produkt\/hydromassagekabine-mit-duschkabine-sauna-80x80-oder-90x90-oder-100x100-cb013.html","url":"https:\/\/www.bagnoitalia.com\/de\/produkt\/hydromassagekabine-mit-duschkabine-sauna-80x80-oder-90x90-oder-100x100-cb013.html","name":"Whirlpool-Kabine mit 80x80 oder 90x90 oder 105x105 Badewanne mit Sauna und Bluetooth CB013","isPartOf":{"@id":"https:\/\/www.bagnoitalia.com\/de#website"},"primaryImageOfPage":{"@id":"https:\/\/www.bagnoitalia.com\/de\/produkt\/hydromassagekabine-mit-duschkabine-sauna-80x80-oder-90x90-oder-100x100-cb013.html#primaryimage"},"image":{"@id":"https:\/\/www.bagnoitalia.com\/de\/produkt\/hydromassagekabine-mit-duschkabine-sauna-80x80-oder-90x90-oder-100x100-cb013.html#primaryimage"},"thumbnailUrl":"https:\/\/img.bagnoitalia.com\/wp-content\/uploads\/virtuemart\/product\/cabin-Hydromassage-tub-CB013-1_1542879517_601.jpg","datePublished":"2014-01-22T10:25:26+00:00","dateModified":"2026-03-10T13:59:59+00:00","description":"Kabine mit Whirlpool, halbrund 80x80, 90x90 oder 105x105 voll wahlweise","breadcrumb":{"@id":"https:\/\/www.bagnoitalia.com\/de\/produkt\/hydromassagekabine-mit-duschkabine-sauna-80x80-oder-90x90-oder-100x100-cb013.html#breadcrumb"},"inLanguage":"de","potentialAction":[{"@type":"ReadAction","target":["https:\/\/www.bagnoitalia.com\/de\/produkt\/hydromassagekabine-mit-duschkabine-sauna-80x80-oder-90x90-oder-100x100-cb013.html"]}]},{"@type":"ImageObject","inLanguage":"de","@id":"https:\/\/www.bagnoitalia.com\/de\/produkt\/hydromassagekabine-mit-duschkabine-sauna-80x80-oder-90x90-oder-100x100-cb013.html#primaryimage","url":"https:\/\/img.bagnoitalia.com\/wp-content\/uploads\/virtuemart\/product\/cabin-Hydromassage-tub-CB013-1_1542879517_601.jpg","contentUrl":"https:\/\/img.bagnoitalia.com\/wp-content\/uploads\/virtuemart\/product\/cabin-Hydromassage-tub-CB013-1_1542879517_601.jpg","width":503,"height":503},{"@type":"BreadcrumbList","@id":"https:\/\/www.bagnoitalia.com\/de\/produkt\/hydromassagekabine-mit-duschkabine-sauna-80x80-oder-90x90-oder-100x100-cb013.html#breadcrumb","itemListElement":[{"@type":"ListItem","position":1,"name":"Home","item":"https:\/\/www.bagnoitalia.com\/de"},{"@type":"ListItem","position":2,"name":"Produkte","item":"https:\/\/www.bagnoitalia.com\/de\/shop"},{"@type":"ListItem","position":3,"name":"Whirlpool-Kabine mit 80&#215;80 oder 90&#215;90 oder 105&#215;105 Badewanne mit Dampfbad und Bluetooth CB013"}]},{"@type":"WebSite","@id":"https:\/\/www.bagnoitalia.com\/de#website","url":"https:\/\/www.bagnoitalia.com\/de","name":"Bagno Italia","description":"","publisher":{"@id":"https:\/\/www.bagnoitalia.com\/de#organization"},"potentialAction":[{"@type":"SearchAction","target":{"@type":"EntryPoint","urlTemplate":"https:\/\/www.bagnoitalia.com\/de?s={search_term_string}"},"query-input":{"@type":"PropertyValueSpecification","valueRequired":true,"valueName":"search_term_string"}}],"inLanguage":"de"},{"@type":"Organization","@id":"https:\/\/www.bagnoitalia.com\/de#organization","name":"Bagno Italia","url":"https:\/\/www.bagnoitalia.com\/de","logo":{"@type":"ImageObject","inLanguage":"de","@id":"https:\/\/www.bagnoitalia.com\/de#\/schema\/logo\/image\/","url":"https:\/\/img.bagnoitalia.com\/wp-content\/uploads\/logo-bagnoitalia.webp","contentUrl":"https:\/\/img.bagnoitalia.com\/wp-content\/uploads\/logo-bagnoitalia.webp","width":400,"height":70,"caption":"Bagno Italia"},"image":{"@id":"https:\/\/www.bagnoitalia.com\/de#\/schema\/logo\/image\/"}}]}},"_links":{"self":[{"href":"https:\/\/www.bagnoitalia.com\/de\/wp-json\/wp\/v2\/product\/78111","targetHints":{"allow":["GET"]}}],"collection":[{"href":"https:\/\/www.bagnoitalia.com\/de\/wp-json\/wp\/v2\/product"}],"about":[{"href":"https:\/\/www.bagnoitalia.com\/de\/wp-json\/wp\/v2\/types\/product"}],"replies":[{"embeddable":true,"href":"https:\/\/www.bagnoitalia.com\/de\/wp-json\/wp\/v2\/comments?post=78111"}],"version-history":[{"count":5,"href":"https:\/\/www.bagnoitalia.com\/de\/wp-json\/wp\/v2\/product\/78111\/revisions"}],"predecessor-version":[{"id":116731,"href":"https:\/\/www.bagnoitalia.com\/de\/wp-json\/wp\/v2\/product\/78111\/revisions\/116731"}],"wp:featuredmedia":[{"embeddable":true,"href":"https:\/\/www.bagnoitalia.com\/de\/wp-json\/wp\/v2\/media\/17230"}],"wp:attachment":[{"href":"https:\/\/www.bagnoitalia.com\/de\/wp-json\/wp\/v2\/media?parent=78111"}],"wp:term":[{"taxonomy":"product_brand","embeddable":true,"href":"https:\/\/www.bagnoitalia.com\/de\/wp-json\/wp\/v2\/product_brand?post=78111"},{"taxonomy":"product_cat","embeddable":true,"href":"https:\/\/www.bagnoitalia.com\/de\/wp-json\/wp\/v2\/product_cat?post=78111"},{"taxonomy":"product_tag","embeddable":true,"href":"https:\/\/www.bagnoitalia.com\/de\/wp-json\/wp\/v2\/product_tag?post=78111"}],"curies":[{"name":"wp","href":"https:\/\/api.w.org\/{rel}","templated":true}]}}