{"id":78091,"date":"2012-10-16T11:22:34","date_gmt":"2012-10-16T09:22:34","guid":{"rendered":"https:\/\/www.bagnoitalia.com\/product\/bidets-und-schiffe-moderne-wandhangende-sanitarkeramik-aus-keramik"},"modified":"2025-02-11T15:24:27","modified_gmt":"2025-02-11T14:24:27","slug":"bidets-und-schiffe-moderne-wandhangende-sanitarkeramik-aus-keramik","status":"publish","type":"product","link":"https:\/\/www.bagnoitalia.com\/de\/produkt\/bidets-und-schiffe-moderne-wandhangende-sanitarkeramik-aus-keramik.html","title":{"rendered":"H\u00e4nge-WC und Bidet aus Keramik, modernes Design"},"content":{"rendered":"<p><strong>Moderne Sanit\u00e4ranlage aus Keramik, h\u00e4ngendes Modell<\/strong><\/p>\n<p><span style=\"text-decoration: underline;\">Der Preis beinhaltet:<\/span><\/p>\n<p>1 WC und Bidet: 50x35x35.5cm<\/p>\n<p>&nbsp;<\/p>\n<p>Bemerkung: Der Toilettensitz ist nicht inklusive.<\/p>\n<p>Die Artikel k\u00f6nnen einzeln verkauft werden.<\/p>\n<p>&nbsp;<\/p>\n<p>\u00dcber das Men\u00fc k\u00f6nnen Sie den folgenden Deckel zu Ihrer Bestellung hinzuf\u00fcgen:<\/p>\n<p>&nbsp;<\/p>\n<p>&#8211; mit langsamer Schlie\u00dfung<\/p>\n<p><img fetchpriority=\"high\" decoding=\"async\" class=\"shrinkToFit decoded size-full wp-image-17135\" src=\"https:\/\/img.bagnoitalia.com\/wp-content\/uploads\/virtuemart\/product\/bg_foto_copri_wc_t_5_2.jpg\" alt=\"http:\/\/www.bagnoitalia.it\/https:\/\/img.bagnoitalia.com\/wp-content\/uploads\/virtuemart\/product\/bg_foto_copri_wc_t_5_2.jpg\" width=\"806\" height=\"605\" srcset=\"https:\/\/img.bagnoitalia.com\/wp-content\/uploads\/virtuemart\/product\/bg_foto_copri_wc_t_5_2.jpg 1024w, https:\/\/img.bagnoitalia.com\/wp-content\/uploads\/virtuemart\/product\/bg_foto_copri_wc_t_5_2-768x576.jpg 768w, https:\/\/img.bagnoitalia.com\/wp-content\/uploads\/virtuemart\/product\/bg_foto_copri_wc_t_5_2-990x743.jpg 990w, https:\/\/img.bagnoitalia.com\/wp-content\/uploads\/virtuemart\/product\/bg_foto_copri_wc_t_5_2-441x331.jpg 441w, https:\/\/img.bagnoitalia.com\/wp-content\/uploads\/virtuemart\/product\/bg_foto_copri_wc_t_5_2-600x450.jpg 600w, https:\/\/img.bagnoitalia.com\/wp-content\/uploads\/virtuemart\/product\/bg_foto_copri_wc_t_5_2-150x113.jpg 150w\" sizes=\"(max-width: 806px) 100vw, 806px\" \/><\/p>\n<p>&nbsp;<\/p>\n<p>&#8211; Mit Standard-Polyesterverschluss<\/p>\n<p><img decoding=\"async\" class=\"product-image size-full wp-image-17139\" style=\"display: block;\" src=\"https:\/\/img.bagnoitalia.com\/wp-content\/uploads\/virtuemart\/product\/Copriwater_unive_4a9cdbe5e1a78.jpg\" alt=\"Universal-WC-Sitz aus Polyester\" width=\"640\" height=\"640\" srcset=\"https:\/\/img.bagnoitalia.com\/wp-content\/uploads\/virtuemart\/product\/Copriwater_unive_4a9cdbe5e1a78.jpg 640w, https:\/\/img.bagnoitalia.com\/wp-content\/uploads\/virtuemart\/product\/Copriwater_unive_4a9cdbe5e1a78-441x441.jpg 441w, https:\/\/img.bagnoitalia.com\/wp-content\/uploads\/virtuemart\/product\/Copriwater_unive_4a9cdbe5e1a78-100x100.jpg 100w, https:\/\/img.bagnoitalia.com\/wp-content\/uploads\/virtuemart\/product\/Copriwater_unive_4a9cdbe5e1a78-600x600.jpg 600w, https:\/\/img.bagnoitalia.com\/wp-content\/uploads\/virtuemart\/product\/Copriwater_unive_4a9cdbe5e1a78-150x150.jpg 150w\" sizes=\"(max-width: 640px) 100vw, 640px\" \/><\/p>\n","protected":false},"excerpt":{"rendered":"<p>Modernes H\u00e4nge-WC und H\u00e4nge-ModerBidet aus Keramik. Der Toilettensitz ist nicht inklusive. Die Produkte k\u00f6nnen einzeln verkauft werden.<\/p>\n","protected":false},"featured_media":17127,"comment_status":"open","ping_status":"closed","template":"","meta":[],"product_brand":[9940],"product_cat":[9696],"product_tag":[],"class_list":{"0":"post-78091","1":"product","2":"type-product","3":"status-publish","4":"has-post-thumbnail","6":"product_brand-dianflex-de","7":"product_cat-badkeramik","9":"first","10":"instock","11":"sale","12":"taxable","13":"shipping-taxable","14":"purchasable","15":"product-type-simple"},"exclude_global_add_ons":false,"addons":[{"name":"Typ","type":"multiple_choice","position":0,"required":true,"title_format":"heading","default":"","description_enable":false,"description":"","placeholder_enable":false,"placeholder":"","display":"select","restrictions_type":"any_text","adjust_price":false,"price":"","price_type":"flat_fee","restrictions":false,"min":"0","max":"0","options":[{"label":"Vollst\u00e4ndiger Satz","price":"","price_type":"quantity_based","image":0,"visibility":true},{"label":"WC","price":"-54","price_type":"quantity_based","image":0,"visibility":true},{"label":"bidet","price":"-54","price_type":"quantity_based","image":0,"visibility":true}],"id":1717515420},{"name":"Deckel f\u00fcr Toilettensitz","type":"multiple_choice","position":1,"required":true,"title_format":"heading","default":"","description_enable":false,"description":"","placeholder_enable":false,"placeholder":"","display":"select","restrictions_type":"any_text","adjust_price":false,"price":"","price_type":"flat_fee","restrictions":false,"min":"0","max":"0","options":[{"label":"Nein","price":"","price_type":"quantity_based","image":0,"visibility":true},{"label":"PVC-Sitz","price":"20","price_type":"quantity_based","image":0,"visibility":true}],"id":1717515421}],"yoast_head":"<!-- This site is optimized with the Yoast SEO plugin v26.7 - https:\/\/yoast.com\/wordpress\/plugins\/seo\/ -->\n<title>Moderne keramische Badezimmerarmaturen in verschraubter Keramik<\/title>\n<meta name=\"description\" content=\"Moderne Badezimmerkeramik in suspendierter Keramik. Paarweise Vaso-Bidet, aber auch einzeln erh\u00e4ltlich. Erfahren Sie mehr!\" \/>\n<meta name=\"robots\" content=\"index, follow, max-snippet:-1, max-image-preview:large, max-video-preview:-1\" \/>\n<link rel=\"canonical\" href=\"https:\/\/www.bagnoitalia.com\/de\/produkt\/bidets-und-schiffe-moderne-wandhangende-sanitarkeramik-aus-keramik.html\" \/>\n<meta property=\"og:locale\" content=\"de_DE\" \/>\n<meta property=\"og:type\" content=\"article\" \/>\n<meta property=\"og:title\" content=\"Moderne keramische Badezimmerarmaturen in verschraubter Keramik\" \/>\n<meta property=\"og:description\" content=\"Moderne Badezimmerkeramik in suspendierter Keramik. Paarweise Vaso-Bidet, aber auch einzeln erh\u00e4ltlich. Erfahren Sie mehr!\" \/>\n<meta property=\"og:url\" content=\"https:\/\/www.bagnoitalia.com\/de\/produkt\/bidets-und-schiffe-moderne-wandhangende-sanitarkeramik-aus-keramik.html\" \/>\n<meta property=\"og:site_name\" content=\"Bagno Italia\" \/>\n<meta property=\"article:modified_time\" content=\"2025-02-11T14:24:27+00:00\" \/>\n<meta property=\"og:image\" content=\"https:\/\/img.bagnoitalia.com\/wp-content\/uploads\/virtuemart\/product\/Wall-hung-sanitary-modern-design-1_1540990871_2693.jpg\" \/>\n\t<meta property=\"og:image:width\" content=\"1067\" \/>\n\t<meta property=\"og:image:height\" content=\"1067\" \/>\n\t<meta property=\"og:image:type\" content=\"image\/jpeg\" \/>\n<meta name=\"twitter:card\" content=\"summary_large_image\" \/>\n<meta name=\"twitter:label1\" content=\"Gesch\u00e4tzte Lesezeit\" \/>\n\t<meta name=\"twitter:data1\" content=\"1\u00a0Minute\" \/>\n<script type=\"application\/ld+json\" class=\"yoast-schema-graph\">{\"@context\":\"https:\/\/schema.org\",\"@graph\":[{\"@type\":\"WebPage\",\"@id\":\"https:\/\/www.bagnoitalia.com\/de\/produkt\/bidets-und-schiffe-moderne-wandhangende-sanitarkeramik-aus-keramik.html\",\"url\":\"https:\/\/www.bagnoitalia.com\/de\/produkt\/bidets-und-schiffe-moderne-wandhangende-sanitarkeramik-aus-keramik.html\",\"name\":\"Moderne keramische Badezimmerarmaturen in verschraubter Keramik\",\"isPartOf\":{\"@id\":\"https:\/\/www.bagnoitalia.com\/de#website\"},\"primaryImageOfPage\":{\"@id\":\"https:\/\/www.bagnoitalia.com\/de\/produkt\/bidets-und-schiffe-moderne-wandhangende-sanitarkeramik-aus-keramik.html#primaryimage\"},\"image\":{\"@id\":\"https:\/\/www.bagnoitalia.com\/de\/produkt\/bidets-und-schiffe-moderne-wandhangende-sanitarkeramik-aus-keramik.html#primaryimage\"},\"thumbnailUrl\":\"https:\/\/img.bagnoitalia.com\/wp-content\/uploads\/virtuemart\/product\/Wall-hung-sanitary-modern-design-1_1540990871_2693.jpg\",\"datePublished\":\"2012-10-16T09:22:34+00:00\",\"dateModified\":\"2025-02-11T14:24:27+00:00\",\"description\":\"Moderne Badezimmerkeramik in suspendierter Keramik. Paarweise Vaso-Bidet, aber auch einzeln erh\u00e4ltlich. Erfahren Sie mehr!\",\"breadcrumb\":{\"@id\":\"https:\/\/www.bagnoitalia.com\/de\/produkt\/bidets-und-schiffe-moderne-wandhangende-sanitarkeramik-aus-keramik.html#breadcrumb\"},\"inLanguage\":\"de\",\"potentialAction\":[{\"@type\":\"ReadAction\",\"target\":[\"https:\/\/www.bagnoitalia.com\/de\/produkt\/bidets-und-schiffe-moderne-wandhangende-sanitarkeramik-aus-keramik.html\"]}]},{\"@type\":\"ImageObject\",\"inLanguage\":\"de\",\"@id\":\"https:\/\/www.bagnoitalia.com\/de\/produkt\/bidets-und-schiffe-moderne-wandhangende-sanitarkeramik-aus-keramik.html#primaryimage\",\"url\":\"https:\/\/img.bagnoitalia.com\/wp-content\/uploads\/virtuemart\/product\/Wall-hung-sanitary-modern-design-1_1540990871_2693.jpg\",\"contentUrl\":\"https:\/\/img.bagnoitalia.com\/wp-content\/uploads\/virtuemart\/product\/Wall-hung-sanitary-modern-design-1_1540990871_2693.jpg\",\"width\":1067,\"height\":1067},{\"@type\":\"BreadcrumbList\",\"@id\":\"https:\/\/www.bagnoitalia.com\/de\/produkt\/bidets-und-schiffe-moderne-wandhangende-sanitarkeramik-aus-keramik.html#breadcrumb\",\"itemListElement\":[{\"@type\":\"ListItem\",\"position\":1,\"name\":\"Home\",\"item\":\"https:\/\/www.bagnoitalia.com\/de\"},{\"@type\":\"ListItem\",\"position\":2,\"name\":\"Produkte\",\"item\":\"https:\/\/www.bagnoitalia.com\/de\/shop\"},{\"@type\":\"ListItem\",\"position\":3,\"name\":\"H\u00e4nge-WC und Bidet aus Keramik, modernes Design\"}]},{\"@type\":\"WebSite\",\"@id\":\"https:\/\/www.bagnoitalia.com\/de#website\",\"url\":\"https:\/\/www.bagnoitalia.com\/de\",\"name\":\"Bagno Italia\",\"description\":\"\",\"publisher\":{\"@id\":\"https:\/\/www.bagnoitalia.com\/de#organization\"},\"potentialAction\":[{\"@type\":\"SearchAction\",\"target\":{\"@type\":\"EntryPoint\",\"urlTemplate\":\"https:\/\/www.bagnoitalia.com\/de?s={search_term_string}\"},\"query-input\":{\"@type\":\"PropertyValueSpecification\",\"valueRequired\":true,\"valueName\":\"search_term_string\"}}],\"inLanguage\":\"de\"},{\"@type\":\"Organization\",\"@id\":\"https:\/\/www.bagnoitalia.com\/de#organization\",\"name\":\"Bagno Italia\",\"url\":\"https:\/\/www.bagnoitalia.com\/de\",\"logo\":{\"@type\":\"ImageObject\",\"inLanguage\":\"de\",\"@id\":\"https:\/\/www.bagnoitalia.com\/de#\/schema\/logo\/image\/\",\"url\":\"https:\/\/img.bagnoitalia.com\/wp-content\/uploads\/logo-bagnoitalia.webp\",\"contentUrl\":\"https:\/\/img.bagnoitalia.com\/wp-content\/uploads\/logo-bagnoitalia.webp\",\"width\":400,\"height\":70,\"caption\":\"Bagno Italia\"},\"image\":{\"@id\":\"https:\/\/www.bagnoitalia.com\/de#\/schema\/logo\/image\/\"}}]}<\/script>\n<!-- \/ Yoast SEO plugin. -->","yoast_head_json":{"title":"Moderne keramische Badezimmerarmaturen in verschraubter Keramik","description":"Moderne Badezimmerkeramik in suspendierter Keramik. Paarweise Vaso-Bidet, aber auch einzeln erh\u00e4ltlich. Erfahren Sie mehr!","robots":{"index":"index","follow":"follow","max-snippet":"max-snippet:-1","max-image-preview":"max-image-preview:large","max-video-preview":"max-video-preview:-1"},"canonical":"https:\/\/www.bagnoitalia.com\/de\/produkt\/bidets-und-schiffe-moderne-wandhangende-sanitarkeramik-aus-keramik.html","og_locale":"de_DE","og_type":"article","og_title":"Moderne keramische Badezimmerarmaturen in verschraubter Keramik","og_description":"Moderne Badezimmerkeramik in suspendierter Keramik. Paarweise Vaso-Bidet, aber auch einzeln erh\u00e4ltlich. Erfahren Sie mehr!","og_url":"https:\/\/www.bagnoitalia.com\/de\/produkt\/bidets-und-schiffe-moderne-wandhangende-sanitarkeramik-aus-keramik.html","og_site_name":"Bagno Italia","article_modified_time":"2025-02-11T14:24:27+00:00","og_image":[{"width":1067,"height":1067,"url":"https:\/\/img.bagnoitalia.com\/wp-content\/uploads\/virtuemart\/product\/Wall-hung-sanitary-modern-design-1_1540990871_2693.jpg","type":"image\/jpeg"}],"twitter_card":"summary_large_image","twitter_misc":{"Gesch\u00e4tzte Lesezeit":"1\u00a0Minute"},"schema":{"@context":"https:\/\/schema.org","@graph":[{"@type":"WebPage","@id":"https:\/\/www.bagnoitalia.com\/de\/produkt\/bidets-und-schiffe-moderne-wandhangende-sanitarkeramik-aus-keramik.html","url":"https:\/\/www.bagnoitalia.com\/de\/produkt\/bidets-und-schiffe-moderne-wandhangende-sanitarkeramik-aus-keramik.html","name":"Moderne keramische Badezimmerarmaturen in verschraubter Keramik","isPartOf":{"@id":"https:\/\/www.bagnoitalia.com\/de#website"},"primaryImageOfPage":{"@id":"https:\/\/www.bagnoitalia.com\/de\/produkt\/bidets-und-schiffe-moderne-wandhangende-sanitarkeramik-aus-keramik.html#primaryimage"},"image":{"@id":"https:\/\/www.bagnoitalia.com\/de\/produkt\/bidets-und-schiffe-moderne-wandhangende-sanitarkeramik-aus-keramik.html#primaryimage"},"thumbnailUrl":"https:\/\/img.bagnoitalia.com\/wp-content\/uploads\/virtuemart\/product\/Wall-hung-sanitary-modern-design-1_1540990871_2693.jpg","datePublished":"2012-10-16T09:22:34+00:00","dateModified":"2025-02-11T14:24:27+00:00","description":"Moderne Badezimmerkeramik in suspendierter Keramik. Paarweise Vaso-Bidet, aber auch einzeln erh\u00e4ltlich. Erfahren Sie mehr!","breadcrumb":{"@id":"https:\/\/www.bagnoitalia.com\/de\/produkt\/bidets-und-schiffe-moderne-wandhangende-sanitarkeramik-aus-keramik.html#breadcrumb"},"inLanguage":"de","potentialAction":[{"@type":"ReadAction","target":["https:\/\/www.bagnoitalia.com\/de\/produkt\/bidets-und-schiffe-moderne-wandhangende-sanitarkeramik-aus-keramik.html"]}]},{"@type":"ImageObject","inLanguage":"de","@id":"https:\/\/www.bagnoitalia.com\/de\/produkt\/bidets-und-schiffe-moderne-wandhangende-sanitarkeramik-aus-keramik.html#primaryimage","url":"https:\/\/img.bagnoitalia.com\/wp-content\/uploads\/virtuemart\/product\/Wall-hung-sanitary-modern-design-1_1540990871_2693.jpg","contentUrl":"https:\/\/img.bagnoitalia.com\/wp-content\/uploads\/virtuemart\/product\/Wall-hung-sanitary-modern-design-1_1540990871_2693.jpg","width":1067,"height":1067},{"@type":"BreadcrumbList","@id":"https:\/\/www.bagnoitalia.com\/de\/produkt\/bidets-und-schiffe-moderne-wandhangende-sanitarkeramik-aus-keramik.html#breadcrumb","itemListElement":[{"@type":"ListItem","position":1,"name":"Home","item":"https:\/\/www.bagnoitalia.com\/de"},{"@type":"ListItem","position":2,"name":"Produkte","item":"https:\/\/www.bagnoitalia.com\/de\/shop"},{"@type":"ListItem","position":3,"name":"H\u00e4nge-WC und Bidet aus Keramik, modernes Design"}]},{"@type":"WebSite","@id":"https:\/\/www.bagnoitalia.com\/de#website","url":"https:\/\/www.bagnoitalia.com\/de","name":"Bagno Italia","description":"","publisher":{"@id":"https:\/\/www.bagnoitalia.com\/de#organization"},"potentialAction":[{"@type":"SearchAction","target":{"@type":"EntryPoint","urlTemplate":"https:\/\/www.bagnoitalia.com\/de?s={search_term_string}"},"query-input":{"@type":"PropertyValueSpecification","valueRequired":true,"valueName":"search_term_string"}}],"inLanguage":"de"},{"@type":"Organization","@id":"https:\/\/www.bagnoitalia.com\/de#organization","name":"Bagno Italia","url":"https:\/\/www.bagnoitalia.com\/de","logo":{"@type":"ImageObject","inLanguage":"de","@id":"https:\/\/www.bagnoitalia.com\/de#\/schema\/logo\/image\/","url":"https:\/\/img.bagnoitalia.com\/wp-content\/uploads\/logo-bagnoitalia.webp","contentUrl":"https:\/\/img.bagnoitalia.com\/wp-content\/uploads\/logo-bagnoitalia.webp","width":400,"height":70,"caption":"Bagno Italia"},"image":{"@id":"https:\/\/www.bagnoitalia.com\/de#\/schema\/logo\/image\/"}}]}},"_links":{"self":[{"href":"https:\/\/www.bagnoitalia.com\/de\/wp-json\/wp\/v2\/product\/78091","targetHints":{"allow":["GET"]}}],"collection":[{"href":"https:\/\/www.bagnoitalia.com\/de\/wp-json\/wp\/v2\/product"}],"about":[{"href":"https:\/\/www.bagnoitalia.com\/de\/wp-json\/wp\/v2\/types\/product"}],"replies":[{"embeddable":true,"href":"https:\/\/www.bagnoitalia.com\/de\/wp-json\/wp\/v2\/comments?post=78091"}],"version-history":[{"count":2,"href":"https:\/\/www.bagnoitalia.com\/de\/wp-json\/wp\/v2\/product\/78091\/revisions"}],"predecessor-version":[{"id":101756,"href":"https:\/\/www.bagnoitalia.com\/de\/wp-json\/wp\/v2\/product\/78091\/revisions\/101756"}],"wp:featuredmedia":[{"embeddable":true,"href":"https:\/\/www.bagnoitalia.com\/de\/wp-json\/wp\/v2\/media\/17127"}],"wp:attachment":[{"href":"https:\/\/www.bagnoitalia.com\/de\/wp-json\/wp\/v2\/media?parent=78091"}],"wp:term":[{"taxonomy":"product_brand","embeddable":true,"href":"https:\/\/www.bagnoitalia.com\/de\/wp-json\/wp\/v2\/product_brand?post=78091"},{"taxonomy":"product_cat","embeddable":true,"href":"https:\/\/www.bagnoitalia.com\/de\/wp-json\/wp\/v2\/product_cat?post=78091"},{"taxonomy":"product_tag","embeddable":true,"href":"https:\/\/www.bagnoitalia.com\/de\/wp-json\/wp\/v2\/product_tag?post=78091"}],"curies":[{"name":"wp","href":"https:\/\/api.w.org\/{rel}","templated":true}]}}