{"id":77943,"date":"2012-08-24T22:24:47","date_gmt":"2012-08-24T20:24:47","guid":{"rendered":"https:\/\/www.bagnoitalia.com\/product\/infrarotsauna-150x65x120-fur-4-personen-mit-farbtherapie-und-sn012-ionisator"},"modified":"2024-05-11T00:16:18","modified_gmt":"2024-05-10T22:16:18","slug":"infrarotsauna-150x65x120-fur-4-personen-mit-farbtherapie-und-sn012-ionisator","status":"publish","type":"product","link":"https:\/\/www.bagnoitalia.com\/de\/produkt\/infrarotsauna-150x65x120-fur-4-personen-mit-farbtherapie-und-sn012-ionisator.html","title":{"rendered":"Infrarotsauna f\u00fcr 4 Personen, 150x65x120cm, mit Farbtherapie und Ionisator SN012"},"content":{"rendered":"<p style=\"margin-top: 0.18cm; margin-bottom: 0.18cm;\"><strong><span>150x65x120CM <\/span>INFRAROTSAUNA mit Farbtherapie SN012<\/strong><\/p>\n<p style=\"margin-top: 0.18cm; margin-bottom: 0.18cm;\"><strong>Merkmale<\/strong><\/p>\n<p style=\"margin-top: 0.18cm; margin-bottom: 0.18cm;\">&#8211; Gr\u00f6\u00dfe: 150x65x120x190cm<\/p>\n<p style=\"margin-top: 0.18cm; margin-bottom: 0.18cm;\">&#8211; Au\u00dfenrahmen mit Beleuchtung<\/p>\n<p style=\"margin-top: 0.18cm; margin-bottom: 0.18cm;\">&#8211; internes Doppelbedienfeld<\/p>\n<p style=\"margin-top: 0.18cm; margin-bottom: 0.18cm;\">&#8211; 6 Infrarotstrahler aus Keramik&nbsp;<\/p>\n<p style=\"margin-top: 0.18cm; margin-bottom: 0.18cm;\">&#8211; Media: Radio &#8211; CD-Player<\/p>\n<p style=\"margin-top: 0.18cm; margin-bottom: 0.18cm;\">&#8211; Ionisator f\u00fcr Aromatherapie<\/p>\n<p style=\"margin-top: 0.18cm; margin-bottom: 0.18cm;\">&#8211; 7-Farben-Farbtherapie<\/p>\n<p style=\"margin-top: 0.18cm; margin-bottom: 0.18cm;\">&#8211; Temperatur: 18 bis 60\u00b0C<\/p>\n<p style=\"margin-top: 0.18cm; margin-bottom: 0.18cm;\">&#8211; Leistung: 2000 W<\/p>\n<p style=\"margin-top: 0.18cm; margin-bottom: 0.18cm;\">&#8211; Holz: Schierling<\/p>\n<p style=\"margin-top: 0.18cm; margin-bottom: 0.18cm;\">&nbsp;<\/p>\n<p style=\"margin-top: 0.18cm; margin-bottom: 0.18cm;\">Die Sauna braucht im Gegensatz zu finnischen Saunas (60min) nur 40\/50 Minuten zum Erw\u00e4rmen, sodass viel niedrigere Kosten verursacht werden. In der finnischen Sauna wird die Luft \u00fcber den Ofen erhitzt, weshalb ein intensiver Dampf entsteht, den nicht jeder ertr\u00e4gt, w\u00e4hrend bei der Infrarotsauna die Strahlen zu 80% direkt den K\u00f6rper erw\u00e4rmen, wodurch eine ertr\u00e4glichere Situation entsteht.<\/p>\n<p style=\"margin-top: 0.18cm; margin-bottom: 0.18cm;\">&nbsp;<\/p>\n<p>Die <strong>Sauna<\/strong> hat eine <strong>Entspannungs-<\/strong> und <strong>Entgiftungsfunktion<\/strong>. Die Haut wird gereinigt und durch den Schwei\u00df werden S\u00e4uren und Giftstoffe beseitigt. Das neurovegetative System wird stimuliert, wodurch der allgemeine Stoffwechsel verbessert wird. Bez\u00fcglich der \u00e4sthetischen Ebene wird<strong> Cellulitis reduziert<\/strong> und die Elastizit\u00e4t des Gewebes gef\u00f6rdert, was jedoch am Besten durch eine gesundene Kombination von Sauna und Di\u00e4t erreicht werden kann. Durch die <strong>Tiefenreinigung der Epidermis<\/strong> bekommt die Haut neue Reinheit und Glanz.<\/p>\n","protected":false},"excerpt":{"rendered":"<p>150x65x120cm gro\u00dfe Sauna mit 4 Pl\u00e4tzen. Holzkabine mit Infrarotstrahlen, Farbtherapie und Ozontherapie best\u00fcckt.<\/p>\n","protected":false},"featured_media":16066,"comment_status":"open","ping_status":"closed","template":"","meta":[],"product_brand":[9910],"product_cat":[9752],"product_tag":[],"class_list":{"0":"post-77943","1":"product","2":"type-product","3":"status-publish","4":"has-post-thumbnail","6":"product_brand-puntorelax-de","7":"product_cat-infrarotsauna","9":"first","10":"instock","11":"sale","12":"taxable","13":"shipping-taxable","14":"purchasable","15":"product-type-simple"},"exclude_global_add_ons":[],"addons":[],"yoast_head":"<!-- This site is optimized with the Yoast SEO plugin v26.7 - https:\/\/yoast.com\/wordpress\/plugins\/seo\/ -->\n<title>Infrarot Sauna Chromotherapie, ideal f\u00fcr 4 Personen pr SN012<\/title>\n<meta name=\"description\" content=\"Infrarotsauna mit 7-Farben-Farbtherapie und Parf\u00fcmtherapie, Gr\u00f6\u00dfe 150x65x120cm, ideal f\u00fcr 3 oder 4 Personen. Mit Radio CD-Player. Erfahren Sie mehr!\" \/>\n<meta name=\"robots\" content=\"index, follow, max-snippet:-1, max-image-preview:large, max-video-preview:-1\" \/>\n<link rel=\"canonical\" href=\"https:\/\/www.bagnoitalia.com\/de\/produkt\/infrarotsauna-150x65x120-fur-4-personen-mit-farbtherapie-und-sn012-ionisator.html\" \/>\n<meta property=\"og:locale\" content=\"de_DE\" \/>\n<meta property=\"og:type\" content=\"article\" \/>\n<meta property=\"og:title\" content=\"Infrarot Sauna Chromotherapie, ideal f\u00fcr 4 Personen pr SN012\" \/>\n<meta property=\"og:description\" content=\"Infrarotsauna mit 7-Farben-Farbtherapie und Parf\u00fcmtherapie, Gr\u00f6\u00dfe 150x65x120cm, ideal f\u00fcr 3 oder 4 Personen. Mit Radio CD-Player. Erfahren Sie mehr!\" \/>\n<meta property=\"og:url\" content=\"https:\/\/www.bagnoitalia.com\/de\/produkt\/infrarotsauna-150x65x120-fur-4-personen-mit-farbtherapie-und-sn012-ionisator.html\" \/>\n<meta property=\"og:site_name\" content=\"Bagno Italia\" \/>\n<meta property=\"article:modified_time\" content=\"2024-05-10T22:16:18+00:00\" \/>\n<meta property=\"og:image\" content=\"https:\/\/img.bagnoitalia.com\/wp-content\/uploads\/virtuemart\/product\/sauna-infrarossi-150-cm.jpg\" \/>\n\t<meta property=\"og:image:width\" content=\"549\" \/>\n\t<meta property=\"og:image:height\" content=\"550\" \/>\n\t<meta property=\"og:image:type\" content=\"image\/jpeg\" \/>\n<meta name=\"twitter:card\" content=\"summary_large_image\" \/>\n<meta name=\"twitter:label1\" content=\"Gesch\u00e4tzte Lesezeit\" \/>\n\t<meta name=\"twitter:data1\" content=\"1\u00a0Minute\" \/>\n<script type=\"application\/ld+json\" class=\"yoast-schema-graph\">{\"@context\":\"https:\/\/schema.org\",\"@graph\":[{\"@type\":\"WebPage\",\"@id\":\"https:\/\/www.bagnoitalia.com\/de\/produkt\/infrarotsauna-150x65x120-fur-4-personen-mit-farbtherapie-und-sn012-ionisator.html\",\"url\":\"https:\/\/www.bagnoitalia.com\/de\/produkt\/infrarotsauna-150x65x120-fur-4-personen-mit-farbtherapie-und-sn012-ionisator.html\",\"name\":\"Infrarot Sauna Chromotherapie, ideal f\u00fcr 4 Personen pr SN012\",\"isPartOf\":{\"@id\":\"https:\/\/www.bagnoitalia.com\/de#website\"},\"primaryImageOfPage\":{\"@id\":\"https:\/\/www.bagnoitalia.com\/de\/produkt\/infrarotsauna-150x65x120-fur-4-personen-mit-farbtherapie-und-sn012-ionisator.html#primaryimage\"},\"image\":{\"@id\":\"https:\/\/www.bagnoitalia.com\/de\/produkt\/infrarotsauna-150x65x120-fur-4-personen-mit-farbtherapie-und-sn012-ionisator.html#primaryimage\"},\"thumbnailUrl\":\"https:\/\/img.bagnoitalia.com\/wp-content\/uploads\/virtuemart\/product\/sauna-infrarossi-150-cm.jpg\",\"datePublished\":\"2012-08-24T20:24:47+00:00\",\"dateModified\":\"2024-05-10T22:16:18+00:00\",\"description\":\"Infrarotsauna mit 7-Farben-Farbtherapie und Parf\u00fcmtherapie, Gr\u00f6\u00dfe 150x65x120cm, ideal f\u00fcr 3 oder 4 Personen. Mit Radio CD-Player. Erfahren Sie mehr!\",\"breadcrumb\":{\"@id\":\"https:\/\/www.bagnoitalia.com\/de\/produkt\/infrarotsauna-150x65x120-fur-4-personen-mit-farbtherapie-und-sn012-ionisator.html#breadcrumb\"},\"inLanguage\":\"de\",\"potentialAction\":[{\"@type\":\"ReadAction\",\"target\":[\"https:\/\/www.bagnoitalia.com\/de\/produkt\/infrarotsauna-150x65x120-fur-4-personen-mit-farbtherapie-und-sn012-ionisator.html\"]}]},{\"@type\":\"ImageObject\",\"inLanguage\":\"de\",\"@id\":\"https:\/\/www.bagnoitalia.com\/de\/produkt\/infrarotsauna-150x65x120-fur-4-personen-mit-farbtherapie-und-sn012-ionisator.html#primaryimage\",\"url\":\"https:\/\/img.bagnoitalia.com\/wp-content\/uploads\/virtuemart\/product\/sauna-infrarossi-150-cm.jpg\",\"contentUrl\":\"https:\/\/img.bagnoitalia.com\/wp-content\/uploads\/virtuemart\/product\/sauna-infrarossi-150-cm.jpg\",\"width\":549,\"height\":550},{\"@type\":\"BreadcrumbList\",\"@id\":\"https:\/\/www.bagnoitalia.com\/de\/produkt\/infrarotsauna-150x65x120-fur-4-personen-mit-farbtherapie-und-sn012-ionisator.html#breadcrumb\",\"itemListElement\":[{\"@type\":\"ListItem\",\"position\":1,\"name\":\"Home\",\"item\":\"https:\/\/www.bagnoitalia.com\/de\"},{\"@type\":\"ListItem\",\"position\":2,\"name\":\"Produkte\",\"item\":\"https:\/\/www.bagnoitalia.com\/de\/shop\"},{\"@type\":\"ListItem\",\"position\":3,\"name\":\"Infrarotsauna f\u00fcr 4 Personen, 150x65x120cm, mit Farbtherapie und Ionisator SN012\"}]},{\"@type\":\"WebSite\",\"@id\":\"https:\/\/www.bagnoitalia.com\/de#website\",\"url\":\"https:\/\/www.bagnoitalia.com\/de\",\"name\":\"Bagno Italia\",\"description\":\"\",\"publisher\":{\"@id\":\"https:\/\/www.bagnoitalia.com\/de#organization\"},\"potentialAction\":[{\"@type\":\"SearchAction\",\"target\":{\"@type\":\"EntryPoint\",\"urlTemplate\":\"https:\/\/www.bagnoitalia.com\/de?s={search_term_string}\"},\"query-input\":{\"@type\":\"PropertyValueSpecification\",\"valueRequired\":true,\"valueName\":\"search_term_string\"}}],\"inLanguage\":\"de\"},{\"@type\":\"Organization\",\"@id\":\"https:\/\/www.bagnoitalia.com\/de#organization\",\"name\":\"Bagno Italia\",\"url\":\"https:\/\/www.bagnoitalia.com\/de\",\"logo\":{\"@type\":\"ImageObject\",\"inLanguage\":\"de\",\"@id\":\"https:\/\/www.bagnoitalia.com\/de#\/schema\/logo\/image\/\",\"url\":\"https:\/\/img.bagnoitalia.com\/wp-content\/uploads\/logo-bagnoitalia.webp\",\"contentUrl\":\"https:\/\/img.bagnoitalia.com\/wp-content\/uploads\/logo-bagnoitalia.webp\",\"width\":400,\"height\":70,\"caption\":\"Bagno Italia\"},\"image\":{\"@id\":\"https:\/\/www.bagnoitalia.com\/de#\/schema\/logo\/image\/\"}}]}<\/script>\n<!-- \/ Yoast SEO plugin. -->","yoast_head_json":{"title":"Infrarot Sauna Chromotherapie, ideal f\u00fcr 4 Personen pr SN012","description":"Infrarotsauna mit 7-Farben-Farbtherapie und Parf\u00fcmtherapie, Gr\u00f6\u00dfe 150x65x120cm, ideal f\u00fcr 3 oder 4 Personen. Mit Radio CD-Player. Erfahren Sie mehr!","robots":{"index":"index","follow":"follow","max-snippet":"max-snippet:-1","max-image-preview":"max-image-preview:large","max-video-preview":"max-video-preview:-1"},"canonical":"https:\/\/www.bagnoitalia.com\/de\/produkt\/infrarotsauna-150x65x120-fur-4-personen-mit-farbtherapie-und-sn012-ionisator.html","og_locale":"de_DE","og_type":"article","og_title":"Infrarot Sauna Chromotherapie, ideal f\u00fcr 4 Personen pr SN012","og_description":"Infrarotsauna mit 7-Farben-Farbtherapie und Parf\u00fcmtherapie, Gr\u00f6\u00dfe 150x65x120cm, ideal f\u00fcr 3 oder 4 Personen. Mit Radio CD-Player. Erfahren Sie mehr!","og_url":"https:\/\/www.bagnoitalia.com\/de\/produkt\/infrarotsauna-150x65x120-fur-4-personen-mit-farbtherapie-und-sn012-ionisator.html","og_site_name":"Bagno Italia","article_modified_time":"2024-05-10T22:16:18+00:00","og_image":[{"width":549,"height":550,"url":"https:\/\/img.bagnoitalia.com\/wp-content\/uploads\/virtuemart\/product\/sauna-infrarossi-150-cm.jpg","type":"image\/jpeg"}],"twitter_card":"summary_large_image","twitter_misc":{"Gesch\u00e4tzte Lesezeit":"1\u00a0Minute"},"schema":{"@context":"https:\/\/schema.org","@graph":[{"@type":"WebPage","@id":"https:\/\/www.bagnoitalia.com\/de\/produkt\/infrarotsauna-150x65x120-fur-4-personen-mit-farbtherapie-und-sn012-ionisator.html","url":"https:\/\/www.bagnoitalia.com\/de\/produkt\/infrarotsauna-150x65x120-fur-4-personen-mit-farbtherapie-und-sn012-ionisator.html","name":"Infrarot Sauna Chromotherapie, ideal f\u00fcr 4 Personen pr SN012","isPartOf":{"@id":"https:\/\/www.bagnoitalia.com\/de#website"},"primaryImageOfPage":{"@id":"https:\/\/www.bagnoitalia.com\/de\/produkt\/infrarotsauna-150x65x120-fur-4-personen-mit-farbtherapie-und-sn012-ionisator.html#primaryimage"},"image":{"@id":"https:\/\/www.bagnoitalia.com\/de\/produkt\/infrarotsauna-150x65x120-fur-4-personen-mit-farbtherapie-und-sn012-ionisator.html#primaryimage"},"thumbnailUrl":"https:\/\/img.bagnoitalia.com\/wp-content\/uploads\/virtuemart\/product\/sauna-infrarossi-150-cm.jpg","datePublished":"2012-08-24T20:24:47+00:00","dateModified":"2024-05-10T22:16:18+00:00","description":"Infrarotsauna mit 7-Farben-Farbtherapie und Parf\u00fcmtherapie, Gr\u00f6\u00dfe 150x65x120cm, ideal f\u00fcr 3 oder 4 Personen. Mit Radio CD-Player. Erfahren Sie mehr!","breadcrumb":{"@id":"https:\/\/www.bagnoitalia.com\/de\/produkt\/infrarotsauna-150x65x120-fur-4-personen-mit-farbtherapie-und-sn012-ionisator.html#breadcrumb"},"inLanguage":"de","potentialAction":[{"@type":"ReadAction","target":["https:\/\/www.bagnoitalia.com\/de\/produkt\/infrarotsauna-150x65x120-fur-4-personen-mit-farbtherapie-und-sn012-ionisator.html"]}]},{"@type":"ImageObject","inLanguage":"de","@id":"https:\/\/www.bagnoitalia.com\/de\/produkt\/infrarotsauna-150x65x120-fur-4-personen-mit-farbtherapie-und-sn012-ionisator.html#primaryimage","url":"https:\/\/img.bagnoitalia.com\/wp-content\/uploads\/virtuemart\/product\/sauna-infrarossi-150-cm.jpg","contentUrl":"https:\/\/img.bagnoitalia.com\/wp-content\/uploads\/virtuemart\/product\/sauna-infrarossi-150-cm.jpg","width":549,"height":550},{"@type":"BreadcrumbList","@id":"https:\/\/www.bagnoitalia.com\/de\/produkt\/infrarotsauna-150x65x120-fur-4-personen-mit-farbtherapie-und-sn012-ionisator.html#breadcrumb","itemListElement":[{"@type":"ListItem","position":1,"name":"Home","item":"https:\/\/www.bagnoitalia.com\/de"},{"@type":"ListItem","position":2,"name":"Produkte","item":"https:\/\/www.bagnoitalia.com\/de\/shop"},{"@type":"ListItem","position":3,"name":"Infrarotsauna f\u00fcr 4 Personen, 150x65x120cm, mit Farbtherapie und Ionisator SN012"}]},{"@type":"WebSite","@id":"https:\/\/www.bagnoitalia.com\/de#website","url":"https:\/\/www.bagnoitalia.com\/de","name":"Bagno Italia","description":"","publisher":{"@id":"https:\/\/www.bagnoitalia.com\/de#organization"},"potentialAction":[{"@type":"SearchAction","target":{"@type":"EntryPoint","urlTemplate":"https:\/\/www.bagnoitalia.com\/de?s={search_term_string}"},"query-input":{"@type":"PropertyValueSpecification","valueRequired":true,"valueName":"search_term_string"}}],"inLanguage":"de"},{"@type":"Organization","@id":"https:\/\/www.bagnoitalia.com\/de#organization","name":"Bagno Italia","url":"https:\/\/www.bagnoitalia.com\/de","logo":{"@type":"ImageObject","inLanguage":"de","@id":"https:\/\/www.bagnoitalia.com\/de#\/schema\/logo\/image\/","url":"https:\/\/img.bagnoitalia.com\/wp-content\/uploads\/logo-bagnoitalia.webp","contentUrl":"https:\/\/img.bagnoitalia.com\/wp-content\/uploads\/logo-bagnoitalia.webp","width":400,"height":70,"caption":"Bagno Italia"},"image":{"@id":"https:\/\/www.bagnoitalia.com\/de#\/schema\/logo\/image\/"}}]}},"_links":{"self":[{"href":"https:\/\/www.bagnoitalia.com\/de\/wp-json\/wp\/v2\/product\/77943","targetHints":{"allow":["GET"]}}],"collection":[{"href":"https:\/\/www.bagnoitalia.com\/de\/wp-json\/wp\/v2\/product"}],"about":[{"href":"https:\/\/www.bagnoitalia.com\/de\/wp-json\/wp\/v2\/types\/product"}],"replies":[{"embeddable":true,"href":"https:\/\/www.bagnoitalia.com\/de\/wp-json\/wp\/v2\/comments?post=77943"}],"version-history":[{"count":0,"href":"https:\/\/www.bagnoitalia.com\/de\/wp-json\/wp\/v2\/product\/77943\/revisions"}],"wp:featuredmedia":[{"embeddable":true,"href":"https:\/\/www.bagnoitalia.com\/de\/wp-json\/wp\/v2\/media\/16066"}],"wp:attachment":[{"href":"https:\/\/www.bagnoitalia.com\/de\/wp-json\/wp\/v2\/media?parent=77943"}],"wp:term":[{"taxonomy":"product_brand","embeddable":true,"href":"https:\/\/www.bagnoitalia.com\/de\/wp-json\/wp\/v2\/product_brand?post=77943"},{"taxonomy":"product_cat","embeddable":true,"href":"https:\/\/www.bagnoitalia.com\/de\/wp-json\/wp\/v2\/product_cat?post=77943"},{"taxonomy":"product_tag","embeddable":true,"href":"https:\/\/www.bagnoitalia.com\/de\/wp-json\/wp\/v2\/product_tag?post=77943"}],"curies":[{"name":"wp","href":"https:\/\/api.w.org\/{rel}","templated":true}]}}