{"id":77807,"date":"2012-07-31T01:00:51","date_gmt":"2012-07-30T23:00:51","guid":{"rendered":"https:\/\/www.bagnoitalia.com\/product\/badezimmermobel-prism-80-ahorn-eiche-oder-dark-weng-mit-saule-angebot"},"modified":"2024-05-30T15:30:32","modified_gmt":"2024-05-30T13:30:32","slug":"badezimmermobel-prism-80-ahorn-eiche-oder-dark-weng-mit-saule-angebot","status":"publish","type":"product","link":"https:\/\/www.bagnoitalia.com\/de\/produkt\/badezimmermobel-prism-80-ahorn-eiche-oder-dark-weng-mit-saule-angebot.html","title":{"rendered":"Prisma Badschrank, 80cm, in Ahorn, Eiche oder dunkler Weng\u00e8, mit Schranks\u00e4ule und Waschtisischmischer GESCHENKT"},"content":{"rendered":"<p style=\"text-align: justify;\"><strong>Der Preis beinhaltet alles, was Sie im Foto sehen (au\u00dfer dem Waschtischmischer)<\/strong><\/p>\n<p style=\"text-align: justify;\">1 Unterwaschbecken mit Schublade: 80x48x40cm<\/p>\n<p style=\"text-align: justify;\">1 Spiegel mit Holzrahmen: 80x50cm<\/p>\n<p>1 Keramikwaschbecken: 67x43cm<span style=\"font-family: Arial,Helvetica,sans-serif; font-size: x-small;\"><span style=\"font-family: Arial; color: #ff0000;\"><strong><span style=\"color: #0000ff;\"><br \/>\n<\/span><\/strong><\/span><\/span><\/p>\n<p style=\"text-align: justify;\">1 Holzbrett: 50cm<\/p>\n<p style=\"text-align: justify;\">1 Schranks\u00e4ule: 150x30x20cm<\/p>\n<p style=\"text-align: justify;\">\n<p style=\"text-align: justify;\">ACHTUNG: <strong><span style=\"color: #ff0000;\">Es ist m\u00f6glich, den Schrank zu installieren, auch wenn der Vs. Abfluss zentriert ist (Installierung \u00fcber einen Schlauch)<\/span><\/strong><\/p>\n<p style=\"text-align: justify;\"><strong>Material:<\/strong><\/p>\n<p>Unterwaschbeckenschrank: MDF-Struktur (Mediodensit)<\/p>\n<p style=\"text-align: justify;\">Schublade: mit soft-close-System<\/p>\n<p>Griffe: gl\u00e4nzendes Chrom<\/p>\n<p>Waschbecken: Keramik<\/p>\n<p style=\"text-align: justify;\">\n<p style=\"text-align: justify;\">Farbe: helle Eiche oder dunkle Weng\u00e9<\/p>\n<p style=\"text-align: justify;\">\n<p style=\"text-align: justify;\">Achtung: Der Preis beinhaltet die M\u00f6bel wie sie auf dem Foto zu sehen sind (Waschtischmischer nicht inbegriffen). In diesem Angebot k\u00f6nnen die einzelnen Artikel nicht getrennt werden.<\/p>\n<p>&nbsp;<\/p>\n<p>&nbsp;<\/p>\n","protected":false},"excerpt":{"rendered":"<p>Der Prisma Badschrank ist 80cm gro\u00df und in den Farben Eiche oder dunkles Weng\u00e8 erh\u00e4ltlich. Produkt mit Aufsatzwaschbecken, Spiegel, Regal, Waschtischmischer und Schranks\u00e4ule best\u00fcckt. Der Waschtischmischer ist GESCHENKT<\/p>\n","protected":false},"featured_media":14894,"comment_status":"open","ping_status":"closed","template":"","meta":[],"product_brand":[5021],"product_cat":[9720],"product_tag":[],"class_list":{"0":"post-77807","1":"product","2":"type-product","3":"status-publish","4":"has-post-thumbnail","6":"product_brand-predator-arredo-casa","7":"product_cat-badmobel-von-71-bis-100-cm-moderne-mobel","9":"first","10":"instock","11":"sale","12":"taxable","13":"shipping-taxable","14":"purchasable","15":"product-type-simple"},"exclude_global_add_ons":false,"addons":[{"name":"Farbe","type":"multiple_choice","position":0,"required":true,"title_format":"heading","default":"","description_enable":false,"description":"","placeholder_enable":false,"placeholder":"","display":"select","restrictions_type":"any_text","adjust_price":false,"price":"","price_type":"flat_fee","restrictions":false,"min":"0","max":"0","options":[{"label":"Helle Eiche","price":"","price_type":"quantity_based","image":0,"visibility":true},{"label":"Wenge","price":"","price_type":"quantity_based","image":0,"visibility":true}],"id":1717083033}],"yoast_head":"<!-- This site is optimized with the Yoast SEO plugin v26.7 - https:\/\/yoast.com\/wordpress\/plugins\/seo\/ -->\n<title>Moderne Badezimmerm\u00f6bel Prisma, in Eiche oder Weng\u00e8 pd sb<\/title>\n<meta name=\"description\" content=\"Modernes Badezimmer-Prisma-Modell mit S\u00e4ule, erh\u00e4ltlich in Eiche oder Weng\u00e8. Komplett mit 80x50cm Spiegel, Aufsatzwaschtisch und Holzregal.\" \/>\n<meta name=\"robots\" content=\"index, follow, max-snippet:-1, max-image-preview:large, max-video-preview:-1\" \/>\n<link rel=\"canonical\" href=\"https:\/\/www.bagnoitalia.com\/de\/produkt\/badezimmermobel-prism-80-ahorn-eiche-oder-dark-weng-mit-saule-angebot.html\" \/>\n<meta property=\"og:locale\" content=\"de_DE\" \/>\n<meta property=\"og:type\" content=\"article\" \/>\n<meta property=\"og:title\" content=\"Moderne Badezimmerm\u00f6bel Prisma, in Eiche oder Weng\u00e8 pd sb\" \/>\n<meta property=\"og:description\" content=\"Modernes Badezimmer-Prisma-Modell mit S\u00e4ule, erh\u00e4ltlich in Eiche oder Weng\u00e8. Komplett mit 80x50cm Spiegel, Aufsatzwaschtisch und Holzregal.\" \/>\n<meta property=\"og:url\" content=\"https:\/\/www.bagnoitalia.com\/de\/produkt\/badezimmermobel-prism-80-ahorn-eiche-oder-dark-weng-mit-saule-angebot.html\" \/>\n<meta property=\"og:site_name\" content=\"Bagno Italia\" \/>\n<meta property=\"article:modified_time\" content=\"2024-05-30T13:30:32+00:00\" \/>\n<meta property=\"og:image\" content=\"https:\/\/img.bagnoitalia.com\/wp-content\/uploads\/virtuemart\/product\/Bathroom-furniture-Prisma-80-1_1542380096_679.jpg\" \/>\n\t<meta property=\"og:image:width\" content=\"813\" \/>\n\t<meta property=\"og:image:height\" content=\"813\" \/>\n\t<meta property=\"og:image:type\" content=\"image\/jpeg\" \/>\n<meta name=\"twitter:card\" content=\"summary_large_image\" \/>\n<meta name=\"twitter:label1\" content=\"Gesch\u00e4tzte Lesezeit\" \/>\n\t<meta name=\"twitter:data1\" content=\"1\u00a0Minute\" \/>\n<script type=\"application\/ld+json\" class=\"yoast-schema-graph\">{\"@context\":\"https:\/\/schema.org\",\"@graph\":[{\"@type\":\"WebPage\",\"@id\":\"https:\/\/www.bagnoitalia.com\/de\/produkt\/badezimmermobel-prism-80-ahorn-eiche-oder-dark-weng-mit-saule-angebot.html\",\"url\":\"https:\/\/www.bagnoitalia.com\/de\/produkt\/badezimmermobel-prism-80-ahorn-eiche-oder-dark-weng-mit-saule-angebot.html\",\"name\":\"Moderne Badezimmerm\u00f6bel Prisma, in Eiche oder Weng\u00e8 pd sb\",\"isPartOf\":{\"@id\":\"https:\/\/www.bagnoitalia.com\/de#website\"},\"primaryImageOfPage\":{\"@id\":\"https:\/\/www.bagnoitalia.com\/de\/produkt\/badezimmermobel-prism-80-ahorn-eiche-oder-dark-weng-mit-saule-angebot.html#primaryimage\"},\"image\":{\"@id\":\"https:\/\/www.bagnoitalia.com\/de\/produkt\/badezimmermobel-prism-80-ahorn-eiche-oder-dark-weng-mit-saule-angebot.html#primaryimage\"},\"thumbnailUrl\":\"https:\/\/img.bagnoitalia.com\/wp-content\/uploads\/virtuemart\/product\/Bathroom-furniture-Prisma-80-1_1542380096_679.jpg\",\"datePublished\":\"2012-07-30T23:00:51+00:00\",\"dateModified\":\"2024-05-30T13:30:32+00:00\",\"description\":\"Modernes Badezimmer-Prisma-Modell mit S\u00e4ule, erh\u00e4ltlich in Eiche oder Weng\u00e8. Komplett mit 80x50cm Spiegel, Aufsatzwaschtisch und Holzregal.\",\"breadcrumb\":{\"@id\":\"https:\/\/www.bagnoitalia.com\/de\/produkt\/badezimmermobel-prism-80-ahorn-eiche-oder-dark-weng-mit-saule-angebot.html#breadcrumb\"},\"inLanguage\":\"de\",\"potentialAction\":[{\"@type\":\"ReadAction\",\"target\":[\"https:\/\/www.bagnoitalia.com\/de\/produkt\/badezimmermobel-prism-80-ahorn-eiche-oder-dark-weng-mit-saule-angebot.html\"]}]},{\"@type\":\"ImageObject\",\"inLanguage\":\"de\",\"@id\":\"https:\/\/www.bagnoitalia.com\/de\/produkt\/badezimmermobel-prism-80-ahorn-eiche-oder-dark-weng-mit-saule-angebot.html#primaryimage\",\"url\":\"https:\/\/img.bagnoitalia.com\/wp-content\/uploads\/virtuemart\/product\/Bathroom-furniture-Prisma-80-1_1542380096_679.jpg\",\"contentUrl\":\"https:\/\/img.bagnoitalia.com\/wp-content\/uploads\/virtuemart\/product\/Bathroom-furniture-Prisma-80-1_1542380096_679.jpg\",\"width\":813,\"height\":813},{\"@type\":\"BreadcrumbList\",\"@id\":\"https:\/\/www.bagnoitalia.com\/de\/produkt\/badezimmermobel-prism-80-ahorn-eiche-oder-dark-weng-mit-saule-angebot.html#breadcrumb\",\"itemListElement\":[{\"@type\":\"ListItem\",\"position\":1,\"name\":\"Home\",\"item\":\"https:\/\/www.bagnoitalia.com\/de\"},{\"@type\":\"ListItem\",\"position\":2,\"name\":\"Produkte\",\"item\":\"https:\/\/www.bagnoitalia.com\/de\/shop\"},{\"@type\":\"ListItem\",\"position\":3,\"name\":\"Prisma Badschrank, 80cm, in Ahorn, Eiche oder dunkler Weng\u00e8, mit Schranks\u00e4ule und Waschtisischmischer GESCHENKT\"}]},{\"@type\":\"WebSite\",\"@id\":\"https:\/\/www.bagnoitalia.com\/de#website\",\"url\":\"https:\/\/www.bagnoitalia.com\/de\",\"name\":\"Bagno Italia\",\"description\":\"\",\"publisher\":{\"@id\":\"https:\/\/www.bagnoitalia.com\/de#organization\"},\"potentialAction\":[{\"@type\":\"SearchAction\",\"target\":{\"@type\":\"EntryPoint\",\"urlTemplate\":\"https:\/\/www.bagnoitalia.com\/de?s={search_term_string}\"},\"query-input\":{\"@type\":\"PropertyValueSpecification\",\"valueRequired\":true,\"valueName\":\"search_term_string\"}}],\"inLanguage\":\"de\"},{\"@type\":\"Organization\",\"@id\":\"https:\/\/www.bagnoitalia.com\/de#organization\",\"name\":\"Bagno Italia\",\"url\":\"https:\/\/www.bagnoitalia.com\/de\",\"logo\":{\"@type\":\"ImageObject\",\"inLanguage\":\"de\",\"@id\":\"https:\/\/www.bagnoitalia.com\/de#\/schema\/logo\/image\/\",\"url\":\"https:\/\/img.bagnoitalia.com\/wp-content\/uploads\/logo-bagnoitalia.webp\",\"contentUrl\":\"https:\/\/img.bagnoitalia.com\/wp-content\/uploads\/logo-bagnoitalia.webp\",\"width\":400,\"height\":70,\"caption\":\"Bagno Italia\"},\"image\":{\"@id\":\"https:\/\/www.bagnoitalia.com\/de#\/schema\/logo\/image\/\"}}]}<\/script>\n<!-- \/ Yoast SEO plugin. -->","yoast_head_json":{"title":"Moderne Badezimmerm\u00f6bel Prisma, in Eiche oder Weng\u00e8 pd sb","description":"Modernes Badezimmer-Prisma-Modell mit S\u00e4ule, erh\u00e4ltlich in Eiche oder Weng\u00e8. Komplett mit 80x50cm Spiegel, Aufsatzwaschtisch und Holzregal.","robots":{"index":"index","follow":"follow","max-snippet":"max-snippet:-1","max-image-preview":"max-image-preview:large","max-video-preview":"max-video-preview:-1"},"canonical":"https:\/\/www.bagnoitalia.com\/de\/produkt\/badezimmermobel-prism-80-ahorn-eiche-oder-dark-weng-mit-saule-angebot.html","og_locale":"de_DE","og_type":"article","og_title":"Moderne Badezimmerm\u00f6bel Prisma, in Eiche oder Weng\u00e8 pd sb","og_description":"Modernes Badezimmer-Prisma-Modell mit S\u00e4ule, erh\u00e4ltlich in Eiche oder Weng\u00e8. Komplett mit 80x50cm Spiegel, Aufsatzwaschtisch und Holzregal.","og_url":"https:\/\/www.bagnoitalia.com\/de\/produkt\/badezimmermobel-prism-80-ahorn-eiche-oder-dark-weng-mit-saule-angebot.html","og_site_name":"Bagno Italia","article_modified_time":"2024-05-30T13:30:32+00:00","og_image":[{"width":813,"height":813,"url":"https:\/\/img.bagnoitalia.com\/wp-content\/uploads\/virtuemart\/product\/Bathroom-furniture-Prisma-80-1_1542380096_679.jpg","type":"image\/jpeg"}],"twitter_card":"summary_large_image","twitter_misc":{"Gesch\u00e4tzte Lesezeit":"1\u00a0Minute"},"schema":{"@context":"https:\/\/schema.org","@graph":[{"@type":"WebPage","@id":"https:\/\/www.bagnoitalia.com\/de\/produkt\/badezimmermobel-prism-80-ahorn-eiche-oder-dark-weng-mit-saule-angebot.html","url":"https:\/\/www.bagnoitalia.com\/de\/produkt\/badezimmermobel-prism-80-ahorn-eiche-oder-dark-weng-mit-saule-angebot.html","name":"Moderne Badezimmerm\u00f6bel Prisma, in Eiche oder Weng\u00e8 pd sb","isPartOf":{"@id":"https:\/\/www.bagnoitalia.com\/de#website"},"primaryImageOfPage":{"@id":"https:\/\/www.bagnoitalia.com\/de\/produkt\/badezimmermobel-prism-80-ahorn-eiche-oder-dark-weng-mit-saule-angebot.html#primaryimage"},"image":{"@id":"https:\/\/www.bagnoitalia.com\/de\/produkt\/badezimmermobel-prism-80-ahorn-eiche-oder-dark-weng-mit-saule-angebot.html#primaryimage"},"thumbnailUrl":"https:\/\/img.bagnoitalia.com\/wp-content\/uploads\/virtuemart\/product\/Bathroom-furniture-Prisma-80-1_1542380096_679.jpg","datePublished":"2012-07-30T23:00:51+00:00","dateModified":"2024-05-30T13:30:32+00:00","description":"Modernes Badezimmer-Prisma-Modell mit S\u00e4ule, erh\u00e4ltlich in Eiche oder Weng\u00e8. Komplett mit 80x50cm Spiegel, Aufsatzwaschtisch und Holzregal.","breadcrumb":{"@id":"https:\/\/www.bagnoitalia.com\/de\/produkt\/badezimmermobel-prism-80-ahorn-eiche-oder-dark-weng-mit-saule-angebot.html#breadcrumb"},"inLanguage":"de","potentialAction":[{"@type":"ReadAction","target":["https:\/\/www.bagnoitalia.com\/de\/produkt\/badezimmermobel-prism-80-ahorn-eiche-oder-dark-weng-mit-saule-angebot.html"]}]},{"@type":"ImageObject","inLanguage":"de","@id":"https:\/\/www.bagnoitalia.com\/de\/produkt\/badezimmermobel-prism-80-ahorn-eiche-oder-dark-weng-mit-saule-angebot.html#primaryimage","url":"https:\/\/img.bagnoitalia.com\/wp-content\/uploads\/virtuemart\/product\/Bathroom-furniture-Prisma-80-1_1542380096_679.jpg","contentUrl":"https:\/\/img.bagnoitalia.com\/wp-content\/uploads\/virtuemart\/product\/Bathroom-furniture-Prisma-80-1_1542380096_679.jpg","width":813,"height":813},{"@type":"BreadcrumbList","@id":"https:\/\/www.bagnoitalia.com\/de\/produkt\/badezimmermobel-prism-80-ahorn-eiche-oder-dark-weng-mit-saule-angebot.html#breadcrumb","itemListElement":[{"@type":"ListItem","position":1,"name":"Home","item":"https:\/\/www.bagnoitalia.com\/de"},{"@type":"ListItem","position":2,"name":"Produkte","item":"https:\/\/www.bagnoitalia.com\/de\/shop"},{"@type":"ListItem","position":3,"name":"Prisma Badschrank, 80cm, in Ahorn, Eiche oder dunkler Weng\u00e8, mit Schranks\u00e4ule und Waschtisischmischer GESCHENKT"}]},{"@type":"WebSite","@id":"https:\/\/www.bagnoitalia.com\/de#website","url":"https:\/\/www.bagnoitalia.com\/de","name":"Bagno Italia","description":"","publisher":{"@id":"https:\/\/www.bagnoitalia.com\/de#organization"},"potentialAction":[{"@type":"SearchAction","target":{"@type":"EntryPoint","urlTemplate":"https:\/\/www.bagnoitalia.com\/de?s={search_term_string}"},"query-input":{"@type":"PropertyValueSpecification","valueRequired":true,"valueName":"search_term_string"}}],"inLanguage":"de"},{"@type":"Organization","@id":"https:\/\/www.bagnoitalia.com\/de#organization","name":"Bagno Italia","url":"https:\/\/www.bagnoitalia.com\/de","logo":{"@type":"ImageObject","inLanguage":"de","@id":"https:\/\/www.bagnoitalia.com\/de#\/schema\/logo\/image\/","url":"https:\/\/img.bagnoitalia.com\/wp-content\/uploads\/logo-bagnoitalia.webp","contentUrl":"https:\/\/img.bagnoitalia.com\/wp-content\/uploads\/logo-bagnoitalia.webp","width":400,"height":70,"caption":"Bagno Italia"},"image":{"@id":"https:\/\/www.bagnoitalia.com\/de#\/schema\/logo\/image\/"}}]}},"_links":{"self":[{"href":"https:\/\/www.bagnoitalia.com\/de\/wp-json\/wp\/v2\/product\/77807","targetHints":{"allow":["GET"]}}],"collection":[{"href":"https:\/\/www.bagnoitalia.com\/de\/wp-json\/wp\/v2\/product"}],"about":[{"href":"https:\/\/www.bagnoitalia.com\/de\/wp-json\/wp\/v2\/types\/product"}],"replies":[{"embeddable":true,"href":"https:\/\/www.bagnoitalia.com\/de\/wp-json\/wp\/v2\/comments?post=77807"}],"version-history":[{"count":1,"href":"https:\/\/www.bagnoitalia.com\/de\/wp-json\/wp\/v2\/product\/77807\/revisions"}],"predecessor-version":[{"id":89019,"href":"https:\/\/www.bagnoitalia.com\/de\/wp-json\/wp\/v2\/product\/77807\/revisions\/89019"}],"wp:featuredmedia":[{"embeddable":true,"href":"https:\/\/www.bagnoitalia.com\/de\/wp-json\/wp\/v2\/media\/14894"}],"wp:attachment":[{"href":"https:\/\/www.bagnoitalia.com\/de\/wp-json\/wp\/v2\/media?parent=77807"}],"wp:term":[{"taxonomy":"product_brand","embeddable":true,"href":"https:\/\/www.bagnoitalia.com\/de\/wp-json\/wp\/v2\/product_brand?post=77807"},{"taxonomy":"product_cat","embeddable":true,"href":"https:\/\/www.bagnoitalia.com\/de\/wp-json\/wp\/v2\/product_cat?post=77807"},{"taxonomy":"product_tag","embeddable":true,"href":"https:\/\/www.bagnoitalia.com\/de\/wp-json\/wp\/v2\/product_tag?post=77807"}],"curies":[{"name":"wp","href":"https:\/\/api.w.org\/{rel}","templated":true}]}}