{"id":77771,"date":"2012-07-24T19:08:41","date_gmt":"2012-07-24T17:08:41","guid":{"rendered":"https:\/\/www.bagnoitalia.com\/product\/saule-45x170hx38-in-larche-weis-naturgrau-taupe-weicheiche"},"modified":"2024-09-20T16:19:27","modified_gmt":"2024-09-20T14:19:27","slug":"saule-45x170hx38-in-larche-weis-naturgrau-taupe-weicheiche","status":"publish","type":"product","link":"https:\/\/www.bagnoitalia.com\/de\/produkt\/saule-45x170hx38-in-larche-weis-naturgrau-taupe-weicheiche.html","title":{"rendered":"Schranks\u00e4ule, 45x170x38cm, in wei\u00df, L\u00e4rche, grau, taubengrau, Eiche BM011"},"content":{"rendered":"<p><strong>Material:<\/strong><\/p>\n<p>Struktur: MDF (Mediodensit), lackiert<\/p>\n<p>Schrankt\u00fcr: MDF (mediodensit)<\/p>\n<p>Scharniere: Metall<\/p>\n<p>&nbsp;<\/p>\n<p>Farbe: L\u00e4rche, wei\u00df gl\u00e4nzend, grau, metallblau<\/p>\n<p>&nbsp;<\/p>\n<p>Die Schrankt\u00fcr ist reversibel (die Richtung der T\u00fcr\u00f6ffnung muss daher nicht angegeben werden).<\/p>\n<p>Die Schranks\u00e4ule mit 38cm Tiefe kann auch als Schuhschrank fungieren.<\/p>\n<p>Wandbefestigunsg-Kit inklusive.<\/p>\n","protected":false},"excerpt":{"rendered":"<p>Die Schranks\u00e4ule ist 45x170x38cm gro\u00df und erh\u00e4ltlich in den Farben L\u00e4rche, wei\u00df gl\u00e4nzend, grau, metallblau, rot, Cappuccino und schwarz gl\u00e4nzend.<\/p>\n","protected":false},"featured_media":14638,"comment_status":"open","ping_status":"closed","template":"","meta":[],"product_brand":[5011],"product_cat":[9668],"product_tag":[],"class_list":{"0":"post-77771","1":"product","2":"type-product","3":"status-publish","4":"has-post-thumbnail","6":"product_brand-baden-haus","7":"product_cat-erganzende-mobel","9":"first","10":"instock","11":"sale","12":"taxable","13":"shipping-taxable","14":"purchasable","15":"product-type-simple"},"exclude_global_add_ons":false,"addons":[{"name":"Spalte","type":"multiple_choice","position":0,"required":true,"title_format":"heading","default":"","description_enable":false,"description":"","placeholder_enable":false,"placeholder":"","display":"select","restrictions_type":"any_text","adjust_price":false,"price":"","price_type":"flat_fee","restrictions":false,"min":"0","max":"0","options":[{"label":"Gl\u00e4nzend wei\u00df","price":"","price_type":"quantity_based","image":0,"visibility":true},{"label":"schwarz gl\u00e4nzend","price":"","price_type":"quantity_based","image":0,"visibility":true},{"label":"naturgrau","price":"","price_type":"quantity_based","image":0,"visibility":true},{"label":"Taupe grau","price":"","price_type":"quantity_based","image":0,"visibility":true},{"label":"Gl\u00e4nzend rot","price":"","price_type":"quantity_based","image":0,"visibility":true},{"label":"Esche wei\u00df","price":"","price_type":"quantity_based","image":0,"visibility":true},{"label":"Eiche weich","price":"","price_type":"quantity_based","image":0,"visibility":true},{"label":"L\u00e4rche","price":"","price_type":"quantity_based","image":0,"visibility":true}],"id":1716217853}],"yoast_head":"<!-- This site is optimized with the Yoast SEO plugin v26.7 - https:\/\/yoast.com\/wordpress\/plugins\/seo\/ -->\n<title>S\u00e4ule 45x170hx38 in vielen Farben bh<\/title>\n<meta name=\"description\" content=\"S\u00e4ule - Modernes Zubeh\u00f6r in verschiedenen Farben, von wei\u00df bis blau, Abmessungen 45x170hx38cm. Metallgriffe und Scharniere.\" \/>\n<meta name=\"robots\" content=\"index, follow, max-snippet:-1, max-image-preview:large, max-video-preview:-1\" \/>\n<link rel=\"canonical\" href=\"https:\/\/www.bagnoitalia.com\/de\/produkt\/saule-45x170hx38-in-larche-weis-naturgrau-taupe-weicheiche.html\" \/>\n<meta property=\"og:locale\" content=\"de_DE\" \/>\n<meta property=\"og:type\" content=\"article\" \/>\n<meta property=\"og:title\" content=\"S\u00e4ule 45x170hx38 in vielen Farben bh\" \/>\n<meta property=\"og:description\" content=\"S\u00e4ule - Modernes Zubeh\u00f6r in verschiedenen Farben, von wei\u00df bis blau, Abmessungen 45x170hx38cm. Metallgriffe und Scharniere.\" \/>\n<meta property=\"og:url\" content=\"https:\/\/www.bagnoitalia.com\/de\/produkt\/saule-45x170hx38-in-larche-weis-naturgrau-taupe-weicheiche.html\" \/>\n<meta property=\"og:site_name\" content=\"Bagno Italia\" \/>\n<meta property=\"article:modified_time\" content=\"2024-09-20T14:19:27+00:00\" \/>\n<meta property=\"og:image\" content=\"https:\/\/img.bagnoitalia.com\/wp-content\/uploads\/virtuemart\/product\/column-cabinet-cm-45-170h-38-1_1544537584_847.jpg\" \/>\n\t<meta property=\"og:image:width\" content=\"786\" \/>\n\t<meta property=\"og:image:height\" content=\"980\" \/>\n\t<meta property=\"og:image:type\" content=\"image\/jpeg\" \/>\n<meta name=\"twitter:card\" content=\"summary_large_image\" \/>\n<meta name=\"twitter:label1\" content=\"Gesch\u00e4tzte Lesezeit\" \/>\n\t<meta name=\"twitter:data1\" content=\"1\u00a0Minute\" \/>\n<script type=\"application\/ld+json\" class=\"yoast-schema-graph\">{\"@context\":\"https:\/\/schema.org\",\"@graph\":[{\"@type\":\"WebPage\",\"@id\":\"https:\/\/www.bagnoitalia.com\/de\/produkt\/saule-45x170hx38-in-larche-weis-naturgrau-taupe-weicheiche.html\",\"url\":\"https:\/\/www.bagnoitalia.com\/de\/produkt\/saule-45x170hx38-in-larche-weis-naturgrau-taupe-weicheiche.html\",\"name\":\"S\u00e4ule 45x170hx38 in vielen Farben bh\",\"isPartOf\":{\"@id\":\"https:\/\/www.bagnoitalia.com\/de#website\"},\"primaryImageOfPage\":{\"@id\":\"https:\/\/www.bagnoitalia.com\/de\/produkt\/saule-45x170hx38-in-larche-weis-naturgrau-taupe-weicheiche.html#primaryimage\"},\"image\":{\"@id\":\"https:\/\/www.bagnoitalia.com\/de\/produkt\/saule-45x170hx38-in-larche-weis-naturgrau-taupe-weicheiche.html#primaryimage\"},\"thumbnailUrl\":\"https:\/\/img.bagnoitalia.com\/wp-content\/uploads\/virtuemart\/product\/column-cabinet-cm-45-170h-38-1_1544537584_847.jpg\",\"datePublished\":\"2012-07-24T17:08:41+00:00\",\"dateModified\":\"2024-09-20T14:19:27+00:00\",\"description\":\"S\u00e4ule - Modernes Zubeh\u00f6r in verschiedenen Farben, von wei\u00df bis blau, Abmessungen 45x170hx38cm. Metallgriffe und Scharniere.\",\"breadcrumb\":{\"@id\":\"https:\/\/www.bagnoitalia.com\/de\/produkt\/saule-45x170hx38-in-larche-weis-naturgrau-taupe-weicheiche.html#breadcrumb\"},\"inLanguage\":\"de\",\"potentialAction\":[{\"@type\":\"ReadAction\",\"target\":[\"https:\/\/www.bagnoitalia.com\/de\/produkt\/saule-45x170hx38-in-larche-weis-naturgrau-taupe-weicheiche.html\"]}]},{\"@type\":\"ImageObject\",\"inLanguage\":\"de\",\"@id\":\"https:\/\/www.bagnoitalia.com\/de\/produkt\/saule-45x170hx38-in-larche-weis-naturgrau-taupe-weicheiche.html#primaryimage\",\"url\":\"https:\/\/img.bagnoitalia.com\/wp-content\/uploads\/virtuemart\/product\/column-cabinet-cm-45-170h-38-1_1544537584_847.jpg\",\"contentUrl\":\"https:\/\/img.bagnoitalia.com\/wp-content\/uploads\/virtuemart\/product\/column-cabinet-cm-45-170h-38-1_1544537584_847.jpg\",\"width\":786,\"height\":980},{\"@type\":\"BreadcrumbList\",\"@id\":\"https:\/\/www.bagnoitalia.com\/de\/produkt\/saule-45x170hx38-in-larche-weis-naturgrau-taupe-weicheiche.html#breadcrumb\",\"itemListElement\":[{\"@type\":\"ListItem\",\"position\":1,\"name\":\"Home\",\"item\":\"https:\/\/www.bagnoitalia.com\/de\"},{\"@type\":\"ListItem\",\"position\":2,\"name\":\"Produkte\",\"item\":\"https:\/\/www.bagnoitalia.com\/de\/shop\"},{\"@type\":\"ListItem\",\"position\":3,\"name\":\"Schranks\u00e4ule, 45x170x38cm, in wei\u00df, L\u00e4rche, grau, taubengrau, Eiche BM011\"}]},{\"@type\":\"WebSite\",\"@id\":\"https:\/\/www.bagnoitalia.com\/de#website\",\"url\":\"https:\/\/www.bagnoitalia.com\/de\",\"name\":\"Bagno Italia\",\"description\":\"\",\"publisher\":{\"@id\":\"https:\/\/www.bagnoitalia.com\/de#organization\"},\"potentialAction\":[{\"@type\":\"SearchAction\",\"target\":{\"@type\":\"EntryPoint\",\"urlTemplate\":\"https:\/\/www.bagnoitalia.com\/de?s={search_term_string}\"},\"query-input\":{\"@type\":\"PropertyValueSpecification\",\"valueRequired\":true,\"valueName\":\"search_term_string\"}}],\"inLanguage\":\"de\"},{\"@type\":\"Organization\",\"@id\":\"https:\/\/www.bagnoitalia.com\/de#organization\",\"name\":\"Bagno Italia\",\"url\":\"https:\/\/www.bagnoitalia.com\/de\",\"logo\":{\"@type\":\"ImageObject\",\"inLanguage\":\"de\",\"@id\":\"https:\/\/www.bagnoitalia.com\/de#\/schema\/logo\/image\/\",\"url\":\"https:\/\/img.bagnoitalia.com\/wp-content\/uploads\/logo-bagnoitalia.webp\",\"contentUrl\":\"https:\/\/img.bagnoitalia.com\/wp-content\/uploads\/logo-bagnoitalia.webp\",\"width\":400,\"height\":70,\"caption\":\"Bagno Italia\"},\"image\":{\"@id\":\"https:\/\/www.bagnoitalia.com\/de#\/schema\/logo\/image\/\"}}]}<\/script>\n<!-- \/ Yoast SEO plugin. -->","yoast_head_json":{"title":"S\u00e4ule 45x170hx38 in vielen Farben bh","description":"S\u00e4ule - Modernes Zubeh\u00f6r in verschiedenen Farben, von wei\u00df bis blau, Abmessungen 45x170hx38cm. Metallgriffe und Scharniere.","robots":{"index":"index","follow":"follow","max-snippet":"max-snippet:-1","max-image-preview":"max-image-preview:large","max-video-preview":"max-video-preview:-1"},"canonical":"https:\/\/www.bagnoitalia.com\/de\/produkt\/saule-45x170hx38-in-larche-weis-naturgrau-taupe-weicheiche.html","og_locale":"de_DE","og_type":"article","og_title":"S\u00e4ule 45x170hx38 in vielen Farben bh","og_description":"S\u00e4ule - Modernes Zubeh\u00f6r in verschiedenen Farben, von wei\u00df bis blau, Abmessungen 45x170hx38cm. Metallgriffe und Scharniere.","og_url":"https:\/\/www.bagnoitalia.com\/de\/produkt\/saule-45x170hx38-in-larche-weis-naturgrau-taupe-weicheiche.html","og_site_name":"Bagno Italia","article_modified_time":"2024-09-20T14:19:27+00:00","og_image":[{"width":786,"height":980,"url":"https:\/\/img.bagnoitalia.com\/wp-content\/uploads\/virtuemart\/product\/column-cabinet-cm-45-170h-38-1_1544537584_847.jpg","type":"image\/jpeg"}],"twitter_card":"summary_large_image","twitter_misc":{"Gesch\u00e4tzte Lesezeit":"1\u00a0Minute"},"schema":{"@context":"https:\/\/schema.org","@graph":[{"@type":"WebPage","@id":"https:\/\/www.bagnoitalia.com\/de\/produkt\/saule-45x170hx38-in-larche-weis-naturgrau-taupe-weicheiche.html","url":"https:\/\/www.bagnoitalia.com\/de\/produkt\/saule-45x170hx38-in-larche-weis-naturgrau-taupe-weicheiche.html","name":"S\u00e4ule 45x170hx38 in vielen Farben bh","isPartOf":{"@id":"https:\/\/www.bagnoitalia.com\/de#website"},"primaryImageOfPage":{"@id":"https:\/\/www.bagnoitalia.com\/de\/produkt\/saule-45x170hx38-in-larche-weis-naturgrau-taupe-weicheiche.html#primaryimage"},"image":{"@id":"https:\/\/www.bagnoitalia.com\/de\/produkt\/saule-45x170hx38-in-larche-weis-naturgrau-taupe-weicheiche.html#primaryimage"},"thumbnailUrl":"https:\/\/img.bagnoitalia.com\/wp-content\/uploads\/virtuemart\/product\/column-cabinet-cm-45-170h-38-1_1544537584_847.jpg","datePublished":"2012-07-24T17:08:41+00:00","dateModified":"2024-09-20T14:19:27+00:00","description":"S\u00e4ule - Modernes Zubeh\u00f6r in verschiedenen Farben, von wei\u00df bis blau, Abmessungen 45x170hx38cm. Metallgriffe und Scharniere.","breadcrumb":{"@id":"https:\/\/www.bagnoitalia.com\/de\/produkt\/saule-45x170hx38-in-larche-weis-naturgrau-taupe-weicheiche.html#breadcrumb"},"inLanguage":"de","potentialAction":[{"@type":"ReadAction","target":["https:\/\/www.bagnoitalia.com\/de\/produkt\/saule-45x170hx38-in-larche-weis-naturgrau-taupe-weicheiche.html"]}]},{"@type":"ImageObject","inLanguage":"de","@id":"https:\/\/www.bagnoitalia.com\/de\/produkt\/saule-45x170hx38-in-larche-weis-naturgrau-taupe-weicheiche.html#primaryimage","url":"https:\/\/img.bagnoitalia.com\/wp-content\/uploads\/virtuemart\/product\/column-cabinet-cm-45-170h-38-1_1544537584_847.jpg","contentUrl":"https:\/\/img.bagnoitalia.com\/wp-content\/uploads\/virtuemart\/product\/column-cabinet-cm-45-170h-38-1_1544537584_847.jpg","width":786,"height":980},{"@type":"BreadcrumbList","@id":"https:\/\/www.bagnoitalia.com\/de\/produkt\/saule-45x170hx38-in-larche-weis-naturgrau-taupe-weicheiche.html#breadcrumb","itemListElement":[{"@type":"ListItem","position":1,"name":"Home","item":"https:\/\/www.bagnoitalia.com\/de"},{"@type":"ListItem","position":2,"name":"Produkte","item":"https:\/\/www.bagnoitalia.com\/de\/shop"},{"@type":"ListItem","position":3,"name":"Schranks\u00e4ule, 45x170x38cm, in wei\u00df, L\u00e4rche, grau, taubengrau, Eiche BM011"}]},{"@type":"WebSite","@id":"https:\/\/www.bagnoitalia.com\/de#website","url":"https:\/\/www.bagnoitalia.com\/de","name":"Bagno Italia","description":"","publisher":{"@id":"https:\/\/www.bagnoitalia.com\/de#organization"},"potentialAction":[{"@type":"SearchAction","target":{"@type":"EntryPoint","urlTemplate":"https:\/\/www.bagnoitalia.com\/de?s={search_term_string}"},"query-input":{"@type":"PropertyValueSpecification","valueRequired":true,"valueName":"search_term_string"}}],"inLanguage":"de"},{"@type":"Organization","@id":"https:\/\/www.bagnoitalia.com\/de#organization","name":"Bagno Italia","url":"https:\/\/www.bagnoitalia.com\/de","logo":{"@type":"ImageObject","inLanguage":"de","@id":"https:\/\/www.bagnoitalia.com\/de#\/schema\/logo\/image\/","url":"https:\/\/img.bagnoitalia.com\/wp-content\/uploads\/logo-bagnoitalia.webp","contentUrl":"https:\/\/img.bagnoitalia.com\/wp-content\/uploads\/logo-bagnoitalia.webp","width":400,"height":70,"caption":"Bagno Italia"},"image":{"@id":"https:\/\/www.bagnoitalia.com\/de#\/schema\/logo\/image\/"}}]}},"_links":{"self":[{"href":"https:\/\/www.bagnoitalia.com\/de\/wp-json\/wp\/v2\/product\/77771","targetHints":{"allow":["GET"]}}],"collection":[{"href":"https:\/\/www.bagnoitalia.com\/de\/wp-json\/wp\/v2\/product"}],"about":[{"href":"https:\/\/www.bagnoitalia.com\/de\/wp-json\/wp\/v2\/types\/product"}],"replies":[{"embeddable":true,"href":"https:\/\/www.bagnoitalia.com\/de\/wp-json\/wp\/v2\/comments?post=77771"}],"version-history":[{"count":3,"href":"https:\/\/www.bagnoitalia.com\/de\/wp-json\/wp\/v2\/product\/77771\/revisions"}],"predecessor-version":[{"id":92124,"href":"https:\/\/www.bagnoitalia.com\/de\/wp-json\/wp\/v2\/product\/77771\/revisions\/92124"}],"wp:featuredmedia":[{"embeddable":true,"href":"https:\/\/www.bagnoitalia.com\/de\/wp-json\/wp\/v2\/media\/14638"}],"wp:attachment":[{"href":"https:\/\/www.bagnoitalia.com\/de\/wp-json\/wp\/v2\/media?parent=77771"}],"wp:term":[{"taxonomy":"product_brand","embeddable":true,"href":"https:\/\/www.bagnoitalia.com\/de\/wp-json\/wp\/v2\/product_brand?post=77771"},{"taxonomy":"product_cat","embeddable":true,"href":"https:\/\/www.bagnoitalia.com\/de\/wp-json\/wp\/v2\/product_cat?post=77771"},{"taxonomy":"product_tag","embeddable":true,"href":"https:\/\/www.bagnoitalia.com\/de\/wp-json\/wp\/v2\/product_tag?post=77771"}],"curies":[{"name":"wp","href":"https:\/\/api.w.org\/{rel}","templated":true}]}}