{"id":77751,"date":"2012-06-13T06:08:57","date_gmt":"2012-06-13T04:08:57","guid":{"rendered":"https:\/\/www.bagnoitalia.com\/product\/badmobel-topazio3-100-weiser-waschtischstander-angebot"},"modified":"2025-02-28T14:59:13","modified_gmt":"2025-02-28T13:59:13","slug":"badmobel-topazio3-100-weiser-waschtischstander-angebot","status":"publish","type":"product","link":"https:\/\/www.bagnoitalia.com\/de\/produkt\/badmobel-topazio3-100-weiser-waschtischstander-angebot.html","title":{"rendered":"Topazio3 Badschrank, 100cm, in wei\u00df, mit Aufsatzwaschbecken, ANGEBOT"},"content":{"rendered":"<p style=\"text-align: justify;\"><strong>Der Preis beinhaltet:<\/strong>&nbsp;<\/p>\n<p style=\"text-align: justify;\">1 Unterwaschbecken mit T\u00fcren: 100cm<\/p>\n<p style=\"text-align: justify;\">1 Spiegel: 50x90cm<\/p>\n<p style=\"text-align: justify;\">1 Aufsatzwaschbecken aus Keramik<\/p>\n<p>1 Waschtischmischer<\/p>\n<p style=\"text-align: justify;\">&nbsp;<\/p>\n<p style=\"text-align: justify;\"><strong><span style=\"color: #ff0000;\">ACHTUNG:<\/span> Kontaktieren Sie uns vor dem Kauf wegen der gew\u00fcnschten Farbe!<\/strong><\/p>\n<p style=\"text-align: justify;\"><strong>Material<\/strong>: <\/p>\n<p>Unterwaschbeckenschrank: MDF-Struktur (Mediosensit) in dunkelgrauem Wenge <\/p>\n<p>Schrankt\u00fcren: MDF (Mediodensit), lackiert<\/p>\n<p> Griffe: Chrom, gl\u00e4nzend<\/p>\n<p> Waschbecken: Keramik<\/p>\n<p style=\"text-align: justify;\">&nbsp;<\/p>\n<p style=\"text-align: justify;\"><span style=\"color: #ff0000;\"><strong>Achtung:<\/strong><\/span> Der Preis beinhaltet alle M\u00f6bel, so wie Sie sie im Foto sehen k\u00f6nnen (einschlie\u00dflich Wachtischmischer). Eine Bestellung einzelner M\u00f6belst\u00fccke ist nicht m\u00f6glich.<\/p>\n<p style=\"text-align: justify;\">&nbsp;<\/p>\n","protected":false},"excerpt":{"rendered":"<p>Der Topaz Badschrank ist 100cm gro\u00df, wei\u00df und ist mit einem Aufsatzwaschbecken best\u00fcckt. DER PREIS BEINHALTET DEN WASCHITISCHMISCHER!<\/p>\n","protected":false},"featured_media":14502,"comment_status":"open","ping_status":"closed","template":"","meta":[],"product_brand":[5021],"product_cat":[10116],"product_tag":[],"class_list":{"0":"post-77751","1":"product","2":"type-product","3":"status-publish","4":"has-post-thumbnail","6":"product_brand-predator-arredo-casa","7":"product_cat-senza-categoria-de","9":"first","10":"outofstock","11":"taxable","12":"shipping-taxable","13":"purchasable","14":"product-type-simple"},"exclude_global_add_ons":false,"addons":[{"name":"CAMPI_MOBILE_COMPLETO\r\n","type":"multiple_choice","position":0,"required":true,"title_format":"heading","default":"","description_enable":false,"description":"","placeholder_enable":false,"placeholder":"","display":"select","restrictions_type":"any_text","adjust_price":false,"price":"","price_type":"","restrictions":false,"min":"0","max":"0","options":[{"label":"with white half-moon shaped doors","price":0,"price_type":"quantity_based","image":0,"visibility":true}]}],"yoast_head":"<!-- This site is optimized with the Yoast SEO plugin v26.7 - https:\/\/yoast.com\/wordpress\/plugins\/seo\/ -->\n<title>Topazio3 100 badm\u00f6bel mit aufsatzwaschbecken pd<\/title>\n<meta name=\"description\" content=\"Topazio3 100 cm wei\u00dfe Badm\u00f6bel mit wei\u00dfem Waschbecken mit ANGEBOT zur Unterst\u00fctzung\" \/>\n<meta name=\"robots\" content=\"index, follow, max-snippet:-1, max-image-preview:large, max-video-preview:-1\" \/>\n<link rel=\"canonical\" href=\"https:\/\/www.bagnoitalia.com\/de\/produkt\/badmobel-topazio3-100-weiser-waschtischstander-angebot.html\" \/>\n<meta property=\"og:locale\" content=\"de_DE\" \/>\n<meta property=\"og:type\" content=\"article\" \/>\n<meta property=\"og:title\" content=\"Topazio3 100 badm\u00f6bel mit aufsatzwaschbecken pd\" \/>\n<meta property=\"og:description\" content=\"Topazio3 100 cm wei\u00dfe Badm\u00f6bel mit wei\u00dfem Waschbecken mit ANGEBOT zur Unterst\u00fctzung\" \/>\n<meta property=\"og:url\" content=\"https:\/\/www.bagnoitalia.com\/de\/produkt\/badmobel-topazio3-100-weiser-waschtischstander-angebot.html\" \/>\n<meta property=\"og:site_name\" content=\"Bagno Italia\" \/>\n<meta property=\"article:modified_time\" content=\"2025-02-28T13:59:13+00:00\" \/>\n<meta property=\"og:image\" content=\"https:\/\/img.bagnoitalia.com\/wp-content\/uploads\/virtuemart\/product\/bathroom-furniture-topazio3.jpg\" \/>\n\t<meta property=\"og:image:width\" content=\"550\" \/>\n\t<meta property=\"og:image:height\" content=\"550\" \/>\n\t<meta property=\"og:image:type\" content=\"image\/jpeg\" \/>\n<meta name=\"twitter:card\" content=\"summary_large_image\" \/>\n<script type=\"application\/ld+json\" class=\"yoast-schema-graph\">{\"@context\":\"https:\/\/schema.org\",\"@graph\":[{\"@type\":\"WebPage\",\"@id\":\"https:\/\/www.bagnoitalia.com\/de\/produkt\/badmobel-topazio3-100-weiser-waschtischstander-angebot.html\",\"url\":\"https:\/\/www.bagnoitalia.com\/de\/produkt\/badmobel-topazio3-100-weiser-waschtischstander-angebot.html\",\"name\":\"Topazio3 100 badm\u00f6bel mit aufsatzwaschbecken pd\",\"isPartOf\":{\"@id\":\"https:\/\/www.bagnoitalia.com\/de#website\"},\"primaryImageOfPage\":{\"@id\":\"https:\/\/www.bagnoitalia.com\/de\/produkt\/badmobel-topazio3-100-weiser-waschtischstander-angebot.html#primaryimage\"},\"image\":{\"@id\":\"https:\/\/www.bagnoitalia.com\/de\/produkt\/badmobel-topazio3-100-weiser-waschtischstander-angebot.html#primaryimage\"},\"thumbnailUrl\":\"https:\/\/img.bagnoitalia.com\/wp-content\/uploads\/virtuemart\/product\/bathroom-furniture-topazio3.jpg\",\"datePublished\":\"2012-06-13T04:08:57+00:00\",\"dateModified\":\"2025-02-28T13:59:13+00:00\",\"description\":\"Topazio3 100 cm wei\u00dfe Badm\u00f6bel mit wei\u00dfem Waschbecken mit ANGEBOT zur Unterst\u00fctzung\",\"breadcrumb\":{\"@id\":\"https:\/\/www.bagnoitalia.com\/de\/produkt\/badmobel-topazio3-100-weiser-waschtischstander-angebot.html#breadcrumb\"},\"inLanguage\":\"de\",\"potentialAction\":[{\"@type\":\"ReadAction\",\"target\":[\"https:\/\/www.bagnoitalia.com\/de\/produkt\/badmobel-topazio3-100-weiser-waschtischstander-angebot.html\"]}]},{\"@type\":\"ImageObject\",\"inLanguage\":\"de\",\"@id\":\"https:\/\/www.bagnoitalia.com\/de\/produkt\/badmobel-topazio3-100-weiser-waschtischstander-angebot.html#primaryimage\",\"url\":\"https:\/\/img.bagnoitalia.com\/wp-content\/uploads\/virtuemart\/product\/bathroom-furniture-topazio3.jpg\",\"contentUrl\":\"https:\/\/img.bagnoitalia.com\/wp-content\/uploads\/virtuemart\/product\/bathroom-furniture-topazio3.jpg\",\"width\":550,\"height\":550},{\"@type\":\"BreadcrumbList\",\"@id\":\"https:\/\/www.bagnoitalia.com\/de\/produkt\/badmobel-topazio3-100-weiser-waschtischstander-angebot.html#breadcrumb\",\"itemListElement\":[{\"@type\":\"ListItem\",\"position\":1,\"name\":\"Home\",\"item\":\"https:\/\/www.bagnoitalia.com\/de\"},{\"@type\":\"ListItem\",\"position\":2,\"name\":\"Produkte\",\"item\":\"https:\/\/www.bagnoitalia.com\/de\/shop\"},{\"@type\":\"ListItem\",\"position\":3,\"name\":\"Topazio3 Badschrank, 100cm, in wei\u00df, mit Aufsatzwaschbecken, ANGEBOT\"}]},{\"@type\":\"WebSite\",\"@id\":\"https:\/\/www.bagnoitalia.com\/de#website\",\"url\":\"https:\/\/www.bagnoitalia.com\/de\",\"name\":\"Bagno Italia\",\"description\":\"\",\"publisher\":{\"@id\":\"https:\/\/www.bagnoitalia.com\/de#organization\"},\"potentialAction\":[{\"@type\":\"SearchAction\",\"target\":{\"@type\":\"EntryPoint\",\"urlTemplate\":\"https:\/\/www.bagnoitalia.com\/de?s={search_term_string}\"},\"query-input\":{\"@type\":\"PropertyValueSpecification\",\"valueRequired\":true,\"valueName\":\"search_term_string\"}}],\"inLanguage\":\"de\"},{\"@type\":\"Organization\",\"@id\":\"https:\/\/www.bagnoitalia.com\/de#organization\",\"name\":\"Bagno Italia\",\"url\":\"https:\/\/www.bagnoitalia.com\/de\",\"logo\":{\"@type\":\"ImageObject\",\"inLanguage\":\"de\",\"@id\":\"https:\/\/www.bagnoitalia.com\/de#\/schema\/logo\/image\/\",\"url\":\"https:\/\/img.bagnoitalia.com\/wp-content\/uploads\/logo-bagnoitalia.webp\",\"contentUrl\":\"https:\/\/img.bagnoitalia.com\/wp-content\/uploads\/logo-bagnoitalia.webp\",\"width\":400,\"height\":70,\"caption\":\"Bagno Italia\"},\"image\":{\"@id\":\"https:\/\/www.bagnoitalia.com\/de#\/schema\/logo\/image\/\"}}]}<\/script>\n<!-- \/ Yoast SEO plugin. -->","yoast_head_json":{"title":"Topazio3 100 badm\u00f6bel mit aufsatzwaschbecken pd","description":"Topazio3 100 cm wei\u00dfe Badm\u00f6bel mit wei\u00dfem Waschbecken mit ANGEBOT zur Unterst\u00fctzung","robots":{"index":"index","follow":"follow","max-snippet":"max-snippet:-1","max-image-preview":"max-image-preview:large","max-video-preview":"max-video-preview:-1"},"canonical":"https:\/\/www.bagnoitalia.com\/de\/produkt\/badmobel-topazio3-100-weiser-waschtischstander-angebot.html","og_locale":"de_DE","og_type":"article","og_title":"Topazio3 100 badm\u00f6bel mit aufsatzwaschbecken pd","og_description":"Topazio3 100 cm wei\u00dfe Badm\u00f6bel mit wei\u00dfem Waschbecken mit ANGEBOT zur Unterst\u00fctzung","og_url":"https:\/\/www.bagnoitalia.com\/de\/produkt\/badmobel-topazio3-100-weiser-waschtischstander-angebot.html","og_site_name":"Bagno Italia","article_modified_time":"2025-02-28T13:59:13+00:00","og_image":[{"width":550,"height":550,"url":"https:\/\/img.bagnoitalia.com\/wp-content\/uploads\/virtuemart\/product\/bathroom-furniture-topazio3.jpg","type":"image\/jpeg"}],"twitter_card":"summary_large_image","schema":{"@context":"https:\/\/schema.org","@graph":[{"@type":"WebPage","@id":"https:\/\/www.bagnoitalia.com\/de\/produkt\/badmobel-topazio3-100-weiser-waschtischstander-angebot.html","url":"https:\/\/www.bagnoitalia.com\/de\/produkt\/badmobel-topazio3-100-weiser-waschtischstander-angebot.html","name":"Topazio3 100 badm\u00f6bel mit aufsatzwaschbecken pd","isPartOf":{"@id":"https:\/\/www.bagnoitalia.com\/de#website"},"primaryImageOfPage":{"@id":"https:\/\/www.bagnoitalia.com\/de\/produkt\/badmobel-topazio3-100-weiser-waschtischstander-angebot.html#primaryimage"},"image":{"@id":"https:\/\/www.bagnoitalia.com\/de\/produkt\/badmobel-topazio3-100-weiser-waschtischstander-angebot.html#primaryimage"},"thumbnailUrl":"https:\/\/img.bagnoitalia.com\/wp-content\/uploads\/virtuemart\/product\/bathroom-furniture-topazio3.jpg","datePublished":"2012-06-13T04:08:57+00:00","dateModified":"2025-02-28T13:59:13+00:00","description":"Topazio3 100 cm wei\u00dfe Badm\u00f6bel mit wei\u00dfem Waschbecken mit ANGEBOT zur Unterst\u00fctzung","breadcrumb":{"@id":"https:\/\/www.bagnoitalia.com\/de\/produkt\/badmobel-topazio3-100-weiser-waschtischstander-angebot.html#breadcrumb"},"inLanguage":"de","potentialAction":[{"@type":"ReadAction","target":["https:\/\/www.bagnoitalia.com\/de\/produkt\/badmobel-topazio3-100-weiser-waschtischstander-angebot.html"]}]},{"@type":"ImageObject","inLanguage":"de","@id":"https:\/\/www.bagnoitalia.com\/de\/produkt\/badmobel-topazio3-100-weiser-waschtischstander-angebot.html#primaryimage","url":"https:\/\/img.bagnoitalia.com\/wp-content\/uploads\/virtuemart\/product\/bathroom-furniture-topazio3.jpg","contentUrl":"https:\/\/img.bagnoitalia.com\/wp-content\/uploads\/virtuemart\/product\/bathroom-furniture-topazio3.jpg","width":550,"height":550},{"@type":"BreadcrumbList","@id":"https:\/\/www.bagnoitalia.com\/de\/produkt\/badmobel-topazio3-100-weiser-waschtischstander-angebot.html#breadcrumb","itemListElement":[{"@type":"ListItem","position":1,"name":"Home","item":"https:\/\/www.bagnoitalia.com\/de"},{"@type":"ListItem","position":2,"name":"Produkte","item":"https:\/\/www.bagnoitalia.com\/de\/shop"},{"@type":"ListItem","position":3,"name":"Topazio3 Badschrank, 100cm, in wei\u00df, mit Aufsatzwaschbecken, ANGEBOT"}]},{"@type":"WebSite","@id":"https:\/\/www.bagnoitalia.com\/de#website","url":"https:\/\/www.bagnoitalia.com\/de","name":"Bagno Italia","description":"","publisher":{"@id":"https:\/\/www.bagnoitalia.com\/de#organization"},"potentialAction":[{"@type":"SearchAction","target":{"@type":"EntryPoint","urlTemplate":"https:\/\/www.bagnoitalia.com\/de?s={search_term_string}"},"query-input":{"@type":"PropertyValueSpecification","valueRequired":true,"valueName":"search_term_string"}}],"inLanguage":"de"},{"@type":"Organization","@id":"https:\/\/www.bagnoitalia.com\/de#organization","name":"Bagno Italia","url":"https:\/\/www.bagnoitalia.com\/de","logo":{"@type":"ImageObject","inLanguage":"de","@id":"https:\/\/www.bagnoitalia.com\/de#\/schema\/logo\/image\/","url":"https:\/\/img.bagnoitalia.com\/wp-content\/uploads\/logo-bagnoitalia.webp","contentUrl":"https:\/\/img.bagnoitalia.com\/wp-content\/uploads\/logo-bagnoitalia.webp","width":400,"height":70,"caption":"Bagno Italia"},"image":{"@id":"https:\/\/www.bagnoitalia.com\/de#\/schema\/logo\/image\/"}}]}},"_links":{"self":[{"href":"https:\/\/www.bagnoitalia.com\/de\/wp-json\/wp\/v2\/product\/77751","targetHints":{"allow":["GET"]}}],"collection":[{"href":"https:\/\/www.bagnoitalia.com\/de\/wp-json\/wp\/v2\/product"}],"about":[{"href":"https:\/\/www.bagnoitalia.com\/de\/wp-json\/wp\/v2\/types\/product"}],"replies":[{"embeddable":true,"href":"https:\/\/www.bagnoitalia.com\/de\/wp-json\/wp\/v2\/comments?post=77751"}],"version-history":[{"count":0,"href":"https:\/\/www.bagnoitalia.com\/de\/wp-json\/wp\/v2\/product\/77751\/revisions"}],"wp:featuredmedia":[{"embeddable":true,"href":"https:\/\/www.bagnoitalia.com\/de\/wp-json\/wp\/v2\/media\/14502"}],"wp:attachment":[{"href":"https:\/\/www.bagnoitalia.com\/de\/wp-json\/wp\/v2\/media?parent=77751"}],"wp:term":[{"taxonomy":"product_brand","embeddable":true,"href":"https:\/\/www.bagnoitalia.com\/de\/wp-json\/wp\/v2\/product_brand?post=77751"},{"taxonomy":"product_cat","embeddable":true,"href":"https:\/\/www.bagnoitalia.com\/de\/wp-json\/wp\/v2\/product_cat?post=77751"},{"taxonomy":"product_tag","embeddable":true,"href":"https:\/\/www.bagnoitalia.com\/de\/wp-json\/wp\/v2\/product_tag?post=77751"}],"curies":[{"name":"wp","href":"https:\/\/api.w.org\/{rel}","templated":true}]}}