{"id":77731,"date":"2011-09-07T09:42:29","date_gmt":"2011-09-07T07:42:29","guid":{"rendered":"https:\/\/www.bagnoitalia.com\/product\/aufsatzwaschbecken-fur-den-simona-modellrahmen-fur-moderne-badezimmermobel"},"modified":"2024-06-05T15:51:02","modified_gmt":"2024-06-05T13:51:02","slug":"aufsatzwaschbecken-fur-den-simona-modellrahmen-fur-moderne-badezimmermobel","status":"publish","type":"product","link":"https:\/\/www.bagnoitalia.com\/de\/produkt\/aufsatzwaschbecken-fur-den-simona-modellrahmen-fur-moderne-badezimmermobel.html","title":{"rendered":"Simona Aufsatzwaschbecken aus Keramik, quadratisch, modernes Design"},"content":{"rendered":"<p style=\"text-align: justify;\"><span style=\"color: #ff0000;\"><big><strong>Wenn Sie Fragen zu diesem Produkt haben, achten Sie bitte darauf Ihre E-Mail Adresse richtig anzugeben, da wir Ihnen sonst nicht antworten k\u00f6nnen.<\/strong><\/big><\/span><\/p>\n<p style=\"text-align: justify;\">\n<p style=\"text-align: justify;\"><strong>Simona Aufsatzwaschbecken aus Keramik in wei\u00df, 44x44cm<\/strong><\/p>\n<p style=\"text-align: justify;\"><strong><span style=\"color: #ff0000;\"><span style=\"color: #000000;\"><span style=\"text-decoration: underline;\">Gr\u00f6\u00dfe:<\/span><\/span><\/span><\/strong><\/p>\n<p style=\"text-align: justify;\"><strong><span style=\"color: #ff0000;\"><span style=\"color: #000000;\">&#8211; Au\u00dfenma\u00dfe: 44&#215;44,5x13cm<\/span> <span style=\"text-decoration: underline;\"><span style=\"color: #000000; text-decoration: underline;\"><br \/>\n<\/span><\/span><\/span><\/strong><\/p>\n<p style=\"text-align: justify;\"><strong>&#8211; Innenma\u00dfe: <span style=\"color: #ff0000;\"><span style=\"color: #000000;\">41x32x11cm<\/span><\/span><\/strong><\/p>\n<p style=\"text-align: justify;\"><strong>&#8211; Blockstufendichte f\u00fcr den Mischer: 10cm<\/strong><\/p>\n<p>&nbsp;<\/p>\n<p><strong>\u00dcber das Men\u00fc k\u00f6nnen Sie das Ablaufventil mit pop-up-Funktion zu Ihrer Bestellung hinzuf\u00fcgen.<\/strong><\/p>\n<p><img fetchpriority=\"high\" decoding=\"async\" class=\" size-full wp-image-12078\" src=\"https:\/\/img.bagnoitalia.com\/wp-content\/uploads\/piletta_automati_4be32113b90615.jpg\" alt=\"\" width=\"320\" height=\"320\" srcset=\"https:\/\/img.bagnoitalia.com\/wp-content\/uploads\/piletta_automati_4be32113b90615.jpg 320w, https:\/\/img.bagnoitalia.com\/wp-content\/uploads\/piletta_automati_4be32113b90615-100x100.jpg 100w, https:\/\/img.bagnoitalia.com\/wp-content\/uploads\/piletta_automati_4be32113b90615-150x150.jpg 150w\" sizes=\"(max-width: 320px) 100vw, 320px\" \/><\/p>\n<p>&nbsp;<\/p>\n","protected":false},"excerpt":{"rendered":"<p>Simona Aufsatzwaschbecken aus Keramik in quadratischer Form zu 44x44cm. Modernes Design.<\/p>\n","protected":false},"featured_media":14302,"comment_status":"open","ping_status":"closed","template":"","meta":[],"product_brand":[5004],"product_cat":[9700],"product_tag":[],"class_list":{"0":"post-77731","1":"product","2":"type-product","3":"status-publish","4":"has-post-thumbnail","6":"product_brand-vari-produttori","7":"product_cat-aufsatzwaschbecken","9":"first","10":"instock","11":"sale","12":"taxable","13":"shipping-taxable","14":"purchasable","15":"product-type-simple"},"exclude_global_add_ons":false,"addons":[{"name":"Abfluss","type":"multiple_choice","position":0,"required":true,"title_format":"heading","default":"","description_enable":false,"description":"","placeholder_enable":false,"placeholder":"","display":"select","restrictions_type":"any_text","adjust_price":false,"price":"","price_type":"flat_fee","restrictions":false,"min":"0","max":"0","options":[{"label":"nein","price":"","price_type":"quantity_based","image":0,"visibility":true},{"label":"Klick-Klack-Ablauf","price":"15","price_type":"quantity_based","image":0,"visibility":true}],"id":1717602662}],"yoast_head":"<!-- This site is optimized with the Yoast SEO plugin v26.7 - https:\/\/yoast.com\/wordpress\/plugins\/seo\/ -->\n<title>Aufsatzwaschbecken f\u00fcr quadratische Badm\u00f6bel<\/title>\n<meta name=\"description\" content=\"Aufsatzwaschbecken 50x48 in Wei\u00df, Quadrat, moderne Keramik. Anpassbar an jeden Boden.\" \/>\n<meta name=\"robots\" content=\"index, follow, max-snippet:-1, max-image-preview:large, max-video-preview:-1\" \/>\n<link rel=\"canonical\" href=\"https:\/\/www.bagnoitalia.com\/de\/produkt\/aufsatzwaschbecken-fur-den-simona-modellrahmen-fur-moderne-badezimmermobel.html\" \/>\n<meta property=\"og:locale\" content=\"de_DE\" \/>\n<meta property=\"og:type\" content=\"article\" \/>\n<meta property=\"og:title\" content=\"Aufsatzwaschbecken f\u00fcr quadratische Badm\u00f6bel\" \/>\n<meta property=\"og:description\" content=\"Aufsatzwaschbecken 50x48 in Wei\u00df, Quadrat, moderne Keramik. Anpassbar an jeden Boden.\" \/>\n<meta property=\"og:url\" content=\"https:\/\/www.bagnoitalia.com\/de\/produkt\/aufsatzwaschbecken-fur-den-simona-modellrahmen-fur-moderne-badezimmermobel.html\" \/>\n<meta property=\"og:site_name\" content=\"Bagno Italia\" \/>\n<meta property=\"article:modified_time\" content=\"2024-06-05T13:51:02+00:00\" \/>\n<meta property=\"og:image\" content=\"https:\/\/img.bagnoitalia.com\/wp-content\/uploads\/virtuemart\/product\/Square-countertop-washbasin-for-modern-bathroom-cabinet-321352_1542647543_748.png\" \/>\n\t<meta property=\"og:image:width\" content=\"738\" \/>\n\t<meta property=\"og:image:height\" content=\"738\" \/>\n\t<meta property=\"og:image:type\" content=\"image\/png\" \/>\n<meta name=\"twitter:card\" content=\"summary_large_image\" \/>\n<meta name=\"twitter:label1\" content=\"Gesch\u00e4tzte Lesezeit\" \/>\n\t<meta name=\"twitter:data1\" content=\"1\u00a0Minute\" \/>\n<script type=\"application\/ld+json\" class=\"yoast-schema-graph\">{\"@context\":\"https:\/\/schema.org\",\"@graph\":[{\"@type\":\"WebPage\",\"@id\":\"https:\/\/www.bagnoitalia.com\/de\/produkt\/aufsatzwaschbecken-fur-den-simona-modellrahmen-fur-moderne-badezimmermobel.html\",\"url\":\"https:\/\/www.bagnoitalia.com\/de\/produkt\/aufsatzwaschbecken-fur-den-simona-modellrahmen-fur-moderne-badezimmermobel.html\",\"name\":\"Aufsatzwaschbecken f\u00fcr quadratische Badm\u00f6bel\",\"isPartOf\":{\"@id\":\"https:\/\/www.bagnoitalia.com\/de#website\"},\"primaryImageOfPage\":{\"@id\":\"https:\/\/www.bagnoitalia.com\/de\/produkt\/aufsatzwaschbecken-fur-den-simona-modellrahmen-fur-moderne-badezimmermobel.html#primaryimage\"},\"image\":{\"@id\":\"https:\/\/www.bagnoitalia.com\/de\/produkt\/aufsatzwaschbecken-fur-den-simona-modellrahmen-fur-moderne-badezimmermobel.html#primaryimage\"},\"thumbnailUrl\":\"https:\/\/img.bagnoitalia.com\/wp-content\/uploads\/virtuemart\/product\/Square-countertop-washbasin-for-modern-bathroom-cabinet-321352_1542647543_748.png\",\"datePublished\":\"2011-09-07T07:42:29+00:00\",\"dateModified\":\"2024-06-05T13:51:02+00:00\",\"description\":\"Aufsatzwaschbecken 50x48 in Wei\u00df, Quadrat, moderne Keramik. Anpassbar an jeden Boden.\",\"breadcrumb\":{\"@id\":\"https:\/\/www.bagnoitalia.com\/de\/produkt\/aufsatzwaschbecken-fur-den-simona-modellrahmen-fur-moderne-badezimmermobel.html#breadcrumb\"},\"inLanguage\":\"de\",\"potentialAction\":[{\"@type\":\"ReadAction\",\"target\":[\"https:\/\/www.bagnoitalia.com\/de\/produkt\/aufsatzwaschbecken-fur-den-simona-modellrahmen-fur-moderne-badezimmermobel.html\"]}]},{\"@type\":\"ImageObject\",\"inLanguage\":\"de\",\"@id\":\"https:\/\/www.bagnoitalia.com\/de\/produkt\/aufsatzwaschbecken-fur-den-simona-modellrahmen-fur-moderne-badezimmermobel.html#primaryimage\",\"url\":\"https:\/\/img.bagnoitalia.com\/wp-content\/uploads\/virtuemart\/product\/Square-countertop-washbasin-for-modern-bathroom-cabinet-321352_1542647543_748.png\",\"contentUrl\":\"https:\/\/img.bagnoitalia.com\/wp-content\/uploads\/virtuemart\/product\/Square-countertop-washbasin-for-modern-bathroom-cabinet-321352_1542647543_748.png\",\"width\":738,\"height\":738},{\"@type\":\"BreadcrumbList\",\"@id\":\"https:\/\/www.bagnoitalia.com\/de\/produkt\/aufsatzwaschbecken-fur-den-simona-modellrahmen-fur-moderne-badezimmermobel.html#breadcrumb\",\"itemListElement\":[{\"@type\":\"ListItem\",\"position\":1,\"name\":\"Home\",\"item\":\"https:\/\/www.bagnoitalia.com\/de\"},{\"@type\":\"ListItem\",\"position\":2,\"name\":\"Produkte\",\"item\":\"https:\/\/www.bagnoitalia.com\/de\/shop\"},{\"@type\":\"ListItem\",\"position\":3,\"name\":\"Simona Aufsatzwaschbecken aus Keramik, quadratisch, modernes Design\"}]},{\"@type\":\"WebSite\",\"@id\":\"https:\/\/www.bagnoitalia.com\/de#website\",\"url\":\"https:\/\/www.bagnoitalia.com\/de\",\"name\":\"Bagno Italia\",\"description\":\"\",\"publisher\":{\"@id\":\"https:\/\/www.bagnoitalia.com\/de#organization\"},\"potentialAction\":[{\"@type\":\"SearchAction\",\"target\":{\"@type\":\"EntryPoint\",\"urlTemplate\":\"https:\/\/www.bagnoitalia.com\/de?s={search_term_string}\"},\"query-input\":{\"@type\":\"PropertyValueSpecification\",\"valueRequired\":true,\"valueName\":\"search_term_string\"}}],\"inLanguage\":\"de\"},{\"@type\":\"Organization\",\"@id\":\"https:\/\/www.bagnoitalia.com\/de#organization\",\"name\":\"Bagno Italia\",\"url\":\"https:\/\/www.bagnoitalia.com\/de\",\"logo\":{\"@type\":\"ImageObject\",\"inLanguage\":\"de\",\"@id\":\"https:\/\/www.bagnoitalia.com\/de#\/schema\/logo\/image\/\",\"url\":\"https:\/\/img.bagnoitalia.com\/wp-content\/uploads\/logo-bagnoitalia.webp\",\"contentUrl\":\"https:\/\/img.bagnoitalia.com\/wp-content\/uploads\/logo-bagnoitalia.webp\",\"width\":400,\"height\":70,\"caption\":\"Bagno Italia\"},\"image\":{\"@id\":\"https:\/\/www.bagnoitalia.com\/de#\/schema\/logo\/image\/\"}}]}<\/script>\n<!-- \/ Yoast SEO plugin. -->","yoast_head_json":{"title":"Aufsatzwaschbecken f\u00fcr quadratische Badm\u00f6bel","description":"Aufsatzwaschbecken 50x48 in Wei\u00df, Quadrat, moderne Keramik. Anpassbar an jeden Boden.","robots":{"index":"index","follow":"follow","max-snippet":"max-snippet:-1","max-image-preview":"max-image-preview:large","max-video-preview":"max-video-preview:-1"},"canonical":"https:\/\/www.bagnoitalia.com\/de\/produkt\/aufsatzwaschbecken-fur-den-simona-modellrahmen-fur-moderne-badezimmermobel.html","og_locale":"de_DE","og_type":"article","og_title":"Aufsatzwaschbecken f\u00fcr quadratische Badm\u00f6bel","og_description":"Aufsatzwaschbecken 50x48 in Wei\u00df, Quadrat, moderne Keramik. Anpassbar an jeden Boden.","og_url":"https:\/\/www.bagnoitalia.com\/de\/produkt\/aufsatzwaschbecken-fur-den-simona-modellrahmen-fur-moderne-badezimmermobel.html","og_site_name":"Bagno Italia","article_modified_time":"2024-06-05T13:51:02+00:00","og_image":[{"width":738,"height":738,"url":"https:\/\/img.bagnoitalia.com\/wp-content\/uploads\/virtuemart\/product\/Square-countertop-washbasin-for-modern-bathroom-cabinet-321352_1542647543_748.png","type":"image\/png"}],"twitter_card":"summary_large_image","twitter_misc":{"Gesch\u00e4tzte Lesezeit":"1\u00a0Minute"},"schema":{"@context":"https:\/\/schema.org","@graph":[{"@type":"WebPage","@id":"https:\/\/www.bagnoitalia.com\/de\/produkt\/aufsatzwaschbecken-fur-den-simona-modellrahmen-fur-moderne-badezimmermobel.html","url":"https:\/\/www.bagnoitalia.com\/de\/produkt\/aufsatzwaschbecken-fur-den-simona-modellrahmen-fur-moderne-badezimmermobel.html","name":"Aufsatzwaschbecken f\u00fcr quadratische Badm\u00f6bel","isPartOf":{"@id":"https:\/\/www.bagnoitalia.com\/de#website"},"primaryImageOfPage":{"@id":"https:\/\/www.bagnoitalia.com\/de\/produkt\/aufsatzwaschbecken-fur-den-simona-modellrahmen-fur-moderne-badezimmermobel.html#primaryimage"},"image":{"@id":"https:\/\/www.bagnoitalia.com\/de\/produkt\/aufsatzwaschbecken-fur-den-simona-modellrahmen-fur-moderne-badezimmermobel.html#primaryimage"},"thumbnailUrl":"https:\/\/img.bagnoitalia.com\/wp-content\/uploads\/virtuemart\/product\/Square-countertop-washbasin-for-modern-bathroom-cabinet-321352_1542647543_748.png","datePublished":"2011-09-07T07:42:29+00:00","dateModified":"2024-06-05T13:51:02+00:00","description":"Aufsatzwaschbecken 50x48 in Wei\u00df, Quadrat, moderne Keramik. Anpassbar an jeden Boden.","breadcrumb":{"@id":"https:\/\/www.bagnoitalia.com\/de\/produkt\/aufsatzwaschbecken-fur-den-simona-modellrahmen-fur-moderne-badezimmermobel.html#breadcrumb"},"inLanguage":"de","potentialAction":[{"@type":"ReadAction","target":["https:\/\/www.bagnoitalia.com\/de\/produkt\/aufsatzwaschbecken-fur-den-simona-modellrahmen-fur-moderne-badezimmermobel.html"]}]},{"@type":"ImageObject","inLanguage":"de","@id":"https:\/\/www.bagnoitalia.com\/de\/produkt\/aufsatzwaschbecken-fur-den-simona-modellrahmen-fur-moderne-badezimmermobel.html#primaryimage","url":"https:\/\/img.bagnoitalia.com\/wp-content\/uploads\/virtuemart\/product\/Square-countertop-washbasin-for-modern-bathroom-cabinet-321352_1542647543_748.png","contentUrl":"https:\/\/img.bagnoitalia.com\/wp-content\/uploads\/virtuemart\/product\/Square-countertop-washbasin-for-modern-bathroom-cabinet-321352_1542647543_748.png","width":738,"height":738},{"@type":"BreadcrumbList","@id":"https:\/\/www.bagnoitalia.com\/de\/produkt\/aufsatzwaschbecken-fur-den-simona-modellrahmen-fur-moderne-badezimmermobel.html#breadcrumb","itemListElement":[{"@type":"ListItem","position":1,"name":"Home","item":"https:\/\/www.bagnoitalia.com\/de"},{"@type":"ListItem","position":2,"name":"Produkte","item":"https:\/\/www.bagnoitalia.com\/de\/shop"},{"@type":"ListItem","position":3,"name":"Simona Aufsatzwaschbecken aus Keramik, quadratisch, modernes Design"}]},{"@type":"WebSite","@id":"https:\/\/www.bagnoitalia.com\/de#website","url":"https:\/\/www.bagnoitalia.com\/de","name":"Bagno Italia","description":"","publisher":{"@id":"https:\/\/www.bagnoitalia.com\/de#organization"},"potentialAction":[{"@type":"SearchAction","target":{"@type":"EntryPoint","urlTemplate":"https:\/\/www.bagnoitalia.com\/de?s={search_term_string}"},"query-input":{"@type":"PropertyValueSpecification","valueRequired":true,"valueName":"search_term_string"}}],"inLanguage":"de"},{"@type":"Organization","@id":"https:\/\/www.bagnoitalia.com\/de#organization","name":"Bagno Italia","url":"https:\/\/www.bagnoitalia.com\/de","logo":{"@type":"ImageObject","inLanguage":"de","@id":"https:\/\/www.bagnoitalia.com\/de#\/schema\/logo\/image\/","url":"https:\/\/img.bagnoitalia.com\/wp-content\/uploads\/logo-bagnoitalia.webp","contentUrl":"https:\/\/img.bagnoitalia.com\/wp-content\/uploads\/logo-bagnoitalia.webp","width":400,"height":70,"caption":"Bagno Italia"},"image":{"@id":"https:\/\/www.bagnoitalia.com\/de#\/schema\/logo\/image\/"}}]}},"_links":{"self":[{"href":"https:\/\/www.bagnoitalia.com\/de\/wp-json\/wp\/v2\/product\/77731","targetHints":{"allow":["GET"]}}],"collection":[{"href":"https:\/\/www.bagnoitalia.com\/de\/wp-json\/wp\/v2\/product"}],"about":[{"href":"https:\/\/www.bagnoitalia.com\/de\/wp-json\/wp\/v2\/types\/product"}],"replies":[{"embeddable":true,"href":"https:\/\/www.bagnoitalia.com\/de\/wp-json\/wp\/v2\/comments?post=77731"}],"version-history":[{"count":1,"href":"https:\/\/www.bagnoitalia.com\/de\/wp-json\/wp\/v2\/product\/77731\/revisions"}],"predecessor-version":[{"id":89443,"href":"https:\/\/www.bagnoitalia.com\/de\/wp-json\/wp\/v2\/product\/77731\/revisions\/89443"}],"wp:featuredmedia":[{"embeddable":true,"href":"https:\/\/www.bagnoitalia.com\/de\/wp-json\/wp\/v2\/media\/14302"}],"wp:attachment":[{"href":"https:\/\/www.bagnoitalia.com\/de\/wp-json\/wp\/v2\/media?parent=77731"}],"wp:term":[{"taxonomy":"product_brand","embeddable":true,"href":"https:\/\/www.bagnoitalia.com\/de\/wp-json\/wp\/v2\/product_brand?post=77731"},{"taxonomy":"product_cat","embeddable":true,"href":"https:\/\/www.bagnoitalia.com\/de\/wp-json\/wp\/v2\/product_cat?post=77731"},{"taxonomy":"product_tag","embeddable":true,"href":"https:\/\/www.bagnoitalia.com\/de\/wp-json\/wp\/v2\/product_tag?post=77731"}],"curies":[{"name":"wp","href":"https:\/\/api.w.org\/{rel}","templated":true}]}}