{"id":77647,"date":"2011-02-24T01:36:57","date_gmt":"2011-02-24T00:36:57","guid":{"rendered":"https:\/\/www.bagnoitalia.com\/product\/badezimmermobel-topaz-80-wenge-graues-waschbecken-unterstutzung-angebot"},"modified":"2025-06-11T20:38:17","modified_gmt":"2025-06-11T18:38:17","slug":"badezimmermobel-topaz-80-wenge-graues-waschbecken-unterstutzung-angebot","status":"publish","type":"product","link":"https:\/\/www.bagnoitalia.com\/de\/produkt\/badezimmermobel-topaz-80-wenge-graues-waschbecken-unterstutzung-angebot.html","title":{"rendered":"Topazio Badschrnak, 80cm, in grauem Weng\u00e8, mit Aufsatzwaschbecken ANGEBOT"},"content":{"rendered":"<p style=\"text-align: justify;\"><strong>Der Preis beinhaltet:<\/strong><\/p>\n<p style=\"text-align: justify;\">1 Unterwaschbeckenschrank: 80x45cm<\/p>\n<p style=\"text-align: justify;\">1 Spiegel mit 38&#215;80 (mit Holzplatten)<\/p>\n<p style=\"text-align: justify;\">1 Aufsatzwaschbecken aus Keramik: 60x40x14,5cm<\/p>\n<p style=\"text-align: justify;\">\n<p style=\"text-align: justify;\"><strong>Material:<\/strong><\/p>\n<p>Schrank: MDF-Struktur (Mediosensit) in dunkelgrauem Weng\u00e9<\/p>\n<p>Schrankt\u00fcren: MDF (Mediodensit), lackiert<\/p>\n<p>Griffe: Chrom, gl\u00e4nzend<\/p>\n<p style=\"text-align: justify;\">Waschbecken: Keramik<\/p>\n<p style=\"text-align: justify;\">\n<p style=\"text-align: justify;\">Achtung: Der Preis beinhaltet alle M\u00f6belst\u00fccke, wie sie im Foto zu sehen (Waschtischmischer ausgeschlossen). Die einzelnen M\u00f6belst\u00fccke sind nicht vom Set trennbar.<\/p>\n<p>&nbsp;<\/p>\n<p>&nbsp;<\/p>\n","protected":false},"excerpt":{"rendered":"<p>Der Topaz Badschrank ist 80cm gro\u00df, weng\u00e8ngrau und hat einen Aufsatzwaschbecken, der im Angebot ist<\/p>\n","protected":false},"featured_media":13662,"comment_status":"open","ping_status":"closed","template":"","meta":[],"product_brand":[5021],"product_cat":[9720],"product_tag":[],"class_list":{"0":"post-77647","1":"product","2":"type-product","3":"status-publish","4":"has-post-thumbnail","6":"product_brand-predator-arredo-casa","7":"product_cat-badmobel-von-71-bis-100-cm-moderne-mobel","9":"first","10":"instock","11":"sale","12":"taxable","13":"shipping-taxable","14":"purchasable","15":"product-type-simple"},"exclude_global_add_ons":[],"addons":[],"yoast_head":"<!-- This site is optimized with the Yoast SEO plugin v26.7 - https:\/\/yoast.com\/wordpress\/plugins\/seo\/ -->\n<title>Topaz Badm\u00f6bel aufgeh\u00e4ngt, mit pd sb<\/title>\n<meta name=\"description\" content=\"Moderne Topaz-Badm\u00f6bel mit 38x80 cm-Spiegel und Aufsatzwaschbecken inklusive. Erh\u00e4ltlich in Grey Weng\u00e8. Ascuist jetzt!\" \/>\n<meta name=\"robots\" content=\"index, follow, max-snippet:-1, max-image-preview:large, max-video-preview:-1\" \/>\n<link rel=\"canonical\" href=\"https:\/\/www.bagnoitalia.com\/de\/produkt\/badezimmermobel-topaz-80-wenge-graues-waschbecken-unterstutzung-angebot.html\" \/>\n<meta property=\"og:locale\" content=\"de_DE\" \/>\n<meta property=\"og:type\" content=\"article\" \/>\n<meta property=\"og:title\" content=\"Topaz Badm\u00f6bel aufgeh\u00e4ngt, mit pd sb\" \/>\n<meta property=\"og:description\" content=\"Moderne Topaz-Badm\u00f6bel mit 38x80 cm-Spiegel und Aufsatzwaschbecken inklusive. Erh\u00e4ltlich in Grey Weng\u00e8. Ascuist jetzt!\" \/>\n<meta property=\"og:url\" content=\"https:\/\/www.bagnoitalia.com\/de\/produkt\/badezimmermobel-topaz-80-wenge-graues-waschbecken-unterstutzung-angebot.html\" \/>\n<meta property=\"og:site_name\" content=\"Bagno Italia\" \/>\n<meta property=\"article:modified_time\" content=\"2025-06-11T18:38:17+00:00\" \/>\n<meta property=\"og:image\" content=\"https:\/\/img.bagnoitalia.com\/wp-content\/uploads\/virtuemart\/product\/Bathroom-furniture-Topazio-80-1_1542381127_2853.jpg\" \/>\n\t<meta property=\"og:image:width\" content=\"333\" \/>\n\t<meta property=\"og:image:height\" content=\"333\" \/>\n\t<meta property=\"og:image:type\" content=\"image\/jpeg\" \/>\n<meta name=\"twitter:card\" content=\"summary_large_image\" \/>\n<meta name=\"twitter:label1\" content=\"Gesch\u00e4tzte Lesezeit\" \/>\n\t<meta name=\"twitter:data1\" content=\"1\u00a0Minute\" \/>\n<script type=\"application\/ld+json\" class=\"yoast-schema-graph\">{\"@context\":\"https:\/\/schema.org\",\"@graph\":[{\"@type\":\"WebPage\",\"@id\":\"https:\/\/www.bagnoitalia.com\/de\/produkt\/badezimmermobel-topaz-80-wenge-graues-waschbecken-unterstutzung-angebot.html\",\"url\":\"https:\/\/www.bagnoitalia.com\/de\/produkt\/badezimmermobel-topaz-80-wenge-graues-waschbecken-unterstutzung-angebot.html\",\"name\":\"Topaz Badm\u00f6bel aufgeh\u00e4ngt, mit pd sb\",\"isPartOf\":{\"@id\":\"https:\/\/www.bagnoitalia.com\/de#website\"},\"primaryImageOfPage\":{\"@id\":\"https:\/\/www.bagnoitalia.com\/de\/produkt\/badezimmermobel-topaz-80-wenge-graues-waschbecken-unterstutzung-angebot.html#primaryimage\"},\"image\":{\"@id\":\"https:\/\/www.bagnoitalia.com\/de\/produkt\/badezimmermobel-topaz-80-wenge-graues-waschbecken-unterstutzung-angebot.html#primaryimage\"},\"thumbnailUrl\":\"https:\/\/img.bagnoitalia.com\/wp-content\/uploads\/virtuemart\/product\/Bathroom-furniture-Topazio-80-1_1542381127_2853.jpg\",\"datePublished\":\"2011-02-24T00:36:57+00:00\",\"dateModified\":\"2025-06-11T18:38:17+00:00\",\"description\":\"Moderne Topaz-Badm\u00f6bel mit 38x80 cm-Spiegel und Aufsatzwaschbecken inklusive. Erh\u00e4ltlich in Grey Weng\u00e8. Ascuist jetzt!\",\"breadcrumb\":{\"@id\":\"https:\/\/www.bagnoitalia.com\/de\/produkt\/badezimmermobel-topaz-80-wenge-graues-waschbecken-unterstutzung-angebot.html#breadcrumb\"},\"inLanguage\":\"de\",\"potentialAction\":[{\"@type\":\"ReadAction\",\"target\":[\"https:\/\/www.bagnoitalia.com\/de\/produkt\/badezimmermobel-topaz-80-wenge-graues-waschbecken-unterstutzung-angebot.html\"]}]},{\"@type\":\"ImageObject\",\"inLanguage\":\"de\",\"@id\":\"https:\/\/www.bagnoitalia.com\/de\/produkt\/badezimmermobel-topaz-80-wenge-graues-waschbecken-unterstutzung-angebot.html#primaryimage\",\"url\":\"https:\/\/img.bagnoitalia.com\/wp-content\/uploads\/virtuemart\/product\/Bathroom-furniture-Topazio-80-1_1542381127_2853.jpg\",\"contentUrl\":\"https:\/\/img.bagnoitalia.com\/wp-content\/uploads\/virtuemart\/product\/Bathroom-furniture-Topazio-80-1_1542381127_2853.jpg\",\"width\":333,\"height\":333},{\"@type\":\"BreadcrumbList\",\"@id\":\"https:\/\/www.bagnoitalia.com\/de\/produkt\/badezimmermobel-topaz-80-wenge-graues-waschbecken-unterstutzung-angebot.html#breadcrumb\",\"itemListElement\":[{\"@type\":\"ListItem\",\"position\":1,\"name\":\"Home\",\"item\":\"https:\/\/www.bagnoitalia.com\/de\"},{\"@type\":\"ListItem\",\"position\":2,\"name\":\"Produkte\",\"item\":\"https:\/\/www.bagnoitalia.com\/de\/shop\"},{\"@type\":\"ListItem\",\"position\":3,\"name\":\"Topazio Badschrnak, 80cm, in grauem Weng\u00e8, mit Aufsatzwaschbecken ANGEBOT\"}]},{\"@type\":\"WebSite\",\"@id\":\"https:\/\/www.bagnoitalia.com\/de#website\",\"url\":\"https:\/\/www.bagnoitalia.com\/de\",\"name\":\"Bagno Italia\",\"description\":\"\",\"publisher\":{\"@id\":\"https:\/\/www.bagnoitalia.com\/de#organization\"},\"potentialAction\":[{\"@type\":\"SearchAction\",\"target\":{\"@type\":\"EntryPoint\",\"urlTemplate\":\"https:\/\/www.bagnoitalia.com\/de?s={search_term_string}\"},\"query-input\":{\"@type\":\"PropertyValueSpecification\",\"valueRequired\":true,\"valueName\":\"search_term_string\"}}],\"inLanguage\":\"de\"},{\"@type\":\"Organization\",\"@id\":\"https:\/\/www.bagnoitalia.com\/de#organization\",\"name\":\"Bagno Italia\",\"url\":\"https:\/\/www.bagnoitalia.com\/de\",\"logo\":{\"@type\":\"ImageObject\",\"inLanguage\":\"de\",\"@id\":\"https:\/\/www.bagnoitalia.com\/de#\/schema\/logo\/image\/\",\"url\":\"https:\/\/img.bagnoitalia.com\/wp-content\/uploads\/logo-bagnoitalia.webp\",\"contentUrl\":\"https:\/\/img.bagnoitalia.com\/wp-content\/uploads\/logo-bagnoitalia.webp\",\"width\":400,\"height\":70,\"caption\":\"Bagno Italia\"},\"image\":{\"@id\":\"https:\/\/www.bagnoitalia.com\/de#\/schema\/logo\/image\/\"}}]}<\/script>\n<!-- \/ Yoast SEO plugin. -->","yoast_head_json":{"title":"Topaz Badm\u00f6bel aufgeh\u00e4ngt, mit pd sb","description":"Moderne Topaz-Badm\u00f6bel mit 38x80 cm-Spiegel und Aufsatzwaschbecken inklusive. Erh\u00e4ltlich in Grey Weng\u00e8. Ascuist jetzt!","robots":{"index":"index","follow":"follow","max-snippet":"max-snippet:-1","max-image-preview":"max-image-preview:large","max-video-preview":"max-video-preview:-1"},"canonical":"https:\/\/www.bagnoitalia.com\/de\/produkt\/badezimmermobel-topaz-80-wenge-graues-waschbecken-unterstutzung-angebot.html","og_locale":"de_DE","og_type":"article","og_title":"Topaz Badm\u00f6bel aufgeh\u00e4ngt, mit pd sb","og_description":"Moderne Topaz-Badm\u00f6bel mit 38x80 cm-Spiegel und Aufsatzwaschbecken inklusive. Erh\u00e4ltlich in Grey Weng\u00e8. Ascuist jetzt!","og_url":"https:\/\/www.bagnoitalia.com\/de\/produkt\/badezimmermobel-topaz-80-wenge-graues-waschbecken-unterstutzung-angebot.html","og_site_name":"Bagno Italia","article_modified_time":"2025-06-11T18:38:17+00:00","og_image":[{"width":333,"height":333,"url":"https:\/\/img.bagnoitalia.com\/wp-content\/uploads\/virtuemart\/product\/Bathroom-furniture-Topazio-80-1_1542381127_2853.jpg","type":"image\/jpeg"}],"twitter_card":"summary_large_image","twitter_misc":{"Gesch\u00e4tzte Lesezeit":"1\u00a0Minute"},"schema":{"@context":"https:\/\/schema.org","@graph":[{"@type":"WebPage","@id":"https:\/\/www.bagnoitalia.com\/de\/produkt\/badezimmermobel-topaz-80-wenge-graues-waschbecken-unterstutzung-angebot.html","url":"https:\/\/www.bagnoitalia.com\/de\/produkt\/badezimmermobel-topaz-80-wenge-graues-waschbecken-unterstutzung-angebot.html","name":"Topaz Badm\u00f6bel aufgeh\u00e4ngt, mit pd sb","isPartOf":{"@id":"https:\/\/www.bagnoitalia.com\/de#website"},"primaryImageOfPage":{"@id":"https:\/\/www.bagnoitalia.com\/de\/produkt\/badezimmermobel-topaz-80-wenge-graues-waschbecken-unterstutzung-angebot.html#primaryimage"},"image":{"@id":"https:\/\/www.bagnoitalia.com\/de\/produkt\/badezimmermobel-topaz-80-wenge-graues-waschbecken-unterstutzung-angebot.html#primaryimage"},"thumbnailUrl":"https:\/\/img.bagnoitalia.com\/wp-content\/uploads\/virtuemart\/product\/Bathroom-furniture-Topazio-80-1_1542381127_2853.jpg","datePublished":"2011-02-24T00:36:57+00:00","dateModified":"2025-06-11T18:38:17+00:00","description":"Moderne Topaz-Badm\u00f6bel mit 38x80 cm-Spiegel und Aufsatzwaschbecken inklusive. Erh\u00e4ltlich in Grey Weng\u00e8. Ascuist jetzt!","breadcrumb":{"@id":"https:\/\/www.bagnoitalia.com\/de\/produkt\/badezimmermobel-topaz-80-wenge-graues-waschbecken-unterstutzung-angebot.html#breadcrumb"},"inLanguage":"de","potentialAction":[{"@type":"ReadAction","target":["https:\/\/www.bagnoitalia.com\/de\/produkt\/badezimmermobel-topaz-80-wenge-graues-waschbecken-unterstutzung-angebot.html"]}]},{"@type":"ImageObject","inLanguage":"de","@id":"https:\/\/www.bagnoitalia.com\/de\/produkt\/badezimmermobel-topaz-80-wenge-graues-waschbecken-unterstutzung-angebot.html#primaryimage","url":"https:\/\/img.bagnoitalia.com\/wp-content\/uploads\/virtuemart\/product\/Bathroom-furniture-Topazio-80-1_1542381127_2853.jpg","contentUrl":"https:\/\/img.bagnoitalia.com\/wp-content\/uploads\/virtuemart\/product\/Bathroom-furniture-Topazio-80-1_1542381127_2853.jpg","width":333,"height":333},{"@type":"BreadcrumbList","@id":"https:\/\/www.bagnoitalia.com\/de\/produkt\/badezimmermobel-topaz-80-wenge-graues-waschbecken-unterstutzung-angebot.html#breadcrumb","itemListElement":[{"@type":"ListItem","position":1,"name":"Home","item":"https:\/\/www.bagnoitalia.com\/de"},{"@type":"ListItem","position":2,"name":"Produkte","item":"https:\/\/www.bagnoitalia.com\/de\/shop"},{"@type":"ListItem","position":3,"name":"Topazio Badschrnak, 80cm, in grauem Weng\u00e8, mit Aufsatzwaschbecken ANGEBOT"}]},{"@type":"WebSite","@id":"https:\/\/www.bagnoitalia.com\/de#website","url":"https:\/\/www.bagnoitalia.com\/de","name":"Bagno Italia","description":"","publisher":{"@id":"https:\/\/www.bagnoitalia.com\/de#organization"},"potentialAction":[{"@type":"SearchAction","target":{"@type":"EntryPoint","urlTemplate":"https:\/\/www.bagnoitalia.com\/de?s={search_term_string}"},"query-input":{"@type":"PropertyValueSpecification","valueRequired":true,"valueName":"search_term_string"}}],"inLanguage":"de"},{"@type":"Organization","@id":"https:\/\/www.bagnoitalia.com\/de#organization","name":"Bagno Italia","url":"https:\/\/www.bagnoitalia.com\/de","logo":{"@type":"ImageObject","inLanguage":"de","@id":"https:\/\/www.bagnoitalia.com\/de#\/schema\/logo\/image\/","url":"https:\/\/img.bagnoitalia.com\/wp-content\/uploads\/logo-bagnoitalia.webp","contentUrl":"https:\/\/img.bagnoitalia.com\/wp-content\/uploads\/logo-bagnoitalia.webp","width":400,"height":70,"caption":"Bagno Italia"},"image":{"@id":"https:\/\/www.bagnoitalia.com\/de#\/schema\/logo\/image\/"}}]}},"_links":{"self":[{"href":"https:\/\/www.bagnoitalia.com\/de\/wp-json\/wp\/v2\/product\/77647","targetHints":{"allow":["GET"]}}],"collection":[{"href":"https:\/\/www.bagnoitalia.com\/de\/wp-json\/wp\/v2\/product"}],"about":[{"href":"https:\/\/www.bagnoitalia.com\/de\/wp-json\/wp\/v2\/types\/product"}],"replies":[{"embeddable":true,"href":"https:\/\/www.bagnoitalia.com\/de\/wp-json\/wp\/v2\/comments?post=77647"}],"version-history":[{"count":1,"href":"https:\/\/www.bagnoitalia.com\/de\/wp-json\/wp\/v2\/product\/77647\/revisions"}],"predecessor-version":[{"id":89646,"href":"https:\/\/www.bagnoitalia.com\/de\/wp-json\/wp\/v2\/product\/77647\/revisions\/89646"}],"wp:featuredmedia":[{"embeddable":true,"href":"https:\/\/www.bagnoitalia.com\/de\/wp-json\/wp\/v2\/media\/13662"}],"wp:attachment":[{"href":"https:\/\/www.bagnoitalia.com\/de\/wp-json\/wp\/v2\/media?parent=77647"}],"wp:term":[{"taxonomy":"product_brand","embeddable":true,"href":"https:\/\/www.bagnoitalia.com\/de\/wp-json\/wp\/v2\/product_brand?post=77647"},{"taxonomy":"product_cat","embeddable":true,"href":"https:\/\/www.bagnoitalia.com\/de\/wp-json\/wp\/v2\/product_cat?post=77647"},{"taxonomy":"product_tag","embeddable":true,"href":"https:\/\/www.bagnoitalia.com\/de\/wp-json\/wp\/v2\/product_tag?post=77647"}],"curies":[{"name":"wp","href":"https:\/\/api.w.org\/{rel}","templated":true}]}}