{"id":77631,"date":"2014-03-05T10:40:45","date_gmt":"2014-03-05T09:40:45","guid":{"rendered":"https:\/\/www.bagnoitalia.com\/product\/begas-badmobel-90cm-in-20-farben-auch-weis"},"modified":"2025-07-07T15:37:26","modified_gmt":"2025-07-07T13:37:26","slug":"begas-badmobel-90cm-in-20-farben-auch-weis","status":"publish","type":"product","link":"https:\/\/www.bagnoitalia.com\/de\/produkt\/begas-badmobel-90cm-in-20-farben-auch-weis.html","title":{"rendered":"Begas Badschrank, 90cm, in 20 Farben (auch wei\u00df)"},"content":{"rendered":"<p><strong><span>Der oben genannte Preis beinhaltet:<\/span><\/strong><\/p>\n<p><span>Nr. 1 Sockel cm 90, H 50, T max 51 (36 cm Mindesttiefe) mit 2 Schubladen<\/span><\/p>\n<p><span>Nr. 1 90 cm gro\u00dfes Waschbecken aus Mineralmarmor (auch in Kristall erh\u00e4ltlich, indem Sie diese Option aus dem Men\u00fc oben ausw\u00e4hlen)<\/span><\/p>\n<p><span>N\u00b01 Spiegel 80\u00d760 mit LED-Wandleuchte<\/span><\/p>\n<p><span>NB: Das Kristallwaschbecken hat die gleiche Form wie das Mineralmarmorwaschbecken<\/span><\/p>\n<p><strong><br \/>\n<a href=\"https:\/\/translate.google.com\/website?sl=it&amp;tl=fr&amp;hl=it&amp;client=webapp&amp;u=http:\/\/www.themeter.net\/ral.htm\" target=\"_blank\" rel=\"noopener noreferrer\"><span>RAL-FARBKARTE<\/span><\/a><\/strong>\u00a0<span>&lt;== Klicken Sie hier, um alle RAL-Farben anzuzeigen<\/span><strong><br \/>\n<\/strong><\/p>\n<p><strong><span>Technische Merkmale<\/span><\/strong><\/p>\n<p><span>Mobil: MDF-Struktur<\/span><\/p>\n<p><span>F\u00fchrungen: Metall, sanftes Schlie\u00dfen<\/span><\/p>\n<p><span>Griffe: Chrom<\/span><\/p>\n<p><span>im Men\u00fc unten k\u00f6nnen Sie die Spalten L34, P27, H163 hinzuf\u00fcgen<\/span><\/p>\n<p><strong><span>Achtung<\/span><\/strong><span>\u00a0: F\u00fcr den Spiegel mit farbiger Glaskante ist es m\u00f6glich, die gew\u00fcnschte Farbe in den Bestellhinweisen oder per E-Mail anzugeben.<\/span><\/p>\n","protected":false},"excerpt":{"rendered":"<p>Das Begas ist 90cm gro\u00df und in 25 MATTEN ODER GL\u00c4NZEND Farben erh\u00e4ltlich. (geben Sie das Produkt ein, um die Farbkarte zu sehen.) Das WASCHBECKEN ist in Keramik oder Kristall und in jeder Farbe erh\u00e4ltlich!<\/p>\n","protected":false},"featured_media":13543,"comment_status":"open","ping_status":"closed","template":"","meta":[],"product_brand":[9895],"product_cat":[9962,9720],"product_tag":[],"class_list":{"0":"post-77631","1":"product","2":"type-product","3":"status-publish","4":"has-post-thumbnail","6":"product_brand-baden-bauen-de","7":"product_cat-showroom-de","8":"product_cat-badmobel-von-71-bis-100-cm-moderne-mobel","10":"first","11":"instock","12":"sale","13":"taxable","14":"shipping-taxable","15":"purchasable","16":"product-type-simple"},"exclude_global_add_ons":false,"addons":[{"name":"Spiegel","type":"multiple_choice","position":0,"required":true,"title_format":"heading","default":"","description_enable":false,"description":"","placeholder_enable":false,"placeholder":"","display":"select","restrictions_type":"any_text","adjust_price":false,"price":"","price_type":"flat_fee","restrictions":false,"min":"0","max":"0","options":[{"label":"Spiegel 80x60cm + LED-Wandleuchte","price":"","price_type":"quantity_based","image":0,"visibility":true},{"label":"KEIN Spiegel","price":"-50","price_type":"quantity_based","image":0,"visibility":true},{"label":"Spiegelbeh\u00e4lter 90x60cm + LED-Wandleuchte","price":"184","price_type":"quantity_based","image":0,"visibility":true},{"label":"Spiegel mit farbigem Glasrand 82x82cm + LED-Wandleuchte","price":"120","price_type":"quantity_based","image":0,"visibility":true}],"id":1717081831},{"name":"Farbe der M\u00f6bel","type":"multiple_choice","position":1,"required":true,"title_format":"heading","default":"","description_enable":false,"description":"","placeholder_enable":false,"placeholder":"","display":"select","restrictions_type":"any_text","adjust_price":false,"price":"","price_type":"flat_fee","restrictions":false,"min":"0","max":"0","options":[{"label":"Wei\u00df","price":"","price_type":"quantity_based","image":0,"visibility":true},{"label":"Gr\u00fcn","price":"61","price_type":"quantity_based","image":0,"visibility":true},{"label":"wassergr\u00fcn","price":"61","price_type":"quantity_based","image":0,"visibility":true},{"label":"pastellgr\u00fcn","price":"61","price_type":"quantity_based","image":0,"visibility":true},{"label":"S\u00e4uregr\u00fcn","price":"61","price_type":"quantity_based","image":0,"visibility":true},{"label":"paradiesisch","price":"61","price_type":"quantity_based","image":0,"visibility":true},{"label":"blauer Himmel","price":"61","price_type":"quantity_based","image":0,"visibility":true},{"label":"Blau","price":"61","price_type":"quantity_based","image":0,"visibility":true},{"label":"Lackiertes Silber","price":"61","price_type":"quantity_based","image":0,"visibility":true},{"label":"Elfenbein","price":"61","price_type":"quantity_based","image":0,"visibility":true},{"label":"Rotes Bordeaux","price":"61","price_type":"quantity_based","image":0,"visibility":true},{"label":"signalrot","price":"61","price_type":"quantity_based","image":0,"visibility":true},{"label":"Gelb","price":"61","price_type":"quantity_based","image":0,"visibility":true},{"label":"Orange","price":"61","price_type":"quantity_based","image":0,"visibility":true},{"label":"lila","price":"61","price_type":"quantity_based","image":0,"visibility":true},{"label":"Lackiertes Gold","price":"61","price_type":"quantity_based","image":0,"visibility":true},{"label":"Creme","price":"61","price_type":"quantity_based","image":0,"visibility":true},{"label":"hellgrau","price":"61","price_type":"quantity_based","image":0,"visibility":true},{"label":"Schwarz","price":"61","price_type":"quantity_based","image":0,"visibility":true},{"label":"Glyzinien","price":"61","price_type":"quantity_based","image":0,"visibility":true},{"label":"Mokka","price":"61","price_type":"quantity_based","image":0,"visibility":true},{"label":"Kobalt","price":"61","price_type":"quantity_based","image":0,"visibility":true},{"label":"RAL-Farben","price":"81","price_type":"quantity_based","image":0,"visibility":true}],"id":1717081832},{"name":"Spalte","type":"multiple_choice","position":2,"required":true,"title_format":"heading","default":"","description_enable":false,"description":"","placeholder_enable":false,"placeholder":"","display":"select","restrictions_type":"any_text","adjust_price":false,"price":"","price_type":"flat_fee","restrictions":false,"min":"0","max":"0","options":[{"label":"KEINE Spalte","price":"","price_type":"quantity_based","image":0,"visibility":true},{"label":"34xH163xT27 cm Spalte mit Scharnieren auf der rechten Seite","price":"229","price_type":"quantity_based","image":0,"visibility":true},{"label":"34xH163xT27 cm Spalte mit Scharnieren auf der linken Seite","price":"229","price_type":"quantity_based","image":0,"visibility":true}],"id":1717081833},{"name":"farbe","type":"multiple_choice","position":3,"required":true,"title_format":"heading","default":"","description_enable":false,"description":"","placeholder_enable":false,"placeholder":"","display":"select","restrictions_type":"any_text","adjust_price":false,"price":"","price_type":"flat_fee","restrictions":false,"min":"0","max":"0","options":[{"label":"Gl\u00e4nzende Farbe","price":"","price_type":"quantity_based","image":0,"visibility":true},{"label":"matte Farbe","price":"","price_type":"quantity_based","image":0,"visibility":true}],"id":1717081834},{"name":"Verchromte F\u00fc\u00dfe","type":"multiple_choice","position":4,"required":true,"title_format":"heading","default":"","description_enable":false,"description":"","placeholder_enable":false,"placeholder":"","display":"select","restrictions_type":"any_text","adjust_price":false,"price":"","price_type":"flat_fee","restrictions":false,"min":"0","max":"0","options":[{"label":"KEINE Verchromte F\u00fc\u00dfe","price":"","price_type":"quantity_based","image":0,"visibility":true},{"label":"zwei verchromte F\u00fc\u00dfe H30 cm","price":"24","price_type":"quantity_based","image":0,"visibility":true},{"label":"vier verchromte F\u00fc\u00dfe H30 cm","price":"48","price_type":"quantity_based","image":0,"visibility":true}],"id":1717081835},{"name":"Art der M\u00f6bel","type":"multiple_choice","position":5,"required":true,"title_format":"heading","default":"","description_enable":false,"description":"","placeholder_enable":false,"placeholder":"","display":"select","restrictions_type":"any_text","adjust_price":false,"price":"","price_type":"flat_fee","restrictions":false,"min":"0","max":"0","options":[{"label":"mit einer Schublade","price":"","price_type":"quantity_based","image":0,"visibility":true},{"label":"mit zwei Schubladen","price":"96","price_type":"quantity_based","image":0,"visibility":true}],"id":1717081836},{"name":"Waschbecken","type":"multiple_choice","position":6,"required":true,"title_format":"heading","default":"","description_enable":false,"description":"","placeholder_enable":false,"placeholder":"","display":"select","restrictions_type":"any_text","adjust_price":false,"price":"","price_type":"flat_fee","restrictions":false,"min":"0","max":"0","options":[{"label":"Waschbecken aus Mineralmarmor","price":"","price_type":"quantity_based","image":0,"visibility":true},{"label":"Kristallwaschbecken","price":"430","price_type":"quantity_based","image":0,"visibility":true}],"id":1717081837}],"yoast_head":"<!-- This site is optimized with the Yoast SEO plugin v26.7 - https:\/\/yoast.com\/wordpress\/plugins\/seo\/ -->\n<title>Begann Badezimmerm\u00f6bel mit Waschbecken und Spiegel BB<\/title>\n<meta name=\"description\" content=\"Moderne Badm\u00f6bel Begas, komplett mit 90 cm Waschbecken aus Keramik und 80x60 cm Spiegel mit Applikation. Erh\u00e4ltlich in 20 Farben. Jetzt kaufen\" \/>\n<meta name=\"robots\" content=\"index, follow, max-snippet:-1, max-image-preview:large, max-video-preview:-1\" \/>\n<link rel=\"canonical\" href=\"https:\/\/www.bagnoitalia.com\/de\/produkt\/begas-badmobel-90cm-in-20-farben-auch-weis.html\" \/>\n<meta property=\"og:locale\" content=\"de_DE\" \/>\n<meta property=\"og:type\" content=\"article\" \/>\n<meta property=\"og:title\" content=\"Begann Badezimmerm\u00f6bel mit Waschbecken und Spiegel BB\" \/>\n<meta property=\"og:description\" content=\"Moderne Badm\u00f6bel Begas, komplett mit 90 cm Waschbecken aus Keramik und 80x60 cm Spiegel mit Applikation. Erh\u00e4ltlich in 20 Farben. Jetzt kaufen\" \/>\n<meta property=\"og:url\" content=\"https:\/\/www.bagnoitalia.com\/de\/produkt\/begas-badmobel-90cm-in-20-farben-auch-weis.html\" \/>\n<meta property=\"og:site_name\" content=\"Bagno Italia\" \/>\n<meta property=\"article:modified_time\" content=\"2025-07-07T13:37:26+00:00\" \/>\n<meta property=\"og:image\" content=\"https:\/\/img.bagnoitalia.com\/wp-content\/uploads\/virtuemart\/product\/Begas-90cm-bathroom-furniture-1_1542365918_906.jpg\" \/>\n\t<meta property=\"og:image:width\" content=\"771\" \/>\n\t<meta property=\"og:image:height\" content=\"677\" \/>\n\t<meta property=\"og:image:type\" content=\"image\/jpeg\" \/>\n<meta name=\"twitter:card\" content=\"summary_large_image\" \/>\n<meta name=\"twitter:label1\" content=\"Gesch\u00e4tzte Lesezeit\" \/>\n\t<meta name=\"twitter:data1\" content=\"1\u00a0Minute\" \/>\n<script type=\"application\/ld+json\" class=\"yoast-schema-graph\">{\"@context\":\"https:\/\/schema.org\",\"@graph\":[{\"@type\":\"WebPage\",\"@id\":\"https:\/\/www.bagnoitalia.com\/de\/produkt\/begas-badmobel-90cm-in-20-farben-auch-weis.html\",\"url\":\"https:\/\/www.bagnoitalia.com\/de\/produkt\/begas-badmobel-90cm-in-20-farben-auch-weis.html\",\"name\":\"Begann Badezimmerm\u00f6bel mit Waschbecken und Spiegel BB\",\"isPartOf\":{\"@id\":\"https:\/\/www.bagnoitalia.com\/de#website\"},\"primaryImageOfPage\":{\"@id\":\"https:\/\/www.bagnoitalia.com\/de\/produkt\/begas-badmobel-90cm-in-20-farben-auch-weis.html#primaryimage\"},\"image\":{\"@id\":\"https:\/\/www.bagnoitalia.com\/de\/produkt\/begas-badmobel-90cm-in-20-farben-auch-weis.html#primaryimage\"},\"thumbnailUrl\":\"https:\/\/img.bagnoitalia.com\/wp-content\/uploads\/virtuemart\/product\/Begas-90cm-bathroom-furniture-1_1542365918_906.jpg\",\"datePublished\":\"2014-03-05T09:40:45+00:00\",\"dateModified\":\"2025-07-07T13:37:26+00:00\",\"description\":\"Moderne Badm\u00f6bel Begas, komplett mit 90 cm Waschbecken aus Keramik und 80x60 cm Spiegel mit Applikation. Erh\u00e4ltlich in 20 Farben. Jetzt kaufen\",\"breadcrumb\":{\"@id\":\"https:\/\/www.bagnoitalia.com\/de\/produkt\/begas-badmobel-90cm-in-20-farben-auch-weis.html#breadcrumb\"},\"inLanguage\":\"de\",\"potentialAction\":[{\"@type\":\"ReadAction\",\"target\":[\"https:\/\/www.bagnoitalia.com\/de\/produkt\/begas-badmobel-90cm-in-20-farben-auch-weis.html\"]}]},{\"@type\":\"ImageObject\",\"inLanguage\":\"de\",\"@id\":\"https:\/\/www.bagnoitalia.com\/de\/produkt\/begas-badmobel-90cm-in-20-farben-auch-weis.html#primaryimage\",\"url\":\"https:\/\/img.bagnoitalia.com\/wp-content\/uploads\/virtuemart\/product\/Begas-90cm-bathroom-furniture-1_1542365918_906.jpg\",\"contentUrl\":\"https:\/\/img.bagnoitalia.com\/wp-content\/uploads\/virtuemart\/product\/Begas-90cm-bathroom-furniture-1_1542365918_906.jpg\",\"width\":771,\"height\":677},{\"@type\":\"BreadcrumbList\",\"@id\":\"https:\/\/www.bagnoitalia.com\/de\/produkt\/begas-badmobel-90cm-in-20-farben-auch-weis.html#breadcrumb\",\"itemListElement\":[{\"@type\":\"ListItem\",\"position\":1,\"name\":\"Home\",\"item\":\"https:\/\/www.bagnoitalia.com\/de\"},{\"@type\":\"ListItem\",\"position\":2,\"name\":\"Produkte\",\"item\":\"https:\/\/www.bagnoitalia.com\/de\/shop\"},{\"@type\":\"ListItem\",\"position\":3,\"name\":\"Begas Badschrank, 90cm, in 20 Farben (auch wei\u00df)\"}]},{\"@type\":\"WebSite\",\"@id\":\"https:\/\/www.bagnoitalia.com\/de#website\",\"url\":\"https:\/\/www.bagnoitalia.com\/de\",\"name\":\"Bagno Italia\",\"description\":\"\",\"publisher\":{\"@id\":\"https:\/\/www.bagnoitalia.com\/de#organization\"},\"potentialAction\":[{\"@type\":\"SearchAction\",\"target\":{\"@type\":\"EntryPoint\",\"urlTemplate\":\"https:\/\/www.bagnoitalia.com\/de?s={search_term_string}\"},\"query-input\":{\"@type\":\"PropertyValueSpecification\",\"valueRequired\":true,\"valueName\":\"search_term_string\"}}],\"inLanguage\":\"de\"},{\"@type\":\"Organization\",\"@id\":\"https:\/\/www.bagnoitalia.com\/de#organization\",\"name\":\"Bagno Italia\",\"url\":\"https:\/\/www.bagnoitalia.com\/de\",\"logo\":{\"@type\":\"ImageObject\",\"inLanguage\":\"de\",\"@id\":\"https:\/\/www.bagnoitalia.com\/de#\/schema\/logo\/image\/\",\"url\":\"https:\/\/img.bagnoitalia.com\/wp-content\/uploads\/logo-bagnoitalia.webp\",\"contentUrl\":\"https:\/\/img.bagnoitalia.com\/wp-content\/uploads\/logo-bagnoitalia.webp\",\"width\":400,\"height\":70,\"caption\":\"Bagno Italia\"},\"image\":{\"@id\":\"https:\/\/www.bagnoitalia.com\/de#\/schema\/logo\/image\/\"}}]}<\/script>\n<!-- \/ Yoast SEO plugin. -->","yoast_head_json":{"title":"Begann Badezimmerm\u00f6bel mit Waschbecken und Spiegel BB","description":"Moderne Badm\u00f6bel Begas, komplett mit 90 cm Waschbecken aus Keramik und 80x60 cm Spiegel mit Applikation. Erh\u00e4ltlich in 20 Farben. Jetzt kaufen","robots":{"index":"index","follow":"follow","max-snippet":"max-snippet:-1","max-image-preview":"max-image-preview:large","max-video-preview":"max-video-preview:-1"},"canonical":"https:\/\/www.bagnoitalia.com\/de\/produkt\/begas-badmobel-90cm-in-20-farben-auch-weis.html","og_locale":"de_DE","og_type":"article","og_title":"Begann Badezimmerm\u00f6bel mit Waschbecken und Spiegel BB","og_description":"Moderne Badm\u00f6bel Begas, komplett mit 90 cm Waschbecken aus Keramik und 80x60 cm Spiegel mit Applikation. Erh\u00e4ltlich in 20 Farben. Jetzt kaufen","og_url":"https:\/\/www.bagnoitalia.com\/de\/produkt\/begas-badmobel-90cm-in-20-farben-auch-weis.html","og_site_name":"Bagno Italia","article_modified_time":"2025-07-07T13:37:26+00:00","og_image":[{"width":771,"height":677,"url":"https:\/\/img.bagnoitalia.com\/wp-content\/uploads\/virtuemart\/product\/Begas-90cm-bathroom-furniture-1_1542365918_906.jpg","type":"image\/jpeg"}],"twitter_card":"summary_large_image","twitter_misc":{"Gesch\u00e4tzte Lesezeit":"1\u00a0Minute"},"schema":{"@context":"https:\/\/schema.org","@graph":[{"@type":"WebPage","@id":"https:\/\/www.bagnoitalia.com\/de\/produkt\/begas-badmobel-90cm-in-20-farben-auch-weis.html","url":"https:\/\/www.bagnoitalia.com\/de\/produkt\/begas-badmobel-90cm-in-20-farben-auch-weis.html","name":"Begann Badezimmerm\u00f6bel mit Waschbecken und Spiegel BB","isPartOf":{"@id":"https:\/\/www.bagnoitalia.com\/de#website"},"primaryImageOfPage":{"@id":"https:\/\/www.bagnoitalia.com\/de\/produkt\/begas-badmobel-90cm-in-20-farben-auch-weis.html#primaryimage"},"image":{"@id":"https:\/\/www.bagnoitalia.com\/de\/produkt\/begas-badmobel-90cm-in-20-farben-auch-weis.html#primaryimage"},"thumbnailUrl":"https:\/\/img.bagnoitalia.com\/wp-content\/uploads\/virtuemart\/product\/Begas-90cm-bathroom-furniture-1_1542365918_906.jpg","datePublished":"2014-03-05T09:40:45+00:00","dateModified":"2025-07-07T13:37:26+00:00","description":"Moderne Badm\u00f6bel Begas, komplett mit 90 cm Waschbecken aus Keramik und 80x60 cm Spiegel mit Applikation. Erh\u00e4ltlich in 20 Farben. Jetzt kaufen","breadcrumb":{"@id":"https:\/\/www.bagnoitalia.com\/de\/produkt\/begas-badmobel-90cm-in-20-farben-auch-weis.html#breadcrumb"},"inLanguage":"de","potentialAction":[{"@type":"ReadAction","target":["https:\/\/www.bagnoitalia.com\/de\/produkt\/begas-badmobel-90cm-in-20-farben-auch-weis.html"]}]},{"@type":"ImageObject","inLanguage":"de","@id":"https:\/\/www.bagnoitalia.com\/de\/produkt\/begas-badmobel-90cm-in-20-farben-auch-weis.html#primaryimage","url":"https:\/\/img.bagnoitalia.com\/wp-content\/uploads\/virtuemart\/product\/Begas-90cm-bathroom-furniture-1_1542365918_906.jpg","contentUrl":"https:\/\/img.bagnoitalia.com\/wp-content\/uploads\/virtuemart\/product\/Begas-90cm-bathroom-furniture-1_1542365918_906.jpg","width":771,"height":677},{"@type":"BreadcrumbList","@id":"https:\/\/www.bagnoitalia.com\/de\/produkt\/begas-badmobel-90cm-in-20-farben-auch-weis.html#breadcrumb","itemListElement":[{"@type":"ListItem","position":1,"name":"Home","item":"https:\/\/www.bagnoitalia.com\/de"},{"@type":"ListItem","position":2,"name":"Produkte","item":"https:\/\/www.bagnoitalia.com\/de\/shop"},{"@type":"ListItem","position":3,"name":"Begas Badschrank, 90cm, in 20 Farben (auch wei\u00df)"}]},{"@type":"WebSite","@id":"https:\/\/www.bagnoitalia.com\/de#website","url":"https:\/\/www.bagnoitalia.com\/de","name":"Bagno Italia","description":"","publisher":{"@id":"https:\/\/www.bagnoitalia.com\/de#organization"},"potentialAction":[{"@type":"SearchAction","target":{"@type":"EntryPoint","urlTemplate":"https:\/\/www.bagnoitalia.com\/de?s={search_term_string}"},"query-input":{"@type":"PropertyValueSpecification","valueRequired":true,"valueName":"search_term_string"}}],"inLanguage":"de"},{"@type":"Organization","@id":"https:\/\/www.bagnoitalia.com\/de#organization","name":"Bagno Italia","url":"https:\/\/www.bagnoitalia.com\/de","logo":{"@type":"ImageObject","inLanguage":"de","@id":"https:\/\/www.bagnoitalia.com\/de#\/schema\/logo\/image\/","url":"https:\/\/img.bagnoitalia.com\/wp-content\/uploads\/logo-bagnoitalia.webp","contentUrl":"https:\/\/img.bagnoitalia.com\/wp-content\/uploads\/logo-bagnoitalia.webp","width":400,"height":70,"caption":"Bagno Italia"},"image":{"@id":"https:\/\/www.bagnoitalia.com\/de#\/schema\/logo\/image\/"}}]}},"_links":{"self":[{"href":"https:\/\/www.bagnoitalia.com\/de\/wp-json\/wp\/v2\/product\/77631","targetHints":{"allow":["GET"]}}],"collection":[{"href":"https:\/\/www.bagnoitalia.com\/de\/wp-json\/wp\/v2\/product"}],"about":[{"href":"https:\/\/www.bagnoitalia.com\/de\/wp-json\/wp\/v2\/types\/product"}],"replies":[{"embeddable":true,"href":"https:\/\/www.bagnoitalia.com\/de\/wp-json\/wp\/v2\/comments?post=77631"}],"version-history":[{"count":5,"href":"https:\/\/www.bagnoitalia.com\/de\/wp-json\/wp\/v2\/product\/77631\/revisions"}],"predecessor-version":[{"id":109395,"href":"https:\/\/www.bagnoitalia.com\/de\/wp-json\/wp\/v2\/product\/77631\/revisions\/109395"}],"wp:featuredmedia":[{"embeddable":true,"href":"https:\/\/www.bagnoitalia.com\/de\/wp-json\/wp\/v2\/media\/13543"}],"wp:attachment":[{"href":"https:\/\/www.bagnoitalia.com\/de\/wp-json\/wp\/v2\/media?parent=77631"}],"wp:term":[{"taxonomy":"product_brand","embeddable":true,"href":"https:\/\/www.bagnoitalia.com\/de\/wp-json\/wp\/v2\/product_brand?post=77631"},{"taxonomy":"product_cat","embeddable":true,"href":"https:\/\/www.bagnoitalia.com\/de\/wp-json\/wp\/v2\/product_cat?post=77631"},{"taxonomy":"product_tag","embeddable":true,"href":"https:\/\/www.bagnoitalia.com\/de\/wp-json\/wp\/v2\/product_tag?post=77631"}],"curies":[{"name":"wp","href":"https:\/\/api.w.org\/{rel}","templated":true}]}}