{"id":77503,"date":"2014-03-13T11:26:38","date_gmt":"2014-03-13T10:26:38","guid":{"rendered":"https:\/\/www.bagnoitalia.com\/product\/waschbecken-harzspule-mit-unterlegscheibenabdeckung-fur-den-ausen-oder-innenbereich"},"modified":"2025-06-02T23:51:56","modified_gmt":"2025-06-02T21:51:56","slug":"waschbecken-harzspule-mit-unterlegscheibenabdeckung-fur-den-ausen-oder-innenbereich","status":"publish","type":"product","link":"https:\/\/www.bagnoitalia.com\/de\/produkt\/waschbecken-harzspule-mit-unterlegscheibenabdeckung-fur-den-ausen-oder-innenbereich.html","title":{"rendered":"Waschbecken Harzsp\u00fcle mit Unterlegscheibenabdeckung f\u00fcr den Au\u00dfen- oder Innenbereich"},"content":{"rendered":"<p> Waschbeckenschrank Waschtischabdeckung AUSSCHLIESSLICH F\u00dcR DEN AUSSENBEREICH ANGEBOTEN, geeignet f\u00fcr alle Arten von Waschmaschinen <\/p>\n<\/p>\n<p> Der Mixer kann mit der rechten oder linken Einstellung an der Wand oder am Rand einer Sp\u00fcle montiert werden <\/p>\n<blockquote dir=\"ltr\">\n<p dir=\"ltr\" align=\"left\"> <span style=\"text-decoration: underline;\">FEATURE:<\/span> <\/p>\n<\/blockquote>\n<ul dir=\"ltr\">\n<li dir=\"ltr\">\n<p> Bauchstruktur <\/p>\n<\/li>\n<li dir=\"ltr\">\n<p> T\u00fcr mit 1 T\u00fcr, St\u00e4rke 8 mm <\/p>\n<\/li>\n<li dir=\"ltr\">\n<p> Polypropylen-Sp\u00fcle, resistent gegen alle S\u00e4uren <\/p>\n<\/li>\n<li dir=\"ltr\">\n<p> Reversible und abnehmbare Waschfl\u00e4che <\/p>\n<\/li>\n<li dir=\"ltr\">\n<p> Perle wei\u00dfe Farbe <\/p>\n<\/li>\n<li dir=\"ltr\">\n<p> Aluminiumstruktur <\/p>\n<\/li>\n<li dir=\"ltr\">\n<p> Scharniere, ganz aus Metall, sind f\u00fcr die Position und die richtige Symmetrie der T\u00fcren einstellbar <\/p>\n<\/p>\n<\/li>\n<\/ul>\n<blockquote dir=\"ltr\">\n<p dir=\"ltr\" align=\"left\"> <span style=\"text-decoration: underline;\">MESSUNGEN VON M\u00d6BEL UND ABDECKUNG:<\/span> <\/p>\n<\/blockquote>\n<ul dir=\"ltr\">\n<li> H\u00f6he: 89 cm. <\/li>\n<li> Gesamtbreite: 107 cm. <\/li>\n<li> Tiefe: 60 cm. <\/li>\n<li> Bodenbreite: 67 cm. <\/li>\n<li> Waschraumbreite: 40 cm. <\/li>\n<li> Innenma\u00dfe der Waschmaschine 60x55x80H cm <\/li>\n<li> Gewicht: 29 kg <\/li>\n<\/ul>\n<blockquote dir=\"ltr\">\n<p dir=\"ltr\" align=\"left\"> <span style=\"text-decoration: underline;\">Der Preis beinhaltet:<\/span> <\/p>\n<\/blockquote>\n<ul dir=\"ltr\">\n<li dir=\"ltr\"> Waschmaschine und Trockner Waschmaschine <\/li>\n<li dir=\"ltr\"> Siphon mit Waschmaschinenanschluss <\/li>\n<li dir=\"ltr\"> Waschplan <\/li>\n<li dir=\"ltr\"> Befestigungssatz <\/li>\n<\/ul>\n<p> Sowohl die Version mit den T\u00fcren auf der Sicherheitsabdeckung ist verf\u00fcgbar (in diesem Fall erh\u00f6hen sich die Kosten um 60 Euro, wie im Men\u00fc unten auf der Seite angegeben) und die Version ohne T\u00fcren. <\/p>\n<\/p>\n<p> <span style=\"text-decoration: underline; font-size: 12pt;\"><strong>Rechte Version verf\u00fcgbar:<\/strong><\/span> <\/p>\n<p><img fetchpriority=\"high\" decoding=\"async\" class=\" size-full wp-image-12490\" src=\"https:\/\/img.bagnoitalia.com\/wp-content\/uploads\/virtuemart\/product\/lavatoio-coprilavatrice-bianco-3-ante-destra-1.jpg\" alt=\"Lavapanni_Lavato_4cd3406ae20dc.jpg_product_product_product_product_product_product_product\" width=\"610\" height=\"610\" id=\"fancybox-img\" srcset=\"https:\/\/img.bagnoitalia.com\/wp-content\/uploads\/virtuemart\/product\/lavatoio-coprilavatrice-bianco-3-ante-destra-1.jpg 1600w, https:\/\/img.bagnoitalia.com\/wp-content\/uploads\/virtuemart\/product\/lavatoio-coprilavatrice-bianco-3-ante-destra-1-768x768.jpg 768w, https:\/\/img.bagnoitalia.com\/wp-content\/uploads\/virtuemart\/product\/lavatoio-coprilavatrice-bianco-3-ante-destra-1-1536x1536.jpg 1536w, https:\/\/img.bagnoitalia.com\/wp-content\/uploads\/virtuemart\/product\/lavatoio-coprilavatrice-bianco-3-ante-destra-1-990x990.jpg 990w, https:\/\/img.bagnoitalia.com\/wp-content\/uploads\/virtuemart\/product\/lavatoio-coprilavatrice-bianco-3-ante-destra-1-441x441.jpg 441w, https:\/\/img.bagnoitalia.com\/wp-content\/uploads\/virtuemart\/product\/lavatoio-coprilavatrice-bianco-3-ante-destra-1-100x100.jpg 100w, https:\/\/img.bagnoitalia.com\/wp-content\/uploads\/virtuemart\/product\/lavatoio-coprilavatrice-bianco-3-ante-destra-1-600x600.jpg 600w, https:\/\/img.bagnoitalia.com\/wp-content\/uploads\/virtuemart\/product\/lavatoio-coprilavatrice-bianco-3-ante-destra-1-150x150.jpg 150w\" sizes=\"(max-width: 610px) 100vw, 610px\" \/><\/p>\n<p> ____________________________________________________________________________________________ <\/p>\n<\/p>\n<p> <span style=\"text-decoration: underline; font-size: 12pt;\"><strong>Linke Version:<\/strong><\/span> <\/p>\n<p><img decoding=\"async\" class=\" size-full wp-image-12494\" src=\"https:\/\/img.bagnoitalia.com\/wp-content\/uploads\/virtuemart\/product\/lavatoio-coprilavatrice-bianco-3-ante-sinistra-2.jpg\" alt=\"Lavapanni_Lavato_4cd3406ae20dc.jpg_product_product_product_product_product_product\" width=\"612\" height=\"612\" id=\"fancybox-img\" srcset=\"https:\/\/img.bagnoitalia.com\/wp-content\/uploads\/virtuemart\/product\/lavatoio-coprilavatrice-bianco-3-ante-sinistra-2.jpg 1600w, https:\/\/img.bagnoitalia.com\/wp-content\/uploads\/virtuemart\/product\/lavatoio-coprilavatrice-bianco-3-ante-sinistra-2-768x768.jpg 768w, https:\/\/img.bagnoitalia.com\/wp-content\/uploads\/virtuemart\/product\/lavatoio-coprilavatrice-bianco-3-ante-sinistra-2-1536x1536.jpg 1536w, https:\/\/img.bagnoitalia.com\/wp-content\/uploads\/virtuemart\/product\/lavatoio-coprilavatrice-bianco-3-ante-sinistra-2-990x990.jpg 990w, https:\/\/img.bagnoitalia.com\/wp-content\/uploads\/virtuemart\/product\/lavatoio-coprilavatrice-bianco-3-ante-sinistra-2-441x441.jpg 441w, https:\/\/img.bagnoitalia.com\/wp-content\/uploads\/virtuemart\/product\/lavatoio-coprilavatrice-bianco-3-ante-sinistra-2-100x100.jpg 100w, https:\/\/img.bagnoitalia.com\/wp-content\/uploads\/virtuemart\/product\/lavatoio-coprilavatrice-bianco-3-ante-sinistra-2-600x600.jpg 600w, https:\/\/img.bagnoitalia.com\/wp-content\/uploads\/virtuemart\/product\/lavatoio-coprilavatrice-bianco-3-ante-sinistra-2-150x150.jpg 150w\" sizes=\"(max-width: 612px) 100vw, 612px\" \/><\/p>\n","protected":false},"excerpt":{"rendered":"<p>Abdeckung Waschmaschine 107x89hx60prof. mit Sp\u00fcle links und rechts, Kunststofft\u00fcr sowohl im Innen- als auch im Au\u00dfenbereich<\/p>\n","protected":false},"featured_media":12458,"comment_status":"open","ping_status":"closed","template":"","meta":[],"product_brand":[9883],"product_cat":[15,10116],"product_tag":[],"class_list":{"0":"post-77503","1":"product","2":"type-product","3":"status-publish","4":"has-post-thumbnail","6":"product_brand-deghi-de","7":"product_cat-senza-categoria","8":"product_cat-senza-categoria-de","10":"first","11":"outofstock","12":"taxable","13":"shipping-taxable","14":"purchasable","15":"product-type-simple"},"exclude_global_add_ons":false,"addons":[{"name":"CAMPI_COPRILAVATRICE\r\n","type":"select","position":0,"required":true,"title_format":"label","default":"","description_enable":false,"description":"","placeholder_enable":false,"placeholder":"","display":"select","restrictions_type":"any_text","adjust_price":false,"price":"","price_type":"","restrictions":false,"min":"0","max":"0","options":[]},{"name":"CAMPI_TIPOLOGIA\r\n","type":"select","position":0,"required":true,"title_format":"label","default":"","description_enable":false,"description":"","placeholder_enable":false,"placeholder":"","display":"select","restrictions_type":"any_text","adjust_price":false,"price":"","price_type":"","restrictions":false,"min":"0","max":"0","options":[]}],"yoast_head":"<!-- This site is optimized with the Yoast SEO plugin v26.7 - https:\/\/yoast.com\/wordpress\/plugins\/seo\/ -->\n<title>Waschbecken mit Waschtrockner Externes internes Waschbecken de<\/title>\n<meta name=\"description\" content=\"Waschbecken aus Kunstharz, Waschbecken mit Waschmantel, Modell f\u00fcr au\u00dfen oder innen, wei\u00df gl\u00e4nzend.\" \/>\n<meta name=\"robots\" content=\"index, follow, max-snippet:-1, max-image-preview:large, max-video-preview:-1\" \/>\n<link rel=\"canonical\" href=\"https:\/\/www.bagnoitalia.com\/de\/produkt\/waschbecken-harzspule-mit-unterlegscheibenabdeckung-fur-den-ausen-oder-innenbereich.html\" \/>\n<meta property=\"og:locale\" content=\"de_DE\" \/>\n<meta property=\"og:type\" content=\"article\" \/>\n<meta property=\"og:title\" content=\"Waschbecken mit Waschtrockner Externes internes Waschbecken de\" \/>\n<meta property=\"og:description\" content=\"Waschbecken aus Kunstharz, Waschbecken mit Waschmantel, Modell f\u00fcr au\u00dfen oder innen, wei\u00df gl\u00e4nzend.\" \/>\n<meta property=\"og:url\" content=\"https:\/\/www.bagnoitalia.com\/de\/produkt\/waschbecken-harzspule-mit-unterlegscheibenabdeckung-fur-den-ausen-oder-innenbereich.html\" \/>\n<meta property=\"og:site_name\" content=\"Bagno Italia\" \/>\n<meta property=\"article:modified_time\" content=\"2025-06-02T21:51:56+00:00\" \/>\n<meta property=\"og:image\" content=\"https:\/\/img.bagnoitalia.com\/wp-content\/uploads\/virtuemart\/product\/Resin-laundry-sink-washing-machine-cover-18564_1542708609_150.jpg\" \/>\n\t<meta property=\"og:image:width\" content=\"1600\" \/>\n\t<meta property=\"og:image:height\" content=\"1600\" \/>\n\t<meta property=\"og:image:type\" content=\"image\/jpeg\" \/>\n<meta name=\"twitter:card\" content=\"summary_large_image\" \/>\n<meta name=\"twitter:label1\" content=\"Gesch\u00e4tzte Lesezeit\" \/>\n\t<meta name=\"twitter:data1\" content=\"1\u00a0Minute\" \/>\n<script type=\"application\/ld+json\" class=\"yoast-schema-graph\">{\"@context\":\"https:\/\/schema.org\",\"@graph\":[{\"@type\":\"WebPage\",\"@id\":\"https:\/\/www.bagnoitalia.com\/de\/produkt\/waschbecken-harzspule-mit-unterlegscheibenabdeckung-fur-den-ausen-oder-innenbereich.html\",\"url\":\"https:\/\/www.bagnoitalia.com\/de\/produkt\/waschbecken-harzspule-mit-unterlegscheibenabdeckung-fur-den-ausen-oder-innenbereich.html\",\"name\":\"Waschbecken mit Waschtrockner Externes internes Waschbecken de\",\"isPartOf\":{\"@id\":\"https:\/\/www.bagnoitalia.com\/de#website\"},\"primaryImageOfPage\":{\"@id\":\"https:\/\/www.bagnoitalia.com\/de\/produkt\/waschbecken-harzspule-mit-unterlegscheibenabdeckung-fur-den-ausen-oder-innenbereich.html#primaryimage\"},\"image\":{\"@id\":\"https:\/\/www.bagnoitalia.com\/de\/produkt\/waschbecken-harzspule-mit-unterlegscheibenabdeckung-fur-den-ausen-oder-innenbereich.html#primaryimage\"},\"thumbnailUrl\":\"https:\/\/img.bagnoitalia.com\/wp-content\/uploads\/virtuemart\/product\/Resin-laundry-sink-washing-machine-cover-18564_1542708609_150.jpg\",\"datePublished\":\"2014-03-13T10:26:38+00:00\",\"dateModified\":\"2025-06-02T21:51:56+00:00\",\"description\":\"Waschbecken aus Kunstharz, Waschbecken mit Waschmantel, Modell f\u00fcr au\u00dfen oder innen, wei\u00df gl\u00e4nzend.\",\"breadcrumb\":{\"@id\":\"https:\/\/www.bagnoitalia.com\/de\/produkt\/waschbecken-harzspule-mit-unterlegscheibenabdeckung-fur-den-ausen-oder-innenbereich.html#breadcrumb\"},\"inLanguage\":\"de\",\"potentialAction\":[{\"@type\":\"ReadAction\",\"target\":[\"https:\/\/www.bagnoitalia.com\/de\/produkt\/waschbecken-harzspule-mit-unterlegscheibenabdeckung-fur-den-ausen-oder-innenbereich.html\"]}]},{\"@type\":\"ImageObject\",\"inLanguage\":\"de\",\"@id\":\"https:\/\/www.bagnoitalia.com\/de\/produkt\/waschbecken-harzspule-mit-unterlegscheibenabdeckung-fur-den-ausen-oder-innenbereich.html#primaryimage\",\"url\":\"https:\/\/img.bagnoitalia.com\/wp-content\/uploads\/virtuemart\/product\/Resin-laundry-sink-washing-machine-cover-18564_1542708609_150.jpg\",\"contentUrl\":\"https:\/\/img.bagnoitalia.com\/wp-content\/uploads\/virtuemart\/product\/Resin-laundry-sink-washing-machine-cover-18564_1542708609_150.jpg\",\"width\":1600,\"height\":1600},{\"@type\":\"BreadcrumbList\",\"@id\":\"https:\/\/www.bagnoitalia.com\/de\/produkt\/waschbecken-harzspule-mit-unterlegscheibenabdeckung-fur-den-ausen-oder-innenbereich.html#breadcrumb\",\"itemListElement\":[{\"@type\":\"ListItem\",\"position\":1,\"name\":\"Home\",\"item\":\"https:\/\/www.bagnoitalia.com\/de\"},{\"@type\":\"ListItem\",\"position\":2,\"name\":\"Produkte\",\"item\":\"https:\/\/www.bagnoitalia.com\/de\/shop\"},{\"@type\":\"ListItem\",\"position\":3,\"name\":\"Waschbecken Harzsp\u00fcle mit Unterlegscheibenabdeckung f\u00fcr den Au\u00dfen- oder Innenbereich\"}]},{\"@type\":\"WebSite\",\"@id\":\"https:\/\/www.bagnoitalia.com\/de#website\",\"url\":\"https:\/\/www.bagnoitalia.com\/de\",\"name\":\"Bagno Italia\",\"description\":\"\",\"publisher\":{\"@id\":\"https:\/\/www.bagnoitalia.com\/de#organization\"},\"potentialAction\":[{\"@type\":\"SearchAction\",\"target\":{\"@type\":\"EntryPoint\",\"urlTemplate\":\"https:\/\/www.bagnoitalia.com\/de?s={search_term_string}\"},\"query-input\":{\"@type\":\"PropertyValueSpecification\",\"valueRequired\":true,\"valueName\":\"search_term_string\"}}],\"inLanguage\":\"de\"},{\"@type\":\"Organization\",\"@id\":\"https:\/\/www.bagnoitalia.com\/de#organization\",\"name\":\"Bagno Italia\",\"url\":\"https:\/\/www.bagnoitalia.com\/de\",\"logo\":{\"@type\":\"ImageObject\",\"inLanguage\":\"de\",\"@id\":\"https:\/\/www.bagnoitalia.com\/de#\/schema\/logo\/image\/\",\"url\":\"https:\/\/img.bagnoitalia.com\/wp-content\/uploads\/logo-bagnoitalia.webp\",\"contentUrl\":\"https:\/\/img.bagnoitalia.com\/wp-content\/uploads\/logo-bagnoitalia.webp\",\"width\":400,\"height\":70,\"caption\":\"Bagno Italia\"},\"image\":{\"@id\":\"https:\/\/www.bagnoitalia.com\/de#\/schema\/logo\/image\/\"}}]}<\/script>\n<!-- \/ Yoast SEO plugin. -->","yoast_head_json":{"title":"Waschbecken mit Waschtrockner Externes internes Waschbecken de","description":"Waschbecken aus Kunstharz, Waschbecken mit Waschmantel, Modell f\u00fcr au\u00dfen oder innen, wei\u00df gl\u00e4nzend.","robots":{"index":"index","follow":"follow","max-snippet":"max-snippet:-1","max-image-preview":"max-image-preview:large","max-video-preview":"max-video-preview:-1"},"canonical":"https:\/\/www.bagnoitalia.com\/de\/produkt\/waschbecken-harzspule-mit-unterlegscheibenabdeckung-fur-den-ausen-oder-innenbereich.html","og_locale":"de_DE","og_type":"article","og_title":"Waschbecken mit Waschtrockner Externes internes Waschbecken de","og_description":"Waschbecken aus Kunstharz, Waschbecken mit Waschmantel, Modell f\u00fcr au\u00dfen oder innen, wei\u00df gl\u00e4nzend.","og_url":"https:\/\/www.bagnoitalia.com\/de\/produkt\/waschbecken-harzspule-mit-unterlegscheibenabdeckung-fur-den-ausen-oder-innenbereich.html","og_site_name":"Bagno Italia","article_modified_time":"2025-06-02T21:51:56+00:00","og_image":[{"width":1600,"height":1600,"url":"https:\/\/img.bagnoitalia.com\/wp-content\/uploads\/virtuemart\/product\/Resin-laundry-sink-washing-machine-cover-18564_1542708609_150.jpg","type":"image\/jpeg"}],"twitter_card":"summary_large_image","twitter_misc":{"Gesch\u00e4tzte Lesezeit":"1\u00a0Minute"},"schema":{"@context":"https:\/\/schema.org","@graph":[{"@type":"WebPage","@id":"https:\/\/www.bagnoitalia.com\/de\/produkt\/waschbecken-harzspule-mit-unterlegscheibenabdeckung-fur-den-ausen-oder-innenbereich.html","url":"https:\/\/www.bagnoitalia.com\/de\/produkt\/waschbecken-harzspule-mit-unterlegscheibenabdeckung-fur-den-ausen-oder-innenbereich.html","name":"Waschbecken mit Waschtrockner Externes internes Waschbecken de","isPartOf":{"@id":"https:\/\/www.bagnoitalia.com\/de#website"},"primaryImageOfPage":{"@id":"https:\/\/www.bagnoitalia.com\/de\/produkt\/waschbecken-harzspule-mit-unterlegscheibenabdeckung-fur-den-ausen-oder-innenbereich.html#primaryimage"},"image":{"@id":"https:\/\/www.bagnoitalia.com\/de\/produkt\/waschbecken-harzspule-mit-unterlegscheibenabdeckung-fur-den-ausen-oder-innenbereich.html#primaryimage"},"thumbnailUrl":"https:\/\/img.bagnoitalia.com\/wp-content\/uploads\/virtuemart\/product\/Resin-laundry-sink-washing-machine-cover-18564_1542708609_150.jpg","datePublished":"2014-03-13T10:26:38+00:00","dateModified":"2025-06-02T21:51:56+00:00","description":"Waschbecken aus Kunstharz, Waschbecken mit Waschmantel, Modell f\u00fcr au\u00dfen oder innen, wei\u00df gl\u00e4nzend.","breadcrumb":{"@id":"https:\/\/www.bagnoitalia.com\/de\/produkt\/waschbecken-harzspule-mit-unterlegscheibenabdeckung-fur-den-ausen-oder-innenbereich.html#breadcrumb"},"inLanguage":"de","potentialAction":[{"@type":"ReadAction","target":["https:\/\/www.bagnoitalia.com\/de\/produkt\/waschbecken-harzspule-mit-unterlegscheibenabdeckung-fur-den-ausen-oder-innenbereich.html"]}]},{"@type":"ImageObject","inLanguage":"de","@id":"https:\/\/www.bagnoitalia.com\/de\/produkt\/waschbecken-harzspule-mit-unterlegscheibenabdeckung-fur-den-ausen-oder-innenbereich.html#primaryimage","url":"https:\/\/img.bagnoitalia.com\/wp-content\/uploads\/virtuemart\/product\/Resin-laundry-sink-washing-machine-cover-18564_1542708609_150.jpg","contentUrl":"https:\/\/img.bagnoitalia.com\/wp-content\/uploads\/virtuemart\/product\/Resin-laundry-sink-washing-machine-cover-18564_1542708609_150.jpg","width":1600,"height":1600},{"@type":"BreadcrumbList","@id":"https:\/\/www.bagnoitalia.com\/de\/produkt\/waschbecken-harzspule-mit-unterlegscheibenabdeckung-fur-den-ausen-oder-innenbereich.html#breadcrumb","itemListElement":[{"@type":"ListItem","position":1,"name":"Home","item":"https:\/\/www.bagnoitalia.com\/de"},{"@type":"ListItem","position":2,"name":"Produkte","item":"https:\/\/www.bagnoitalia.com\/de\/shop"},{"@type":"ListItem","position":3,"name":"Waschbecken Harzsp\u00fcle mit Unterlegscheibenabdeckung f\u00fcr den Au\u00dfen- oder Innenbereich"}]},{"@type":"WebSite","@id":"https:\/\/www.bagnoitalia.com\/de#website","url":"https:\/\/www.bagnoitalia.com\/de","name":"Bagno Italia","description":"","publisher":{"@id":"https:\/\/www.bagnoitalia.com\/de#organization"},"potentialAction":[{"@type":"SearchAction","target":{"@type":"EntryPoint","urlTemplate":"https:\/\/www.bagnoitalia.com\/de?s={search_term_string}"},"query-input":{"@type":"PropertyValueSpecification","valueRequired":true,"valueName":"search_term_string"}}],"inLanguage":"de"},{"@type":"Organization","@id":"https:\/\/www.bagnoitalia.com\/de#organization","name":"Bagno Italia","url":"https:\/\/www.bagnoitalia.com\/de","logo":{"@type":"ImageObject","inLanguage":"de","@id":"https:\/\/www.bagnoitalia.com\/de#\/schema\/logo\/image\/","url":"https:\/\/img.bagnoitalia.com\/wp-content\/uploads\/logo-bagnoitalia.webp","contentUrl":"https:\/\/img.bagnoitalia.com\/wp-content\/uploads\/logo-bagnoitalia.webp","width":400,"height":70,"caption":"Bagno Italia"},"image":{"@id":"https:\/\/www.bagnoitalia.com\/de#\/schema\/logo\/image\/"}}]}},"_links":{"self":[{"href":"https:\/\/www.bagnoitalia.com\/de\/wp-json\/wp\/v2\/product\/77503","targetHints":{"allow":["GET"]}}],"collection":[{"href":"https:\/\/www.bagnoitalia.com\/de\/wp-json\/wp\/v2\/product"}],"about":[{"href":"https:\/\/www.bagnoitalia.com\/de\/wp-json\/wp\/v2\/types\/product"}],"replies":[{"embeddable":true,"href":"https:\/\/www.bagnoitalia.com\/de\/wp-json\/wp\/v2\/comments?post=77503"}],"version-history":[{"count":0,"href":"https:\/\/www.bagnoitalia.com\/de\/wp-json\/wp\/v2\/product\/77503\/revisions"}],"wp:featuredmedia":[{"embeddable":true,"href":"https:\/\/www.bagnoitalia.com\/de\/wp-json\/wp\/v2\/media\/12458"}],"wp:attachment":[{"href":"https:\/\/www.bagnoitalia.com\/de\/wp-json\/wp\/v2\/media?parent=77503"}],"wp:term":[{"taxonomy":"product_brand","embeddable":true,"href":"https:\/\/www.bagnoitalia.com\/de\/wp-json\/wp\/v2\/product_brand?post=77503"},{"taxonomy":"product_cat","embeddable":true,"href":"https:\/\/www.bagnoitalia.com\/de\/wp-json\/wp\/v2\/product_cat?post=77503"},{"taxonomy":"product_tag","embeddable":true,"href":"https:\/\/www.bagnoitalia.com\/de\/wp-json\/wp\/v2\/product_tag?post=77503"}],"curies":[{"name":"wp","href":"https:\/\/api.w.org\/{rel}","templated":true}]}}