{"id":77419,"date":"2010-07-12T22:22:55","date_gmt":"2010-07-12T20:22:55","guid":{"rendered":"https:\/\/www.bagnoitalia.com\/product\/aufsatzwaschbecken-fur-moderne-abgerundete-badezimmermobel-modell-sofia"},"modified":"2024-05-27T16:38:44","modified_gmt":"2024-05-27T14:38:44","slug":"aufsatzwaschbecken-fur-moderne-abgerundete-badezimmermobel-modell-sofia","status":"publish","type":"product","link":"https:\/\/www.bagnoitalia.com\/de\/produkt\/aufsatzwaschbecken-fur-moderne-abgerundete-badezimmermobel-modell-sofia.html","title":{"rendered":"Sofia Aufsatzwaschbecken aus Keramik, modernes rundes Design"},"content":{"rendered":"<p style=\"text-align: justify;\"><big><strong>Sofia Aufsatzwaschbecken f\u00fcr moderne Badezimmer<\/strong><span style=\"font-size: small;\">,\u00a0<strong>44x44x18cm<\/strong><\/span><\/big><\/p>\n<p>&nbsp;<\/p>\n<p><strong>Sie k\u00f6nnen das Ablaufventil mit pop-up-Funktion \u00fcber das Men\u00fc zu Ihrer Bestellung hinzuf\u00fcgen.<\/strong><\/p>\n<p><img fetchpriority=\"high\" decoding=\"async\" class=\" size-full wp-image-12078\" src=\"https:\/\/img.bagnoitalia.com\/wp-content\/uploads\/piletta_automati_4be32113b90615.jpg\" alt=\"\" width=\"320\" height=\"320\" srcset=\"https:\/\/img.bagnoitalia.com\/wp-content\/uploads\/piletta_automati_4be32113b90615.jpg 320w, https:\/\/img.bagnoitalia.com\/wp-content\/uploads\/piletta_automati_4be32113b90615-100x100.jpg 100w, https:\/\/img.bagnoitalia.com\/wp-content\/uploads\/piletta_automati_4be32113b90615-150x150.jpg 150w\" sizes=\"(max-width: 320px) 100vw, 320px\" \/><\/p>\n","protected":false},"excerpt":{"rendered":"<p>Sofia Aufsatzwaschbecken aus Keramik f\u00fcr moderne Badezimmer. 44x44x18cm gro\u00df.<\/p>\n","protected":false},"featured_media":12074,"comment_status":"open","ping_status":"closed","template":"","meta":[],"product_brand":[5011],"product_cat":[9700],"product_tag":[],"class_list":{"0":"post-77419","1":"product","2":"type-product","3":"status-publish","4":"has-post-thumbnail","6":"product_brand-baden-haus","7":"product_cat-aufsatzwaschbecken","9":"first","10":"instock","11":"sale","12":"taxable","13":"shipping-taxable","14":"purchasable","15":"product-type-simple"},"exclude_global_add_ons":false,"addons":[{"name":"Abfluss","type":"multiple_choice","position":0,"required":true,"title_format":"heading","default":"","description_enable":false,"description":"","placeholder_enable":false,"placeholder":"","display":"select","restrictions_type":"any_text","adjust_price":false,"price":"","price_type":"flat_fee","restrictions":false,"min":"0","max":"0","options":[{"label":"Kein Abfluss","price":"","price_type":"quantity_based","image":0,"visibility":true},{"label":"Klick-Klack-Abfluss","price":"15","price_type":"quantity_based","image":0,"visibility":true}],"id":1716827925}],"yoast_head":"<!-- This site is optimized with the Yoast SEO plugin v26.7 - https:\/\/yoast.com\/wordpress\/plugins\/seo\/ -->\n<title>Aufsatzwaschbecken f\u00fcr runden Badezimmerschrank<\/title>\n<meta name=\"description\" content=\"Wei\u00dfes, rundes, modernes 44x44x18h Aufsatzwaschbecken. Anpassbar an jeden Boden.\" \/>\n<meta name=\"robots\" content=\"index, follow, max-snippet:-1, max-image-preview:large, max-video-preview:-1\" \/>\n<link rel=\"canonical\" href=\"https:\/\/www.bagnoitalia.com\/de\/produkt\/aufsatzwaschbecken-fur-moderne-abgerundete-badezimmermobel-modell-sofia.html\" \/>\n<meta property=\"og:locale\" content=\"de_DE\" \/>\n<meta property=\"og:type\" content=\"article\" \/>\n<meta property=\"og:title\" content=\"Aufsatzwaschbecken f\u00fcr runden Badezimmerschrank\" \/>\n<meta property=\"og:description\" content=\"Wei\u00dfes, rundes, modernes 44x44x18h Aufsatzwaschbecken. Anpassbar an jeden Boden.\" \/>\n<meta property=\"og:url\" content=\"https:\/\/www.bagnoitalia.com\/de\/produkt\/aufsatzwaschbecken-fur-moderne-abgerundete-badezimmermobel-modell-sofia.html\" \/>\n<meta property=\"og:site_name\" content=\"Bagno Italia\" \/>\n<meta property=\"article:modified_time\" content=\"2024-05-27T14:38:44+00:00\" \/>\n<meta property=\"og:image\" content=\"https:\/\/img.bagnoitalia.com\/wp-content\/uploads\/virtuemart\/product\/Countertop-washbasin-for-modern-bathroom-cabinet-rounded-16546_1542647738_7662.jpg\" \/>\n\t<meta property=\"og:image:width\" content=\"408\" \/>\n\t<meta property=\"og:image:height\" content=\"408\" \/>\n\t<meta property=\"og:image:type\" content=\"image\/jpeg\" \/>\n<meta name=\"twitter:card\" content=\"summary_large_image\" \/>\n<meta name=\"twitter:label1\" content=\"Gesch\u00e4tzte Lesezeit\" \/>\n\t<meta name=\"twitter:data1\" content=\"1\u00a0Minute\" \/>\n<script type=\"application\/ld+json\" class=\"yoast-schema-graph\">{\"@context\":\"https:\/\/schema.org\",\"@graph\":[{\"@type\":\"WebPage\",\"@id\":\"https:\/\/www.bagnoitalia.com\/de\/produkt\/aufsatzwaschbecken-fur-moderne-abgerundete-badezimmermobel-modell-sofia.html\",\"url\":\"https:\/\/www.bagnoitalia.com\/de\/produkt\/aufsatzwaschbecken-fur-moderne-abgerundete-badezimmermobel-modell-sofia.html\",\"name\":\"Aufsatzwaschbecken f\u00fcr runden Badezimmerschrank\",\"isPartOf\":{\"@id\":\"https:\/\/www.bagnoitalia.com\/de#website\"},\"primaryImageOfPage\":{\"@id\":\"https:\/\/www.bagnoitalia.com\/de\/produkt\/aufsatzwaschbecken-fur-moderne-abgerundete-badezimmermobel-modell-sofia.html#primaryimage\"},\"image\":{\"@id\":\"https:\/\/www.bagnoitalia.com\/de\/produkt\/aufsatzwaschbecken-fur-moderne-abgerundete-badezimmermobel-modell-sofia.html#primaryimage\"},\"thumbnailUrl\":\"https:\/\/img.bagnoitalia.com\/wp-content\/uploads\/virtuemart\/product\/Countertop-washbasin-for-modern-bathroom-cabinet-rounded-16546_1542647738_7662.jpg\",\"datePublished\":\"2010-07-12T20:22:55+00:00\",\"dateModified\":\"2024-05-27T14:38:44+00:00\",\"description\":\"Wei\u00dfes, rundes, modernes 44x44x18h Aufsatzwaschbecken. Anpassbar an jeden Boden.\",\"breadcrumb\":{\"@id\":\"https:\/\/www.bagnoitalia.com\/de\/produkt\/aufsatzwaschbecken-fur-moderne-abgerundete-badezimmermobel-modell-sofia.html#breadcrumb\"},\"inLanguage\":\"de\",\"potentialAction\":[{\"@type\":\"ReadAction\",\"target\":[\"https:\/\/www.bagnoitalia.com\/de\/produkt\/aufsatzwaschbecken-fur-moderne-abgerundete-badezimmermobel-modell-sofia.html\"]}]},{\"@type\":\"ImageObject\",\"inLanguage\":\"de\",\"@id\":\"https:\/\/www.bagnoitalia.com\/de\/produkt\/aufsatzwaschbecken-fur-moderne-abgerundete-badezimmermobel-modell-sofia.html#primaryimage\",\"url\":\"https:\/\/img.bagnoitalia.com\/wp-content\/uploads\/virtuemart\/product\/Countertop-washbasin-for-modern-bathroom-cabinet-rounded-16546_1542647738_7662.jpg\",\"contentUrl\":\"https:\/\/img.bagnoitalia.com\/wp-content\/uploads\/virtuemart\/product\/Countertop-washbasin-for-modern-bathroom-cabinet-rounded-16546_1542647738_7662.jpg\",\"width\":408,\"height\":408},{\"@type\":\"BreadcrumbList\",\"@id\":\"https:\/\/www.bagnoitalia.com\/de\/produkt\/aufsatzwaschbecken-fur-moderne-abgerundete-badezimmermobel-modell-sofia.html#breadcrumb\",\"itemListElement\":[{\"@type\":\"ListItem\",\"position\":1,\"name\":\"Home\",\"item\":\"https:\/\/www.bagnoitalia.com\/de\"},{\"@type\":\"ListItem\",\"position\":2,\"name\":\"Produkte\",\"item\":\"https:\/\/www.bagnoitalia.com\/de\/shop\"},{\"@type\":\"ListItem\",\"position\":3,\"name\":\"Sofia Aufsatzwaschbecken aus Keramik, modernes rundes Design\"}]},{\"@type\":\"WebSite\",\"@id\":\"https:\/\/www.bagnoitalia.com\/de#website\",\"url\":\"https:\/\/www.bagnoitalia.com\/de\",\"name\":\"Bagno Italia\",\"description\":\"\",\"publisher\":{\"@id\":\"https:\/\/www.bagnoitalia.com\/de#organization\"},\"potentialAction\":[{\"@type\":\"SearchAction\",\"target\":{\"@type\":\"EntryPoint\",\"urlTemplate\":\"https:\/\/www.bagnoitalia.com\/de?s={search_term_string}\"},\"query-input\":{\"@type\":\"PropertyValueSpecification\",\"valueRequired\":true,\"valueName\":\"search_term_string\"}}],\"inLanguage\":\"de\"},{\"@type\":\"Organization\",\"@id\":\"https:\/\/www.bagnoitalia.com\/de#organization\",\"name\":\"Bagno Italia\",\"url\":\"https:\/\/www.bagnoitalia.com\/de\",\"logo\":{\"@type\":\"ImageObject\",\"inLanguage\":\"de\",\"@id\":\"https:\/\/www.bagnoitalia.com\/de#\/schema\/logo\/image\/\",\"url\":\"https:\/\/img.bagnoitalia.com\/wp-content\/uploads\/logo-bagnoitalia.webp\",\"contentUrl\":\"https:\/\/img.bagnoitalia.com\/wp-content\/uploads\/logo-bagnoitalia.webp\",\"width\":400,\"height\":70,\"caption\":\"Bagno Italia\"},\"image\":{\"@id\":\"https:\/\/www.bagnoitalia.com\/de#\/schema\/logo\/image\/\"}}]}<\/script>\n<!-- \/ Yoast SEO plugin. -->","yoast_head_json":{"title":"Aufsatzwaschbecken f\u00fcr runden Badezimmerschrank","description":"Wei\u00dfes, rundes, modernes 44x44x18h Aufsatzwaschbecken. Anpassbar an jeden Boden.","robots":{"index":"index","follow":"follow","max-snippet":"max-snippet:-1","max-image-preview":"max-image-preview:large","max-video-preview":"max-video-preview:-1"},"canonical":"https:\/\/www.bagnoitalia.com\/de\/produkt\/aufsatzwaschbecken-fur-moderne-abgerundete-badezimmermobel-modell-sofia.html","og_locale":"de_DE","og_type":"article","og_title":"Aufsatzwaschbecken f\u00fcr runden Badezimmerschrank","og_description":"Wei\u00dfes, rundes, modernes 44x44x18h Aufsatzwaschbecken. Anpassbar an jeden Boden.","og_url":"https:\/\/www.bagnoitalia.com\/de\/produkt\/aufsatzwaschbecken-fur-moderne-abgerundete-badezimmermobel-modell-sofia.html","og_site_name":"Bagno Italia","article_modified_time":"2024-05-27T14:38:44+00:00","og_image":[{"width":408,"height":408,"url":"https:\/\/img.bagnoitalia.com\/wp-content\/uploads\/virtuemart\/product\/Countertop-washbasin-for-modern-bathroom-cabinet-rounded-16546_1542647738_7662.jpg","type":"image\/jpeg"}],"twitter_card":"summary_large_image","twitter_misc":{"Gesch\u00e4tzte Lesezeit":"1\u00a0Minute"},"schema":{"@context":"https:\/\/schema.org","@graph":[{"@type":"WebPage","@id":"https:\/\/www.bagnoitalia.com\/de\/produkt\/aufsatzwaschbecken-fur-moderne-abgerundete-badezimmermobel-modell-sofia.html","url":"https:\/\/www.bagnoitalia.com\/de\/produkt\/aufsatzwaschbecken-fur-moderne-abgerundete-badezimmermobel-modell-sofia.html","name":"Aufsatzwaschbecken f\u00fcr runden Badezimmerschrank","isPartOf":{"@id":"https:\/\/www.bagnoitalia.com\/de#website"},"primaryImageOfPage":{"@id":"https:\/\/www.bagnoitalia.com\/de\/produkt\/aufsatzwaschbecken-fur-moderne-abgerundete-badezimmermobel-modell-sofia.html#primaryimage"},"image":{"@id":"https:\/\/www.bagnoitalia.com\/de\/produkt\/aufsatzwaschbecken-fur-moderne-abgerundete-badezimmermobel-modell-sofia.html#primaryimage"},"thumbnailUrl":"https:\/\/img.bagnoitalia.com\/wp-content\/uploads\/virtuemart\/product\/Countertop-washbasin-for-modern-bathroom-cabinet-rounded-16546_1542647738_7662.jpg","datePublished":"2010-07-12T20:22:55+00:00","dateModified":"2024-05-27T14:38:44+00:00","description":"Wei\u00dfes, rundes, modernes 44x44x18h Aufsatzwaschbecken. Anpassbar an jeden Boden.","breadcrumb":{"@id":"https:\/\/www.bagnoitalia.com\/de\/produkt\/aufsatzwaschbecken-fur-moderne-abgerundete-badezimmermobel-modell-sofia.html#breadcrumb"},"inLanguage":"de","potentialAction":[{"@type":"ReadAction","target":["https:\/\/www.bagnoitalia.com\/de\/produkt\/aufsatzwaschbecken-fur-moderne-abgerundete-badezimmermobel-modell-sofia.html"]}]},{"@type":"ImageObject","inLanguage":"de","@id":"https:\/\/www.bagnoitalia.com\/de\/produkt\/aufsatzwaschbecken-fur-moderne-abgerundete-badezimmermobel-modell-sofia.html#primaryimage","url":"https:\/\/img.bagnoitalia.com\/wp-content\/uploads\/virtuemart\/product\/Countertop-washbasin-for-modern-bathroom-cabinet-rounded-16546_1542647738_7662.jpg","contentUrl":"https:\/\/img.bagnoitalia.com\/wp-content\/uploads\/virtuemart\/product\/Countertop-washbasin-for-modern-bathroom-cabinet-rounded-16546_1542647738_7662.jpg","width":408,"height":408},{"@type":"BreadcrumbList","@id":"https:\/\/www.bagnoitalia.com\/de\/produkt\/aufsatzwaschbecken-fur-moderne-abgerundete-badezimmermobel-modell-sofia.html#breadcrumb","itemListElement":[{"@type":"ListItem","position":1,"name":"Home","item":"https:\/\/www.bagnoitalia.com\/de"},{"@type":"ListItem","position":2,"name":"Produkte","item":"https:\/\/www.bagnoitalia.com\/de\/shop"},{"@type":"ListItem","position":3,"name":"Sofia Aufsatzwaschbecken aus Keramik, modernes rundes Design"}]},{"@type":"WebSite","@id":"https:\/\/www.bagnoitalia.com\/de#website","url":"https:\/\/www.bagnoitalia.com\/de","name":"Bagno Italia","description":"","publisher":{"@id":"https:\/\/www.bagnoitalia.com\/de#organization"},"potentialAction":[{"@type":"SearchAction","target":{"@type":"EntryPoint","urlTemplate":"https:\/\/www.bagnoitalia.com\/de?s={search_term_string}"},"query-input":{"@type":"PropertyValueSpecification","valueRequired":true,"valueName":"search_term_string"}}],"inLanguage":"de"},{"@type":"Organization","@id":"https:\/\/www.bagnoitalia.com\/de#organization","name":"Bagno Italia","url":"https:\/\/www.bagnoitalia.com\/de","logo":{"@type":"ImageObject","inLanguage":"de","@id":"https:\/\/www.bagnoitalia.com\/de#\/schema\/logo\/image\/","url":"https:\/\/img.bagnoitalia.com\/wp-content\/uploads\/logo-bagnoitalia.webp","contentUrl":"https:\/\/img.bagnoitalia.com\/wp-content\/uploads\/logo-bagnoitalia.webp","width":400,"height":70,"caption":"Bagno Italia"},"image":{"@id":"https:\/\/www.bagnoitalia.com\/de#\/schema\/logo\/image\/"}}]}},"_links":{"self":[{"href":"https:\/\/www.bagnoitalia.com\/de\/wp-json\/wp\/v2\/product\/77419","targetHints":{"allow":["GET"]}}],"collection":[{"href":"https:\/\/www.bagnoitalia.com\/de\/wp-json\/wp\/v2\/product"}],"about":[{"href":"https:\/\/www.bagnoitalia.com\/de\/wp-json\/wp\/v2\/types\/product"}],"replies":[{"embeddable":true,"href":"https:\/\/www.bagnoitalia.com\/de\/wp-json\/wp\/v2\/comments?post=77419"}],"version-history":[{"count":1,"href":"https:\/\/www.bagnoitalia.com\/de\/wp-json\/wp\/v2\/product\/77419\/revisions"}],"predecessor-version":[{"id":88409,"href":"https:\/\/www.bagnoitalia.com\/de\/wp-json\/wp\/v2\/product\/77419\/revisions\/88409"}],"wp:featuredmedia":[{"embeddable":true,"href":"https:\/\/www.bagnoitalia.com\/de\/wp-json\/wp\/v2\/media\/12074"}],"wp:attachment":[{"href":"https:\/\/www.bagnoitalia.com\/de\/wp-json\/wp\/v2\/media?parent=77419"}],"wp:term":[{"taxonomy":"product_brand","embeddable":true,"href":"https:\/\/www.bagnoitalia.com\/de\/wp-json\/wp\/v2\/product_brand?post=77419"},{"taxonomy":"product_cat","embeddable":true,"href":"https:\/\/www.bagnoitalia.com\/de\/wp-json\/wp\/v2\/product_cat?post=77419"},{"taxonomy":"product_tag","embeddable":true,"href":"https:\/\/www.bagnoitalia.com\/de\/wp-json\/wp\/v2\/product_tag?post=77419"}],"curies":[{"name":"wp","href":"https:\/\/api.w.org\/{rel}","templated":true}]}}