{"id":77343,"date":"2010-06-03T13:37:43","date_gmt":"2010-06-03T11:37:43","guid":{"rendered":"https:\/\/www.bagnoitalia.com\/product\/cleo-badmobel-75-cm-weis-glanzend"},"modified":"2025-11-26T12:11:42","modified_gmt":"2025-11-26T11:11:42","slug":"cleo-badmobel-75-cm-weis-glanzend","status":"publish","type":"product","link":"https:\/\/www.bagnoitalia.com\/de\/produkt\/cleo-badmobel-75-cm-weis-glanzend.html","title":{"rendered":"Cleo Badezimmerschrank 75 cm, gl\u00e4nzend wei\u00df"},"content":{"rendered":"<p><strong><span dir=\"auto\">Der oben genannte Preis beinhaltet:<\/span><\/strong><\/p>\n<p><span dir=\"auto\">Nr. 1 Cleo Sockel 70 cm x 34 cm Tiefe x 190 cm H\u00f6he<\/span><\/p>\n<p><span dir=\"auto\">Nr. 1 Keramikwaschbecken 75 cm<\/span><\/p>\n<p>&nbsp;<\/p>\n<p><strong><span dir=\"auto\">ACHTUNG: DER SPIEGEL IST NICHT MEHR VERF\u00dcGBAR UND\u00a0\u00a0<\/span><span dir=\"auto\">IST DAHER NICHT IM ANGEBOT ENTHALTEN.<\/span><\/strong><\/p>\n<p>&nbsp;<\/p>\n<p><strong><span dir=\"auto\">Verwendete Materialien<\/span><\/strong><\/p>\n<p><span dir=\"auto\">Waschbeckenunterteil: aus MDF<\/span><\/p>\n<p><span dir=\"auto\">T\u00fcren: aus lackiertem MDF (mitteldichtem Stahl)<\/span><\/p>\n<p><span dir=\"auto\">Waschbecken: Keramik<\/span><\/p>\n<p><span dir=\"auto\">Griffe: poliertes Chrom<\/span><\/p>\n<p><span dir=\"auto\">F\u00fchrungen: Metall<\/span><\/p>\n<p>&nbsp;<\/p>\n","protected":false},"excerpt":{"rendered":"<div class=\"woocommerce-product-details__short-description\">\n<p><span dir=\"auto\"><span class=\"VIpgJd-yAWNEb-VIpgJd-fmcmS-sn54Q\" dir=\"auto\">Cleo Waschtisch mit Keramikwaschbecken; freistehender Waschtisch mit Sockel. BITTE BEACHTEN SIE: DER SPIEGEL IST NICHT MEHR VERF\u00dcGBAR UND NICHT IM ANGEBOT ENTHALTEN.<\/span><\/span><\/p>\n<\/div>\n<div class=\"woocommerce-product-rating\">\n<div class=\"star-rating\" role=\"img\" aria-label=\"Bewertung: 4,92 von 5 Sternen\"><\/div>\n<\/div>\n","protected":false},"featured_media":11667,"comment_status":"open","ping_status":"closed","template":"","meta":[],"product_brand":[9898],"product_cat":[9660],"product_tag":[],"class_list":{"0":"post-77343","1":"product","2":"type-product","3":"status-publish","4":"has-post-thumbnail","6":"product_brand-baden-haus-de","7":"product_cat-badmobel-gunstig","9":"first","10":"instock","11":"sale","12":"taxable","13":"shipping-taxable","14":"purchasable","15":"product-type-simple"},"exclude_global_add_ons":[],"addons":[],"yoast_head":"<!-- This site is optimized with the Yoast SEO plugin v26.7 - https:\/\/yoast.com\/wordpress\/plugins\/seo\/ -->\n<title>Cleo Badschrank 75 cm wei\u00df bh<\/title>\n<meta name=\"description\" content=\"Cleo Bathroom Furniture 75 - Traditionelle gl\u00e4nzende wei\u00dfe 2-t\u00fcrige Badezimmerm\u00f6bel mit integriertem Keramikwaschbecken und Spiegel. Erfahren Sie mehr!\" \/>\n<meta name=\"robots\" content=\"index, follow, max-snippet:-1, max-image-preview:large, max-video-preview:-1\" \/>\n<link rel=\"canonical\" href=\"https:\/\/www.bagnoitalia.com\/de\/produkt\/cleo-badmobel-75-cm-weis-glanzend.html\" \/>\n<meta property=\"og:locale\" content=\"de_DE\" \/>\n<meta property=\"og:type\" content=\"article\" \/>\n<meta property=\"og:title\" content=\"Cleo Badschrank 75 cm wei\u00df bh\" \/>\n<meta property=\"og:description\" content=\"Cleo Bathroom Furniture 75 - Traditionelle gl\u00e4nzende wei\u00dfe 2-t\u00fcrige Badezimmerm\u00f6bel mit integriertem Keramikwaschbecken und Spiegel. Erfahren Sie mehr!\" \/>\n<meta property=\"og:url\" content=\"https:\/\/www.bagnoitalia.com\/de\/produkt\/cleo-badmobel-75-cm-weis-glanzend.html\" \/>\n<meta property=\"og:site_name\" content=\"Bagno Italia\" \/>\n<meta property=\"article:modified_time\" content=\"2025-11-26T11:11:42+00:00\" \/>\n<meta property=\"og:image\" content=\"https:\/\/img.bagnoitalia.com\/wp-content\/uploads\/virtuemart\/product\/Cleo-Bathroom-Cabinet-cm-75-white-4548_1542706511_414.png\" \/>\n\t<meta property=\"og:image:width\" content=\"640\" \/>\n\t<meta property=\"og:image:height\" content=\"640\" \/>\n\t<meta property=\"og:image:type\" content=\"image\/png\" \/>\n<meta name=\"twitter:card\" content=\"summary_large_image\" \/>\n<meta name=\"twitter:label1\" content=\"Gesch\u00e4tzte Lesezeit\" \/>\n\t<meta name=\"twitter:data1\" content=\"1\u00a0Minute\" \/>\n<script type=\"application\/ld+json\" class=\"yoast-schema-graph\">{\"@context\":\"https:\/\/schema.org\",\"@graph\":[{\"@type\":\"WebPage\",\"@id\":\"https:\/\/www.bagnoitalia.com\/de\/produkt\/cleo-badmobel-75-cm-weis-glanzend.html\",\"url\":\"https:\/\/www.bagnoitalia.com\/de\/produkt\/cleo-badmobel-75-cm-weis-glanzend.html\",\"name\":\"Cleo Badschrank 75 cm wei\u00df bh\",\"isPartOf\":{\"@id\":\"https:\/\/www.bagnoitalia.com\/de#website\"},\"primaryImageOfPage\":{\"@id\":\"https:\/\/www.bagnoitalia.com\/de\/produkt\/cleo-badmobel-75-cm-weis-glanzend.html#primaryimage\"},\"image\":{\"@id\":\"https:\/\/www.bagnoitalia.com\/de\/produkt\/cleo-badmobel-75-cm-weis-glanzend.html#primaryimage\"},\"thumbnailUrl\":\"https:\/\/img.bagnoitalia.com\/wp-content\/uploads\/virtuemart\/product\/Cleo-Bathroom-Cabinet-cm-75-white-4548_1542706511_414.png\",\"datePublished\":\"2010-06-03T11:37:43+00:00\",\"dateModified\":\"2025-11-26T11:11:42+00:00\",\"description\":\"Cleo Bathroom Furniture 75 - Traditionelle gl\u00e4nzende wei\u00dfe 2-t\u00fcrige Badezimmerm\u00f6bel mit integriertem Keramikwaschbecken und Spiegel. Erfahren Sie mehr!\",\"breadcrumb\":{\"@id\":\"https:\/\/www.bagnoitalia.com\/de\/produkt\/cleo-badmobel-75-cm-weis-glanzend.html#breadcrumb\"},\"inLanguage\":\"de\",\"potentialAction\":[{\"@type\":\"ReadAction\",\"target\":[\"https:\/\/www.bagnoitalia.com\/de\/produkt\/cleo-badmobel-75-cm-weis-glanzend.html\"]}]},{\"@type\":\"ImageObject\",\"inLanguage\":\"de\",\"@id\":\"https:\/\/www.bagnoitalia.com\/de\/produkt\/cleo-badmobel-75-cm-weis-glanzend.html#primaryimage\",\"url\":\"https:\/\/img.bagnoitalia.com\/wp-content\/uploads\/virtuemart\/product\/Cleo-Bathroom-Cabinet-cm-75-white-4548_1542706511_414.png\",\"contentUrl\":\"https:\/\/img.bagnoitalia.com\/wp-content\/uploads\/virtuemart\/product\/Cleo-Bathroom-Cabinet-cm-75-white-4548_1542706511_414.png\",\"width\":640,\"height\":640},{\"@type\":\"BreadcrumbList\",\"@id\":\"https:\/\/www.bagnoitalia.com\/de\/produkt\/cleo-badmobel-75-cm-weis-glanzend.html#breadcrumb\",\"itemListElement\":[{\"@type\":\"ListItem\",\"position\":1,\"name\":\"Home\",\"item\":\"https:\/\/www.bagnoitalia.com\/de\"},{\"@type\":\"ListItem\",\"position\":2,\"name\":\"Produkte\",\"item\":\"https:\/\/www.bagnoitalia.com\/de\/shop\"},{\"@type\":\"ListItem\",\"position\":3,\"name\":\"Cleo Badezimmerschrank 75 cm, gl\u00e4nzend wei\u00df\"}]},{\"@type\":\"WebSite\",\"@id\":\"https:\/\/www.bagnoitalia.com\/de#website\",\"url\":\"https:\/\/www.bagnoitalia.com\/de\",\"name\":\"Bagno Italia\",\"description\":\"\",\"publisher\":{\"@id\":\"https:\/\/www.bagnoitalia.com\/de#organization\"},\"potentialAction\":[{\"@type\":\"SearchAction\",\"target\":{\"@type\":\"EntryPoint\",\"urlTemplate\":\"https:\/\/www.bagnoitalia.com\/de?s={search_term_string}\"},\"query-input\":{\"@type\":\"PropertyValueSpecification\",\"valueRequired\":true,\"valueName\":\"search_term_string\"}}],\"inLanguage\":\"de\"},{\"@type\":\"Organization\",\"@id\":\"https:\/\/www.bagnoitalia.com\/de#organization\",\"name\":\"Bagno Italia\",\"url\":\"https:\/\/www.bagnoitalia.com\/de\",\"logo\":{\"@type\":\"ImageObject\",\"inLanguage\":\"de\",\"@id\":\"https:\/\/www.bagnoitalia.com\/de#\/schema\/logo\/image\/\",\"url\":\"https:\/\/img.bagnoitalia.com\/wp-content\/uploads\/logo-bagnoitalia.webp\",\"contentUrl\":\"https:\/\/img.bagnoitalia.com\/wp-content\/uploads\/logo-bagnoitalia.webp\",\"width\":400,\"height\":70,\"caption\":\"Bagno Italia\"},\"image\":{\"@id\":\"https:\/\/www.bagnoitalia.com\/de#\/schema\/logo\/image\/\"}}]}<\/script>\n<!-- \/ Yoast SEO plugin. -->","yoast_head_json":{"title":"Cleo Badschrank 75 cm wei\u00df bh","description":"Cleo Bathroom Furniture 75 - Traditionelle gl\u00e4nzende wei\u00dfe 2-t\u00fcrige Badezimmerm\u00f6bel mit integriertem Keramikwaschbecken und Spiegel. Erfahren Sie mehr!","robots":{"index":"index","follow":"follow","max-snippet":"max-snippet:-1","max-image-preview":"max-image-preview:large","max-video-preview":"max-video-preview:-1"},"canonical":"https:\/\/www.bagnoitalia.com\/de\/produkt\/cleo-badmobel-75-cm-weis-glanzend.html","og_locale":"de_DE","og_type":"article","og_title":"Cleo Badschrank 75 cm wei\u00df bh","og_description":"Cleo Bathroom Furniture 75 - Traditionelle gl\u00e4nzende wei\u00dfe 2-t\u00fcrige Badezimmerm\u00f6bel mit integriertem Keramikwaschbecken und Spiegel. Erfahren Sie mehr!","og_url":"https:\/\/www.bagnoitalia.com\/de\/produkt\/cleo-badmobel-75-cm-weis-glanzend.html","og_site_name":"Bagno Italia","article_modified_time":"2025-11-26T11:11:42+00:00","og_image":[{"width":640,"height":640,"url":"https:\/\/img.bagnoitalia.com\/wp-content\/uploads\/virtuemart\/product\/Cleo-Bathroom-Cabinet-cm-75-white-4548_1542706511_414.png","type":"image\/png"}],"twitter_card":"summary_large_image","twitter_misc":{"Gesch\u00e4tzte Lesezeit":"1\u00a0Minute"},"schema":{"@context":"https:\/\/schema.org","@graph":[{"@type":"WebPage","@id":"https:\/\/www.bagnoitalia.com\/de\/produkt\/cleo-badmobel-75-cm-weis-glanzend.html","url":"https:\/\/www.bagnoitalia.com\/de\/produkt\/cleo-badmobel-75-cm-weis-glanzend.html","name":"Cleo Badschrank 75 cm wei\u00df bh","isPartOf":{"@id":"https:\/\/www.bagnoitalia.com\/de#website"},"primaryImageOfPage":{"@id":"https:\/\/www.bagnoitalia.com\/de\/produkt\/cleo-badmobel-75-cm-weis-glanzend.html#primaryimage"},"image":{"@id":"https:\/\/www.bagnoitalia.com\/de\/produkt\/cleo-badmobel-75-cm-weis-glanzend.html#primaryimage"},"thumbnailUrl":"https:\/\/img.bagnoitalia.com\/wp-content\/uploads\/virtuemart\/product\/Cleo-Bathroom-Cabinet-cm-75-white-4548_1542706511_414.png","datePublished":"2010-06-03T11:37:43+00:00","dateModified":"2025-11-26T11:11:42+00:00","description":"Cleo Bathroom Furniture 75 - Traditionelle gl\u00e4nzende wei\u00dfe 2-t\u00fcrige Badezimmerm\u00f6bel mit integriertem Keramikwaschbecken und Spiegel. Erfahren Sie mehr!","breadcrumb":{"@id":"https:\/\/www.bagnoitalia.com\/de\/produkt\/cleo-badmobel-75-cm-weis-glanzend.html#breadcrumb"},"inLanguage":"de","potentialAction":[{"@type":"ReadAction","target":["https:\/\/www.bagnoitalia.com\/de\/produkt\/cleo-badmobel-75-cm-weis-glanzend.html"]}]},{"@type":"ImageObject","inLanguage":"de","@id":"https:\/\/www.bagnoitalia.com\/de\/produkt\/cleo-badmobel-75-cm-weis-glanzend.html#primaryimage","url":"https:\/\/img.bagnoitalia.com\/wp-content\/uploads\/virtuemart\/product\/Cleo-Bathroom-Cabinet-cm-75-white-4548_1542706511_414.png","contentUrl":"https:\/\/img.bagnoitalia.com\/wp-content\/uploads\/virtuemart\/product\/Cleo-Bathroom-Cabinet-cm-75-white-4548_1542706511_414.png","width":640,"height":640},{"@type":"BreadcrumbList","@id":"https:\/\/www.bagnoitalia.com\/de\/produkt\/cleo-badmobel-75-cm-weis-glanzend.html#breadcrumb","itemListElement":[{"@type":"ListItem","position":1,"name":"Home","item":"https:\/\/www.bagnoitalia.com\/de"},{"@type":"ListItem","position":2,"name":"Produkte","item":"https:\/\/www.bagnoitalia.com\/de\/shop"},{"@type":"ListItem","position":3,"name":"Cleo Badezimmerschrank 75 cm, gl\u00e4nzend wei\u00df"}]},{"@type":"WebSite","@id":"https:\/\/www.bagnoitalia.com\/de#website","url":"https:\/\/www.bagnoitalia.com\/de","name":"Bagno Italia","description":"","publisher":{"@id":"https:\/\/www.bagnoitalia.com\/de#organization"},"potentialAction":[{"@type":"SearchAction","target":{"@type":"EntryPoint","urlTemplate":"https:\/\/www.bagnoitalia.com\/de?s={search_term_string}"},"query-input":{"@type":"PropertyValueSpecification","valueRequired":true,"valueName":"search_term_string"}}],"inLanguage":"de"},{"@type":"Organization","@id":"https:\/\/www.bagnoitalia.com\/de#organization","name":"Bagno Italia","url":"https:\/\/www.bagnoitalia.com\/de","logo":{"@type":"ImageObject","inLanguage":"de","@id":"https:\/\/www.bagnoitalia.com\/de#\/schema\/logo\/image\/","url":"https:\/\/img.bagnoitalia.com\/wp-content\/uploads\/logo-bagnoitalia.webp","contentUrl":"https:\/\/img.bagnoitalia.com\/wp-content\/uploads\/logo-bagnoitalia.webp","width":400,"height":70,"caption":"Bagno Italia"},"image":{"@id":"https:\/\/www.bagnoitalia.com\/de#\/schema\/logo\/image\/"}}]}},"_links":{"self":[{"href":"https:\/\/www.bagnoitalia.com\/de\/wp-json\/wp\/v2\/product\/77343","targetHints":{"allow":["GET"]}}],"collection":[{"href":"https:\/\/www.bagnoitalia.com\/de\/wp-json\/wp\/v2\/product"}],"about":[{"href":"https:\/\/www.bagnoitalia.com\/de\/wp-json\/wp\/v2\/types\/product"}],"replies":[{"embeddable":true,"href":"https:\/\/www.bagnoitalia.com\/de\/wp-json\/wp\/v2\/comments?post=77343"}],"version-history":[{"count":3,"href":"https:\/\/www.bagnoitalia.com\/de\/wp-json\/wp\/v2\/product\/77343\/revisions"}],"predecessor-version":[{"id":115056,"href":"https:\/\/www.bagnoitalia.com\/de\/wp-json\/wp\/v2\/product\/77343\/revisions\/115056"}],"wp:featuredmedia":[{"embeddable":true,"href":"https:\/\/www.bagnoitalia.com\/de\/wp-json\/wp\/v2\/media\/11667"}],"wp:attachment":[{"href":"https:\/\/www.bagnoitalia.com\/de\/wp-json\/wp\/v2\/media?parent=77343"}],"wp:term":[{"taxonomy":"product_brand","embeddable":true,"href":"https:\/\/www.bagnoitalia.com\/de\/wp-json\/wp\/v2\/product_brand?post=77343"},{"taxonomy":"product_cat","embeddable":true,"href":"https:\/\/www.bagnoitalia.com\/de\/wp-json\/wp\/v2\/product_cat?post=77343"},{"taxonomy":"product_tag","embeddable":true,"href":"https:\/\/www.bagnoitalia.com\/de\/wp-json\/wp\/v2\/product_tag?post=77343"}],"curies":[{"name":"wp","href":"https:\/\/api.w.org\/{rel}","templated":true}]}}