{"id":77339,"date":"2010-06-02T14:50:46","date_gmt":"2010-06-02T12:50:46","guid":{"rendered":"https:\/\/www.bagnoitalia.com\/product\/quadratischer-containerspiegel-68x60x20-verfugbar-in-20-farben"},"modified":"2025-01-17T15:22:31","modified_gmt":"2025-01-17T14:22:31","slug":"quadratischer-containerspiegel-68x60x20-verfugbar-in-20-farben","status":"publish","type":"product","link":"https:\/\/www.bagnoitalia.com\/de\/produkt\/quadratischer-containerspiegel-68x60x20-verfugbar-in-20-farben.html","title":{"rendered":"Square Bad-Spiegelschrank, 68x60x20cm, in 20 Farben verf\u00fcgbar"},"content":{"rendered":"<p style=\"text-align: left;\"><strong>Square Spiegelschrank, 68x60x20cm, in 20 Farben mit integrierter Ablage aus Glas.<br \/>\n<\/strong><\/p>\n<p style=\"text-align: left;\">Die Wandleuchte, die wir anbringen ist auf den Fotos zu sehen.<\/p>\n<p style=\"text-align: left;\"><strong>\u00a0<\/strong><\/p>\n<p>Der Spiegel hat keinen Griff, er wird \u00fcber die Unterseite der Schrankt\u00fcr nach oben hin ge\u00f6ffnet.<\/p>\n<p>&nbsp;<\/p>\n","protected":false},"excerpt":{"rendered":"<p>Der Square Spiegelschrank ist 68x60x20cm gro\u00df und in 20 Farben (kombinierbar mit M\u00f6beln von Magic oder Argus, Clo)<\/p>\n","protected":false},"featured_media":11647,"comment_status":"open","ping_status":"closed","template":"","meta":[],"product_brand":[9895],"product_cat":[9680],"product_tag":[],"class_list":{"0":"post-77339","1":"product","2":"type-product","3":"status-publish","4":"has-post-thumbnail","6":"product_brand-baden-bauen-de","7":"product_cat-spiegel","9":"first","10":"instock","11":"sale","12":"taxable","13":"shipping-taxable","14":"purchasable","15":"product-type-simple"},"exclude_global_add_ons":false,"addons":[{"name":"Spiegel","type":"multiple_choice","position":0,"required":true,"title_format":"heading","default":"","description_enable":false,"description":"","placeholder_enable":false,"placeholder":"","display":"select","restrictions_type":"any_text","adjust_price":false,"price":"","price_type":"flat_fee","restrictions":false,"min":"0","max":"0","options":[{"label":"ohne Wandleuchte","price":"","price_type":"quantity_based","image":0,"visibility":true},{"label":"Wandleuchte","price":"20","price_type":"quantity_based","image":0,"visibility":true}],"id":1717513838},{"name":"Farbe","type":"multiple_choice","position":1,"required":true,"title_format":"heading","default":"","description_enable":false,"description":"","placeholder_enable":false,"placeholder":"","display":"select","restrictions_type":"any_text","adjust_price":false,"price":"","price_type":"flat_fee","restrictions":false,"min":"0","max":"0","options":[{"label":"Wei\u00df","price":"","price_type":"quantity_based","image":0,"visibility":true},{"label":"Eiche","price":"","price_type":"quantity_based","image":0,"visibility":true},{"label":"gr\u00fcn","price":"","price_type":"quantity_based","image":0,"visibility":true},{"label":"Wassergr\u00fcn","price":"","price_type":"quantity_based","image":0,"visibility":true},{"label":"pastellgr\u00fcn","price":"","price_type":"quantity_based","image":0,"visibility":true},{"label":"S\u00e4uregr\u00fcn","price":"","price_type":"quantity_based","image":0,"visibility":true},{"label":"hellblau","price":"","price_type":"quantity_based","image":0,"visibility":true},{"label":"Himmelblau","price":"","price_type":"quantity_based","image":0,"visibility":true},{"label":"Blau","price":"","price_type":"quantity_based","image":0,"visibility":true},{"label":"elfenbeinfarben","price":"","price_type":"quantity_based","image":0,"visibility":true},{"label":"wisteria","price":"","price_type":"quantity_based","image":0,"visibility":true},{"label":"rot","price":"","price_type":"quantity_based","image":0,"visibility":true},{"label":"weinrot","price":"","price_type":"quantity_based","image":0,"visibility":true},{"label":"gelb","price":"","price_type":"quantity_based","image":0,"visibility":true},{"label":"Orange","price":"","price_type":"quantity_based","image":0,"visibility":true},{"label":"lilafarben","price":"","price_type":"quantity_based","image":0,"visibility":true},{"label":"Anthrazit","price":"","price_type":"quantity_based","image":0,"visibility":true},{"label":"braun","price":"","price_type":"quantity_based","image":0,"visibility":true},{"label":"purpurrot","price":"","price_type":"quantity_based","image":0,"visibility":true},{"label":"hellgrau","price":"","price_type":"quantity_based","image":0,"visibility":true},{"label":"Schwarz","price":"","price_type":"quantity_based","image":0,"visibility":true},{"label":"Silber","price":"","price_type":"quantity_based","image":0,"visibility":true},{"label":"Wenge","price":"","price_type":"quantity_based","image":0,"visibility":true},{"label":"RAL-Code","price":"48","price_type":"quantity_based","image":0,"visibility":true}],"id":1717513839},{"name":"Typ","type":"multiple_choice","position":2,"required":true,"title_format":"heading","default":"","description_enable":false,"description":"","placeholder_enable":false,"placeholder":"","display":"select","restrictions_type":"any_text","adjust_price":false,"price":"","price_type":"flat_fee","restrictions":false,"min":"0","max":"0","options":[{"label":"Gl\u00e4nzend","price":"","price_type":"quantity_based","image":0,"visibility":true},{"label":"Undurchsichtig","price":"","price_type":"quantity_based","image":0,"visibility":true}],"id":1717513840}],"yoast_head":"<!-- This site is optimized with the Yoast SEO plugin v26.7 - https:\/\/yoast.com\/wordpress\/plugins\/seo\/ -->\n<title>Quadratischer Spiegelbeh\u00e4lter von 68 in 20 Farben bb<\/title>\n<meta name=\"description\" content=\"Quadratischer Containerspiegel 68x60x20 verf\u00fcgbar in 20 farben, mit oder ohne applique erh\u00e4ltlich.\" \/>\n<meta name=\"robots\" content=\"index, follow, max-snippet:-1, max-image-preview:large, max-video-preview:-1\" \/>\n<link rel=\"canonical\" href=\"https:\/\/www.bagnoitalia.com\/de\/produkt\/quadratischer-containerspiegel-68x60x20-verfugbar-in-20-farben.html\" \/>\n<meta property=\"og:locale\" content=\"de_DE\" \/>\n<meta property=\"og:type\" content=\"article\" \/>\n<meta property=\"og:title\" content=\"Quadratischer Spiegelbeh\u00e4lter von 68 in 20 Farben bb\" \/>\n<meta property=\"og:description\" content=\"Quadratischer Containerspiegel 68x60x20 verf\u00fcgbar in 20 farben, mit oder ohne applique erh\u00e4ltlich.\" \/>\n<meta property=\"og:url\" content=\"https:\/\/www.bagnoitalia.com\/de\/produkt\/quadratischer-containerspiegel-68x60x20-verfugbar-in-20-farben.html\" \/>\n<meta property=\"og:site_name\" content=\"Bagno Italia\" \/>\n<meta property=\"article:modified_time\" content=\"2025-01-17T14:22:31+00:00\" \/>\n<meta property=\"og:image\" content=\"https:\/\/img.bagnoitalia.com\/wp-content\/uploads\/virtuemart\/product\/68x60x20-mirror-cabinet-available-in-20-colours-Square-model-1_1542701096_67.jpg\" \/>\n\t<meta property=\"og:image:width\" content=\"364\" \/>\n\t<meta property=\"og:image:height\" content=\"384\" \/>\n\t<meta property=\"og:image:type\" content=\"image\/jpeg\" \/>\n<meta name=\"twitter:card\" content=\"summary_large_image\" \/>\n<meta name=\"twitter:label1\" content=\"Gesch\u00e4tzte Lesezeit\" \/>\n\t<meta name=\"twitter:data1\" content=\"1\u00a0Minute\" \/>\n<script type=\"application\/ld+json\" class=\"yoast-schema-graph\">{\"@context\":\"https:\/\/schema.org\",\"@graph\":[{\"@type\":\"WebPage\",\"@id\":\"https:\/\/www.bagnoitalia.com\/de\/produkt\/quadratischer-containerspiegel-68x60x20-verfugbar-in-20-farben.html\",\"url\":\"https:\/\/www.bagnoitalia.com\/de\/produkt\/quadratischer-containerspiegel-68x60x20-verfugbar-in-20-farben.html\",\"name\":\"Quadratischer Spiegelbeh\u00e4lter von 68 in 20 Farben bb\",\"isPartOf\":{\"@id\":\"https:\/\/www.bagnoitalia.com\/de#website\"},\"primaryImageOfPage\":{\"@id\":\"https:\/\/www.bagnoitalia.com\/de\/produkt\/quadratischer-containerspiegel-68x60x20-verfugbar-in-20-farben.html#primaryimage\"},\"image\":{\"@id\":\"https:\/\/www.bagnoitalia.com\/de\/produkt\/quadratischer-containerspiegel-68x60x20-verfugbar-in-20-farben.html#primaryimage\"},\"thumbnailUrl\":\"https:\/\/img.bagnoitalia.com\/wp-content\/uploads\/virtuemart\/product\/68x60x20-mirror-cabinet-available-in-20-colours-Square-model-1_1542701096_67.jpg\",\"datePublished\":\"2010-06-02T12:50:46+00:00\",\"dateModified\":\"2025-01-17T14:22:31+00:00\",\"description\":\"Quadratischer Containerspiegel 68x60x20 verf\u00fcgbar in 20 farben, mit oder ohne applique erh\u00e4ltlich.\",\"breadcrumb\":{\"@id\":\"https:\/\/www.bagnoitalia.com\/de\/produkt\/quadratischer-containerspiegel-68x60x20-verfugbar-in-20-farben.html#breadcrumb\"},\"inLanguage\":\"de\",\"potentialAction\":[{\"@type\":\"ReadAction\",\"target\":[\"https:\/\/www.bagnoitalia.com\/de\/produkt\/quadratischer-containerspiegel-68x60x20-verfugbar-in-20-farben.html\"]}]},{\"@type\":\"ImageObject\",\"inLanguage\":\"de\",\"@id\":\"https:\/\/www.bagnoitalia.com\/de\/produkt\/quadratischer-containerspiegel-68x60x20-verfugbar-in-20-farben.html#primaryimage\",\"url\":\"https:\/\/img.bagnoitalia.com\/wp-content\/uploads\/virtuemart\/product\/68x60x20-mirror-cabinet-available-in-20-colours-Square-model-1_1542701096_67.jpg\",\"contentUrl\":\"https:\/\/img.bagnoitalia.com\/wp-content\/uploads\/virtuemart\/product\/68x60x20-mirror-cabinet-available-in-20-colours-Square-model-1_1542701096_67.jpg\",\"width\":364,\"height\":384},{\"@type\":\"BreadcrumbList\",\"@id\":\"https:\/\/www.bagnoitalia.com\/de\/produkt\/quadratischer-containerspiegel-68x60x20-verfugbar-in-20-farben.html#breadcrumb\",\"itemListElement\":[{\"@type\":\"ListItem\",\"position\":1,\"name\":\"Home\",\"item\":\"https:\/\/www.bagnoitalia.com\/de\"},{\"@type\":\"ListItem\",\"position\":2,\"name\":\"Produkte\",\"item\":\"https:\/\/www.bagnoitalia.com\/de\/shop\"},{\"@type\":\"ListItem\",\"position\":3,\"name\":\"Square Bad-Spiegelschrank, 68x60x20cm, in 20 Farben verf\u00fcgbar\"}]},{\"@type\":\"WebSite\",\"@id\":\"https:\/\/www.bagnoitalia.com\/de#website\",\"url\":\"https:\/\/www.bagnoitalia.com\/de\",\"name\":\"Bagno Italia\",\"description\":\"\",\"publisher\":{\"@id\":\"https:\/\/www.bagnoitalia.com\/de#organization\"},\"potentialAction\":[{\"@type\":\"SearchAction\",\"target\":{\"@type\":\"EntryPoint\",\"urlTemplate\":\"https:\/\/www.bagnoitalia.com\/de?s={search_term_string}\"},\"query-input\":{\"@type\":\"PropertyValueSpecification\",\"valueRequired\":true,\"valueName\":\"search_term_string\"}}],\"inLanguage\":\"de\"},{\"@type\":\"Organization\",\"@id\":\"https:\/\/www.bagnoitalia.com\/de#organization\",\"name\":\"Bagno Italia\",\"url\":\"https:\/\/www.bagnoitalia.com\/de\",\"logo\":{\"@type\":\"ImageObject\",\"inLanguage\":\"de\",\"@id\":\"https:\/\/www.bagnoitalia.com\/de#\/schema\/logo\/image\/\",\"url\":\"https:\/\/img.bagnoitalia.com\/wp-content\/uploads\/logo-bagnoitalia.webp\",\"contentUrl\":\"https:\/\/img.bagnoitalia.com\/wp-content\/uploads\/logo-bagnoitalia.webp\",\"width\":400,\"height\":70,\"caption\":\"Bagno Italia\"},\"image\":{\"@id\":\"https:\/\/www.bagnoitalia.com\/de#\/schema\/logo\/image\/\"}}]}<\/script>\n<!-- \/ Yoast SEO plugin. -->","yoast_head_json":{"title":"Quadratischer Spiegelbeh\u00e4lter von 68 in 20 Farben bb","description":"Quadratischer Containerspiegel 68x60x20 verf\u00fcgbar in 20 farben, mit oder ohne applique erh\u00e4ltlich.","robots":{"index":"index","follow":"follow","max-snippet":"max-snippet:-1","max-image-preview":"max-image-preview:large","max-video-preview":"max-video-preview:-1"},"canonical":"https:\/\/www.bagnoitalia.com\/de\/produkt\/quadratischer-containerspiegel-68x60x20-verfugbar-in-20-farben.html","og_locale":"de_DE","og_type":"article","og_title":"Quadratischer Spiegelbeh\u00e4lter von 68 in 20 Farben bb","og_description":"Quadratischer Containerspiegel 68x60x20 verf\u00fcgbar in 20 farben, mit oder ohne applique erh\u00e4ltlich.","og_url":"https:\/\/www.bagnoitalia.com\/de\/produkt\/quadratischer-containerspiegel-68x60x20-verfugbar-in-20-farben.html","og_site_name":"Bagno Italia","article_modified_time":"2025-01-17T14:22:31+00:00","og_image":[{"width":364,"height":384,"url":"https:\/\/img.bagnoitalia.com\/wp-content\/uploads\/virtuemart\/product\/68x60x20-mirror-cabinet-available-in-20-colours-Square-model-1_1542701096_67.jpg","type":"image\/jpeg"}],"twitter_card":"summary_large_image","twitter_misc":{"Gesch\u00e4tzte Lesezeit":"1\u00a0Minute"},"schema":{"@context":"https:\/\/schema.org","@graph":[{"@type":"WebPage","@id":"https:\/\/www.bagnoitalia.com\/de\/produkt\/quadratischer-containerspiegel-68x60x20-verfugbar-in-20-farben.html","url":"https:\/\/www.bagnoitalia.com\/de\/produkt\/quadratischer-containerspiegel-68x60x20-verfugbar-in-20-farben.html","name":"Quadratischer Spiegelbeh\u00e4lter von 68 in 20 Farben bb","isPartOf":{"@id":"https:\/\/www.bagnoitalia.com\/de#website"},"primaryImageOfPage":{"@id":"https:\/\/www.bagnoitalia.com\/de\/produkt\/quadratischer-containerspiegel-68x60x20-verfugbar-in-20-farben.html#primaryimage"},"image":{"@id":"https:\/\/www.bagnoitalia.com\/de\/produkt\/quadratischer-containerspiegel-68x60x20-verfugbar-in-20-farben.html#primaryimage"},"thumbnailUrl":"https:\/\/img.bagnoitalia.com\/wp-content\/uploads\/virtuemart\/product\/68x60x20-mirror-cabinet-available-in-20-colours-Square-model-1_1542701096_67.jpg","datePublished":"2010-06-02T12:50:46+00:00","dateModified":"2025-01-17T14:22:31+00:00","description":"Quadratischer Containerspiegel 68x60x20 verf\u00fcgbar in 20 farben, mit oder ohne applique erh\u00e4ltlich.","breadcrumb":{"@id":"https:\/\/www.bagnoitalia.com\/de\/produkt\/quadratischer-containerspiegel-68x60x20-verfugbar-in-20-farben.html#breadcrumb"},"inLanguage":"de","potentialAction":[{"@type":"ReadAction","target":["https:\/\/www.bagnoitalia.com\/de\/produkt\/quadratischer-containerspiegel-68x60x20-verfugbar-in-20-farben.html"]}]},{"@type":"ImageObject","inLanguage":"de","@id":"https:\/\/www.bagnoitalia.com\/de\/produkt\/quadratischer-containerspiegel-68x60x20-verfugbar-in-20-farben.html#primaryimage","url":"https:\/\/img.bagnoitalia.com\/wp-content\/uploads\/virtuemart\/product\/68x60x20-mirror-cabinet-available-in-20-colours-Square-model-1_1542701096_67.jpg","contentUrl":"https:\/\/img.bagnoitalia.com\/wp-content\/uploads\/virtuemart\/product\/68x60x20-mirror-cabinet-available-in-20-colours-Square-model-1_1542701096_67.jpg","width":364,"height":384},{"@type":"BreadcrumbList","@id":"https:\/\/www.bagnoitalia.com\/de\/produkt\/quadratischer-containerspiegel-68x60x20-verfugbar-in-20-farben.html#breadcrumb","itemListElement":[{"@type":"ListItem","position":1,"name":"Home","item":"https:\/\/www.bagnoitalia.com\/de"},{"@type":"ListItem","position":2,"name":"Produkte","item":"https:\/\/www.bagnoitalia.com\/de\/shop"},{"@type":"ListItem","position":3,"name":"Square Bad-Spiegelschrank, 68x60x20cm, in 20 Farben verf\u00fcgbar"}]},{"@type":"WebSite","@id":"https:\/\/www.bagnoitalia.com\/de#website","url":"https:\/\/www.bagnoitalia.com\/de","name":"Bagno Italia","description":"","publisher":{"@id":"https:\/\/www.bagnoitalia.com\/de#organization"},"potentialAction":[{"@type":"SearchAction","target":{"@type":"EntryPoint","urlTemplate":"https:\/\/www.bagnoitalia.com\/de?s={search_term_string}"},"query-input":{"@type":"PropertyValueSpecification","valueRequired":true,"valueName":"search_term_string"}}],"inLanguage":"de"},{"@type":"Organization","@id":"https:\/\/www.bagnoitalia.com\/de#organization","name":"Bagno Italia","url":"https:\/\/www.bagnoitalia.com\/de","logo":{"@type":"ImageObject","inLanguage":"de","@id":"https:\/\/www.bagnoitalia.com\/de#\/schema\/logo\/image\/","url":"https:\/\/img.bagnoitalia.com\/wp-content\/uploads\/logo-bagnoitalia.webp","contentUrl":"https:\/\/img.bagnoitalia.com\/wp-content\/uploads\/logo-bagnoitalia.webp","width":400,"height":70,"caption":"Bagno Italia"},"image":{"@id":"https:\/\/www.bagnoitalia.com\/de#\/schema\/logo\/image\/"}}]}},"_links":{"self":[{"href":"https:\/\/www.bagnoitalia.com\/de\/wp-json\/wp\/v2\/product\/77339","targetHints":{"allow":["GET"]}}],"collection":[{"href":"https:\/\/www.bagnoitalia.com\/de\/wp-json\/wp\/v2\/product"}],"about":[{"href":"https:\/\/www.bagnoitalia.com\/de\/wp-json\/wp\/v2\/types\/product"}],"replies":[{"embeddable":true,"href":"https:\/\/www.bagnoitalia.com\/de\/wp-json\/wp\/v2\/comments?post=77339"}],"version-history":[{"count":1,"href":"https:\/\/www.bagnoitalia.com\/de\/wp-json\/wp\/v2\/product\/77339\/revisions"}],"predecessor-version":[{"id":89225,"href":"https:\/\/www.bagnoitalia.com\/de\/wp-json\/wp\/v2\/product\/77339\/revisions\/89225"}],"wp:featuredmedia":[{"embeddable":true,"href":"https:\/\/www.bagnoitalia.com\/de\/wp-json\/wp\/v2\/media\/11647"}],"wp:attachment":[{"href":"https:\/\/www.bagnoitalia.com\/de\/wp-json\/wp\/v2\/media?parent=77339"}],"wp:term":[{"taxonomy":"product_brand","embeddable":true,"href":"https:\/\/www.bagnoitalia.com\/de\/wp-json\/wp\/v2\/product_brand?post=77339"},{"taxonomy":"product_cat","embeddable":true,"href":"https:\/\/www.bagnoitalia.com\/de\/wp-json\/wp\/v2\/product_cat?post=77339"},{"taxonomy":"product_tag","embeddable":true,"href":"https:\/\/www.bagnoitalia.com\/de\/wp-json\/wp\/v2\/product_tag?post=77339"}],"curies":[{"name":"wp","href":"https:\/\/api.w.org\/{rel}","templated":true}]}}