{"id":77335,"date":"2010-06-02T14:28:31","date_gmt":"2010-06-02T12:28:31","guid":{"rendered":"https:\/\/www.bagnoitalia.com\/product\/1-quadratischer-badspiegel-90x60hx20p-in-20-farben"},"modified":"2025-06-04T12:16:28","modified_gmt":"2025-06-04T10:16:28","slug":"1-quadratischer-badspiegel-90x60hx20p-in-20-farben","status":"publish","type":"product","link":"https:\/\/www.bagnoitalia.com\/de\/produkt\/1-quadratischer-badspiegel-90x60hx20p-in-20-farben.html","title":{"rendered":"quadratischer Spiegelschrank, 90x60x20cm, in 20 Farben erh\u00e4ltlich"},"content":{"rendered":"<p><span style=\"color: #ff0000;\"><strong>SQUARE<\/strong> <\/span>ist ein innovativer Aufbewahrungsspiegel mit einzigartigem Design, komfortablen und ger\u00e4umigen Innenablagen, die in mehr als 20 verf\u00fcgbaren Farben (auch in RAL-Farben) gestaltet werden k\u00f6nnen. Mit Abmessungen von 90x60x20 cm ist er auch in 68&#215;60 cm erh\u00e4ltlich.<\/p>\n<p>Innen ist der Spiegel mit einer Glasablage ausgestattet<\/p>\n<p>&nbsp;<\/p>\n<p>&nbsp;<\/p>\n<p>Spiegel Quadratischer Container 90x60Hx20 prof.<\/p>\n<p>erh\u00e4ltlich in 20 Farben (wir k\u00f6nnen ihn auch in RAL-Farben herstellen)<\/p>\n<p><a href=\"specchio-square-contenitore-68x60x20-disp-in-20-colori.html\">auch erh\u00e4ltlich in 68&#215;60 cm, klicken Sie hier um ihn zu sehen<\/a><\/p>\n<p>&nbsp;<\/p>\n<p>Auf Anfrage k\u00f6nnen wir auch ohne den Griff arbeiten<\/p>\n<p>&nbsp;<\/p>\n<p>Der Spiegel ist mit zwei Glasablagen auf der Innenseite ausgestattet<\/p>\n<p>Der Spiegel hat keine Steckdose und keinen Schalter<\/p>\n<p>Aus dem Dropdown-Men\u00fc k\u00f6nnen Sie eine Led-Applikation hinzuf\u00fcgen (mit verchromtem oder schwarzem Rahmen)<\/p>\n<p>&nbsp;<\/p>\n<p><span style=\"text-decoration: underline; color: #ff0000;\"><strong>ACHTUNG: die \u00d6ffnung des Spiegels ist von unten nach oben, wie auf dem Foto unten gezeigt:<\/strong><\/span><\/p>\n<p><img fetchpriority=\"high\" decoding=\"async\" class=\" size-full wp-image-77330\" src=\"https:\/\/img.bagnoitalia.com\/wp-content\/uploads\/1-specchio-square-90x60-nuova-apertura.jpg\" alt=\"1 specchio square 90x60 nuova apertura\" width=\"550\" height=\"550\" srcset=\"https:\/\/img.bagnoitalia.com\/wp-content\/uploads\/1-specchio-square-90x60-nuova-apertura.jpg 550w, https:\/\/img.bagnoitalia.com\/wp-content\/uploads\/1-specchio-square-90x60-nuova-apertura-441x441.jpg 441w, https:\/\/img.bagnoitalia.com\/wp-content\/uploads\/1-specchio-square-90x60-nuova-apertura-100x100.jpg 100w, https:\/\/img.bagnoitalia.com\/wp-content\/uploads\/1-specchio-square-90x60-nuova-apertura-150x150.jpg 150w\" sizes=\"(max-width: 550px) 100vw, 550px\" \/><\/p>\n<p>Sie k\u00f6nnen zwischen drei Arten von Griffen w\u00e4hlen:<\/p>\n<p>Strass-Griff:<\/p>\n<p><img decoding=\"async\" class=\" size-full wp-image-11636\" src=\"https:\/\/img.bagnoitalia.com\/wp-content\/uploads\/2-maniglia-strass1.jpg\" alt=\"\" width=\"260\" height=\"157\" srcset=\"https:\/\/img.bagnoitalia.com\/wp-content\/uploads\/2-maniglia-strass1.jpg 260w, https:\/\/img.bagnoitalia.com\/wp-content\/uploads\/2-maniglia-strass1-150x91.jpg 150w\" sizes=\"(max-width: 260px) 100vw, 260px\" \/><\/p>\n<p>&nbsp;<\/p>\n<p>Griff der Linie:<\/p>\n<p><img decoding=\"async\" class=\" size-full wp-image-11631\" src=\"https:\/\/img.bagnoitalia.com\/wp-content\/uploads\/3-maniglia-line.jpg\" alt=\"\" width=\"320\" height=\"281\" srcset=\"https:\/\/img.bagnoitalia.com\/wp-content\/uploads\/3-maniglia-line.jpg 320w, https:\/\/img.bagnoitalia.com\/wp-content\/uploads\/3-maniglia-line-150x132.jpg 150w\" sizes=\"(max-width: 320px) 100vw, 320px\" \/><\/p>\n<p>&nbsp;<\/p>\n<p>Arte chic Griff (cm 17)<\/p>\n<p><img loading=\"lazy\" decoding=\"async\" class=\" size-full wp-image-11640\" src=\"https:\/\/img.bagnoitalia.com\/wp-content\/uploads\/4-maniglia-artechic.jpg\" alt=\"\" width=\"169\" height=\"171\" srcset=\"https:\/\/img.bagnoitalia.com\/wp-content\/uploads\/4-maniglia-artechic.jpg 169w, https:\/\/img.bagnoitalia.com\/wp-content\/uploads\/4-maniglia-artechic-100x100.jpg 100w, https:\/\/img.bagnoitalia.com\/wp-content\/uploads\/4-maniglia-artechic-150x152.jpg 150w\" sizes=\"(max-width: 169px) 100vw, 169px\" \/><\/p>\n","protected":false},"excerpt":{"rendered":"<p>Quadratischer Schrankspiegel zu 90x60x20cm (auch ab 60cm erh\u00e4ltlich). Das Produkt ist in 20 Farben (kombinierbar mit M\u00f6beln von Magic, Argus oder Clo) verf\u00fcgbar.<\/p>\n","protected":false},"featured_media":11591,"comment_status":"open","ping_status":"closed","template":"","meta":[],"product_brand":[9895],"product_cat":[9680],"product_tag":[],"class_list":{"0":"post-77335","1":"product","2":"type-product","3":"status-publish","4":"has-post-thumbnail","6":"product_brand-baden-bauen-de","7":"product_cat-spiegel","9":"first","10":"instock","11":"sale","12":"taxable","13":"shipping-taxable","14":"purchasable","15":"product-type-simple"},"exclude_global_add_ons":false,"addons":{"1":{"name":"Farbe","type":"multiple_choice","position":0,"required":true,"title_format":"heading","default":"","description_enable":false,"description":"","placeholder_enable":false,"placeholder":"","display":"select","restrictions_type":"any_text","adjust_price":false,"price":"","price_type":"flat_fee","restrictions":false,"min":"0","max":"0","options":[{"label":"Wei\u00df","price":"","price_type":"quantity_based","image":0,"visibility":true},{"label":"gr\u00fcn","price":"50","price_type":"quantity_based","image":0,"visibility":true},{"label":"Wasser-gr\u00fcn","price":"50","price_type":"quantity_based","image":0,"visibility":true},{"label":"Pastellgr\u00fcn","price":"50","price_type":"quantity_based","image":0,"visibility":true},{"label":"S\u00e4uregr\u00fcn","price":"50","price_type":"quantity_based","image":0,"visibility":true},{"label":"hellblau","price":"50","price_type":"quantity_based","image":0,"visibility":true},{"label":"Himmelblau","price":"50","price_type":"quantity_based","image":0,"visibility":true},{"label":"Kristall","price":"50","price_type":"quantity_based","image":0,"visibility":true},{"label":"Blau","price":"50","price_type":"quantity_based","image":0,"visibility":true},{"label":"elfenbeinfarben","price":"50","price_type":"quantity_based","image":0,"visibility":true},{"label":"Glyzinie","price":"50","price_type":"quantity_based","image":0,"visibility":true},{"label":"signalrot","price":"50","price_type":"quantity_based","image":0,"visibility":true},{"label":"Weingr\u00fcn","price":"50","price_type":"quantity_based","image":0,"visibility":true},{"label":"gelb","price":"50","price_type":"quantity_based","image":0,"visibility":true},{"label":"Orange","price":"50","price_type":"quantity_based","image":0,"visibility":true},{"label":"lilafarben","price":"50","price_type":"quantity_based","image":0,"visibility":true},{"label":"Silber","price":"50","price_type":"quantity_based","image":0,"visibility":true},{"label":"Mokka","price":"50","price_type":"quantity_based","image":0,"visibility":true},{"label":"grau","price":"50","price_type":"quantity_based","image":0,"visibility":true},{"label":"Gold","price":"50","price_type":"quantity_based","image":0,"visibility":true},{"label":"Schwarz","price":"50","price_type":"quantity_based","image":0,"visibility":true},{"label":"Anthrazit","price":"50","price_type":"quantity_based","image":0,"visibility":true},{"label":"RAL-Code","price":"100","price_type":"quantity_based","image":0,"visibility":true}],"id":1718624314},"2":{"name":"Art der Farbe","type":"multiple_choice","position":1,"required":true,"title_format":"heading","default":"","description_enable":false,"description":"","placeholder_enable":false,"placeholder":"","display":"select","restrictions_type":"any_text","adjust_price":false,"price":"","price_type":"flat_fee","restrictions":false,"min":"0","max":"0","options":[{"label":"Gl\u00e4nzend","price":"","price_type":"quantity_based","image":0,"visibility":true},{"label":"Undurchsichtig","price":"","price_type":"quantity_based","image":0,"visibility":true}],"id":1718624315},"3":{"name":"Typologie","type":"multiple_choice","position":2,"required":true,"title_format":"heading","default":"","description_enable":false,"description":"","placeholder_enable":false,"placeholder":"","display":"select","restrictions_type":"any_text","adjust_price":false,"price":"","price_type":"flat_fee","restrictions":false,"min":"0","max":"0","options":[{"label":"Liniengriff","price":"","price_type":"quantity_based","image":0,"visibility":true},{"label":"schicker Kunstgriff","price":"","price_type":"quantity_based","image":0,"visibility":true},{"label":"Strass-Griff","price":"","price_type":"quantity_based","image":0,"visibility":true}],"id":1718624316},"0":{"name":"LED-Wandleuchten","type":"multiple_choice","position":3,"required":true,"title_format":"heading","default":"","description_enable":false,"description":"","placeholder_enable":false,"placeholder":"","display":"select","restrictions_type":"any_text","adjust_price":false,"price":"","price_type":"flat_fee","restrictions":false,"min":"0","max":"0","options":[{"label":"keine Wandleuchte","price":"","price_type":"quantity_based","image":0,"visibility":true},{"label":"Mit LED-Wandleuchte","price":"20","price_type":"quantity_based","image":0,"visibility":true}],"id":1718624313}},"yoast_head":"<!-- This site is optimized with the Yoast SEO plugin v26.7 - https:\/\/yoast.com\/wordpress\/plugins\/seo\/ -->\n<title>Spiegel Badcontainer, Modell Square, verschiedene Farben bb<\/title>\n<meta name=\"description\" content=\"Mirror Square Bathroom Container, ausgestattet mit 2 inneren Glasb\u00f6den, Gr\u00f6\u00dfe 90x60x20cm. Erh\u00e4ltlich in verschiedenen Farben. Jetzt kaufen\" \/>\n<meta name=\"robots\" content=\"index, follow, max-snippet:-1, max-image-preview:large, max-video-preview:-1\" \/>\n<link rel=\"canonical\" href=\"https:\/\/www.bagnoitalia.com\/de\/produkt\/1-quadratischer-badspiegel-90x60hx20p-in-20-farben.html\" \/>\n<meta property=\"og:locale\" content=\"de_DE\" \/>\n<meta property=\"og:type\" content=\"article\" \/>\n<meta property=\"og:title\" content=\"Spiegel Badcontainer, Modell Square, verschiedene Farben bb\" \/>\n<meta property=\"og:description\" content=\"Mirror Square Bathroom Container, ausgestattet mit 2 inneren Glasb\u00f6den, Gr\u00f6\u00dfe 90x60x20cm. Erh\u00e4ltlich in verschiedenen Farben. Jetzt kaufen\" \/>\n<meta property=\"og:url\" content=\"https:\/\/www.bagnoitalia.com\/de\/produkt\/1-quadratischer-badspiegel-90x60hx20p-in-20-farben.html\" \/>\n<meta property=\"og:site_name\" content=\"Bagno Italia\" \/>\n<meta property=\"article:modified_time\" content=\"2025-06-04T10:16:28+00:00\" \/>\n<meta property=\"og:image\" content=\"https:\/\/img.bagnoitalia.com\/wp-content\/uploads\/virtuemart\/product\/90x60Hx20D-bathroom-mirror-available-in-20-colours-Square-model-4_1542701215_842.jpg\" \/>\n\t<meta property=\"og:image:width\" content=\"600\" \/>\n\t<meta property=\"og:image:height\" content=\"600\" \/>\n\t<meta property=\"og:image:type\" content=\"image\/jpeg\" \/>\n<meta name=\"twitter:card\" content=\"summary_large_image\" \/>\n<meta name=\"twitter:label1\" content=\"Gesch\u00e4tzte Lesezeit\" \/>\n\t<meta name=\"twitter:data1\" content=\"2\u00a0Minuten\" \/>\n<script type=\"application\/ld+json\" class=\"yoast-schema-graph\">{\"@context\":\"https:\/\/schema.org\",\"@graph\":[{\"@type\":\"WebPage\",\"@id\":\"https:\/\/www.bagnoitalia.com\/de\/produkt\/1-quadratischer-badspiegel-90x60hx20p-in-20-farben.html\",\"url\":\"https:\/\/www.bagnoitalia.com\/de\/produkt\/1-quadratischer-badspiegel-90x60hx20p-in-20-farben.html\",\"name\":\"Spiegel Badcontainer, Modell Square, verschiedene Farben bb\",\"isPartOf\":{\"@id\":\"https:\/\/www.bagnoitalia.com\/de#website\"},\"primaryImageOfPage\":{\"@id\":\"https:\/\/www.bagnoitalia.com\/de\/produkt\/1-quadratischer-badspiegel-90x60hx20p-in-20-farben.html#primaryimage\"},\"image\":{\"@id\":\"https:\/\/www.bagnoitalia.com\/de\/produkt\/1-quadratischer-badspiegel-90x60hx20p-in-20-farben.html#primaryimage\"},\"thumbnailUrl\":\"https:\/\/img.bagnoitalia.com\/wp-content\/uploads\/virtuemart\/product\/90x60Hx20D-bathroom-mirror-available-in-20-colours-Square-model-4_1542701215_842.jpg\",\"datePublished\":\"2010-06-02T12:28:31+00:00\",\"dateModified\":\"2025-06-04T10:16:28+00:00\",\"description\":\"Mirror Square Bathroom Container, ausgestattet mit 2 inneren Glasb\u00f6den, Gr\u00f6\u00dfe 90x60x20cm. Erh\u00e4ltlich in verschiedenen Farben. Jetzt kaufen\",\"breadcrumb\":{\"@id\":\"https:\/\/www.bagnoitalia.com\/de\/produkt\/1-quadratischer-badspiegel-90x60hx20p-in-20-farben.html#breadcrumb\"},\"inLanguage\":\"de\",\"potentialAction\":[{\"@type\":\"ReadAction\",\"target\":[\"https:\/\/www.bagnoitalia.com\/de\/produkt\/1-quadratischer-badspiegel-90x60hx20p-in-20-farben.html\"]}]},{\"@type\":\"ImageObject\",\"inLanguage\":\"de\",\"@id\":\"https:\/\/www.bagnoitalia.com\/de\/produkt\/1-quadratischer-badspiegel-90x60hx20p-in-20-farben.html#primaryimage\",\"url\":\"https:\/\/img.bagnoitalia.com\/wp-content\/uploads\/virtuemart\/product\/90x60Hx20D-bathroom-mirror-available-in-20-colours-Square-model-4_1542701215_842.jpg\",\"contentUrl\":\"https:\/\/img.bagnoitalia.com\/wp-content\/uploads\/virtuemart\/product\/90x60Hx20D-bathroom-mirror-available-in-20-colours-Square-model-4_1542701215_842.jpg\",\"width\":600,\"height\":600},{\"@type\":\"BreadcrumbList\",\"@id\":\"https:\/\/www.bagnoitalia.com\/de\/produkt\/1-quadratischer-badspiegel-90x60hx20p-in-20-farben.html#breadcrumb\",\"itemListElement\":[{\"@type\":\"ListItem\",\"position\":1,\"name\":\"Home\",\"item\":\"https:\/\/www.bagnoitalia.com\/de\"},{\"@type\":\"ListItem\",\"position\":2,\"name\":\"Produkte\",\"item\":\"https:\/\/www.bagnoitalia.com\/de\/shop\"},{\"@type\":\"ListItem\",\"position\":3,\"name\":\"quadratischer Spiegelschrank, 90x60x20cm, in 20 Farben erh\u00e4ltlich\"}]},{\"@type\":\"WebSite\",\"@id\":\"https:\/\/www.bagnoitalia.com\/de#website\",\"url\":\"https:\/\/www.bagnoitalia.com\/de\",\"name\":\"Bagno Italia\",\"description\":\"\",\"publisher\":{\"@id\":\"https:\/\/www.bagnoitalia.com\/de#organization\"},\"potentialAction\":[{\"@type\":\"SearchAction\",\"target\":{\"@type\":\"EntryPoint\",\"urlTemplate\":\"https:\/\/www.bagnoitalia.com\/de?s={search_term_string}\"},\"query-input\":{\"@type\":\"PropertyValueSpecification\",\"valueRequired\":true,\"valueName\":\"search_term_string\"}}],\"inLanguage\":\"de\"},{\"@type\":\"Organization\",\"@id\":\"https:\/\/www.bagnoitalia.com\/de#organization\",\"name\":\"Bagno Italia\",\"url\":\"https:\/\/www.bagnoitalia.com\/de\",\"logo\":{\"@type\":\"ImageObject\",\"inLanguage\":\"de\",\"@id\":\"https:\/\/www.bagnoitalia.com\/de#\/schema\/logo\/image\/\",\"url\":\"https:\/\/img.bagnoitalia.com\/wp-content\/uploads\/logo-bagnoitalia.webp\",\"contentUrl\":\"https:\/\/img.bagnoitalia.com\/wp-content\/uploads\/logo-bagnoitalia.webp\",\"width\":400,\"height\":70,\"caption\":\"Bagno Italia\"},\"image\":{\"@id\":\"https:\/\/www.bagnoitalia.com\/de#\/schema\/logo\/image\/\"}}]}<\/script>\n<!-- \/ Yoast SEO plugin. -->","yoast_head_json":{"title":"Spiegel Badcontainer, Modell Square, verschiedene Farben bb","description":"Mirror Square Bathroom Container, ausgestattet mit 2 inneren Glasb\u00f6den, Gr\u00f6\u00dfe 90x60x20cm. Erh\u00e4ltlich in verschiedenen Farben. Jetzt kaufen","robots":{"index":"index","follow":"follow","max-snippet":"max-snippet:-1","max-image-preview":"max-image-preview:large","max-video-preview":"max-video-preview:-1"},"canonical":"https:\/\/www.bagnoitalia.com\/de\/produkt\/1-quadratischer-badspiegel-90x60hx20p-in-20-farben.html","og_locale":"de_DE","og_type":"article","og_title":"Spiegel Badcontainer, Modell Square, verschiedene Farben bb","og_description":"Mirror Square Bathroom Container, ausgestattet mit 2 inneren Glasb\u00f6den, Gr\u00f6\u00dfe 90x60x20cm. Erh\u00e4ltlich in verschiedenen Farben. Jetzt kaufen","og_url":"https:\/\/www.bagnoitalia.com\/de\/produkt\/1-quadratischer-badspiegel-90x60hx20p-in-20-farben.html","og_site_name":"Bagno Italia","article_modified_time":"2025-06-04T10:16:28+00:00","og_image":[{"width":600,"height":600,"url":"https:\/\/img.bagnoitalia.com\/wp-content\/uploads\/virtuemart\/product\/90x60Hx20D-bathroom-mirror-available-in-20-colours-Square-model-4_1542701215_842.jpg","type":"image\/jpeg"}],"twitter_card":"summary_large_image","twitter_misc":{"Gesch\u00e4tzte Lesezeit":"2\u00a0Minuten"},"schema":{"@context":"https:\/\/schema.org","@graph":[{"@type":"WebPage","@id":"https:\/\/www.bagnoitalia.com\/de\/produkt\/1-quadratischer-badspiegel-90x60hx20p-in-20-farben.html","url":"https:\/\/www.bagnoitalia.com\/de\/produkt\/1-quadratischer-badspiegel-90x60hx20p-in-20-farben.html","name":"Spiegel Badcontainer, Modell Square, verschiedene Farben bb","isPartOf":{"@id":"https:\/\/www.bagnoitalia.com\/de#website"},"primaryImageOfPage":{"@id":"https:\/\/www.bagnoitalia.com\/de\/produkt\/1-quadratischer-badspiegel-90x60hx20p-in-20-farben.html#primaryimage"},"image":{"@id":"https:\/\/www.bagnoitalia.com\/de\/produkt\/1-quadratischer-badspiegel-90x60hx20p-in-20-farben.html#primaryimage"},"thumbnailUrl":"https:\/\/img.bagnoitalia.com\/wp-content\/uploads\/virtuemart\/product\/90x60Hx20D-bathroom-mirror-available-in-20-colours-Square-model-4_1542701215_842.jpg","datePublished":"2010-06-02T12:28:31+00:00","dateModified":"2025-06-04T10:16:28+00:00","description":"Mirror Square Bathroom Container, ausgestattet mit 2 inneren Glasb\u00f6den, Gr\u00f6\u00dfe 90x60x20cm. Erh\u00e4ltlich in verschiedenen Farben. Jetzt kaufen","breadcrumb":{"@id":"https:\/\/www.bagnoitalia.com\/de\/produkt\/1-quadratischer-badspiegel-90x60hx20p-in-20-farben.html#breadcrumb"},"inLanguage":"de","potentialAction":[{"@type":"ReadAction","target":["https:\/\/www.bagnoitalia.com\/de\/produkt\/1-quadratischer-badspiegel-90x60hx20p-in-20-farben.html"]}]},{"@type":"ImageObject","inLanguage":"de","@id":"https:\/\/www.bagnoitalia.com\/de\/produkt\/1-quadratischer-badspiegel-90x60hx20p-in-20-farben.html#primaryimage","url":"https:\/\/img.bagnoitalia.com\/wp-content\/uploads\/virtuemart\/product\/90x60Hx20D-bathroom-mirror-available-in-20-colours-Square-model-4_1542701215_842.jpg","contentUrl":"https:\/\/img.bagnoitalia.com\/wp-content\/uploads\/virtuemart\/product\/90x60Hx20D-bathroom-mirror-available-in-20-colours-Square-model-4_1542701215_842.jpg","width":600,"height":600},{"@type":"BreadcrumbList","@id":"https:\/\/www.bagnoitalia.com\/de\/produkt\/1-quadratischer-badspiegel-90x60hx20p-in-20-farben.html#breadcrumb","itemListElement":[{"@type":"ListItem","position":1,"name":"Home","item":"https:\/\/www.bagnoitalia.com\/de"},{"@type":"ListItem","position":2,"name":"Produkte","item":"https:\/\/www.bagnoitalia.com\/de\/shop"},{"@type":"ListItem","position":3,"name":"quadratischer Spiegelschrank, 90x60x20cm, in 20 Farben erh\u00e4ltlich"}]},{"@type":"WebSite","@id":"https:\/\/www.bagnoitalia.com\/de#website","url":"https:\/\/www.bagnoitalia.com\/de","name":"Bagno Italia","description":"","publisher":{"@id":"https:\/\/www.bagnoitalia.com\/de#organization"},"potentialAction":[{"@type":"SearchAction","target":{"@type":"EntryPoint","urlTemplate":"https:\/\/www.bagnoitalia.com\/de?s={search_term_string}"},"query-input":{"@type":"PropertyValueSpecification","valueRequired":true,"valueName":"search_term_string"}}],"inLanguage":"de"},{"@type":"Organization","@id":"https:\/\/www.bagnoitalia.com\/de#organization","name":"Bagno Italia","url":"https:\/\/www.bagnoitalia.com\/de","logo":{"@type":"ImageObject","inLanguage":"de","@id":"https:\/\/www.bagnoitalia.com\/de#\/schema\/logo\/image\/","url":"https:\/\/img.bagnoitalia.com\/wp-content\/uploads\/logo-bagnoitalia.webp","contentUrl":"https:\/\/img.bagnoitalia.com\/wp-content\/uploads\/logo-bagnoitalia.webp","width":400,"height":70,"caption":"Bagno Italia"},"image":{"@id":"https:\/\/www.bagnoitalia.com\/de#\/schema\/logo\/image\/"}}]}},"_links":{"self":[{"href":"https:\/\/www.bagnoitalia.com\/de\/wp-json\/wp\/v2\/product\/77335","targetHints":{"allow":["GET"]}}],"collection":[{"href":"https:\/\/www.bagnoitalia.com\/de\/wp-json\/wp\/v2\/product"}],"about":[{"href":"https:\/\/www.bagnoitalia.com\/de\/wp-json\/wp\/v2\/types\/product"}],"replies":[{"embeddable":true,"href":"https:\/\/www.bagnoitalia.com\/de\/wp-json\/wp\/v2\/comments?post=77335"}],"version-history":[{"count":4,"href":"https:\/\/www.bagnoitalia.com\/de\/wp-json\/wp\/v2\/product\/77335\/revisions"}],"predecessor-version":[{"id":108786,"href":"https:\/\/www.bagnoitalia.com\/de\/wp-json\/wp\/v2\/product\/77335\/revisions\/108786"}],"wp:featuredmedia":[{"embeddable":true,"href":"https:\/\/www.bagnoitalia.com\/de\/wp-json\/wp\/v2\/media\/11591"}],"wp:attachment":[{"href":"https:\/\/www.bagnoitalia.com\/de\/wp-json\/wp\/v2\/media?parent=77335"}],"wp:term":[{"taxonomy":"product_brand","embeddable":true,"href":"https:\/\/www.bagnoitalia.com\/de\/wp-json\/wp\/v2\/product_brand?post=77335"},{"taxonomy":"product_cat","embeddable":true,"href":"https:\/\/www.bagnoitalia.com\/de\/wp-json\/wp\/v2\/product_cat?post=77335"},{"taxonomy":"product_tag","embeddable":true,"href":"https:\/\/www.bagnoitalia.com\/de\/wp-json\/wp\/v2\/product_tag?post=77335"}],"curies":[{"name":"wp","href":"https:\/\/api.w.org\/{rel}","templated":true}]}}