{"id":77263,"date":"2014-03-05T14:58:10","date_gmt":"2014-03-05T13:58:10","guid":{"rendered":"https:\/\/www.bagnoitalia.com\/product\/z-einzelwandeinheit-verfugbar-verschiedene-grosen-in-30-farben-fur-clo-line"},"modified":"2025-12-03T12:04:10","modified_gmt":"2025-12-03T11:04:10","slug":"z-einzelwandeinheit-verfugbar-verschiedene-grosen-in-30-farben-fur-clo-line","status":"publish","type":"product","link":"https:\/\/www.bagnoitalia.com\/de\/produkt\/z-einzelwandeinheit-verfugbar-verschiedene-grosen-in-30-farben-fur-clo-line.html","title":{"rendered":"Z Einzelwandelement 30xT20xH68 cm in 30 Farben f\u00fcr die M\u00f6belserien Line, Begas, Argus, Clo BM005"},"content":{"rendered":"<p><strong><span dir=\"auto\">Einzelnes Wandger\u00e4t erh\u00e4ltlich ab<\/span><\/strong><\/p>\n<p><span dir=\"auto\">L30 x T20 x H68 cm<\/span><\/p>\n<p><strong>\u00a0<\/strong><\/p>\n<p><strong><span dir=\"auto\">Die Wandeinheit ist mit den M\u00f6beln der Serien Line, Begas, Argus und Clo kompatibel (bei Bestellung zusammen mit einem dieser M\u00f6belst\u00fccke verwenden wir die gleichen Griffe wie die M\u00f6bel).\u00a0<\/span><\/strong><\/p>\n<p><span dir=\"auto\">Um einen Doppelwandschrank zu erstellen, ben\u00f6tigen Sie zwei Einzelwandschr\u00e4nke, einen mit \u00d6ffnung nach rechts und einen mit \u00d6ffnung nach links.<\/span><\/p>\n<p><strong><br \/>\n<\/strong><\/p>\n<p>&nbsp;<\/p>\n<p><strong><span dir=\"auto\">Sie k\u00f6nnen zwischen drei Griffarten w\u00e4hlen:<\/span><\/strong><\/p>\n<p>&nbsp;<\/p>\n<p><strong>Strass griff:<\/strong><\/p>\n<p><strong><img fetchpriority=\"high\" decoding=\"async\" class=\" size-full wp-image-10894\" src=\"https:\/\/img.bagnoitalia.com\/wp-content\/uploads\/maniglia-strass1.jpg\" alt=\"\" width=\"392\" height=\"236\" srcset=\"https:\/\/img.bagnoitalia.com\/wp-content\/uploads\/maniglia-strass1.jpg 260w, https:\/\/img.bagnoitalia.com\/wp-content\/uploads\/maniglia-strass1-150x91.jpg 150w\" sizes=\"(max-width: 392px) 100vw, 392px\" \/><\/strong><\/p>\n<p>_____________________________________________________<\/p>\n<p><strong>Line griff:<\/strong><\/p>\n<p><img decoding=\"async\" class=\" size-full wp-image-10898\" src=\"https:\/\/img.bagnoitalia.com\/wp-content\/uploads\/bh_7099-nero-venato.jpg\" alt=\"\" width=\"392\" height=\"344\" srcset=\"https:\/\/img.bagnoitalia.com\/wp-content\/uploads\/bh_7099-nero-venato.jpg 320w, https:\/\/img.bagnoitalia.com\/wp-content\/uploads\/bh_7099-nero-venato-150x132.jpg 150w\" sizes=\"(max-width: 392px) 100vw, 392px\" \/><\/p>\n<p>____________________________________________________<\/p>\n<p><strong>Arte chic griff:<\/strong><\/p>\n<p><img decoding=\"async\" class=\" size-full wp-image-10902\" src=\"https:\/\/img.bagnoitalia.com\/wp-content\/uploads\/maniglia-artechic.jpg\" alt=\"\" width=\"307\" height=\"310\" srcset=\"https:\/\/img.bagnoitalia.com\/wp-content\/uploads\/maniglia-artechic.jpg 169w, https:\/\/img.bagnoitalia.com\/wp-content\/uploads\/maniglia-artechic-100x100.jpg 100w, https:\/\/img.bagnoitalia.com\/wp-content\/uploads\/maniglia-artechic-150x152.jpg 150w\" sizes=\"(max-width: 307px) 100vw, 307px\" \/><\/p>\n<p>&nbsp;<\/p>\n","protected":false},"excerpt":{"rendered":"<div class=\"woocommerce-product-details__short-description\">\n<p><span dir=\"auto\"><span class=\"VIpgJd-yAWNEb-VIpgJd-fmcmS-sn54Q\" dir=\"auto\">Das einzelne Wandelement ist in 30 Farben erh\u00e4ltlich und passt zu den K\u00fcchenserien CLO, LINE, Argus, Begas, Magic und Marion. Verf\u00fcgbare Ma\u00dfe: 30 x 20 x 68 cm (T x H).<\/span><\/span><\/p>\n<\/div>\n<div class=\"woocommerce-product-rating\">\n<div class=\"star-rating\" role=\"img\" aria-label=\"Bewertung: 4,76 von 5 Sternen\"><\/div>\n<\/div>\n","protected":false},"featured_media":11278,"comment_status":"open","ping_status":"closed","template":"","meta":[],"product_brand":[9895],"product_cat":[9668],"product_tag":[],"class_list":{"0":"post-77263","1":"product","2":"type-product","3":"status-publish","4":"has-post-thumbnail","6":"product_brand-baden-bauen-de","7":"product_cat-erganzende-mobel","9":"first","10":"instock","11":"sale","12":"taxable","13":"shipping-taxable","14":"purchasable","15":"product-type-simple"},"exclude_global_add_ons":false,"addons":[{"name":"H\u00e4ngeschrank","type":"multiple_choice","position":0,"required":true,"title_format":"heading","default":"","description_enable":false,"description":"","placeholder_enable":false,"placeholder":"","display":"select","restrictions_type":"any_text","adjust_price":false,"price":"","price_type":"flat_fee","restrictions":false,"min":"0","max":"0","options":[{"label":"Scharniere auf der linken Seite","price":"","price_type":"quantity_based","image":0,"visibility":true},{"label":"Scharniere auf der rechten Seite","price":"","price_type":"quantity_based","image":0,"visibility":true}],"id":1716910295},{"name":"Farbe","type":"multiple_choice","position":1,"required":true,"title_format":"heading","default":"","description_enable":false,"description":"","placeholder_enable":false,"placeholder":"","display":"select","restrictions_type":"any_text","adjust_price":false,"price":"","price_type":"flat_fee","restrictions":false,"min":"0","max":"0","options":[{"label":"Wei\u00df","price":"","price_type":"quantity_based","image":0,"visibility":true},{"label":"gr\u00fcn","price":"","price_type":"quantity_based","image":0,"visibility":true},{"label":"wassergr\u00fcn","price":"","price_type":"quantity_based","image":0,"visibility":true},{"label":"pastellgr\u00fcn","price":"","price_type":"quantity_based","image":0,"visibility":true},{"label":"S\u00e4uregr\u00fcn","price":"","price_type":"quantity_based","image":0,"visibility":true},{"label":"hellblau","price":"","price_type":"quantity_based","image":0,"visibility":true},{"label":"Himmelblau","price":"","price_type":"quantity_based","image":0,"visibility":true},{"label":"Blau","price":"","price_type":"quantity_based","image":0,"visibility":true},{"label":"Elfenbein","price":"","price_type":"quantity_based","image":0,"visibility":true},{"label":"Rose","price":"","price_type":"quantity_based","image":0,"visibility":true},{"label":"rot","price":"","price_type":"quantity_based","image":0,"visibility":true},{"label":"weinrot","price":"","price_type":"quantity_based","image":0,"visibility":true},{"label":"Gelb","price":"","price_type":"quantity_based","image":0,"visibility":true},{"label":"Orange","price":"","price_type":"quantity_based","image":0,"visibility":true},{"label":"lilafarben","price":"","price_type":"quantity_based","image":0,"visibility":true},{"label":"Anthrazit","price":"","price_type":"quantity_based","image":0,"visibility":true},{"label":"braun","price":"","price_type":"quantity_based","image":0,"visibility":true},{"label":"Hellgrau","price":"","price_type":"quantity_based","image":0,"visibility":true},{"label":"Schwarz","price":"","price_type":"quantity_based","image":0,"visibility":true},{"label":"Gold","price":"","price_type":"quantity_based","image":0,"visibility":true},{"label":"Silber","price":"","price_type":"quantity_based","image":0,"visibility":true},{"label":"Mokka","price":"","price_type":"quantity_based","image":0,"visibility":true},{"label":"Kristall","price":"","price_type":"quantity_based","image":0,"visibility":true},{"label":"wisteria","price":"","price_type":"quantity_based","image":0,"visibility":true},{"label":"kobalt","price":"","price_type":"quantity_based","image":0,"visibility":true},{"label":"lila","price":"","price_type":"quantity_based","image":0,"visibility":true},{"label":"Ral Farbe","price":"36","price_type":"quantity_based","image":0,"visibility":true}],"id":1716910296},{"name":"Farbtyp","type":"multiple_choice","position":2,"required":true,"title_format":"heading","default":"","description_enable":false,"description":"","placeholder_enable":false,"placeholder":"","display":"select","restrictions_type":"any_text","adjust_price":false,"price":"","price_type":"flat_fee","restrictions":false,"min":"0","max":"0","options":[{"label":"Gl\u00e4nzend","price":"","price_type":"quantity_based","image":0,"visibility":true},{"label":"Matt","price":"","price_type":"quantity_based","image":0,"visibility":true}],"id":1716910297},{"name":"Handgriff","type":"multiple_choice","position":4,"required":true,"title_format":"heading","default":"","description_enable":false,"description":"","placeholder_enable":false,"placeholder":"","display":"select","restrictions_type":"any_text","adjust_price":false,"price":"","price_type":"flat_fee","restrictions":false,"min":"0","max":"0","options":[{"label":"Line","price":"","price_type":"quantity_based","image":0,"visibility":true},{"label":"Strass","price":"","price_type":"quantity_based","image":0,"visibility":true},{"label":"arte chic","price":"","price_type":"quantity_based","image":0,"visibility":true}],"id":1716910299}],"yoast_head":"<!-- This site is optimized with the Yoast SEO plugin v26.7 - https:\/\/yoast.com\/wordpress\/plugins\/seo\/ -->\n<title>Einzelwandschrank in 30 Farben f\u00fcr CLO LINE bb<\/title>\n<meta name=\"description\" content=\"Modernes Einzelwandger\u00e4t - Modernes Zubeh\u00f6r in verschiedenen Farben erh\u00e4ltlich, Abmessungen 34 L x 61 H x 20 P cm. Glanzverchromung und Metallscharniere.\" \/>\n<meta name=\"robots\" content=\"index, follow, max-snippet:-1, max-image-preview:large, max-video-preview:-1\" \/>\n<link rel=\"canonical\" href=\"https:\/\/www.bagnoitalia.com\/de\/produkt\/z-einzelwandeinheit-verfugbar-verschiedene-grosen-in-30-farben-fur-clo-line.html\" \/>\n<meta property=\"og:locale\" content=\"de_DE\" \/>\n<meta property=\"og:type\" content=\"article\" \/>\n<meta property=\"og:title\" content=\"Einzelwandschrank in 30 Farben f\u00fcr CLO LINE bb\" \/>\n<meta property=\"og:description\" content=\"Modernes Einzelwandger\u00e4t - Modernes Zubeh\u00f6r in verschiedenen Farben erh\u00e4ltlich, Abmessungen 34 L x 61 H x 20 P cm. Glanzverchromung und Metallscharniere.\" \/>\n<meta property=\"og:url\" content=\"https:\/\/www.bagnoitalia.com\/de\/produkt\/z-einzelwandeinheit-verfugbar-verschiedene-grosen-in-30-farben-fur-clo-line.html\" \/>\n<meta property=\"og:site_name\" content=\"Bagno Italia\" \/>\n<meta property=\"article:modified_time\" content=\"2025-12-03T11:04:10+00:00\" \/>\n<meta property=\"og:image\" content=\"https:\/\/img.bagnoitalia.com\/wp-content\/uploads\/virtuemart\/product\/single-wall-cabinet-for-cloand-live-bathroom-vanities-z-model-1_1544536547_91.jpg\" \/>\n\t<meta property=\"og:image:width\" content=\"359\" \/>\n\t<meta property=\"og:image:height\" content=\"359\" \/>\n\t<meta property=\"og:image:type\" content=\"image\/jpeg\" \/>\n<meta name=\"twitter:card\" content=\"summary_large_image\" \/>\n<meta name=\"twitter:label1\" content=\"Gesch\u00e4tzte Lesezeit\" \/>\n\t<meta name=\"twitter:data1\" content=\"2\u00a0Minuten\" \/>\n<script type=\"application\/ld+json\" class=\"yoast-schema-graph\">{\"@context\":\"https:\/\/schema.org\",\"@graph\":[{\"@type\":\"WebPage\",\"@id\":\"https:\/\/www.bagnoitalia.com\/de\/produkt\/z-einzelwandeinheit-verfugbar-verschiedene-grosen-in-30-farben-fur-clo-line.html\",\"url\":\"https:\/\/www.bagnoitalia.com\/de\/produkt\/z-einzelwandeinheit-verfugbar-verschiedene-grosen-in-30-farben-fur-clo-line.html\",\"name\":\"Einzelwandschrank in 30 Farben f\u00fcr CLO LINE bb\",\"isPartOf\":{\"@id\":\"https:\/\/www.bagnoitalia.com\/de#website\"},\"primaryImageOfPage\":{\"@id\":\"https:\/\/www.bagnoitalia.com\/de\/produkt\/z-einzelwandeinheit-verfugbar-verschiedene-grosen-in-30-farben-fur-clo-line.html#primaryimage\"},\"image\":{\"@id\":\"https:\/\/www.bagnoitalia.com\/de\/produkt\/z-einzelwandeinheit-verfugbar-verschiedene-grosen-in-30-farben-fur-clo-line.html#primaryimage\"},\"thumbnailUrl\":\"https:\/\/img.bagnoitalia.com\/wp-content\/uploads\/virtuemart\/product\/single-wall-cabinet-for-cloand-live-bathroom-vanities-z-model-1_1544536547_91.jpg\",\"datePublished\":\"2014-03-05T13:58:10+00:00\",\"dateModified\":\"2025-12-03T11:04:10+00:00\",\"description\":\"Modernes Einzelwandger\u00e4t - Modernes Zubeh\u00f6r in verschiedenen Farben erh\u00e4ltlich, Abmessungen 34 L x 61 H x 20 P cm. Glanzverchromung und Metallscharniere.\",\"breadcrumb\":{\"@id\":\"https:\/\/www.bagnoitalia.com\/de\/produkt\/z-einzelwandeinheit-verfugbar-verschiedene-grosen-in-30-farben-fur-clo-line.html#breadcrumb\"},\"inLanguage\":\"de\",\"potentialAction\":[{\"@type\":\"ReadAction\",\"target\":[\"https:\/\/www.bagnoitalia.com\/de\/produkt\/z-einzelwandeinheit-verfugbar-verschiedene-grosen-in-30-farben-fur-clo-line.html\"]}]},{\"@type\":\"ImageObject\",\"inLanguage\":\"de\",\"@id\":\"https:\/\/www.bagnoitalia.com\/de\/produkt\/z-einzelwandeinheit-verfugbar-verschiedene-grosen-in-30-farben-fur-clo-line.html#primaryimage\",\"url\":\"https:\/\/img.bagnoitalia.com\/wp-content\/uploads\/virtuemart\/product\/single-wall-cabinet-for-cloand-live-bathroom-vanities-z-model-1_1544536547_91.jpg\",\"contentUrl\":\"https:\/\/img.bagnoitalia.com\/wp-content\/uploads\/virtuemart\/product\/single-wall-cabinet-for-cloand-live-bathroom-vanities-z-model-1_1544536547_91.jpg\",\"width\":359,\"height\":359},{\"@type\":\"BreadcrumbList\",\"@id\":\"https:\/\/www.bagnoitalia.com\/de\/produkt\/z-einzelwandeinheit-verfugbar-verschiedene-grosen-in-30-farben-fur-clo-line.html#breadcrumb\",\"itemListElement\":[{\"@type\":\"ListItem\",\"position\":1,\"name\":\"Home\",\"item\":\"https:\/\/www.bagnoitalia.com\/de\"},{\"@type\":\"ListItem\",\"position\":2,\"name\":\"Produkte\",\"item\":\"https:\/\/www.bagnoitalia.com\/de\/shop\"},{\"@type\":\"ListItem\",\"position\":3,\"name\":\"Z Einzelwandelement 30xT20xH68 cm in 30 Farben f\u00fcr die M\u00f6belserien Line, Begas, Argus, Clo BM005\"}]},{\"@type\":\"WebSite\",\"@id\":\"https:\/\/www.bagnoitalia.com\/de#website\",\"url\":\"https:\/\/www.bagnoitalia.com\/de\",\"name\":\"Bagno Italia\",\"description\":\"\",\"publisher\":{\"@id\":\"https:\/\/www.bagnoitalia.com\/de#organization\"},\"potentialAction\":[{\"@type\":\"SearchAction\",\"target\":{\"@type\":\"EntryPoint\",\"urlTemplate\":\"https:\/\/www.bagnoitalia.com\/de?s={search_term_string}\"},\"query-input\":{\"@type\":\"PropertyValueSpecification\",\"valueRequired\":true,\"valueName\":\"search_term_string\"}}],\"inLanguage\":\"de\"},{\"@type\":\"Organization\",\"@id\":\"https:\/\/www.bagnoitalia.com\/de#organization\",\"name\":\"Bagno Italia\",\"url\":\"https:\/\/www.bagnoitalia.com\/de\",\"logo\":{\"@type\":\"ImageObject\",\"inLanguage\":\"de\",\"@id\":\"https:\/\/www.bagnoitalia.com\/de#\/schema\/logo\/image\/\",\"url\":\"https:\/\/img.bagnoitalia.com\/wp-content\/uploads\/logo-bagnoitalia.webp\",\"contentUrl\":\"https:\/\/img.bagnoitalia.com\/wp-content\/uploads\/logo-bagnoitalia.webp\",\"width\":400,\"height\":70,\"caption\":\"Bagno Italia\"},\"image\":{\"@id\":\"https:\/\/www.bagnoitalia.com\/de#\/schema\/logo\/image\/\"}}]}<\/script>\n<!-- \/ Yoast SEO plugin. -->","yoast_head_json":{"title":"Einzelwandschrank in 30 Farben f\u00fcr CLO LINE bb","description":"Modernes Einzelwandger\u00e4t - Modernes Zubeh\u00f6r in verschiedenen Farben erh\u00e4ltlich, Abmessungen 34 L x 61 H x 20 P cm. Glanzverchromung und Metallscharniere.","robots":{"index":"index","follow":"follow","max-snippet":"max-snippet:-1","max-image-preview":"max-image-preview:large","max-video-preview":"max-video-preview:-1"},"canonical":"https:\/\/www.bagnoitalia.com\/de\/produkt\/z-einzelwandeinheit-verfugbar-verschiedene-grosen-in-30-farben-fur-clo-line.html","og_locale":"de_DE","og_type":"article","og_title":"Einzelwandschrank in 30 Farben f\u00fcr CLO LINE bb","og_description":"Modernes Einzelwandger\u00e4t - Modernes Zubeh\u00f6r in verschiedenen Farben erh\u00e4ltlich, Abmessungen 34 L x 61 H x 20 P cm. Glanzverchromung und Metallscharniere.","og_url":"https:\/\/www.bagnoitalia.com\/de\/produkt\/z-einzelwandeinheit-verfugbar-verschiedene-grosen-in-30-farben-fur-clo-line.html","og_site_name":"Bagno Italia","article_modified_time":"2025-12-03T11:04:10+00:00","og_image":[{"width":359,"height":359,"url":"https:\/\/img.bagnoitalia.com\/wp-content\/uploads\/virtuemart\/product\/single-wall-cabinet-for-cloand-live-bathroom-vanities-z-model-1_1544536547_91.jpg","type":"image\/jpeg"}],"twitter_card":"summary_large_image","twitter_misc":{"Gesch\u00e4tzte Lesezeit":"2\u00a0Minuten"},"schema":{"@context":"https:\/\/schema.org","@graph":[{"@type":"WebPage","@id":"https:\/\/www.bagnoitalia.com\/de\/produkt\/z-einzelwandeinheit-verfugbar-verschiedene-grosen-in-30-farben-fur-clo-line.html","url":"https:\/\/www.bagnoitalia.com\/de\/produkt\/z-einzelwandeinheit-verfugbar-verschiedene-grosen-in-30-farben-fur-clo-line.html","name":"Einzelwandschrank in 30 Farben f\u00fcr CLO LINE bb","isPartOf":{"@id":"https:\/\/www.bagnoitalia.com\/de#website"},"primaryImageOfPage":{"@id":"https:\/\/www.bagnoitalia.com\/de\/produkt\/z-einzelwandeinheit-verfugbar-verschiedene-grosen-in-30-farben-fur-clo-line.html#primaryimage"},"image":{"@id":"https:\/\/www.bagnoitalia.com\/de\/produkt\/z-einzelwandeinheit-verfugbar-verschiedene-grosen-in-30-farben-fur-clo-line.html#primaryimage"},"thumbnailUrl":"https:\/\/img.bagnoitalia.com\/wp-content\/uploads\/virtuemart\/product\/single-wall-cabinet-for-cloand-live-bathroom-vanities-z-model-1_1544536547_91.jpg","datePublished":"2014-03-05T13:58:10+00:00","dateModified":"2025-12-03T11:04:10+00:00","description":"Modernes Einzelwandger\u00e4t - Modernes Zubeh\u00f6r in verschiedenen Farben erh\u00e4ltlich, Abmessungen 34 L x 61 H x 20 P cm. Glanzverchromung und Metallscharniere.","breadcrumb":{"@id":"https:\/\/www.bagnoitalia.com\/de\/produkt\/z-einzelwandeinheit-verfugbar-verschiedene-grosen-in-30-farben-fur-clo-line.html#breadcrumb"},"inLanguage":"de","potentialAction":[{"@type":"ReadAction","target":["https:\/\/www.bagnoitalia.com\/de\/produkt\/z-einzelwandeinheit-verfugbar-verschiedene-grosen-in-30-farben-fur-clo-line.html"]}]},{"@type":"ImageObject","inLanguage":"de","@id":"https:\/\/www.bagnoitalia.com\/de\/produkt\/z-einzelwandeinheit-verfugbar-verschiedene-grosen-in-30-farben-fur-clo-line.html#primaryimage","url":"https:\/\/img.bagnoitalia.com\/wp-content\/uploads\/virtuemart\/product\/single-wall-cabinet-for-cloand-live-bathroom-vanities-z-model-1_1544536547_91.jpg","contentUrl":"https:\/\/img.bagnoitalia.com\/wp-content\/uploads\/virtuemart\/product\/single-wall-cabinet-for-cloand-live-bathroom-vanities-z-model-1_1544536547_91.jpg","width":359,"height":359},{"@type":"BreadcrumbList","@id":"https:\/\/www.bagnoitalia.com\/de\/produkt\/z-einzelwandeinheit-verfugbar-verschiedene-grosen-in-30-farben-fur-clo-line.html#breadcrumb","itemListElement":[{"@type":"ListItem","position":1,"name":"Home","item":"https:\/\/www.bagnoitalia.com\/de"},{"@type":"ListItem","position":2,"name":"Produkte","item":"https:\/\/www.bagnoitalia.com\/de\/shop"},{"@type":"ListItem","position":3,"name":"Z Einzelwandelement 30xT20xH68 cm in 30 Farben f\u00fcr die M\u00f6belserien Line, Begas, Argus, Clo BM005"}]},{"@type":"WebSite","@id":"https:\/\/www.bagnoitalia.com\/de#website","url":"https:\/\/www.bagnoitalia.com\/de","name":"Bagno Italia","description":"","publisher":{"@id":"https:\/\/www.bagnoitalia.com\/de#organization"},"potentialAction":[{"@type":"SearchAction","target":{"@type":"EntryPoint","urlTemplate":"https:\/\/www.bagnoitalia.com\/de?s={search_term_string}"},"query-input":{"@type":"PropertyValueSpecification","valueRequired":true,"valueName":"search_term_string"}}],"inLanguage":"de"},{"@type":"Organization","@id":"https:\/\/www.bagnoitalia.com\/de#organization","name":"Bagno Italia","url":"https:\/\/www.bagnoitalia.com\/de","logo":{"@type":"ImageObject","inLanguage":"de","@id":"https:\/\/www.bagnoitalia.com\/de#\/schema\/logo\/image\/","url":"https:\/\/img.bagnoitalia.com\/wp-content\/uploads\/logo-bagnoitalia.webp","contentUrl":"https:\/\/img.bagnoitalia.com\/wp-content\/uploads\/logo-bagnoitalia.webp","width":400,"height":70,"caption":"Bagno Italia"},"image":{"@id":"https:\/\/www.bagnoitalia.com\/de#\/schema\/logo\/image\/"}}]}},"_links":{"self":[{"href":"https:\/\/www.bagnoitalia.com\/de\/wp-json\/wp\/v2\/product\/77263","targetHints":{"allow":["GET"]}}],"collection":[{"href":"https:\/\/www.bagnoitalia.com\/de\/wp-json\/wp\/v2\/product"}],"about":[{"href":"https:\/\/www.bagnoitalia.com\/de\/wp-json\/wp\/v2\/types\/product"}],"replies":[{"embeddable":true,"href":"https:\/\/www.bagnoitalia.com\/de\/wp-json\/wp\/v2\/comments?post=77263"}],"version-history":[{"count":5,"href":"https:\/\/www.bagnoitalia.com\/de\/wp-json\/wp\/v2\/product\/77263\/revisions"}],"predecessor-version":[{"id":115111,"href":"https:\/\/www.bagnoitalia.com\/de\/wp-json\/wp\/v2\/product\/77263\/revisions\/115111"}],"wp:featuredmedia":[{"embeddable":true,"href":"https:\/\/www.bagnoitalia.com\/de\/wp-json\/wp\/v2\/media\/11278"}],"wp:attachment":[{"href":"https:\/\/www.bagnoitalia.com\/de\/wp-json\/wp\/v2\/media?parent=77263"}],"wp:term":[{"taxonomy":"product_brand","embeddable":true,"href":"https:\/\/www.bagnoitalia.com\/de\/wp-json\/wp\/v2\/product_brand?post=77263"},{"taxonomy":"product_cat","embeddable":true,"href":"https:\/\/www.bagnoitalia.com\/de\/wp-json\/wp\/v2\/product_cat?post=77263"},{"taxonomy":"product_tag","embeddable":true,"href":"https:\/\/www.bagnoitalia.com\/de\/wp-json\/wp\/v2\/product_tag?post=77263"}],"curies":[{"name":"wp","href":"https:\/\/api.w.org\/{rel}","templated":true}]}}