{"id":77231,"date":"2014-03-31T09:52:45","date_gmt":"2014-03-31T07:52:45","guid":{"rendered":"https:\/\/www.bagnoitalia.com\/product\/badmobel-magic-80x40-cm-in-25-farben-mit-einer-oder-zwei-schubladen"},"modified":"2025-02-20T12:28:44","modified_gmt":"2025-02-20T11:28:44","slug":"badmobel-magic-80x40-cm-in-25-farben-mit-einer-oder-zwei-schubladen","status":"publish","type":"product","link":"https:\/\/www.bagnoitalia.com\/de\/produkt\/badmobel-magic-80x40-cm-in-25-farben-mit-einer-oder-zwei-schubladen.html","title":{"rendered":"Magic Badschrank, 80x40cm, in 25 verschiedenen Farben, mit einer oder zwei Schubladen"},"content":{"rendered":"<p><span style=\"text-decoration: underline;\"><strong>Der Preis beinhaltet:<\/strong><\/span><\/p>\n<p>&nbsp;<\/p>\n<p>1 Schrank mit 1 Schublade: 78x35x40cm.<\/p>\n<p>Die Version mit zwei Schubladen kann aus dem Men\u00fc gew\u00e4hlt werden. In diesem Fall ist die Schrankh\u00f6he 50 cm.<\/p>\n<p>1 Mineralmarmor-Waschtisch: 81 cm<\/p>\n<p>1 Spiegel mit Wandleuchte: 80x60cm<\/p>\n<p style=\"text-align: left;\">\n<p>Hinweis: Ein anderes Spiegelmodell kann im untenstehenden Men\u00fc ausgew\u00e4hlt werden.<\/p>\n<p>&nbsp;<\/p>\n<p><span style=\"text-decoration: underline;\"><strong>Material:\u00a0<\/strong><\/span><\/p>\n<p>Korpus: MDF-Rahmen, lackiert.<\/p>\n<p>Schubladen: mit Metallschienen und Soft-Closet-System.<\/p>\n<p>Griffe: Chrom<\/p>\n<p>Waschtisch: Mineralmarmor (auf dem letzten Bild sehen Sie den Waschtisch von oben).<\/p>\n<p>&nbsp;<\/p>\n<p>Im Men\u00fc unten k\u00f6nnen Sie eine mobile S\u00e4ule 35x30x160cm hinzuf\u00fcgen.<\/p>\n<p>&nbsp;<\/p>\n<p><span style=\"text-decoration: underline;\"><strong>Auf Anfrage senden wir Ihnen gerne Fotos der Farbpalette, sowohl in GLOSS- als auch in MATT-Farben, und der verschiedenen M\u00f6bel.<\/strong><\/span><\/p>\n<p>&nbsp;<\/p>\n<p style=\"text-align: left;\">______________________________________________________<\/p>\n<p><strong>Sie k\u00f6nnen zwischen drei Arten von Griffen w\u00e4hlen:<br \/>\n<\/strong><\/p>\n<p><strong>Strassgriff:<\/strong><\/p>\n<p><strong><img fetchpriority=\"high\" decoding=\"async\" class=\" size-full wp-image-10894\" src=\"https:\/\/img.bagnoitalia.com\/wp-content\/uploads\/maniglia-strass1.jpg\" alt=\"\" width=\"406\" height=\"245\" srcset=\"https:\/\/img.bagnoitalia.com\/wp-content\/uploads\/maniglia-strass1.jpg 260w, https:\/\/img.bagnoitalia.com\/wp-content\/uploads\/maniglia-strass1-150x91.jpg 150w\" sizes=\"(max-width: 406px) 100vw, 406px\" \/><\/strong><\/p>\n<p>&nbsp;<\/p>\n<p>_____________________________________________________<\/p>\n<p><strong>Liniengriff:<\/strong><\/p>\n<p><img decoding=\"async\" class=\" size-full wp-image-10898\" src=\"https:\/\/img.bagnoitalia.com\/wp-content\/uploads\/bh_7099-nero-venato.jpg\" alt=\"\" width=\"401\" height=\"352\" srcset=\"https:\/\/img.bagnoitalia.com\/wp-content\/uploads\/bh_7099-nero-venato.jpg 320w, https:\/\/img.bagnoitalia.com\/wp-content\/uploads\/bh_7099-nero-venato-150x132.jpg 150w\" sizes=\"(max-width: 401px) 100vw, 401px\" \/><\/p>\n<p>&nbsp;<\/p>\n<p>____________________________________________________<\/p>\n<p><strong>Kunstgriff<\/strong><\/p>\n<p><img decoding=\"async\" class=\" size-full wp-image-10902\" src=\"https:\/\/img.bagnoitalia.com\/wp-content\/uploads\/maniglia-artechic.jpg\" alt=\"\" width=\"293\" height=\"296\" srcset=\"https:\/\/img.bagnoitalia.com\/wp-content\/uploads\/maniglia-artechic.jpg 169w, https:\/\/img.bagnoitalia.com\/wp-content\/uploads\/maniglia-artechic-100x100.jpg 100w, https:\/\/img.bagnoitalia.com\/wp-content\/uploads\/maniglia-artechic-150x152.jpg 150w\" sizes=\"(max-width: 293px) 100vw, 293px\" \/><\/p>\n<p><img loading=\"lazy\" decoding=\"async\" class=\" size-full wp-image-10814\" style=\"display: block;\" src=\"https:\/\/img.bagnoitalia.com\/wp-content\/uploads\/virtuemart\/product\/cartellacolori887.jpg\" alt=\"Badm\u00f6bel Argus 90cm in 20 Farben auch wei\u00df\" width=\"937\" height=\"807\" srcset=\"https:\/\/img.bagnoitalia.com\/wp-content\/uploads\/virtuemart\/product\/cartellacolori887.jpg 937w, https:\/\/img.bagnoitalia.com\/wp-content\/uploads\/virtuemart\/product\/cartellacolori887-768x661.jpg 768w, https:\/\/img.bagnoitalia.com\/wp-content\/uploads\/virtuemart\/product\/cartellacolori887-441x380.jpg 441w, https:\/\/img.bagnoitalia.com\/wp-content\/uploads\/virtuemart\/product\/cartellacolori887-600x517.jpg 600w, https:\/\/img.bagnoitalia.com\/wp-content\/uploads\/virtuemart\/product\/cartellacolori887-150x129.jpg 150w\" sizes=\"(max-width: 937px) 100vw, 937px\" \/><\/p>\n<p style=\"text-align: left;\"><span style=\"text-decoration: underline; font-size: 12pt; background-color: #ffffff;\"><strong><span style=\"color: #ff0000; text-decoration: underline;\">ACHTUNG:<\/span><\/strong><\/span><\/p>\n<p style=\"text-align: left;\"><strong><span style=\"color: #ff0000;\">Schrank ERH\u00c4LTLICH IN MEHR ALS 20 FARBEN, MATT ODER GL\u00c4NZEND<\/span><\/strong><\/p>\n<p style=\"text-align: left;\"><strong><span style=\"color: #ff0000;\"><span style=\"text-decoration: underline;\"><span style=\"color: #ff00ff;\">(Das Produkt ist auch in RAL-Farben erh\u00e4ltlich, allerdings ergibt sich in diesem Fall ein Aufpreis von 60 Euro.)<\/span><\/span><\/span><\/strong><\/p>\n<p style=\"text-align: left;\"><strong><span style=\"color: #ff0000;\"><span style=\"color: #000000;\">Es ist ebenfalls m\u00f6glich statt dem Keramikwaschbecken eines in Kristall zu bestellen (Produktionszeiten bleiben 15 Tage, wenn Sie das Waschbecken in den gleichen Farben des Schranks nehmen). Das <\/span><\/span><\/strong><strong><span style=\"color: #ff0000;\"><span style=\"color: #000000;\">Waschbecken ist auch in den RAL-Farben verf\u00fcgbar (in diesem Fall entsteht ein Aufpreis von 48 Euro)<\/span><\/span><\/strong><\/p>\n<p><strong><span style=\"color: #ff0000;\"><br \/>\n<strong><span style=\"font-size: 14pt;\"><a href=\"http:\/\/www.themeter.net\/ral.htm\" target=\"_blank\" rel=\"noopener noreferrer\">RAL-FARBTABELLE<\/a><\/span><\/strong><\/span><\/strong> <span style=\"font-size: 12pt;\">&lt;== Klicken Sie hier, um alle RAL-Farben anzuzeigen <\/span> <strong><span style=\"color: #ff0000;\"><br \/>\n<\/span><\/strong><\/p>\n","protected":false},"excerpt":{"rendered":"<p>Der Magic Badschrank ist 80x40cm gro\u00df und in 25 matten oder gl\u00e4nzenden Farben erh\u00e4ltlich. Das Produkt hat eine Tiefe von 40cm und ist mit einer oder zwei Schubladen lieferbar.<\/p>\n","protected":false},"featured_media":10826,"comment_status":"open","ping_status":"closed","template":"","meta":[],"product_brand":[5010],"product_cat":[10116],"product_tag":[],"class_list":{"0":"post-77231","1":"product","2":"type-product","3":"status-publish","4":"has-post-thumbnail","6":"product_brand-baden-bauen","7":"product_cat-senza-categoria-de","9":"first","10":"outofstock","11":"taxable","12":"shipping-taxable","13":"purchasable","14":"product-type-simple"},"exclude_global_add_ons":false,"addons":[{"name":"Spiegel","type":"multiple_choice","position":0,"required":true,"title_format":"heading","default":"","description_enable":false,"description":"","placeholder_enable":false,"placeholder":"","display":"select","restrictions_type":"any_text","adjust_price":false,"price":"","price_type":"flat_fee","restrictions":false,"min":"0","max":"0","options":[{"label":"rechteckig 80x60 mit Wandleuchte","price":"","price_type":"quantity_based","image":0,"visibility":true},{"label":"rund 80x80 mit Wandleuchte","price":"108","price_type":"quantity_based","image":0,"visibility":true},{"label":"ohne Spiegel","price":"-50","price_type":"quantity_based","image":0,"visibility":true}],"id":1718292163},{"name":"M\u00f6belfarben","type":"multiple_choice","position":1,"required":true,"title_format":"heading","default":"","description_enable":false,"description":"","placeholder_enable":false,"placeholder":"","display":"select","restrictions_type":"any_text","adjust_price":false,"price":"","price_type":"flat_fee","restrictions":false,"min":"0","max":"0","options":[{"label":"Wei\u00df","price":"","price_type":"quantity_based","image":0,"visibility":true},{"label":"gr\u00fcn","price":"12","price_type":"quantity_based","image":0,"visibility":true},{"label":"Wasser-gr\u00fcn","price":"12","price_type":"quantity_based","image":0,"visibility":true},{"label":"Pastellgr\u00fcn","price":"12","price_type":"quantity_based","image":0,"visibility":true},{"label":"S\u00e4uregr\u00fcn","price":"12","price_type":"quantity_based","image":0,"visibility":true},{"label":"hellblau","price":"12","price_type":"quantity_based","image":0,"visibility":true},{"label":"Himmelblau","price":"12","price_type":"quantity_based","image":0,"visibility":true},{"label":"Blau","price":"12","price_type":"quantity_based","image":0,"visibility":true},{"label":"elfenbeinfarben","price":"12","price_type":"quantity_based","image":0,"visibility":true},{"label":"weinrot","price":"12","price_type":"quantity_based","image":0,"visibility":true},{"label":"signalrot","price":"12","price_type":"quantity_based","image":0,"visibility":true},{"label":"gelb","price":"12","price_type":"quantity_based","image":0,"visibility":true},{"label":"Orange","price":"12","price_type":"quantity_based","image":0,"visibility":true},{"label":"lilafarben","price":"12","price_type":"quantity_based","image":0,"visibility":true},{"label":"Silber","price":"12","price_type":"quantity_based","image":0,"visibility":true},{"label":"Gold","price":"12","price_type":"quantity_based","image":0,"visibility":true},{"label":"Rosa","price":"12","price_type":"quantity_based","image":0,"visibility":true},{"label":"Schwarz","price":"12","price_type":"quantity_based","image":0,"visibility":true},{"label":"lila","price":"12","price_type":"quantity_based","image":0,"visibility":true},{"label":"Ral Farbe","price":"60","price_type":"quantity_based","image":0,"visibility":true}],"id":1718292164},{"name":"S\u00e4ule","type":"multiple_choice","position":2,"required":true,"title_format":"heading","default":"","description_enable":false,"description":"","placeholder_enable":false,"placeholder":"","display":"select","restrictions_type":"any_text","adjust_price":false,"price":"","price_type":"flat_fee","restrictions":false,"min":"0","max":"0","options":[{"label":"ohne S\u00e4ule Schrank","price":"","price_type":"quantity_based","image":0,"visibility":true},{"label":"34 H163 D27 linksseitig \u00f6ffnend","price":"240","price_type":"quantity_based","image":0,"visibility":true},{"label":"34 H163 D27 rechts \u00f6ffnend","price":"240","price_type":"quantity_based","image":0,"visibility":true}],"id":1718292165},{"name":"Farbe","type":"multiple_choice","position":3,"required":true,"title_format":"heading","default":"","description_enable":false,"description":"","placeholder_enable":false,"placeholder":"","display":"select","restrictions_type":"any_text","adjust_price":false,"price":"","price_type":"flat_fee","restrictions":false,"min":"0","max":"0","options":[{"label":"Gl\u00e4nzend","price":"","price_type":"quantity_based","image":0,"visibility":true},{"label":"Undurchsichtig","price":"","price_type":"quantity_based","image":0,"visibility":true}],"id":1718292166},{"name":"Schrank","type":"multiple_choice","position":4,"required":true,"title_format":"heading","default":"","description_enable":false,"description":"","placeholder_enable":false,"placeholder":"","display":"select","restrictions_type":"any_text","adjust_price":false,"price":"","price_type":"flat_fee","restrictions":false,"min":"0","max":"0","options":[{"label":"mit 1 Schublade","price":"","price_type":"quantity_based","image":0,"visibility":true},{"label":"mit 2 Schubladen","price":"72","price_type":"quantity_based","image":0,"visibility":true}],"id":1718292167},{"name":"Typ","type":"multiple_choice","position":5,"required":true,"title_format":"heading","default":"","description_enable":false,"description":"","placeholder_enable":false,"placeholder":"","display":"select","restrictions_type":"any_text","adjust_price":false,"price":"","price_type":"flat_fee","restrictions":false,"min":"0","max":"0","options":[{"label":"Strass-Griff","price":"","price_type":"quantity_based","image":0,"visibility":true},{"label":"Liniengriff","price":"","price_type":"quantity_based","image":0,"visibility":true},{"label":"schicker Kunstgriff","price":"","price_type":"quantity_based","image":0,"visibility":true}],"id":1718292168}],"yoast_head":"<!-- This site is optimized with the Yoast SEO plugin v26.7 - https:\/\/yoast.com\/wordpress\/plugins\/seo\/ -->\n<title>Moderne Magic Badezimmerm\u00f6bel, in 20 Farben bb<\/title>\n<meta name=\"description\" content=\"Moderne magische lackierte moderne Badezimmerm\u00f6bel, komplett mit 80 cm Waschbecken aus Keramik und 80 x 60 cm Spiegel mit Applikation. Erh\u00e4ltlich in 20 Farben - Bagno Italia\" \/>\n<meta name=\"robots\" content=\"index, follow, max-snippet:-1, max-image-preview:large, max-video-preview:-1\" \/>\n<link rel=\"canonical\" href=\"https:\/\/www.bagnoitalia.com\/de\/produkt\/badmobel-magic-80x40-cm-in-25-farben-mit-einer-oder-zwei-schubladen.html\" \/>\n<meta property=\"og:locale\" content=\"de_DE\" \/>\n<meta property=\"og:type\" content=\"article\" \/>\n<meta property=\"og:title\" content=\"Moderne Magic Badezimmerm\u00f6bel, in 20 Farben bb\" \/>\n<meta property=\"og:description\" content=\"Moderne magische lackierte moderne Badezimmerm\u00f6bel, komplett mit 80 cm Waschbecken aus Keramik und 80 x 60 cm Spiegel mit Applikation. Erh\u00e4ltlich in 20 Farben - Bagno Italia\" \/>\n<meta property=\"og:url\" content=\"https:\/\/www.bagnoitalia.com\/de\/produkt\/badmobel-magic-80x40-cm-in-25-farben-mit-einer-oder-zwei-schubladen.html\" \/>\n<meta property=\"og:site_name\" content=\"Bagno Italia\" \/>\n<meta property=\"article:modified_time\" content=\"2025-02-20T11:28:44+00:00\" \/>\n<meta property=\"og:image\" content=\"https:\/\/img.bagnoitalia.com\/wp-content\/uploads\/virtuemart\/product\/80x40cn-bathroom-vanity-Magic-1_1542299628_5.jpg\" \/>\n\t<meta property=\"og:image:width\" content=\"565\" \/>\n\t<meta property=\"og:image:height\" content=\"565\" \/>\n\t<meta property=\"og:image:type\" content=\"image\/jpeg\" \/>\n<meta name=\"twitter:card\" content=\"summary_large_image\" \/>\n<meta name=\"twitter:label1\" content=\"Gesch\u00e4tzte Lesezeit\" \/>\n\t<meta name=\"twitter:data1\" content=\"2\u00a0Minuten\" \/>\n<script type=\"application\/ld+json\" class=\"yoast-schema-graph\">{\"@context\":\"https:\/\/schema.org\",\"@graph\":[{\"@type\":\"WebPage\",\"@id\":\"https:\/\/www.bagnoitalia.com\/de\/produkt\/badmobel-magic-80x40-cm-in-25-farben-mit-einer-oder-zwei-schubladen.html\",\"url\":\"https:\/\/www.bagnoitalia.com\/de\/produkt\/badmobel-magic-80x40-cm-in-25-farben-mit-einer-oder-zwei-schubladen.html\",\"name\":\"Moderne Magic Badezimmerm\u00f6bel, in 20 Farben bb\",\"isPartOf\":{\"@id\":\"https:\/\/www.bagnoitalia.com\/de#website\"},\"primaryImageOfPage\":{\"@id\":\"https:\/\/www.bagnoitalia.com\/de\/produkt\/badmobel-magic-80x40-cm-in-25-farben-mit-einer-oder-zwei-schubladen.html#primaryimage\"},\"image\":{\"@id\":\"https:\/\/www.bagnoitalia.com\/de\/produkt\/badmobel-magic-80x40-cm-in-25-farben-mit-einer-oder-zwei-schubladen.html#primaryimage\"},\"thumbnailUrl\":\"https:\/\/img.bagnoitalia.com\/wp-content\/uploads\/virtuemart\/product\/80x40cn-bathroom-vanity-Magic-1_1542299628_5.jpg\",\"datePublished\":\"2014-03-31T07:52:45+00:00\",\"dateModified\":\"2025-02-20T11:28:44+00:00\",\"description\":\"Moderne magische lackierte moderne Badezimmerm\u00f6bel, komplett mit 80 cm Waschbecken aus Keramik und 80 x 60 cm Spiegel mit Applikation. Erh\u00e4ltlich in 20 Farben - Bagno Italia\",\"breadcrumb\":{\"@id\":\"https:\/\/www.bagnoitalia.com\/de\/produkt\/badmobel-magic-80x40-cm-in-25-farben-mit-einer-oder-zwei-schubladen.html#breadcrumb\"},\"inLanguage\":\"de\",\"potentialAction\":[{\"@type\":\"ReadAction\",\"target\":[\"https:\/\/www.bagnoitalia.com\/de\/produkt\/badmobel-magic-80x40-cm-in-25-farben-mit-einer-oder-zwei-schubladen.html\"]}]},{\"@type\":\"ImageObject\",\"inLanguage\":\"de\",\"@id\":\"https:\/\/www.bagnoitalia.com\/de\/produkt\/badmobel-magic-80x40-cm-in-25-farben-mit-einer-oder-zwei-schubladen.html#primaryimage\",\"url\":\"https:\/\/img.bagnoitalia.com\/wp-content\/uploads\/virtuemart\/product\/80x40cn-bathroom-vanity-Magic-1_1542299628_5.jpg\",\"contentUrl\":\"https:\/\/img.bagnoitalia.com\/wp-content\/uploads\/virtuemart\/product\/80x40cn-bathroom-vanity-Magic-1_1542299628_5.jpg\",\"width\":565,\"height\":565},{\"@type\":\"BreadcrumbList\",\"@id\":\"https:\/\/www.bagnoitalia.com\/de\/produkt\/badmobel-magic-80x40-cm-in-25-farben-mit-einer-oder-zwei-schubladen.html#breadcrumb\",\"itemListElement\":[{\"@type\":\"ListItem\",\"position\":1,\"name\":\"Home\",\"item\":\"https:\/\/www.bagnoitalia.com\/de\"},{\"@type\":\"ListItem\",\"position\":2,\"name\":\"Produkte\",\"item\":\"https:\/\/www.bagnoitalia.com\/de\/shop\"},{\"@type\":\"ListItem\",\"position\":3,\"name\":\"Magic Badschrank, 80x40cm, in 25 verschiedenen Farben, mit einer oder zwei Schubladen\"}]},{\"@type\":\"WebSite\",\"@id\":\"https:\/\/www.bagnoitalia.com\/de#website\",\"url\":\"https:\/\/www.bagnoitalia.com\/de\",\"name\":\"Bagno Italia\",\"description\":\"\",\"publisher\":{\"@id\":\"https:\/\/www.bagnoitalia.com\/de#organization\"},\"potentialAction\":[{\"@type\":\"SearchAction\",\"target\":{\"@type\":\"EntryPoint\",\"urlTemplate\":\"https:\/\/www.bagnoitalia.com\/de?s={search_term_string}\"},\"query-input\":{\"@type\":\"PropertyValueSpecification\",\"valueRequired\":true,\"valueName\":\"search_term_string\"}}],\"inLanguage\":\"de\"},{\"@type\":\"Organization\",\"@id\":\"https:\/\/www.bagnoitalia.com\/de#organization\",\"name\":\"Bagno Italia\",\"url\":\"https:\/\/www.bagnoitalia.com\/de\",\"logo\":{\"@type\":\"ImageObject\",\"inLanguage\":\"de\",\"@id\":\"https:\/\/www.bagnoitalia.com\/de#\/schema\/logo\/image\/\",\"url\":\"https:\/\/img.bagnoitalia.com\/wp-content\/uploads\/logo-bagnoitalia.webp\",\"contentUrl\":\"https:\/\/img.bagnoitalia.com\/wp-content\/uploads\/logo-bagnoitalia.webp\",\"width\":400,\"height\":70,\"caption\":\"Bagno Italia\"},\"image\":{\"@id\":\"https:\/\/www.bagnoitalia.com\/de#\/schema\/logo\/image\/\"}}]}<\/script>\n<!-- \/ Yoast SEO plugin. -->","yoast_head_json":{"title":"Moderne Magic Badezimmerm\u00f6bel, in 20 Farben bb","description":"Moderne magische lackierte moderne Badezimmerm\u00f6bel, komplett mit 80 cm Waschbecken aus Keramik und 80 x 60 cm Spiegel mit Applikation. Erh\u00e4ltlich in 20 Farben - Bagno Italia","robots":{"index":"index","follow":"follow","max-snippet":"max-snippet:-1","max-image-preview":"max-image-preview:large","max-video-preview":"max-video-preview:-1"},"canonical":"https:\/\/www.bagnoitalia.com\/de\/produkt\/badmobel-magic-80x40-cm-in-25-farben-mit-einer-oder-zwei-schubladen.html","og_locale":"de_DE","og_type":"article","og_title":"Moderne Magic Badezimmerm\u00f6bel, in 20 Farben bb","og_description":"Moderne magische lackierte moderne Badezimmerm\u00f6bel, komplett mit 80 cm Waschbecken aus Keramik und 80 x 60 cm Spiegel mit Applikation. Erh\u00e4ltlich in 20 Farben - Bagno Italia","og_url":"https:\/\/www.bagnoitalia.com\/de\/produkt\/badmobel-magic-80x40-cm-in-25-farben-mit-einer-oder-zwei-schubladen.html","og_site_name":"Bagno Italia","article_modified_time":"2025-02-20T11:28:44+00:00","og_image":[{"width":565,"height":565,"url":"https:\/\/img.bagnoitalia.com\/wp-content\/uploads\/virtuemart\/product\/80x40cn-bathroom-vanity-Magic-1_1542299628_5.jpg","type":"image\/jpeg"}],"twitter_card":"summary_large_image","twitter_misc":{"Gesch\u00e4tzte Lesezeit":"2\u00a0Minuten"},"schema":{"@context":"https:\/\/schema.org","@graph":[{"@type":"WebPage","@id":"https:\/\/www.bagnoitalia.com\/de\/produkt\/badmobel-magic-80x40-cm-in-25-farben-mit-einer-oder-zwei-schubladen.html","url":"https:\/\/www.bagnoitalia.com\/de\/produkt\/badmobel-magic-80x40-cm-in-25-farben-mit-einer-oder-zwei-schubladen.html","name":"Moderne Magic Badezimmerm\u00f6bel, in 20 Farben bb","isPartOf":{"@id":"https:\/\/www.bagnoitalia.com\/de#website"},"primaryImageOfPage":{"@id":"https:\/\/www.bagnoitalia.com\/de\/produkt\/badmobel-magic-80x40-cm-in-25-farben-mit-einer-oder-zwei-schubladen.html#primaryimage"},"image":{"@id":"https:\/\/www.bagnoitalia.com\/de\/produkt\/badmobel-magic-80x40-cm-in-25-farben-mit-einer-oder-zwei-schubladen.html#primaryimage"},"thumbnailUrl":"https:\/\/img.bagnoitalia.com\/wp-content\/uploads\/virtuemart\/product\/80x40cn-bathroom-vanity-Magic-1_1542299628_5.jpg","datePublished":"2014-03-31T07:52:45+00:00","dateModified":"2025-02-20T11:28:44+00:00","description":"Moderne magische lackierte moderne Badezimmerm\u00f6bel, komplett mit 80 cm Waschbecken aus Keramik und 80 x 60 cm Spiegel mit Applikation. Erh\u00e4ltlich in 20 Farben - Bagno Italia","breadcrumb":{"@id":"https:\/\/www.bagnoitalia.com\/de\/produkt\/badmobel-magic-80x40-cm-in-25-farben-mit-einer-oder-zwei-schubladen.html#breadcrumb"},"inLanguage":"de","potentialAction":[{"@type":"ReadAction","target":["https:\/\/www.bagnoitalia.com\/de\/produkt\/badmobel-magic-80x40-cm-in-25-farben-mit-einer-oder-zwei-schubladen.html"]}]},{"@type":"ImageObject","inLanguage":"de","@id":"https:\/\/www.bagnoitalia.com\/de\/produkt\/badmobel-magic-80x40-cm-in-25-farben-mit-einer-oder-zwei-schubladen.html#primaryimage","url":"https:\/\/img.bagnoitalia.com\/wp-content\/uploads\/virtuemart\/product\/80x40cn-bathroom-vanity-Magic-1_1542299628_5.jpg","contentUrl":"https:\/\/img.bagnoitalia.com\/wp-content\/uploads\/virtuemart\/product\/80x40cn-bathroom-vanity-Magic-1_1542299628_5.jpg","width":565,"height":565},{"@type":"BreadcrumbList","@id":"https:\/\/www.bagnoitalia.com\/de\/produkt\/badmobel-magic-80x40-cm-in-25-farben-mit-einer-oder-zwei-schubladen.html#breadcrumb","itemListElement":[{"@type":"ListItem","position":1,"name":"Home","item":"https:\/\/www.bagnoitalia.com\/de"},{"@type":"ListItem","position":2,"name":"Produkte","item":"https:\/\/www.bagnoitalia.com\/de\/shop"},{"@type":"ListItem","position":3,"name":"Magic Badschrank, 80x40cm, in 25 verschiedenen Farben, mit einer oder zwei Schubladen"}]},{"@type":"WebSite","@id":"https:\/\/www.bagnoitalia.com\/de#website","url":"https:\/\/www.bagnoitalia.com\/de","name":"Bagno Italia","description":"","publisher":{"@id":"https:\/\/www.bagnoitalia.com\/de#organization"},"potentialAction":[{"@type":"SearchAction","target":{"@type":"EntryPoint","urlTemplate":"https:\/\/www.bagnoitalia.com\/de?s={search_term_string}"},"query-input":{"@type":"PropertyValueSpecification","valueRequired":true,"valueName":"search_term_string"}}],"inLanguage":"de"},{"@type":"Organization","@id":"https:\/\/www.bagnoitalia.com\/de#organization","name":"Bagno Italia","url":"https:\/\/www.bagnoitalia.com\/de","logo":{"@type":"ImageObject","inLanguage":"de","@id":"https:\/\/www.bagnoitalia.com\/de#\/schema\/logo\/image\/","url":"https:\/\/img.bagnoitalia.com\/wp-content\/uploads\/logo-bagnoitalia.webp","contentUrl":"https:\/\/img.bagnoitalia.com\/wp-content\/uploads\/logo-bagnoitalia.webp","width":400,"height":70,"caption":"Bagno Italia"},"image":{"@id":"https:\/\/www.bagnoitalia.com\/de#\/schema\/logo\/image\/"}}]}},"_links":{"self":[{"href":"https:\/\/www.bagnoitalia.com\/de\/wp-json\/wp\/v2\/product\/77231","targetHints":{"allow":["GET"]}}],"collection":[{"href":"https:\/\/www.bagnoitalia.com\/de\/wp-json\/wp\/v2\/product"}],"about":[{"href":"https:\/\/www.bagnoitalia.com\/de\/wp-json\/wp\/v2\/types\/product"}],"replies":[{"embeddable":true,"href":"https:\/\/www.bagnoitalia.com\/de\/wp-json\/wp\/v2\/comments?post=77231"}],"version-history":[{"count":1,"href":"https:\/\/www.bagnoitalia.com\/de\/wp-json\/wp\/v2\/product\/77231\/revisions"}],"predecessor-version":[{"id":90117,"href":"https:\/\/www.bagnoitalia.com\/de\/wp-json\/wp\/v2\/product\/77231\/revisions\/90117"}],"wp:featuredmedia":[{"embeddable":true,"href":"https:\/\/www.bagnoitalia.com\/de\/wp-json\/wp\/v2\/media\/10826"}],"wp:attachment":[{"href":"https:\/\/www.bagnoitalia.com\/de\/wp-json\/wp\/v2\/media?parent=77231"}],"wp:term":[{"taxonomy":"product_brand","embeddable":true,"href":"https:\/\/www.bagnoitalia.com\/de\/wp-json\/wp\/v2\/product_brand?post=77231"},{"taxonomy":"product_cat","embeddable":true,"href":"https:\/\/www.bagnoitalia.com\/de\/wp-json\/wp\/v2\/product_cat?post=77231"},{"taxonomy":"product_tag","embeddable":true,"href":"https:\/\/www.bagnoitalia.com\/de\/wp-json\/wp\/v2\/product_tag?post=77231"}],"curies":[{"name":"wp","href":"https:\/\/api.w.org\/{rel}","templated":true}]}}