{"id":77207,"date":"2010-04-13T22:35:44","date_gmt":"2010-04-13T20:35:44","guid":{"rendered":"https:\/\/www.bagnoitalia.com\/product\/cleo-badezimmerschrank-80-30-cm-mit-weis-unterlegter-spule"},"modified":"2025-12-11T09:50:51","modified_gmt":"2025-12-11T08:50:51","slug":"cleo-badezimmerschrank-80-30-cm-mit-weis-unterlegter-spule","status":"publish","type":"product","link":"https:\/\/www.bagnoitalia.com\/de\/produkt\/cleo-badezimmerschrank-80-30-cm-mit-weis-unterlegter-spule.html","title":{"rendered":"Cleo Badschrank 80cm, mit 30cm Schranks\u00e4ule, mit Unterbauwaschbecken, in wei\u00df gl\u00e4nzend"},"content":{"rendered":"<p><strong>Der Preis beinhaltet:<\/strong><\/p>\n<p>1 Badschrank: 80cm<\/p>\n<p>1 Keramikwaschbecken<\/p>\n<p>1 Platte aus wei\u00dfem Marmor Carrara: 81cm<\/p>\n<p>1 Spiegel: 80x103cm<\/p>\n<p>1 Dach mit Halogenbeleuchtung und Schalter<\/p>\n<p>&nbsp;<\/p>\n<p><strong>Die 30cm Schranks\u00e4ule mit integrierten Glasb\u00f6den ist NICHT im oben angegebenen Preis enthalten, kann aber \u00fcber das Men\u00fc beigef\u00fcgt werden.\u00a0<\/strong><\/p>\n<p><strong>Material:<\/strong><\/p>\n<p>Badschrank: MDF<\/p>\n<p>T\u00fcren: MDF (Mediodensit), lackiert<\/p>\n<p>Waschbecken: Keramik<\/p>\n<p>Griffe: Chrom, poliert<\/p>\n<p>F\u00fchrungen: Metall<\/p>\n<p><strong>ACHTUNG: DIE 190 CM LANGE S\u00c4ULE HAT KEINEN GRIFF, WIE AUF DEM UNTENSTEHENDEN ABBILD ZU SEHEN:<\/strong><\/p>\n<p><img fetchpriority=\"high\" decoding=\"async\" class=\"alignnone size-full wp-image-118595\" src=\"https:\/\/img.bagnoitalia.it\/wp-content\/uploads\/colonna-alta-ante-cassetti-bianca.jpg\" sizes=\"(max-width: 550px) 100vw, 550px\" srcset=\"https:\/\/img.bagnoitalia.it\/wp-content\/uploads\/colonna-alta-ante-cassetti-bianca.jpg 550w, https:\/\/img.bagnoitalia.it\/wp-content\/uploads\/colonna-alta-ante-cassetti-bianca-441x441.jpg 441w, https:\/\/img.bagnoitalia.it\/wp-content\/uploads\/colonna-alta-ante-cassetti-bianca-100x100.jpg 100w, https:\/\/img.bagnoitalia.it\/wp-content\/uploads\/colonna-alta-ante-cassetti-bianca-150x150.jpg 150w\" alt=\"\" width=\"550\" height=\"550\" \/><\/p>\n<p>&nbsp;<\/p>\n","protected":false},"excerpt":{"rendered":"<p>Cleo 80 Glossy White Bathroom Cabinet &#8211; Komplett mit Schrank, Keramikwaschbecken, Spiegel, Tettino mit Beleuchtung und Top in Marmor Bianco Carrara<\/p>\n","protected":false},"featured_media":10666,"comment_status":"open","ping_status":"closed","template":"","meta":[],"product_brand":[9898],"product_cat":[9660],"product_tag":[],"class_list":{"0":"post-77207","1":"product","2":"type-product","3":"status-publish","4":"has-post-thumbnail","6":"product_brand-baden-haus-de","7":"product_cat-badmobel-gunstig","9":"first","10":"instock","11":"sale","12":"taxable","13":"shipping-taxable","14":"purchasable","15":"product-type-simple"},"exclude_global_add_ons":false,"addons":[{"name":"Unterschrank 80 cm","type":"multiple_choice","position":0,"required":true,"title_format":"heading","default":"","description_enable":false,"description":"","placeholder_enable":false,"placeholder":"","display":"select","restrictions_type":"any_text","adjust_price":false,"price":"","price_type":"flat_fee","restrictions":false,"min":"0","max":"0","options":[{"label":"mit 2 T\u00fcren und 3 Schubladen Sockel","price":"","price_type":"quantity_based","image":0,"visibility":true}],"id":1718705003},{"name":"Waschtisch","type":"multiple_choice","position":1,"required":true,"title_format":"heading","default":"","description_enable":false,"description":"","placeholder_enable":false,"placeholder":"","display":"select","restrictions_type":"any_text","adjust_price":false,"price":"","price_type":"flat_fee","restrictions":false,"min":"0","max":"0","options":[{"label":"Keramik","price":"","price_type":"quantity_based","image":0,"visibility":true}],"id":1718705004},{"name":"Spiegel","type":"multiple_choice","position":2,"required":true,"title_format":"heading","default":"","description_enable":false,"description":"","placeholder_enable":false,"placeholder":"","display":"select","restrictions_type":"any_text","adjust_price":false,"price":"","price_type":"flat_fee","restrictions":false,"min":"0","max":"0","options":[{"label":"Rechteckig 80x103 mit Dach","price":"","price_type":"quantity_based","image":0,"visibility":true},{"label":"mit Glasb\u00f6den","price":"31","price_type":"quantity_based","image":0,"visibility":true},{"label":"mit rechtsseitigem Oberschrank","price":"33","price_type":"quantity_based","image":0,"visibility":true},{"label":"mit linker Schrankwand","price":"33","price_type":"quantity_based","image":0,"visibility":true},{"label":"ohne Spiegel","price":"-53","price_type":"quantity_based","image":0,"visibility":true}],"id":1718705005},{"name":"Marmorplatte","type":"multiple_choice","position":3,"required":true,"title_format":"heading","default":"","description_enable":false,"description":"","placeholder_enable":false,"placeholder":"","display":"select","restrictions_type":"any_text","adjust_price":false,"price":"","price_type":"flat_fee","restrictions":false,"min":"0","max":"0","options":[{"label":"Carrara wei\u00df","price":"","price_type":"quantity_based","image":0,"visibility":true}],"id":1718705006},{"name":"Halbpodest 30 cm","type":"multiple_choice","position":4,"required":true,"title_format":"heading","default":"","description_enable":false,"description":"","placeholder_enable":false,"placeholder":"","display":"select","restrictions_type":"any_text","adjust_price":false,"price":"","price_type":"flat_fee","restrictions":false,"min":"0","max":"0","options":[{"label":"ohne Halbs\u00e4ulenschrank mit Einlegeb\u00f6den","price":"","price_type":"quantity_based","image":0,"visibility":true},{"label":"Halbs\u00e4ulenschrank mit Einlegeb\u00f6den","price":"150","price_type":"quantity_based","image":0,"visibility":true}],"id":1718705007}],"yoast_head":"<!-- This site is optimized with the Yoast SEO plugin v26.7 - https:\/\/yoast.com\/wordpress\/plugins\/seo\/ -->\n<title>Cleo 80 White Bathroom Cabinet Komplett mit Keramikwaschtisch bh<\/title>\n<meta name=\"description\" content=\"Cleo 80 Glossy White Bathroom Cabinet - Komplett mit Schrank, Keramikwaschbecken, Spiegel, Tettino mit Beleuchtung und Top in Marmor Bianco Carrara\" \/>\n<meta name=\"robots\" content=\"index, follow, max-snippet:-1, max-image-preview:large, max-video-preview:-1\" \/>\n<link rel=\"canonical\" href=\"https:\/\/www.bagnoitalia.com\/de\/produkt\/cleo-badezimmerschrank-80-30-cm-mit-weis-unterlegter-spule.html\" \/>\n<meta property=\"og:locale\" content=\"de_DE\" \/>\n<meta property=\"og:type\" content=\"article\" \/>\n<meta property=\"og:title\" content=\"Cleo 80 White Bathroom Cabinet Komplett mit Keramikwaschtisch bh\" \/>\n<meta property=\"og:description\" content=\"Cleo 80 Glossy White Bathroom Cabinet - Komplett mit Schrank, Keramikwaschbecken, Spiegel, Tettino mit Beleuchtung und Top in Marmor Bianco Carrara\" \/>\n<meta property=\"og:url\" content=\"https:\/\/www.bagnoitalia.com\/de\/produkt\/cleo-badezimmerschrank-80-30-cm-mit-weis-unterlegter-spule.html\" \/>\n<meta property=\"og:site_name\" content=\"Bagno Italia\" \/>\n<meta property=\"article:modified_time\" content=\"2025-12-11T08:50:51+00:00\" \/>\n<meta property=\"og:image\" content=\"https:\/\/img.bagnoitalia.com\/wp-content\/uploads\/virtuemart\/product\/Bathroom-white-80-30-cm-washbasin-Cleo-model-5648_1542706652_389.png\" \/>\n\t<meta property=\"og:image:width\" content=\"640\" \/>\n\t<meta property=\"og:image:height\" content=\"640\" \/>\n\t<meta property=\"og:image:type\" content=\"image\/png\" \/>\n<meta name=\"twitter:card\" content=\"summary_large_image\" \/>\n<meta name=\"twitter:label1\" content=\"Gesch\u00e4tzte Lesezeit\" \/>\n\t<meta name=\"twitter:data1\" content=\"1\u00a0Minute\" \/>\n<script type=\"application\/ld+json\" class=\"yoast-schema-graph\">{\"@context\":\"https:\/\/schema.org\",\"@graph\":[{\"@type\":\"WebPage\",\"@id\":\"https:\/\/www.bagnoitalia.com\/de\/produkt\/cleo-badezimmerschrank-80-30-cm-mit-weis-unterlegter-spule.html\",\"url\":\"https:\/\/www.bagnoitalia.com\/de\/produkt\/cleo-badezimmerschrank-80-30-cm-mit-weis-unterlegter-spule.html\",\"name\":\"Cleo 80 White Bathroom Cabinet Komplett mit Keramikwaschtisch bh\",\"isPartOf\":{\"@id\":\"https:\/\/www.bagnoitalia.com\/de#website\"},\"primaryImageOfPage\":{\"@id\":\"https:\/\/www.bagnoitalia.com\/de\/produkt\/cleo-badezimmerschrank-80-30-cm-mit-weis-unterlegter-spule.html#primaryimage\"},\"image\":{\"@id\":\"https:\/\/www.bagnoitalia.com\/de\/produkt\/cleo-badezimmerschrank-80-30-cm-mit-weis-unterlegter-spule.html#primaryimage\"},\"thumbnailUrl\":\"https:\/\/img.bagnoitalia.com\/wp-content\/uploads\/virtuemart\/product\/Bathroom-white-80-30-cm-washbasin-Cleo-model-5648_1542706652_389.png\",\"datePublished\":\"2010-04-13T20:35:44+00:00\",\"dateModified\":\"2025-12-11T08:50:51+00:00\",\"description\":\"Cleo 80 Glossy White Bathroom Cabinet - Komplett mit Schrank, Keramikwaschbecken, Spiegel, Tettino mit Beleuchtung und Top in Marmor Bianco Carrara\",\"breadcrumb\":{\"@id\":\"https:\/\/www.bagnoitalia.com\/de\/produkt\/cleo-badezimmerschrank-80-30-cm-mit-weis-unterlegter-spule.html#breadcrumb\"},\"inLanguage\":\"de\",\"potentialAction\":[{\"@type\":\"ReadAction\",\"target\":[\"https:\/\/www.bagnoitalia.com\/de\/produkt\/cleo-badezimmerschrank-80-30-cm-mit-weis-unterlegter-spule.html\"]}]},{\"@type\":\"ImageObject\",\"inLanguage\":\"de\",\"@id\":\"https:\/\/www.bagnoitalia.com\/de\/produkt\/cleo-badezimmerschrank-80-30-cm-mit-weis-unterlegter-spule.html#primaryimage\",\"url\":\"https:\/\/img.bagnoitalia.com\/wp-content\/uploads\/virtuemart\/product\/Bathroom-white-80-30-cm-washbasin-Cleo-model-5648_1542706652_389.png\",\"contentUrl\":\"https:\/\/img.bagnoitalia.com\/wp-content\/uploads\/virtuemart\/product\/Bathroom-white-80-30-cm-washbasin-Cleo-model-5648_1542706652_389.png\",\"width\":640,\"height\":640},{\"@type\":\"BreadcrumbList\",\"@id\":\"https:\/\/www.bagnoitalia.com\/de\/produkt\/cleo-badezimmerschrank-80-30-cm-mit-weis-unterlegter-spule.html#breadcrumb\",\"itemListElement\":[{\"@type\":\"ListItem\",\"position\":1,\"name\":\"Home\",\"item\":\"https:\/\/www.bagnoitalia.com\/de\"},{\"@type\":\"ListItem\",\"position\":2,\"name\":\"Produkte\",\"item\":\"https:\/\/www.bagnoitalia.com\/de\/shop\"},{\"@type\":\"ListItem\",\"position\":3,\"name\":\"Cleo Badschrank 80cm, mit 30cm Schranks\u00e4ule, mit Unterbauwaschbecken, in wei\u00df gl\u00e4nzend\"}]},{\"@type\":\"WebSite\",\"@id\":\"https:\/\/www.bagnoitalia.com\/de#website\",\"url\":\"https:\/\/www.bagnoitalia.com\/de\",\"name\":\"Bagno Italia\",\"description\":\"\",\"publisher\":{\"@id\":\"https:\/\/www.bagnoitalia.com\/de#organization\"},\"potentialAction\":[{\"@type\":\"SearchAction\",\"target\":{\"@type\":\"EntryPoint\",\"urlTemplate\":\"https:\/\/www.bagnoitalia.com\/de?s={search_term_string}\"},\"query-input\":{\"@type\":\"PropertyValueSpecification\",\"valueRequired\":true,\"valueName\":\"search_term_string\"}}],\"inLanguage\":\"de\"},{\"@type\":\"Organization\",\"@id\":\"https:\/\/www.bagnoitalia.com\/de#organization\",\"name\":\"Bagno Italia\",\"url\":\"https:\/\/www.bagnoitalia.com\/de\",\"logo\":{\"@type\":\"ImageObject\",\"inLanguage\":\"de\",\"@id\":\"https:\/\/www.bagnoitalia.com\/de#\/schema\/logo\/image\/\",\"url\":\"https:\/\/img.bagnoitalia.com\/wp-content\/uploads\/logo-bagnoitalia.webp\",\"contentUrl\":\"https:\/\/img.bagnoitalia.com\/wp-content\/uploads\/logo-bagnoitalia.webp\",\"width\":400,\"height\":70,\"caption\":\"Bagno Italia\"},\"image\":{\"@id\":\"https:\/\/www.bagnoitalia.com\/de#\/schema\/logo\/image\/\"}}]}<\/script>\n<!-- \/ Yoast SEO plugin. -->","yoast_head_json":{"title":"Cleo 80 White Bathroom Cabinet Komplett mit Keramikwaschtisch bh","description":"Cleo 80 Glossy White Bathroom Cabinet - Komplett mit Schrank, Keramikwaschbecken, Spiegel, Tettino mit Beleuchtung und Top in Marmor Bianco Carrara","robots":{"index":"index","follow":"follow","max-snippet":"max-snippet:-1","max-image-preview":"max-image-preview:large","max-video-preview":"max-video-preview:-1"},"canonical":"https:\/\/www.bagnoitalia.com\/de\/produkt\/cleo-badezimmerschrank-80-30-cm-mit-weis-unterlegter-spule.html","og_locale":"de_DE","og_type":"article","og_title":"Cleo 80 White Bathroom Cabinet Komplett mit Keramikwaschtisch bh","og_description":"Cleo 80 Glossy White Bathroom Cabinet - Komplett mit Schrank, Keramikwaschbecken, Spiegel, Tettino mit Beleuchtung und Top in Marmor Bianco Carrara","og_url":"https:\/\/www.bagnoitalia.com\/de\/produkt\/cleo-badezimmerschrank-80-30-cm-mit-weis-unterlegter-spule.html","og_site_name":"Bagno Italia","article_modified_time":"2025-12-11T08:50:51+00:00","og_image":[{"width":640,"height":640,"url":"https:\/\/img.bagnoitalia.com\/wp-content\/uploads\/virtuemart\/product\/Bathroom-white-80-30-cm-washbasin-Cleo-model-5648_1542706652_389.png","type":"image\/png"}],"twitter_card":"summary_large_image","twitter_misc":{"Gesch\u00e4tzte Lesezeit":"1\u00a0Minute"},"schema":{"@context":"https:\/\/schema.org","@graph":[{"@type":"WebPage","@id":"https:\/\/www.bagnoitalia.com\/de\/produkt\/cleo-badezimmerschrank-80-30-cm-mit-weis-unterlegter-spule.html","url":"https:\/\/www.bagnoitalia.com\/de\/produkt\/cleo-badezimmerschrank-80-30-cm-mit-weis-unterlegter-spule.html","name":"Cleo 80 White Bathroom Cabinet Komplett mit Keramikwaschtisch bh","isPartOf":{"@id":"https:\/\/www.bagnoitalia.com\/de#website"},"primaryImageOfPage":{"@id":"https:\/\/www.bagnoitalia.com\/de\/produkt\/cleo-badezimmerschrank-80-30-cm-mit-weis-unterlegter-spule.html#primaryimage"},"image":{"@id":"https:\/\/www.bagnoitalia.com\/de\/produkt\/cleo-badezimmerschrank-80-30-cm-mit-weis-unterlegter-spule.html#primaryimage"},"thumbnailUrl":"https:\/\/img.bagnoitalia.com\/wp-content\/uploads\/virtuemart\/product\/Bathroom-white-80-30-cm-washbasin-Cleo-model-5648_1542706652_389.png","datePublished":"2010-04-13T20:35:44+00:00","dateModified":"2025-12-11T08:50:51+00:00","description":"Cleo 80 Glossy White Bathroom Cabinet - Komplett mit Schrank, Keramikwaschbecken, Spiegel, Tettino mit Beleuchtung und Top in Marmor Bianco Carrara","breadcrumb":{"@id":"https:\/\/www.bagnoitalia.com\/de\/produkt\/cleo-badezimmerschrank-80-30-cm-mit-weis-unterlegter-spule.html#breadcrumb"},"inLanguage":"de","potentialAction":[{"@type":"ReadAction","target":["https:\/\/www.bagnoitalia.com\/de\/produkt\/cleo-badezimmerschrank-80-30-cm-mit-weis-unterlegter-spule.html"]}]},{"@type":"ImageObject","inLanguage":"de","@id":"https:\/\/www.bagnoitalia.com\/de\/produkt\/cleo-badezimmerschrank-80-30-cm-mit-weis-unterlegter-spule.html#primaryimage","url":"https:\/\/img.bagnoitalia.com\/wp-content\/uploads\/virtuemart\/product\/Bathroom-white-80-30-cm-washbasin-Cleo-model-5648_1542706652_389.png","contentUrl":"https:\/\/img.bagnoitalia.com\/wp-content\/uploads\/virtuemart\/product\/Bathroom-white-80-30-cm-washbasin-Cleo-model-5648_1542706652_389.png","width":640,"height":640},{"@type":"BreadcrumbList","@id":"https:\/\/www.bagnoitalia.com\/de\/produkt\/cleo-badezimmerschrank-80-30-cm-mit-weis-unterlegter-spule.html#breadcrumb","itemListElement":[{"@type":"ListItem","position":1,"name":"Home","item":"https:\/\/www.bagnoitalia.com\/de"},{"@type":"ListItem","position":2,"name":"Produkte","item":"https:\/\/www.bagnoitalia.com\/de\/shop"},{"@type":"ListItem","position":3,"name":"Cleo Badschrank 80cm, mit 30cm Schranks\u00e4ule, mit Unterbauwaschbecken, in wei\u00df gl\u00e4nzend"}]},{"@type":"WebSite","@id":"https:\/\/www.bagnoitalia.com\/de#website","url":"https:\/\/www.bagnoitalia.com\/de","name":"Bagno Italia","description":"","publisher":{"@id":"https:\/\/www.bagnoitalia.com\/de#organization"},"potentialAction":[{"@type":"SearchAction","target":{"@type":"EntryPoint","urlTemplate":"https:\/\/www.bagnoitalia.com\/de?s={search_term_string}"},"query-input":{"@type":"PropertyValueSpecification","valueRequired":true,"valueName":"search_term_string"}}],"inLanguage":"de"},{"@type":"Organization","@id":"https:\/\/www.bagnoitalia.com\/de#organization","name":"Bagno Italia","url":"https:\/\/www.bagnoitalia.com\/de","logo":{"@type":"ImageObject","inLanguage":"de","@id":"https:\/\/www.bagnoitalia.com\/de#\/schema\/logo\/image\/","url":"https:\/\/img.bagnoitalia.com\/wp-content\/uploads\/logo-bagnoitalia.webp","contentUrl":"https:\/\/img.bagnoitalia.com\/wp-content\/uploads\/logo-bagnoitalia.webp","width":400,"height":70,"caption":"Bagno Italia"},"image":{"@id":"https:\/\/www.bagnoitalia.com\/de#\/schema\/logo\/image\/"}}]}},"_links":{"self":[{"href":"https:\/\/www.bagnoitalia.com\/de\/wp-json\/wp\/v2\/product\/77207","targetHints":{"allow":["GET"]}}],"collection":[{"href":"https:\/\/www.bagnoitalia.com\/de\/wp-json\/wp\/v2\/product"}],"about":[{"href":"https:\/\/www.bagnoitalia.com\/de\/wp-json\/wp\/v2\/types\/product"}],"replies":[{"embeddable":true,"href":"https:\/\/www.bagnoitalia.com\/de\/wp-json\/wp\/v2\/comments?post=77207"}],"version-history":[{"count":3,"href":"https:\/\/www.bagnoitalia.com\/de\/wp-json\/wp\/v2\/product\/77207\/revisions"}],"predecessor-version":[{"id":115152,"href":"https:\/\/www.bagnoitalia.com\/de\/wp-json\/wp\/v2\/product\/77207\/revisions\/115152"}],"wp:featuredmedia":[{"embeddable":true,"href":"https:\/\/www.bagnoitalia.com\/de\/wp-json\/wp\/v2\/media\/10666"}],"wp:attachment":[{"href":"https:\/\/www.bagnoitalia.com\/de\/wp-json\/wp\/v2\/media?parent=77207"}],"wp:term":[{"taxonomy":"product_brand","embeddable":true,"href":"https:\/\/www.bagnoitalia.com\/de\/wp-json\/wp\/v2\/product_brand?post=77207"},{"taxonomy":"product_cat","embeddable":true,"href":"https:\/\/www.bagnoitalia.com\/de\/wp-json\/wp\/v2\/product_cat?post=77207"},{"taxonomy":"product_tag","embeddable":true,"href":"https:\/\/www.bagnoitalia.com\/de\/wp-json\/wp\/v2\/product_tag?post=77207"}],"curies":[{"name":"wp","href":"https:\/\/api.w.org\/{rel}","templated":true}]}}